{"id":9045,"date":"2013-08-11T19:22:53","date_gmt":"2013-08-11T19:22:53","guid":{"rendered":"http:\/\/localhost:8888\/test\/?page_id=532"},"modified":"2025-01-07T12:27:05","modified_gmt":"2025-01-07T15:27:05","slug":"contato","status":"publish","type":"page","link":"https:\/\/aprovacao.website\/sysfort\/contato\/","title":{"rendered":"Contato"},"content":{"rendered":"\t<section class=\"section\" id=\"section_1336537867\">\n\t\t<div class=\"bg section-bg fill bg-fill  bg-loaded\" >\n\n\t\t\t\n\t\t\t\n\t\t\t\n\n\t\t<\/div>\n\n\t\t<div class=\"section-content relative\">\n\t\t\t\n<p>&lt;iframe src=&#8221;https:\/\/www.google.com\/maps\/embed?pb=!1m18!1m12!1m3!1d3658.0964821727525!2d-46.739764799999996!3d-23.529032!2m3!1f0!2f0!3f0!3m2!1i1024!2i768!4f13.1!3m3!1m2!1s0x94cef8b7bb400001%3A0x7ab2146c9bf732d9!2sSysfort!5e0!3m2!1spt-BR!2sbr!4v1736262514834!5m2!1spt-BR!2sbr&#8221; width=&#8221;1400&#8243; height=&#8221;300&#8243; style=&#8221;border:0;&#8221; allowfullscreen=&#8221;&#8221; loading=&#8221;lazy&#8221; referrerpolicy=&#8221;no-referrer-when-downgrade&#8221;&gt;&lt;\/iframe&gt;<\/p>\n\t\t<\/div>\n\n\t\t\n<style scope=\"scope\">\n\n#section_1336537867 {\n  padding-top: 30px;\n  padding-bottom: 30px;\n}\n<\/style>\n\t<\/section>\n\t\n<div class=\"row\"  id=\"row-1624588617\">\n\n\t<div class=\"col medium-6 large-6\"  >\n\t\t<div class=\"col-inner\"  >\n\t\t\t\n\t\t\t\n<div class=\"container section-title-container\" ><h3 class=\"section-title section-title-normal\"><b><\/b><span class=\"section-title-main\" >Perguntas e respostas frequentes<\/span><b><\/b><\/h3><\/div>\n<p class=\"lead\">Leia nossa FAQ antes de enviar sua d\u00favida.<\/p>\n<div class=\"accordion\" rel=\"\">\n<div class=\"accordion-item\"><a href=\"#\" class=\"accordion-title plain\"><button class=\"toggle\"><i class=\"icon-angle-down\"><\/i><\/button><span>Como fa\u00e7o para trabalhar na Sysfort?<\/span><\/a><div class=\"accordion-inner\">\n<p>Acesse o link RH para enviar seu curr\u00edculo e aguarde ser chamado. Eventualmente abrimos vagas espec\u00edficas e comunicamos em nossas redes sociais<\/p>\n<\/div><\/div>\n<div class=\"accordion-item\"><a href=\"#\" class=\"accordion-title plain\"><button class=\"toggle\"><i class=\"icon-angle-down\"><\/i><\/button><span>A Sysfort instala circuitos de CFTV?<\/span><\/a><div class=\"accordion-inner\">\n<p>N\u00e3o, a Sysfort n\u00e3o faz a instala\u00e7\u00e3o desses circuitos, apenas o Monitoramento atrav\u00e9s de profissionais especializados<\/p>\n<\/div><\/div>\n<div class=\"accordion-item\"><a href=\"#\" class=\"accordion-title plain\"><button class=\"toggle\"><i class=\"icon-angle-down\"><\/i><\/button><span>A Sysfort presta servi\u00e7os eventuais como seguran\u00e7a de eventos ou cobertura de f\u00e9rias, servi\u00e7os pontuais?<\/span><\/a><div class=\"accordion-inner\">\n<p>Sim, voc\u00ea pode nos consultar para servi\u00e7os avulsos ou mensais, conforme sua necessidade.<\/p>\n<\/div><\/div>\n<\/div>\n\t\t<\/div>\n\t<\/div>\n\n\t\n\n\t<div class=\"col medium-6 large-6\"  >\n\t\t<div class=\"col-inner\"  >\n\t\t\t\n\t\t\t\n<div class=\"container section-title-container\" ><h3 class=\"section-title section-title-normal\"><b><\/b><span class=\"section-title-main\" >Contate por e-mail<\/span><b><\/b><\/h3><\/div>\n\n<div class=\"wpcf7 no-js\" id=\"wpcf7-f5-o1\" lang=\"pt-BR\" dir=\"ltr\" data-wpcf7-id=\"5\">\n<div class=\"screen-reader-response\"><p role=\"status\" aria-live=\"polite\" aria-atomic=\"true\"><\/p> <ul><\/ul><\/div>\n<form action=\"\/sysfort\/wp-json\/wp\/v2\/pages\/9045#wpcf7-f5-o1\" method=\"post\" class=\"wpcf7-form init\" aria-label=\"Formul\u00e1rios de contato\" novalidate=\"novalidate\" data-status=\"init\">\n<fieldset class=\"hidden-fields-container\"><input type=\"hidden\" name=\"_wpcf7\" value=\"5\" \/><input type=\"hidden\" name=\"_wpcf7_version\" value=\"6.1.5\" \/><input type=\"hidden\" name=\"_wpcf7_locale\" value=\"pt_BR\" \/><input type=\"hidden\" name=\"_wpcf7_unit_tag\" value=\"wpcf7-f5-o1\" \/><input type=\"hidden\" name=\"_wpcf7_container_post\" value=\"0\" \/><input type=\"hidden\" name=\"_wpcf7_posted_data_hash\" value=\"\" \/>\n<\/fieldset>\n<p><label> Nome*<br \/>\n<span class=\"wpcf7-form-control-wrap\" data-name=\"your-name\"><input size=\"40\" maxlength=\"400\" class=\"wpcf7-form-control wpcf7-text wpcf7-validates-as-required\" aria-required=\"true\" aria-invalid=\"false\" value=\"\" type=\"text\" name=\"your-name\" \/><\/span> <\/label>\n<\/p>\n<p><label> Seu e-mail*<br \/>\n<span class=\"wpcf7-form-control-wrap\" data-name=\"your-email\"><input size=\"40\" maxlength=\"400\" class=\"wpcf7-form-control wpcf7-email wpcf7-validates-as-required wpcf7-text wpcf7-validates-as-email\" aria-required=\"true\" aria-invalid=\"false\" value=\"\" type=\"email\" name=\"your-email\" \/><\/span> <\/label>\n<\/p>\n<p><label> Telefone com DDD<br \/>\n<span class=\"wpcf7-form-control-wrap\" data-name=\"tel-637\"><input size=\"40\" maxlength=\"400\" class=\"wpcf7-form-control wpcf7-tel wpcf7-validates-as-required wpcf7-text wpcf7-validates-as-tel\" aria-required=\"true\" aria-invalid=\"false\" value=\"\" type=\"tel\" name=\"tel-637\" \/><\/span> <\/label>\n<\/p>\n<p><label> Servi\u00e7o de interesse*<\/label><br \/>\n<span class=\"wpcf7-form-control-wrap\" data-name=\"menu-9\"><select class=\"wpcf7-form-control wpcf7-select wpcf7-validates-as-required\" aria-required=\"true\" aria-invalid=\"false\" name=\"menu-9\"><option value=\"Ronda Patrimonial\">Ronda Patrimonial<\/option><option value=\"Portaria\">Portaria<\/option><option value=\"Limpeza\">Limpeza<\/option><option value=\"Enviar curr\u00edculo\">Enviar curr\u00edculo<\/option><option value=\"Outros\">Outros<\/option><\/select><\/span>\n<\/p>\n<p><label> Outras informa\u00e7\u00f5es que desejar acrescentar<br \/>\n<span class=\"wpcf7-form-control-wrap\" data-name=\"your-message\"><textarea cols=\"40\" rows=\"10\" maxlength=\"2000\" class=\"wpcf7-form-control wpcf7-textarea\" aria-invalid=\"false\" name=\"your-message\"><\/textarea><\/span> <\/label>\n<\/p>\n<p><input class=\"wpcf7-form-control wpcf7-submit has-spinner\" type=\"submit\" value=\"Enviar\" \/>\n<\/p><div class=\"wpcf7-response-output\" aria-hidden=\"true\"><\/div>\n<\/form>\n<\/div>\n\n<p>Entraremos em contato o mais breve poss\u00edvel.<\/p>\n<div class=\"container section-title-container\" ><h3 class=\"section-title section-title-normal\"><b><\/b><span class=\"section-title-main\" >Consulte pelo Whatsapp<\/span><b><\/b><\/h3><\/div>\n<p><a href=\"https:\/\/wa.me\/5511940384906\">(11)940384906<\/a><\/p>\n<div class=\"social-icons follow-icons\" ><a href=\"https:\/\/www.facebook.com\/SysFort\" target=\"_blank\" data-label=\"Facebook\"  rel=\"noopener noreferrer nofollow\" class=\"icon button circle is-outline facebook tooltip\" title=\"Follow on Facebook\"><i class=\"icon-facebook\" ><\/i><\/a><a href=\"https:\/\/www.instagram.com\/sysfortoficial\/\" target=\"_blank\" rel=\"noopener noreferrer nofollow\" data-label=\"Instagram\" class=\"icon button circle is-outline  instagram tooltip\" title=\"Follow on Instagram\"><i class=\"icon-instagram\" ><\/i><\/a><a href=\"https:\/\/www.linkedin.com\/company\/sysfort\/\" target=\"_blank\" rel=\"noopener noreferrer nofollow\" data-label=\"LinkedIn\" class=\"icon button circle is-outline  linkedin tooltip\" title=\"Follow on LinkedIn\"><i class=\"icon-linkedin\" ><\/i><\/a><a href=\"https:\/\/www.youtube.com\/@sysfort926\" target=\"_blank\" rel=\"noopener noreferrer nofollow\" data-label=\"YouTube\" class=\"icon button circle is-outline  youtube tooltip\" title=\"Follow on YouTube\"><i class=\"icon-youtube\" ><\/i><\/a><\/div>\n\t\t<\/div>\n\t<\/div>\n\n\t\n<\/div>\n<p>\u00a0<\/p>\n","protected":false},"excerpt":{"rendered":"<p>\u00a0<\/p>\n","protected":false},"author":2,"featured_media":0,"parent":0,"menu_order":0,"comment_status":"closed","ping_status":"closed","template":"page-blank.php","meta":{"_joinchat":[],"footnotes":""},"class_list":["post-9045","page","type-page","status-publish","hentry"],"yoast_head":"<!-- This site is optimized with the Yoast SEO plugin v27.2 - https:\/\/yoast.com\/product\/yoast-seo-wordpress\/ -->\n<title>Contato - Sysfort<\/title>\n<meta name=\"robots\" content=\"index, follow, max-snippet:-1, max-image-preview:large, max-video-preview:-1\" \/>\n<link rel=\"canonical\" href=\"https:\/\/aprovacao.website\/sysfort\/contato\/\" \/>\n<meta property=\"og:locale\" content=\"pt_BR\" \/>\n<meta property=\"og:type\" content=\"article\" \/>\n<meta property=\"og:title\" content=\"Contato - Sysfort\" \/>\n<meta property=\"og:description\" content=\"\u00a0\" \/>\n<meta property=\"og:url\" content=\"https:\/\/aprovacao.website\/sysfort\/contato\/\" \/>\n<meta property=\"og:site_name\" content=\"Sysfort\" \/>\n<meta property=\"article:modified_time\" content=\"2025-01-07T15:27:05+00:00\" \/>\n<meta name=\"twitter:card\" content=\"summary_large_image\" \/>\n<meta name=\"twitter:label1\" content=\"Est. tempo de leitura\" \/>\n\t<meta name=\"twitter:data1\" content=\"1 minuto\" \/>\n<script type=\"application\/ld+json\" class=\"yoast-schema-graph\">{\"@context\":\"https:\/\/schema.org\",\"@graph\":[{\"@type\":\"WebPage\",\"@id\":\"https:\/\/aprovacao.website\/sysfort\/contato\/\",\"url\":\"https:\/\/aprovacao.website\/sysfort\/contato\/\",\"name\":\"Contato - Sysfort\",\"isPartOf\":{\"@id\":\"https:\/\/aprovacao.website\/sysfort\/#website\"},\"datePublished\":\"2013-08-11T19:22:53+00:00\",\"dateModified\":\"2025-01-07T15:27:05+00:00\",\"breadcrumb\":{\"@id\":\"https:\/\/aprovacao.website\/sysfort\/contato\/#breadcrumb\"},\"inLanguage\":\"pt-BR\",\"potentialAction\":[{\"@type\":\"ReadAction\",\"target\":[\"https:\/\/aprovacao.website\/sysfort\/contato\/\"]}]},{\"@type\":\"BreadcrumbList\",\"@id\":\"https:\/\/aprovacao.website\/sysfort\/contato\/#breadcrumb\",\"itemListElement\":[{\"@type\":\"ListItem\",\"position\":1,\"name\":\"Home\",\"item\":\"https:\/\/aprovacao.website\/sysfort\/\"},{\"@type\":\"ListItem\",\"position\":2,\"name\":\"Contato\"}]},{\"@type\":\"WebSite\",\"@id\":\"https:\/\/aprovacao.website\/sysfort\/#website\",\"url\":\"https:\/\/aprovacao.website\/sysfort\/\",\"name\":\"Sysfort\",\"description\":\"Portaria, Limpeza e Seguran\u00e7a para Empresas e Condom\u00ednios\",\"potentialAction\":[{\"@type\":\"SearchAction\",\"target\":{\"@type\":\"EntryPoint\",\"urlTemplate\":\"https:\/\/aprovacao.website\/sysfort\/?s={search_term_string}\"},\"query-input\":{\"@type\":\"PropertyValueSpecification\",\"valueRequired\":true,\"valueName\":\"search_term_string\"}}],\"inLanguage\":\"pt-BR\"}]}<\/script>\n<!-- \/ Yoast SEO plugin. -->","yoast_head_json":{"title":"Contato - Sysfort","robots":{"index":"index","follow":"follow","max-snippet":"max-snippet:-1","max-image-preview":"max-image-preview:large","max-video-preview":"max-video-preview:-1"},"canonical":"https:\/\/aprovacao.website\/sysfort\/contato\/","og_locale":"pt_BR","og_type":"article","og_title":"Contato - Sysfort","og_description":"\u00a0","og_url":"https:\/\/aprovacao.website\/sysfort\/contato\/","og_site_name":"Sysfort","article_modified_time":"2025-01-07T15:27:05+00:00","twitter_card":"summary_large_image","twitter_misc":{"Est. tempo de leitura":"1 minuto"},"schema":{"@context":"https:\/\/schema.org","@graph":[{"@type":"WebPage","@id":"https:\/\/aprovacao.website\/sysfort\/contato\/","url":"https:\/\/aprovacao.website\/sysfort\/contato\/","name":"Contato - Sysfort","isPartOf":{"@id":"https:\/\/aprovacao.website\/sysfort\/#website"},"datePublished":"2013-08-11T19:22:53+00:00","dateModified":"2025-01-07T15:27:05+00:00","breadcrumb":{"@id":"https:\/\/aprovacao.website\/sysfort\/contato\/#breadcrumb"},"inLanguage":"pt-BR","potentialAction":[{"@type":"ReadAction","target":["https:\/\/aprovacao.website\/sysfort\/contato\/"]}]},{"@type":"BreadcrumbList","@id":"https:\/\/aprovacao.website\/sysfort\/contato\/#breadcrumb","itemListElement":[{"@type":"ListItem","position":1,"name":"Home","item":"https:\/\/aprovacao.website\/sysfort\/"},{"@type":"ListItem","position":2,"name":"Contato"}]},{"@type":"WebSite","@id":"https:\/\/aprovacao.website\/sysfort\/#website","url":"https:\/\/aprovacao.website\/sysfort\/","name":"Sysfort","description":"Portaria, Limpeza e Seguran\u00e7a para Empresas e Condom\u00ednios","potentialAction":[{"@type":"SearchAction","target":{"@type":"EntryPoint","urlTemplate":"https:\/\/aprovacao.website\/sysfort\/?s={search_term_string}"},"query-input":{"@type":"PropertyValueSpecification","valueRequired":true,"valueName":"search_term_string"}}],"inLanguage":"pt-BR"}]}},"_links":{"self":[{"href":"https:\/\/aprovacao.website\/sysfort\/wp-json\/wp\/v2\/pages\/9045","targetHints":{"allow":["GET"]}}],"collection":[{"href":"https:\/\/aprovacao.website\/sysfort\/wp-json\/wp\/v2\/pages"}],"about":[{"href":"https:\/\/aprovacao.website\/sysfort\/wp-json\/wp\/v2\/types\/page"}],"author":[{"embeddable":true,"href":"https:\/\/aprovacao.website\/sysfort\/wp-json\/wp\/v2\/users\/2"}],"replies":[{"embeddable":true,"href":"https:\/\/aprovacao.website\/sysfort\/wp-json\/wp\/v2\/comments?post=9045"}],"version-history":[{"count":5,"href":"https:\/\/aprovacao.website\/sysfort\/wp-json\/wp\/v2\/pages\/9045\/revisions"}],"predecessor-version":[{"id":9649,"href":"https:\/\/aprovacao.website\/sysfort\/wp-json\/wp\/v2\/pages\/9045\/revisions\/9649"}],"wp:attachment":[{"href":"https:\/\/aprovacao.website\/sysfort\/wp-json\/wp\/v2\/media?parent=9045"}],"curies":[{"name":"wp","href":"https:\/\/api.w.org\/{rel}","templated":true}]}}