{"id":50,"date":"2017-12-14T22:25:42","date_gmt":"2017-12-15T00:25:42","guid":{"rendered":"http:\/\/numclick.com.br\/sysfort\/site\/?page_id=50"},"modified":"2024-11-20T08:50:49","modified_gmt":"2024-11-20T11:50:49","slug":"empresa","status":"publish","type":"page","link":"https:\/\/aprovacao.website\/sysfort\/empresa\/","title":{"rendered":"Empresa"},"content":{"rendered":"<p>\u00a0<\/p>\n<h2>EMPRESA<\/h2>\n<p>A Sysfort, com mais de 14 anos de experi\u00eancia no mercado \u00e9 especialista, sobretudo, em solu\u00e7\u00f5es de Terceiriza\u00e7\u00e3o de Servi\u00e7os para Empresas, Condom\u00ednios residenciais e comerciais, hospitais, canteiros de obras, bem como, diversos outros segmentos. Al\u00e9m de, focar no bem-estar de clientes e colaboradores, nosso diferencial \u00e9 buscar satisfa\u00e7\u00e3o cont\u00ednua, parceria, qualidade e efici\u00eancia em nossos servi\u00e7os, atrav\u00e9s do entendimento das reais necessidades de nossos clientes, e assim, proporcionar sempre um trabalho de excel\u00eancia e comprometimento.<\/p>\n<h4>Sysfort &#8211; Terceiriza\u00e7\u00e3o de Servi\u00e7os<\/h4>\n<p style=\"line-height: 18.0pt; background: #F7F7F7; vertical-align: baseline; margin: 0cm 0cm 18.0pt 0cm;\"><span style=\"font-size: 10.5pt; font-family: 'Open Sans','serif'; color: #828282;\">Nossa empresa disp\u00f5e de uma equipe altamente capacitada para solu\u00e7\u00f5es em ronda patrimonial, portaria, controle de acesso, limpeza e conserva\u00e7\u00e3o. Nossos profissionais s\u00e3o constantemente treinados e especializados. Voc\u00ea se concentra na sua atividade principal e n\u00f3s cuidamos da sua seguran\u00e7a e bem estar.<\/span><\/p>\n<p style=\"line-height: 18.0pt; background: #F7F7F7; vertical-align: baseline; margin: 0cm 0cm 18.0pt 0cm;\"><span style=\"font-size: 10.5pt; font-family: 'Open Sans','serif'; color: #828282;\">Al\u00e9m das solu\u00e7\u00f5es de terceiriza\u00e7\u00e3o de servi\u00e7os para empresas e condom\u00ednios, dispomos tamb\u00e9m de solu\u00e7\u00f5es completas para eventos de pequeno a grande porte, com equipamentos de comunica\u00e7\u00e3o e supervis\u00e3o constante. A Sysfort sempre prioriza a excel\u00eancia no atendimento e o sucesso do seu evento. Fa\u00e7a como nossos clientes e leve o melhor para a sua empresa ou evento.<\/span><\/p>\n<p><a href=\"https:\/\/sysfort.com.br\/servicos-terceirizados-para-empresa\/\">Conhe\u00e7a mais sobre os nossos servi\u00e7os!<\/a><\/p>\n<p><strong>Vis\u00e3o:<\/strong><\/p>\n<p>L\u00edder no mercado de Solu\u00e7\u00f5es em Terceiriza\u00e7\u00e3o de Servi\u00e7os Integrados de portaria, controle de acesso, limpeza, zeladoria e manuten\u00e7\u00e3o.<br \/>Em suas parcerias, buscar sempre a satisfa\u00e7\u00e3o, qualidade e efici\u00eancia, atrav\u00e9s do entendimento das reais necessidades de cada cliente.<\/p>\n<p><strong>Miss\u00e3o:<\/strong><\/p>\n<p>Servir com qualidade, cuidando de cada ser humano como \u00fanico<strong>. <\/strong><\/p>\n<p><strong>Valores:<\/strong><\/p>\n<ul>\n<li>Prezamos pela agilidade e flexibilidade buscando solu\u00e7\u00f5es assertivas;<\/li>\n<li>\u00a0Atuamos na real necessidade do cliente;<\/li>\n<li>Focamos na integra\u00e7\u00e3o das equipes;<\/li>\n<li>\u00a0Desenvolvemos e treinamos as pessoas para agirem de maneira proativa;<\/li>\n<li>Obedecemos e respeitamos regras visando o bem estar de todos envolvidos;<\/li>\n<li>Avaliamos constantemente nosso desempenho;<\/li>\n<li>Trabalhamos com transpar\u00eancia, \u00e9tica, responsabilidade e honestidade.<\/li>\n<\/ul>\n<p>Conhe\u00e7a mais sobre a Sysfort nas redes sociais: <a href=\"https:\/\/www.facebook.com\/SysFort\/\">Facebook<\/a> e <a href=\"https:\/\/www.instagram.com\/sysfortoficial\/?hl=pt-br\">Instagram<\/a>.<\/p>\n<h4>Sysfort &#8211; Terceiriza\u00e7\u00e3o de Servi\u00e7os<\/h4>\n<p>\u00a0<\/p>\n","protected":false},"excerpt":{"rendered":"<p>\u00a0 EMPRESA A Sysfort, com mais de 14 anos de experi\u00eancia no mercado \u00e9 especialista, sobretudo, em solu\u00e7\u00f5es de Terceiriza\u00e7\u00e3o de Servi\u00e7os para Empresas, Condom\u00ednios residenciais e comerciais, hospitais, canteiros de obras, bem como, diversos outros segmentos. Al\u00e9m de, focar no bem-estar de clientes e colaboradores, nosso diferencial \u00e9 buscar satisfa\u00e7\u00e3o cont\u00ednua, parceria, qualidade e [&#8230;]\n","protected":false},"author":2,"featured_media":0,"parent":0,"menu_order":0,"comment_status":"closed","ping_status":"closed","template":"","meta":{"_joinchat":[],"footnotes":""},"class_list":["post-50","page","type-page","status-publish","hentry"],"yoast_head":"<!-- This site is optimized with the Yoast SEO plugin v27.2 - https:\/\/yoast.com\/product\/yoast-seo-wordpress\/ -->\n<title>Sysfort - Terceiriza\u00e7\u00e3o de Servi\u00e7os para Empresas<\/title>\n<meta name=\"description\" content=\"Com mais de 10 anos de Experi\u00eancia no mercado, a Sysfort oferece solu\u00e7\u00f5es em Terceiriza\u00e7\u00e3o de Servi\u00e7os para Empresas e Condominios com m\u00e1xima excel\u00eancia.\" \/>\n<meta name=\"robots\" content=\"index, follow, max-snippet:-1, max-image-preview:large, max-video-preview:-1\" \/>\n<link rel=\"canonical\" href=\"https:\/\/aprovacao.website\/sysfort\/empresa\/\" \/>\n<meta property=\"og:locale\" content=\"pt_BR\" \/>\n<meta property=\"og:type\" content=\"article\" \/>\n<meta property=\"og:title\" content=\"Sysfort - Terceiriza\u00e7\u00e3o de Servi\u00e7os para Empresas\" \/>\n<meta property=\"og:description\" content=\"Com mais de 10 anos de Experi\u00eancia no mercado, a Sysfort oferece solu\u00e7\u00f5es em Terceiriza\u00e7\u00e3o de Servi\u00e7os para Empresas e Condominios com m\u00e1xima excel\u00eancia.\" \/>\n<meta property=\"og:url\" content=\"https:\/\/aprovacao.website\/sysfort\/empresa\/\" \/>\n<meta property=\"og:site_name\" content=\"Sysfort\" \/>\n<meta property=\"article:modified_time\" content=\"2024-11-20T11:50:49+00:00\" \/>\n<meta name=\"twitter:card\" content=\"summary_large_image\" \/>\n<meta name=\"twitter:label1\" content=\"Est. tempo de leitura\" \/>\n\t<meta name=\"twitter:data1\" content=\"2 minutos\" \/>\n<script type=\"application\/ld+json\" class=\"yoast-schema-graph\">{\"@context\":\"https:\/\/schema.org\",\"@graph\":[{\"@type\":\"WebPage\",\"@id\":\"https:\/\/aprovacao.website\/sysfort\/empresa\/\",\"url\":\"https:\/\/aprovacao.website\/sysfort\/empresa\/\",\"name\":\"Sysfort - Terceiriza\u00e7\u00e3o de Servi\u00e7os para Empresas\",\"isPartOf\":{\"@id\":\"https:\/\/aprovacao.website\/sysfort\/#website\"},\"datePublished\":\"2017-12-15T00:25:42+00:00\",\"dateModified\":\"2024-11-20T11:50:49+00:00\",\"description\":\"Com mais de 10 anos de Experi\u00eancia no mercado, a Sysfort oferece solu\u00e7\u00f5es em Terceiriza\u00e7\u00e3o de Servi\u00e7os para Empresas e Condominios com m\u00e1xima excel\u00eancia.\",\"breadcrumb\":{\"@id\":\"https:\/\/aprovacao.website\/sysfort\/empresa\/#breadcrumb\"},\"inLanguage\":\"pt-BR\",\"potentialAction\":[{\"@type\":\"ReadAction\",\"target\":[\"https:\/\/aprovacao.website\/sysfort\/empresa\/\"]}]},{\"@type\":\"BreadcrumbList\",\"@id\":\"https:\/\/aprovacao.website\/sysfort\/empresa\/#breadcrumb\",\"itemListElement\":[{\"@type\":\"ListItem\",\"position\":1,\"name\":\"Home\",\"item\":\"https:\/\/aprovacao.website\/sysfort\/\"},{\"@type\":\"ListItem\",\"position\":2,\"name\":\"Empresa\"}]},{\"@type\":\"WebSite\",\"@id\":\"https:\/\/aprovacao.website\/sysfort\/#website\",\"url\":\"https:\/\/aprovacao.website\/sysfort\/\",\"name\":\"Sysfort\",\"description\":\"Portaria, Limpeza e Seguran\u00e7a para Empresas e Condom\u00ednios\",\"potentialAction\":[{\"@type\":\"SearchAction\",\"target\":{\"@type\":\"EntryPoint\",\"urlTemplate\":\"https:\/\/aprovacao.website\/sysfort\/?s={search_term_string}\"},\"query-input\":{\"@type\":\"PropertyValueSpecification\",\"valueRequired\":true,\"valueName\":\"search_term_string\"}}],\"inLanguage\":\"pt-BR\"}]}<\/script>\n<!-- \/ Yoast SEO plugin. -->","yoast_head_json":{"title":"Sysfort - Terceiriza\u00e7\u00e3o de Servi\u00e7os para Empresas","description":"Com mais de 10 anos de Experi\u00eancia no mercado, a Sysfort oferece solu\u00e7\u00f5es em Terceiriza\u00e7\u00e3o de Servi\u00e7os para Empresas e Condominios com m\u00e1xima excel\u00eancia.","robots":{"index":"index","follow":"follow","max-snippet":"max-snippet:-1","max-image-preview":"max-image-preview:large","max-video-preview":"max-video-preview:-1"},"canonical":"https:\/\/aprovacao.website\/sysfort\/empresa\/","og_locale":"pt_BR","og_type":"article","og_title":"Sysfort - Terceiriza\u00e7\u00e3o de Servi\u00e7os para Empresas","og_description":"Com mais de 10 anos de Experi\u00eancia no mercado, a Sysfort oferece solu\u00e7\u00f5es em Terceiriza\u00e7\u00e3o de Servi\u00e7os para Empresas e Condominios com m\u00e1xima excel\u00eancia.","og_url":"https:\/\/aprovacao.website\/sysfort\/empresa\/","og_site_name":"Sysfort","article_modified_time":"2024-11-20T11:50:49+00:00","twitter_card":"summary_large_image","twitter_misc":{"Est. tempo de leitura":"2 minutos"},"schema":{"@context":"https:\/\/schema.org","@graph":[{"@type":"WebPage","@id":"https:\/\/aprovacao.website\/sysfort\/empresa\/","url":"https:\/\/aprovacao.website\/sysfort\/empresa\/","name":"Sysfort - Terceiriza\u00e7\u00e3o de Servi\u00e7os para Empresas","isPartOf":{"@id":"https:\/\/aprovacao.website\/sysfort\/#website"},"datePublished":"2017-12-15T00:25:42+00:00","dateModified":"2024-11-20T11:50:49+00:00","description":"Com mais de 10 anos de Experi\u00eancia no mercado, a Sysfort oferece solu\u00e7\u00f5es em Terceiriza\u00e7\u00e3o de Servi\u00e7os para Empresas e Condominios com m\u00e1xima excel\u00eancia.","breadcrumb":{"@id":"https:\/\/aprovacao.website\/sysfort\/empresa\/#breadcrumb"},"inLanguage":"pt-BR","potentialAction":[{"@type":"ReadAction","target":["https:\/\/aprovacao.website\/sysfort\/empresa\/"]}]},{"@type":"BreadcrumbList","@id":"https:\/\/aprovacao.website\/sysfort\/empresa\/#breadcrumb","itemListElement":[{"@type":"ListItem","position":1,"name":"Home","item":"https:\/\/aprovacao.website\/sysfort\/"},{"@type":"ListItem","position":2,"name":"Empresa"}]},{"@type":"WebSite","@id":"https:\/\/aprovacao.website\/sysfort\/#website","url":"https:\/\/aprovacao.website\/sysfort\/","name":"Sysfort","description":"Portaria, Limpeza e Seguran\u00e7a para Empresas e Condom\u00ednios","potentialAction":[{"@type":"SearchAction","target":{"@type":"EntryPoint","urlTemplate":"https:\/\/aprovacao.website\/sysfort\/?s={search_term_string}"},"query-input":{"@type":"PropertyValueSpecification","valueRequired":true,"valueName":"search_term_string"}}],"inLanguage":"pt-BR"}]}},"_links":{"self":[{"href":"https:\/\/aprovacao.website\/sysfort\/wp-json\/wp\/v2\/pages\/50","targetHints":{"allow":["GET"]}}],"collection":[{"href":"https:\/\/aprovacao.website\/sysfort\/wp-json\/wp\/v2\/pages"}],"about":[{"href":"https:\/\/aprovacao.website\/sysfort\/wp-json\/wp\/v2\/types\/page"}],"author":[{"embeddable":true,"href":"https:\/\/aprovacao.website\/sysfort\/wp-json\/wp\/v2\/users\/2"}],"replies":[{"embeddable":true,"href":"https:\/\/aprovacao.website\/sysfort\/wp-json\/wp\/v2\/comments?post=50"}],"version-history":[{"count":2,"href":"https:\/\/aprovacao.website\/sysfort\/wp-json\/wp\/v2\/pages\/50\/revisions"}],"predecessor-version":[{"id":9596,"href":"https:\/\/aprovacao.website\/sysfort\/wp-json\/wp\/v2\/pages\/50\/revisions\/9596"}],"wp:attachment":[{"href":"https:\/\/aprovacao.website\/sysfort\/wp-json\/wp\/v2\/media?parent=50"}],"curies":[{"name":"wp","href":"https:\/\/api.w.org\/{rel}","templated":true}]}}