{"id":415,"date":"2019-10-22T09:43:21","date_gmt":"2019-10-22T12:43:21","guid":{"rendered":"https:\/\/sysfort.com.br\/?page_id=415"},"modified":"2025-02-03T18:07:34","modified_gmt":"2025-02-03T21:07:34","slug":"ronda-24-horas","status":"publish","type":"page","link":"https:\/\/aprovacao.website\/sysfort\/ronda-24-horas\/","title":{"rendered":"Ronda 24 horas"},"content":{"rendered":"\t<section class=\"section\" id=\"section_1606570237\">\n\t\t<div class=\"bg section-bg fill bg-fill  bg-loaded\" >\n\n\t\t\t\n\t\t\t\n\t\t\t\n\t<div class=\"is-border\"\n\t\tstyle=\"border-color:rgb(235, 235, 235);border-width:1px 0px 0px 0px;\">\n\t<\/div>\n\n\t\t<\/div>\n\n\t\t<div class=\"section-content relative\">\n\t\t\t\n<div class=\"row row-large align-middle align-center\"  id=\"row-721778601\">\n\n\t<div class=\"col medium-6 small-12 large-6\"  >\n\t\t<div class=\"col-inner box-shadow-2 box-shadow-5-hover\" style=\"background-color:rgb(255, 255, 255);padding:15px 15px 15px 15px;\" >\n\t\t\t\n\t\t\t\n<div class=\"container section-title-container\" ><h3 class=\"section-title section-title-normal\"><b><\/b><span class=\"section-title-main\" >Ronda 24h<\/span><b><\/b><\/h3><\/div>\n\t<div class=\"img has-hover x md-x lg-x y md-y lg-y\" id=\"image_920442327\">\n\t\t\t\t\t\t\t\t<div class=\"img-inner dark\" >\n\t\t\t<img loading=\"lazy\" decoding=\"async\" width=\"1020\" height=\"574\" src=\"https:\/\/aprovacao.website\/sysfort\/wp-content\/uploads\/2024\/10\/13-1400x788.jpg\" class=\"attachment-large size-large\" alt=\"13 ronda patrimonial\" srcset=\"https:\/\/aprovacao.website\/sysfort\/wp-content\/uploads\/2024\/10\/13-1400x788.jpg 1400w, https:\/\/aprovacao.website\/sysfort\/wp-content\/uploads\/2024\/10\/13-711x400.jpg 711w, https:\/\/aprovacao.website\/sysfort\/wp-content\/uploads\/2024\/10\/13-768x432.jpg 768w, https:\/\/aprovacao.website\/sysfort\/wp-content\/uploads\/2024\/10\/13-1536x864.jpg 1536w, https:\/\/aprovacao.website\/sysfort\/wp-content\/uploads\/2024\/10\/13.jpg 1920w\" sizes=\"auto, (max-width: 1020px) 100vw, 1020px\" \/>\t\t\t\t\t\t\n\t\t\t\t\t<\/div>\n\t\t\t\t\t\t\t\t\n<style scope=\"scope\">\n\n#image_920442327 {\n  width: 100%;\n}\n<\/style>\n\t<\/div>\n\t\n\t\t<\/div>\n\t<\/div>\n\n\t\n\n\t<div class=\"col medium-6 small-12 large-6\"  >\n\t\t<div class=\"col-inner text-center\"  >\n\t\t\t\n\t\t\t\n<p style=\"text-align: left;\">Nosso objetivo \u00e9 proporcionar maior seguran\u00e7a e tranquilidade para seu condom\u00ednio, sua empresa ou sua casa. Portanto, trabalhando atrav\u00e9s das mais eficientes rondas, nossa experi\u00eancia tem nos mostrado um \u00edndice de satisfa\u00e7\u00e3o muito grande neste quesito.<\/p>\n<p style=\"text-align: left;\">A Sysfort \u00e9 uma empresa especializada em preven\u00e7\u00e3o de riscos. Pronta para agir em situa\u00e7\u00f5es de risco, com estrat\u00e9gias criteriosamente pensadas para garantir a seguran\u00e7a do patrim\u00f4nio f\u00edsico e humano de nossos clientes e colaboradores. Exercemos a ronda em eventos sociais e dentro de estabelecimentos, para a identifica\u00e7\u00e3o de eventos anormais e preven\u00e7\u00e3o de amea\u00e7as ao patrim\u00f4nio. O profissional tem a responsabilidade de garantir a seguran\u00e7a patrimonial do bem assegurado.<\/p>\n\t\t<\/div>\n\t<\/div>\n\n\t\n\n<style scope=\"scope\">\n\n<\/style>\n<\/div>\n\t\t<\/div>\n\n\t\t\n<style scope=\"scope\">\n\n#section_1606570237 {\n  padding-top: 59px;\n  padding-bottom: 59px;\n  min-height: 300px;\n  background-color: rgb(240, 240, 240);\n}\n<\/style>\n\t<\/section>\n\t\n<div class=\"container section-title-container\" ><h3 class=\"section-title section-title-normal\"><b><\/b><span class=\"section-title-main\" >Solicite um or\u00e7amento<\/span><b><\/b><\/h3><\/div>\n\n<div class=\"wpcf7 no-js\" id=\"wpcf7-f5-o1\" lang=\"pt-BR\" dir=\"ltr\" data-wpcf7-id=\"5\">\n<div class=\"screen-reader-response\"><p role=\"status\" aria-live=\"polite\" aria-atomic=\"true\"><\/p> <ul><\/ul><\/div>\n<form action=\"\/sysfort\/wp-json\/wp\/v2\/pages\/415#wpcf7-f5-o1\" method=\"post\" class=\"wpcf7-form init\" aria-label=\"Formul\u00e1rios de contato\" novalidate=\"novalidate\" data-status=\"init\">\n<fieldset class=\"hidden-fields-container\"><input type=\"hidden\" name=\"_wpcf7\" value=\"5\" \/><input type=\"hidden\" name=\"_wpcf7_version\" value=\"6.1.5\" \/><input type=\"hidden\" name=\"_wpcf7_locale\" value=\"pt_BR\" \/><input type=\"hidden\" name=\"_wpcf7_unit_tag\" value=\"wpcf7-f5-o1\" \/><input type=\"hidden\" name=\"_wpcf7_container_post\" value=\"0\" \/><input type=\"hidden\" name=\"_wpcf7_posted_data_hash\" value=\"\" \/>\n<\/fieldset>\n<p><label> Nome*<br \/>\n<span class=\"wpcf7-form-control-wrap\" data-name=\"your-name\"><input size=\"40\" maxlength=\"400\" class=\"wpcf7-form-control wpcf7-text wpcf7-validates-as-required\" aria-required=\"true\" aria-invalid=\"false\" value=\"\" type=\"text\" name=\"your-name\" \/><\/span> <\/label>\n<\/p>\n<p><label> Seu e-mail*<br \/>\n<span class=\"wpcf7-form-control-wrap\" data-name=\"your-email\"><input size=\"40\" maxlength=\"400\" class=\"wpcf7-form-control wpcf7-email wpcf7-validates-as-required wpcf7-text wpcf7-validates-as-email\" aria-required=\"true\" aria-invalid=\"false\" value=\"\" type=\"email\" name=\"your-email\" \/><\/span> <\/label>\n<\/p>\n<p><label> Telefone com DDD<br \/>\n<span class=\"wpcf7-form-control-wrap\" data-name=\"tel-637\"><input size=\"40\" maxlength=\"400\" class=\"wpcf7-form-control wpcf7-tel wpcf7-validates-as-required wpcf7-text wpcf7-validates-as-tel\" aria-required=\"true\" aria-invalid=\"false\" value=\"\" type=\"tel\" name=\"tel-637\" \/><\/span> <\/label>\n<\/p>\n<p><label> Servi\u00e7o de interesse*<\/label><br \/>\n<span class=\"wpcf7-form-control-wrap\" data-name=\"menu-9\"><select class=\"wpcf7-form-control wpcf7-select wpcf7-validates-as-required\" aria-required=\"true\" aria-invalid=\"false\" name=\"menu-9\"><option value=\"Ronda Patrimonial\">Ronda Patrimonial<\/option><option value=\"Portaria\">Portaria<\/option><option value=\"Limpeza\">Limpeza<\/option><option value=\"Enviar curr\u00edculo\">Enviar curr\u00edculo<\/option><option value=\"Outros\">Outros<\/option><\/select><\/span>\n<\/p>\n<p><label> Outras informa\u00e7\u00f5es que desejar acrescentar<br \/>\n<span class=\"wpcf7-form-control-wrap\" data-name=\"your-message\"><textarea cols=\"40\" rows=\"10\" maxlength=\"2000\" class=\"wpcf7-form-control wpcf7-textarea\" aria-invalid=\"false\" name=\"your-message\"><\/textarea><\/span> <\/label>\n<\/p>\n<p><input class=\"wpcf7-form-control wpcf7-submit has-spinner\" type=\"submit\" value=\"Enviar\" \/>\n<\/p><div class=\"wpcf7-response-output\" aria-hidden=\"true\"><\/div>\n<\/form>\n<\/div>\n\n","protected":false},"excerpt":{"rendered":"","protected":false},"author":2,"featured_media":9483,"parent":0,"menu_order":0,"comment_status":"closed","ping_status":"closed","template":"","meta":{"_joinchat":[],"footnotes":""},"class_list":["post-415","page","type-page","status-publish","has-post-thumbnail","hentry"],"yoast_head":"<!-- This site is optimized with the Yoast SEO plugin v27.2 - https:\/\/yoast.com\/product\/yoast-seo-wordpress\/ -->\n<title>Ronda Patrimonial - Sysfort Servi\u00e7os Terceirizados<\/title>\n<meta name=\"description\" content=\"Ronda Patrimonial para seguran\u00e7a e tranquilidade de seu condom\u00ednio, empresa ou casa. Profissionais treinados. Solicite um or\u00e7amento.\" \/>\n<meta name=\"robots\" content=\"index, follow, max-snippet:-1, max-image-preview:large, max-video-preview:-1\" \/>\n<link rel=\"canonical\" href=\"https:\/\/aprovacao.website\/sysfort\/ronda-24-horas\/\" \/>\n<meta property=\"og:locale\" content=\"pt_BR\" \/>\n<meta property=\"og:type\" content=\"article\" \/>\n<meta property=\"og:title\" content=\"Ronda Patrimonial - Sysfort Servi\u00e7os Terceirizados\" \/>\n<meta property=\"og:description\" content=\"Ronda Patrimonial para seguran\u00e7a e tranquilidade de seu condom\u00ednio, empresa ou casa. Profissionais treinados. Solicite um or\u00e7amento.\" \/>\n<meta property=\"og:url\" content=\"https:\/\/aprovacao.website\/sysfort\/ronda-24-horas\/\" \/>\n<meta property=\"og:site_name\" content=\"Sysfort\" \/>\n<meta property=\"article:modified_time\" content=\"2025-02-03T21:07:34+00:00\" \/>\n<meta property=\"og:image\" content=\"https:\/\/aprovacao.website\/sysfort\/wp-content\/uploads\/2024\/10\/13.jpg\" \/>\n\t<meta property=\"og:image:width\" content=\"1920\" \/>\n\t<meta property=\"og:image:height\" content=\"1080\" \/>\n\t<meta property=\"og:image:type\" content=\"image\/jpeg\" \/>\n<meta name=\"twitter:card\" content=\"summary_large_image\" \/>\n<meta name=\"twitter:label1\" content=\"Est. tempo de leitura\" \/>\n\t<meta name=\"twitter:data1\" content=\"2 minutos\" \/>\n<script type=\"application\/ld+json\" class=\"yoast-schema-graph\">{\"@context\":\"https:\/\/schema.org\",\"@graph\":[{\"@type\":\"WebPage\",\"@id\":\"https:\/\/aprovacao.website\/sysfort\/ronda-24-horas\/\",\"url\":\"https:\/\/aprovacao.website\/sysfort\/ronda-24-horas\/\",\"name\":\"Ronda Patrimonial - Sysfort Servi\u00e7os Terceirizados\",\"isPartOf\":{\"@id\":\"https:\/\/aprovacao.website\/sysfort\/#website\"},\"primaryImageOfPage\":{\"@id\":\"https:\/\/aprovacao.website\/sysfort\/ronda-24-horas\/#primaryimage\"},\"image\":{\"@id\":\"https:\/\/aprovacao.website\/sysfort\/ronda-24-horas\/#primaryimage\"},\"thumbnailUrl\":\"https:\/\/aprovacao.website\/sysfort\/wp-content\/uploads\/2024\/10\/13.jpg\",\"datePublished\":\"2019-10-22T12:43:21+00:00\",\"dateModified\":\"2025-02-03T21:07:34+00:00\",\"description\":\"Ronda Patrimonial para seguran\u00e7a e tranquilidade de seu condom\u00ednio, empresa ou casa. Profissionais treinados. Solicite um or\u00e7amento.\",\"breadcrumb\":{\"@id\":\"https:\/\/aprovacao.website\/sysfort\/ronda-24-horas\/#breadcrumb\"},\"inLanguage\":\"pt-BR\",\"potentialAction\":[{\"@type\":\"ReadAction\",\"target\":[\"https:\/\/aprovacao.website\/sysfort\/ronda-24-horas\/\"]}]},{\"@type\":\"ImageObject\",\"inLanguage\":\"pt-BR\",\"@id\":\"https:\/\/aprovacao.website\/sysfort\/ronda-24-horas\/#primaryimage\",\"url\":\"https:\/\/aprovacao.website\/sysfort\/wp-content\/uploads\/2024\/10\/13.jpg\",\"contentUrl\":\"https:\/\/aprovacao.website\/sysfort\/wp-content\/uploads\/2024\/10\/13.jpg\",\"width\":1920,\"height\":1080,\"caption\":\"13 ronda patrimonial\"},{\"@type\":\"BreadcrumbList\",\"@id\":\"https:\/\/aprovacao.website\/sysfort\/ronda-24-horas\/#breadcrumb\",\"itemListElement\":[{\"@type\":\"ListItem\",\"position\":1,\"name\":\"Home\",\"item\":\"https:\/\/aprovacao.website\/sysfort\/\"},{\"@type\":\"ListItem\",\"position\":2,\"name\":\"Ronda 24 horas\"}]},{\"@type\":\"WebSite\",\"@id\":\"https:\/\/aprovacao.website\/sysfort\/#website\",\"url\":\"https:\/\/aprovacao.website\/sysfort\/\",\"name\":\"Sysfort\",\"description\":\"Portaria, Limpeza e Seguran\u00e7a para Empresas e Condom\u00ednios\",\"potentialAction\":[{\"@type\":\"SearchAction\",\"target\":{\"@type\":\"EntryPoint\",\"urlTemplate\":\"https:\/\/aprovacao.website\/sysfort\/?s={search_term_string}\"},\"query-input\":{\"@type\":\"PropertyValueSpecification\",\"valueRequired\":true,\"valueName\":\"search_term_string\"}}],\"inLanguage\":\"pt-BR\"}]}<\/script>\n<!-- \/ Yoast SEO plugin. -->","yoast_head_json":{"title":"Ronda Patrimonial - Sysfort Servi\u00e7os Terceirizados","description":"Ronda Patrimonial para seguran\u00e7a e tranquilidade de seu condom\u00ednio, empresa ou casa. Profissionais treinados. Solicite um or\u00e7amento.","robots":{"index":"index","follow":"follow","max-snippet":"max-snippet:-1","max-image-preview":"max-image-preview:large","max-video-preview":"max-video-preview:-1"},"canonical":"https:\/\/aprovacao.website\/sysfort\/ronda-24-horas\/","og_locale":"pt_BR","og_type":"article","og_title":"Ronda Patrimonial - Sysfort Servi\u00e7os Terceirizados","og_description":"Ronda Patrimonial para seguran\u00e7a e tranquilidade de seu condom\u00ednio, empresa ou casa. Profissionais treinados. Solicite um or\u00e7amento.","og_url":"https:\/\/aprovacao.website\/sysfort\/ronda-24-horas\/","og_site_name":"Sysfort","article_modified_time":"2025-02-03T21:07:34+00:00","og_image":[{"width":1920,"height":1080,"url":"https:\/\/aprovacao.website\/sysfort\/wp-content\/uploads\/2024\/10\/13.jpg","type":"image\/jpeg"}],"twitter_card":"summary_large_image","twitter_misc":{"Est. tempo de leitura":"2 minutos"},"schema":{"@context":"https:\/\/schema.org","@graph":[{"@type":"WebPage","@id":"https:\/\/aprovacao.website\/sysfort\/ronda-24-horas\/","url":"https:\/\/aprovacao.website\/sysfort\/ronda-24-horas\/","name":"Ronda Patrimonial - Sysfort Servi\u00e7os Terceirizados","isPartOf":{"@id":"https:\/\/aprovacao.website\/sysfort\/#website"},"primaryImageOfPage":{"@id":"https:\/\/aprovacao.website\/sysfort\/ronda-24-horas\/#primaryimage"},"image":{"@id":"https:\/\/aprovacao.website\/sysfort\/ronda-24-horas\/#primaryimage"},"thumbnailUrl":"https:\/\/aprovacao.website\/sysfort\/wp-content\/uploads\/2024\/10\/13.jpg","datePublished":"2019-10-22T12:43:21+00:00","dateModified":"2025-02-03T21:07:34+00:00","description":"Ronda Patrimonial para seguran\u00e7a e tranquilidade de seu condom\u00ednio, empresa ou casa. Profissionais treinados. Solicite um or\u00e7amento.","breadcrumb":{"@id":"https:\/\/aprovacao.website\/sysfort\/ronda-24-horas\/#breadcrumb"},"inLanguage":"pt-BR","potentialAction":[{"@type":"ReadAction","target":["https:\/\/aprovacao.website\/sysfort\/ronda-24-horas\/"]}]},{"@type":"ImageObject","inLanguage":"pt-BR","@id":"https:\/\/aprovacao.website\/sysfort\/ronda-24-horas\/#primaryimage","url":"https:\/\/aprovacao.website\/sysfort\/wp-content\/uploads\/2024\/10\/13.jpg","contentUrl":"https:\/\/aprovacao.website\/sysfort\/wp-content\/uploads\/2024\/10\/13.jpg","width":1920,"height":1080,"caption":"13 ronda patrimonial"},{"@type":"BreadcrumbList","@id":"https:\/\/aprovacao.website\/sysfort\/ronda-24-horas\/#breadcrumb","itemListElement":[{"@type":"ListItem","position":1,"name":"Home","item":"https:\/\/aprovacao.website\/sysfort\/"},{"@type":"ListItem","position":2,"name":"Ronda 24 horas"}]},{"@type":"WebSite","@id":"https:\/\/aprovacao.website\/sysfort\/#website","url":"https:\/\/aprovacao.website\/sysfort\/","name":"Sysfort","description":"Portaria, Limpeza e Seguran\u00e7a para Empresas e Condom\u00ednios","potentialAction":[{"@type":"SearchAction","target":{"@type":"EntryPoint","urlTemplate":"https:\/\/aprovacao.website\/sysfort\/?s={search_term_string}"},"query-input":{"@type":"PropertyValueSpecification","valueRequired":true,"valueName":"search_term_string"}}],"inLanguage":"pt-BR"}]}},"_links":{"self":[{"href":"https:\/\/aprovacao.website\/sysfort\/wp-json\/wp\/v2\/pages\/415","targetHints":{"allow":["GET"]}}],"collection":[{"href":"https:\/\/aprovacao.website\/sysfort\/wp-json\/wp\/v2\/pages"}],"about":[{"href":"https:\/\/aprovacao.website\/sysfort\/wp-json\/wp\/v2\/types\/page"}],"author":[{"embeddable":true,"href":"https:\/\/aprovacao.website\/sysfort\/wp-json\/wp\/v2\/users\/2"}],"replies":[{"embeddable":true,"href":"https:\/\/aprovacao.website\/sysfort\/wp-json\/wp\/v2\/comments?post=415"}],"version-history":[{"count":9,"href":"https:\/\/aprovacao.website\/sysfort\/wp-json\/wp\/v2\/pages\/415\/revisions"}],"predecessor-version":[{"id":9673,"href":"https:\/\/aprovacao.website\/sysfort\/wp-json\/wp\/v2\/pages\/415\/revisions\/9673"}],"wp:featuredmedia":[{"embeddable":true,"href":"https:\/\/aprovacao.website\/sysfort\/wp-json\/wp\/v2\/media\/9483"}],"wp:attachment":[{"href":"https:\/\/aprovacao.website\/sysfort\/wp-json\/wp\/v2\/media?parent=415"}],"curies":[{"name":"wp","href":"https:\/\/api.w.org\/{rel}","templated":true}]}}