{"id":409,"date":"2019-10-22T09:31:43","date_gmt":"2019-10-22T12:31:43","guid":{"rendered":"https:\/\/sysfort.com.br\/?page_id=409"},"modified":"2024-12-09T23:32:54","modified_gmt":"2024-12-10T02:32:54","slug":"limpeza-e-conservacao","status":"publish","type":"page","link":"https:\/\/aprovacao.website\/sysfort\/limpeza-e-conservacao\/","title":{"rendered":"Limpeza e Conserva\u00e7\u00e3o"},"content":{"rendered":"\t<section class=\"section\" id=\"section_1345610024\">\n\t\t<div class=\"bg section-bg fill bg-fill  bg-loaded\" >\n\n\t\t\t\n\t\t\t\n\t\t\t\n\t<div class=\"is-border\"\n\t\tstyle=\"border-color:rgb(235, 235, 235);border-width:1px 0px 0px 0px;\">\n\t<\/div>\n\n\t\t<\/div>\n\n\t\t<div class=\"section-content relative\">\n\t\t\t\n<div class=\"row row-large align-middle align-center\"  id=\"row-817159877\">\n\n\t<div class=\"col medium-6 small-12 large-6\"  >\n\t\t<div class=\"col-inner box-shadow-2 box-shadow-5-hover\" style=\"background-color:rgb(255, 255, 255);padding:15px 15px 15px 15px;\" >\n\t\t\t\n\t\t\t\n<div class=\"container section-title-container\" ><h3 class=\"section-title section-title-normal\"><b><\/b><span class=\"section-title-main\" >LIMPEZA E CONSERVA\u00c7\u00c3O<\/span><b><\/b><\/h3><\/div>\n\t<div class=\"img has-hover x md-x lg-x y md-y lg-y\" id=\"image_678118590\">\n\t\t\t\t\t\t\t\t<div class=\"img-inner dark\" >\n\t\t\t<img loading=\"lazy\" decoding=\"async\" width=\"1020\" height=\"574\" src=\"https:\/\/aprovacao.website\/sysfort\/wp-content\/uploads\/2024\/10\/14-1400x788.jpg\" class=\"attachment-large size-large\" alt=\"\" srcset=\"https:\/\/aprovacao.website\/sysfort\/wp-content\/uploads\/2024\/10\/14-1400x788.jpg 1400w, https:\/\/aprovacao.website\/sysfort\/wp-content\/uploads\/2024\/10\/14-711x400.jpg 711w, https:\/\/aprovacao.website\/sysfort\/wp-content\/uploads\/2024\/10\/14-768x432.jpg 768w, https:\/\/aprovacao.website\/sysfort\/wp-content\/uploads\/2024\/10\/14-1536x864.jpg 1536w, https:\/\/aprovacao.website\/sysfort\/wp-content\/uploads\/2024\/10\/14.jpg 1920w\" sizes=\"auto, (max-width: 1020px) 100vw, 1020px\" \/>\t\t\t\t\t\t\n\t\t\t\t\t<\/div>\n\t\t\t\t\t\t\t\t\n<style scope=\"scope\">\n\n#image_678118590 {\n  width: 100%;\n}\n<\/style>\n\t<\/div>\n\t\n\t\t<\/div>\n\t<\/div>\n\n\t\n\n\t<div class=\"col medium-6 small-12 large-6\"  >\n\t\t<div class=\"col-inner text-center\"  >\n\t\t\t\n\t\t\t\n<p style=\"text-align: left;\">A Sysfort oferece solu\u00e7\u00f5es de limpeza e conserva\u00e7\u00e3o sob medida para cada cliente, uma vez que compreendemos a necessidade espec\u00edfica de cada um e selecionamos profissionais capazes de realizar a limpeza e conserva\u00e7\u00e3o de ambientes.<\/p>\n<p style=\"text-align: left;\">A qualidade desse nosso servi\u00e7o deve-se, principalmente, aos profissionais e supervisores preparados e comprometidos e \u00e0 implanta\u00e7\u00e3o de um planejamento de atividades com cronogramas di\u00e1rios de tarefas em conjunto com equipamentos modernos e produtos compat\u00edveis, considerando o tamanho do local, o fluxo de pessoas e a natureza.<\/p>\n<p style=\"text-align: left;\">Al\u00e9m disso, tamb\u00e9m oferecemos higieniza\u00e7\u00e3o de sanit\u00e1rios, limpeza tratamento de pisos, varri\u00e7\u00e3o, limpeza de estacionamento, limpeza p\u00f3s-obra, limpeza de paredes, enfim, tudo que sua empresa precisa em solu\u00e7\u00f5es de limpeza.<\/p>\n\t\t<\/div>\n\t<\/div>\n\n\t\n\n<style scope=\"scope\">\n\n<\/style>\n<\/div>\n\t\t<\/div>\n\n\t\t\n<style scope=\"scope\">\n\n#section_1345610024 {\n  padding-top: 59px;\n  padding-bottom: 59px;\n  min-height: 300px;\n  background-color: rgb(240, 240, 240);\n}\n<\/style>\n\t<\/section>\n\t\n<p>\u00a0<\/p>\n<h2>SOLICITE UM OR\u00c7AMENTO<\/h2>\n\n<div class=\"wpcf7 no-js\" id=\"wpcf7-f5-o1\" lang=\"pt-BR\" dir=\"ltr\" data-wpcf7-id=\"5\">\n<div class=\"screen-reader-response\"><p role=\"status\" aria-live=\"polite\" aria-atomic=\"true\"><\/p> <ul><\/ul><\/div>\n<form action=\"\/sysfort\/wp-json\/wp\/v2\/pages\/409#wpcf7-f5-o1\" method=\"post\" class=\"wpcf7-form init\" aria-label=\"Formul\u00e1rios de contato\" novalidate=\"novalidate\" data-status=\"init\">\n<fieldset class=\"hidden-fields-container\"><input type=\"hidden\" name=\"_wpcf7\" value=\"5\" \/><input type=\"hidden\" name=\"_wpcf7_version\" value=\"6.1.5\" \/><input type=\"hidden\" name=\"_wpcf7_locale\" value=\"pt_BR\" \/><input type=\"hidden\" name=\"_wpcf7_unit_tag\" value=\"wpcf7-f5-o1\" \/><input type=\"hidden\" name=\"_wpcf7_container_post\" value=\"0\" \/><input type=\"hidden\" name=\"_wpcf7_posted_data_hash\" value=\"\" \/>\n<\/fieldset>\n<p><label> Nome*<br \/>\n<span class=\"wpcf7-form-control-wrap\" data-name=\"your-name\"><input size=\"40\" maxlength=\"400\" class=\"wpcf7-form-control wpcf7-text wpcf7-validates-as-required\" aria-required=\"true\" aria-invalid=\"false\" value=\"\" type=\"text\" name=\"your-name\" \/><\/span> <\/label>\n<\/p>\n<p><label> Seu e-mail*<br \/>\n<span class=\"wpcf7-form-control-wrap\" data-name=\"your-email\"><input size=\"40\" maxlength=\"400\" class=\"wpcf7-form-control wpcf7-email wpcf7-validates-as-required wpcf7-text wpcf7-validates-as-email\" aria-required=\"true\" aria-invalid=\"false\" value=\"\" type=\"email\" name=\"your-email\" \/><\/span> <\/label>\n<\/p>\n<p><label> Telefone com DDD<br \/>\n<span class=\"wpcf7-form-control-wrap\" data-name=\"tel-637\"><input size=\"40\" maxlength=\"400\" class=\"wpcf7-form-control wpcf7-tel wpcf7-validates-as-required wpcf7-text wpcf7-validates-as-tel\" aria-required=\"true\" aria-invalid=\"false\" value=\"\" type=\"tel\" name=\"tel-637\" \/><\/span> <\/label>\n<\/p>\n<p><label> Servi\u00e7o de interesse*<\/label><br \/>\n<span class=\"wpcf7-form-control-wrap\" data-name=\"menu-9\"><select class=\"wpcf7-form-control wpcf7-select wpcf7-validates-as-required\" aria-required=\"true\" aria-invalid=\"false\" name=\"menu-9\"><option value=\"Ronda Patrimonial\">Ronda Patrimonial<\/option><option value=\"Portaria\">Portaria<\/option><option value=\"Limpeza\">Limpeza<\/option><option value=\"Enviar curr\u00edculo\">Enviar curr\u00edculo<\/option><option value=\"Outros\">Outros<\/option><\/select><\/span>\n<\/p>\n<p><label> Outras informa\u00e7\u00f5es que desejar acrescentar<br \/>\n<span class=\"wpcf7-form-control-wrap\" data-name=\"your-message\"><textarea cols=\"40\" rows=\"10\" maxlength=\"2000\" class=\"wpcf7-form-control wpcf7-textarea\" aria-invalid=\"false\" name=\"your-message\"><\/textarea><\/span> <\/label>\n<\/p>\n<p><input class=\"wpcf7-form-control wpcf7-submit has-spinner\" type=\"submit\" value=\"Enviar\" \/>\n<\/p><div class=\"wpcf7-response-output\" aria-hidden=\"true\"><\/div>\n<\/form>\n<\/div>\n\n<p>\u00a0<\/p>\n","protected":false},"excerpt":{"rendered":"<p>\u00a0 SOLICITE UM OR\u00c7AMENTO \u00a0<\/p>\n","protected":false},"author":2,"featured_media":0,"parent":0,"menu_order":0,"comment_status":"closed","ping_status":"closed","template":"","meta":{"_joinchat":[],"footnotes":""},"class_list":["post-409","page","type-page","status-publish","hentry"],"yoast_head":"<!-- This site is optimized with the Yoast SEO plugin v27.2 - https:\/\/yoast.com\/product\/yoast-seo-wordpress\/ -->\n<title>Limpeza e Conserva\u00e7\u00e3o - Sysfort Servi\u00e7os Terceirizados<\/title>\n<meta name=\"description\" content=\"A Sysfort oferece solu\u00e7\u00f5es de limpeza e conserva\u00e7\u00e3o sob medida para cada cliente. Higieniza\u00e7\u00e3o, limpeza, varri\u00e7\u00e3o, conserva\u00e7\u00e3o e muito mais. Confira!\" \/>\n<meta name=\"robots\" content=\"index, follow, max-snippet:-1, max-image-preview:large, max-video-preview:-1\" \/>\n<link rel=\"canonical\" href=\"https:\/\/aprovacao.website\/sysfort\/limpeza-e-conservacao\/\" \/>\n<meta property=\"og:locale\" content=\"pt_BR\" \/>\n<meta property=\"og:type\" content=\"article\" \/>\n<meta property=\"og:title\" content=\"Limpeza e Conserva\u00e7\u00e3o - Sysfort Servi\u00e7os Terceirizados\" \/>\n<meta property=\"og:description\" content=\"A Sysfort oferece solu\u00e7\u00f5es de limpeza e conserva\u00e7\u00e3o sob medida para cada cliente. Higieniza\u00e7\u00e3o, limpeza, varri\u00e7\u00e3o, conserva\u00e7\u00e3o e muito mais. Confira!\" \/>\n<meta property=\"og:url\" content=\"https:\/\/aprovacao.website\/sysfort\/limpeza-e-conservacao\/\" \/>\n<meta property=\"og:site_name\" content=\"Sysfort\" \/>\n<meta property=\"article:modified_time\" content=\"2024-12-10T02:32:54+00:00\" \/>\n<meta name=\"twitter:card\" content=\"summary_large_image\" \/>\n<meta name=\"twitter:label1\" content=\"Est. tempo de leitura\" \/>\n\t<meta name=\"twitter:data1\" content=\"1 minuto\" \/>\n<script type=\"application\/ld+json\" class=\"yoast-schema-graph\">{\"@context\":\"https:\/\/schema.org\",\"@graph\":[{\"@type\":\"WebPage\",\"@id\":\"https:\/\/aprovacao.website\/sysfort\/limpeza-e-conservacao\/\",\"url\":\"https:\/\/aprovacao.website\/sysfort\/limpeza-e-conservacao\/\",\"name\":\"Limpeza e Conserva\u00e7\u00e3o - Sysfort Servi\u00e7os Terceirizados\",\"isPartOf\":{\"@id\":\"https:\/\/aprovacao.website\/sysfort\/#website\"},\"datePublished\":\"2019-10-22T12:31:43+00:00\",\"dateModified\":\"2024-12-10T02:32:54+00:00\",\"description\":\"A Sysfort oferece solu\u00e7\u00f5es de limpeza e conserva\u00e7\u00e3o sob medida para cada cliente. Higieniza\u00e7\u00e3o, limpeza, varri\u00e7\u00e3o, conserva\u00e7\u00e3o e muito mais. Confira!\",\"breadcrumb\":{\"@id\":\"https:\/\/aprovacao.website\/sysfort\/limpeza-e-conservacao\/#breadcrumb\"},\"inLanguage\":\"pt-BR\",\"potentialAction\":[{\"@type\":\"ReadAction\",\"target\":[\"https:\/\/aprovacao.website\/sysfort\/limpeza-e-conservacao\/\"]}]},{\"@type\":\"BreadcrumbList\",\"@id\":\"https:\/\/aprovacao.website\/sysfort\/limpeza-e-conservacao\/#breadcrumb\",\"itemListElement\":[{\"@type\":\"ListItem\",\"position\":1,\"name\":\"Home\",\"item\":\"https:\/\/aprovacao.website\/sysfort\/\"},{\"@type\":\"ListItem\",\"position\":2,\"name\":\"Limpeza e Conserva\u00e7\u00e3o\"}]},{\"@type\":\"WebSite\",\"@id\":\"https:\/\/aprovacao.website\/sysfort\/#website\",\"url\":\"https:\/\/aprovacao.website\/sysfort\/\",\"name\":\"Sysfort\",\"description\":\"Portaria, Limpeza e Seguran\u00e7a para Empresas e Condom\u00ednios\",\"potentialAction\":[{\"@type\":\"SearchAction\",\"target\":{\"@type\":\"EntryPoint\",\"urlTemplate\":\"https:\/\/aprovacao.website\/sysfort\/?s={search_term_string}\"},\"query-input\":{\"@type\":\"PropertyValueSpecification\",\"valueRequired\":true,\"valueName\":\"search_term_string\"}}],\"inLanguage\":\"pt-BR\"}]}<\/script>\n<!-- \/ Yoast SEO plugin. -->","yoast_head_json":{"title":"Limpeza e Conserva\u00e7\u00e3o - Sysfort Servi\u00e7os Terceirizados","description":"A Sysfort oferece solu\u00e7\u00f5es de limpeza e conserva\u00e7\u00e3o sob medida para cada cliente. Higieniza\u00e7\u00e3o, limpeza, varri\u00e7\u00e3o, conserva\u00e7\u00e3o e muito mais. Confira!","robots":{"index":"index","follow":"follow","max-snippet":"max-snippet:-1","max-image-preview":"max-image-preview:large","max-video-preview":"max-video-preview:-1"},"canonical":"https:\/\/aprovacao.website\/sysfort\/limpeza-e-conservacao\/","og_locale":"pt_BR","og_type":"article","og_title":"Limpeza e Conserva\u00e7\u00e3o - Sysfort Servi\u00e7os Terceirizados","og_description":"A Sysfort oferece solu\u00e7\u00f5es de limpeza e conserva\u00e7\u00e3o sob medida para cada cliente. Higieniza\u00e7\u00e3o, limpeza, varri\u00e7\u00e3o, conserva\u00e7\u00e3o e muito mais. Confira!","og_url":"https:\/\/aprovacao.website\/sysfort\/limpeza-e-conservacao\/","og_site_name":"Sysfort","article_modified_time":"2024-12-10T02:32:54+00:00","twitter_card":"summary_large_image","twitter_misc":{"Est. tempo de leitura":"1 minuto"},"schema":{"@context":"https:\/\/schema.org","@graph":[{"@type":"WebPage","@id":"https:\/\/aprovacao.website\/sysfort\/limpeza-e-conservacao\/","url":"https:\/\/aprovacao.website\/sysfort\/limpeza-e-conservacao\/","name":"Limpeza e Conserva\u00e7\u00e3o - Sysfort Servi\u00e7os Terceirizados","isPartOf":{"@id":"https:\/\/aprovacao.website\/sysfort\/#website"},"datePublished":"2019-10-22T12:31:43+00:00","dateModified":"2024-12-10T02:32:54+00:00","description":"A Sysfort oferece solu\u00e7\u00f5es de limpeza e conserva\u00e7\u00e3o sob medida para cada cliente. Higieniza\u00e7\u00e3o, limpeza, varri\u00e7\u00e3o, conserva\u00e7\u00e3o e muito mais. Confira!","breadcrumb":{"@id":"https:\/\/aprovacao.website\/sysfort\/limpeza-e-conservacao\/#breadcrumb"},"inLanguage":"pt-BR","potentialAction":[{"@type":"ReadAction","target":["https:\/\/aprovacao.website\/sysfort\/limpeza-e-conservacao\/"]}]},{"@type":"BreadcrumbList","@id":"https:\/\/aprovacao.website\/sysfort\/limpeza-e-conservacao\/#breadcrumb","itemListElement":[{"@type":"ListItem","position":1,"name":"Home","item":"https:\/\/aprovacao.website\/sysfort\/"},{"@type":"ListItem","position":2,"name":"Limpeza e Conserva\u00e7\u00e3o"}]},{"@type":"WebSite","@id":"https:\/\/aprovacao.website\/sysfort\/#website","url":"https:\/\/aprovacao.website\/sysfort\/","name":"Sysfort","description":"Portaria, Limpeza e Seguran\u00e7a para Empresas e Condom\u00ednios","potentialAction":[{"@type":"SearchAction","target":{"@type":"EntryPoint","urlTemplate":"https:\/\/aprovacao.website\/sysfort\/?s={search_term_string}"},"query-input":{"@type":"PropertyValueSpecification","valueRequired":true,"valueName":"search_term_string"}}],"inLanguage":"pt-BR"}]}},"_links":{"self":[{"href":"https:\/\/aprovacao.website\/sysfort\/wp-json\/wp\/v2\/pages\/409","targetHints":{"allow":["GET"]}}],"collection":[{"href":"https:\/\/aprovacao.website\/sysfort\/wp-json\/wp\/v2\/pages"}],"about":[{"href":"https:\/\/aprovacao.website\/sysfort\/wp-json\/wp\/v2\/types\/page"}],"author":[{"embeddable":true,"href":"https:\/\/aprovacao.website\/sysfort\/wp-json\/wp\/v2\/users\/2"}],"replies":[{"embeddable":true,"href":"https:\/\/aprovacao.website\/sysfort\/wp-json\/wp\/v2\/comments?post=409"}],"version-history":[{"count":2,"href":"https:\/\/aprovacao.website\/sysfort\/wp-json\/wp\/v2\/pages\/409\/revisions"}],"predecessor-version":[{"id":9614,"href":"https:\/\/aprovacao.website\/sysfort\/wp-json\/wp\/v2\/pages\/409\/revisions\/9614"}],"wp:attachment":[{"href":"https:\/\/aprovacao.website\/sysfort\/wp-json\/wp\/v2\/media?parent=409"}],"curies":[{"name":"wp","href":"https:\/\/api.w.org\/{rel}","templated":true}]}}