{"id":101,"date":"2017-12-21T12:58:04","date_gmt":"2017-12-21T14:58:04","guid":{"rendered":"http:\/\/s.sysfort.com.br\/?page_id=101"},"modified":"2024-12-17T16:59:26","modified_gmt":"2024-12-17T19:59:26","slug":"rh","status":"publish","type":"page","link":"https:\/\/aprovacao.website\/sysfort\/rh\/","title":{"rendered":"RH"},"content":{"rendered":"\t<section class=\"section\" id=\"section_477931207\">\n\t\t<div class=\"bg section-bg fill bg-fill  bg-loaded\" >\n\n\t\t\t\n\t\t\t\n\t\t\t\n\t<div class=\"is-border\"\n\t\tstyle=\"border-color:rgb(235, 235, 235);border-width:1px 0px 0px 0px;\">\n\t<\/div>\n\n\t\t<\/div>\n\n\t\t<div class=\"section-content relative\">\n\t\t\t\n<div class=\"row row-large align-middle align-center\"  id=\"row-306399469\">\n\n\t<div class=\"col medium-6 small-12 large-6\"  >\n\t\t<div class=\"col-inner box-shadow-2 box-shadow-5-hover\" style=\"background-color:rgb(255, 255, 255);padding:15px 15px 15px 15px;\" >\n\t\t\t\n\t\t\t\n<div class=\"container section-title-container\" ><h3 class=\"section-title section-title-normal\"><b><\/b><span class=\"section-title-main\" >RH<\/span><b><\/b><\/h3><\/div>\n\t<div class=\"img has-hover x md-x lg-x y md-y lg-y\" id=\"image_184333244\">\n\t\t\t\t\t\t\t\t<div class=\"img-inner dark\" >\n\t\t\t<img loading=\"lazy\" decoding=\"async\" width=\"800\" height=\"800\" src=\"https:\/\/aprovacao.website\/sysfort\/wp-content\/uploads\/2024\/12\/Syasfort-RH-800x800.jpg\" class=\"attachment-large size-large\" alt=\"\" srcset=\"https:\/\/aprovacao.website\/sysfort\/wp-content\/uploads\/2024\/12\/Syasfort-RH-800x800.jpg 800w, https:\/\/aprovacao.website\/sysfort\/wp-content\/uploads\/2024\/12\/Syasfort-RH-400x400.jpg 400w, https:\/\/aprovacao.website\/sysfort\/wp-content\/uploads\/2024\/12\/Syasfort-RH-280x280.jpg 280w, https:\/\/aprovacao.website\/sysfort\/wp-content\/uploads\/2024\/12\/Syasfort-RH-768x768.jpg 768w, https:\/\/aprovacao.website\/sysfort\/wp-content\/uploads\/2024\/12\/Syasfort-RH.jpg 1080w\" sizes=\"auto, (max-width: 800px) 100vw, 800px\" \/>\t\t\t\t\t\t\n\t\t\t\t\t<\/div>\n\t\t\t\t\t\t\t\t\n<style scope=\"scope\">\n\n#image_184333244 {\n  width: 100%;\n}\n<\/style>\n\t<\/div>\n\t\n\t\t<\/div>\n\t<\/div>\n\n\t\n\n\t<div class=\"col medium-6 small-12 large-6\"  >\n\t\t<div class=\"col-inner text-center\"  >\n\t\t\t\n\t\t\t\n<p style=\"text-align: left;\">Durante esses 14 anos, nossa equipe foi constru\u00edda com muito respeito e aten\u00e7\u00e3o, visto que lideramos perante o exemplo.<\/p>\n<p style=\"text-align: left;\">Todo o processo de sele\u00e7\u00e3o e treinamento dos profissionais \u00e9 feito por uma equipe de Recursos Humanos experiente e pronta, que possui como objetivo colocar dentro de seu condom\u00ednio ou de sua empresa, o profissional preparado para lhe servir.<\/p>\n<p style=\"text-align: left;\">Trabalhamos de forma personalizada, sempre buscando os mais apropriados profissionais. Nosso recrutamento \u00e9 criterioso e objetivo, tratando cada ser humano como \u00fanico.<\/p>\n<p style=\"text-align: left;\">Al\u00e9m do treinamento de integra\u00e7\u00e3o, temos a pol\u00edtica de treinamentos di\u00e1rios, onde nossos supervisores est\u00e3o constantemente em contato com nossos colaboradores refor\u00e7ando nosso DNA. A supervis\u00e3o SysFort \u00e9 extremamente focada em resultados e satisfa\u00e7\u00e3o de nossos clientes.<\/p>\n<p style=\"text-align: left;\">Para maiores informa\u00e7\u00f5es: <a href=\"mailto:adm@sysfort.com.br\" data-wplink-edit=\"true\">rh@sysfort.com.br<\/a><\/p>\n\t\t<\/div>\n\t<\/div>\n\n\t\n\n<style scope=\"scope\">\n\n<\/style>\n<\/div>\n\t\t<\/div>\n\n\t\t\n<style scope=\"scope\">\n\n#section_477931207 {\n  padding-top: 59px;\n  padding-bottom: 59px;\n  min-height: 300px;\n  background-color: rgb(240, 240, 240);\n}\n<\/style>\n\t<\/section>\n\t\n","protected":false},"excerpt":{"rendered":"","protected":false},"author":2,"featured_media":0,"parent":0,"menu_order":0,"comment_status":"closed","ping_status":"closed","template":"","meta":{"_joinchat":[],"footnotes":""},"class_list":["post-101","page","type-page","status-publish","hentry"],"yoast_head":"<!-- This site is optimized with the Yoast SEO plugin v27.2 - https:\/\/yoast.com\/product\/yoast-seo-wordpress\/ -->\n<title>RH - Sysfort<\/title>\n<meta name=\"robots\" content=\"index, follow, max-snippet:-1, max-image-preview:large, max-video-preview:-1\" \/>\n<link rel=\"canonical\" href=\"https:\/\/aprovacao.website\/sysfort\/rh\/\" \/>\n<meta property=\"og:locale\" content=\"pt_BR\" \/>\n<meta property=\"og:type\" content=\"article\" \/>\n<meta property=\"og:title\" content=\"RH - Sysfort\" \/>\n<meta property=\"og:url\" content=\"https:\/\/aprovacao.website\/sysfort\/rh\/\" \/>\n<meta property=\"og:site_name\" content=\"Sysfort\" \/>\n<meta property=\"article:modified_time\" content=\"2024-12-17T19:59:26+00:00\" \/>\n<meta name=\"twitter:card\" content=\"summary_large_image\" \/>\n<meta name=\"twitter:label1\" content=\"Est. tempo de leitura\" \/>\n\t<meta name=\"twitter:data1\" content=\"1 minuto\" \/>\n<script type=\"application\/ld+json\" class=\"yoast-schema-graph\">{\"@context\":\"https:\/\/schema.org\",\"@graph\":[{\"@type\":\"WebPage\",\"@id\":\"https:\/\/aprovacao.website\/sysfort\/rh\/\",\"url\":\"https:\/\/aprovacao.website\/sysfort\/rh\/\",\"name\":\"RH - Sysfort\",\"isPartOf\":{\"@id\":\"https:\/\/aprovacao.website\/sysfort\/#website\"},\"datePublished\":\"2017-12-21T14:58:04+00:00\",\"dateModified\":\"2024-12-17T19:59:26+00:00\",\"breadcrumb\":{\"@id\":\"https:\/\/aprovacao.website\/sysfort\/rh\/#breadcrumb\"},\"inLanguage\":\"pt-BR\",\"potentialAction\":[{\"@type\":\"ReadAction\",\"target\":[\"https:\/\/aprovacao.website\/sysfort\/rh\/\"]}]},{\"@type\":\"BreadcrumbList\",\"@id\":\"https:\/\/aprovacao.website\/sysfort\/rh\/#breadcrumb\",\"itemListElement\":[{\"@type\":\"ListItem\",\"position\":1,\"name\":\"Home\",\"item\":\"https:\/\/aprovacao.website\/sysfort\/\"},{\"@type\":\"ListItem\",\"position\":2,\"name\":\"RH\"}]},{\"@type\":\"WebSite\",\"@id\":\"https:\/\/aprovacao.website\/sysfort\/#website\",\"url\":\"https:\/\/aprovacao.website\/sysfort\/\",\"name\":\"Sysfort\",\"description\":\"Portaria, Limpeza e Seguran\u00e7a para Empresas e Condom\u00ednios\",\"potentialAction\":[{\"@type\":\"SearchAction\",\"target\":{\"@type\":\"EntryPoint\",\"urlTemplate\":\"https:\/\/aprovacao.website\/sysfort\/?s={search_term_string}\"},\"query-input\":{\"@type\":\"PropertyValueSpecification\",\"valueRequired\":true,\"valueName\":\"search_term_string\"}}],\"inLanguage\":\"pt-BR\"}]}<\/script>\n<!-- \/ Yoast SEO plugin. -->","yoast_head_json":{"title":"RH - Sysfort","robots":{"index":"index","follow":"follow","max-snippet":"max-snippet:-1","max-image-preview":"max-image-preview:large","max-video-preview":"max-video-preview:-1"},"canonical":"https:\/\/aprovacao.website\/sysfort\/rh\/","og_locale":"pt_BR","og_type":"article","og_title":"RH - Sysfort","og_url":"https:\/\/aprovacao.website\/sysfort\/rh\/","og_site_name":"Sysfort","article_modified_time":"2024-12-17T19:59:26+00:00","twitter_card":"summary_large_image","twitter_misc":{"Est. tempo de leitura":"1 minuto"},"schema":{"@context":"https:\/\/schema.org","@graph":[{"@type":"WebPage","@id":"https:\/\/aprovacao.website\/sysfort\/rh\/","url":"https:\/\/aprovacao.website\/sysfort\/rh\/","name":"RH - Sysfort","isPartOf":{"@id":"https:\/\/aprovacao.website\/sysfort\/#website"},"datePublished":"2017-12-21T14:58:04+00:00","dateModified":"2024-12-17T19:59:26+00:00","breadcrumb":{"@id":"https:\/\/aprovacao.website\/sysfort\/rh\/#breadcrumb"},"inLanguage":"pt-BR","potentialAction":[{"@type":"ReadAction","target":["https:\/\/aprovacao.website\/sysfort\/rh\/"]}]},{"@type":"BreadcrumbList","@id":"https:\/\/aprovacao.website\/sysfort\/rh\/#breadcrumb","itemListElement":[{"@type":"ListItem","position":1,"name":"Home","item":"https:\/\/aprovacao.website\/sysfort\/"},{"@type":"ListItem","position":2,"name":"RH"}]},{"@type":"WebSite","@id":"https:\/\/aprovacao.website\/sysfort\/#website","url":"https:\/\/aprovacao.website\/sysfort\/","name":"Sysfort","description":"Portaria, Limpeza e Seguran\u00e7a para Empresas e Condom\u00ednios","potentialAction":[{"@type":"SearchAction","target":{"@type":"EntryPoint","urlTemplate":"https:\/\/aprovacao.website\/sysfort\/?s={search_term_string}"},"query-input":{"@type":"PropertyValueSpecification","valueRequired":true,"valueName":"search_term_string"}}],"inLanguage":"pt-BR"}]}},"_links":{"self":[{"href":"https:\/\/aprovacao.website\/sysfort\/wp-json\/wp\/v2\/pages\/101","targetHints":{"allow":["GET"]}}],"collection":[{"href":"https:\/\/aprovacao.website\/sysfort\/wp-json\/wp\/v2\/pages"}],"about":[{"href":"https:\/\/aprovacao.website\/sysfort\/wp-json\/wp\/v2\/types\/page"}],"author":[{"embeddable":true,"href":"https:\/\/aprovacao.website\/sysfort\/wp-json\/wp\/v2\/users\/2"}],"replies":[{"embeddable":true,"href":"https:\/\/aprovacao.website\/sysfort\/wp-json\/wp\/v2\/comments?post=101"}],"version-history":[{"count":2,"href":"https:\/\/aprovacao.website\/sysfort\/wp-json\/wp\/v2\/pages\/101\/revisions"}],"predecessor-version":[{"id":9628,"href":"https:\/\/aprovacao.website\/sysfort\/wp-json\/wp\/v2\/pages\/101\/revisions\/9628"}],"wp:attachment":[{"href":"https:\/\/aprovacao.website\/sysfort\/wp-json\/wp\/v2\/media?parent=101"}],"curies":[{"name":"wp","href":"https:\/\/api.w.org\/{rel}","templated":true}]}}