{"id":13544,"date":"2025-10-08T08:53:54","date_gmt":"2025-10-08T11:53:54","guid":{"rendered":"https:\/\/aprovacao.website\/refit\/?page_id=13544"},"modified":"2025-10-08T08:53:54","modified_gmt":"2025-10-08T11:53:54","slug":"carta-resposta-anp","status":"publish","type":"page","link":"https:\/\/aprovacao.website\/refit\/carta-resposta-anp\/","title":{"rendered":"Carta Resposta &#8211; ANP"},"content":{"rendered":"\n\t<section class=\"section\" id=\"section_128290726\">\n\t\t<div class=\"section-bg fill\" >\n\t\t\t<img loading=\"lazy\" decoding=\"async\" width=\"1024\" height=\"749\" src=\"https:\/\/aprovacao.website\/refit\/wp-content\/uploads\/2025\/10\/manifesto-anp.webp\" class=\"bg attachment- size-\" alt=\"\" \/>\t\t\t\t\t\t<div class=\"section-bg-overlay absolute fill\"><\/div>\n\t\t\t\n\n\t\t<\/div>\n\n\t\t\n\n\t\t<div class=\"section-content relative\">\n\t\t\t\n<div class=\"row\"  id=\"row-1785772385\">\n\n\t<div id=\"col-1063526441\" class=\"col small-12 large-12\"  >\n\t\t\t\t<div class=\"col-inner\"  >\n\t\t\t\n\t\t\t\n\t<div id=\"gap-1921623150\" class=\"gap-element clearfix\" style=\"display:block; height:auto;\">\n\t\t\n<style>\n#gap-1921623150 {\n  padding-top: 50px;\n}\n<\/style>\n\t<\/div>\n\t\n<div class=\"container section-title-container\" ><h1 class=\"section-title section-title-center\"><b><\/b><span class=\"section-title-main\" style=\"color:#fa4d02;\">Carta resposta - ANP<\/span><b><\/b><\/h1><\/div>\n\t\t<\/div>\n\t\t\t\t\t<\/div>\n\n\t\n<\/div>\n\t\t<\/div>\n\n\t\t\n<style>\n#section_128290726 {\n  padding-top: 30px;\n  padding-bottom: 30px;\n  background-color: #000000;\n}\n#section_128290726 .section-bg-overlay {\n  background-color: rgba(0, 0, 0, 0.674);\n}\n#section_128290726 .section-bg img {\n  object-position: 0% 19%;\n}\n<\/style>\n\t<\/section>\n\t\n\n\t<section class=\"section\" id=\"section_472665164\">\n\t\t<div class=\"section-bg fill\" >\n\t\t\t\t\t\t\t\t\t\n\t\t\t\n\n\t\t<\/div>\n\n\t\t\n\n\t\t<div class=\"section-content relative\">\n\t\t\t\n<div class=\"row\"  id=\"row-1504288943\">\n\n\t<div id=\"col-659840493\" class=\"col small-12 large-12\"  >\n\t\t\t\t<div class=\"col-inner\"  >\n\t\t\t\n\t\t\t\n<p><span style=\"font-weight: 400;\">A <strong>Refit<\/strong> protocolou no dia 30 de setembro na <strong>Ag\u00eancia Nacional do Petr\u00f3leo, G\u00e1s Natural e Biocombust\u00edveis (ANP)<\/strong> uma carta-resposta em que afirma estar adotando todas as exig\u00eancias da ag\u00eancia que embasaram a interdi\u00e7\u00e3o determinada semana passada. Apesar disso, a empresa pontua que os 11 pontos levantados pela ag\u00eancia durante a fiscaliza\u00e7\u00e3o n\u00e3o est\u00e3o entre os crit\u00e9rios considerados pela <strong>legisla\u00e7\u00e3o (artigo 5\u00ba da Lei n\u00ba 9.847\/1999)<\/strong> que prev\u00ea uma interdi\u00e7\u00e3o, pois n\u00e3o representam riscos ao consumidor, ao patrim\u00f4nio p\u00fablico ou ao meio ambiente.\u00a0<\/span><\/p>\n<p><span style=\"font-weight: 400;\">Refit tamb\u00e9m solicitou uma reuni\u00e3o presencial com a ANP com a presen\u00e7a de analistas com conhecimento t\u00e9cnico na \u00e1rea para o melhor entendimento da Ag\u00eancia de algumas quest\u00f5es espec\u00edficas do processo de refino.<\/span><\/p>\n<h2><strong><span style=\"color: #fb5107;\">Aus\u00eancia de justificativa para Interdi\u00e7\u00e3o<\/span><\/strong><\/h2>\n<p><span style=\"font-weight: 400;\">A <strong>Refit<\/strong> ressalta que a pr\u00f3pria metodologia da <strong>ANP<\/strong> para caracteriza\u00e7\u00e3o de processos que n\u00e3o est\u00e3o em conformidade com as regras exige a comprova\u00e7\u00e3o de falha grave, vinculada a elemento cr\u00edtico de seguran\u00e7a operacional e configurando risco grave e iminente. Nenhuma das situa\u00e7\u00f5es descritas no auto de fiscaliza\u00e7\u00e3o preenche esses crit\u00e9rios e, portanto, n\u00e3o enquadram nas hip\u00f3teses legais que autorizariam a interdi\u00e7\u00e3o total das instala\u00e7\u00f5es. Assim, a empresa entende que a interdi\u00e7\u00e3o cautelar carece de fundamento t\u00e9cnico e jur\u00eddico, configurando medida desproporcional e arbitr\u00e1ria.<\/span><\/p>\n<p><span style=\"font-weight: 400;\">Al\u00e9m da aus\u00eancia de fundamenta\u00e7\u00e3o, a divulga\u00e7\u00e3o de acusa\u00e7\u00f5es vagas de aus\u00eancia do processo de refino em suas instala\u00e7\u00f5es por autoridades da ANP \u00e0 m\u00eddia n\u00e3o constam no auto de infra\u00e7\u00e3o, o que caracteriza afronta aos princ\u00edpios constitucionais da legalidade, razoabilidade, proporcionalidade, contradit\u00f3rio e ampla defesa.<\/span><\/p>\n<h2><strong><span style=\"color: #fb5107;\">Caracter\u00edsticas dos produtos analisados<\/span><\/strong><\/h2>\n<p><span style=\"font-weight: 400;\">Em rela\u00e7\u00e3o \u00e0 qualidade dos produtos, por exemplo, ANP concluiu que n\u00e3o foram encontradas discrep\u00e2ncias entre os resultados declarados pela empresa nas especifica\u00e7\u00f5es de gasolina automotiva e os que foram inspecionados. O mesmo ocorreu com a an\u00e1lise dos produtos importados nos \u00faltimos 12 meses e devidamente certificados \u2013 o que demonstra n\u00e3o haver necessidade de paralisa\u00e7\u00e3o total das atividades.<\/span><\/p>\n<p><span style=\"font-weight: 400;\">Foi constatado ainda que as mat\u00e9rias primas analisadas n\u00e3o se configuram como gasolina automotiva importada, sendo necess\u00e1rio, portanto, o processo de refino para que o produto seja comercializado no mercado. Diante de tal constata\u00e7\u00e3o, n\u00e3o \u00e9 fact\u00edvel dizer que a <strong>Refit<\/strong> n\u00e3o realiza o refino dos produtos.<\/span><\/p>\n<h2><strong><span style=\"color: #fb5107;\">Medidas adotadas<\/span><\/strong><\/h2>\n<p><span style=\"font-weight: 400;\">Apesar de discordar da suspens\u00e3o, mas para demonstrar sua boa-f\u00e9 e logo viabilizar a pronta desinterdi\u00e7\u00e3o e retomada segura das opera\u00e7\u00f5es &#8211; das quais depende a subsist\u00eancia de cerca de 2.500 trabalhadores -, a <strong>Refit<\/strong> adotou um conjunto de medidas t\u00e9cnicas, administrativas e documentais para atender \u00e0s condicionantes impostas pela ANP, mesmo que n\u00e3o exigidas pela legisla\u00e7\u00e3o.<\/span><\/p>\n<p><span style=\"font-weight: 400;\">Isso inclui a totaliza\u00e7\u00e3o automatizada dos volumes processados, o detalhamento adicional dos processos de gest\u00e3o das unidades de refino,\u00a0 a apresenta\u00e7\u00e3o de evid\u00eancias t\u00e9cnicas sobre as torres de destila\u00e7\u00e3o, a apresenta\u00e7\u00e3o de parecer e documenta\u00e7\u00e3o t\u00e9cnica que demonstram a racionalidade econ\u00f4mica e t\u00e9cnica do processamento de mat\u00e9rias-primas, aperfei\u00e7oamento no isolamento j\u00e1 existentes dos tanques de armazenamento, entre outras medidas administrativas, de governan\u00e7a e compromisso institucional.\u00a0\u00a0\u00a0<\/span><\/p>\n<p><span style=\"font-weight: 400;\">A ado\u00e7\u00e3o imediata dessas medidas demonstra a postura colaborativa e respons\u00e1vel da <strong>Refit<\/strong>, que busca a r\u00e1pida solu\u00e7\u00e3o para restabelecer a normalidade operacional sem preju\u00edzo da seguran\u00e7a, do meio ambiente ou do consumidor. Todos os documentos comprobat\u00f3rios foram protocolados ao processo administrativo na ANP nos termos indicados no auto de fiscaliza\u00e7\u00e3o.<\/span><\/p>\n\t\t<\/div>\n\t\t\t\t\t<\/div>\n\n\t\n\n\t<div id=\"col-647020805\" class=\"col medium-6 small-12 large-6\"  >\n\t\t\t\t<div class=\"col-inner\"  >\n\t\t\t\n\t\t\t\n\t<div class=\"img has-hover x md-x lg-x y md-y lg-y\" id=\"image_555885853\">\n\t\t\t\t\t\t\t\t<div class=\"img-inner dark\" >\n\t\t\t\t\t\t\t\t\t\n\t\t\t\t\t<\/div>\n\t\t\t\t\t\t\t\t\n<style>\n#image_555885853 {\n  width: 100%;\n}\n<\/style>\n\t<\/div>\n\t\n\t\t<\/div>\n\t\t\t\t\t<\/div>\n\n\t\n<\/div>\n\t\t<\/div>\n\n\t\t\n<style>\n#section_472665164 {\n  padding-top: 30px;\n  padding-bottom: 30px;\n}\n<\/style>\n\t<\/section>\n\t\n","protected":false},"excerpt":{"rendered":"","protected":false},"author":1,"featured_media":0,"parent":0,"menu_order":0,"comment_status":"closed","ping_status":"closed","template":"page-blank.php","meta":{"footnotes":""},"class_list":["post-13544","page","type-page","status-publish","hentry"],"_links":{"self":[{"href":"https:\/\/aprovacao.website\/refit\/wp-json\/wp\/v2\/pages\/13544","targetHints":{"allow":["GET"]}}],"collection":[{"href":"https:\/\/aprovacao.website\/refit\/wp-json\/wp\/v2\/pages"}],"about":[{"href":"https:\/\/aprovacao.website\/refit\/wp-json\/wp\/v2\/types\/page"}],"author":[{"embeddable":true,"href":"https:\/\/aprovacao.website\/refit\/wp-json\/wp\/v2\/users\/1"}],"replies":[{"embeddable":true,"href":"https:\/\/aprovacao.website\/refit\/wp-json\/wp\/v2\/comments?post=13544"}],"version-history":[{"count":1,"href":"https:\/\/aprovacao.website\/refit\/wp-json\/wp\/v2\/pages\/13544\/revisions"}],"predecessor-version":[{"id":13546,"href":"https:\/\/aprovacao.website\/refit\/wp-json\/wp\/v2\/pages\/13544\/revisions\/13546"}],"wp:attachment":[{"href":"https:\/\/aprovacao.website\/refit\/wp-json\/wp\/v2\/media?parent=13544"}],"curies":[{"name":"wp","href":"https:\/\/api.w.org\/{rel}","templated":true}]}}