{"id":13450,"date":"2025-10-07T12:28:11","date_gmt":"2025-10-07T15:28:11","guid":{"rendered":"https:\/\/aprovacao.website\/refit\/?page_id=13450"},"modified":"2025-10-08T16:57:00","modified_gmt":"2025-10-08T19:57:00","slug":"refit-em-numeros","status":"publish","type":"page","link":"https:\/\/aprovacao.website\/refit\/refit-em-numeros\/","title":{"rendered":"Refit em n\u00fameros"},"content":{"rendered":"\n\t<section class=\"section has-parallax\" id=\"section_484259338\">\n\t\t<div class=\"section-bg fill\" data-parallax-container=\".section\" data-parallax-background data-parallax=\"-5\">\n\t\t\t<img loading=\"lazy\" decoding=\"async\" width=\"1200\" height=\"670\" src=\"https:\/\/aprovacao.website\/refit\/wp-content\/uploads\/2025\/10\/REFIT-refinaria.jpg\" class=\"bg attachment-original size-original\" alt=\"\" \/>\t\t\t\t\t\t<div class=\"section-bg-overlay absolute fill\"><\/div>\n\t\t\t\n\n\t\t<\/div>\n\n\t\t\n\n\t\t<div class=\"section-content relative\">\n\t\t\t\n<div class=\"row\"  id=\"row-1825212356\">\n\n\t<div id=\"col-538802540\" class=\"col small-12 large-12\"  >\n\t\t\t\t<div class=\"col-inner\"  >\n\t\t\t\n\t\t\t\n\t<div id=\"gap-1084872485\" class=\"gap-element clearfix\" style=\"display:block; height:auto;\">\n\t\t\n<style>\n#gap-1084872485 {\n  padding-top: 50px;\n}\n<\/style>\n\t<\/div>\n\t\n<div class=\"container section-title-container\" ><h1 class=\"section-title section-title-center\"><b><\/b><span class=\"section-title-main\" style=\"color:#fa4d02;\">Refit em n\u00fameros<\/span><b><\/b><\/h1><\/div>\n\t\t<\/div>\n\t\t\t\t\t<\/div>\n\n\t\n<\/div>\n\t\t<\/div>\n\n\t\t\n<style>\n#section_484259338 {\n  padding-top: 30px;\n  padding-bottom: 30px;\n  background-color: #000000;\n}\n#section_484259338 .section-bg-overlay {\n  background-color: rgba(0, 0, 0, 0.674);\n}\n#section_484259338 .section-bg img {\n  object-position: 0% 19%;\n}\n<\/style>\n\t<\/section>\n\t\n\n\t<section class=\"section has-parallax\" id=\"section_1254929372\">\n\t\t<div class=\"section-bg fill\" data-parallax-container=\".section\" data-parallax-background data-parallax=\"-5\">\n\t\t\t<img loading=\"lazy\" decoding=\"async\" width=\"1237\" height=\"1750\" src=\"https:\/\/aprovacao.website\/refit\/wp-content\/uploads\/2025\/10\/numeros-refit-1.jpg\" class=\"bg attachment- size-\" alt=\"\" \/>\t\t\t\t\t\t\n\t\t\t\n\n\t\t<\/div>\n\n\t\t\n\n\t\t<div class=\"section-content relative\">\n\t\t\t\n<div class=\"row\"  id=\"row-1192192520\">\n\n\t<div id=\"col-366162820\" class=\"col medium-1 small-12 large-1\"  >\n\t\t\t\t<div class=\"col-inner\"  >\n\t\t\t\n\t\t\t\n\t\t<\/div>\n\t\t\t\t\t<\/div>\n\n\t\n\n\t<div id=\"col-684710823\" class=\"col medium-10 small-12 large-10\"  >\n\t\t\t\t<div class=\"col-inner\"  >\n\t\t\t\n\t\t\t\n\t<div id=\"text-3278620683\" class=\"text\">\n\t\t\n<p><span style=\"font-weight: 400;\"><span style=\"color: #fb5107;\"><strong><span style=\"font-size: 180%;\">70 anos<\/span><\/strong><\/span> de experi\u00eancia no refino de petr\u00f3leo<\/span><\/p>\n<p><span style=\"font-weight: 400;\"><span style=\"color: #fb5107;\"><strong><span style=\"font-size: 180%;\">600 mil<\/span><\/strong><\/span> metros quadrados de f\u00e1brica<\/span><\/p>\n<p><span style=\"font-weight: 400;\"><span style=\"color: #fb5107;\"><strong><span style=\"font-size: 180%;\">250 milh\u00f5es<\/span><\/strong><\/span> de litros de capacidade de armazenamento de l\u00edquidos<\/span><\/p>\n<p><span style=\"font-weight: 400;\"><span style=\"color: #fb5107;\"><strong><span style=\"font-size: 180%;\">1,5 bilh\u00e3o<\/span><\/strong><\/span> de litros de combust\u00edveis produzidos por ano\u00a0<\/span><\/p>\n<p><span style=\"font-weight: 400;\"><span style=\"color: #fb5107;\"><strong><span style=\"font-size: 180%;\">100 tanques<\/span><\/strong><\/span> de armazenamento em pontos estrat\u00e9gicos<\/span><\/p>\n<p><span style=\"font-weight: 400;\"><span style=\"color: #fb5107;\"><strong><span style=\"font-size: 180%;\">4.000 empregos<\/span><\/strong><\/span> diretos e indiretos\u00a0<\/span><\/p>\n<p><span style=\"font-weight: 400;\"><span style=\"color: #fb5107;\"><strong><span style=\"font-size: 180%;\">98%<\/span> <\/strong><\/span>de redu\u00e7\u00e3o da \u00e1rea contaminada<\/span><\/p>\n<p><span style=\"font-weight: 400;\"><span style=\"color: #fb5107;\"><strong><span style=\"font-size: 180%;\">169 po\u00e7os<\/span><\/strong><\/span> monitorados mensalmente em toda a \u00e1rea da Refinaria<\/span><\/p>\n<p><span style=\"font-weight: 400;\"><span style=\"color: #fb5107;\"><strong><span style=\"font-size: 180%;\">5 relat\u00f3rios anuais<\/span><\/strong><\/span> de efici\u00eancia e resultados enviado ao INEA\u00a0<\/span><\/p>\n\t\t\n<style>\n#text-3278620683 {\n  line-height: 1.25;\n}\n<\/style>\n\t<\/div>\n\t\n<div class=\"is-divider divider clearfix\" style=\"max-width:400px;\"><\/div>\n<h2><span style=\"color: #fb5107;\"><b>Usina da Cidadania<\/b><\/span><\/h2>\n<p><span style=\"font-weight: 400;\"><span style=\"color: #fb5107;\"><strong><span style=\"font-size: 180%;\">500 jovens<\/span><\/strong><\/span> praticam esportes recebem aulas de refor\u00e7o\u00a0 escolar<\/span><\/p>\n<p><span style=\"font-weight: 400;\"><strong><span style=\"font-size: 180%;\"><span style=\"color: #fb5107;\">12 mil<\/span><\/span><\/strong> crian\u00e7as e adolescentes impactados\u00a0\u00a0<\/span><\/p>\n<p><span style=\"font-weight: 400;\"><span style=\"color: #fb5107;\"><strong><span style=\"font-size: 180%;\">10 atividades<\/span><\/strong><\/span> oferecidas aos jovens, entre artes marciais, artes e dan\u00e7a<\/span><\/p>\n<p><span style=\"font-weight: 400;\"><span style=\"color: #fb5107;\"><strong><span style=\"font-size: 180%;\">500<\/span> <\/strong><\/span>cestas b\u00e1sicas distribu\u00eddas por m\u00eas\u00a0<\/span><\/p>\n\t\t<\/div>\n\t\t\t\t\t<\/div>\n\n\t\n<\/div>\n\t\t<\/div>\n\n\t\t\n<style>\n#section_1254929372 {\n  padding-top: 30px;\n  padding-bottom: 30px;\n}\n<\/style>\n\t<\/section>\n\t\n","protected":false},"excerpt":{"rendered":"","protected":false},"author":1,"featured_media":0,"parent":0,"menu_order":0,"comment_status":"closed","ping_status":"closed","template":"page-blank.php","meta":{"footnotes":""},"class_list":["post-13450","page","type-page","status-publish","hentry"],"_links":{"self":[{"href":"https:\/\/aprovacao.website\/refit\/wp-json\/wp\/v2\/pages\/13450","targetHints":{"allow":["GET"]}}],"collection":[{"href":"https:\/\/aprovacao.website\/refit\/wp-json\/wp\/v2\/pages"}],"about":[{"href":"https:\/\/aprovacao.website\/refit\/wp-json\/wp\/v2\/types\/page"}],"author":[{"embeddable":true,"href":"https:\/\/aprovacao.website\/refit\/wp-json\/wp\/v2\/users\/1"}],"replies":[{"embeddable":true,"href":"https:\/\/aprovacao.website\/refit\/wp-json\/wp\/v2\/comments?post=13450"}],"version-history":[{"count":9,"href":"https:\/\/aprovacao.website\/refit\/wp-json\/wp\/v2\/pages\/13450\/revisions"}],"predecessor-version":[{"id":13585,"href":"https:\/\/aprovacao.website\/refit\/wp-json\/wp\/v2\/pages\/13450\/revisions\/13585"}],"wp:attachment":[{"href":"https:\/\/aprovacao.website\/refit\/wp-json\/wp\/v2\/media?parent=13450"}],"curies":[{"name":"wp","href":"https:\/\/api.w.org\/{rel}","templated":true}]}}