{"id":13445,"date":"2025-10-07T12:20:18","date_gmt":"2025-10-07T15:20:18","guid":{"rendered":"https:\/\/aprovacao.website\/refit\/?page_id=13445"},"modified":"2025-10-08T21:33:47","modified_gmt":"2025-10-09T00:33:47","slug":"manifesto","status":"publish","type":"page","link":"https:\/\/aprovacao.website\/refit\/manifesto\/","title":{"rendered":"Manifesto"},"content":{"rendered":"\n\t<section class=\"section\" id=\"section_78302983\">\n\t\t<div class=\"section-bg fill\" >\n\t\t\t<img loading=\"lazy\" decoding=\"async\" width=\"201\" height=\"251\" src=\"https:\/\/aprovacao.website\/refit\/wp-content\/uploads\/2025\/10\/refit-na-midia.jpeg\" class=\"bg attachment-original size-original\" alt=\"\" \/>\t\t\t\t\t\t<div class=\"section-bg-overlay absolute fill\"><\/div>\n\t\t\t\n\n\t\t<\/div>\n\n\t\t\n\n\t\t<div class=\"section-content relative\">\n\t\t\t\n<div class=\"row\"  id=\"row-572753561\">\n\n\t<div id=\"col-781602163\" class=\"col small-12 large-12\"  >\n\t\t\t\t<div class=\"col-inner\"  >\n\t\t\t\n\t\t\t\n\t<div id=\"gap-1371007195\" class=\"gap-element clearfix\" style=\"display:block; height:auto;\">\n\t\t\n<style>\n#gap-1371007195 {\n  padding-top: 50px;\n}\n<\/style>\n\t<\/div>\n\t\n<div class=\"container section-title-container\" ><h1 class=\"section-title section-title-center\"><b><\/b><span class=\"section-title-main\" style=\"color:#fa4d02;\">Manifesto<\/span><b><\/b><\/h1><\/div>\n\t\t<\/div>\n\t\t\t\t\t<\/div>\n\n\t\n<\/div>\n\t\t<\/div>\n\n\t\t\n<style>\n#section_78302983 {\n  padding-top: 30px;\n  padding-bottom: 30px;\n  background-color: #000000;\n}\n#section_78302983 .section-bg-overlay {\n  background-color: rgba(0, 0, 0, 0.674);\n}\n#section_78302983 .section-bg img {\n  object-position: 0% 69%;\n}\n<\/style>\n\t<\/section>\n\t\n\n\t<section class=\"section\" id=\"section_478504823\">\n\t\t<div class=\"section-bg fill\" >\n\t\t\t\t\t\t\t\t\t\n\t\t\t\n\n\t\t<\/div>\n\n\t\t\n\n\t\t<div class=\"section-content relative\">\n\t\t\t\n<div class=\"row\"  id=\"row-2124782070\">\n\n\t<div id=\"col-275246500\" class=\"col small-12 large-12\"  >\n\t\t\t\t<div class=\"col-inner\"  >\n\t\t\t\n\t\t\t\n<h2><span style=\"color: #fb5107;\"><b>Refit: energia com responsabilidade, futuro com sustentabilidade.<\/b><\/span><\/h2>\n<p><span style=\"font-weight: 400;\">A Refit, uma das refinarias de petr\u00f3leo mais tradicionais do pa\u00eds com 70 anos de hist\u00f3ria, vem a p\u00fablico esclarecer informa\u00e7\u00f5es sobre a interdi\u00e7\u00e3o determinada pela Ag\u00eancia Nacional do Petr\u00f3leo (ANP) , no dia 26 de setembro, que culminou em paralisa\u00e7\u00e3o da f\u00e1brica e a dissemina\u00e7\u00e3o de diversos ataques e questionamentos que contrastam com a realidade do neg\u00f3cio e sua opera\u00e7\u00e3o no mercado brasileiro.<\/p>\n<p><\/span><span style=\"font-weight: 400;\">Disfar\u00e7adas de fiscaliza\u00e7\u00e3o e cruzada moral, as acusa\u00e7\u00f5es, sem provas, distorcem o compromisso da empresa com a qualidade e seguran\u00e7a de seus produtos, com a sustentabilidade ambiental e com a contribui\u00e7\u00e3o social para a comunidade que vive em torno da refinaria. Tamb\u00e9m desrespeitam o trabalho dos 2.500 funcion\u00e1rios, que se dedicam diariamente para elevar o padr\u00e3o do combust\u00edvel comercializado no Brasil.<\/span><span style=\"font-weight: 400;\"><br \/><\/span><span style=\"font-weight: 400;\"><br \/><\/span><span style=\"font-weight: 400;\">Movidos por indigna\u00e7\u00e3o e profundo senso de injusti\u00e7a diante da interdi\u00e7\u00e3o arbitr\u00e1ria, no in\u00edcio de outubro, muitos desses trabalhadores se reuniram no p\u00e1tio da f\u00e1brica da refinaria, localizada em Manguinhos, no Rio de Janeiro, em manifesta\u00e7\u00e3o de apoio \u00e0 companhia e protesto contra a interdi\u00e7\u00e3o.<\/span><span style=\"font-weight: 400;\"><br \/><\/span><span style=\"font-weight: 400;\"><br \/><\/span><span style=\"font-weight: 400;\">Al\u00e9m de acusa\u00e7\u00f5es, sem nenhum embasamento t\u00e9cnico, sobre a atividade de refino da empresa, mais recentemente surgiram questionamentos infundados sobre sua conduta ambiental. Diante das informa\u00e7\u00f5es inver\u00eddicas difundidas por fontes inconsequentes para meios de comunica\u00e7\u00e3o, \u00e9 importante esclarecer:<\/p>\n<p><\/span><\/p>\n<ul>\n<li><span style=\"font-weight: 400;\">Embora tenha herdado passivos ambientais de administra\u00e7\u00f5es anteriores, nos \u00faltimos dez anos, a Refit se tornou refer\u00eancia em recupera\u00e7\u00e3o de \u00e1reas contaminadas, conduzindo um dos planos de sustentabilidade mais consistentes do setor de energia no Brasil.\n<p><\/span><\/li>\n<li><span style=\"font-weight: 400;\">Desde 2015, sob supervis\u00e3o cont\u00ednua do <strong>Instituto Estadual do Ambiente (INEA)<\/strong>, a <strong>Refit<\/strong> adotou uma s\u00e9rie de medidas que resultaram na redu\u00e7\u00e3o de mais de 98% de \u00e1rea contaminada na planta da f\u00e1brica &#8211; de 14.492 m\u00b2 para apenas 68m\u00b2, equivalente a 0,3% da \u00e1rea total da refinaria. O espa\u00e7o est\u00e1 desativado h\u00e1 25 anos e n\u00e3o representa nenhuma amea\u00e7a \u00e0 sa\u00fade dos trabalhadores ou \u00e0 das fam\u00edlias das comunidades vizinhas.<br \/><\/span><span style=\"font-weight: 400;\"><br \/><\/span><\/li>\n<li><span style=\"font-weight: 400;\">O compromisso da <strong>Refit<\/strong> com pr\u00e1ticas sustent\u00e1veis tamb\u00e9m se reflete na conquista, em 2024, da certifica\u00e7\u00e3o internacional ISO 14001, mantida em 2025, que reconhece a excel\u00eancia do sistema de gest\u00e3o ambiental da companhia, com destaque para: 1) o co-processamento de res\u00edduos, que reintegra subprodutos aos processos produtivos, 2) o r\u00edgido controle de emiss\u00f5es atmosf\u00e9ricas e 3) o tratamento integral de efluentes l\u00edquidos, reutilizados no resfriamento das opera\u00e7\u00f5es e em sistemas de combate a inc\u00eandio. Nada \u00e9 descartado em rios ou corpos h\u00eddricos da regi\u00e3o.<\/span><span style=\"font-weight: 400;\"><br \/><\/span><\/li>\n<li><span style=\"font-weight: 400;\">Al\u00e9m da agenda ambiental, a<strong> Refit<\/strong> mant\u00e9m r\u00edgidos padr\u00f5es de qualidade em sua opera\u00e7\u00e3o industrial, sendo reconhecida no mercado pela excel\u00eancia de seus combust\u00edveis.\n<p><\/span><\/li>\n<li><span style=\"font-weight: 400;\">A empresa tamb\u00e9m adota um rigoroso processo de compliance em toda a sua cadeia de produ\u00e7\u00e3o a fim de evitar a adultera\u00e7\u00e3o dos seus produtos ou a comercializa\u00e7\u00e3o por organiza\u00e7\u00f5es criminosas.<br \/><\/span><span style=\"font-weight: 400;\"><br \/>Diante disso, a <strong>Refit<\/strong> reafirma que a interdi\u00e7\u00e3o anunciada pela <strong>Ag\u00eancia Nacional do Petr\u00f3leo (ANP)<\/strong> \u00e9 uma medida desproporcional e sem fundamento t\u00e9cnico ou jur\u00eddico, pois n\u00e3o existe risco grave ou iminente que justifique a suspens\u00e3o das opera\u00e7\u00f5es.<\/span><span style=\"font-weight: 400;\"><br \/><\/span><span style=\"font-weight: 400;\"><br \/><\/span><span style=\"font-weight: 400;\">Em postura de boa-f\u00e9 e colabora\u00e7\u00e3o, a <strong>Refit<\/strong> ainda informa que, imediatamente ap\u00f3s a interdi\u00e7\u00e3o, adotou um conjunto de medidas adicionais, como a automatiza\u00e7\u00e3o da medi\u00e7\u00e3o de volumes processados, pareceres t\u00e9cnicos sobre suas torres de destila\u00e7\u00e3o e a disponibiliza\u00e7\u00e3o de documenta\u00e7\u00e3o detalhada sobre as caracter\u00edsticas de seus produtos.<\/span><span style=\"font-weight: 400;\"><br \/><\/span><span style=\"font-weight: 400;\"><br \/><\/span><span style=\"font-weight: 400;\">Cabe ressaltar que a interdi\u00e7\u00e3o da Refit amea\u00e7a 4.000 empregos diretos e indiretos e prejudica a continuidade das iniciativas da Usina de Cidadania, projeto social criado pela companhia, que oferece cursos, cultura, esporte e forma\u00e7\u00e3o profissional para cerca mais de 500 crian\u00e7as e adolescentes da comunidade de Manguinhos e bairros vizinhos, das quais muitas est\u00e3o em situa\u00e7\u00e3o de vulnerabilidade.<\/span><span style=\"font-weight: 400;\"><br \/><\/span><span style=\"font-weight: 400;\"><br \/><\/span><span style=\"font-weight: 400;\">A Refit jamais permitir\u00e1 que interesses duvidosos de agentes que atuam com pr\u00e1ticas anticoncorrenciais e controle de pre\u00e7os no setor de combust\u00edveis afetem sua trajet\u00f3ria de resili\u00eancia e supera\u00e7\u00e3o.<\/span><span style=\"font-weight: 400;\"><br \/><\/span><span style=\"font-weight: 400;\"><br \/><\/span><span style=\"font-weight: 400;\">O objetivo para o futuro da Refit \u00e9 claro: elevar a qualidade dos combust\u00edveis do mercado, combater o crime organizado, assim como as pr\u00e1ticas de cartel, que impedem a livre concorr\u00eancia de competir de forma justa \u2013 o que, consequentemente, afeta os pre\u00e7os para o consumidor final e compromete o avan\u00e7o social e econ\u00f4mico da sociedade brasileira.<\/span><span style=\"font-weight: 400;\"><br \/><\/span><\/li>\n<\/ul>\n<div class=\"slider-wrapper relative\" id=\"slider-575952442\" >\n    <div class=\"slider slider-nav-circle slider-nav-large slider-nav-light slider-style-normal\"\n        data-flickity-options='{\n            \"cellAlign\": \"center\",\n            \"imagesLoaded\": true,\n            \"lazyLoad\": 1,\n            \"freeScroll\": false,\n            \"wrapAround\": true,\n            \"autoPlay\": 6000,\n            \"pauseAutoPlayOnHover\" : true,\n            \"prevNextButtons\": true,\n            \"contain\" : true,\n            \"adaptiveHeight\" : true,\n            \"dragThreshold\" : 10,\n            \"percentPosition\": true,\n            \"pageDots\": true,\n            \"rightToLeft\": false,\n            \"draggable\": true,\n            \"selectedAttraction\": 0.1,\n            \"parallax\" : 0,\n            \"friction\": 0.6        }'\n        >\n        \n\t<div class=\"img has-hover x md-x lg-x y md-y lg-y\" id=\"image_1440320995\">\n\t\t<a class=\"image-lightbox lightbox-gallery\" title=\"\" href=\"https:\/\/aprovacao.website\/refit\/wp-content\/uploads\/2025\/10\/refit-slider-1024x575.jpeg\">\t\t<div data-parallax-fade=\"true\" data-parallax=\"6\">\t\t\t\t<div class=\"img-inner dark\" >\n\t\t\t<img loading=\"lazy\" decoding=\"async\" width=\"1020\" height=\"573\" src=\"https:\/\/aprovacao.website\/refit\/wp-content\/uploads\/2025\/10\/refit-slider-1024x575.jpeg\" class=\"attachment-large size-large\" alt=\"\" srcset=\"https:\/\/aprovacao.website\/refit\/wp-content\/uploads\/2025\/10\/refit-slider-1024x575.jpeg 1024w, https:\/\/aprovacao.website\/refit\/wp-content\/uploads\/2025\/10\/refit-slider-300x169.jpeg 300w, https:\/\/aprovacao.website\/refit\/wp-content\/uploads\/2025\/10\/refit-slider-768x432.jpeg 768w, https:\/\/aprovacao.website\/refit\/wp-content\/uploads\/2025\/10\/refit-slider-1536x863.jpeg 1536w, https:\/\/aprovacao.website\/refit\/wp-content\/uploads\/2025\/10\/refit-slider.jpeg 1600w\" sizes=\"auto, (max-width: 1020px) 100vw, 1020px\" \/>\t\t\t\t\t\t\n\t\t\t\t\t<\/div>\n\t\t\t\t<\/div>\t\t<\/a>\t\t\n<style>\n#image_1440320995 {\n  width: 100%;\n}\n<\/style>\n\t<\/div>\n\t\n     <\/div>\n\n     <div class=\"loading-spin dark large centered\"><\/div>\n\n\t<\/div>\n\n\n\t\t<\/div>\n\t\t\t\t\t<\/div>\n\n\t\n<\/div>\n\t\t<\/div>\n\n\t\t\n<style>\n#section_478504823 {\n  padding-top: 30px;\n  padding-bottom: 30px;\n}\n<\/style>\n\t<\/section>\n\t\n","protected":false},"excerpt":{"rendered":"","protected":false},"author":1,"featured_media":0,"parent":0,"menu_order":0,"comment_status":"closed","ping_status":"closed","template":"page-blank.php","meta":{"footnotes":""},"class_list":["post-13445","page","type-page","status-publish","hentry"],"_links":{"self":[{"href":"https:\/\/aprovacao.website\/refit\/wp-json\/wp\/v2\/pages\/13445","targetHints":{"allow":["GET"]}}],"collection":[{"href":"https:\/\/aprovacao.website\/refit\/wp-json\/wp\/v2\/pages"}],"about":[{"href":"https:\/\/aprovacao.website\/refit\/wp-json\/wp\/v2\/types\/page"}],"author":[{"embeddable":true,"href":"https:\/\/aprovacao.website\/refit\/wp-json\/wp\/v2\/users\/1"}],"replies":[{"embeddable":true,"href":"https:\/\/aprovacao.website\/refit\/wp-json\/wp\/v2\/comments?post=13445"}],"version-history":[{"count":4,"href":"https:\/\/aprovacao.website\/refit\/wp-json\/wp\/v2\/pages\/13445\/revisions"}],"predecessor-version":[{"id":13642,"href":"https:\/\/aprovacao.website\/refit\/wp-json\/wp\/v2\/pages\/13445\/revisions\/13642"}],"wp:attachment":[{"href":"https:\/\/aprovacao.website\/refit\/wp-json\/wp\/v2\/media?parent=13445"}],"curies":[{"name":"wp","href":"https:\/\/api.w.org\/{rel}","templated":true}]}}