{"id":11948,"date":"2024-12-03T17:35:41","date_gmt":"2024-12-03T20:35:41","guid":{"rendered":"https:\/\/aprovacao.website\/refit\/?page_id=11948"},"modified":"2025-10-08T21:37:36","modified_gmt":"2025-10-09T00:37:36","slug":"noticias","status":"publish","type":"page","link":"https:\/\/aprovacao.website\/refit\/noticias\/","title":{"rendered":"Not\u00edcias"},"content":{"rendered":"  <div id=\"page-header-1315935440\" class=\"page-header-wrapper\">\n  <div class=\"page-title dark featured-title\">\n\n        <div class=\"page-title-bg\">\n      <div class=\"title-bg fill bg-fill\"\n        data-parallax-container=\".page-title\"\n        data-parallax-background\n        data-parallax=\"-\">\n      <\/div>\n      <div class=\"title-overlay fill\"><\/div>\n    <\/div>\n    \n    <div class=\"page-title-inner container align-center text-center flex-row-col medium-flex-wrap\" >\n              <div class=\"title-wrapper flex-col\">\n          <h1 class=\"entry-title mb-0\">\n            Not\u00edcias          <\/h1>\n        <\/div>\n                    <div class=\"title-content flex-col\">\n        <div class=\"title-breadcrumbs pb-half pt-half\"><\/div>      <\/div>\n    <\/div>\n\n     \n<style>\n#page-header-1315935440 .page-title-inner {\n  min-height: 200px;\n}\n#page-header-1315935440 .title-bg {\n  background-image: url(https:\/\/aprovacao.website\/refit\/wp-content\/uploads\/2025\/10\/noticias-refit.jpg);\n}\n#page-header-1315935440 .title-overlay {\n  background-color: rgba(3, 0, 0, 0.756);\n}\n#page-header-1315935440 .featured-title {\n  background-color: #fb5107;\n}\n<\/style>\n  <\/div>\n    <\/div>\n  \n<div class=\"row\"  id=\"row-1448449487\">\n\n\t<div id=\"col-750214871\" class=\"col medium-1 small-12 large-1\"  >\n\t\t\t\t<div class=\"col-inner\"  >\n\t\t\t\n\t\t\t\n\t\t<\/div>\n\t\t\t\t\t<\/div>\n\n\t\n\n\t<div id=\"col-1645690090\" class=\"col medium-10 small-12 large-10\"  >\n\t\t\t\t<div class=\"col-inner\"  >\n\t\t\t\n\t\t\t\n<h3><a href=\"https:\/\/www1.folha.uol.com.br\/mercado\/2025\/09\/sou-perseguido-pela-cosan-e-ameacado-pelo-pcc-diz-ricardo-magro.shtml#:~:text=Eu%20sou%20a%20pessoa%20que,a%20vida%20da%20minha%20fam%C3%ADlia.\"><img loading=\"lazy\" decoding=\"async\" class=\"alignleft wp-image-13586\" src=\"https:\/\/aprovacao.website\/refit\/wp-content\/uploads\/2025\/10\/Folha.png\" alt=\"\" width=\"200\" height=\"112\" \/><\/a><\/h3>\n<h3><a href=\"https:\/\/www1.folha.uol.com.br\/mercado\/2025\/09\/sou-perseguido-pela-cosan-e-ameacado-pelo-pcc-diz-ricardo-magro.shtml#:~:text=Eu%20sou%20a%20pessoa%20que,a%20vida%20da%20minha%20fam%C3%ADlia.\">Sou perseguido pela Cosan e amea\u00e7ado pelo PCC, diz Ricardo Magro<\/a><\/h3>\n<p>\u00a0<\/p>\n<hr \/>\n<p><img loading=\"lazy\" decoding=\"async\" class=\"wp-image-13598 size-full alignleft\" src=\"https:\/\/aprovacao.website\/refit\/wp-content\/uploads\/2025\/10\/2.jpg\" alt=\"\" width=\"200\" height=\"100\" \/><\/p>\n<h3><a href=\"https:\/\/www.poder360.com.br\/opiniao\/no-setor-de-combustiveis-vivo-sob-ameaca-do-crime\/\">No setor de combust\u00edveis, vivo sob amea\u00e7a, diz Ricardo Magro<\/a><\/h3>\n<p>\u00a0<\/p>\n<hr \/>\n<p><img loading=\"lazy\" decoding=\"async\" class=\"wp-image-13590 alignleft\" src=\"https:\/\/aprovacao.website\/refit\/wp-content\/uploads\/2025\/10\/metropoles.png\" alt=\"\" width=\"200\" height=\"133\" \/><\/p>\n<h3>\u00a0<\/h3>\n<h3><a href=\"https:\/\/www.poder360.com.br\/poder-energia\/refit-contesta-laudos-da-anp-sobre-qualidade-de-gasolina\/\">Refit contesta laudo da ANP sobre qualidade da Gasolina<\/a><\/h3>\n<p>\u00a0<\/p>\n<hr \/>\n<h3><img loading=\"lazy\" decoding=\"async\" class=\"alignnone wp-image-13591 alignleft\" src=\"https:\/\/aprovacao.website\/refit\/wp-content\/uploads\/2025\/10\/o-bastidor.png\" alt=\"\" width=\"200\" height=\"50\" srcset=\"https:\/\/aprovacao.website\/refit\/wp-content\/uploads\/2025\/10\/o-bastidor.png 450w, https:\/\/aprovacao.website\/refit\/wp-content\/uploads\/2025\/10\/o-bastidor-300x75.png 300w\" sizes=\"auto, (max-width: 200px) 100vw, 200px\" \/><\/h3>\n<h3><a href=\"https:\/\/obastidor.com.br\/economia\/refit-acusa-pietro-e-anp\/\">Refit acusa Pietro e ANP<\/a><\/h3>\n<p>\u00a0<\/p>\n<hr \/>\n<h3><img loading=\"lazy\" decoding=\"async\" class=\"wp-image-13592 alignleft\" src=\"https:\/\/aprovacao.website\/refit\/wp-content\/uploads\/2025\/10\/diario-do-poder.png\" alt=\"\" width=\"200\" height=\"112\" \/><\/h3>\n<h3>\u00a0<\/h3>\n<h3><a href=\"https:\/\/diariodopoder.com.br\/brasil-e-regioes\/foragido-no-caso-pcc-mourad-sofre-condenacao\">Foragido no caso PCC, Mourad sofre condena\u00e7\u00e3o<\/a><\/h3>\n<p>\u00a0<\/p>\n<hr \/>\n<h3><img loading=\"lazy\" decoding=\"async\" class=\"wp-image-13602 size-full alignleft\" src=\"https:\/\/aprovacao.website\/refit\/wp-content\/uploads\/2025\/10\/6.jpg\" alt=\"\" width=\"200\" height=\"100\" \/><\/h3>\n<h3>\u00a0<\/h3>\n<h3 class=\"content-head__title\"><a href=\"https:\/\/cbn.globo.com\/economia\/noticia\/2025\/07\/23\/cade-amplia-investigacoes-sobre-cartel-dos-combustiveis-e-anuncia-parceria-com-outros-orgaos.ghtml\">Cade amplia investiga\u00e7\u00f5es sobre cartel dos combust\u00edveis e anuncia parceria com outros \u00f3rg\u00e3os<\/a><\/h3>\n<hr \/>\n<h3><img loading=\"lazy\" decoding=\"async\" class=\"wp-image-13597 size-full alignleft\" src=\"https:\/\/aprovacao.website\/refit\/wp-content\/uploads\/2025\/10\/1.jpg\" alt=\"\" width=\"200\" height=\"100\" \/><\/h3>\n<h3>\u00a0<\/h3>\n<h3 class=\"font-bold text-3xl lg:text-4xl\"><a href=\"https:\/\/www.cnnbrasil.com.br\/economia\/macroeconomia\/cade-aplica-r-150-milhoes-em-multas-por-cartel-de-combustiveis-no-df\/\">Cade aplica R$ 150 milh\u00f5es em multas por cartel de combust\u00edveis no DF<\/a><\/h3>\n<hr \/>\n<h3><img loading=\"lazy\" decoding=\"async\" class=\"wp-image-13586 alignleft\" src=\"https:\/\/aprovacao.website\/refit\/wp-content\/uploads\/2025\/10\/Folha.png\" alt=\"\" width=\"200\" height=\"112\" \/><\/h3>\n<h3>\u00a0<\/h3>\n<h3><a href=\"https:\/\/www1.folha.uol.com.br\/colunas\/painelsa\/2025\/09\/dono-da-refit-aciona-petrobras-por-suposta-investigacao-privada.shtml\">Dono da Refit aciona Petrobr\u00e1s por suposta investiga\u00e7\u00e3o privada<\/a><\/h3>\n<p>\u00a0<\/p>\n<hr \/>\n<h3><img loading=\"lazy\" decoding=\"async\" class=\"wp-image-13603 size-full alignleft\" src=\"https:\/\/aprovacao.website\/refit\/wp-content\/uploads\/2025\/10\/veja.jpg\" alt=\"\" width=\"200\" height=\"100\" \/><\/h3>\n<h3>\u00a0<\/h3>\n<h3><a href=\"https:\/\/veja.abril.com.br\/coluna\/radar-economico\/rede-de-postos-preparam-ofensiva-contra-petrobras-e-ipiranga-no-cade\/\">Postos preparam ofensiva contra Petrobras e Ipiranga no Cade<\/a><\/h3>\n<hr \/>\n<h3><img loading=\"lazy\" decoding=\"async\" class=\"wp-image-13596 size-full alignleft\" src=\"https:\/\/aprovacao.website\/refit\/wp-content\/uploads\/2025\/10\/oeste.jpg\" alt=\"\" width=\"200\" height=\"100\" \/><\/h3>\n<h3>\u00a0<\/h3>\n<h3><a href=\"https:\/\/revistaoeste.com\/economia\/redes-de-postos-de-combustiveis-contestam-contratos-com-a-petrobras\/\">Rede de Postos de Combust\u00edveis contestam contratos com a Petrobr\u00e1s<\/a><\/h3>\n<hr \/>\n<h3><img loading=\"lazy\" decoding=\"async\" class=\"wp-image-13598 size-full alignleft\" src=\"https:\/\/aprovacao.website\/refit\/wp-content\/uploads\/2025\/10\/2.jpg\" alt=\"\" width=\"200\" height=\"100\" \/><\/h3>\n<h3>\u00a0<\/h3>\n<h3><a href=\"https:\/\/www.poder360.com.br\/opiniao\/o-petroleo-e-nosso-ou-da-bandidagem\/\">O petr\u00f3leo \u00e9 nosso ou da bandidagem?<\/a><\/h3>\n<p>\u00a0<\/p>\n<hr \/>\n<p>\u00a0<\/p>\n\t\t<\/div>\n\t\t\t\t\t<\/div>\n\n\t\n\n\t<div id=\"col-1374976509\" class=\"col medium-1 small-12 large-1\"  >\n\t\t\t\t<div class=\"col-inner\"  >\n\t\t\t\n\t\t\t\n\t\t<\/div>\n\t\t\t\t\t<\/div>\n\n\t\n<\/div>\n","protected":false},"excerpt":{"rendered":"","protected":false},"author":1,"featured_media":13549,"parent":0,"menu_order":0,"comment_status":"closed","ping_status":"closed","template":"page-blank.php","meta":{"footnotes":""},"class_list":["post-11948","page","type-page","status-publish","has-post-thumbnail","hentry"],"_links":{"self":[{"href":"https:\/\/aprovacao.website\/refit\/wp-json\/wp\/v2\/pages\/11948","targetHints":{"allow":["GET"]}}],"collection":[{"href":"https:\/\/aprovacao.website\/refit\/wp-json\/wp\/v2\/pages"}],"about":[{"href":"https:\/\/aprovacao.website\/refit\/wp-json\/wp\/v2\/types\/page"}],"author":[{"embeddable":true,"href":"https:\/\/aprovacao.website\/refit\/wp-json\/wp\/v2\/users\/1"}],"replies":[{"embeddable":true,"href":"https:\/\/aprovacao.website\/refit\/wp-json\/wp\/v2\/comments?post=11948"}],"version-history":[{"count":16,"href":"https:\/\/aprovacao.website\/refit\/wp-json\/wp\/v2\/pages\/11948\/revisions"}],"predecessor-version":[{"id":13644,"href":"https:\/\/aprovacao.website\/refit\/wp-json\/wp\/v2\/pages\/11948\/revisions\/13644"}],"wp:featuredmedia":[{"embeddable":true,"href":"https:\/\/aprovacao.website\/refit\/wp-json\/wp\/v2\/media\/13549"}],"wp:attachment":[{"href":"https:\/\/aprovacao.website\/refit\/wp-json\/wp\/v2\/media?parent=11948"}],"curies":[{"name":"wp","href":"https:\/\/api.w.org\/{rel}","templated":true}]}}