{"id":33,"date":"2020-09-01T12:49:05","date_gmt":"2020-09-01T10:49:05","guid":{"rendered":"https:\/\/aprovacao.website\/pisano\/?page_id=33"},"modified":"2023-08-06T13:14:19","modified_gmt":"2023-08-06T11:14:19","slug":"studio-yoga-nice","status":"publish","type":"page","link":"https:\/\/aprovacao.website\/pisano\/studio-yoga-nice\/","title":{"rendered":"Yoga studio Nice"},"content":{"rendered":"\t\t<div data-elementor-type=\"wp-page\" data-elementor-id=\"33\" class=\"elementor elementor-33\" data-elementor-settings=\"{&quot;ha_cmc_init_switcher&quot;:&quot;no&quot;}\" data-elementor-post-type=\"page\">\n\t\t\t\t\t\t<section class=\"elementor-section elementor-top-section elementor-element elementor-element-44ab153 elementor-section-full_width elementor-section-stretched elementor-section-height-default elementor-section-height-default\" data-id=\"44ab153\" data-element_type=\"section\" data-settings=\"{&quot;stretch_section&quot;:&quot;section-stretched&quot;,&quot;_ha_eqh_enable&quot;:false}\">\n\t\t\t\t\t\t<div class=\"elementor-container elementor-column-gap-default\">\n\t\t\t\t\t<div class=\"elementor-column elementor-col-50 elementor-top-column elementor-element elementor-element-d3bbfba\" data-id=\"d3bbfba\" data-element_type=\"column\" data-settings=\"{&quot;background_background&quot;:&quot;classic&quot;}\">\n\t\t\t<div class=\"elementor-widget-wrap elementor-element-populated\">\n\t\t\t\t\t\t<div class=\"elementor-element elementor-element-87d9485 elementor-widget elementor-widget-heading\" data-id=\"87d9485\" data-element_type=\"widget\" data-widget_type=\"heading.default\">\n\t\t\t\t<div class=\"elementor-widget-container\">\n\t\t\t\t\t<h1 class=\"elementor-heading-title elementor-size-default\">Le studio de Yoga de Nice<\/h1>\t\t\t\t<\/div>\n\t\t\t\t<\/div>\n\t\t\t\t<div class=\"elementor-element elementor-element-8e6b990 elementor-widget-divider--view-line elementor-widget elementor-widget-divider\" data-id=\"8e6b990\" data-element_type=\"widget\" data-widget_type=\"divider.default\">\n\t\t\t\t<div class=\"elementor-widget-container\">\n\t\t\t\t\t\t\t<div class=\"elementor-divider\">\n\t\t\t<span class=\"elementor-divider-separator\">\n\t\t\t\t\t\t<\/span>\n\t\t<\/div>\n\t\t\t\t\t\t<\/div>\n\t\t\t\t<\/div>\n\t\t\t\t<div class=\"elementor-element elementor-element-a4185c4 elementor-widget elementor-widget-text-editor\" data-id=\"a4185c4\" data-element_type=\"widget\" data-widget_type=\"text-editor.default\">\n\t\t\t\t<div class=\"elementor-widget-container\">\n\t\t\t\t\t\t\t\t\t<p><strong>Petit temple urbain qui donne l\u2019opportunit\u00e9 d\u2019explorer le myst\u00e8re de la Conscience au travers de la forme corporelle. S\u2019autoriser \u00e0 se poser, \u00e0 sentir, respirer, se r\u00e9concilier avec son processus dans une vision plus large et d\u00e9gag\u00e9e.&nbsp;La salle tr\u00e8s spacieuse et totalement \u00e9quip\u00e9e refl\u00e8te l\u2019ambiance du lieu dans la compagnie de la statuaire des dieux et d\u00e9esses qui rappellent au pratiquant ses propres capacit\u00e9s et \u00e9nergies.<\/strong><\/p>\n<p><strong>&nbsp;Situe tout pr\u00e8s du port l\u2019institut de Yoga Iyengar de Nice, Riquier, vous permet d\u2019explorer l\u2019art du Yoga en toute confiance quels que&nbsp;soient vos besoins du moment en les respectant.<span style=\"font-size: 15px; color: var( --e-global-color-text ); font-family: var( --e-global-typography-text-font-family ), Sans-serif;\">La salle est \u00e9quip\u00e9e de tous les supports utilis\u00e9s dans l\u2019approche du Yoga Iyengar.<\/span><\/strong><strong style=\"font-size: 15px; color: var( --e-global-color-text ); font-family: var( --e-global-typography-text-font-family ), Sans-serif;\">Nous proposons des cours de yoga hebdomadaires de tous niveaux qui vous permettent une approche graduelle et non comp\u00e9titive.&nbsp;<span style=\"font-size: 15px; color: var( --e-global-color-text ); font-family: var( --e-global-typography-text-font-family ), Sans-serif;\">Tout au long de l\u2019ann\u00e9e,&nbsp;il y aussi des stages et des cycles d\u2019approfondissement permettant \u00e0 ceux qui le d\u00e9sirent de se mettre en immersion.<\/span><\/strong><\/p>\n<p><strong>Au travers des diff\u00e9rents rituels&nbsp;du yoga postures, respiration, contemplation, m\u00e9ditation c\u2019est une invitation au retour chez soi dans l\u2019espace de notre propre c\u0153ur.<\/strong><\/p>\t\t\t\t\t\t\t\t<\/div>\n\t\t\t\t<\/div>\n\t\t\t\t\t<\/div>\n\t\t<\/div>\n\t\t\t\t<div class=\"elementor-column elementor-col-50 elementor-top-column elementor-element elementor-element-5d4342e elementor-hidden-mobile\" data-id=\"5d4342e\" data-element_type=\"column\" data-settings=\"{&quot;background_background&quot;:&quot;classic&quot;}\">\n\t\t\t<div class=\"elementor-widget-wrap\">\n\t\t\t\t\t\t\t<\/div>\n\t\t<\/div>\n\t\t\t\t\t<\/div>\n\t\t<\/section>\n\t\t\t\t<section class=\"elementor-section elementor-top-section elementor-element elementor-element-14743a8 elementor-section-full_width elementor-section-height-default elementor-section-height-default\" data-id=\"14743a8\" data-element_type=\"section\" data-settings=\"{&quot;_ha_eqh_enable&quot;:false}\">\n\t\t\t\t\t\t<div class=\"elementor-container elementor-column-gap-default\">\n\t\t\t\t\t<div class=\"elementor-column elementor-col-100 elementor-top-column elementor-element elementor-element-c13cd5b\" data-id=\"c13cd5b\" data-element_type=\"column\">\n\t\t\t<div class=\"elementor-widget-wrap elementor-element-populated\">\n\t\t\t\t\t\t<div class=\"elementor-element elementor-element-96d9c72 elementor-widget elementor-widget-spacer\" data-id=\"96d9c72\" data-element_type=\"widget\" data-widget_type=\"spacer.default\">\n\t\t\t\t<div class=\"elementor-widget-container\">\n\t\t\t\t\t\t\t<div class=\"elementor-spacer\">\n\t\t\t<div class=\"elementor-spacer-inner\"><\/div>\n\t\t<\/div>\n\t\t\t\t\t\t<\/div>\n\t\t\t\t<\/div>\n\t\t\t\t<div class=\"elementor-element elementor-element-a50e822 elementor-widget elementor-widget-heading\" data-id=\"a50e822\" data-element_type=\"widget\" data-widget_type=\"heading.default\">\n\t\t\t\t<div class=\"elementor-widget-container\">\n\t\t\t\t\t<h4 class=\"elementor-heading-title elementor-size-large\">Soyez tous les bienvenus\n<br>\n<br>\nlok\u0101\u1e25 samast\u0101\u1e25 sukhino bhavantu\n<br>\n<br>\nPuissent toutes les cr\u00e9atures \u00eatre heureuses\n<\/h4>\t\t\t\t<\/div>\n\t\t\t\t<\/div>\n\t\t\t\t<div class=\"elementor-element elementor-element-6288cf4 elementor-widget elementor-widget-spacer\" data-id=\"6288cf4\" data-element_type=\"widget\" data-widget_type=\"spacer.default\">\n\t\t\t\t<div class=\"elementor-widget-container\">\n\t\t\t\t\t\t\t<div class=\"elementor-spacer\">\n\t\t\t<div class=\"elementor-spacer-inner\"><\/div>\n\t\t<\/div>\n\t\t\t\t\t\t<\/div>\n\t\t\t\t<\/div>\n\t\t\t\t\t<\/div>\n\t\t<\/div>\n\t\t\t\t\t<\/div>\n\t\t<\/section>\n\t\t\t\t<section class=\"elementor-section elementor-top-section elementor-element elementor-element-b65d2f2 elementor-section-boxed elementor-section-height-default elementor-section-height-default\" data-id=\"b65d2f2\" data-element_type=\"section\" data-settings=\"{&quot;background_background&quot;:&quot;classic&quot;,&quot;_ha_eqh_enable&quot;:false}\">\n\t\t\t\t\t\t<div class=\"elementor-container elementor-column-gap-default\">\n\t\t\t\t\t<div class=\"elementor-column elementor-col-100 elementor-top-column elementor-element elementor-element-6efb811\" data-id=\"6efb811\" data-element_type=\"column\">\n\t\t\t<div class=\"elementor-widget-wrap elementor-element-populated\">\n\t\t\t\t\t\t<div class=\"elementor-element elementor-element-b896016 elementor-widget elementor-widget-heading\" data-id=\"b896016\" data-element_type=\"widget\" data-widget_type=\"heading.default\">\n\t\t\t\t<div class=\"elementor-widget-container\">\n\t\t\t\t\t<h2 class=\"elementor-heading-title elementor-size-default\">Galerie photo<\/h2>\t\t\t\t<\/div>\n\t\t\t\t<\/div>\n\t\t\t\t<div class=\"elementor-element elementor-element-a7a8985 elementor-widget-divider--view-line elementor-widget elementor-widget-divider\" data-id=\"a7a8985\" data-element_type=\"widget\" data-widget_type=\"divider.default\">\n\t\t\t\t<div class=\"elementor-widget-container\">\n\t\t\t\t\t\t\t<div class=\"elementor-divider\">\n\t\t\t<span class=\"elementor-divider-separator\">\n\t\t\t\t\t\t<\/span>\n\t\t<\/div>\n\t\t\t\t\t\t<\/div>\n\t\t\t\t<\/div>\n\t\t\t\t<div class=\"elementor-element elementor-element-70b3ea5 elementor-widget elementor-widget-gallery\" data-id=\"70b3ea5\" data-element_type=\"widget\" data-settings=\"{&quot;aspect_ratio&quot;:&quot;1:1&quot;,&quot;lazyload&quot;:&quot;yes&quot;,&quot;gallery_layout&quot;:&quot;grid&quot;,&quot;columns&quot;:4,&quot;columns_tablet&quot;:2,&quot;columns_mobile&quot;:1,&quot;gap&quot;:{&quot;unit&quot;:&quot;px&quot;,&quot;size&quot;:10,&quot;sizes&quot;:[]},&quot;gap_tablet&quot;:{&quot;unit&quot;:&quot;px&quot;,&quot;size&quot;:10,&quot;sizes&quot;:[]},&quot;gap_mobile&quot;:{&quot;unit&quot;:&quot;px&quot;,&quot;size&quot;:10,&quot;sizes&quot;:[]},&quot;link_to&quot;:&quot;file&quot;,&quot;overlay_background&quot;:&quot;yes&quot;,&quot;content_hover_animation&quot;:&quot;fade-in&quot;}\" data-widget_type=\"gallery.default\">\n\t\t\t\t<div class=\"elementor-widget-container\">\n\t\t\t\t\t\t\t<div class=\"elementor-gallery__container\">\n\t\t\t\t\t\t\t<a class=\"e-gallery-item elementor-gallery-item elementor-animated-content\" href=\"https:\/\/aprovacao.website\/pisano\/wp-content\/uploads\/2021\/12\/24A0164.jpg\" data-elementor-open-lightbox=\"yes\" data-elementor-lightbox-slideshow=\"70b3ea5\" data-elementor-lightbox-title=\"centre de yoga Pisano\" data-e-action-hash=\"#elementor-action%3Aaction%3Dlightbox%26settings%3DeyJpZCI6MjE4LCJ1cmwiOiJodHRwczpcL1wvYXByb3ZhY2FvLndlYnNpdGVcL3Bpc2Fub1wvd3AtY29udGVudFwvdXBsb2Fkc1wvMjAyMVwvMTJcLzI0QTAxNjQuanBnIiwic2xpZGVzaG93IjoiNzBiM2VhNSJ9\">\n\t\t\t\t\t<div class=\"e-gallery-image elementor-gallery-item__image\" data-thumbnail=\"https:\/\/aprovacao.website\/pisano\/wp-content\/uploads\/2021\/12\/24A0164-768x512.jpg\" data-width=\"768\" data-height=\"512\" aria-label=\"centre de yoga Pisano\" role=\"img\" ><\/div>\n\t\t\t\t\t\t\t\t\t\t\t<div class=\"elementor-gallery-item__overlay\"><\/div>\n\t\t\t\t\t\t\t\t\t\t\t\t\t\t<\/a>\n\t\t\t\t\t\t\t<a class=\"e-gallery-item elementor-gallery-item elementor-animated-content\" href=\"https:\/\/aprovacao.website\/pisano\/wp-content\/uploads\/2021\/12\/24A0166.jpg\" data-elementor-open-lightbox=\"yes\" data-elementor-lightbox-slideshow=\"70b3ea5\" data-elementor-lightbox-title=\"statuette\" data-e-action-hash=\"#elementor-action%3Aaction%3Dlightbox%26settings%3DeyJpZCI6MjE5LCJ1cmwiOiJodHRwczpcL1wvYXByb3ZhY2FvLndlYnNpdGVcL3Bpc2Fub1wvd3AtY29udGVudFwvdXBsb2Fkc1wvMjAyMVwvMTJcLzI0QTAxNjYuanBnIiwic2xpZGVzaG93IjoiNzBiM2VhNSJ9\">\n\t\t\t\t\t<div class=\"e-gallery-image elementor-gallery-item__image\" data-thumbnail=\"https:\/\/aprovacao.website\/pisano\/wp-content\/uploads\/2021\/12\/24A0166-768x512.jpg\" data-width=\"768\" data-height=\"512\" aria-label=\"statuette\" role=\"img\" ><\/div>\n\t\t\t\t\t\t\t\t\t\t\t<div class=\"elementor-gallery-item__overlay\"><\/div>\n\t\t\t\t\t\t\t\t\t\t\t\t\t\t<\/a>\n\t\t\t\t\t\t\t<a class=\"e-gallery-item elementor-gallery-item elementor-animated-content\" href=\"https:\/\/aprovacao.website\/pisano\/wp-content\/uploads\/2021\/12\/24A0170.jpg\" data-elementor-open-lightbox=\"yes\" data-elementor-lightbox-slideshow=\"70b3ea5\" data-elementor-lightbox-title=\"mat\u00e9riel iyengar yoga\" data-e-action-hash=\"#elementor-action%3Aaction%3Dlightbox%26settings%3DeyJpZCI6MjIxLCJ1cmwiOiJodHRwczpcL1wvYXByb3ZhY2FvLndlYnNpdGVcL3Bpc2Fub1wvd3AtY29udGVudFwvdXBsb2Fkc1wvMjAyMVwvMTJcLzI0QTAxNzAuanBnIiwic2xpZGVzaG93IjoiNzBiM2VhNSJ9\">\n\t\t\t\t\t<div class=\"e-gallery-image elementor-gallery-item__image\" data-thumbnail=\"https:\/\/aprovacao.website\/pisano\/wp-content\/uploads\/2021\/12\/24A0170-768x512.jpg\" data-width=\"768\" data-height=\"512\" aria-label=\"mat\u00e9riel iyengar yoga\" role=\"img\" ><\/div>\n\t\t\t\t\t\t\t\t\t\t\t<div class=\"elementor-gallery-item__overlay\"><\/div>\n\t\t\t\t\t\t\t\t\t\t\t\t\t\t<\/a>\n\t\t\t\t\t\t\t<a class=\"e-gallery-item elementor-gallery-item elementor-animated-content\" href=\"https:\/\/aprovacao.website\/pisano\/wp-content\/uploads\/2021\/12\/24A0175.jpg\" data-elementor-open-lightbox=\"yes\" data-elementor-lightbox-slideshow=\"70b3ea5\" data-elementor-lightbox-title=\"cloche\" data-e-action-hash=\"#elementor-action%3Aaction%3Dlightbox%26settings%3DeyJpZCI6MjIzLCJ1cmwiOiJodHRwczpcL1wvYXByb3ZhY2FvLndlYnNpdGVcL3Bpc2Fub1wvd3AtY29udGVudFwvdXBsb2Fkc1wvMjAyMVwvMTJcLzI0QTAxNzUuanBnIiwic2xpZGVzaG93IjoiNzBiM2VhNSJ9\">\n\t\t\t\t\t<div class=\"e-gallery-image elementor-gallery-item__image\" data-thumbnail=\"https:\/\/aprovacao.website\/pisano\/wp-content\/uploads\/2021\/12\/24A0175-768x512.jpg\" data-width=\"768\" data-height=\"512\" aria-label=\"cloche\" role=\"img\" ><\/div>\n\t\t\t\t\t\t\t\t\t\t\t<div class=\"elementor-gallery-item__overlay\"><\/div>\n\t\t\t\t\t\t\t\t\t\t\t\t\t\t<\/a>\n\t\t\t\t\t\t\t<a class=\"e-gallery-item elementor-gallery-item elementor-animated-content\" href=\"https:\/\/aprovacao.website\/pisano\/wp-content\/uploads\/2021\/12\/24A0183.jpg\" data-elementor-open-lightbox=\"yes\" data-elementor-lightbox-slideshow=\"70b3ea5\" data-elementor-lightbox-title=\"studio iyengar\" data-e-action-hash=\"#elementor-action%3Aaction%3Dlightbox%26settings%3DeyJpZCI6MjI1LCJ1cmwiOiJodHRwczpcL1wvYXByb3ZhY2FvLndlYnNpdGVcL3Bpc2Fub1wvd3AtY29udGVudFwvdXBsb2Fkc1wvMjAyMVwvMTJcLzI0QTAxODMuanBnIiwic2xpZGVzaG93IjoiNzBiM2VhNSJ9\">\n\t\t\t\t\t<div class=\"e-gallery-image elementor-gallery-item__image\" data-thumbnail=\"https:\/\/aprovacao.website\/pisano\/wp-content\/uploads\/2021\/12\/24A0183-768x512.jpg\" data-width=\"768\" data-height=\"512\" aria-label=\"studio iyengar\" role=\"img\" ><\/div>\n\t\t\t\t\t\t\t\t\t\t\t<div class=\"elementor-gallery-item__overlay\"><\/div>\n\t\t\t\t\t\t\t\t\t\t\t\t\t\t<\/a>\n\t\t\t\t\t\t\t<a class=\"e-gallery-item elementor-gallery-item elementor-animated-content\" href=\"https:\/\/aprovacao.website\/pisano\/wp-content\/uploads\/2021\/12\/24A0200.jpg\" data-elementor-open-lightbox=\"yes\" data-elementor-lightbox-slideshow=\"70b3ea5\" data-elementor-lightbox-title=\"bougie\" data-e-action-hash=\"#elementor-action%3Aaction%3Dlightbox%26settings%3DeyJpZCI6MjMxLCJ1cmwiOiJodHRwczpcL1wvYXByb3ZhY2FvLndlYnNpdGVcL3Bpc2Fub1wvd3AtY29udGVudFwvdXBsb2Fkc1wvMjAyMVwvMTJcLzI0QTAyMDAuanBnIiwic2xpZGVzaG93IjoiNzBiM2VhNSJ9\">\n\t\t\t\t\t<div class=\"e-gallery-image elementor-gallery-item__image\" data-thumbnail=\"https:\/\/aprovacao.website\/pisano\/wp-content\/uploads\/2021\/12\/24A0200-768x512.jpg\" data-width=\"768\" data-height=\"512\" aria-label=\"bougie\" role=\"img\" ><\/div>\n\t\t\t\t\t\t\t\t\t\t\t<div class=\"elementor-gallery-item__overlay\"><\/div>\n\t\t\t\t\t\t\t\t\t\t\t\t\t\t<\/a>\n\t\t\t\t\t\t\t<a class=\"e-gallery-item elementor-gallery-item elementor-animated-content\" href=\"https:\/\/aprovacao.website\/pisano\/wp-content\/uploads\/2022\/09\/CHRISTIANPISANO-YOGA-TEACHING-min-scaled.jpg\" data-elementor-open-lightbox=\"yes\" data-elementor-lightbox-slideshow=\"70b3ea5\" data-elementor-lightbox-title=\"CHRISTIANPISANO-YOGA-TEACHING-min\" data-e-action-hash=\"#elementor-action%3Aaction%3Dlightbox%26settings%3DeyJpZCI6OTcyLCJ1cmwiOiJodHRwczpcL1wvYXByb3ZhY2FvLndlYnNpdGVcL3Bpc2Fub1wvd3AtY29udGVudFwvdXBsb2Fkc1wvMjAyMlwvMDlcL0NIUklTVElBTlBJU0FOTy1ZT0dBLVRFQUNISU5HLW1pbi1zY2FsZWQuanBnIiwic2xpZGVzaG93IjoiNzBiM2VhNSJ9\">\n\t\t\t\t\t<div class=\"e-gallery-image elementor-gallery-item__image\" data-thumbnail=\"https:\/\/aprovacao.website\/pisano\/wp-content\/uploads\/2022\/09\/CHRISTIANPISANO-YOGA-TEACHING-min-768x512.jpg\" data-width=\"768\" data-height=\"512\" aria-label=\"\" role=\"img\" ><\/div>\n\t\t\t\t\t\t\t\t\t\t\t<div class=\"elementor-gallery-item__overlay\"><\/div>\n\t\t\t\t\t\t\t\t\t\t\t\t\t\t<\/a>\n\t\t\t\t\t\t\t<a class=\"e-gallery-item elementor-gallery-item elementor-animated-content\" href=\"https:\/\/aprovacao.website\/pisano\/wp-content\/uploads\/2021\/12\/24A0223.jpg\" data-elementor-open-lightbox=\"yes\" data-elementor-lightbox-slideshow=\"70b3ea5\" data-elementor-lightbox-title=\"centre iyengar nice\" data-e-action-hash=\"#elementor-action%3Aaction%3Dlightbox%26settings%3DeyJpZCI6MjM1LCJ1cmwiOiJodHRwczpcL1wvYXByb3ZhY2FvLndlYnNpdGVcL3Bpc2Fub1wvd3AtY29udGVudFwvdXBsb2Fkc1wvMjAyMVwvMTJcLzI0QTAyMjMuanBnIiwic2xpZGVzaG93IjoiNzBiM2VhNSJ9\">\n\t\t\t\t\t<div class=\"e-gallery-image elementor-gallery-item__image\" data-thumbnail=\"https:\/\/aprovacao.website\/pisano\/wp-content\/uploads\/2021\/12\/24A0223-768x512.jpg\" data-width=\"768\" data-height=\"512\" aria-label=\"centre iyengar nice\" role=\"img\" ><\/div>\n\t\t\t\t\t\t\t\t\t\t\t<div class=\"elementor-gallery-item__overlay\"><\/div>\n\t\t\t\t\t\t\t\t\t\t\t\t\t\t<\/a>\n\t\t\t\t\t\t\t<a class=\"e-gallery-item elementor-gallery-item elementor-animated-content\" href=\"https:\/\/aprovacao.website\/pisano\/wp-content\/uploads\/2021\/12\/24A0225.jpg\" data-elementor-open-lightbox=\"yes\" data-elementor-lightbox-slideshow=\"70b3ea5\" data-elementor-lightbox-title=\"cloche\" data-e-action-hash=\"#elementor-action%3Aaction%3Dlightbox%26settings%3DeyJpZCI6MjM3LCJ1cmwiOiJodHRwczpcL1wvYXByb3ZhY2FvLndlYnNpdGVcL3Bpc2Fub1wvd3AtY29udGVudFwvdXBsb2Fkc1wvMjAyMVwvMTJcLzI0QTAyMjUuanBnIiwic2xpZGVzaG93IjoiNzBiM2VhNSJ9\">\n\t\t\t\t\t<div class=\"e-gallery-image elementor-gallery-item__image\" data-thumbnail=\"https:\/\/aprovacao.website\/pisano\/wp-content\/uploads\/2021\/12\/24A0225-768x512.jpg\" data-width=\"768\" data-height=\"512\" aria-label=\"cloche\" role=\"img\" ><\/div>\n\t\t\t\t\t\t\t\t\t\t\t<div class=\"elementor-gallery-item__overlay\"><\/div>\n\t\t\t\t\t\t\t\t\t\t\t\t\t\t<\/a>\n\t\t\t\t\t\t\t<a class=\"e-gallery-item elementor-gallery-item elementor-animated-content\" href=\"https:\/\/aprovacao.website\/pisano\/wp-content\/uploads\/2021\/12\/24A0238.jpg\" data-elementor-open-lightbox=\"yes\" data-elementor-lightbox-slideshow=\"70b3ea5\" data-elementor-lightbox-title=\"yoga iyengar nice\" data-e-action-hash=\"#elementor-action%3Aaction%3Dlightbox%26settings%3DeyJpZCI6MjQwLCJ1cmwiOiJodHRwczpcL1wvYXByb3ZhY2FvLndlYnNpdGVcL3Bpc2Fub1wvd3AtY29udGVudFwvdXBsb2Fkc1wvMjAyMVwvMTJcLzI0QTAyMzguanBnIiwic2xpZGVzaG93IjoiNzBiM2VhNSJ9\">\n\t\t\t\t\t<div class=\"e-gallery-image elementor-gallery-item__image\" data-thumbnail=\"https:\/\/aprovacao.website\/pisano\/wp-content\/uploads\/2021\/12\/24A0238-768x512.jpg\" data-width=\"768\" data-height=\"512\" aria-label=\"yoga iyengar nice\" role=\"img\" ><\/div>\n\t\t\t\t\t\t\t\t\t\t\t<div class=\"elementor-gallery-item__overlay\"><\/div>\n\t\t\t\t\t\t\t\t\t\t\t\t\t\t<\/a>\n\t\t\t\t\t\t\t<a class=\"e-gallery-item elementor-gallery-item elementor-animated-content\" href=\"https:\/\/aprovacao.website\/pisano\/wp-content\/uploads\/2021\/12\/24A0244.jpg\" data-elementor-open-lightbox=\"yes\" data-elementor-lightbox-slideshow=\"70b3ea5\" data-elementor-lightbox-title=\"plaque metal studio yoga nice\" data-e-action-hash=\"#elementor-action%3Aaction%3Dlightbox%26settings%3DeyJpZCI6MjQyLCJ1cmwiOiJodHRwczpcL1wvYXByb3ZhY2FvLndlYnNpdGVcL3Bpc2Fub1wvd3AtY29udGVudFwvdXBsb2Fkc1wvMjAyMVwvMTJcLzI0QTAyNDQuanBnIiwic2xpZGVzaG93IjoiNzBiM2VhNSJ9\">\n\t\t\t\t\t<div class=\"e-gallery-image elementor-gallery-item__image\" data-thumbnail=\"https:\/\/aprovacao.website\/pisano\/wp-content\/uploads\/2021\/12\/24A0244-768x512.jpg\" data-width=\"768\" data-height=\"512\" aria-label=\"plaque metal studio yoga nice\" role=\"img\" ><\/div>\n\t\t\t\t\t\t\t\t\t\t\t<div class=\"elementor-gallery-item__overlay\"><\/div>\n\t\t\t\t\t\t\t\t\t\t\t\t\t\t<\/a>\n\t\t\t\t\t\t\t<a class=\"e-gallery-item elementor-gallery-item elementor-animated-content\" href=\"https:\/\/aprovacao.website\/pisano\/wp-content\/uploads\/2021\/12\/24A0255.jpg\" data-elementor-open-lightbox=\"yes\" data-elementor-lightbox-slideshow=\"70b3ea5\" data-elementor-lightbox-title=\"studio de yoga de Christian Pisano \u00e0 Nice\" data-e-action-hash=\"#elementor-action%3Aaction%3Dlightbox%26settings%3DeyJpZCI6MjQ1LCJ1cmwiOiJodHRwczpcL1wvYXByb3ZhY2FvLndlYnNpdGVcL3Bpc2Fub1wvd3AtY29udGVudFwvdXBsb2Fkc1wvMjAyMVwvMTJcLzI0QTAyNTUuanBnIiwic2xpZGVzaG93IjoiNzBiM2VhNSJ9\">\n\t\t\t\t\t<div class=\"e-gallery-image elementor-gallery-item__image\" data-thumbnail=\"https:\/\/aprovacao.website\/pisano\/wp-content\/uploads\/2021\/12\/24A0255-768x512.jpg\" data-width=\"768\" data-height=\"512\" aria-label=\"studio de yoga de Christian Pisano \u00e0 Nice\" role=\"img\" ><\/div>\n\t\t\t\t\t\t\t\t\t\t\t<div class=\"elementor-gallery-item__overlay\"><\/div>\n\t\t\t\t\t\t\t\t\t\t\t\t\t\t<\/a>\n\t\t\t\t\t\t\t<a class=\"e-gallery-item elementor-gallery-item elementor-animated-content\" href=\"https:\/\/aprovacao.website\/pisano\/wp-content\/uploads\/2021\/12\/24A0264.jpg\" data-elementor-open-lightbox=\"yes\" data-elementor-lightbox-slideshow=\"70b3ea5\" data-elementor-lightbox-title=\"mat\u00e9riel yoga\" data-e-action-hash=\"#elementor-action%3Aaction%3Dlightbox%26settings%3DeyJpZCI6MjUxLCJ1cmwiOiJodHRwczpcL1wvYXByb3ZhY2FvLndlYnNpdGVcL3Bpc2Fub1wvd3AtY29udGVudFwvdXBsb2Fkc1wvMjAyMVwvMTJcLzI0QTAyNjQuanBnIiwic2xpZGVzaG93IjoiNzBiM2VhNSJ9\">\n\t\t\t\t\t<div class=\"e-gallery-image elementor-gallery-item__image\" data-thumbnail=\"https:\/\/aprovacao.website\/pisano\/wp-content\/uploads\/2021\/12\/24A0264-768x488.jpg\" data-width=\"768\" data-height=\"488\" aria-label=\"mat\u00e9riel yoga\" role=\"img\" ><\/div>\n\t\t\t\t\t\t\t\t\t\t\t<div class=\"elementor-gallery-item__overlay\"><\/div>\n\t\t\t\t\t\t\t\t\t\t\t\t\t\t<\/a>\n\t\t\t\t\t\t\t<a class=\"e-gallery-item elementor-gallery-item elementor-animated-content\" href=\"https:\/\/aprovacao.website\/pisano\/wp-content\/uploads\/2021\/12\/24A0271.jpg\" data-elementor-open-lightbox=\"yes\" data-elementor-lightbox-slideshow=\"70b3ea5\" data-elementor-lightbox-title=\"couverture yoga\" data-e-action-hash=\"#elementor-action%3Aaction%3Dlightbox%26settings%3DeyJpZCI6MjU0LCJ1cmwiOiJodHRwczpcL1wvYXByb3ZhY2FvLndlYnNpdGVcL3Bpc2Fub1wvd3AtY29udGVudFwvdXBsb2Fkc1wvMjAyMVwvMTJcLzI0QTAyNzEuanBnIiwic2xpZGVzaG93IjoiNzBiM2VhNSJ9\">\n\t\t\t\t\t<div class=\"e-gallery-image elementor-gallery-item__image\" data-thumbnail=\"https:\/\/aprovacao.website\/pisano\/wp-content\/uploads\/2021\/12\/24A0271-768x512.jpg\" data-width=\"768\" data-height=\"512\" aria-label=\"\" role=\"img\" ><\/div>\n\t\t\t\t\t\t\t\t\t\t\t<div class=\"elementor-gallery-item__overlay\"><\/div>\n\t\t\t\t\t\t\t\t\t\t\t\t\t\t<\/a>\n\t\t\t\t\t\t\t<a class=\"e-gallery-item elementor-gallery-item elementor-animated-content\" href=\"https:\/\/aprovacao.website\/pisano\/wp-content\/uploads\/2021\/12\/24A0272.jpg\" data-elementor-open-lightbox=\"yes\" data-elementor-lightbox-slideshow=\"70b3ea5\" data-elementor-lightbox-title=\"ceintures de yoga\" data-e-action-hash=\"#elementor-action%3Aaction%3Dlightbox%26settings%3DeyJpZCI6MjU1LCJ1cmwiOiJodHRwczpcL1wvYXByb3ZhY2FvLndlYnNpdGVcL3Bpc2Fub1wvd3AtY29udGVudFwvdXBsb2Fkc1wvMjAyMVwvMTJcLzI0QTAyNzIuanBnIiwic2xpZGVzaG93IjoiNzBiM2VhNSJ9\">\n\t\t\t\t\t<div class=\"e-gallery-image elementor-gallery-item__image\" data-thumbnail=\"https:\/\/aprovacao.website\/pisano\/wp-content\/uploads\/2021\/12\/24A0272-768x512.jpg\" data-width=\"768\" data-height=\"512\" aria-label=\"\" role=\"img\" ><\/div>\n\t\t\t\t\t\t\t\t\t\t\t<div class=\"elementor-gallery-item__overlay\"><\/div>\n\t\t\t\t\t\t\t\t\t\t\t\t\t\t<\/a>\n\t\t\t\t\t\t\t<a class=\"e-gallery-item elementor-gallery-item elementor-animated-content\" href=\"https:\/\/aprovacao.website\/pisano\/wp-content\/uploads\/2021\/12\/24A0278.jpg\" data-elementor-open-lightbox=\"yes\" data-elementor-lightbox-slideshow=\"70b3ea5\" data-elementor-lightbox-title=\"cordes yoga iyengar\" data-e-action-hash=\"#elementor-action%3Aaction%3Dlightbox%26settings%3DeyJpZCI6MjU5LCJ1cmwiOiJodHRwczpcL1wvYXByb3ZhY2FvLndlYnNpdGVcL3Bpc2Fub1wvd3AtY29udGVudFwvdXBsb2Fkc1wvMjAyMVwvMTJcLzI0QTAyNzguanBnIiwic2xpZGVzaG93IjoiNzBiM2VhNSJ9\">\n\t\t\t\t\t<div class=\"e-gallery-image elementor-gallery-item__image\" data-thumbnail=\"https:\/\/aprovacao.website\/pisano\/wp-content\/uploads\/2021\/12\/24A0278-768x512.jpg\" data-width=\"768\" data-height=\"512\" aria-label=\"cordes yoga iyengar\" role=\"img\" ><\/div>\n\t\t\t\t\t\t\t\t\t\t\t<div class=\"elementor-gallery-item__overlay\"><\/div>\n\t\t\t\t\t\t\t\t\t\t\t\t\t\t<\/a>\n\t\t\t\t\t<\/div>\n\t\t\t\t\t<\/div>\n\t\t\t\t<\/div>\n\t\t\t\t\t<\/div>\n\t\t<\/div>\n\t\t\t\t\t<\/div>\n\t\t<\/section>\n\t\t\t\t<section class=\"elementor-section elementor-top-section elementor-element elementor-element-aaa9af0 elementor-section-boxed elementor-section-height-default elementor-section-height-default\" data-id=\"aaa9af0\" data-element_type=\"section\" data-settings=\"{&quot;_ha_eqh_enable&quot;:false}\">\n\t\t\t\t\t\t<div class=\"elementor-container elementor-column-gap-default\">\n\t\t\t\t\t<div class=\"elementor-column elementor-col-100 elementor-top-column elementor-element elementor-element-e9b3b05\" data-id=\"e9b3b05\" data-element_type=\"column\">\n\t\t\t<div class=\"elementor-widget-wrap\">\n\t\t\t\t\t\t\t<\/div>\n\t\t<\/div>\n\t\t\t\t\t<\/div>\n\t\t<\/section>\n\t\t\t\t<\/div>\n\t\t","protected":false},"excerpt":{"rendered":"<p>Le studio de Yoga de Nice Petit temple urbain qui donne l\u2019opportunit\u00e9 d\u2019explorer le myst\u00e8re de la Conscience au travers de la forme corporelle. S\u2019autoriser \u00e0 se poser, \u00e0 sentir, respirer, se r\u00e9concilier avec son processus dans une vision plus large et d\u00e9gag\u00e9e.&nbsp;La salle tr\u00e8s spacieuse et totalement \u00e9quip\u00e9e refl\u00e8te l\u2019ambiance du lieu dans la [&hellip;]<\/p>\n","protected":false},"author":1,"featured_media":0,"parent":0,"menu_order":0,"comment_status":"closed","ping_status":"closed","template":"elementor_header_footer","meta":{"footnotes":""},"class_list":["post-33","page","type-page","status-publish","hentry"],"_links":{"self":[{"href":"https:\/\/aprovacao.website\/pisano\/wp-json\/wp\/v2\/pages\/33","targetHints":{"allow":["GET"]}}],"collection":[{"href":"https:\/\/aprovacao.website\/pisano\/wp-json\/wp\/v2\/pages"}],"about":[{"href":"https:\/\/aprovacao.website\/pisano\/wp-json\/wp\/v2\/types\/page"}],"author":[{"embeddable":true,"href":"https:\/\/aprovacao.website\/pisano\/wp-json\/wp\/v2\/users\/1"}],"replies":[{"embeddable":true,"href":"https:\/\/aprovacao.website\/pisano\/wp-json\/wp\/v2\/comments?post=33"}],"version-history":[{"count":0,"href":"https:\/\/aprovacao.website\/pisano\/wp-json\/wp\/v2\/pages\/33\/revisions"}],"wp:attachment":[{"href":"https:\/\/aprovacao.website\/pisano\/wp-json\/wp\/v2\/media?parent=33"}],"curies":[{"name":"wp","href":"https:\/\/api.w.org\/{rel}","templated":true}]}}