{"id":31,"date":"2020-09-01T12:48:47","date_gmt":"2020-09-01T10:48:47","guid":{"rendered":"https:\/\/aprovacao.website\/pisano\/?page_id=31"},"modified":"2023-06-30T09:38:37","modified_gmt":"2023-06-30T07:38:37","slug":"professeurs-yoga-iyengar","status":"publish","type":"page","link":"https:\/\/aprovacao.website\/pisano\/professeurs-yoga-iyengar\/","title":{"rendered":"Professeurs yoga Iyengar"},"content":{"rendered":"\t\t<div data-elementor-type=\"wp-page\" data-elementor-id=\"31\" class=\"elementor elementor-31\" data-elementor-settings=\"{&quot;ha_cmc_init_switcher&quot;:&quot;no&quot;}\" data-elementor-post-type=\"page\">\n\t\t\t\t\t\t<section class=\"elementor-section elementor-top-section elementor-element elementor-element-4d21b94 elementor-section-full_width elementor-section-height-default elementor-section-height-default\" data-id=\"4d21b94\" data-element_type=\"section\" data-settings=\"{&quot;_ha_eqh_enable&quot;:false}\">\n\t\t\t\t\t\t<div class=\"elementor-container elementor-column-gap-no\">\n\t\t\t\t\t<div class=\"elementor-column elementor-col-100 elementor-top-column elementor-element elementor-element-2aab119\" data-id=\"2aab119\" data-element_type=\"column\">\n\t\t\t<div class=\"elementor-widget-wrap elementor-element-populated\">\n\t\t\t\t\t\t<div class=\"elementor-element elementor-element-205f9cd elementor-widget elementor-widget-image\" data-id=\"205f9cd\" data-element_type=\"widget\" data-widget_type=\"image.default\">\n\t\t\t\t<div class=\"elementor-widget-container\">\n\t\t\t\t\t\t\t\t\t\t\t\t\t\t\t<img fetchpriority=\"high\" decoding=\"async\" width=\"800\" height=\"250\" src=\"https:\/\/aprovacao.website\/pisano\/wp-content\/uploads\/2020\/09\/footer-yoga-1024x320.jpeg\" class=\"attachment-large size-large wp-image-557\" alt=\"\" srcset=\"https:\/\/aprovacao.website\/pisano\/wp-content\/uploads\/2020\/09\/footer-yoga-1024x320.jpeg 1024w, https:\/\/aprovacao.website\/pisano\/wp-content\/uploads\/2020\/09\/footer-yoga-600x188.jpeg 600w, https:\/\/aprovacao.website\/pisano\/wp-content\/uploads\/2020\/09\/footer-yoga-300x94.jpeg 300w, https:\/\/aprovacao.website\/pisano\/wp-content\/uploads\/2020\/09\/footer-yoga-768x240.jpeg 768w, https:\/\/aprovacao.website\/pisano\/wp-content\/uploads\/2020\/09\/footer-yoga-1536x480.jpeg 1536w, https:\/\/aprovacao.website\/pisano\/wp-content\/uploads\/2020\/09\/footer-yoga.jpeg 1920w\" sizes=\"(max-width: 800px) 100vw, 800px\" \/>\t\t\t\t\t\t\t\t\t\t\t\t\t\t\t<\/div>\n\t\t\t\t<\/div>\n\t\t\t\t\t<\/div>\n\t\t<\/div>\n\t\t\t\t\t<\/div>\n\t\t<\/section>\n\t\t\t\t<section class=\"elementor-section elementor-top-section elementor-element elementor-element-48d3989 elementor-section-stretched elementor-section-boxed elementor-section-height-default elementor-section-height-default\" data-id=\"48d3989\" data-element_type=\"section\" data-settings=\"{&quot;stretch_section&quot;:&quot;section-stretched&quot;,&quot;_ha_eqh_enable&quot;:false}\">\n\t\t\t\t\t\t<div class=\"elementor-container elementor-column-gap-default\">\n\t\t\t\t\t<div class=\"elementor-column elementor-col-100 elementor-top-column elementor-element elementor-element-77d2468\" data-id=\"77d2468\" data-element_type=\"column\">\n\t\t\t<div class=\"elementor-widget-wrap elementor-element-populated\">\n\t\t\t\t\t\t<div class=\"elementor-element elementor-element-51cf334 elementor-widget elementor-widget-heading\" data-id=\"51cf334\" data-element_type=\"widget\" data-widget_type=\"heading.default\">\n\t\t\t\t<div class=\"elementor-widget-container\">\n\t\t\t\t\t<h1 class=\"elementor-heading-title elementor-size-default\">Professeurs <\/h1>\t\t\t\t<\/div>\n\t\t\t\t<\/div>\n\t\t\t\t<div class=\"elementor-element elementor-element-782538c elementor-widget-divider--view-line elementor-widget elementor-widget-divider\" data-id=\"782538c\" data-element_type=\"widget\" data-widget_type=\"divider.default\">\n\t\t\t\t<div class=\"elementor-widget-container\">\n\t\t\t\t\t\t\t<div class=\"elementor-divider\">\n\t\t\t<span class=\"elementor-divider-separator\">\n\t\t\t\t\t\t<\/span>\n\t\t<\/div>\n\t\t\t\t\t\t<\/div>\n\t\t\t\t<\/div>\n\t\t\t\t<div class=\"elementor-element elementor-element-14aa634 elementor-widget elementor-widget-text-editor\" data-id=\"14aa634\" data-element_type=\"widget\" data-widget_type=\"text-editor.default\">\n\t\t\t\t<div class=\"elementor-widget-container\">\n\t\t\t\t\t\t\t\t\t<p>Tous les enseignants du centre ont suivi un apprentissage avec Christian Pisano et le continue en suivant r\u00e9guli\u00e8rement ses stages. Ils sont tous dipl\u00f4m\u00e9s par la Ramamani Iyengar Memorial Yoga Institute. Bien que chacun ait une expression diff\u00e9rente qui est encourag\u00e9e, elle exprime toujours l\u2019ambiance qui est ch\u00e8re \u00e0 cet endroit. Les rituels sont l\u2019expression de la Conscience et du c\u0153ur.<\/p>\t\t\t\t\t\t\t\t<\/div>\n\t\t\t\t<\/div>\n\t\t\t\t\t<\/div>\n\t\t<\/div>\n\t\t\t\t\t<\/div>\n\t\t<\/section>\n\t\t\t\t<section class=\"elementor-section elementor-top-section elementor-element elementor-element-856d996 elementor-section-boxed elementor-section-height-default elementor-section-height-default\" data-id=\"856d996\" data-element_type=\"section\" data-settings=\"{&quot;_ha_eqh_enable&quot;:false}\">\n\t\t\t\t\t\t<div class=\"elementor-container elementor-column-gap-default\">\n\t\t\t\t\t<div class=\"elementor-column elementor-col-100 elementor-top-column elementor-element elementor-element-7e2c477\" data-id=\"7e2c477\" data-element_type=\"column\">\n\t\t\t<div class=\"elementor-widget-wrap\">\n\t\t\t\t\t\t\t<\/div>\n\t\t<\/div>\n\t\t\t\t\t<\/div>\n\t\t<\/section>\n\t\t\t\t<section class=\"elementor-section elementor-top-section elementor-element elementor-element-42925f8 elementor-section-boxed elementor-section-height-default elementor-section-height-default\" data-id=\"42925f8\" data-element_type=\"section\" data-settings=\"{&quot;_ha_eqh_enable&quot;:false}\">\n\t\t\t\t\t\t<div class=\"elementor-container elementor-column-gap-default\">\n\t\t\t\t\t<div class=\"elementor-column elementor-col-50 elementor-top-column elementor-element elementor-element-355fbef\" data-id=\"355fbef\" data-element_type=\"column\">\n\t\t\t<div class=\"elementor-widget-wrap\">\n\t\t\t\t\t\t\t<\/div>\n\t\t<\/div>\n\t\t\t\t<div class=\"elementor-column elementor-col-50 elementor-top-column elementor-element elementor-element-7da8a3f\" data-id=\"7da8a3f\" data-element_type=\"column\">\n\t\t\t<div class=\"elementor-widget-wrap\">\n\t\t\t\t\t\t\t<\/div>\n\t\t<\/div>\n\t\t\t\t\t<\/div>\n\t\t<\/section>\n\t\t\t\t<\/div>\n\t\t","protected":false},"excerpt":{"rendered":"<p>Professeurs Tous les enseignants du centre ont suivi un apprentissage avec Christian Pisano et le continue en suivant r\u00e9guli\u00e8rement ses stages. Ils sont tous dipl\u00f4m\u00e9s par la Ramamani Iyengar Memorial Yoga Institute. Bien que chacun ait une expression diff\u00e9rente qui est encourag\u00e9e, elle exprime toujours l\u2019ambiance qui est ch\u00e8re \u00e0 cet endroit. Les rituels sont [&hellip;]<\/p>\n","protected":false},"author":1,"featured_media":0,"parent":0,"menu_order":0,"comment_status":"closed","ping_status":"closed","template":"elementor_header_footer","meta":{"footnotes":""},"class_list":["post-31","page","type-page","status-publish","hentry"],"_links":{"self":[{"href":"https:\/\/aprovacao.website\/pisano\/wp-json\/wp\/v2\/pages\/31","targetHints":{"allow":["GET"]}}],"collection":[{"href":"https:\/\/aprovacao.website\/pisano\/wp-json\/wp\/v2\/pages"}],"about":[{"href":"https:\/\/aprovacao.website\/pisano\/wp-json\/wp\/v2\/types\/page"}],"author":[{"embeddable":true,"href":"https:\/\/aprovacao.website\/pisano\/wp-json\/wp\/v2\/users\/1"}],"replies":[{"embeddable":true,"href":"https:\/\/aprovacao.website\/pisano\/wp-json\/wp\/v2\/comments?post=31"}],"version-history":[{"count":0,"href":"https:\/\/aprovacao.website\/pisano\/wp-json\/wp\/v2\/pages\/31\/revisions"}],"wp:attachment":[{"href":"https:\/\/aprovacao.website\/pisano\/wp-json\/wp\/v2\/media?parent=31"}],"curies":[{"name":"wp","href":"https:\/\/api.w.org\/{rel}","templated":true}]}}