{"id":3,"date":"2020-08-31T18:07:35","date_gmt":"2020-08-31T16:07:35","guid":{"rendered":"https:\/\/aprovacao.website\/pisano\/?page_id=3"},"modified":"2022-10-13T21:09:45","modified_gmt":"2022-10-13T19:09:45","slug":"politique-de-confidentialite","status":"publish","type":"page","link":"https:\/\/aprovacao.website\/pisano\/politique-de-confidentialite\/","title":{"rendered":"POLITIQUE DE CONFIDENTIALIT\u00c9 (RGPD)"},"content":{"rendered":"\r\n<p><span style=\"font-weight: 400;\">Date de derni\u00e8re mise \u00e0 Jour : 01\/2022<\/span><\/p>\r\n<p><span style=\"font-weight: 400;\">ARTICLE1: COLLECTE DE VOS INFORMATIONS<\/span><\/p>\r\n<p><span style=\"font-weight: 400;\">Nous recueillons des informations lorsque vous remplissez nos formulaires de contact, de newsletter et lorsque vous <\/span><span style=\"font-weight: 400;\">r\u00e9servez \/ achetez un de nos services \/ produits.<\/span><\/p>\r\n<p><span style=\"font-weight: 400;\">Nous pouvons r\u00e9colter les informations suivantes : votre pr\u00e9nom, votre nom, votre adresse e-mail, votre num\u00e9ro de <\/span><span style=\"font-weight: 400;\">t\u00e9l\u00e9phone, votre adresse et votre localit\u00e9.<\/span><\/p>\r\n<p><span style=\"font-weight: 400;\">En outre, nous pouvons recevoir et enregistrer automatiquement des informations \u00e0 partir de votre ordinateur et navigateur, <\/span><span style=\"font-weight: 400;\">y compris votre adresse IP, vos logiciels et votre mat\u00e9riel, et la page que vous demandez selon vos pr\u00e9f\u00e9rences cookles que <\/span><span style=\"font-weight: 400;\">vous avez s\u00e9lectionn\u00e9 via notre bandeau.<\/span><\/p>\r\n<h2 class=\"wp-block-heading\"><span style=\"font-weight: 400;\">ARTICLE2: UTILISATION DE VOS INFORMATIONS<\/span><\/h2>\r\n<p><span style=\"font-weight: 400;\">\u00a0<\/span><\/p>\r\n<p><span style=\"font-weight: 400;\">Toute les informations que nous recueillons de votre part peuvent \u00eatre utilis\u00e9es pour :<\/span><\/p>\r\n<h3><span style=\"font-weight: 400;\">Vous contacter de mani\u00e8re plus efficace :<\/span><\/h3>\r\n<ul>\r\n<li><span style=\"font-weight: 400;\"> Collecter et \u00e9tablir des statistiques pour am\u00e9liorer nos campagnes marketing et webmarketing:<\/span><\/li>\r\n<li><span style=\"font-weight: 400;\"> Vous envoyer des newsletters dans le cas o\u00f9 vous \u00eates inscrit(e)s \u00e0 celles-ci:<\/span><\/li>\r\n<li><span style=\"font-weight: 400;\"> Personnaliser votre exp\u00e9rience et r\u00e9pondre \u00e0 vos besoins individuels.<\/span><\/li>\r\n<\/ul>\r\n<p><span style=\"font-weight: 400;\">\u00a0<\/span><\/p>\r\n<h3><span style=\"font-weight: 400;\">ARTICLE 3: CONFIDENTIALITE DE VOS DONNEES<\/span><\/h3>\r\n<p><span style=\"font-weight: 400;\">Nous sommes les seuls propri\u00e9taires des Informations recueilles sur notre site.<\/span><\/p>\r\n<p><span style=\"font-weight: 400;\">Vos informations personnelles ne seront pas vendues, \u00e9chang\u00e9es, transf\u00e9r\u00e9es, ou donn\u00e9es \u00e0 une autre soci\u00e9t\u00e9 pour n&#8217;importe quelle raison, sans votre consentement.<\/span><\/p>\r\n<p><span style=\"font-weight: 400;\">\u00a0<\/span><\/p>\r\n<h2><span style=\"font-weight: 400;\">ARTICLE 4: DIVULGATION A DES TIERS<\/span><\/h2>\r\n<p><span style=\"font-weight: 400;\">Nous ne vendons, n&#8217;\u00e9changeons et ne transf\u00e9rons pas vos informations personnelles identifiables \u00e0 des <\/span><span style=\"font-weight: 400;\">comprend pas les tierce parties de confiance qui nous aident \u00e0 exploiter notre site web ou \u00e0 mener nos affaires <\/span><span style=\"font-weight: 400;\">parties conviennent de garder ces informations confidentielles.<\/span><\/p>\r\n<h2><span style=\"font-weight: 400;\">ARTICLE 5: PROTECTION DE VOS INFORMATIONS<\/span><\/h2>\r\n<p><span style=\"font-weight: 400;\">\u00a0<\/span><span style=\"font-weight: 400;\">Nous mettons en \u0153uvre une vari\u00e9t\u00e9 de mesures de s\u00e9curit\u00e9 pour pr\u00e9server la s\u00e9curit\u00e9 de vos informations personnelles.<\/span><\/p>\r\n<p><span style=\"font-weight: 400;\">Nous utilisons un cryptage \u00e0 la pointe de la technologie pour prot\u00e9ger les informations sensibles transmises en ligne. Notre site internet poss\u00e8de bien entendu un Certificat SSL (Secure Socket Layer).<\/span><\/p>\r\n<p><span style=\"font-weight: 400;\">Nous prot\u00e9geons \u00e9galement vos informations hors ligne. Seuls membres autoris\u00e9s de l&#8217;entreprise qui ont besoin d&#8217;effectuer un travail sp\u00e9cifique (par exemple, la facturation ou le service aux membres) ont acc\u00e8s aux informations personnelles identifiables. Les ordinateurs et serveurs utilis\u00e9s pour stocker des informations personnelles identifiables sont conserv\u00e9s dans un environnement s\u00e9curis\u00e9 par notre h\u00e9bergeur.<\/span><\/p>\r\n<h2><span style=\"font-weight: 400;\">ARTICLE 6: COPIE OU SUPPRESSION DE VOS INFORMATIONS<\/span><\/h2>\r\n<p><span style=\"font-weight: 400;\">\u200b<\/span><\/p>\r\n<p><span style=\"font-weight: 400;\">Nous stockons les donn\u00e9es transmises via nos diff\u00e9rents formulaires de contact.<\/span><\/p>\r\n<p><span style=\"font-weight: 400;\">Cependant, vous avez la possibilit\u00e9 de nous contacter par e-mall \u00e0 jfyogaiyengar@gmail.com ou par t\u00e9l\u00e9phone au 0689391427 pour toute demande de copie ou de suppression de vos donn\u00e9es personnelles que nous stockons.<\/span><\/p>\r\n<h2><span style=\"font-weight: 400;\">ARTICLE 7: ENVOI DE NEWSLETTERS<\/span><\/h2>\r\n<p><span style=\"font-weight: 400;\">\u200b<\/span><\/p>\r\n<p><span style=\"font-weight: 400;\">Si vous etes concern\u00e9(e)s par l&#8217;envoi de notre newsletters, vous pouvez en tout temps vous d\u00e9sabonner de celles-ci via une proposition sur le bas de chaque e-mail.<\/span><\/p>\r\n<p><span style=\"font-weight: 400;\">\u200b<\/span><\/p>\r\n<h2><span style=\"font-weight: 400;\">ARTICLE 8: POLITIQUE DE L&#8217;HEBERGEUR<\/span><\/h2>\r\n<p><span style=\"font-weight: 400;\">Notre h\u00e9bergeur poss\u00e8de sa propre politique de confidentialit\u00e9 concernant l&#8217;utilisation de vos donn\u00e9es que vous pouvez <\/span><span style=\"font-weight: 400;\">consulter en tout temps fici : lien de la politique de confidentialit\u00e9 de l&#8217;h\u00e9bergeur].<\/span><\/p>\r\n<p><span style=\"font-weight: 400;\">\u200b<\/span><\/p>\r\n<h2><span style=\"font-weight: 400;\">ARTICLE 9: CONSENTEMENT A NOTRE POLITIQUE<\/span><\/h2>\r\n<p><span style=\"font-weight: 400;\">En utilisant notre site, vous consentez \u00e0 notre politique de confidentialit\u00e9 et que celle-ci puisse \u00eatre modifi\u00e9e en tout temps <\/span><span style=\"font-weight: 400;\">par l&#8217;\u00e9diteur.<\/span><\/p>\r\n<p><span style=\"font-weight: 400;\">La Commission europ\u00e9enne fournit une plateforme de r\u00e8glement des litiges en ligne (OS). Cette plateforme est disponible \u00e0 l&#8217;adresse <\/span><a href=\"https:\/\/ec.europa.eu\/consumers\/odr\/main\/index.cfm?event=main.home.chooseLanguage\" target=\"_blank\" rel=\"noopener\"><span style=\"font-weight: 400;\">http:\/\/ec.europa.eu\/consumers\/odr\/<\/span><\/a><span style=\"font-weight: 400;\">. En tant que client, vous avez toujours la possibilit\u00e9 de contacter le conseil d&#8217;arbitrage de la Commission europ\u00e9enne. Nous ne sommes ni dispos\u00e9s \u00e0, ni oblig\u00e9s de, participer \u00e0 une proc\u00e9dure de r\u00e8glement des litiges devant un conseil d&#8217;arbitrage de la consommation.<\/span><\/p>\r\n<p><span style=\"font-weight: 400;\">\u200b<\/span><\/p>\r\n<p><span style=\"font-weight: 400;\">E-mail : <\/span><span style=\"font-weight: 400;\">shivashakti@wanadoo.fr<\/span><\/p>\r\n<p><span style=\"font-weight: 400;\">T\u00e9l :04 93 89 53 91<\/span><\/p>\r\n<p><span style=\"font-weight: 400;\">Adresse :79, Boulevard General Louis Delfino- 06300 Nice<\/span><\/p>\r\n<p>&nbsp;<\/p>\r\n<p>&nbsp;<\/p>\r\n<p>&nbsp;<\/p>\r\n<p>&nbsp;<\/p>\r\n<p>&nbsp;<\/p>\r\n<p>&nbsp;<\/p>\r\n<p>&nbsp;<\/p>\r\n<p>&nbsp;<\/p>\r\n<p><span style=\"font-weight: 400;\">Institut de Yoga Iyengar de Nice\u00a0<\/span><\/p>\r\n<p><span style=\"font-weight: 400;\">79, Boulevard Delfino<\/span><\/p>\r\n<p><span style=\"font-weight: 400;\">06300 &#8211; Nice\u00a0<\/span><\/p>\r\n<p><a href=\"https:\/\/bit.ly\/3S52I6x\" target=\"_blank\" rel=\"noopener\"><span style=\"font-weight: 400;\">www.anuttara.com<\/span><\/a><\/p>\r\n","protected":false},"excerpt":{"rendered":"<p>Date de derni\u00e8re mise \u00e0 Jour : 01\/2022 ARTICLE1: COLLECTE DE VOS INFORMATIONS Nous recueillons des informations lorsque vous remplissez nos formulaires de contact, de newsletter et lorsque vous r\u00e9servez \/ achetez un de nos services \/ produits. Nous pouvons r\u00e9colter les informations suivantes : votre pr\u00e9nom, votre nom, votre adresse e-mail, votre num\u00e9ro de [&hellip;]<\/p>\n","protected":false},"author":1,"featured_media":0,"parent":0,"menu_order":0,"comment_status":"closed","ping_status":"open","template":"","meta":{"footnotes":""},"class_list":["post-3","page","type-page","status-publish","hentry"],"_links":{"self":[{"href":"https:\/\/aprovacao.website\/pisano\/wp-json\/wp\/v2\/pages\/3","targetHints":{"allow":["GET"]}}],"collection":[{"href":"https:\/\/aprovacao.website\/pisano\/wp-json\/wp\/v2\/pages"}],"about":[{"href":"https:\/\/aprovacao.website\/pisano\/wp-json\/wp\/v2\/types\/page"}],"author":[{"embeddable":true,"href":"https:\/\/aprovacao.website\/pisano\/wp-json\/wp\/v2\/users\/1"}],"replies":[{"embeddable":true,"href":"https:\/\/aprovacao.website\/pisano\/wp-json\/wp\/v2\/comments?post=3"}],"version-history":[{"count":0,"href":"https:\/\/aprovacao.website\/pisano\/wp-json\/wp\/v2\/pages\/3\/revisions"}],"wp:attachment":[{"href":"https:\/\/aprovacao.website\/pisano\/wp-json\/wp\/v2\/media?parent=3"}],"curies":[{"name":"wp","href":"https:\/\/api.w.org\/{rel}","templated":true}]}}