{"id":27,"date":"2020-09-01T12:46:22","date_gmt":"2020-09-01T10:46:22","guid":{"rendered":"https:\/\/aprovacao.website\/pisano\/?page_id=27"},"modified":"2024-12-08T15:36:10","modified_gmt":"2024-12-08T14:36:10","slug":"horaires-cours-yoga","status":"publish","type":"page","link":"https:\/\/aprovacao.website\/pisano\/horaires-cours-yoga\/","title":{"rendered":"Horaires cours de yoga"},"content":{"rendered":"\t\t<div data-elementor-type=\"wp-page\" data-elementor-id=\"27\" class=\"elementor elementor-27\" data-elementor-settings=\"{&quot;ha_cmc_init_switcher&quot;:&quot;no&quot;}\" data-elementor-post-type=\"page\">\n\t\t\t\t\t\t<section class=\"elementor-section elementor-top-section elementor-element elementor-element-ccf09ec elementor-section-stretched elementor-section-boxed elementor-section-height-default elementor-section-height-default\" data-id=\"ccf09ec\" data-element_type=\"section\" data-settings=\"{&quot;stretch_section&quot;:&quot;section-stretched&quot;,&quot;background_background&quot;:&quot;classic&quot;,&quot;_ha_eqh_enable&quot;:false}\">\n\t\t\t\t\t\t<div class=\"elementor-container elementor-column-gap-default\">\n\t\t\t\t\t<div class=\"elementor-column elementor-col-100 elementor-top-column elementor-element elementor-element-98b4bb0\" data-id=\"98b4bb0\" data-element_type=\"column\">\n\t\t\t<div class=\"elementor-widget-wrap elementor-element-populated\">\n\t\t\t\t\t\t<div class=\"elementor-element elementor-element-8837111 elementor-widget elementor-widget-heading\" data-id=\"8837111\" data-element_type=\"widget\" data-widget_type=\"heading.default\">\n\t\t\t\t<div class=\"elementor-widget-container\">\n\t\t\t\t\t<h1 class=\"elementor-heading-title elementor-size-default\">Horaires des cours de yoga<\/h1>\t\t\t\t<\/div>\n\t\t\t\t<\/div>\n\t\t\t\t<div class=\"elementor-element elementor-element-b67a921 elementor-widget-divider--view-line elementor-widget elementor-widget-divider\" data-id=\"b67a921\" data-element_type=\"widget\" data-widget_type=\"divider.default\">\n\t\t\t\t<div class=\"elementor-widget-container\">\n\t\t\t\t\t\t\t<div class=\"elementor-divider\">\n\t\t\t<span class=\"elementor-divider-separator\">\n\t\t\t\t\t\t<\/span>\n\t\t<\/div>\n\t\t\t\t\t\t<\/div>\n\t\t\t\t<\/div>\n\t\t\t\t<div class=\"elementor-element elementor-element-d699929 elementor-widget elementor-widget-text-editor\" data-id=\"d699929\" data-element_type=\"widget\" data-widget_type=\"text-editor.default\">\n\t\t\t\t<div class=\"elementor-widget-container\">\n\t\t\t\t\t\t\t\t\t<p>Voici les horaires des cours de Yoga du centre &nbsp;Iyengar de Nice. Le <a href=\"https:\/\/aprovacao.website\/pisano\/studio-yoga-nice\/\"><strong>Studio<\/strong><\/a> de Yoga de Christian Pisano ouvre 15 minutes avant le d\u00e9but des cours.<\/p>\n<p><font face=\"var( --e-global-typography-text-font-family ), Sans-serif\"><span style=\"color: var( --e-global-color-text );\">Le Centre sera ferm\u00e9 du 23 d\u00e9cembre jusqu&#8217;au 5 janvier pour les&nbsp;<\/span><\/font>f\u00eates de fin de l&#8217;ann\u00e9e<font face=\"var( --e-global-typography-text-font-family ), Sans-serif\"><span style=\"color: var( --e-global-color-text );\">. <\/span><\/font>R\u00e9ouverture<font face=\"var( --e-global-typography-text-font-family ), Sans-serif\"><span style=\"color: var( --e-global-color-text );\">&nbsp;du Centre le 6 janvier 2025 pour la reprise des cours.&nbsp;<\/span><\/font><\/p><div style=\"font-style: normal; margin-top: 0.5em; white-space: pre-wrap; overflow-wrap: break-word; font-family: system-ui, -apple-system, BlinkMacSystemFont, &quot;.SFNSText-Regular&quot;, sans-serif; caret-color: rgb(5, 5, 5); color: rgb(5, 5, 5); font-size: 15px;\">\n<\/div>\t\t\t\t\t\t\t\t<\/div>\n\t\t\t\t<\/div>\n\t\t\t\t\t<\/div>\n\t\t<\/div>\n\t\t\t\t\t<\/div>\n\t\t<\/section>\n\t\t\t\t<section class=\"elementor-section elementor-top-section elementor-element elementor-element-69fc3ac elementor-section-boxed elementor-section-height-default elementor-section-height-default\" data-id=\"69fc3ac\" data-element_type=\"section\" data-settings=\"{&quot;_ha_eqh_enable&quot;:false}\">\n\t\t\t\t\t\t<div class=\"elementor-container elementor-column-gap-default\">\n\t\t\t\t\t<div class=\"elementor-column elementor-col-100 elementor-top-column elementor-element elementor-element-54d1e8b\" data-id=\"54d1e8b\" data-element_type=\"column\">\n\t\t\t<div class=\"elementor-widget-wrap elementor-element-populated\">\n\t\t\t\t\t\t<div class=\"elementor-element elementor-element-23084ea elementor-widget elementor-widget-image\" data-id=\"23084ea\" data-element_type=\"widget\" data-widget_type=\"image.default\">\n\t\t\t\t<div class=\"elementor-widget-container\">\n\t\t\t\t\t\t\t\t\t\t\t\t\t\t\t<img fetchpriority=\"high\" decoding=\"async\" width=\"800\" height=\"566\" src=\"https:\/\/aprovacao.website\/pisano\/wp-content\/uploads\/2024\/07\/HORAIRES-2025-1024x724.png\" class=\"attachment-large size-large wp-image-2622\" alt=\"\" srcset=\"https:\/\/aprovacao.website\/pisano\/wp-content\/uploads\/2024\/07\/HORAIRES-2025-1024x724.png 1024w, https:\/\/aprovacao.website\/pisano\/wp-content\/uploads\/2024\/07\/HORAIRES-2025-600x424.png 600w, https:\/\/aprovacao.website\/pisano\/wp-content\/uploads\/2024\/07\/HORAIRES-2025-300x212.png 300w, https:\/\/aprovacao.website\/pisano\/wp-content\/uploads\/2024\/07\/HORAIRES-2025-768x543.png 768w, https:\/\/aprovacao.website\/pisano\/wp-content\/uploads\/2024\/07\/HORAIRES-2025-1536x1086.png 1536w, https:\/\/aprovacao.website\/pisano\/wp-content\/uploads\/2024\/07\/HORAIRES-2025.png 2000w\" sizes=\"(max-width: 800px) 100vw, 800px\" \/>\t\t\t\t\t\t\t\t\t\t\t\t\t\t\t<\/div>\n\t\t\t\t<\/div>\n\t\t\t\t\t<\/div>\n\t\t<\/div>\n\t\t\t\t\t<\/div>\n\t\t<\/section>\n\t\t\t\t<\/div>\n\t\t","protected":false},"excerpt":{"rendered":"<p>Horaires des cours de yoga Voici les horaires des cours de Yoga du centre &nbsp;Iyengar de Nice. Le Studio de Yoga de Christian Pisano ouvre 15 minutes avant le d\u00e9but des cours. Le Centre sera ferm\u00e9 du 23 d\u00e9cembre jusqu&#8217;au 5 janvier pour les&nbsp;f\u00eates de fin de l&#8217;ann\u00e9e. R\u00e9ouverture&nbsp;du Centre le 6 janvier 2025 pour [&hellip;]<\/p>\n","protected":false},"author":1,"featured_media":0,"parent":0,"menu_order":0,"comment_status":"closed","ping_status":"closed","template":"elementor_header_footer","meta":{"footnotes":""},"class_list":["post-27","page","type-page","status-publish","hentry"],"_links":{"self":[{"href":"https:\/\/aprovacao.website\/pisano\/wp-json\/wp\/v2\/pages\/27","targetHints":{"allow":["GET"]}}],"collection":[{"href":"https:\/\/aprovacao.website\/pisano\/wp-json\/wp\/v2\/pages"}],"about":[{"href":"https:\/\/aprovacao.website\/pisano\/wp-json\/wp\/v2\/types\/page"}],"author":[{"embeddable":true,"href":"https:\/\/aprovacao.website\/pisano\/wp-json\/wp\/v2\/users\/1"}],"replies":[{"embeddable":true,"href":"https:\/\/aprovacao.website\/pisano\/wp-json\/wp\/v2\/comments?post=27"}],"version-history":[{"count":0,"href":"https:\/\/aprovacao.website\/pisano\/wp-json\/wp\/v2\/pages\/27\/revisions"}],"wp:attachment":[{"href":"https:\/\/aprovacao.website\/pisano\/wp-json\/wp\/v2\/media?parent=27"}],"curies":[{"name":"wp","href":"https:\/\/api.w.org\/{rel}","templated":true}]}}