{"id":1207,"date":"2022-10-13T21:40:10","date_gmt":"2022-10-13T19:40:10","guid":{"rendered":"https:\/\/aprovacao.website\/pisano\/?page_id=1207"},"modified":"2022-10-13T21:40:10","modified_gmt":"2022-10-13T19:40:10","slug":"mentions-legales","status":"publish","type":"page","link":"https:\/\/aprovacao.website\/pisano\/mentions-legales\/","title":{"rendered":"MENTIONS L\u00c9GALES"},"content":{"rendered":"<h2><b>MENTIONS L\u00c9GALES<\/b><\/h2>\n<p><span style=\"font-weight: 400;\">D\u00e9finitions<\/span><\/p>\n<p><span style=\"font-weight: 400;\">Client : tout professionnel ou personne physique capable au sens des articles 1123 et suivants du Code civil, ou personne morale, qui visite le Site objet des pr\u00e9sentes conditions g\u00e9n\u00e9rales.<\/span><\/p>\n<p><span style=\"font-weight: 400;\">Prestations et Services : <\/span><a href=\"https:\/\/www.anuttara.com\/\" target=\"_blank\" rel=\"noopener\"><span style=\"font-weight: 400;\">https:\/\/www.anuttara.com\/<\/span><\/a><span style=\"font-weight: 400;\">\u00a0 met \u00e0 disposition des Clients :<\/span><span style=\"font-weight: 400;\">\u200b<\/span><\/p>\n<p><span style=\"font-weight: 400;\">Contenu : Ensemble des \u00e9l\u00e9ments constituants l\u2019information pr\u00e9sente sur le Site, notamment textes \u2013 images \u2013 vid\u00e9os.<\/span><span style=\"font-weight: 400;\">\u200b<\/span><\/p>\n<p><span style=\"font-weight: 400;\">Informations clients : Ci apr\u00e8s d\u00e9nomm\u00e9 \u00ab Information (s) \u00bb qui correspondent \u00e0 l\u2019ensemble des donn\u00e9es personnelles susceptibles d\u2019\u00eatre d\u00e9tenues par <\/span><a href=\"https:\/\/www.jfyoga.fr\/\" target=\"_blank\" rel=\"noopener\"><span style=\"font-weight: 400;\">https:\/\/www.anuttara.com\/<\/span><\/a><span style=\"font-weight: 400;\"> pour la gestion de votre compte, de la gestion de la relation client et \u00e0 des fins d\u2019analyses et de statistiques.<\/span><\/p>\n<p><span style=\"font-weight: 400;\">Utilisateur : Internaute se connectant, utilisant le site susnomm\u00e9.<\/span><\/p>\n<p><span style=\"font-weight: 400;\">Informations personnelles : \u00ab Les informations qui permettent, sous quelque forme que ce soit, directement ou non, l\u2019identification des personnes physiques auxquelles elles s\u2019appliquent \u00bb (article 4 de la loi n\u00b0 78-17 du 6 janvier 1978).<\/span><\/p>\n<p><span style=\"font-weight: 400;\">Les termes \u00ab donn\u00e9es \u00e0 caract\u00e8re personnel \u00bb, \u00ab personne concern\u00e9e \u00bb, \u00ab sous traitant \u00bb et \u00ab donn\u00e9es sensibles \u00bb ont le sens d\u00e9fini par le R\u00e8glement G\u00e9n\u00e9ral sur la Protection des Donn\u00e9es (RGPD : n\u00b0 2016-679)<\/span><\/p>\n<ol>\n<li>\n<h2><span style=\"font-weight: 400;\"> Pr\u00e9sentation du site internet.<\/span><\/h2>\n<\/li>\n<\/ol>\n<p><span style=\"font-weight: 400;\">En vertu de l\u2019article 6 de la loi n\u00b0 2004-575 du 21 juin 2004 pour la confiance dans l\u2019\u00e9conomie num\u00e9rique, il est pr\u00e9cis\u00e9 aux utilisateurs du site internet <\/span><a href=\"https:\/\/www.jfyoga.fr\/\" target=\"_blank\" rel=\"noopener\"><span style=\"font-weight: 400;\">https:\/\/www.<\/span><\/a><a href=\"http:\/\/anuttara.com\/\" target=\"_blank\" rel=\"noopener\"><span style=\"font-weight: 400;\">anuttara.com<\/span><\/a><span style=\"font-weight: 400;\"> des diff\u00e9rents intervenants dans le cadre de sa r\u00e9alisation et de son suivi:<\/span><\/p>\n<p><span style=\"font-weight: 400;\">Propri\u00e9taire : Christian Pisano<\/span><\/p>\n<p><span style=\"font-weight: 400;\">Responsable publication : Christian Pisano<\/span><\/p>\n<p><span style=\"font-weight: 400;\">H\u00e9bergeur : 123.rg<\/span><\/p>\n<p><span style=\"font-weight: 400;\">D\u00e9l\u00e9gu\u00e9 \u00e0 la protection des donn\u00e9es : Christian Pisano<\/span><\/p>\n<p><span style=\"font-weight: 400;\">\u200b<\/span><\/p>\n<ol start=\"2\">\n<li>\n<h2><span style=\"font-weight: 400;\"> Conditions g\u00e9n\u00e9rales d\u2019utilisation du site et des services propos\u00e9s.<\/span><\/h2>\n<\/li>\n<\/ol>\n<p><span style=\"font-weight: 400;\">Le Site constitue une \u0153uvre de l\u2019esprit prot\u00e9g\u00e9e par les dispositions du Code de la Propri\u00e9t\u00e9 Intellectuelle et des R\u00e9glementations Internationales applicables.<\/span><\/p>\n<p><span style=\"font-weight: 400;\">Le Client ne peut en aucune mani\u00e8re r\u00e9utiliser, c\u00e9der ou exploiter pour son propre compte tout ou partie des \u00e9l\u00e9ments ou travaux du Site.<\/span><\/p>\n<p><span style=\"font-weight: 400;\">L\u2019utilisation du site <\/span><a href=\"https:\/\/www.jfyoga.fr\/\" target=\"_blank\" rel=\"noopener\"><span style=\"font-weight: 400;\">https:\/\/www.<\/span><\/a><a href=\"http:\/\/anuttara.com\/\" target=\"_blank\" rel=\"noopener\"><span style=\"font-weight: 400;\">anuttara.com<\/span><\/a><span style=\"font-weight: 400;\"> implique l\u2019acceptation pleine et enti\u00e8re des conditions g\u00e9n\u00e9rales d\u2019utilisation ci-apr\u00e8s d\u00e9crites. Ces conditions d\u2019utilisation sont susceptibles d\u2019\u00eatre modifi\u00e9es ou compl\u00e9t\u00e9es \u00e0 tout moment, les utilisateurs du site <\/span><a href=\"https:\/\/www.jfyoga.fr\/\" target=\"_blank\" rel=\"noopener\"><span style=\"font-weight: 400;\">https:\/\/www.<\/span><\/a><a href=\"http:\/\/anuttara.com\/\" target=\"_blank\" rel=\"noopener\"><span style=\"font-weight: 400;\">anuttara.com<\/span><\/a><span style=\"font-weight: 400;\"> sont\u00a0 invit\u00e9s \u00e0 les consulter de mani\u00e8re r\u00e9guli\u00e8re.<\/span><\/p>\n<p><span style=\"font-weight: 400;\">Ce site internet est normalement accessible \u00e0 tout moment aux utilisateurs. Une interruption pour raison de maintenance technique peut \u00eatre toutefois d\u00e9cid\u00e9e par <\/span><a href=\"https:\/\/www.jfyoga.fr\/\" target=\"_blank\" rel=\"noopener\"><span style=\"font-weight: 400;\">https:\/\/www.<\/span><\/a><a href=\"http:\/\/anuttara.com\/\" target=\"_blank\" rel=\"noopener\"><span style=\"font-weight: 400;\">anuttara.com<\/span><\/a><span style=\"font-weight: 400;\"> qui s\u2019efforcera alors de communiquer pr\u00e9alablement aux utilisateurs les dates et heures de l\u2019intervention.<\/span><\/p>\n<p><span style=\"font-weight: 400;\">Le site web\u00a0 <\/span><a href=\"https:\/\/www.anuttara.com\/\" target=\"_blank\" rel=\"noopener\"><span style=\"font-weight: 400;\">https:\/\/www.anuttara.com<\/span><\/a><span style=\"font-weight: 400;\"> mis \u00e0 jour r\u00e9guli\u00e8rement par Christian Pisano. De la m\u00eame fa\u00e7on, les mentions l\u00e9gales peuvent \u00eatre modifi\u00e9es \u00e0 tout moment : elles s\u2019imposent n\u00e9anmoins \u00e0 l\u2019utilisateur qui est invit\u00e9 \u00e0 s\u2019y r\u00e9f\u00e9rer le plus souvent possible afin d\u2019en prendre connaissance.<\/span><\/p>\n<p><span style=\"font-weight: 400;\">\u200b<\/span><\/p>\n<ol start=\"3\">\n<li>\n<h2><span style=\"font-weight: 400;\"> Description des services fournis.<\/span><\/h2>\n<\/li>\n<\/ol>\n<p><span style=\"font-weight: 400;\">Le site internet\u00a0 <\/span><a href=\"https:\/\/www.jfyoga.fr\/\" target=\"_blank\" rel=\"noopener\"><span style=\"font-weight: 400;\">https:\/\/www.<\/span><\/a><a href=\"http:\/\/anuttara.com\/\" target=\"_blank\" rel=\"noopener\"><span style=\"font-weight: 400;\">anuttara.com<\/span><\/a><span style=\"font-weight: 400;\"> pour objet de fournir une information concernant l\u2019ensemble des activit\u00e9s de la soci\u00e9t\u00e9.<\/span><\/p>\n<p><span style=\"font-weight: 400;\">L&#8217;Institut de Yoga Iyengar de Nice s\u2019efforce de fournir sur le site <\/span><a href=\"https:\/\/www.anuttara.com\/\" target=\"_blank\" rel=\"noopener\"><span style=\"font-weight: 400;\">https:\/\/www.anuttara.com<\/span><\/a><span style=\"font-weight: 400;\"> des informations aussi pr\u00e9cises que possible. Toutefois, il ne pourra \u00eatre tenu responsable des oublis, des inexactitudes et des carences dans la mise \u00e0 jour, qu\u2019elles soient de son fait ou du fait des tiers partenaires qui lui fournissent ces informations.<\/span><\/p>\n<p><span style=\"font-weight: 400;\">Toutes les informations indiqu\u00e9es sur le site <\/span><a href=\"https:\/\/www.jfyoga.frsont\/\" target=\"_blank\" rel=\"noopener\"><span style=\"font-weight: 400;\">https:\/\/www.anuttara.com sont<\/span><\/a><span style=\"font-weight: 400;\"> donn\u00e9es \u00e0 titre indicatif, et sont susceptibles d\u2019\u00e9voluer. Par ailleurs, les renseignements figurant sur le site <\/span><a href=\"https:\/\/www.jfyoga.frne\/\" target=\"_blank\" rel=\"noopener\"><span style=\"font-weight: 400;\">https:\/\/www.anuttara.com ne<\/span><\/a><span style=\"font-weight: 400;\"> sont pas exhaustifs. Ils sont donn\u00e9s sous r\u00e9serve de modifications ayant \u00e9t\u00e9 apport\u00e9es depuis leur mise en ligne.<\/span><\/p>\n<p><span style=\"font-weight: 400;\">\u200b<\/span><\/p>\n<ol start=\"4\">\n<li>\n<h2><span style=\"font-weight: 400;\"> Limitations contractuelles sur les donn\u00e9es techniques.<\/span><\/h2>\n<\/li>\n<\/ol>\n<p><span style=\"font-weight: 400;\">Le site Internet ne pourra \u00eatre tenu responsable de dommages mat\u00e9riels li\u00e9s \u00e0 l\u2019utilisation du site. De plus, l\u2019utilisateur du site s\u2019engage \u00e0 acc\u00e9der au site en utilisant un mat\u00e9riel r\u00e9cent, ne contenant pas de virus et avec un navigateur de derni\u00e8re g\u00e9n\u00e9ration mis-\u00e0-jour<\/span><\/p>\n<p><span style=\"font-weight: 400;\">Le site <\/span><a href=\"https:\/\/www.anuttara.com\/\" target=\"_blank\" rel=\"noopener\"><span style=\"font-weight: 400;\">https:\/\/www.anuttara.com<\/span><\/a><span style=\"font-weight: 400;\"> est h\u00e9berg\u00e9 chez un prestataire sur le territoire de l\u2019Union Europ\u00e9enne conform\u00e9ment aux dispositions du R\u00e8glement G\u00e9n\u00e9ral sur la Protection des Donn\u00e9es (RGPD : n\u00b0 2016-679)<\/span><\/p>\n<p><span style=\"font-weight: 400;\">L\u2019objectif est d\u2019apporter une prestation qui assure le meilleur taux d\u2019accessibilit\u00e9. L\u2019h\u00e9bergeur assure la continuit\u00e9 de son service 24 Heures sur 24, tous les jours de l\u2019ann\u00e9e. Il se r\u00e9serve n\u00e9anmoins la possibilit\u00e9 d\u2019interrompre le service d\u2019h\u00e9bergement pour les dur\u00e9es les plus courtes possibles notamment \u00e0 des fins de maintenance, d\u2019am\u00e9lioration de ses infrastructures, de d\u00e9faillance de ses infrastructures ou si les Prestations et Services g\u00e9n\u00e8rent un trafic r\u00e9put\u00e9 anormal.<\/span><\/p>\n<p><span style=\"font-weight: 400;\">\u00a0<\/span><a href=\"https:\/\/www.jfyoga.fr\/\" target=\"_blank\" rel=\"noopener\"><span style=\"font-weight: 400;\">https:\/\/www.<\/span><\/a><a href=\"http:\/\/anuttara.com\/\" target=\"_blank\" rel=\"noopener\"><span style=\"font-weight: 400;\">anuttara.com<\/span><\/a><span style=\"font-weight: 400;\">\u00a0 et l\u2019h\u00e9bergeur 123.rg ne pourront \u00eatre tenus responsables en cas de dysfonctionnement du r\u00e9seau Internet, des lignes t\u00e9l\u00e9phoniques ou du mat\u00e9riel informatique et de t\u00e9l\u00e9phonie li\u00e9 notamment \u00e0 l\u2019encombrement du r\u00e9seau emp\u00eachant l\u2019acc\u00e8s au serveur.<\/span><\/p>\n<p><span style=\"font-weight: 400;\">\u200b<\/span><\/p>\n<ol start=\"5\">\n<li>\n<h2><span style=\"font-weight: 400;\"> Propri\u00e9t\u00e9 intellectuelle et contrefa\u00e7ons.<\/span><\/h2>\n<\/li>\n<\/ol>\n<p><span style=\"font-weight: 400;\">\u00a0<\/span><a href=\"https:\/\/www.jfyoga.fr\/\" target=\"_blank\" rel=\"noopener\"><span style=\"font-weight: 400;\">https:\/\/www.<\/span><\/a><a href=\"http:\/\/anuttara.com\/\" target=\"_blank\" rel=\"noopener\"><span style=\"font-weight: 400;\">anuttara.com<\/span><\/a><span style=\"font-weight: 400;\"> propri\u00e9taire des droits de propri\u00e9t\u00e9 intellectuelle et d\u00e9tient les droits d\u2019usage sur tous les \u00e9l\u00e9ments accessibles sur le site internet, notamment les textes, images, graphismes, logos, vid\u00e9os, ic\u00f4nes et sons.<\/span><\/p>\n<p><span style=\"font-weight: 400;\">Toute reproduction, repr\u00e9sentation, modification, publication, adaptation de tout ou partie des \u00e9l\u00e9ments du site, quel que soit le moyen ou le proc\u00e9d\u00e9 utilis\u00e9, est interdite, sauf autorisation \u00e9crite pr\u00e9alable de : <\/span><a href=\"https:\/\/www.anuttara.com\/\" target=\"_blank\" rel=\"noopener\"><span style=\"font-weight: 400;\">https:\/\/www.anuttara.com<\/span><\/a><\/p>\n<p><span style=\"font-weight: 400;\">Toute exploitation non autoris\u00e9e du site ou de l\u2019un quelconque des \u00e9l\u00e9ments qu\u2019il contient sera consid\u00e9r\u00e9e comme constitutive d\u2019une contrefa\u00e7on et poursuivie conform\u00e9ment aux dispositions des articles L.335-2 et suivants du Code de Propri\u00e9t\u00e9 Intellectuelle.<\/span><\/p>\n<p><span style=\"font-weight: 400;\">\u200b<\/span><\/p>\n<ol start=\"6\">\n<li>\n<h2><span style=\"font-weight: 400;\"> Limitations de responsabilit\u00e9.<\/span><\/h2>\n<\/li>\n<\/ol>\n<p><a href=\"https:\/\/www.jfyoga.fr\/\" target=\"_blank\" rel=\"noopener\"><span style=\"font-weight: 400;\">https:\/\/www.<\/span><\/a><a href=\"http:\/\/anuttara.com\/\" target=\"_blank\" rel=\"noopener\"><span style=\"font-weight: 400;\">anuttara.com<\/span><\/a><span style=\"font-weight: 400;\"> agit en tant qu\u2019\u00e9diteur du site. <\/span><a href=\"https:\/\/www.jfyoga.fr\/\" target=\"_blank\" rel=\"noopener\"><span style=\"font-weight: 400;\">https:\/\/www.<\/span><\/a><a href=\"http:\/\/anuttara.com\/\" target=\"_blank\" rel=\"noopener\"><span style=\"font-weight: 400;\">anuttara.com<\/span><\/a><span style=\"font-weight: 400;\">\u00a0 est responsable de la qualit\u00e9 et de la v\u00e9racit\u00e9 du Contenu qu\u2019il publie.<\/span><\/p>\n<p><a href=\"https:\/\/www.jfyoga.fr\/\" target=\"_blank\" rel=\"noopener\"><span style=\"font-weight: 400;\">https:\/\/www.<\/span><\/a><a href=\"http:\/\/anuttara.com\/\" target=\"_blank\" rel=\"noopener\"><span style=\"font-weight: 400;\">anuttara.com<\/span><\/a><span style=\"font-weight: 400;\"> ne pourra \u00eatre tenu responsable des dommages directs et indirects caus\u00e9s au mat\u00e9riel de l\u2019utilisateur, lors de l\u2019acc\u00e8s au site internet <\/span><a href=\"https:\/\/www.jfyoga.fr\/\" target=\"_blank\" rel=\"noopener\"><span style=\"font-weight: 400;\">https:\/\/www.<\/span><\/a><a href=\"http:\/\/anuttara.com\/\" target=\"_blank\" rel=\"noopener\"><span style=\"font-weight: 400;\">anuttara.com<\/span><\/a><span style=\"font-weight: 400;\">, et r\u00e9sultant soit de l\u2019utilisation d\u2019un mat\u00e9riel ne r\u00e9pondant pas aux sp\u00e9cifications indiqu\u00e9es au point 4, soit de l\u2019apparition d\u2019un bug ou d\u2019une incompatibilit\u00e9.<\/span><\/p>\n<p><a href=\"https:\/\/www.jfyoga.fr\/\" target=\"_blank\" rel=\"noopener\"><span style=\"font-weight: 400;\">https:\/\/www.<\/span><\/a><a href=\"http:\/\/anuttara.com\/\" target=\"_blank\" rel=\"noopener\"><span style=\"font-weight: 400;\">anuttara.com<\/span><\/a><span style=\"font-weight: 400;\"> ne pourra \u00e9galement \u00eatre tenu responsable des dommages indirects (tels par exemple qu\u2019une perte de march\u00e9 ou perte d\u2019une chance) cons\u00e9cutifs \u00e0 l\u2019utilisation du site <\/span><a href=\"https:\/\/www.jfyoga.fr\/\" target=\"_blank\" rel=\"noopener\"><span style=\"font-weight: 400;\">https:\/\/www.<\/span><\/a><a href=\"http:\/\/anuttara.com\/\" target=\"_blank\" rel=\"noopener\"><span style=\"font-weight: 400;\">anuttara.com<\/span><\/a><span style=\"font-weight: 400;\">.<\/span><\/p>\n<p><span style=\"font-weight: 400;\">Des espaces interactifs (possibilit\u00e9 de poser des questions dans l\u2019espace contact) sont \u00e0 la disposition des utilisateurs. <\/span><a href=\"https:\/\/www.anuttara.com\/\" target=\"_blank\" rel=\"noopener\"><span style=\"font-weight: 400;\">https:\/\/www.anuttara.com<\/span><\/a><span style=\"font-weight: 400;\"> se r\u00e9serve le droit de supprimer, sans mise en demeure pr\u00e9alable, tout contenu d\u00e9pos\u00e9 dans cet espace qui contreviendrait \u00e0 la l\u00e9gislation applicable en France, en particulier aux dispositions relatives \u00e0 la protection des donn\u00e9es. Le cas \u00e9ch\u00e9ant, <\/span><a href=\"https:\/\/www.anuttara.com\/\" target=\"_blank\" rel=\"noopener\"><span style=\"font-weight: 400;\">https:\/\/www.anuttara.com<\/span><\/a><span style=\"font-weight: 400;\"> se r\u00e9serve \u00e9galement la possibilit\u00e9 de mettre en cause la responsabilit\u00e9 civile et\/ou p\u00e9nale de l\u2019utilisateur, notamment en cas de message \u00e0 caract\u00e8re raciste, injurieux, diffamant, ou pornographique, quel que soit le support utilis\u00e9 (texte, photographie \u2026).<\/span><\/p>\n<p><span style=\"font-weight: 400;\">\u200b<\/span><\/p>\n<ol start=\"7\">\n<li>\n<h2><span style=\"font-weight: 400;\"> Droit applicable et attribution de juridiction.<\/span><\/h2>\n<\/li>\n<\/ol>\n<p><span style=\"font-weight: 400;\">Tout litige en relation avec l\u2019utilisation du site <\/span><a href=\"https:\/\/www.jfyoga.fr\/\" target=\"_blank\" rel=\"noopener\"><span style=\"font-weight: 400;\">https:\/\/www.<\/span><\/a><a href=\"http:\/\/anuttara.com\/\" target=\"_blank\" rel=\"noopener\"><span style=\"font-weight: 400;\">anuttara.com<\/span><\/a><span style=\"font-weight: 400;\"> est soumis au droit fran\u00e7ais.<\/span><\/p>\n<p><span style=\"font-weight: 400;\">En dehors des cas o\u00f9 la loi ne le permet pas, il est fait attribution exclusive de juridiction aux tribunaux comp\u00e9tents de Nice.<\/span><\/p>\n<p><span style=\"font-weight: 400;\">\u200b<\/span><\/p>\n<p><span style=\"font-weight: 400;\">La Commission europ\u00e9enne fournit une plateforme de r\u00e8glement des litiges en ligne (OS). Cette plateforme est disponible \u00e0 l&#8217;adresse <\/span><a href=\"http:\/\/ec.europa.eu\/consumers\/odr\/\" target=\"_blank\" rel=\"noopener\"><span style=\"font-weight: 400;\">http:\/\/ec.europa.eu\/consumers\/odr\/<\/span><\/a><span style=\"font-weight: 400;\">. En tant que client, vous avez toujours la possibilit\u00e9 de contacter le conseil d&#8217;arbitrage de la Commission europ\u00e9enne. Nous ne sommes ni dispos\u00e9s \u00e0, ni oblig\u00e9s de, participer \u00e0 une proc\u00e9dure de r\u00e8glement des litiges devant un conseil d&#8217;arbitrage de la consommation.<\/span><\/p>\n<p><span style=\"font-weight: 400;\">E-mail: <\/span><span style=\"font-weight: 400;\">shivashakti@wanadoo.fr<\/span><span style=\"font-weight: 400;\"> Tel 0493895391 Adresse 79, Boulevard General Louis Delfino, 06300 Nice<\/span><\/p>\n<p>&nbsp;<\/p>\n<p>&nbsp;<\/p>\n","protected":false},"excerpt":{"rendered":"<p>MENTIONS L\u00c9GALES D\u00e9finitions Client : tout professionnel ou personne physique capable au sens des articles 1123 et suivants du Code civil, ou personne morale, qui visite le Site objet des pr\u00e9sentes conditions g\u00e9n\u00e9rales. Prestations et Services : https:\/\/www.anuttara.com\/\u00a0 met \u00e0 disposition des Clients :\u200b Contenu : Ensemble des \u00e9l\u00e9ments constituants l\u2019information pr\u00e9sente sur le Site, [&hellip;]<\/p>\n","protected":false},"author":2,"featured_media":0,"parent":0,"menu_order":0,"comment_status":"closed","ping_status":"open","template":"","meta":{"footnotes":""},"class_list":["post-1207","page","type-page","status-publish","hentry"],"_links":{"self":[{"href":"https:\/\/aprovacao.website\/pisano\/wp-json\/wp\/v2\/pages\/1207","targetHints":{"allow":["GET"]}}],"collection":[{"href":"https:\/\/aprovacao.website\/pisano\/wp-json\/wp\/v2\/pages"}],"about":[{"href":"https:\/\/aprovacao.website\/pisano\/wp-json\/wp\/v2\/types\/page"}],"author":[{"embeddable":true,"href":"https:\/\/aprovacao.website\/pisano\/wp-json\/wp\/v2\/users\/2"}],"replies":[{"embeddable":true,"href":"https:\/\/aprovacao.website\/pisano\/wp-json\/wp\/v2\/comments?post=1207"}],"version-history":[{"count":0,"href":"https:\/\/aprovacao.website\/pisano\/wp-json\/wp\/v2\/pages\/1207\/revisions"}],"wp:attachment":[{"href":"https:\/\/aprovacao.website\/pisano\/wp-json\/wp\/v2\/media?parent=1207"}],"curies":[{"name":"wp","href":"https:\/\/api.w.org\/{rel}","templated":true}]}}