{"id":16,"date":"2022-09-05T14:44:23","date_gmt":"2022-09-05T14:44:23","guid":{"rendered":"http:\/\/15.229.165.18\/?page_id=16"},"modified":"2023-07-25T09:37:22","modified_gmt":"2023-07-25T12:37:22","slug":"contato","status":"publish","type":"page","link":"https:\/\/aprovacao.website\/oab\/contato\/","title":{"rendered":"Contato"},"content":{"rendered":"\n  <div class=\"banner has-hover gray\" id=\"banner-1843473802\">\n          <div class=\"banner-inner fill\">\n        <div class=\"banner-bg fill\" >\n            <img loading=\"lazy\" decoding=\"async\" width=\"1620\" height=\"250\" src=\"https:\/\/aprovacao.website\/oab\/wp-content\/uploads\/2023\/07\/OAB-SP-marketplace-header-4-cadastro.png\" class=\"bg attachment-original size-original\" alt=\"\" \/>                        <div class=\"overlay\"><\/div>            \n                    <\/div>\n\t\t\n        <div class=\"banner-layers container\">\n            <div class=\"fill banner-link\"><\/div>            \n   <div id=\"text-box-1453152163\" class=\"text-box banner-layer x50 md-x5 lg-x5 y80 md-y50 lg-y50 res-text\">\n                                <div class=\"text-box-content text dark\">\n              \n              <div class=\"text-inner text-center\">\n                  \n\t<div id=\"text-290573414\" class=\"text\">\n\t\t\n<h3><strong>CONTATO<\/strong><\/h3>\n\t\t\n<style>\n#text-290573414 {\n  text-align: left;\n}\n<\/style>\n\t<\/div>\n\t\n              <\/div>\n           <\/div>\n                            \n<style>\n#text-box-1453152163 {\n  margin: 0px -10px 0px 0px;\n  width: 88%;\n}\n#text-box-1453152163 .text-box-content {\n  font-size: 100%;\n}\n@media (min-width:550px) {\n  #text-box-1453152163 {\n    width: 38%;\n  }\n}\n<\/style>\n    <\/div>\n \n        <\/div>\n      <\/div>\n\n            \n<style>\n#banner-1843473802 {\n  padding-top: 253px;\n}\n#banner-1843473802 .overlay {\n  background-color: rgba(224, 216, 76, 0);\n}\n#banner-1843473802 .banner-bg img {\n  object-position: 88% 62%;\n}\n@media (min-width:550px) {\n  #banner-1843473802 {\n    padding-top: 200px;\n  }\n}\n<\/style>\n  <\/div>\n\n\n\n\t<section class=\"section\" id=\"section_1467828974\">\n\t\t<div class=\"section-bg fill\" >\n\t\t\t\t\t\t\t\t\t\n\t\t\t\n\n\t\t<\/div>\n\n\t\t\n\n\t\t<div class=\"section-content relative\">\n\t\t\t\n<div class=\"row row-large row-full-width align-center\"  id=\"row-144194280\">\n\n\t<div id=\"col-400769231\" class=\"col medium-4 small-12 large-4\"  >\n\t\t\t\t<div class=\"col-inner\"  >\n\t\t\t\n\t\t\t\n<h3><strong>Se voc\u00ea deseja fazer algum coment\u00e1rio ou sugerir mudan\u00e7as, entre em contato conosco. Estamos \u00e0 sua disposi\u00e7\u00e3o.<\/strong><\/h3>\n<h3 style=\"text-align: left;\">\u00a0<\/h3>\n<div class=\"is-divider divider clearfix\" style=\"max-width:327px;background-color:rgb(243, 6, 6);\"><\/div>\n\t\t<\/div>\n\t\t\t\t\n<style>\n#col-400769231 > .col-inner {\n  padding: 31px 19px 13px 9px;\n}\n<\/style>\n\t<\/div>\n\n\t\n\n\t<div id=\"col-897159214\" class=\"col medium-7 small-12 large-7\"  >\n\t\t\t\t<div class=\"col-inner text-center\" style=\"background-color:rgb(241, 241, 241);\" >\n\t\t\t\n\t\t\t\n<div class=\"row align-center\"  id=\"row-1859901013\">\n\n\t<div id=\"col-439709880\" class=\"col medium-11 small-11 large-11\"  >\n\t\t\t\t<div class=\"col-inner text-left\"  >\n\t\t\t\n\t\t\t\n\n<div class=\"wpcf7 no-js\" id=\"wpcf7-f1229-o1\" lang=\"pt-BR\" dir=\"ltr\" data-wpcf7-id=\"1229\">\n<div class=\"screen-reader-response\"><p role=\"status\" aria-live=\"polite\" aria-atomic=\"true\"><\/p> <ul><\/ul><\/div>\n<form action=\"\/oab\/wp-json\/wp\/v2\/pages\/16#wpcf7-f1229-o1\" method=\"post\" class=\"wpcf7-form init\" aria-label=\"Formul\u00e1rios de contato\" novalidate=\"novalidate\" data-status=\"init\">\n<fieldset class=\"hidden-fields-container\"><input type=\"hidden\" name=\"_wpcf7\" value=\"1229\" \/><input type=\"hidden\" name=\"_wpcf7_version\" value=\"6.1.5\" \/><input type=\"hidden\" name=\"_wpcf7_locale\" value=\"pt_BR\" \/><input type=\"hidden\" name=\"_wpcf7_unit_tag\" value=\"wpcf7-f1229-o1\" \/><input type=\"hidden\" name=\"_wpcf7_container_post\" value=\"0\" \/><input type=\"hidden\" name=\"_wpcf7_posted_data_hash\" value=\"\" \/>\n<\/fieldset>\n<p><label> Seu nome<br \/>\n<span class=\"wpcf7-form-control-wrap\" data-name=\"your-name\"><input size=\"40\" maxlength=\"400\" class=\"wpcf7-form-control wpcf7-text wpcf7-validates-as-required\" aria-required=\"true\" aria-invalid=\"false\" value=\"\" type=\"text\" name=\"your-name\" \/><\/span> <\/label>\n<\/p>\n<p><label> Seu e-mail<br \/>\n<span class=\"wpcf7-form-control-wrap\" data-name=\"your-email\"><input size=\"40\" maxlength=\"400\" class=\"wpcf7-form-control wpcf7-email wpcf7-validates-as-required wpcf7-text wpcf7-validates-as-email\" aria-required=\"true\" aria-invalid=\"false\" value=\"\" type=\"email\" name=\"your-email\" \/><\/span> <\/label>\n<\/p>\n<p><label> Assunto<br \/>\n<span class=\"wpcf7-form-control-wrap\" data-name=\"your-subject\"><input size=\"40\" maxlength=\"400\" class=\"wpcf7-form-control wpcf7-text wpcf7-validates-as-required\" aria-required=\"true\" aria-invalid=\"false\" value=\"\" type=\"text\" name=\"your-subject\" \/><\/span> <\/label>\n<\/p>\n<p><label> Sua mensagem<br \/>\n<span class=\"wpcf7-form-control-wrap\" data-name=\"your-message\"><textarea cols=\"40\" rows=\"10\" maxlength=\"2000\" class=\"wpcf7-form-control wpcf7-textarea wpcf7-validates-as-required\" aria-required=\"true\" aria-invalid=\"false\" name=\"your-message\"><\/textarea><\/span> <\/label>\n<\/p>\n<p><input class=\"wpcf7-form-control wpcf7-submit has-spinner\" type=\"submit\" value=\"Enviar\" \/>\n<\/p><p style=\"display: none !important;\" class=\"akismet-fields-container\" data-prefix=\"_wpcf7_ak_\"><label>&#916;<textarea name=\"_wpcf7_ak_hp_textarea\" cols=\"45\" rows=\"8\" maxlength=\"100\"><\/textarea><\/label><input type=\"hidden\" id=\"ak_js_1\" name=\"_wpcf7_ak_js\" value=\"148\"\/><script>document.getElementById( \"ak_js_1\" ).setAttribute( \"value\", ( new Date() ).getTime() );<\/script><\/p><div class=\"wpcf7-form-control-wrap maspik-field\">\n                <label for=\"full-name-maspik-hp\" class=\"wpcf7-form-control-label\">Leave this field empty<\/label>\n                <input size=\"1\" type=\"text\" autocomplete=\"off\" aria-hidden=\"true\" tabindex=\"-1\" aria-label=\"Leave this field empty\" name=\"full-name-maspik-hp\" id=\"full-name-maspik-hp\" class=\"wpcf7-form-control wpcf7-text\" placeholder=\"Leave this field empty\">\n            <\/div><div class=\"wpcf7-response-output\" aria-hidden=\"true\"><\/div>\n<\/form>\n<\/div>\n\n\t\t<\/div>\n\t\t\t\t\t<\/div>\n\n\t\n<\/div>\n\t\t<\/div>\n\t\t\t\t\n<style>\n#col-897159214 > .col-inner {\n  padding: 17px 0px 74px 0px;\n  margin: -35px 0px 32px 0px;\n}\n@media (min-width:550px) {\n  #col-897159214 > .col-inner {\n    padding: 106px 0px 8px 0px;\n    margin: -157px 0px 32px 0px;\n  }\n}\n<\/style>\n\t<\/div>\n\n\t\n<\/div>\n<div class=\"row row-full-width align-center\"  id=\"row-923981590\">\n\n\t<div id=\"col-1589268018\" class=\"col medium-8 small-12 large-8\"  >\n\t\t\t\t<div class=\"col-inner text-center\" style=\"background-color:rgb(221, 51, 51);\" >\n\t\t\t\n\t\t\t\n\t<div id=\"text-4076528399\" class=\"text\">\n\t\t\n<h1 class=\"uppercase\" style=\"text-align: left;\"><span style=\"color: #fcfafa;\"><strong>nossa localiza\u00e7\u00e3o<\/strong><\/span><\/h1>\n<h3><span style=\"color: #fcfafa;\">Sede Secional<\/span><\/h3>\n<p style=\"text-align: left;\"><span style=\"color: #fcfafa;\">R. Maria Paula, 35 &#8211; Bela Vista, S\u00e3o Paulo &#8211; SP, 01319-903<\/span><\/p>\n<h3 style=\"text-align: left;\"><span style=\"color: #fcfafa;\">Sede Cultural<\/span><\/h3>\n<p style=\"text-align: left;\"><span style=\"color: #fcfafa;\">Pra\u00e7a da S\u00e9, 385 &#8211; S\u00e9, S\u00e3o Paulo &#8211; SP, 01001-902<\/span><\/p>\n<h3 style=\"text-align: left;\"><span style=\"color: #fcfafa;\">Sede Administrativa<\/span><\/h3>\n<p><span style=\"color: #fcfafa;\">R. Anchieta, 35 &#8211; Centro Hist\u00f3rico de S\u00e3o Paulo, S\u00e3o Paulo &#8211; SP, 01016-900<\/span><\/p>\n\t\t\n<style>\n#text-4076528399 {\n  font-size: 0.9rem;\n  line-height: 0.95;\n  text-align: left;\n  color: rgb(0,0,0);\n}\n#text-4076528399 > * {\n  color: rgb(0,0,0);\n}\n@media (min-width:550px) {\n  #text-4076528399 {\n    font-size: 1.05rem;\n  }\n}\n<\/style>\n\t<\/div>\n\t\n\t\t<\/div>\n\t\t\t\t\n<style>\n#col-1589268018 > .col-inner {\n  padding: 26px 19px 19px 19px;\n  margin: 0px 0px 0px 0;\n}\n@media (min-width:550px) {\n  #col-1589268018 > .col-inner {\n    padding: 30px 28px 32px 48px;\n  }\n}\n<\/style>\n\t<\/div>\n\n\t\n<\/div>\n\t\t<\/div>\n\n\t\t\n<style>\n#section_1467828974 {\n  padding-top: 29px;\n  padding-bottom: 29px;\n  min-height: 300px;\n  background-color: rgb(255, 255, 255);\n}\n@media (min-width:550px) {\n  #section_1467828974 {\n    padding-top: 60px;\n    padding-bottom: 60px;\n  }\n}\n<\/style>\n\t<\/section>\n\t\n","protected":false},"excerpt":{"rendered":"","protected":false},"author":1,"featured_media":0,"parent":0,"menu_order":0,"comment_status":"closed","ping_status":"closed","template":"page-blank.php","meta":{"footnotes":""},"class_list":["post-16","page","type-page","status-publish","hentry"],"_links":{"self":[{"href":"https:\/\/aprovacao.website\/oab\/wp-json\/wp\/v2\/pages\/16","targetHints":{"allow":["GET"]}}],"collection":[{"href":"https:\/\/aprovacao.website\/oab\/wp-json\/wp\/v2\/pages"}],"about":[{"href":"https:\/\/aprovacao.website\/oab\/wp-json\/wp\/v2\/types\/page"}],"author":[{"embeddable":true,"href":"https:\/\/aprovacao.website\/oab\/wp-json\/wp\/v2\/users\/1"}],"replies":[{"embeddable":true,"href":"https:\/\/aprovacao.website\/oab\/wp-json\/wp\/v2\/comments?post=16"}],"version-history":[{"count":90,"href":"https:\/\/aprovacao.website\/oab\/wp-json\/wp\/v2\/pages\/16\/revisions"}],"predecessor-version":[{"id":1911,"href":"https:\/\/aprovacao.website\/oab\/wp-json\/wp\/v2\/pages\/16\/revisions\/1911"}],"wp:attachment":[{"href":"https:\/\/aprovacao.website\/oab\/wp-json\/wp\/v2\/media?parent=16"}],"curies":[{"name":"wp","href":"https:\/\/api.w.org\/{rel}","templated":true}]}}