{"id":1579,"date":"2023-07-14T10:43:38","date_gmt":"2023-07-14T13:43:38","guid":{"rendered":"http:\/\/15.229.165.18\/?page_id=1579"},"modified":"2023-08-02T11:44:17","modified_gmt":"2023-08-02T14:44:17","slug":"faq","status":"publish","type":"page","link":"https:\/\/aprovacao.website\/oab\/faq\/","title":{"rendered":"FAQ"},"content":{"rendered":"\n  <div class=\"banner has-hover\" id=\"banner-1272241876\">\n          <div class=\"banner-inner fill\">\n        <div class=\"banner-bg fill\" >\n            <img loading=\"lazy\" decoding=\"async\" width=\"1620\" height=\"250\" src=\"https:\/\/aprovacao.website\/oab\/wp-content\/uploads\/2023\/07\/OAB-SP-marketplace-header-2-sobre.png\" class=\"bg attachment-original size-original\" alt=\"\" \/>                                    \n                    <\/div>\n\t\t\n        <div class=\"banner-layers container\">\n            <div class=\"fill banner-link\"><\/div>            \n   <div id=\"text-box-1731070840\" class=\"text-box banner-layer x50 md-x0 lg-x0 y100 md-y50 lg-y50 res-text\">\n                                <div class=\"text-box-content text dark\">\n              \n              <div class=\"text-inner text-left\">\n                  \n<h3><b>PERGUNTAS E RESPOSTAS<\/b><\/h3>\n              <\/div>\n           <\/div>\n                            \n<style>\n#text-box-1731070840 .text-box-content {\n  background-color: rgba(84, 84, 84, 0);\n  border-radius: 23px;\n  font-size: 152%;\n}\n#text-box-1731070840 .text-inner {\n  padding: 40px 26px 41px 27px;\n}\n#text-box-1731070840 {\n  width: 100%;\n}\n@media (min-width:550px) {\n  #text-box-1731070840 {\n    width: 60%;\n  }\n  #text-box-1731070840 .text-box-content {\n    font-size: 100%;\n  }\n}\n<\/style>\n    <\/div>\n \n        <\/div>\n      <\/div>\n\n            \n<style>\n#banner-1272241876 {\n  padding-top: 246px;\n}\n#banner-1272241876 .banner-bg img {\n  object-position: 55% 34%;\n}\n@media (min-width:550px) {\n  #banner-1272241876 {\n    padding-top: 200px;\n  }\n}\n<\/style>\n  <\/div>\n\n\n\n\t<section class=\"section\" id=\"section_1694954699\">\n\t\t<div class=\"section-bg fill\" >\n\t\t\t\t\t\t\t\t\t\n\t\t\t\n\n\t\t<\/div>\n\n\t\t\n\n\t\t<div class=\"section-content relative\">\n\t\t\t\n<div class=\"row\"  id=\"row-577209522\">\n\n\t<div id=\"col-231091324\" class=\"col medium-2 small-12 large-2\"  >\n\t\t\t\t<div class=\"col-inner\"  >\n\t\t\t\n\t\t\t\n\t\t<\/div>\n\t\t\t\t\t<\/div>\n\n\t\n\n\t<div id=\"col-1867270144\" class=\"col medium-8 small-12 large-8\"  >\n\t\t\t\t<div class=\"col-inner\"  >\n\t\t\t\n\t\t\t\n\t<div id=\"text-2865615388\" class=\"text\">\n\t\t\n<p>\u00a0<\/p>\n<p>Conhe\u00e7a as d\u00favidas mais comuns sobre o Marketplace de Lawtechs OAB SP<\/p>\n\t\t\n<style>\n#text-2865615388 {\n  text-align: center;\n  color: rgb(0, 0, 0);\n}\n#text-2865615388 > * {\n  color: rgb(0, 0, 0);\n}\n<\/style>\n\t<\/div>\n\t\n\t\t<\/div>\n\t\t\t\t\t<\/div>\n\n\t\n<\/div>\n\t\t<\/div>\n\n\t\t\n<style>\n#section_1694954699 {\n  padding-top: 0px;\n  padding-bottom: 0px;\n  background-color: rgb(231, 231, 231);\n}\n<\/style>\n\t<\/section>\n\t\n\n\t<section class=\"section\" id=\"section_1247869242\">\n\t\t<div class=\"section-bg fill\" >\n\t\t\t\t\t\t\t\t\t\n\t\t\t\n\n\t\t<\/div>\n\n\t\t\n\n\t\t<div class=\"section-content relative\">\n\t\t\t\n\t<div id=\"gap-1978021131\" class=\"gap-element clearfix\" style=\"display:block; height:auto;\">\n\t\t\n<style>\n#gap-1978021131 {\n  padding-top: 30px;\n}\n<\/style>\n\t<\/div>\n\t\n<div class=\"row\"  id=\"row-44191880\">\n\n\t<div id=\"col-986827952\" class=\"col small-12 large-12\"  >\n\t\t\t\t<div class=\"col-inner\"  >\n\t\t\t\n\t\t\t\n<div class=\"accordion\">\n\t<div id=\"accordion-219705682\" class=\"accordion-item\">\n\t\t<a id=\"accordion-219705682-label\" class=\"accordion-title plain\" href=\"#accordion-item-+-o-que-s\u00e3o-\u201clawtechs\u201d?\" aria-expanded=\"false\" aria-controls=\"accordion-219705682-content\" >\n\t\t\t<button class=\"toggle\" aria-label=\"Toggle\"><i class=\"icon-angle-down\"><\/i><\/button>\n\t\t\t<span>+ O que s\u00e3o \u201clawtechs\u201d?<\/span>\n\t\t<\/a>\n\t\t<div id=\"accordion-219705682-content\" class=\"accordion-inner\" aria-labelledby=\"accordion-219705682-label\" >\n\t\t\t\n<p><span style=\"font-weight: 400;\">S\u00e3o startups que criam produtos e servi\u00e7os de base tecnol\u00f3gica para melhorar o setor jur\u00eddico, como gest\u00e3o de escrit\u00f3rios, compliance, automa\u00e7\u00e3o de documentos, intelig\u00eancia artificial,\u00a0 media\u00e7\u00e3o de conflitos, etc. Elas desenvolvem solu\u00e7\u00f5es para facilitar a rotina dos advogados.<\/span><\/p>\n\t\t<\/div>\n\t<\/div>\n\t\n\t<div id=\"accordion-477456785\" class=\"accordion-item\">\n\t\t<a id=\"accordion-477456785-label\" class=\"accordion-title plain\" href=\"#accordion-item-+-qual-a-import\u00e2ncia-de-se-obter-tecnologia-no-ramo-do-direito?\" aria-expanded=\"false\" aria-controls=\"accordion-477456785-content\" >\n\t\t\t<button class=\"toggle\" aria-label=\"Toggle\"><i class=\"icon-angle-down\"><\/i><\/button>\n\t\t\t<span>+ Qual a import\u00e2ncia de se obter tecnologia no ramo do direito?<\/span>\n\t\t<\/a>\n\t\t<div id=\"accordion-477456785-content\" class=\"accordion-inner\" aria-labelledby=\"accordion-477456785-label\" >\n\t\t\t\n<p>Os recursos de tecnologia s\u00e3o essenciais para otimizar processos jur\u00eddicos, reduzindo tempo e podendo desonerar procedimentos pertinentes \u00e0 \u00e1rea legal.<\/p>\n\t\t<\/div>\n\t<\/div>\n\t\n\t<div id=\"accordion-109771945\" class=\"accordion-item\">\n\t\t<a id=\"accordion-109771945-label\" class=\"accordion-title plain\" href=\"#accordion-item-+-essas-empresas-passaram-por-alguma-triagem-da-oab-sp?\" aria-expanded=\"false\" aria-controls=\"accordion-109771945-content\" >\n\t\t\t<button class=\"toggle\" aria-label=\"Toggle\"><i class=\"icon-angle-down\"><\/i><\/button>\n\t\t\t<span>+ Essas empresas passaram por alguma triagem da OAB SP?<\/span>\n\t\t<\/a>\n\t\t<div id=\"accordion-109771945-content\" class=\"accordion-inner\" aria-labelledby=\"accordion-109771945-label\" >\n\t\t\t\n<p>Sim, atrav\u00e9s da Comiss\u00e3o de Privacidade e Prote\u00e7\u00e3o de Dados e Intelig\u00eancia Artificial da OAB SP, a qual abriu edital de chamamento a fim de cadastrar empresas \u201clawtechs\u201d.<\/p>\n\t\t<\/div>\n\t<\/div>\n\t\n\t<div id=\"accordion-2832593890\" class=\"accordion-item\">\n\t\t<a id=\"accordion-2832593890-label\" class=\"accordion-title plain\" href=\"#accordion-item-+-empresas-lawtechs-devem-respeitar-o-c\u00f3digo-de-\u00e9tica-da-oab-sp?\" aria-expanded=\"false\" aria-controls=\"accordion-2832593890-content\" >\n\t\t\t<button class=\"toggle\" aria-label=\"Toggle\"><i class=\"icon-angle-down\"><\/i><\/button>\n\t\t\t<span>+ Empresas lawtechs devem respeitar o c\u00f3digo de \u00e9tica da OAB SP?<\/span>\n\t\t<\/a>\n\t\t<div id=\"accordion-2832593890-content\" class=\"accordion-inner\" aria-labelledby=\"accordion-2832593890-label\" >\n\t\t\t\n<p>\u00c9 fundamental que, ao se contratar uma empresa lawtech, deve-se observar o escopo dos servi\u00e7os ofertados por elas e analisar profundamente a possibilidade de infra\u00e7\u00f5es \u00e9ticas em potencial.<\/p>\n\t\t<\/div>\n\t<\/div>\n\t\n<\/div>\n\t\t<\/div>\n\t\t\t\t\t<\/div>\n\n\t\n<\/div>\n\t\t<\/div>\n\n\t\t\n<style>\n#section_1247869242 {\n  padding-top: 0px;\n  padding-bottom: 0px;\n  min-height: 0px;\n}\n<\/style>\n\t<\/section>\n\t\n\n  <div class=\"banner has-hover\" id=\"banner-268285544\">\n          <div class=\"banner-inner fill\">\n        <div class=\"banner-bg fill\" >\n            <img loading=\"lazy\" decoding=\"async\" width=\"1020\" height=\"501\" src=\"https:\/\/aprovacao.website\/oab\/wp-content\/uploads\/2023\/07\/banner2-1024x503.jpg\" class=\"bg attachment-large size-large\" alt=\"\" \/>                        <div class=\"overlay\"><\/div>            \n                    <\/div>\n\t\t\n        <div class=\"banner-layers container\">\n            <a class=\"fill\" href=\"http:\/\/15.229.165.18\/cadastre-se\/\" ><div class=\"fill banner-link\"><\/div><\/a>            \n   <div id=\"text-box-703207241\" class=\"text-box banner-layer x0 md-x0 lg-x0 y15 md-y15 lg-y15 res-text\">\n                                <div class=\"text-box-content text box-shadow-3 dark\">\n              \n              <div class=\"text-inner text-center\">\n                  \n\t<div id=\"text-881872571\" class=\"text\">\n\t\t\n<h3>Cadastre sua empresa no Marketplace de Lawtechs<\/h3>\n<p>Acesse o formul\u00e1rio, preencha os dados e envie para a OAB SP.<\/p>\n\t\t\n<style>\n#text-881872571 {\n  text-align: left;\n}\n<\/style>\n\t<\/div>\n\t\n<a href=\"http:\/\/15.229.165.18\/cadastre-se\/\" class=\"button primary\"  >\n\t\t<span>Acesse o formul\u00e1rio<\/span>\n\t<\/a>\n\n              <\/div>\n           <\/div>\n                            \n<style>\n#text-box-703207241 .text-box-content {\n  background-color: rgba(0, 64, 149, 0.82);\n  font-size: 100%;\n}\n#text-box-703207241 .text-inner {\n  padding: 30px 30px 30px 30px;\n}\n#text-box-703207241 {\n  width: 60%;\n}\n@media (min-width:550px) {\n  #text-box-703207241 {\n    width: 53%;\n  }\n}\n<\/style>\n    <\/div>\n \n        <\/div>\n      <\/div>\n\n            \n<style>\n#banner-268285544 {\n  padding-top: 500px;\n}\n#banner-268285544 .overlay {\n  background-color: rgba(0, 0, 0, 0.2);\n}\n<\/style>\n  <\/div>\n\n\n","protected":false},"excerpt":{"rendered":"","protected":false},"author":1,"featured_media":0,"parent":0,"menu_order":0,"comment_status":"closed","ping_status":"closed","template":"page-blank.php","meta":{"footnotes":""},"class_list":["post-1579","page","type-page","status-publish","hentry"],"_links":{"self":[{"href":"https:\/\/aprovacao.website\/oab\/wp-json\/wp\/v2\/pages\/1579","targetHints":{"allow":["GET"]}}],"collection":[{"href":"https:\/\/aprovacao.website\/oab\/wp-json\/wp\/v2\/pages"}],"about":[{"href":"https:\/\/aprovacao.website\/oab\/wp-json\/wp\/v2\/types\/page"}],"author":[{"embeddable":true,"href":"https:\/\/aprovacao.website\/oab\/wp-json\/wp\/v2\/users\/1"}],"replies":[{"embeddable":true,"href":"https:\/\/aprovacao.website\/oab\/wp-json\/wp\/v2\/comments?post=1579"}],"version-history":[{"count":10,"href":"https:\/\/aprovacao.website\/oab\/wp-json\/wp\/v2\/pages\/1579\/revisions"}],"predecessor-version":[{"id":1999,"href":"https:\/\/aprovacao.website\/oab\/wp-json\/wp\/v2\/pages\/1579\/revisions\/1999"}],"wp:attachment":[{"href":"https:\/\/aprovacao.website\/oab\/wp-json\/wp\/v2\/media?parent=1579"}],"curies":[{"name":"wp","href":"https:\/\/api.w.org\/{rel}","templated":true}]}}