{"id":1462,"date":"2023-07-12T16:22:16","date_gmt":"2023-07-12T19:22:16","guid":{"rendered":"http:\/\/15.229.165.18\/?page_id=1462"},"modified":"2023-07-21T13:19:58","modified_gmt":"2023-07-21T16:19:58","slug":"real-estate-tech","status":"publish","type":"page","link":"https:\/\/aprovacao.website\/oab\/real-estate-tech\/","title":{"rendered":"REAL ESTATE TECH"},"content":{"rendered":"\n  <div class=\"banner has-hover hide-for-medium\" id=\"banner-852663267\">\n          <div class=\"banner-inner fill\">\n        <div class=\"banner-bg fill\" >\n            <img loading=\"lazy\" decoding=\"async\" width=\"1620\" height=\"250\" src=\"https:\/\/aprovacao.website\/oab\/wp-content\/uploads\/2023\/07\/OAB-SP-marketplace-header-3-categorias-1.png\" class=\"bg attachment-original size-original\" alt=\"\" \/>                                    \n                    <\/div>\n\t\t\n        <div class=\"banner-layers container\">\n            <div class=\"fill banner-link\"><\/div>            \n   <div id=\"text-box-2039047066\" class=\"text-box banner-layer x50 md-x0 lg-x0 y100 md-y50 lg-y50 res-text\">\n                                <div class=\"text-box-content text dark\">\n              \n              <div class=\"text-inner text-left\">\n                  \n<h3><strong>REAL ESTATE TECH<\/strong><\/h3>\n              <\/div>\n           <\/div>\n                            \n<style>\n#text-box-2039047066 .text-box-content {\n  background-color: rgba(84, 84, 84, 0);\n  border-radius: 23px;\n  font-size: 152%;\n}\n#text-box-2039047066 .text-inner {\n  padding: 40px 26px 41px 27px;\n}\n#text-box-2039047066 {\n  width: 100%;\n}\n@media (min-width:550px) {\n  #text-box-2039047066 {\n    width: 60%;\n  }\n  #text-box-2039047066 .text-box-content {\n    font-size: 100%;\n  }\n}\n<\/style>\n    <\/div>\n \n        <\/div>\n      <\/div>\n\n            \n<style>\n#banner-852663267 {\n  padding-top: 605px;\n}\n#banner-852663267 .banner-bg img {\n  object-position: 87% 80%;\n}\n@media (min-width:550px) {\n  #banner-852663267 {\n    padding-top: 200px;\n  }\n}\n<\/style>\n  <\/div>\n\n\n\n\t<section class=\"section\" id=\"section_1821321673\">\n\t\t<div class=\"section-bg fill\" >\n\t\t\t\t\t\t\t\t\t\n\t\t\t\n\n\t\t<\/div>\n\n\t\t\n\n\t\t<div class=\"section-content relative\">\n\t\t\t\n\t<div id=\"gap-1128385496\" class=\"gap-element clearfix\" style=\"display:block; height:auto;\">\n\t\t\n<style>\n#gap-1128385496 {\n  padding-top: 30px;\n}\n<\/style>\n\t<\/div>\n\t\n<div class=\"row\"  id=\"row-1871919296\">\n\n\t<div id=\"col-1592075096\" class=\"col medium-6 small-12 large-6\"  >\n\t\t\t\t<div class=\"col-inner\"  >\n\t\t\t\n\t\t\t\n<p><strong>O QUE \u00c9 E PARA QUE SERVE<\/strong><\/p>\n<p style=\"font-weight: 400;\">Real Estate Tech se refere \u00e0s aplica\u00e7\u00f5es da tecnologia da informa\u00e7\u00e3o no mercado imobili\u00e1rio e cartor\u00e1rio. Essas solu\u00e7\u00f5es tecnol\u00f3gicas t\u00eam como objetivo otimizar e facilitar os processos relacionados a compra, venda, aluguel e gest\u00e3o de im\u00f3veis, bem como ao registro e controle de propriedades. Algumas empresas que oferecem esses servi\u00e7os s\u00e3o as chamadas Proptechs, startups focadas no mercado imobili\u00e1rio que oferecem solu\u00e7\u00f5es para facilitar a vida dos usu\u00e1rios.<\/p>\n<p style=\"font-weight: 400;\">As plataformas de Real Estate Tech oferecem uma ampla gama de servi\u00e7os, como busca e an\u00e1lise de im\u00f3veis, transa\u00e7\u00f5es online, gest\u00e3o de contratos, automa\u00e7\u00e3o de tarefas e integra\u00e7\u00e3o com sistemas cartor\u00e1rios.<\/p>\n\t\t<\/div>\n\t\t\t\t\t<\/div>\n\n\t\n\n\t<div id=\"col-685434629\" class=\"col medium-6 small-12 large-6\"  >\n\t\t\t\t<div class=\"col-inner\"  >\n\t\t\t\n\t\t\t\n<p><strong>RESULTADOS ESPERADOS<\/strong><\/p>\n<p style=\"font-weight: 400;\">Entre as vantagens previstas com o uso do Real Estate Tech est\u00e3o:<\/p>\n<ul>\n<li style=\"font-weight: 400;\">Maior efici\u00eancia e agilidade nos processos imobili\u00e1rios;<\/li>\n<li style=\"font-weight: 400;\">Melhoria na experi\u00eancia do cliente;<\/li>\n<li style=\"font-weight: 400;\">Redu\u00e7\u00e3o de custos operacionais;<\/li>\n<li style=\"font-weight: 400;\">Aumento da transpar\u00eancia e seguran\u00e7a nas transa\u00e7\u00f5es imobili\u00e1rias;<\/li>\n<li style=\"font-weight: 400;\">Facilidade na gest\u00e3o de contratos e documentos;<\/li>\n<li style=\"font-weight: 400;\">Acesso a an\u00e1lises e insights de mercado;<\/li>\n<li style=\"font-weight: 400;\">Maior efici\u00eancia no registro de propriedades e averba\u00e7\u00f5es cartor\u00e1rias;<\/li>\n<li style=\"font-weight: 400;\">Integra\u00e7\u00e3o de diferentes atores do mercado imobili\u00e1rio;<\/li>\n<li style=\"font-weight: 400;\">Melhoria na gest\u00e3o de portf\u00f3lio imobili\u00e1rio;<\/li>\n<li style=\"font-weight: 400;\">Simplifica\u00e7\u00e3o e automa\u00e7\u00e3o de tarefas administrativas.<\/li>\n<\/ul>\n\t\t<\/div>\n\t\t\t\t\t<\/div>\n\n\t\n<\/div>\n\t\t<\/div>\n\n\t\t\n<style>\n#section_1821321673 {\n  padding-top: 0px;\n  padding-bottom: 0px;\n  min-height: 0px;\n}\n<\/style>\n\t<\/section>\n\t\n\n<div class=\"container section-title-container\" ><h1 class=\"section-title section-title-center\"><b><\/b><span class=\"section-title-main\" >Empresas<\/span><b><\/b><\/h1><\/div>\n\n  \n    <div class=\"row large-columns-3 medium-columns-1 small-columns-1 has-shadow row-box-shadow-1\" >\n  <\/div>\n","protected":false},"excerpt":{"rendered":"","protected":false},"author":1,"featured_media":0,"parent":0,"menu_order":0,"comment_status":"closed","ping_status":"closed","template":"page-blank.php","meta":{"footnotes":""},"class_list":["post-1462","page","type-page","status-publish","hentry"],"_links":{"self":[{"href":"https:\/\/aprovacao.website\/oab\/wp-json\/wp\/v2\/pages\/1462","targetHints":{"allow":["GET"]}}],"collection":[{"href":"https:\/\/aprovacao.website\/oab\/wp-json\/wp\/v2\/pages"}],"about":[{"href":"https:\/\/aprovacao.website\/oab\/wp-json\/wp\/v2\/types\/page"}],"author":[{"embeddable":true,"href":"https:\/\/aprovacao.website\/oab\/wp-json\/wp\/v2\/users\/1"}],"replies":[{"embeddable":true,"href":"https:\/\/aprovacao.website\/oab\/wp-json\/wp\/v2\/comments?post=1462"}],"version-history":[{"count":5,"href":"https:\/\/aprovacao.website\/oab\/wp-json\/wp\/v2\/pages\/1462\/revisions"}],"predecessor-version":[{"id":1898,"href":"https:\/\/aprovacao.website\/oab\/wp-json\/wp\/v2\/pages\/1462\/revisions\/1898"}],"wp:attachment":[{"href":"https:\/\/aprovacao.website\/oab\/wp-json\/wp\/v2\/media?parent=1462"}],"curies":[{"name":"wp","href":"https:\/\/api.w.org\/{rel}","templated":true}]}}