{"id":1455,"date":"2023-07-12T16:17:17","date_gmt":"2023-07-12T19:17:17","guid":{"rendered":"http:\/\/15.229.165.18\/?page_id=1455"},"modified":"2023-07-21T13:16:50","modified_gmt":"2023-07-21T16:16:50","slug":"resolucao-de-conflitos-online","status":"publish","type":"page","link":"https:\/\/aprovacao.website\/oab\/resolucao-de-conflitos-online\/","title":{"rendered":"RESOLU\u00c7\u00c3O DE CONFLITOS ONLINE"},"content":{"rendered":"\n  <div class=\"banner has-hover hide-for-medium\" id=\"banner-1355793106\">\n          <div class=\"banner-inner fill\">\n        <div class=\"banner-bg fill\" >\n            <img loading=\"lazy\" decoding=\"async\" width=\"1620\" height=\"250\" src=\"https:\/\/aprovacao.website\/oab\/wp-content\/uploads\/2023\/07\/OAB-SP-marketplace-header-3-categorias-1.png\" class=\"bg attachment-original size-original\" alt=\"\" \/>                                    \n                    <\/div>\n\t\t\n        <div class=\"banner-layers container\">\n            <div class=\"fill banner-link\"><\/div>            \n   <div id=\"text-box-165571153\" class=\"text-box banner-layer x50 md-x0 lg-x0 y100 md-y50 lg-y50 res-text\">\n                                <div class=\"text-box-content text dark\">\n              \n              <div class=\"text-inner text-left\">\n                  \n<h3><strong>RESOLU\u00c7\u00c3O DE CONFLITOS ONLINE<\/strong><\/h3>\n              <\/div>\n           <\/div>\n                            \n<style>\n#text-box-165571153 .text-box-content {\n  background-color: rgba(84, 84, 84, 0);\n  border-radius: 23px;\n  font-size: 152%;\n}\n#text-box-165571153 .text-inner {\n  padding: 40px 26px 41px 27px;\n}\n#text-box-165571153 {\n  width: 100%;\n}\n@media (min-width:550px) {\n  #text-box-165571153 {\n    width: 60%;\n  }\n  #text-box-165571153 .text-box-content {\n    font-size: 100%;\n  }\n}\n<\/style>\n    <\/div>\n \n        <\/div>\n      <\/div>\n\n            \n<style>\n#banner-1355793106 {\n  padding-top: 605px;\n}\n#banner-1355793106 .banner-bg img {\n  object-position: 87% 80%;\n}\n@media (min-width:550px) {\n  #banner-1355793106 {\n    padding-top: 200px;\n  }\n}\n<\/style>\n  <\/div>\n\n\n\n\t<section class=\"section\" id=\"section_1526120140\">\n\t\t<div class=\"section-bg fill\" >\n\t\t\t\t\t\t\t\t\t\n\t\t\t\n\n\t\t<\/div>\n\n\t\t\n\n\t\t<div class=\"section-content relative\">\n\t\t\t\n\t<div id=\"gap-2055553391\" class=\"gap-element clearfix\" style=\"display:block; height:auto;\">\n\t\t\n<style>\n#gap-2055553391 {\n  padding-top: 30px;\n}\n<\/style>\n\t<\/div>\n\t\n<div class=\"row\"  id=\"row-2142234018\">\n\n\t<div id=\"col-1808870028\" class=\"col medium-6 small-12 large-6\"  >\n\t\t\t\t<div class=\"col-inner\"  >\n\t\t\t\n\t\t\t\n<p><strong>O QUE \u00c9 E PARA QUE SERVE<\/strong><\/p>\n<p>Os servi\u00e7os de Resolu\u00e7\u00e3o de Conflitos Online oferecidos pelas legaltechs s\u00e3o solu\u00e7\u00f5es inovadoras que visam resolver disputas por meio de m\u00e9todos alternativos ao processo judicial tradicional.<\/p>\n<p>Essas empresas fornecem plataformas online seguras e eficientes, onde as partes envolvidas podem buscar a media\u00e7\u00e3o, arbitragem e negocia\u00e7\u00e3o de acordos de forma conveniente e acess\u00edvel. O objetivo principal \u00e9 proporcionar uma alternativa \u00e1gil, econ\u00f4mica e colaborativa para resolver conflitos, promovendo a resolu\u00e7\u00e3o pac\u00edfica e eficaz das disputas.<\/p>\n\t\t<\/div>\n\t\t\t\t\t<\/div>\n\n\t\n\n\t<div id=\"col-1832031255\" class=\"col medium-6 small-12 large-6\"  >\n\t\t\t\t<div class=\"col-inner\"  >\n\t\t\t\n\t\t\t\n<p><strong>RESULTADOS ESPERADOS<\/strong><\/p>\n<p>Os resultados previstos com o uso dos servi\u00e7os de Resolu\u00e7\u00e3o de Conflitos Online s\u00e3o:<\/p>\n<ul>\n<li>Efici\u00eancia e agilidade nos processos, evitando a demora e os tr\u00e2mites burocr\u00e1ticos do sistema judicial tradicional;<\/li>\n<li>Redu\u00e7\u00e3o de custos em termos de honor\u00e1rios advocat\u00edcios, custas judiciais e outros gastos relacionados ao processo judicial;<\/li>\n<li>Acesso \u00e0 resolu\u00e7\u00e3o de conflitos para indiv\u00edduos e empresas, independentemente de sua localiza\u00e7\u00e3o geogr\u00e1fica;<\/li>\n<li>Ambiente seguro e confidencial para tratar quest\u00f5es sens\u00edveis, protegendo a privacidade das partes envolvidas;<\/li>\n<li>Op\u00e7\u00f5es personalizadas de resolu\u00e7\u00e3o de conflitos, permitindo que as partes tenham mais controle sobre o processo e possam encontrar solu\u00e7\u00f5es adequadas \u00e0s suas necessidades;<\/li>\n<li>Est\u00edmulo \u00e0 comunica\u00e7\u00e3o e \u00e0 colabora\u00e7\u00e3o entre as partes, facilitando a constru\u00e7\u00e3o de acordos mutuamente ben\u00e9ficos;<\/li>\n<li>Busca por solu\u00e7\u00f5es que levem em considera\u00e7\u00e3o os interesses e necessidades de ambas as partes, promovendo um maior grau de satisfa\u00e7\u00e3o e resolu\u00e7\u00e3o duradoura;<\/li>\n<li>Al\u00edvio da carga de trabalho dos tribunais, direcionando casos de menor complexidade para as plataformas de resolu\u00e7\u00e3o de conflitos online;<\/li>\n<li>Redu\u00e7\u00e3o do uso de recursos f\u00edsicos e energ\u00e9ticos associados aos processos judiciais tradicionais, contribuindo para a sustentabilidade ambiental.<\/li>\n<\/ul>\n\t\t<\/div>\n\t\t\t\t\t<\/div>\n\n\t\n<\/div>\n\t\t<\/div>\n\n\t\t\n<style>\n#section_1526120140 {\n  padding-top: 0px;\n  padding-bottom: 0px;\n  min-height: 0px;\n}\n<\/style>\n\t<\/section>\n\t\n\n<div class=\"container section-title-container\" ><h1 class=\"section-title section-title-center\"><b><\/b><span class=\"section-title-main\" >Empresas<\/span><b><\/b><\/h1><\/div>\n\n  \n    <div class=\"row large-columns-3 medium-columns-1 small-columns-1 has-shadow row-box-shadow-1\" >\n  <div class=\"col post-item\" >\n\t\t\t<div class=\"col-inner\">\n\t\t\t\t<div class=\"box box-bounce box-text-bottom box-blog-post has-hover\">\n            \t\t\t\t\t<div class=\"box-image\" >\n  \t\t\t\t\t\t<div class=\"image-cover\" style=\"padding-top:56.25%;\">\n\t\t\t\t\t\t\t<a href=\"https:\/\/aprovacao.website\/oab\/jarp\/\" class=\"plain\" aria-label=\"JARP\">\n\t\t\t\t\t\t\t\t<img loading=\"lazy\" decoding=\"async\" width=\"300\" height=\"300\" src=\"https:\/\/aprovacao.website\/oab\/wp-content\/uploads\/2024\/08\/Logotipos-Jurisoft-fundo-branco-1-300x300.jpg\" class=\"attachment-medium size-medium wp-post-image\" alt=\"\" srcset=\"https:\/\/aprovacao.website\/oab\/wp-content\/uploads\/2024\/08\/Logotipos-Jurisoft-fundo-branco-1-300x300.jpg 300w, https:\/\/aprovacao.website\/oab\/wp-content\/uploads\/2024\/08\/Logotipos-Jurisoft-fundo-branco-1-1024x1024.jpg 1024w, https:\/\/aprovacao.website\/oab\/wp-content\/uploads\/2024\/08\/Logotipos-Jurisoft-fundo-branco-1-150x150.jpg 150w, https:\/\/aprovacao.website\/oab\/wp-content\/uploads\/2024\/08\/Logotipos-Jurisoft-fundo-branco-1-768x768.jpg 768w, https:\/\/aprovacao.website\/oab\/wp-content\/uploads\/2024\/08\/Logotipos-Jurisoft-fundo-branco-1-1536x1536.jpg 1536w, https:\/\/aprovacao.website\/oab\/wp-content\/uploads\/2024\/08\/Logotipos-Jurisoft-fundo-branco-1-2048x2048.jpg 2048w\" sizes=\"auto, (max-width: 300px) 100vw, 300px\" \/>\t\t\t\t\t\t\t<\/a>\n  \t\t\t\t\t\t\t  \t\t\t\t\t\t\t  \t\t\t\t\t\t<\/div>\n  \t\t\t\t\t\t  \t\t\t\t\t<\/div>\n          \t\t\t\t\t<div class=\"box-text text-left\" >\n\t\t\t\t\t<div class=\"box-text-inner blog-post-inner\">\n\n\t\t\t\t\t\n\t\t\t\t\t\t\t\t\t\t<h5 class=\"post-title is-large \">\n\t\t\t\t\t\t<a href=\"https:\/\/aprovacao.website\/oab\/jarp\/\" class=\"plain\">JARP<\/a>\n\t\t\t\t\t<\/h5>\n\t\t\t\t\t\t\t\t\t\t<div class=\"is-divider\"><\/div>\n\t\t\t\t\t\t\t\t\t\t<p class=\"from_the_blog_excerpt \">\n\t\t\t\t\t\tA JARP Tecnologia LTDA \u00e9 uma empresa especializada em solu\u00e7\u00f5es tecnol\u00f3gicas para o setor jur\u00eddico.[+]\t\t\t\t\t<\/p>\n\t\t\t\t\t                    \n\t\t\t\t\t\n\t\t\t\t\t\n\t\t\t\t\t<\/div>\n\t\t\t\t\t<\/div>\n\t\t\t\t\t\t\t\t\t<\/div>\n\t\t\t<\/div>\n\t\t<\/div><div class=\"col post-item\" >\n\t\t\t<div class=\"col-inner\">\n\t\t\t\t<div class=\"box box-bounce box-text-bottom box-blog-post has-hover\">\n            \t\t\t\t\t<div class=\"box-image\" >\n  \t\t\t\t\t\t<div class=\"image-cover\" style=\"padding-top:56.25%;\">\n\t\t\t\t\t\t\t<a href=\"https:\/\/aprovacao.website\/oab\/acordia\/\" class=\"plain\" aria-label=\"ACORDIA\">\n\t\t\t\t\t\t\t\t<img loading=\"lazy\" decoding=\"async\" width=\"300\" height=\"300\" src=\"https:\/\/aprovacao.website\/oab\/wp-content\/uploads\/2024\/07\/Advocacia-Trabalhista-2-300x300.png\" class=\"attachment-medium size-medium wp-post-image\" alt=\"\" srcset=\"https:\/\/aprovacao.website\/oab\/wp-content\/uploads\/2024\/07\/Advocacia-Trabalhista-2-300x300.png 300w, https:\/\/aprovacao.website\/oab\/wp-content\/uploads\/2024\/07\/Advocacia-Trabalhista-2-1024x1024.png 1024w, https:\/\/aprovacao.website\/oab\/wp-content\/uploads\/2024\/07\/Advocacia-Trabalhista-2-150x150.png 150w, https:\/\/aprovacao.website\/oab\/wp-content\/uploads\/2024\/07\/Advocacia-Trabalhista-2-768x768.png 768w, https:\/\/aprovacao.website\/oab\/wp-content\/uploads\/2024\/07\/Advocacia-Trabalhista-2.png 1080w\" sizes=\"auto, (max-width: 300px) 100vw, 300px\" \/>\t\t\t\t\t\t\t<\/a>\n  \t\t\t\t\t\t\t  \t\t\t\t\t\t\t  \t\t\t\t\t\t<\/div>\n  \t\t\t\t\t\t  \t\t\t\t\t<\/div>\n          \t\t\t\t\t<div class=\"box-text text-left\" >\n\t\t\t\t\t<div class=\"box-text-inner blog-post-inner\">\n\n\t\t\t\t\t\n\t\t\t\t\t\t\t\t\t\t<h5 class=\"post-title is-large \">\n\t\t\t\t\t\t<a href=\"https:\/\/aprovacao.website\/oab\/acordia\/\" class=\"plain\">ACORDIA<\/a>\n\t\t\t\t\t<\/h5>\n\t\t\t\t\t\t\t\t\t\t<div class=\"is-divider\"><\/div>\n\t\t\t\t\t\t\t\t\t\t<p class=\"from_the_blog_excerpt \">\n\t\t\t\t\t\tSomos a Acordia A Acordia \u00e9 uma Plataforma Online de Resolu\u00e7\u00e3o Definitiva de Conflitos e[+]\t\t\t\t\t<\/p>\n\t\t\t\t\t                    \n\t\t\t\t\t\n\t\t\t\t\t\n\t\t\t\t\t<\/div>\n\t\t\t\t\t<\/div>\n\t\t\t\t\t\t\t\t\t<\/div>\n\t\t\t<\/div>\n\t\t<\/div><div class=\"col post-item\" >\n\t\t\t<div class=\"col-inner\">\n\t\t\t\t<div class=\"box box-bounce box-text-bottom box-blog-post has-hover\">\n            \t\t\t\t\t<div class=\"box-image\" >\n  \t\t\t\t\t\t<div class=\"image-cover\" style=\"padding-top:56.25%;\">\n\t\t\t\t\t\t\t<a href=\"https:\/\/aprovacao.website\/oab\/apoio-adv\/\" class=\"plain\" aria-label=\"APOIO ADVOGADOS\">\n\t\t\t\t\t\t\t\t<img loading=\"lazy\" decoding=\"async\" width=\"300\" height=\"300\" src=\"https:\/\/aprovacao.website\/oab\/wp-content\/uploads\/2024\/03\/Design-sem-nome-7-300x300.png\" class=\"attachment-medium size-medium wp-post-image\" alt=\"\" srcset=\"https:\/\/aprovacao.website\/oab\/wp-content\/uploads\/2024\/03\/Design-sem-nome-7-300x300.png 300w, https:\/\/aprovacao.website\/oab\/wp-content\/uploads\/2024\/03\/Design-sem-nome-7-1024x1024.png 1024w, https:\/\/aprovacao.website\/oab\/wp-content\/uploads\/2024\/03\/Design-sem-nome-7-150x150.png 150w, https:\/\/aprovacao.website\/oab\/wp-content\/uploads\/2024\/03\/Design-sem-nome-7-768x768.png 768w, https:\/\/aprovacao.website\/oab\/wp-content\/uploads\/2024\/03\/Design-sem-nome-7.png 1080w\" sizes=\"auto, (max-width: 300px) 100vw, 300px\" \/>\t\t\t\t\t\t\t<\/a>\n  \t\t\t\t\t\t\t  \t\t\t\t\t\t\t  \t\t\t\t\t\t<\/div>\n  \t\t\t\t\t\t  \t\t\t\t\t<\/div>\n          \t\t\t\t\t<div class=\"box-text text-left\" >\n\t\t\t\t\t<div class=\"box-text-inner blog-post-inner\">\n\n\t\t\t\t\t\n\t\t\t\t\t\t\t\t\t\t<h5 class=\"post-title is-large \">\n\t\t\t\t\t\t<a href=\"https:\/\/aprovacao.website\/oab\/apoio-adv\/\" class=\"plain\">APOIO ADVOGADOS<\/a>\n\t\t\t\t\t<\/h5>\n\t\t\t\t\t\t\t\t\t\t<div class=\"is-divider\"><\/div>\n\t\t\t\t\t\t\t\t\t\t<p class=\"from_the_blog_excerpt \">\n\t\t\t\t\t\tSomos uma empresa especializada em Log\u00edstica Jur\u00eddica e Paralegal, qualificados nos cumprimentos das rotinas forenses[+]\t\t\t\t\t<\/p>\n\t\t\t\t\t                    \n\t\t\t\t\t\n\t\t\t\t\t\n\t\t\t\t\t<\/div>\n\t\t\t\t\t<\/div>\n\t\t\t\t\t\t\t\t\t<\/div>\n\t\t\t<\/div>\n\t\t<\/div><div class=\"col post-item\" >\n\t\t\t<div class=\"col-inner\">\n\t\t\t\t<div class=\"box box-bounce box-text-bottom box-blog-post has-hover\">\n            \t\t\t\t\t<div class=\"box-image\" >\n  \t\t\t\t\t\t<div class=\"image-cover\" style=\"padding-top:56.25%;\">\n\t\t\t\t\t\t\t<a href=\"https:\/\/aprovacao.website\/oab\/e-conciliador\/\" class=\"plain\" aria-label=\"E-CONCILIADOR\">\n\t\t\t\t\t\t\t\t<img loading=\"lazy\" decoding=\"async\" width=\"300\" height=\"213\" src=\"https:\/\/aprovacao.website\/oab\/wp-content\/uploads\/2023\/07\/eConciliador_COMBG-300x213.png\" class=\"attachment-medium size-medium wp-post-image\" alt=\"\" srcset=\"https:\/\/aprovacao.website\/oab\/wp-content\/uploads\/2023\/07\/eConciliador_COMBG-300x213.png 300w, https:\/\/aprovacao.website\/oab\/wp-content\/uploads\/2023\/07\/eConciliador_COMBG.png 484w\" sizes=\"auto, (max-width: 300px) 100vw, 300px\" \/>\t\t\t\t\t\t\t<\/a>\n  \t\t\t\t\t\t\t  \t\t\t\t\t\t\t  \t\t\t\t\t\t<\/div>\n  \t\t\t\t\t\t  \t\t\t\t\t<\/div>\n          \t\t\t\t\t<div class=\"box-text text-left\" >\n\t\t\t\t\t<div class=\"box-text-inner blog-post-inner\">\n\n\t\t\t\t\t\n\t\t\t\t\t\t\t\t\t\t<h5 class=\"post-title is-large \">\n\t\t\t\t\t\t<a href=\"https:\/\/aprovacao.website\/oab\/e-conciliador\/\" class=\"plain\">E-CONCILIADOR<\/a>\n\t\t\t\t\t<\/h5>\n\t\t\t\t\t\t\t\t\t\t<div class=\"is-divider\"><\/div>\n\t\t\t\t\t\t\t\t\t\t<p class=\"from_the_blog_excerpt \">\n\t\t\t\t\t\tA eConciliador, da Kohn Consultoria, \u00e9 uma plataforma de resolu\u00e7\u00e3o de disputas online, lan\u00e7ada em[+]\t\t\t\t\t<\/p>\n\t\t\t\t\t                    \n\t\t\t\t\t\n\t\t\t\t\t\n\t\t\t\t\t<\/div>\n\t\t\t\t\t<\/div>\n\t\t\t\t\t\t\t\t\t<\/div>\n\t\t\t<\/div>\n\t\t<\/div><\/div>\n","protected":false},"excerpt":{"rendered":"","protected":false},"author":1,"featured_media":0,"parent":0,"menu_order":0,"comment_status":"closed","ping_status":"closed","template":"page-blank.php","meta":{"footnotes":""},"class_list":["post-1455","page","type-page","status-publish","hentry"],"_links":{"self":[{"href":"https:\/\/aprovacao.website\/oab\/wp-json\/wp\/v2\/pages\/1455","targetHints":{"allow":["GET"]}}],"collection":[{"href":"https:\/\/aprovacao.website\/oab\/wp-json\/wp\/v2\/pages"}],"about":[{"href":"https:\/\/aprovacao.website\/oab\/wp-json\/wp\/v2\/types\/page"}],"author":[{"embeddable":true,"href":"https:\/\/aprovacao.website\/oab\/wp-json\/wp\/v2\/users\/1"}],"replies":[{"embeddable":true,"href":"https:\/\/aprovacao.website\/oab\/wp-json\/wp\/v2\/comments?post=1455"}],"version-history":[{"count":4,"href":"https:\/\/aprovacao.website\/oab\/wp-json\/wp\/v2\/pages\/1455\/revisions"}],"predecessor-version":[{"id":1894,"href":"https:\/\/aprovacao.website\/oab\/wp-json\/wp\/v2\/pages\/1455\/revisions\/1894"}],"wp:attachment":[{"href":"https:\/\/aprovacao.website\/oab\/wp-json\/wp\/v2\/media?parent=1455"}],"curies":[{"name":"wp","href":"https:\/\/api.w.org\/{rel}","templated":true}]}}