{"id":1454,"date":"2023-07-12T16:19:39","date_gmt":"2023-07-12T19:19:39","guid":{"rendered":"http:\/\/15.229.165.18\/?page_id=1454"},"modified":"2023-07-21T13:17:49","modified_gmt":"2023-07-21T16:17:49","slug":"taxtech-2","status":"publish","type":"page","link":"https:\/\/aprovacao.website\/oab\/taxtech-2\/","title":{"rendered":"TAXTECH"},"content":{"rendered":"\n  <div class=\"banner has-hover hide-for-medium\" id=\"banner-343366877\">\n          <div class=\"banner-inner fill\">\n        <div class=\"banner-bg fill\" >\n            <img loading=\"lazy\" decoding=\"async\" width=\"1620\" height=\"250\" src=\"https:\/\/aprovacao.website\/oab\/wp-content\/uploads\/2023\/07\/OAB-SP-marketplace-header-3-categorias-1.png\" class=\"bg attachment-original size-original\" alt=\"\" \/>                                    \n                    <\/div>\n\t\t\n        <div class=\"banner-layers container\">\n            <div class=\"fill banner-link\"><\/div>            \n   <div id=\"text-box-320234266\" class=\"text-box banner-layer x50 md-x0 lg-x0 y100 md-y50 lg-y50 res-text\">\n                                <div class=\"text-box-content text dark\">\n              \n              <div class=\"text-inner text-left\">\n                  \n<h3><strong>TAXTECH<\/strong><\/h3>\n              <\/div>\n           <\/div>\n                            \n<style>\n#text-box-320234266 .text-box-content {\n  background-color: rgba(84, 84, 84, 0);\n  border-radius: 23px;\n  font-size: 152%;\n}\n#text-box-320234266 .text-inner {\n  padding: 40px 26px 41px 27px;\n}\n#text-box-320234266 {\n  width: 100%;\n}\n@media (min-width:550px) {\n  #text-box-320234266 {\n    width: 60%;\n  }\n  #text-box-320234266 .text-box-content {\n    font-size: 100%;\n  }\n}\n<\/style>\n    <\/div>\n \n        <\/div>\n      <\/div>\n\n            \n<style>\n#banner-343366877 {\n  padding-top: 605px;\n}\n#banner-343366877 .banner-bg img {\n  object-position: 87% 80%;\n}\n@media (min-width:550px) {\n  #banner-343366877 {\n    padding-top: 200px;\n  }\n}\n<\/style>\n  <\/div>\n\n\n\n\t<section class=\"section\" id=\"section_841775256\">\n\t\t<div class=\"section-bg fill\" >\n\t\t\t\t\t\t\t\t\t\n\t\t\t\n\n\t\t<\/div>\n\n\t\t\n\n\t\t<div class=\"section-content relative\">\n\t\t\t\n\t<div id=\"gap-192921337\" class=\"gap-element clearfix\" style=\"display:block; height:auto;\">\n\t\t\n<style>\n#gap-192921337 {\n  padding-top: 30px;\n}\n<\/style>\n\t<\/div>\n\t\n<div class=\"row\"  id=\"row-294707028\">\n\n\t<div id=\"col-1221443958\" class=\"col medium-6 small-12 large-6\"  >\n\t\t\t\t<div class=\"col-inner\"  >\n\t\t\t\n\t\t\t\n<p><strong>O QUE \u00c9 E PARA QUE SERVE<\/strong><\/p>\n<p style=\"font-weight: 400;\">Os servi\u00e7os de Taxtech fornecidos por lawtechs s\u00e3o plataformas que oferecem tecnologias e solu\u00e7\u00f5es para auxiliar empresas e profissionais na gest\u00e3o de seus desafios tribut\u00e1rios.<\/p>\n<p style=\"font-weight: 400;\">Essas solu\u00e7\u00f5es abrangem desde a automa\u00e7\u00e3o de processos fiscais at\u00e9 a an\u00e1lise de dados e a conformidade com a legisla\u00e7\u00e3o tribut\u00e1ria. O objetivo dessas plataformas \u00e9 simplificar e agilizar as atividades relacionadas aos impostos, proporcionando maior efici\u00eancia, redu\u00e7\u00e3o de erros e conformidade legal.<\/p>\n\t\t<\/div>\n\t\t\t\t\t<\/div>\n\n\t\n\n\t<div id=\"col-1611563745\" class=\"col medium-6 small-12 large-6\"  >\n\t\t\t\t<div class=\"col-inner\"  >\n\t\t\t\n\t\t\t\n<p><strong>RESULTADOS ESPERADOS<\/strong><\/p>\n<p style=\"font-weight: 400;\">Entre as vantagens previstas dos servi\u00e7os de Taxtech destacam-se:<\/p>\n<ul>\n<li style=\"font-weight: 400;\">Automa\u00e7\u00e3o de processos fiscais, reduzindo o tempo e o esfor\u00e7o manual envolvidos;<\/li>\n<li style=\"font-weight: 400;\">Conformidade com a legisla\u00e7\u00e3o tribut\u00e1ria, evitando riscos e penalidades;<\/li>\n<li style=\"font-weight: 400;\">Redu\u00e7\u00e3o de erros e inconsist\u00eancias nas obriga\u00e7\u00f5es fiscais, garantindo a precis\u00e3o dos c\u00e1lculos e declara\u00e7\u00f5es;<\/li>\n<li style=\"font-weight: 400;\">Otimiza\u00e7\u00e3o da gest\u00e3o fiscal e financeira, permitindo um planejamento tribut\u00e1rio mais eficaz;<\/li>\n<li style=\"font-weight: 400;\">Acesso a informa\u00e7\u00f5es atualizadas sobre regulamenta\u00e7\u00f5es e mudan\u00e7as na legisla\u00e7\u00e3o tribut\u00e1ria;<\/li>\n<li style=\"font-weight: 400;\">Redu\u00e7\u00e3o de custos operacionais relacionados \u00e0 \u00e1rea tribut\u00e1ria;<\/li>\n<li style=\"font-weight: 400;\">Melhor organiza\u00e7\u00e3o e documenta\u00e7\u00e3o dos processos fiscais;<\/li>\n<li style=\"font-weight: 400;\">Maior seguran\u00e7a na gest\u00e3o e no armazenamento das informa\u00e7\u00f5es fiscais;<\/li>\n<li style=\"font-weight: 400;\">Aumento da efici\u00eancia e da produtividade das equipes fiscais e cont\u00e1beis.<\/li>\n<\/ul>\n\t\t<\/div>\n\t\t\t\t\t<\/div>\n\n\t\n<\/div>\n\t\t<\/div>\n\n\t\t\n<style>\n#section_841775256 {\n  padding-top: 0px;\n  padding-bottom: 0px;\n  min-height: 0px;\n}\n<\/style>\n\t<\/section>\n\t\n\n<div class=\"container section-title-container\" ><h1 class=\"section-title section-title-center\"><b><\/b><span class=\"section-title-main\" >Empresas<\/span><b><\/b><\/h1><\/div>\n\n  \n    <div class=\"row large-columns-3 medium-columns-1 small-columns-1 has-shadow row-box-shadow-1\" >\n  <div class=\"col post-item\" >\n\t\t\t<div class=\"col-inner\">\n\t\t\t\t<div class=\"box box-bounce box-text-bottom box-blog-post has-hover\">\n            \t\t\t\t\t<div class=\"box-image\" >\n  \t\t\t\t\t\t<div class=\"image-cover\" style=\"padding-top:56.25%;\">\n\t\t\t\t\t\t\t<a href=\"https:\/\/aprovacao.website\/oab\/finvity\/\" class=\"plain\" aria-label=\"FINVITY\">\n\t\t\t\t\t\t\t\t<img loading=\"lazy\" decoding=\"async\" width=\"300\" height=\"300\" src=\"https:\/\/aprovacao.website\/oab\/wp-content\/uploads\/2024\/04\/Design-sem-nome-9-300x300.png\" class=\"attachment-medium size-medium wp-post-image\" alt=\"\" srcset=\"https:\/\/aprovacao.website\/oab\/wp-content\/uploads\/2024\/04\/Design-sem-nome-9-300x300.png 300w, https:\/\/aprovacao.website\/oab\/wp-content\/uploads\/2024\/04\/Design-sem-nome-9-1024x1024.png 1024w, https:\/\/aprovacao.website\/oab\/wp-content\/uploads\/2024\/04\/Design-sem-nome-9-150x150.png 150w, https:\/\/aprovacao.website\/oab\/wp-content\/uploads\/2024\/04\/Design-sem-nome-9-768x768.png 768w, https:\/\/aprovacao.website\/oab\/wp-content\/uploads\/2024\/04\/Design-sem-nome-9.png 1080w\" sizes=\"auto, (max-width: 300px) 100vw, 300px\" \/>\t\t\t\t\t\t\t<\/a>\n  \t\t\t\t\t\t\t  \t\t\t\t\t\t\t  \t\t\t\t\t\t<\/div>\n  \t\t\t\t\t\t  \t\t\t\t\t<\/div>\n          \t\t\t\t\t<div class=\"box-text text-left\" >\n\t\t\t\t\t<div class=\"box-text-inner blog-post-inner\">\n\n\t\t\t\t\t\n\t\t\t\t\t\t\t\t\t\t<h5 class=\"post-title is-large \">\n\t\t\t\t\t\t<a href=\"https:\/\/aprovacao.website\/oab\/finvity\/\" class=\"plain\">FINVITY<\/a>\n\t\t\t\t\t<\/h5>\n\t\t\t\t\t\t\t\t\t\t<div class=\"is-divider\"><\/div>\n\t\t\t\t\t\t\t\t\t\t<p class=\"from_the_blog_excerpt \">\n\t\t\t\t\t\tA Ag\u00eancia Trampo \u00e9 uma ag\u00eancia de marketing e estrat\u00e9gias digitais com longa atua\u00e7\u00e3o junto[+]\t\t\t\t\t<\/p>\n\t\t\t\t\t                    \n\t\t\t\t\t\n\t\t\t\t\t\n\t\t\t\t\t<\/div>\n\t\t\t\t\t<\/div>\n\t\t\t\t\t\t\t\t\t<\/div>\n\t\t\t<\/div>\n\t\t<\/div><div class=\"col post-item\" >\n\t\t\t<div class=\"col-inner\">\n\t\t\t\t<div class=\"box box-bounce box-text-bottom box-blog-post has-hover\">\n            \t\t\t\t\t<div class=\"box-image\" >\n  \t\t\t\t\t\t<div class=\"image-cover\" style=\"padding-top:56.25%;\">\n\t\t\t\t\t\t\t<a href=\"https:\/\/aprovacao.website\/oab\/clickfiscal\/\" class=\"plain\" aria-label=\"CLICK FISCAL\">\n\t\t\t\t\t\t\t\t<img loading=\"lazy\" decoding=\"async\" width=\"300\" height=\"300\" src=\"https:\/\/aprovacao.website\/oab\/wp-content\/uploads\/2024\/03\/Design-sem-nome-2-300x300.png\" class=\"attachment-medium size-medium wp-post-image\" alt=\"\" srcset=\"https:\/\/aprovacao.website\/oab\/wp-content\/uploads\/2024\/03\/Design-sem-nome-2-300x300.png 300w, https:\/\/aprovacao.website\/oab\/wp-content\/uploads\/2024\/03\/Design-sem-nome-2-1024x1024.png 1024w, https:\/\/aprovacao.website\/oab\/wp-content\/uploads\/2024\/03\/Design-sem-nome-2-150x150.png 150w, https:\/\/aprovacao.website\/oab\/wp-content\/uploads\/2024\/03\/Design-sem-nome-2-768x768.png 768w, https:\/\/aprovacao.website\/oab\/wp-content\/uploads\/2024\/03\/Design-sem-nome-2.png 1080w\" sizes=\"auto, (max-width: 300px) 100vw, 300px\" \/>\t\t\t\t\t\t\t<\/a>\n  \t\t\t\t\t\t\t  \t\t\t\t\t\t\t  \t\t\t\t\t\t<\/div>\n  \t\t\t\t\t\t  \t\t\t\t\t<\/div>\n          \t\t\t\t\t<div class=\"box-text text-left\" >\n\t\t\t\t\t<div class=\"box-text-inner blog-post-inner\">\n\n\t\t\t\t\t\n\t\t\t\t\t\t\t\t\t\t<h5 class=\"post-title is-large \">\n\t\t\t\t\t\t<a href=\"https:\/\/aprovacao.website\/oab\/clickfiscal\/\" class=\"plain\">CLICK FISCAL<\/a>\n\t\t\t\t\t<\/h5>\n\t\t\t\t\t\t\t\t\t\t<div class=\"is-divider\"><\/div>\n\t\t\t\t\t\t\t\t\t\t<p class=\"from_the_blog_excerpt \">\n\t\t\t\t\t\tA Click Fiscal foi criada com o prop\u00f3sito de universalizar o conhecimento e a experi\u00eancia[+]\t\t\t\t\t<\/p>\n\t\t\t\t\t                    \n\t\t\t\t\t\n\t\t\t\t\t\n\t\t\t\t\t<\/div>\n\t\t\t\t\t<\/div>\n\t\t\t\t\t\t\t\t\t<\/div>\n\t\t\t<\/div>\n\t\t<\/div><div class=\"col post-item\" >\n\t\t\t<div class=\"col-inner\">\n\t\t\t\t<div class=\"box box-bounce box-text-bottom box-blog-post has-hover\">\n            \t\t\t\t\t<div class=\"box-image\" >\n  \t\t\t\t\t\t<div class=\"image-cover\" style=\"padding-top:56.25%;\">\n\t\t\t\t\t\t\t<a href=\"https:\/\/aprovacao.website\/oab\/busca-legal\/\" class=\"plain\" aria-label=\"BUSCA LEGAL\">\n\t\t\t\t\t\t\t\t<img loading=\"lazy\" decoding=\"async\" width=\"300\" height=\"213\" src=\"https:\/\/aprovacao.website\/oab\/wp-content\/uploads\/2023\/07\/Busca.Legal_COMBG-300x213.png\" class=\"attachment-medium size-medium wp-post-image\" alt=\"\" srcset=\"https:\/\/aprovacao.website\/oab\/wp-content\/uploads\/2023\/07\/Busca.Legal_COMBG-300x213.png 300w, https:\/\/aprovacao.website\/oab\/wp-content\/uploads\/2023\/07\/Busca.Legal_COMBG.png 484w\" sizes=\"auto, (max-width: 300px) 100vw, 300px\" \/>\t\t\t\t\t\t\t<\/a>\n  \t\t\t\t\t\t\t  \t\t\t\t\t\t\t  \t\t\t\t\t\t<\/div>\n  \t\t\t\t\t\t  \t\t\t\t\t<\/div>\n          \t\t\t\t\t<div class=\"box-text text-left\" >\n\t\t\t\t\t<div class=\"box-text-inner blog-post-inner\">\n\n\t\t\t\t\t\n\t\t\t\t\t\t\t\t\t\t<h5 class=\"post-title is-large \">\n\t\t\t\t\t\t<a href=\"https:\/\/aprovacao.website\/oab\/busca-legal\/\" class=\"plain\">BUSCA LEGAL<\/a>\n\t\t\t\t\t<\/h5>\n\t\t\t\t\t\t\t\t\t\t<div class=\"is-divider\"><\/div>\n\t\t\t\t\t\t\t\t\t\t<p class=\"from_the_blog_excerpt \">\n\t\t\t\t\t\tA Busca.Legal \u00e9 uma empresa especializada em tecnologia que se dedica ao desenvolvimento de solu\u00e7\u00f5es[+]\t\t\t\t\t<\/p>\n\t\t\t\t\t                    \n\t\t\t\t\t\n\t\t\t\t\t\n\t\t\t\t\t<\/div>\n\t\t\t\t\t<\/div>\n\t\t\t\t\t\t\t\t\t<\/div>\n\t\t\t<\/div>\n\t\t<\/div><\/div>\n","protected":false},"excerpt":{"rendered":"","protected":false},"author":1,"featured_media":0,"parent":0,"menu_order":0,"comment_status":"closed","ping_status":"closed","template":"page-blank.php","meta":{"footnotes":""},"class_list":["post-1454","page","type-page","status-publish","hentry"],"_links":{"self":[{"href":"https:\/\/aprovacao.website\/oab\/wp-json\/wp\/v2\/pages\/1454","targetHints":{"allow":["GET"]}}],"collection":[{"href":"https:\/\/aprovacao.website\/oab\/wp-json\/wp\/v2\/pages"}],"about":[{"href":"https:\/\/aprovacao.website\/oab\/wp-json\/wp\/v2\/types\/page"}],"author":[{"embeddable":true,"href":"https:\/\/aprovacao.website\/oab\/wp-json\/wp\/v2\/users\/1"}],"replies":[{"embeddable":true,"href":"https:\/\/aprovacao.website\/oab\/wp-json\/wp\/v2\/comments?post=1454"}],"version-history":[{"count":4,"href":"https:\/\/aprovacao.website\/oab\/wp-json\/wp\/v2\/pages\/1454\/revisions"}],"predecessor-version":[{"id":1895,"href":"https:\/\/aprovacao.website\/oab\/wp-json\/wp\/v2\/pages\/1454\/revisions\/1895"}],"wp:attachment":[{"href":"https:\/\/aprovacao.website\/oab\/wp-json\/wp\/v2\/media?parent=1454"}],"curies":[{"name":"wp","href":"https:\/\/api.w.org\/{rel}","templated":true}]}}