{"id":1452,"date":"2023-07-12T16:20:38","date_gmt":"2023-07-12T19:20:38","guid":{"rendered":"http:\/\/15.229.165.18\/?page_id=1452"},"modified":"2023-07-21T13:18:56","modified_gmt":"2023-07-21T16:18:56","slug":"civic-tech","status":"publish","type":"page","link":"https:\/\/aprovacao.website\/oab\/civic-tech\/","title":{"rendered":"CIVIC TECH"},"content":{"rendered":"\n  <div class=\"banner has-hover hide-for-medium\" id=\"banner-1038624963\">\n          <div class=\"banner-inner fill\">\n        <div class=\"banner-bg fill\" >\n            <img loading=\"lazy\" decoding=\"async\" width=\"1620\" height=\"250\" src=\"https:\/\/aprovacao.website\/oab\/wp-content\/uploads\/2023\/07\/OAB-SP-marketplace-header-3-categorias-1.png\" class=\"bg attachment-original size-original\" alt=\"\" \/>                                    \n                    <\/div>\n\t\t\n        <div class=\"banner-layers container\">\n            <div class=\"fill banner-link\"><\/div>            \n   <div id=\"text-box-321581307\" class=\"text-box banner-layer x50 md-x0 lg-x0 y100 md-y50 lg-y50 res-text\">\n                                <div class=\"text-box-content text dark\">\n              \n              <div class=\"text-inner text-left\">\n                  \n<h3><strong>CIVIC TECH<\/strong><\/h3>\n              <\/div>\n           <\/div>\n                            \n<style>\n#text-box-321581307 .text-box-content {\n  background-color: rgba(84, 84, 84, 0);\n  border-radius: 23px;\n  font-size: 152%;\n}\n#text-box-321581307 .text-inner {\n  padding: 40px 26px 41px 27px;\n}\n#text-box-321581307 {\n  width: 100%;\n}\n@media (min-width:550px) {\n  #text-box-321581307 {\n    width: 60%;\n  }\n  #text-box-321581307 .text-box-content {\n    font-size: 100%;\n  }\n}\n<\/style>\n    <\/div>\n \n        <\/div>\n      <\/div>\n\n            \n<style>\n#banner-1038624963 {\n  padding-top: 605px;\n}\n#banner-1038624963 .banner-bg img {\n  object-position: 87% 80%;\n}\n@media (min-width:550px) {\n  #banner-1038624963 {\n    padding-top: 200px;\n  }\n}\n<\/style>\n  <\/div>\n\n\n\n\t<section class=\"section\" id=\"section_75809889\">\n\t\t<div class=\"section-bg fill\" >\n\t\t\t\t\t\t\t\t\t\n\t\t\t\n\n\t\t<\/div>\n\n\t\t\n\n\t\t<div class=\"section-content relative\">\n\t\t\t\n\t<div id=\"gap-655453655\" class=\"gap-element clearfix\" style=\"display:block; height:auto;\">\n\t\t\n<style>\n#gap-655453655 {\n  padding-top: 30px;\n}\n<\/style>\n\t<\/div>\n\t\n<div class=\"row\"  id=\"row-99156567\">\n\n\t<div id=\"col-2021105494\" class=\"col medium-6 small-12 large-6\"  >\n\t\t\t\t<div class=\"col-inner\"  >\n\t\t\t\n\t\t\t\n<p><strong>O QUE \u00c9 E PARA QUE SERVE<\/strong><\/p>\n<p>Civic Tech (Civic Technology ou Tecnologia C\u00edvica) \u00e9 um termo que se refere \u00e0s tecnologias e solu\u00e7\u00f5es, cujo objetivo \u00e9 fortalecer o relacionamento entre as pessoas e as institui\u00e7\u00f5es, promovendo a participa\u00e7\u00e3o cidad\u00e3 e melhorando a presta\u00e7\u00e3o de servi\u00e7os p\u00fablicos. Essas tecnologias s\u00e3o voltadas para engajar os cidad\u00e3os no processo de tomada de decis\u00e3o, facilitar a comunica\u00e7\u00e3o entre governos e sociedade e ampliar a transpar\u00eancia e a accountability das institui\u00e7\u00f5es.<\/p>\n<p>O Civic Tech abrange uma variedade de ferramentas e plataformas, como aplicativos m\u00f3veis, websites interativos, redes sociais e sistemas de gest\u00e3o de dados. Essas solu\u00e7\u00f5es permitem que os cidad\u00e3os tenham mais voz e participem ativamente na formula\u00e7\u00e3o de pol\u00edticas p\u00fablicas, na resolu\u00e7\u00e3o de problemas locais e na avalia\u00e7\u00e3o da qualidade dos servi\u00e7os prestados pelo governo.<\/p>\n\t\t<\/div>\n\t\t\t\t\t<\/div>\n\n\t\n\n\t<div id=\"col-1565779880\" class=\"col medium-6 small-12 large-6\"  >\n\t\t\t\t<div class=\"col-inner\"  >\n\t\t\t\n\t\t\t\n<p><strong>RESULTADOS ESPERADOS<\/strong><\/p>\n<p style=\"font-weight: 400;\">Os servi\u00e7os de Civic Tech oferecem uma s\u00e9rie de vantagens e resultados para a sociedade e as institui\u00e7\u00f5es p\u00fablicas, incluindo:<\/p>\n<ul>\n<li style=\"font-weight: 400;\">Maior participa\u00e7\u00e3o cidad\u00e3 nas decis\u00f5es que afetam a vida e a comunidade;<\/li>\n<li style=\"font-weight: 400;\">Melhoria na qualidade dos servi\u00e7os p\u00fablicos com o engajamento dos cidad\u00e3os na identifica\u00e7\u00e3o de problemas e sugest\u00f5es de melhorias;<\/li>\n<li style=\"font-weight: 400;\">Fortalecimento da democracia com uma participa\u00e7\u00e3o mais ampla e inclusiva na vida pol\u00edtica e social;<\/li>\n<li style=\"font-weight: 400;\">Melhor governan\u00e7a com a integra\u00e7\u00e3o entre governo e sociedade civil na busca por solu\u00e7\u00f5es coletivas;<\/li>\n<li style=\"font-weight: 400;\">Maior efici\u00eancia e agilidade na presta\u00e7\u00e3o de servi\u00e7os p\u00fablicos com o uso de tecnologias que facilitam a comunica\u00e7\u00e3o e intera\u00e7\u00e3o entre os atores envolvidos;<\/li>\n<li style=\"font-weight: 400;\">Aumento da confian\u00e7a nas institui\u00e7\u00f5es p\u00fablicas por meio da transpar\u00eancia e envolvimento dos cidad\u00e3os nas decis\u00f5es e a\u00e7\u00f5es governamentais;<\/li>\n<li style=\"font-weight: 400;\">Redu\u00e7\u00e3o da desigualdade com uma participa\u00e7\u00e3o mais equitativa e inclusiva de todos os segmentos da sociedade no processo de tomada de decis\u00e3o.<\/li>\n<\/ul>\n\t\t<\/div>\n\t\t\t\t\t<\/div>\n\n\t\n<\/div>\n\t\t<\/div>\n\n\t\t\n<style>\n#section_75809889 {\n  padding-top: 0px;\n  padding-bottom: 0px;\n  min-height: 0px;\n}\n<\/style>\n\t<\/section>\n\t\n\n<div class=\"container section-title-container\" ><h1 class=\"section-title section-title-center\"><b><\/b><span class=\"section-title-main\" >Empresas<\/span><b><\/b><\/h1><\/div>\n\n  \n    <div class=\"row large-columns-3 medium-columns-1 small-columns-1 has-shadow row-box-shadow-1\" >\n  <div class=\"col post-item\" >\n\t\t\t<div class=\"col-inner\">\n\t\t\t\t<div class=\"box box-bounce box-text-bottom box-blog-post has-hover\">\n            \t\t\t\t\t<div class=\"box-image\" >\n  \t\t\t\t\t\t<div class=\"image-cover\" style=\"padding-top:56.25%;\">\n\t\t\t\t\t\t\t<a href=\"https:\/\/aprovacao.website\/oab\/e-conciliador\/\" class=\"plain\" aria-label=\"E-CONCILIADOR\">\n\t\t\t\t\t\t\t\t<img loading=\"lazy\" decoding=\"async\" width=\"300\" height=\"213\" src=\"https:\/\/aprovacao.website\/oab\/wp-content\/uploads\/2023\/07\/eConciliador_COMBG-300x213.png\" class=\"attachment-medium size-medium wp-post-image\" alt=\"\" srcset=\"https:\/\/aprovacao.website\/oab\/wp-content\/uploads\/2023\/07\/eConciliador_COMBG-300x213.png 300w, https:\/\/aprovacao.website\/oab\/wp-content\/uploads\/2023\/07\/eConciliador_COMBG.png 484w\" sizes=\"auto, (max-width: 300px) 100vw, 300px\" \/>\t\t\t\t\t\t\t<\/a>\n  \t\t\t\t\t\t\t  \t\t\t\t\t\t\t  \t\t\t\t\t\t<\/div>\n  \t\t\t\t\t\t  \t\t\t\t\t<\/div>\n          \t\t\t\t\t<div class=\"box-text text-left\" >\n\t\t\t\t\t<div class=\"box-text-inner blog-post-inner\">\n\n\t\t\t\t\t\n\t\t\t\t\t\t\t\t\t\t<h5 class=\"post-title is-large \">\n\t\t\t\t\t\t<a href=\"https:\/\/aprovacao.website\/oab\/e-conciliador\/\" class=\"plain\">E-CONCILIADOR<\/a>\n\t\t\t\t\t<\/h5>\n\t\t\t\t\t\t\t\t\t\t<div class=\"is-divider\"><\/div>\n\t\t\t\t\t\t\t\t\t\t<p class=\"from_the_blog_excerpt \">\n\t\t\t\t\t\tA eConciliador, da Kohn Consultoria, \u00e9 uma plataforma de resolu\u00e7\u00e3o de disputas online, lan\u00e7ada em[+]\t\t\t\t\t<\/p>\n\t\t\t\t\t                    \n\t\t\t\t\t\n\t\t\t\t\t\n\t\t\t\t\t<\/div>\n\t\t\t\t\t<\/div>\n\t\t\t\t\t\t\t\t\t<\/div>\n\t\t\t<\/div>\n\t\t<\/div><div class=\"col post-item\" >\n\t\t\t<div class=\"col-inner\">\n\t\t\t\t<div class=\"box box-bounce box-text-bottom box-blog-post has-hover\">\n            \t\t\t\t\t<div class=\"box-image\" >\n  \t\t\t\t\t\t<div class=\"image-cover\" style=\"padding-top:56.25%;\">\n\t\t\t\t\t\t\t<a href=\"https:\/\/aprovacao.website\/oab\/portal-da-privacidade\/\" class=\"plain\" aria-label=\"ALG CONSULTORIA\">\n\t\t\t\t\t\t\t\t<img loading=\"lazy\" decoding=\"async\" width=\"300\" height=\"213\" src=\"https:\/\/aprovacao.website\/oab\/wp-content\/uploads\/2023\/07\/Portal-da-Privacidade_comBG-300x213.png\" class=\"attachment-medium size-medium wp-post-image\" alt=\"\" srcset=\"https:\/\/aprovacao.website\/oab\/wp-content\/uploads\/2023\/07\/Portal-da-Privacidade_comBG-300x213.png 300w, https:\/\/aprovacao.website\/oab\/wp-content\/uploads\/2023\/07\/Portal-da-Privacidade_comBG.png 484w\" sizes=\"auto, (max-width: 300px) 100vw, 300px\" \/>\t\t\t\t\t\t\t<\/a>\n  \t\t\t\t\t\t\t  \t\t\t\t\t\t\t  \t\t\t\t\t\t<\/div>\n  \t\t\t\t\t\t  \t\t\t\t\t<\/div>\n          \t\t\t\t\t<div class=\"box-text text-left\" >\n\t\t\t\t\t<div class=\"box-text-inner blog-post-inner\">\n\n\t\t\t\t\t\n\t\t\t\t\t\t\t\t\t\t<h5 class=\"post-title is-large \">\n\t\t\t\t\t\t<a href=\"https:\/\/aprovacao.website\/oab\/portal-da-privacidade\/\" class=\"plain\">ALG CONSULTORIA<\/a>\n\t\t\t\t\t<\/h5>\n\t\t\t\t\t\t\t\t\t\t<div class=\"is-divider\"><\/div>\n\t\t\t\t\t\t\t\t\t\t<p class=\"from_the_blog_excerpt \">\n\t\t\t\t\t\tO principal objetivo do Portal da Privacidade na atualidade \u00e9 fornecer \u00e0s empresas e profissionais[+]\t\t\t\t\t<\/p>\n\t\t\t\t\t                    \n\t\t\t\t\t\n\t\t\t\t\t\n\t\t\t\t\t<\/div>\n\t\t\t\t\t<\/div>\n\t\t\t\t\t\t\t\t\t<\/div>\n\t\t\t<\/div>\n\t\t<\/div><\/div>\n","protected":false},"excerpt":{"rendered":"","protected":false},"author":1,"featured_media":0,"parent":0,"menu_order":0,"comment_status":"closed","ping_status":"closed","template":"page-blank.php","meta":{"footnotes":""},"class_list":["post-1452","page","type-page","status-publish","hentry"],"_links":{"self":[{"href":"https:\/\/aprovacao.website\/oab\/wp-json\/wp\/v2\/pages\/1452","targetHints":{"allow":["GET"]}}],"collection":[{"href":"https:\/\/aprovacao.website\/oab\/wp-json\/wp\/v2\/pages"}],"about":[{"href":"https:\/\/aprovacao.website\/oab\/wp-json\/wp\/v2\/types\/page"}],"author":[{"embeddable":true,"href":"https:\/\/aprovacao.website\/oab\/wp-json\/wp\/v2\/users\/1"}],"replies":[{"embeddable":true,"href":"https:\/\/aprovacao.website\/oab\/wp-json\/wp\/v2\/comments?post=1452"}],"version-history":[{"count":4,"href":"https:\/\/aprovacao.website\/oab\/wp-json\/wp\/v2\/pages\/1452\/revisions"}],"predecessor-version":[{"id":1896,"href":"https:\/\/aprovacao.website\/oab\/wp-json\/wp\/v2\/pages\/1452\/revisions\/1896"}],"wp:attachment":[{"href":"https:\/\/aprovacao.website\/oab\/wp-json\/wp\/v2\/media?parent=1452"}],"curies":[{"name":"wp","href":"https:\/\/api.w.org\/{rel}","templated":true}]}}