{"id":1448,"date":"2023-07-12T16:15:36","date_gmt":"2023-07-12T19:15:36","guid":{"rendered":"http:\/\/15.229.165.18\/?page_id=1448"},"modified":"2023-07-21T13:09:23","modified_gmt":"2023-07-21T16:09:23","slug":"redes-de-profissionais","status":"publish","type":"page","link":"https:\/\/aprovacao.website\/oab\/redes-de-profissionais\/","title":{"rendered":"REDES DE PROFISSIONAIS"},"content":{"rendered":"\n  <div class=\"banner has-hover hide-for-medium\" id=\"banner-112356649\">\n          <div class=\"banner-inner fill\">\n        <div class=\"banner-bg fill\" >\n            <img loading=\"lazy\" decoding=\"async\" width=\"1620\" height=\"250\" src=\"https:\/\/aprovacao.website\/oab\/wp-content\/uploads\/2023\/07\/OAB-SP-marketplace-header-3-categorias-1.png\" class=\"bg attachment-original size-original\" alt=\"\" \/>                                    \n                    <\/div>\n\t\t\n        <div class=\"banner-layers container\">\n            <div class=\"fill banner-link\"><\/div>            \n   <div id=\"text-box-1051854295\" class=\"text-box banner-layer x50 md-x0 lg-x0 y100 md-y50 lg-y50 res-text\">\n                                <div class=\"text-box-content text dark\">\n              \n              <div class=\"text-inner text-left\">\n                  \n<h3><strong>REDES DE PROFISSIONAIS <\/strong><\/h3>\n              <\/div>\n           <\/div>\n                            \n<style>\n#text-box-1051854295 .text-box-content {\n  background-color: rgba(84, 84, 84, 0);\n  border-radius: 23px;\n  font-size: 152%;\n}\n#text-box-1051854295 .text-inner {\n  padding: 40px 26px 41px 27px;\n}\n#text-box-1051854295 {\n  width: 100%;\n}\n@media (min-width:550px) {\n  #text-box-1051854295 {\n    width: 60%;\n  }\n  #text-box-1051854295 .text-box-content {\n    font-size: 100%;\n  }\n}\n<\/style>\n    <\/div>\n \n        <\/div>\n      <\/div>\n\n            \n<style>\n#banner-112356649 {\n  padding-top: 605px;\n}\n#banner-112356649 .banner-bg img {\n  object-position: 87% 80%;\n}\n@media (min-width:550px) {\n  #banner-112356649 {\n    padding-top: 200px;\n  }\n}\n<\/style>\n  <\/div>\n\n\n\n\t<section class=\"section\" id=\"section_317298179\">\n\t\t<div class=\"section-bg fill\" >\n\t\t\t\t\t\t\t\t\t\n\t\t\t\n\n\t\t<\/div>\n\n\t\t\n\n\t\t<div class=\"section-content relative\">\n\t\t\t\n\t<div id=\"gap-201618645\" class=\"gap-element clearfix\" style=\"display:block; height:auto;\">\n\t\t\n<style>\n#gap-201618645 {\n  padding-top: 30px;\n}\n<\/style>\n\t<\/div>\n\t\n<div class=\"row\"  id=\"row-2022101237\">\n\n\t<div id=\"col-223628823\" class=\"col medium-6 small-12 large-6\"  >\n\t\t\t\t<div class=\"col-inner\"  >\n\t\t\t\n\t\t\t\n<p><strong>O QUE \u00c9 E PARA QUE SERVE<\/strong><\/p>\n<p>As Redes de Profissionais s\u00e3o servi\u00e7os que t\u00eam como objetivo conectar profissionais do Direito, permitindo que pessoas e empresas encontrem advogados em todo o Brasil de forma \u00e1gil e eficiente. Essas redes de conex\u00e3o facilitam a busca por advogados especializados em diversas \u00e1reas do Direito, oferecendo uma plataforma onde clientes e profissionais podem se encontrar e estabelecer rela\u00e7\u00f5es de trabalho.<\/p>\n<p>As redes de profissionais oferecem benef\u00edcios para advogados e escrit\u00f3rios de advocacia, tais como:<\/p>\n<ul>\n<li style=\"font-weight: 400;\">Ampliar a visibilidade e alcan\u00e7ar um p\u00fablico mais amplo, resultando em novos clientes e oportunidades de neg\u00f3cio;<\/li>\n<li style=\"font-weight: 400;\">Facilitar o acesso a oportunidades de trabalho e projetos jur\u00eddicos espec\u00edficos;<\/li>\n<li style=\"font-weight: 400;\">Promover networking entre profissionais do Direito, permitindo a troca de experi\u00eancias e forma\u00e7\u00e3o de parcerias estrat\u00e9gicas;<\/li>\n<li><span style=\"font-size: 14.4px;\"><span style=\"font-weight: 400;\">Oferecer recursos de capacita\u00e7\u00e3o e atualiza\u00e7\u00e3o profissional para manter-se atualizado e desenvolver habilidades espec\u00edficas em \u00e1reas de atua\u00e7\u00e3o. <\/span> <\/span><\/li>\n<\/ul>\n\t\t<\/div>\n\t\t\t\t\t<\/div>\n\n\t\n\n\t<div id=\"col-32867988\" class=\"col medium-6 small-12 large-6\"  >\n\t\t\t\t<div class=\"col-inner\"  >\n\t\t\t\n\t\t\t\n<p><strong>RESULTADOS ESPERADOS<\/strong><\/p>\n<p style=\"font-weight: 400;\">As Redes de Profissionais oferecem vantagens significativas para advogados e escrit\u00f3rios de advocacia, entre as quais est\u00e3o:<\/p>\n<ul>\n<li style=\"font-weight: 400;\">Maior visibilidade e alcance de potenciais clientes, impulsionando o crescimento dos neg\u00f3cios;<\/li>\n<li style=\"font-weight: 400;\">Acesso facilitado a projetos e oportunidades de trabalho alinhados com a expertise dos advogados;<\/li>\n<li style=\"font-weight: 400;\">Estabelecimento de parcerias estrat\u00e9gicas para oferecer servi\u00e7os conjuntos e compartilhar conhecimentos;<\/li>\n<li style=\"font-weight: 400;\">Networking eficiente, contato com profissionais influentes e acesso a recursos de capacita\u00e7\u00e3o;<\/li>\n<li style=\"font-weight: 400;\">Aperfei\u00e7oamento profissional cont\u00ednuo por meio de cursos e eventos especializados;<\/li>\n<li style=\"font-weight: 400;\">Oportunidades de colabora\u00e7\u00e3o em casos complexos e prestigiosos;<\/li>\n<li style=\"font-weight: 400;\">Fortalecimento da reputa\u00e7\u00e3o profissional e posicionamento no mercado jur\u00eddico;<\/li>\n<li style=\"font-weight: 400;\">Acesso a recursos tecnol\u00f3gicos para otimizar a gest\u00e3o e opera\u00e7\u00e3o do escrit\u00f3rio.<\/li>\n<\/ul>\n<p><span style=\"font-size: 14.4px;\">\t\t<\/div>\n\t\t\t\t\t<\/div>\n\n\t<\/span><\/p>\n<\/div>\n\t\t<\/div>\n\n\t\t\n<style>\n#section_317298179 {\n  padding-top: 0px;\n  padding-bottom: 0px;\n  min-height: 0px;\n}\n<\/style>\n\t<\/section>\n\t\n\n<div class=\"container section-title-container\" ><h1 class=\"section-title section-title-center\"><b><\/b><span class=\"section-title-main\" >Empresas<\/span><b><\/b><\/h1><\/div>\n\n  \n    <div id=\"row-451982968\" class=\"row large-columns-3 medium-columns-1 small-columns-1 has-shadow row-box-shadow-1 row-masonry\" data-packery-options='{\"itemSelector\": \".col\", \"gutter\": 0, \"presentageWidth\" : true}'>\n\n  <div class=\"col post-item\" >\n\t\t\t<div class=\"col-inner\">\n\t\t\t\t<div class=\"box box-bounce box-text-bottom box-blog-post has-hover\">\n            \t\t\t\t\t<div class=\"box-image\" >\n  \t\t\t\t\t\t<div class=\"image-cover\" style=\"padding-top:56.25%;\">\n\t\t\t\t\t\t\t<a href=\"https:\/\/aprovacao.website\/oab\/apoio-adv\/\" class=\"plain\" aria-label=\"APOIO ADVOGADOS\">\n\t\t\t\t\t\t\t\t<img loading=\"lazy\" decoding=\"async\" width=\"300\" height=\"300\" src=\"https:\/\/aprovacao.website\/oab\/wp-content\/uploads\/2024\/03\/Design-sem-nome-7-300x300.png\" class=\"attachment-medium size-medium wp-post-image\" alt=\"\" srcset=\"https:\/\/aprovacao.website\/oab\/wp-content\/uploads\/2024\/03\/Design-sem-nome-7-300x300.png 300w, https:\/\/aprovacao.website\/oab\/wp-content\/uploads\/2024\/03\/Design-sem-nome-7-1024x1024.png 1024w, https:\/\/aprovacao.website\/oab\/wp-content\/uploads\/2024\/03\/Design-sem-nome-7-150x150.png 150w, https:\/\/aprovacao.website\/oab\/wp-content\/uploads\/2024\/03\/Design-sem-nome-7-768x768.png 768w, https:\/\/aprovacao.website\/oab\/wp-content\/uploads\/2024\/03\/Design-sem-nome-7.png 1080w\" sizes=\"auto, (max-width: 300px) 100vw, 300px\" \/>\t\t\t\t\t\t\t<\/a>\n  \t\t\t\t\t\t\t  \t\t\t\t\t\t\t  \t\t\t\t\t\t<\/div>\n  \t\t\t\t\t\t  \t\t\t\t\t<\/div>\n          \t\t\t\t\t<div class=\"box-text text-left\" >\n\t\t\t\t\t<div class=\"box-text-inner blog-post-inner\">\n\n\t\t\t\t\t\n\t\t\t\t\t\t\t\t\t\t<h5 class=\"post-title is-large \">\n\t\t\t\t\t\t<a href=\"https:\/\/aprovacao.website\/oab\/apoio-adv\/\" class=\"plain\">APOIO ADVOGADOS<\/a>\n\t\t\t\t\t<\/h5>\n\t\t\t\t\t\t\t\t\t\t<div class=\"is-divider\"><\/div>\n\t\t\t\t\t\t\t\t\t\t<p class=\"from_the_blog_excerpt \">\n\t\t\t\t\t\tSomos uma empresa especializada em Log\u00edstica Jur\u00eddica e Paralegal, qualificados nos cumprimentos das rotinas forenses[+]\t\t\t\t\t<\/p>\n\t\t\t\t\t                    \n\t\t\t\t\t\n\t\t\t\t\t\n\t\t\t\t\t<\/div>\n\t\t\t\t\t<\/div>\n\t\t\t\t\t\t\t\t\t<\/div>\n\t\t\t<\/div>\n\t\t<\/div><div class=\"col post-item\" >\n\t\t\t<div class=\"col-inner\">\n\t\t\t\t<div class=\"box box-bounce box-text-bottom box-blog-post has-hover\">\n            \t\t\t\t\t<div class=\"box-image\" >\n  \t\t\t\t\t\t<div class=\"image-cover\" style=\"padding-top:56.25%;\">\n\t\t\t\t\t\t\t<a href=\"https:\/\/aprovacao.website\/oab\/cogni-360\/\" class=\"plain\" aria-label=\"COGNI 360\">\n\t\t\t\t\t\t\t\t<img loading=\"lazy\" decoding=\"async\" width=\"300\" height=\"213\" src=\"https:\/\/aprovacao.website\/oab\/wp-content\/uploads\/2023\/07\/Cogni-Group_COMBR-300x213.png\" class=\"attachment-medium size-medium wp-post-image\" alt=\"\" srcset=\"https:\/\/aprovacao.website\/oab\/wp-content\/uploads\/2023\/07\/Cogni-Group_COMBR-300x213.png 300w, https:\/\/aprovacao.website\/oab\/wp-content\/uploads\/2023\/07\/Cogni-Group_COMBR.png 484w\" sizes=\"auto, (max-width: 300px) 100vw, 300px\" \/>\t\t\t\t\t\t\t<\/a>\n  \t\t\t\t\t\t\t  \t\t\t\t\t\t\t  \t\t\t\t\t\t<\/div>\n  \t\t\t\t\t\t  \t\t\t\t\t<\/div>\n          \t\t\t\t\t<div class=\"box-text text-left\" >\n\t\t\t\t\t<div class=\"box-text-inner blog-post-inner\">\n\n\t\t\t\t\t\n\t\t\t\t\t\t\t\t\t\t<h5 class=\"post-title is-large \">\n\t\t\t\t\t\t<a href=\"https:\/\/aprovacao.website\/oab\/cogni-360\/\" class=\"plain\">COGNI 360<\/a>\n\t\t\t\t\t<\/h5>\n\t\t\t\t\t\t\t\t\t\t<div class=\"is-divider\"><\/div>\n\t\t\t\t\t\t\t\t\t\t<p class=\"from_the_blog_excerpt \">\n\t\t\t\t\t\tA Cogni Group \u00e9 uma consultoria especializada em Governan\u00e7a, Riscos e Compliance. Uma das principais[+]\t\t\t\t\t<\/p>\n\t\t\t\t\t                    \n\t\t\t\t\t\n\t\t\t\t\t\n\t\t\t\t\t<\/div>\n\t\t\t\t\t<\/div>\n\t\t\t\t\t\t\t\t\t<\/div>\n\t\t\t<\/div>\n\t\t<\/div><div class=\"col post-item\" >\n\t\t\t<div class=\"col-inner\">\n\t\t\t\t<div class=\"box box-bounce box-text-bottom box-blog-post has-hover\">\n            \t\t\t\t\t<div class=\"box-image\" >\n  \t\t\t\t\t\t<div class=\"image-cover\" style=\"padding-top:56.25%;\">\n\t\t\t\t\t\t\t<a href=\"https:\/\/aprovacao.website\/oab\/linklei\/\" class=\"plain\" aria-label=\"LINKLEI\">\n\t\t\t\t\t\t\t\t<img loading=\"lazy\" decoding=\"async\" width=\"300\" height=\"213\" src=\"https:\/\/aprovacao.website\/oab\/wp-content\/uploads\/2023\/07\/linklei_comBG-300x213.png\" class=\"attachment-medium size-medium wp-post-image\" alt=\"\" srcset=\"https:\/\/aprovacao.website\/oab\/wp-content\/uploads\/2023\/07\/linklei_comBG-300x213.png 300w, https:\/\/aprovacao.website\/oab\/wp-content\/uploads\/2023\/07\/linklei_comBG.png 484w\" sizes=\"auto, (max-width: 300px) 100vw, 300px\" \/>\t\t\t\t\t\t\t<\/a>\n  \t\t\t\t\t\t\t  \t\t\t\t\t\t\t  \t\t\t\t\t\t<\/div>\n  \t\t\t\t\t\t  \t\t\t\t\t<\/div>\n          \t\t\t\t\t<div class=\"box-text text-left\" >\n\t\t\t\t\t<div class=\"box-text-inner blog-post-inner\">\n\n\t\t\t\t\t\n\t\t\t\t\t\t\t\t\t\t<h5 class=\"post-title is-large \">\n\t\t\t\t\t\t<a href=\"https:\/\/aprovacao.website\/oab\/linklei\/\" class=\"plain\">LINKLEI<\/a>\n\t\t\t\t\t<\/h5>\n\t\t\t\t\t\t\t\t\t\t<div class=\"is-divider\"><\/div>\n\t\t\t\t\t\t\t\t\t\t<p class=\"from_the_blog_excerpt \">\n\t\t\t\t\t\tO LinkLei \u00e9 uma plataforma full-stack criada especificamente para suprir as demandas da advocacia aut\u00f4noma.[+]\t\t\t\t\t<\/p>\n\t\t\t\t\t                    \n\t\t\t\t\t\n\t\t\t\t\t\n\t\t\t\t\t<\/div>\n\t\t\t\t\t<\/div>\n\t\t\t\t\t\t\t\t\t<\/div>\n\t\t\t<\/div>\n\t\t<\/div><div class=\"col post-item\" >\n\t\t\t<div class=\"col-inner\">\n\t\t\t\t<div class=\"box box-bounce box-text-bottom box-blog-post has-hover\">\n            \t\t\t\t\t<div class=\"box-image\" >\n  \t\t\t\t\t\t<div class=\"image-cover\" style=\"padding-top:56.25%;\">\n\t\t\t\t\t\t\t<a href=\"https:\/\/aprovacao.website\/oab\/legal-proxy\/\" class=\"plain\" aria-label=\"LEGAL PROXY\">\n\t\t\t\t\t\t\t\t<img loading=\"lazy\" decoding=\"async\" width=\"300\" height=\"213\" src=\"https:\/\/aprovacao.website\/oab\/wp-content\/uploads\/2023\/07\/Legal-Proxy_COMBG-300x213.png\" class=\"attachment-medium size-medium wp-post-image\" alt=\"\" srcset=\"https:\/\/aprovacao.website\/oab\/wp-content\/uploads\/2023\/07\/Legal-Proxy_COMBG-300x213.png 300w, https:\/\/aprovacao.website\/oab\/wp-content\/uploads\/2023\/07\/Legal-Proxy_COMBG.png 484w\" sizes=\"auto, (max-width: 300px) 100vw, 300px\" \/>\t\t\t\t\t\t\t<\/a>\n  \t\t\t\t\t\t\t  \t\t\t\t\t\t\t  \t\t\t\t\t\t<\/div>\n  \t\t\t\t\t\t  \t\t\t\t\t<\/div>\n          \t\t\t\t\t<div class=\"box-text text-left\" >\n\t\t\t\t\t<div class=\"box-text-inner blog-post-inner\">\n\n\t\t\t\t\t\n\t\t\t\t\t\t\t\t\t\t<h5 class=\"post-title is-large \">\n\t\t\t\t\t\t<a href=\"https:\/\/aprovacao.website\/oab\/legal-proxy\/\" class=\"plain\">LEGAL PROXY<\/a>\n\t\t\t\t\t<\/h5>\n\t\t\t\t\t\t\t\t\t\t<div class=\"is-divider\"><\/div>\n\t\t\t\t\t\t\t\t\t\t<p class=\"from_the_blog_excerpt \">\n\t\t\t\t\t\tLegal Proxy \u00e9 um legaltech especializada na gest\u00e3o e intermedia\u00e7\u00e3o online de prepostos para audi\u00eancias[+]\t\t\t\t\t<\/p>\n\t\t\t\t\t                    \n\t\t\t\t\t\n\t\t\t\t\t\n\t\t\t\t\t<\/div>\n\t\t\t\t\t<\/div>\n\t\t\t\t\t\t\t\t\t<\/div>\n\t\t\t<\/div>\n\t\t<\/div><\/div>\n","protected":false},"excerpt":{"rendered":"","protected":false},"author":1,"featured_media":0,"parent":0,"menu_order":0,"comment_status":"closed","ping_status":"closed","template":"page-blank.php","meta":{"footnotes":""},"class_list":["post-1448","page","type-page","status-publish","hentry"],"_links":{"self":[{"href":"https:\/\/aprovacao.website\/oab\/wp-json\/wp\/v2\/pages\/1448","targetHints":{"allow":["GET"]}}],"collection":[{"href":"https:\/\/aprovacao.website\/oab\/wp-json\/wp\/v2\/pages"}],"about":[{"href":"https:\/\/aprovacao.website\/oab\/wp-json\/wp\/v2\/types\/page"}],"author":[{"embeddable":true,"href":"https:\/\/aprovacao.website\/oab\/wp-json\/wp\/v2\/users\/1"}],"replies":[{"embeddable":true,"href":"https:\/\/aprovacao.website\/oab\/wp-json\/wp\/v2\/comments?post=1448"}],"version-history":[{"count":5,"href":"https:\/\/aprovacao.website\/oab\/wp-json\/wp\/v2\/pages\/1448\/revisions"}],"predecessor-version":[{"id":1888,"href":"https:\/\/aprovacao.website\/oab\/wp-json\/wp\/v2\/pages\/1448\/revisions\/1888"}],"wp:attachment":[{"href":"https:\/\/aprovacao.website\/oab\/wp-json\/wp\/v2\/media?parent=1448"}],"curies":[{"name":"wp","href":"https:\/\/api.w.org\/{rel}","templated":true}]}}