{"id":1446,"date":"2023-07-12T16:12:50","date_gmt":"2023-07-12T19:12:50","guid":{"rendered":"http:\/\/15.229.165.18\/?page_id=1446"},"modified":"2023-07-21T14:58:57","modified_gmt":"2023-07-21T17:58:57","slug":"ia-setor-publico","status":"publish","type":"page","link":"https:\/\/aprovacao.website\/oab\/ia-setor-publico\/","title":{"rendered":"IA \u2013 SETOR P\u00daBLICO"},"content":{"rendered":"\n  <div class=\"banner has-hover hide-for-medium\" id=\"banner-946227348\">\n          <div class=\"banner-inner fill\">\n        <div class=\"banner-bg fill\" >\n            <img loading=\"lazy\" decoding=\"async\" width=\"1620\" height=\"250\" src=\"https:\/\/aprovacao.website\/oab\/wp-content\/uploads\/2023\/07\/OAB-SP-marketplace-header-3-categorias-1.png\" class=\"bg attachment-original size-original\" alt=\"\" \/>                                    \n                    <\/div>\n\t\t\n        <div class=\"banner-layers container\">\n            <div class=\"fill banner-link\"><\/div>            \n   <div id=\"text-box-1722377589\" class=\"text-box banner-layer x50 md-x0 lg-x0 y100 md-y50 lg-y50 res-text\">\n                                <div class=\"text-box-content text dark\">\n              \n              <div class=\"text-inner text-left\">\n                  \n<h3><strong>IA \u2013 SETOR P\u00daBLICO<\/strong><\/h3>\n              <\/div>\n           <\/div>\n                            \n<style>\n#text-box-1722377589 .text-box-content {\n  background-color: rgba(84, 84, 84, 0);\n  border-radius: 23px;\n  font-size: 152%;\n}\n#text-box-1722377589 .text-inner {\n  padding: 40px 26px 41px 27px;\n}\n#text-box-1722377589 {\n  width: 100%;\n}\n@media (min-width:550px) {\n  #text-box-1722377589 {\n    width: 60%;\n  }\n  #text-box-1722377589 .text-box-content {\n    font-size: 100%;\n  }\n}\n<\/style>\n    <\/div>\n \n        <\/div>\n      <\/div>\n\n            \n<style>\n#banner-946227348 {\n  padding-top: 605px;\n}\n#banner-946227348 .banner-bg img {\n  object-position: 87% 80%;\n}\n@media (min-width:550px) {\n  #banner-946227348 {\n    padding-top: 200px;\n  }\n}\n<\/style>\n  <\/div>\n\n\n\n\t<section class=\"section\" id=\"section_1803043251\">\n\t\t<div class=\"section-bg fill\" >\n\t\t\t\t\t\t\t\t\t\n\t\t\t\n\n\t\t<\/div>\n\n\t\t\n\n\t\t<div class=\"section-content relative\">\n\t\t\t\n\t<div id=\"gap-337196373\" class=\"gap-element clearfix\" style=\"display:block; height:auto;\">\n\t\t\n<style>\n#gap-337196373 {\n  padding-top: 30px;\n}\n<\/style>\n\t<\/div>\n\t\n<div class=\"row\"  id=\"row-454769376\">\n\n\t<div id=\"col-752346343\" class=\"col medium-6 small-12 large-6\"  >\n\t\t\t\t<div class=\"col-inner\"  >\n\t\t\t\n\t\t\t\n<p><strong>O QUE \u00c9 E PARA QUE SERVE<\/strong><\/p>\n<p style=\"font-weight: 400;\">Os servi\u00e7os de IA \u2013 Setor P\u00fablico oferecidos pelas empresas de tecnologia jur\u00eddica s\u00e3o solu\u00e7\u00f5es baseadas em intelig\u00eancia artificial que t\u00eam como objetivo auxiliar tribunais e \u00f3rg\u00e3os do poder p\u00fablico na otimiza\u00e7\u00e3o de processos, tomada de decis\u00f5es e presta\u00e7\u00e3o de servi\u00e7os jur\u00eddicos. Essas solu\u00e7\u00f5es aplicam algoritmos avan\u00e7ados e aprendizado de m\u00e1quina para analisar grandes volumes de dados e oferecer insights valiosos.<\/p>\n<p style=\"font-weight: 400;\">No contexto do setor p\u00fablico, a IA pode ser aplicada em diversas \u00e1reas, como:<\/p>\n<ul>\n<li style=\"font-weight: 400;\">An\u00e1lise e triagem de processos judiciais: a IA pode ser utilizada para analisar e classificar processos judiciais, identificando padr\u00f5es, relacionamentos e informa\u00e7\u00f5es relevantes;<\/li>\n<li style=\"font-weight: 400;\">Automa\u00e7\u00e3o de tarefas: a IA pode automatizar tarefas repetitivas e burocr\u00e1ticas, como a elabora\u00e7\u00e3o de documentos, agendamento de audi\u00eancias e triagem de documentos;<\/li>\n<li style=\"font-weight: 400;\">Suporte \u00e0 tomada de decis\u00f5es: a IA pode fornecer informa\u00e7\u00f5es e an\u00e1lises para embasar decis\u00f5es jur\u00eddicas, como a previs\u00e3o de resultados de processos com base em dados hist\u00f3ricos;<\/li>\n<li style=\"font-weight: 400;\">Melhoria na presta\u00e7\u00e3o de servi\u00e7os: a IA pode auxiliar no atendimento ao p\u00fablico, fornecendo respostas automatizadas a perguntas frequentes e orienta\u00e7\u00f5es sobre procedimentos legais.<\/li>\n<\/ul>\n\t\t<\/div>\n\t\t\t\t\t<\/div>\n\n\t\n\n\t<div id=\"col-549476240\" class=\"col medium-6 small-12 large-6\"  >\n\t\t\t\t<div class=\"col-inner\"  >\n\t\t\t\n\t\t\t\n<p><strong>RESULTADOS ESPERADOS<\/strong><\/p>\n<p style=\"font-weight: 400;\">Os servi\u00e7os de IA \u2013 Setor P\u00fablico oferecem uma s\u00e9rie de benef\u00edcios para tribunais e poder p\u00fablico, tais como:<\/p>\n<ul>\n<li style=\"font-weight: 400;\">Agilidade na an\u00e1lise de processos e tomada de decis\u00f5es, reduzindo o tempo de espera e aumentando a efici\u00eancia do sistema judici\u00e1rio;<\/li>\n<li style=\"font-weight: 400;\">Identifica\u00e7\u00e3o mais precisa de padr\u00f5es e tend\u00eancias, permitindo a antecipa\u00e7\u00e3o de problemas e a implementa\u00e7\u00e3o de medidas preventivas;<\/li>\n<li style=\"font-weight: 400;\">Automa\u00e7\u00e3o de tarefas burocr\u00e1ticas, liberando recursos humanos para atividades mais estrat\u00e9gicas e complexas;<\/li>\n<li style=\"font-weight: 400;\">Melhoria na presta\u00e7\u00e3o de servi\u00e7os jur\u00eddicos ao p\u00fablico, oferecendo informa\u00e7\u00f5es claras e orienta\u00e7\u00f5es precisas sobre procedimentos legais;<\/li>\n<li style=\"font-weight: 400;\">Redu\u00e7\u00e3o de erros e retrabalho por meio da an\u00e1lise de dados e insights fornecidos pela IA;<\/li>\n<li style=\"font-weight: 400;\">Maior transpar\u00eancia e acesso \u00e0 justi\u00e7a, permitindo que as partes envolvidas tenham uma compreens\u00e3o mais clara dos processos legais;<\/li>\n<li style=\"font-weight: 400;\">Otimiza\u00e7\u00e3o dos recursos p\u00fablicos, com a utiliza\u00e7\u00e3o eficiente de pessoal e redu\u00e7\u00e3o de custos operacionais;<\/li>\n<li style=\"font-weight: 400;\">Avan\u00e7os na gest\u00e3o e governan\u00e7a do setor p\u00fablico, com a utiliza\u00e7\u00e3o de dados e an\u00e1lises para embasar decis\u00f5es estrat\u00e9gicas.<\/li>\n<\/ul>\n\t\t<\/div>\n\t\t\t\t\t<\/div>\n\n\t\n<\/div>\n\t\t<\/div>\n\n\t\t\n<style>\n#section_1803043251 {\n  padding-top: 0px;\n  padding-bottom: 0px;\n  min-height: 0px;\n}\n<\/style>\n\t<\/section>\n\t\n\n\n\t<section class=\"section\" id=\"section_1954969524\">\n\t\t<div class=\"section-bg fill\" >\n\t\t\t\t\t\t\t\t\t\n\t\t\t\n\n\t\t<\/div>\n\n\t\t\n\n\t\t<div class=\"section-content relative\">\n\t\t\t\n<div class=\"container section-title-container\" ><h1 class=\"section-title section-title-center\"><b><\/b><span class=\"section-title-main\" >Empresas<\/span><b><\/b><\/h1><\/div>\n\n  \n    <div class=\"row large-columns-3 medium-columns-1 small-columns-1 has-shadow row-box-shadow-1\" >\n  <div class=\"col post-item\" >\n\t\t\t<div class=\"col-inner\">\n\t\t\t\t<div class=\"box box-bounce box-text-bottom box-blog-post has-hover\">\n            \t\t\t\t\t<div class=\"box-image\" >\n  \t\t\t\t\t\t<div class=\"image-cover\" style=\"padding-top:56.25%;\">\n\t\t\t\t\t\t\t<a href=\"https:\/\/aprovacao.website\/oab\/sof-to\/\" class=\"plain\" aria-label=\"SOF.TO\">\n\t\t\t\t\t\t\t\t<img loading=\"lazy\" decoding=\"async\" width=\"300\" height=\"213\" src=\"https:\/\/aprovacao.website\/oab\/wp-content\/uploads\/2023\/07\/Softo_comBG-300x213.png\" class=\"attachment-medium size-medium wp-post-image\" alt=\"\" srcset=\"https:\/\/aprovacao.website\/oab\/wp-content\/uploads\/2023\/07\/Softo_comBG-300x213.png 300w, https:\/\/aprovacao.website\/oab\/wp-content\/uploads\/2023\/07\/Softo_comBG.png 484w\" sizes=\"auto, (max-width: 300px) 100vw, 300px\" \/>\t\t\t\t\t\t\t<\/a>\n  \t\t\t\t\t\t\t  \t\t\t\t\t\t\t  \t\t\t\t\t\t<\/div>\n  \t\t\t\t\t\t  \t\t\t\t\t<\/div>\n          \t\t\t\t\t<div class=\"box-text text-left\" >\n\t\t\t\t\t<div class=\"box-text-inner blog-post-inner\">\n\n\t\t\t\t\t\n\t\t\t\t\t\t\t\t\t\t<h5 class=\"post-title is-large \">\n\t\t\t\t\t\t<a href=\"https:\/\/aprovacao.website\/oab\/sof-to\/\" class=\"plain\">SOF.TO<\/a>\n\t\t\t\t\t<\/h5>\n\t\t\t\t\t\t\t\t\t\t<div class=\"is-divider\"><\/div>\n\t\t\t\t\t\t\t\t\t\t<p class=\"from_the_blog_excerpt \">\n\t\t\t\t\t\tA Softo \u00e9 uma empresa especializada na cria\u00e7\u00e3o de aplicativos web e m\u00f3veis em nuvem,[+]\t\t\t\t\t<\/p>\n\t\t\t\t\t                    \n\t\t\t\t\t\n\t\t\t\t\t\n\t\t\t\t\t<\/div>\n\t\t\t\t\t<\/div>\n\t\t\t\t\t\t\t\t\t<\/div>\n\t\t\t<\/div>\n\t\t<\/div><\/div>\n\t\t<\/div>\n\n\t\t\n<style>\n#section_1954969524 {\n  padding-top: 30px;\n  padding-bottom: 30px;\n}\n<\/style>\n\t<\/section>\n\t\n","protected":false},"excerpt":{"rendered":"","protected":false},"author":1,"featured_media":0,"parent":0,"menu_order":0,"comment_status":"closed","ping_status":"closed","template":"page-blank.php","meta":{"footnotes":""},"class_list":["post-1446","page","type-page","status-publish","hentry"],"_links":{"self":[{"href":"https:\/\/aprovacao.website\/oab\/wp-json\/wp\/v2\/pages\/1446","targetHints":{"allow":["GET"]}}],"collection":[{"href":"https:\/\/aprovacao.website\/oab\/wp-json\/wp\/v2\/pages"}],"about":[{"href":"https:\/\/aprovacao.website\/oab\/wp-json\/wp\/v2\/types\/page"}],"author":[{"embeddable":true,"href":"https:\/\/aprovacao.website\/oab\/wp-json\/wp\/v2\/users\/1"}],"replies":[{"embeddable":true,"href":"https:\/\/aprovacao.website\/oab\/wp-json\/wp\/v2\/comments?post=1446"}],"version-history":[{"count":4,"href":"https:\/\/aprovacao.website\/oab\/wp-json\/wp\/v2\/pages\/1446\/revisions"}],"predecessor-version":[{"id":1903,"href":"https:\/\/aprovacao.website\/oab\/wp-json\/wp\/v2\/pages\/1446\/revisions\/1903"}],"wp:attachment":[{"href":"https:\/\/aprovacao.website\/oab\/wp-json\/wp\/v2\/media?parent=1446"}],"curies":[{"name":"wp","href":"https:\/\/api.w.org\/{rel}","templated":true}]}}