{"id":1436,"date":"2023-07-12T16:10:02","date_gmt":"2023-07-12T19:10:02","guid":{"rendered":"http:\/\/15.229.165.18\/?page_id=1436"},"modified":"2023-07-21T12:58:45","modified_gmt":"2023-07-21T15:58:45","slug":"extracao-e-monitoramento-de-dados-publicos","status":"publish","type":"page","link":"https:\/\/aprovacao.website\/oab\/extracao-e-monitoramento-de-dados-publicos\/","title":{"rendered":"EXTRA\u00c7\u00c3O E MONITORAMENTO DE DADOS P\u00daBLICOS"},"content":{"rendered":"\n  <div class=\"banner has-hover hide-for-medium\" id=\"banner-647350220\">\n          <div class=\"banner-inner fill\">\n        <div class=\"banner-bg fill\" >\n            <img loading=\"lazy\" decoding=\"async\" width=\"1620\" height=\"250\" src=\"https:\/\/aprovacao.website\/oab\/wp-content\/uploads\/2023\/07\/OAB-SP-marketplace-header-3-categorias-1.png\" class=\"bg attachment-original size-original\" alt=\"\" \/>                                    \n                    <\/div>\n\t\t\n        <div class=\"banner-layers container\">\n            <div class=\"fill banner-link\"><\/div>            \n   <div id=\"text-box-1636071677\" class=\"text-box banner-layer x50 md-x0 lg-x0 y100 md-y50 lg-y50 res-text\">\n                                <div class=\"text-box-content text dark\">\n              \n              <div class=\"text-inner text-left\">\n                  \n<h3><strong>EXTRA\u00c7\u00c3O E MONITORAMENTO DE DADOS P\u00daBLICOS<\/strong><\/h3>\n              <\/div>\n           <\/div>\n                            \n<style>\n#text-box-1636071677 .text-box-content {\n  background-color: rgba(84, 84, 84, 0);\n  border-radius: 23px;\n  font-size: 152%;\n}\n#text-box-1636071677 .text-inner {\n  padding: 40px 26px 41px 27px;\n}\n#text-box-1636071677 {\n  width: 100%;\n}\n@media (min-width:550px) {\n  #text-box-1636071677 {\n    width: 60%;\n  }\n  #text-box-1636071677 .text-box-content {\n    font-size: 100%;\n  }\n}\n<\/style>\n    <\/div>\n \n        <\/div>\n      <\/div>\n\n            \n<style>\n#banner-647350220 {\n  padding-top: 605px;\n}\n#banner-647350220 .banner-bg img {\n  object-position: 87% 80%;\n}\n@media (min-width:550px) {\n  #banner-647350220 {\n    padding-top: 200px;\n  }\n}\n<\/style>\n  <\/div>\n\n\n\n\t<section class=\"section\" id=\"section_1240081407\">\n\t\t<div class=\"section-bg fill\" >\n\t\t\t\t\t\t\t\t\t\n\t\t\t\n\n\t\t<\/div>\n\n\t\t\n\n\t\t<div class=\"section-content relative\">\n\t\t\t\n\t<div id=\"gap-1478889832\" class=\"gap-element clearfix\" style=\"display:block; height:auto;\">\n\t\t\n<style>\n#gap-1478889832 {\n  padding-top: 30px;\n}\n<\/style>\n\t<\/div>\n\t\n<div class=\"row\"  id=\"row-29402116\">\n\n\t<div id=\"col-1308486915\" class=\"col medium-6 small-12 large-6\"  >\n\t\t\t\t<div class=\"col-inner\"  >\n\t\t\t\n\t\t\t\n<p><strong>O QUE \u00c9 E PARA QUE SERVE<\/strong><\/p>\n<p style=\"font-weight: 400;\">A Extra\u00e7\u00e3o e Monitoramento de Dados P\u00fablicos \u00e9 um conjunto de servi\u00e7os oferecidos por lawtechs que tem como objetivo auxiliar profissionais jur\u00eddicos e empresas na gest\u00e3o e acompanhamento de informa\u00e7\u00f5es p\u00fablicas relevantes. Essas informa\u00e7\u00f5es incluem publica\u00e7\u00f5es oficiais, andamentos processuais, legisla\u00e7\u00e3o e documentos cartor\u00e1rios.<\/p>\n<p style=\"font-weight: 400;\">Por meio de avan\u00e7adas tecnologias de coleta, organiza\u00e7\u00e3o e an\u00e1lise de dados, essas lawtechs possibilitam o acesso e monitoramento cont\u00ednuo de informa\u00e7\u00f5es p\u00fablicas atualizadas. Tais servi\u00e7os s\u00e3o especialmente \u00fateis para advogados, departamentos jur\u00eddicos e empresas que precisam lidar com grande volume de informa\u00e7\u00f5es p\u00fablicas. Eles simplificam e agilizam o processo de obten\u00e7\u00e3o e monitoramento desses dados, proporcionando economia de tempo e recursos.<\/p>\n\t\t<\/div>\n\t\t\t\t\t<\/div>\n\n\t\n\n\t<div id=\"col-75043517\" class=\"col medium-6 small-12 large-6\"  >\n\t\t\t\t<div class=\"col-inner\"  >\n\t\t\t\n\t\t\t\n<p><strong>RESULTADOS ESPERADOS<\/strong><\/p>\n<p style=\"font-weight: 400;\">Os servi\u00e7os de Extra\u00e7\u00e3o e Monitoramento de Dados P\u00fablicos oferecidos pelas lawtechs buscam proporcionar um ambiente jur\u00eddico mais acess\u00edvel, eficiente e informado. Com essas solu\u00e7\u00f5es, profissionais jur\u00eddicos e organiza\u00e7\u00f5es podem obter:<\/p>\n<ul>\n<li style=\"font-weight: 400;\">Acesso facilitado a informa\u00e7\u00f5es p\u00fablicas relevantes;<\/li>\n<li style=\"font-weight: 400;\">Acompanhamento atualizado de processos judiciais;<\/li>\n<li style=\"font-weight: 400;\">Conhecimento de mudan\u00e7as na legisla\u00e7\u00e3o;<\/li>\n<li style=\"font-weight: 400;\">Efici\u00eancia na obten\u00e7\u00e3o de documentos cartor\u00e1rios;<\/li>\n<li style=\"font-weight: 400;\">Tomada de decis\u00f5es embasadas;<\/li>\n<li style=\"font-weight: 400;\">Economia de tempo e recursos.<\/li>\n<\/ul>\n\t\t<\/div>\n\t\t\t\t\t<\/div>\n\n\t\n<\/div>\n\t\t<\/div>\n\n\t\t\n<style>\n#section_1240081407 {\n  padding-top: 0px;\n  padding-bottom: 0px;\n  min-height: 0px;\n}\n<\/style>\n\t<\/section>\n\t\n\n<div class=\"container section-title-container\" ><h1 class=\"section-title section-title-center\"><b><\/b><span class=\"section-title-main\" >Empresas<\/span><b><\/b><\/h1><\/div>\n\n  \n    <div class=\"row large-columns-3 medium-columns-1 small-columns-1 has-shadow row-box-shadow-1\" >\n  <div class=\"col post-item\" >\n\t\t\t<div class=\"col-inner\">\n\t\t\t\t<div class=\"box box-bounce box-text-bottom box-blog-post has-hover\">\n            \t\t\t\t\t<div class=\"box-image\" >\n  \t\t\t\t\t\t<div class=\"image-cover\" style=\"padding-top:56.25%;\">\n\t\t\t\t\t\t\t<a href=\"https:\/\/aprovacao.website\/oab\/dwlaw\/\" class=\"plain\" aria-label=\"DW LAW\">\n\t\t\t\t\t\t\t\t<img loading=\"lazy\" decoding=\"async\" width=\"300\" height=\"300\" src=\"https:\/\/aprovacao.website\/oab\/wp-content\/uploads\/2024\/03\/Design-sem-nome-6-300x300.png\" class=\"attachment-medium size-medium wp-post-image\" alt=\"\" srcset=\"https:\/\/aprovacao.website\/oab\/wp-content\/uploads\/2024\/03\/Design-sem-nome-6-300x300.png 300w, https:\/\/aprovacao.website\/oab\/wp-content\/uploads\/2024\/03\/Design-sem-nome-6-1024x1024.png 1024w, https:\/\/aprovacao.website\/oab\/wp-content\/uploads\/2024\/03\/Design-sem-nome-6-150x150.png 150w, https:\/\/aprovacao.website\/oab\/wp-content\/uploads\/2024\/03\/Design-sem-nome-6-768x768.png 768w, https:\/\/aprovacao.website\/oab\/wp-content\/uploads\/2024\/03\/Design-sem-nome-6.png 1080w\" sizes=\"auto, (max-width: 300px) 100vw, 300px\" \/>\t\t\t\t\t\t\t<\/a>\n  \t\t\t\t\t\t\t  \t\t\t\t\t\t\t  \t\t\t\t\t\t<\/div>\n  \t\t\t\t\t\t  \t\t\t\t\t<\/div>\n          \t\t\t\t\t<div class=\"box-text text-left\" >\n\t\t\t\t\t<div class=\"box-text-inner blog-post-inner\">\n\n\t\t\t\t\t\n\t\t\t\t\t\t\t\t\t\t<h5 class=\"post-title is-large \">\n\t\t\t\t\t\t<a href=\"https:\/\/aprovacao.website\/oab\/dwlaw\/\" class=\"plain\">DW LAW<\/a>\n\t\t\t\t\t<\/h5>\n\t\t\t\t\t\t\t\t\t\t<div class=\"is-divider\"><\/div>\n\t\t\t\t\t\t\t\t\t\t<p class=\"from_the_blog_excerpt \">\n\t\t\t\t\t\tDW LAW \u00e9 uma empresa parceira dos operadores do direito, constitu\u00edda por profissionais com larga[+]\t\t\t\t\t<\/p>\n\t\t\t\t\t                    \n\t\t\t\t\t\n\t\t\t\t\t\n\t\t\t\t\t<\/div>\n\t\t\t\t\t<\/div>\n\t\t\t\t\t\t\t\t\t<\/div>\n\t\t\t<\/div>\n\t\t<\/div><div class=\"col post-item\" >\n\t\t\t<div class=\"col-inner\">\n\t\t\t\t<div class=\"box box-bounce box-text-bottom box-blog-post has-hover\">\n            \t\t\t\t\t<div class=\"box-image\" >\n  \t\t\t\t\t\t<div class=\"image-cover\" style=\"padding-top:56.25%;\">\n\t\t\t\t\t\t\t<a href=\"https:\/\/aprovacao.website\/oab\/sof-to\/\" class=\"plain\" aria-label=\"SOF.TO\">\n\t\t\t\t\t\t\t\t<img loading=\"lazy\" decoding=\"async\" width=\"300\" height=\"213\" src=\"https:\/\/aprovacao.website\/oab\/wp-content\/uploads\/2023\/07\/Softo_comBG-300x213.png\" class=\"attachment-medium size-medium wp-post-image\" alt=\"\" srcset=\"https:\/\/aprovacao.website\/oab\/wp-content\/uploads\/2023\/07\/Softo_comBG-300x213.png 300w, https:\/\/aprovacao.website\/oab\/wp-content\/uploads\/2023\/07\/Softo_comBG.png 484w\" sizes=\"auto, (max-width: 300px) 100vw, 300px\" \/>\t\t\t\t\t\t\t<\/a>\n  \t\t\t\t\t\t\t  \t\t\t\t\t\t\t  \t\t\t\t\t\t<\/div>\n  \t\t\t\t\t\t  \t\t\t\t\t<\/div>\n          \t\t\t\t\t<div class=\"box-text text-left\" >\n\t\t\t\t\t<div class=\"box-text-inner blog-post-inner\">\n\n\t\t\t\t\t\n\t\t\t\t\t\t\t\t\t\t<h5 class=\"post-title is-large \">\n\t\t\t\t\t\t<a href=\"https:\/\/aprovacao.website\/oab\/sof-to\/\" class=\"plain\">SOF.TO<\/a>\n\t\t\t\t\t<\/h5>\n\t\t\t\t\t\t\t\t\t\t<div class=\"is-divider\"><\/div>\n\t\t\t\t\t\t\t\t\t\t<p class=\"from_the_blog_excerpt \">\n\t\t\t\t\t\tA Softo \u00e9 uma empresa especializada na cria\u00e7\u00e3o de aplicativos web e m\u00f3veis em nuvem,[+]\t\t\t\t\t<\/p>\n\t\t\t\t\t                    \n\t\t\t\t\t\n\t\t\t\t\t\n\t\t\t\t\t<\/div>\n\t\t\t\t\t<\/div>\n\t\t\t\t\t\t\t\t\t<\/div>\n\t\t\t<\/div>\n\t\t<\/div><div class=\"col post-item\" >\n\t\t\t<div class=\"col-inner\">\n\t\t\t\t<div class=\"box box-bounce box-text-bottom box-blog-post has-hover\">\n            \t\t\t\t\t<div class=\"box-image\" >\n  \t\t\t\t\t\t<div class=\"image-cover\" style=\"padding-top:56.25%;\">\n\t\t\t\t\t\t\t<a href=\"https:\/\/aprovacao.website\/oab\/juit\/\" class=\"plain\" aria-label=\"JUIT\">\n\t\t\t\t\t\t\t\t<img loading=\"lazy\" decoding=\"async\" width=\"300\" height=\"213\" src=\"https:\/\/aprovacao.website\/oab\/wp-content\/uploads\/2023\/07\/JUIT_COMBG-300x213.png\" class=\"attachment-medium size-medium wp-post-image\" alt=\"\" srcset=\"https:\/\/aprovacao.website\/oab\/wp-content\/uploads\/2023\/07\/JUIT_COMBG-300x213.png 300w, https:\/\/aprovacao.website\/oab\/wp-content\/uploads\/2023\/07\/JUIT_COMBG.png 484w\" sizes=\"auto, (max-width: 300px) 100vw, 300px\" \/>\t\t\t\t\t\t\t<\/a>\n  \t\t\t\t\t\t\t  \t\t\t\t\t\t\t  \t\t\t\t\t\t<\/div>\n  \t\t\t\t\t\t  \t\t\t\t\t<\/div>\n          \t\t\t\t\t<div class=\"box-text text-left\" >\n\t\t\t\t\t<div class=\"box-text-inner blog-post-inner\">\n\n\t\t\t\t\t\n\t\t\t\t\t\t\t\t\t\t<h5 class=\"post-title is-large \">\n\t\t\t\t\t\t<a href=\"https:\/\/aprovacao.website\/oab\/juit\/\" class=\"plain\">JUIT<\/a>\n\t\t\t\t\t<\/h5>\n\t\t\t\t\t\t\t\t\t\t<div class=\"is-divider\"><\/div>\n\t\t\t\t\t\t\t\t\t\t<p class=\"from_the_blog_excerpt \">\n\t\t\t\t\t\tA Juit \u00e9 uma revolu\u00e7\u00e3o na pesquisa jurisprudencial e gest\u00e3o do conhecimento jur\u00eddico. Com o[+]\t\t\t\t\t<\/p>\n\t\t\t\t\t                    \n\t\t\t\t\t\n\t\t\t\t\t\n\t\t\t\t\t<\/div>\n\t\t\t\t\t<\/div>\n\t\t\t\t\t\t\t\t\t<\/div>\n\t\t\t<\/div>\n\t\t<\/div><div class=\"col post-item\" >\n\t\t\t<div class=\"col-inner\">\n\t\t\t\t<div class=\"box box-bounce box-text-bottom box-blog-post has-hover\">\n            \t\t\t\t\t<div class=\"box-image\" >\n  \t\t\t\t\t\t<div class=\"image-cover\" style=\"padding-top:56.25%;\">\n\t\t\t\t\t\t\t<a href=\"https:\/\/aprovacao.website\/oab\/inspira-legal\/\" class=\"plain\" aria-label=\"INSPIRA LEGAL\">\n\t\t\t\t\t\t\t\t<img loading=\"lazy\" decoding=\"async\" width=\"300\" height=\"213\" src=\"https:\/\/aprovacao.website\/oab\/wp-content\/uploads\/2023\/07\/Inspira.legal_COMBR-300x213.png\" class=\"attachment-medium size-medium wp-post-image\" alt=\"\" srcset=\"https:\/\/aprovacao.website\/oab\/wp-content\/uploads\/2023\/07\/Inspira.legal_COMBR-300x213.png 300w, https:\/\/aprovacao.website\/oab\/wp-content\/uploads\/2023\/07\/Inspira.legal_COMBR.png 484w\" sizes=\"auto, (max-width: 300px) 100vw, 300px\" \/>\t\t\t\t\t\t\t<\/a>\n  \t\t\t\t\t\t\t  \t\t\t\t\t\t\t  \t\t\t\t\t\t<\/div>\n  \t\t\t\t\t\t  \t\t\t\t\t<\/div>\n          \t\t\t\t\t<div class=\"box-text text-left\" >\n\t\t\t\t\t<div class=\"box-text-inner blog-post-inner\">\n\n\t\t\t\t\t\n\t\t\t\t\t\t\t\t\t\t<h5 class=\"post-title is-large \">\n\t\t\t\t\t\t<a href=\"https:\/\/aprovacao.website\/oab\/inspira-legal\/\" class=\"plain\">INSPIRA LEGAL<\/a>\n\t\t\t\t\t<\/h5>\n\t\t\t\t\t\t\t\t\t\t<div class=\"is-divider\"><\/div>\n\t\t\t\t\t\t\t\t\t\t<p class=\"from_the_blog_excerpt \">\n\t\t\t\t\t\tA Inspira \u00e9 uma plataforma inovadora que re\u00fane, em uma \u00fanica base de dados, a[+]\t\t\t\t\t<\/p>\n\t\t\t\t\t                    \n\t\t\t\t\t\n\t\t\t\t\t\n\t\t\t\t\t<\/div>\n\t\t\t\t\t<\/div>\n\t\t\t\t\t\t\t\t\t<\/div>\n\t\t\t<\/div>\n\t\t<\/div><div class=\"col post-item\" >\n\t\t\t<div class=\"col-inner\">\n\t\t\t\t<div class=\"box box-bounce box-text-bottom box-blog-post has-hover\">\n            \t\t\t\t\t<div class=\"box-image\" >\n  \t\t\t\t\t\t<div class=\"image-cover\" style=\"padding-top:56.25%;\">\n\t\t\t\t\t\t\t<a href=\"https:\/\/aprovacao.website\/oab\/busca-legal\/\" class=\"plain\" aria-label=\"BUSCA LEGAL\">\n\t\t\t\t\t\t\t\t<img loading=\"lazy\" decoding=\"async\" width=\"300\" height=\"213\" src=\"https:\/\/aprovacao.website\/oab\/wp-content\/uploads\/2023\/07\/Busca.Legal_COMBG-300x213.png\" class=\"attachment-medium size-medium wp-post-image\" alt=\"\" srcset=\"https:\/\/aprovacao.website\/oab\/wp-content\/uploads\/2023\/07\/Busca.Legal_COMBG-300x213.png 300w, https:\/\/aprovacao.website\/oab\/wp-content\/uploads\/2023\/07\/Busca.Legal_COMBG.png 484w\" sizes=\"auto, (max-width: 300px) 100vw, 300px\" \/>\t\t\t\t\t\t\t<\/a>\n  \t\t\t\t\t\t\t  \t\t\t\t\t\t\t  \t\t\t\t\t\t<\/div>\n  \t\t\t\t\t\t  \t\t\t\t\t<\/div>\n          \t\t\t\t\t<div class=\"box-text text-left\" >\n\t\t\t\t\t<div class=\"box-text-inner blog-post-inner\">\n\n\t\t\t\t\t\n\t\t\t\t\t\t\t\t\t\t<h5 class=\"post-title is-large \">\n\t\t\t\t\t\t<a href=\"https:\/\/aprovacao.website\/oab\/busca-legal\/\" class=\"plain\">BUSCA LEGAL<\/a>\n\t\t\t\t\t<\/h5>\n\t\t\t\t\t\t\t\t\t\t<div class=\"is-divider\"><\/div>\n\t\t\t\t\t\t\t\t\t\t<p class=\"from_the_blog_excerpt \">\n\t\t\t\t\t\tA Busca.Legal \u00e9 uma empresa especializada em tecnologia que se dedica ao desenvolvimento de solu\u00e7\u00f5es[+]\t\t\t\t\t<\/p>\n\t\t\t\t\t                    \n\t\t\t\t\t\n\t\t\t\t\t\n\t\t\t\t\t<\/div>\n\t\t\t\t\t<\/div>\n\t\t\t\t\t\t\t\t\t<\/div>\n\t\t\t<\/div>\n\t\t<\/div><div class=\"col post-item\" >\n\t\t\t<div class=\"col-inner\">\n\t\t\t\t<div class=\"box box-bounce box-text-bottom box-blog-post has-hover\">\n            \t\t\t\t\t<div class=\"box-image\" >\n  \t\t\t\t\t\t<div class=\"image-cover\" style=\"padding-top:56.25%;\">\n\t\t\t\t\t\t\t<a href=\"https:\/\/aprovacao.website\/oab\/forelegal\/\" class=\"plain\" aria-label=\"FORELEGAL\">\n\t\t\t\t\t\t\t\t<img loading=\"lazy\" decoding=\"async\" width=\"300\" height=\"213\" src=\"https:\/\/aprovacao.website\/oab\/wp-content\/uploads\/2023\/07\/forelegal_COMBG-300x213.png\" class=\"attachment-medium size-medium wp-post-image\" alt=\"\" srcset=\"https:\/\/aprovacao.website\/oab\/wp-content\/uploads\/2023\/07\/forelegal_COMBG-300x213.png 300w, https:\/\/aprovacao.website\/oab\/wp-content\/uploads\/2023\/07\/forelegal_COMBG.png 484w\" sizes=\"auto, (max-width: 300px) 100vw, 300px\" \/>\t\t\t\t\t\t\t<\/a>\n  \t\t\t\t\t\t\t  \t\t\t\t\t\t\t  \t\t\t\t\t\t<\/div>\n  \t\t\t\t\t\t  \t\t\t\t\t<\/div>\n          \t\t\t\t\t<div class=\"box-text text-left\" >\n\t\t\t\t\t<div class=\"box-text-inner blog-post-inner\">\n\n\t\t\t\t\t\n\t\t\t\t\t\t\t\t\t\t<h5 class=\"post-title is-large \">\n\t\t\t\t\t\t<a href=\"https:\/\/aprovacao.website\/oab\/forelegal\/\" class=\"plain\">FORELEGAL<\/a>\n\t\t\t\t\t<\/h5>\n\t\t\t\t\t\t\t\t\t\t<div class=\"is-divider\"><\/div>\n\t\t\t\t\t\t\t\t\t\t<p class=\"from_the_blog_excerpt \">\n\t\t\t\t\t\tA ForeLegal \u00e9 uma empresa especializada em controladoria jur\u00eddica automatizada. Fundada em julho de 2017,[+]\t\t\t\t\t<\/p>\n\t\t\t\t\t                    \n\t\t\t\t\t\n\t\t\t\t\t\n\t\t\t\t\t<\/div>\n\t\t\t\t\t<\/div>\n\t\t\t\t\t\t\t\t\t<\/div>\n\t\t\t<\/div>\n\t\t<\/div><\/div>\n","protected":false},"excerpt":{"rendered":"","protected":false},"author":1,"featured_media":0,"parent":0,"menu_order":0,"comment_status":"closed","ping_status":"closed","template":"page-blank.php","meta":{"footnotes":""},"class_list":["post-1436","page","type-page","status-publish","hentry"],"_links":{"self":[{"href":"https:\/\/aprovacao.website\/oab\/wp-json\/wp\/v2\/pages\/1436","targetHints":{"allow":["GET"]}}],"collection":[{"href":"https:\/\/aprovacao.website\/oab\/wp-json\/wp\/v2\/pages"}],"about":[{"href":"https:\/\/aprovacao.website\/oab\/wp-json\/wp\/v2\/types\/page"}],"author":[{"embeddable":true,"href":"https:\/\/aprovacao.website\/oab\/wp-json\/wp\/v2\/users\/1"}],"replies":[{"embeddable":true,"href":"https:\/\/aprovacao.website\/oab\/wp-json\/wp\/v2\/comments?post=1436"}],"version-history":[{"count":6,"href":"https:\/\/aprovacao.website\/oab\/wp-json\/wp\/v2\/pages\/1436\/revisions"}],"predecessor-version":[{"id":1884,"href":"https:\/\/aprovacao.website\/oab\/wp-json\/wp\/v2\/pages\/1436\/revisions\/1884"}],"wp:attachment":[{"href":"https:\/\/aprovacao.website\/oab\/wp-json\/wp\/v2\/media?parent=1436"}],"curies":[{"name":"wp","href":"https:\/\/api.w.org\/{rel}","templated":true}]}}