{"id":1428,"date":"2023-07-12T15:56:23","date_gmt":"2023-07-12T18:56:23","guid":{"rendered":"http:\/\/15.229.165.18\/?page_id=1428"},"modified":"2023-07-21T13:25:43","modified_gmt":"2023-07-21T16:25:43","slug":"traducao-juridica-com-ia","status":"publish","type":"page","link":"https:\/\/aprovacao.website\/oab\/traducao-juridica-com-ia\/","title":{"rendered":"TRADU\u00c7\u00c3O JUR\u00cdDICA COM IA"},"content":{"rendered":"\n  <div class=\"banner has-hover hide-for-medium\" id=\"banner-1298392832\">\n          <div class=\"banner-inner fill\">\n        <div class=\"banner-bg fill\" >\n            <img loading=\"lazy\" decoding=\"async\" width=\"1620\" height=\"250\" src=\"https:\/\/aprovacao.website\/oab\/wp-content\/uploads\/2023\/07\/OAB-SP-marketplace-header-3-categorias-1.png\" class=\"bg attachment-original size-original\" alt=\"\" \/>                                    \n                    <\/div>\n\t\t\n        <div class=\"banner-layers container\">\n            <div class=\"fill banner-link\"><\/div>            \n   <div id=\"text-box-998748247\" class=\"text-box banner-layer x50 md-x0 lg-x0 y100 md-y50 lg-y50 res-text\">\n                                <div class=\"text-box-content text dark\">\n              \n              <div class=\"text-inner text-left\">\n                  \n<h3><strong>TRADU\u00c7\u00c3O JUR\u00cdDICA COM IA<\/strong><\/h3>\n              <\/div>\n           <\/div>\n                            \n<style>\n#text-box-998748247 .text-box-content {\n  background-color: rgba(84, 84, 84, 0);\n  border-radius: 23px;\n  font-size: 152%;\n}\n#text-box-998748247 .text-inner {\n  padding: 40px 26px 41px 27px;\n}\n#text-box-998748247 {\n  width: 100%;\n}\n@media (min-width:550px) {\n  #text-box-998748247 {\n    width: 60%;\n  }\n  #text-box-998748247 .text-box-content {\n    font-size: 100%;\n  }\n}\n<\/style>\n    <\/div>\n \n        <\/div>\n      <\/div>\n\n            \n<style>\n#banner-1298392832 {\n  padding-top: 605px;\n}\n#banner-1298392832 .banner-bg img {\n  object-position: 87% 80%;\n}\n@media (min-width:550px) {\n  #banner-1298392832 {\n    padding-top: 200px;\n  }\n}\n<\/style>\n  <\/div>\n\n\n\n\t<section class=\"section\" id=\"section_216637779\">\n\t\t<div class=\"section-bg fill\" >\n\t\t\t\t\t\t\t\t\t\n\t\t\t\n\n\t\t<\/div>\n\n\t\t\n\n\t\t<div class=\"section-content relative\">\n\t\t\t\n\t<div id=\"gap-1332990552\" class=\"gap-element clearfix\" style=\"display:block; height:auto;\">\n\t\t\n<style>\n#gap-1332990552 {\n  padding-top: 30px;\n}\n<\/style>\n\t<\/div>\n\t\n<div class=\"row\"  id=\"row-1921930117\">\n\n\t<div id=\"col-1214077674\" class=\"col medium-6 small-12 large-6\"  >\n\t\t\t\t<div class=\"col-inner\"  >\n\t\t\t\n\t\t\t\n<p><strong>O QUE \u00c9 E PARA QUE SERVE<\/strong><\/p>\n<p style=\"font-weight: 400;\">Tradu\u00e7\u00e3o Jur\u00eddica com IA refere-se a uma categoria de lawtech que utiliza Intelig\u00eancia Artificial (IA) em plataformas de tradu\u00e7\u00e3o especificamente focadas em documentos e conte\u00fados da \u00e1rea jur\u00eddica. O software dessa plataforma \u00e9 treinado por tradutores que s\u00e3o formados em Direito, o que assegura a precis\u00e3o e a qualidade das tradu\u00e7\u00f5es. Essa tecnologia \u00e9 particularmente \u00fatil para advogados e escrit\u00f3rios de advocacia que necessitam de tradu\u00e7\u00f5es instant\u00e2neas de textos jur\u00eddicos, sejam contratos, ac\u00f3rd\u00e3os, legisla\u00e7\u00f5es ou outros documentos legais, especialmente em um cen\u00e1rio globalizado onde as quest\u00f5es jur\u00eddicas frequentemente transcendem fronteiras.<\/p>\n\t\t<\/div>\n\t\t\t\t\t<\/div>\n\n\t\n\n\t<div id=\"col-1315419938\" class=\"col medium-6 small-12 large-6\"  >\n\t\t\t\t<div class=\"col-inner\"  >\n\t\t\t\n\t\t\t\n<p><strong>RESULTADOS ESPERADOS<\/strong><\/p>\n<p style=\"font-weight: 400;\">Os benef\u00edcios desse servi\u00e7os s\u00e3o os seguintes:<\/p>\n<ul>\n<li style=\"font-weight: 400;\">Agilidade nas tradu\u00e7\u00f5es: possibilidade de obter tradu\u00e7\u00f5es de textos jur\u00eddicos de forma quase instant\u00e2nea, otimizando o tempo de resposta em casos que envolvem legisla\u00e7\u00f5es e documentos estrangeiros.<\/li>\n<li style=\"font-weight: 400;\">Precis\u00e3o terminol\u00f3gica: garantia de uso correto de termos e conceitos jur\u00eddicos, assegurando que a tradu\u00e7\u00e3o esteja em conformidade com o contexto legal e a linguagem t\u00e9cnica da \u00e1rea.<\/li>\n<li style=\"font-weight: 400;\">Redu\u00e7\u00e3o de custos: menor depend\u00eancia de tradutores humanos especializados, o que pode representar uma economia significativa, especialmente em documentos extensos.<\/li>\n<li style=\"font-weight: 400;\">Escalabilidade: capacidade de traduzir grandes volumes de textos em um curto per\u00edodo de tempo, sem comprometer a qualidade.<\/li>\n<li style=\"font-weight: 400;\">Facilita a atua\u00e7\u00e3o em casos internacionais: possibilita que escrit\u00f3rios e advogados lidem com efici\u00eancia em casos que envolvem leis e regulamentos de diferentes pa\u00edses.<\/li>\n<\/ul>\n\t\t<\/div>\n\t\t\t\t\t<\/div>\n\n\t\n<\/div>\n\t\t<\/div>\n\n\t\t\n<style>\n#section_216637779 {\n  padding-top: 0px;\n  padding-bottom: 0px;\n  min-height: 0px;\n}\n<\/style>\n\t<\/section>\n\t\n\n<div class=\"container section-title-container\" ><h1 class=\"section-title section-title-center\"><b><\/b><span class=\"section-title-main\" >Empresas<\/span><b><\/b><\/h1><\/div>\n\n  \n    <div class=\"row large-columns-3 medium-columns-1 small-columns-1 has-shadow row-box-shadow-1\" >\n  <div class=\"col post-item\" >\n\t\t\t<div class=\"col-inner\">\n\t\t\t\t<div class=\"box box-bounce box-text-bottom box-blog-post has-hover\">\n            \t\t\t\t\t<div class=\"box-image\" >\n  \t\t\t\t\t\t<div class=\"image-cover\" style=\"padding-top:56.25%;\">\n\t\t\t\t\t\t\t<a href=\"https:\/\/aprovacao.website\/oab\/decode-juris\/\" class=\"plain\" aria-label=\"DECODE JURIS\">\n\t\t\t\t\t\t\t\t<img loading=\"lazy\" decoding=\"async\" width=\"300\" height=\"213\" src=\"https:\/\/aprovacao.website\/oab\/wp-content\/uploads\/2023\/07\/Decode-Juris_COMBG-300x213.png\" class=\"attachment-medium size-medium wp-post-image\" alt=\"\" srcset=\"https:\/\/aprovacao.website\/oab\/wp-content\/uploads\/2023\/07\/Decode-Juris_COMBG-300x213.png 300w, https:\/\/aprovacao.website\/oab\/wp-content\/uploads\/2023\/07\/Decode-Juris_COMBG.png 484w\" sizes=\"auto, (max-width: 300px) 100vw, 300px\" \/>\t\t\t\t\t\t\t<\/a>\n  \t\t\t\t\t\t\t  \t\t\t\t\t\t\t  \t\t\t\t\t\t<\/div>\n  \t\t\t\t\t\t  \t\t\t\t\t<\/div>\n          \t\t\t\t\t<div class=\"box-text text-left\" >\n\t\t\t\t\t<div class=\"box-text-inner blog-post-inner\">\n\n\t\t\t\t\t\n\t\t\t\t\t\t\t\t\t\t<h5 class=\"post-title is-large \">\n\t\t\t\t\t\t<a href=\"https:\/\/aprovacao.website\/oab\/decode-juris\/\" class=\"plain\">DECODE JURIS<\/a>\n\t\t\t\t\t<\/h5>\n\t\t\t\t\t\t\t\t\t\t<div class=\"is-divider\"><\/div>\n\t\t\t\t\t\t\t\t\t\t<p class=\"from_the_blog_excerpt \">\n\t\t\t\t\t\tO Decode \u00e9 uma plataforma de intelig\u00eancia artificial especializada na tradu\u00e7\u00e3o de conte\u00fados e documentos[+]\t\t\t\t\t<\/p>\n\t\t\t\t\t                    \n\t\t\t\t\t\n\t\t\t\t\t\n\t\t\t\t\t<\/div>\n\t\t\t\t\t<\/div>\n\t\t\t\t\t\t\t\t\t<\/div>\n\t\t\t<\/div>\n\t\t<\/div><\/div>\n","protected":false},"excerpt":{"rendered":"","protected":false},"author":1,"featured_media":0,"parent":0,"menu_order":0,"comment_status":"closed","ping_status":"closed","template":"page-blank.php","meta":{"footnotes":""},"class_list":["post-1428","page","type-page","status-publish","hentry"],"_links":{"self":[{"href":"https:\/\/aprovacao.website\/oab\/wp-json\/wp\/v2\/pages\/1428","targetHints":{"allow":["GET"]}}],"collection":[{"href":"https:\/\/aprovacao.website\/oab\/wp-json\/wp\/v2\/pages"}],"about":[{"href":"https:\/\/aprovacao.website\/oab\/wp-json\/wp\/v2\/types\/page"}],"author":[{"embeddable":true,"href":"https:\/\/aprovacao.website\/oab\/wp-json\/wp\/v2\/users\/1"}],"replies":[{"embeddable":true,"href":"https:\/\/aprovacao.website\/oab\/wp-json\/wp\/v2\/comments?post=1428"}],"version-history":[{"count":5,"href":"https:\/\/aprovacao.website\/oab\/wp-json\/wp\/v2\/pages\/1428\/revisions"}],"predecessor-version":[{"id":1902,"href":"https:\/\/aprovacao.website\/oab\/wp-json\/wp\/v2\/pages\/1428\/revisions\/1902"}],"wp:attachment":[{"href":"https:\/\/aprovacao.website\/oab\/wp-json\/wp\/v2\/media?parent=1428"}],"curies":[{"name":"wp","href":"https:\/\/api.w.org\/{rel}","templated":true}]}}