{"id":1426,"date":"2023-07-12T15:56:10","date_gmt":"2023-07-12T18:56:10","guid":{"rendered":"http:\/\/15.229.165.18\/?page_id=1426"},"modified":"2023-07-21T13:24:08","modified_gmt":"2023-07-21T16:24:08","slug":"penaltech","status":"publish","type":"page","link":"https:\/\/aprovacao.website\/oab\/penaltech\/","title":{"rendered":"PENALTECH"},"content":{"rendered":"\n  <div class=\"banner has-hover hide-for-medium\" id=\"banner-507992627\">\n          <div class=\"banner-inner fill\">\n        <div class=\"banner-bg fill\" >\n            <img loading=\"lazy\" decoding=\"async\" width=\"1620\" height=\"250\" src=\"https:\/\/aprovacao.website\/oab\/wp-content\/uploads\/2023\/07\/OAB-SP-marketplace-header-3-categorias-1.png\" class=\"bg attachment-original size-original\" alt=\"\" \/>                                    \n                    <\/div>\n\t\t\n        <div class=\"banner-layers container\">\n            <div class=\"fill banner-link\"><\/div>            \n   <div id=\"text-box-570913256\" class=\"text-box banner-layer x50 md-x0 lg-x0 y100 md-y50 lg-y50 res-text\">\n                                <div class=\"text-box-content text dark\">\n              \n              <div class=\"text-inner text-left\">\n                  \n<h3><strong>PENALTECH<\/strong><\/h3>\n              <\/div>\n           <\/div>\n                            \n<style>\n#text-box-570913256 .text-box-content {\n  background-color: rgba(84, 84, 84, 0);\n  border-radius: 23px;\n  font-size: 152%;\n}\n#text-box-570913256 .text-inner {\n  padding: 40px 26px 41px 27px;\n}\n#text-box-570913256 {\n  width: 100%;\n}\n@media (min-width:550px) {\n  #text-box-570913256 {\n    width: 60%;\n  }\n  #text-box-570913256 .text-box-content {\n    font-size: 100%;\n  }\n}\n<\/style>\n    <\/div>\n \n        <\/div>\n      <\/div>\n\n            \n<style>\n#banner-507992627 {\n  padding-top: 605px;\n}\n#banner-507992627 .banner-bg img {\n  object-position: 87% 80%;\n}\n@media (min-width:550px) {\n  #banner-507992627 {\n    padding-top: 200px;\n  }\n}\n<\/style>\n  <\/div>\n\n\n\n\t<section class=\"section\" id=\"section_1440715264\">\n\t\t<div class=\"section-bg fill\" >\n\t\t\t\t\t\t\t\t\t\n\t\t\t\n\n\t\t<\/div>\n\n\t\t\n\n\t\t<div class=\"section-content relative\">\n\t\t\t\n\t<div id=\"gap-1943303072\" class=\"gap-element clearfix\" style=\"display:block; height:auto;\">\n\t\t\n<style>\n#gap-1943303072 {\n  padding-top: 30px;\n}\n<\/style>\n\t<\/div>\n\t\n<div class=\"row\"  id=\"row-1421316130\">\n\n\t<div id=\"col-197342844\" class=\"col medium-6 small-12 large-6\"  >\n\t\t\t\t<div class=\"col-inner\"  >\n\t\t\t\n\t\t\t\n<p><strong>O QUE \u00c9 E PARA QUE SERVE<\/strong><\/p>\n<p style=\"font-weight: 400;\">As Penaltechs referem-se \u00e0s tecnologias desenvolvidas para auxiliar profissionais que atuam no campo da execu\u00e7\u00e3o penal. Uma das principais aplica\u00e7\u00f5es dessas tecnologias \u00e9 facilitar e agilizar o c\u00e1lculo de execu\u00e7\u00e3o penal. Ao automatizar e agilizar esses c\u00e1lculos, que podem ser bastante complexos, as Penaltechs n\u00e3o apenas tornam o trabalho dos profissionais do direito mais eficiente, mas tamb\u00e9m contribuem para uma maior precis\u00e3o e redu\u00e7\u00e3o de erros. Al\u00e9m disso, podem ajudar na gest\u00e3o de informa\u00e7\u00f5es relacionadas \u00e0 execu\u00e7\u00e3o penal, contribuindo para um melhor acompanhamento e an\u00e1lise dos casos.<\/p>\n\t\t<\/div>\n\t\t\t\t\t<\/div>\n\n\t\n\n\t<div id=\"col-375774684\" class=\"col medium-6 small-12 large-6\"  >\n\t\t\t\t<div class=\"col-inner\"  >\n\t\t\t\n\t\t\t\n<p><strong>RESULTADOS ESPERADOS<\/strong><\/p>\n<ul>\n<li style=\"font-weight: 400;\">Maior agilidade nos c\u00e1lculos: ao utilizar Penaltechs, os advogados podem realizar c\u00e1lculos de execu\u00e7\u00e3o penal de forma mais r\u00e1pida, otimizando o tempo dedicado a cada caso;<\/li>\n<li style=\"font-weight: 400;\">Precis\u00e3o nos resultados: as ferramentas de Penaltechs ajudam a minimizar erros humanos, garantindo maior precis\u00e3o nos c\u00e1lculos envolvidos na dosimetria da pena;<\/li>\n<li style=\"font-weight: 400;\">Melhor gest\u00e3o de informa\u00e7\u00f5es: os advogados podem gerenciar e organizar informa\u00e7\u00f5es relacionadas aos casos de forma mais eficiente, facilitando o acesso a dados relevantes;<\/li>\n<li style=\"font-weight: 400;\">Facilita\u00e7\u00e3o na tomada de decis\u00f5es: com informa\u00e7\u00f5es e c\u00e1lculos precisos \u00e0 disposi\u00e7\u00e3o, os profissionais podem tomar decis\u00f5es mais fundamentadas sobre estrat\u00e9gias de defesa ou negocia\u00e7\u00e3o;<\/li>\n<li style=\"font-weight: 400;\">Conformidade com a legisla\u00e7\u00e3o: as Penaltechs s\u00e3o atualizadas de acordo com as mudan\u00e7as na legisla\u00e7\u00e3o, assegurando que os c\u00e1lculos estejam em conformidade com a lei vigente;<\/li>\n<li style=\"font-weight: 400;\">Aumento na confian\u00e7a dos clientes: a precis\u00e3o e agilidade nos c\u00e1lculos podem levar a melhores resultados para os clientes, aumentando sua confian\u00e7a no profissional ou escrit\u00f3rio de advocacia.<\/li>\n<\/ul>\n\t\t<\/div>\n\t\t\t\t\t<\/div>\n\n\t\n<\/div>\n\t\t<\/div>\n\n\t\t\n<style>\n#section_1440715264 {\n  padding-top: 0px;\n  padding-bottom: 0px;\n  min-height: 0px;\n}\n<\/style>\n\t<\/section>\n\t\n\n<div class=\"container section-title-container\" ><h1 class=\"section-title section-title-center\"><b><\/b><span class=\"section-title-main\" >Empresas<\/span><b><\/b><\/h1><\/div>\n\n  \n    <div class=\"row large-columns-3 medium-columns-1 small-columns-1 has-shadow row-box-shadow-1\" >\n  <\/div>\n","protected":false},"excerpt":{"rendered":"","protected":false},"author":1,"featured_media":0,"parent":0,"menu_order":0,"comment_status":"closed","ping_status":"closed","template":"page-blank.php","meta":{"footnotes":""},"class_list":["post-1426","page","type-page","status-publish","hentry"],"_links":{"self":[{"href":"https:\/\/aprovacao.website\/oab\/wp-json\/wp\/v2\/pages\/1426","targetHints":{"allow":["GET"]}}],"collection":[{"href":"https:\/\/aprovacao.website\/oab\/wp-json\/wp\/v2\/pages"}],"about":[{"href":"https:\/\/aprovacao.website\/oab\/wp-json\/wp\/v2\/types\/page"}],"author":[{"embeddable":true,"href":"https:\/\/aprovacao.website\/oab\/wp-json\/wp\/v2\/users\/1"}],"replies":[{"embeddable":true,"href":"https:\/\/aprovacao.website\/oab\/wp-json\/wp\/v2\/comments?post=1426"}],"version-history":[{"count":6,"href":"https:\/\/aprovacao.website\/oab\/wp-json\/wp\/v2\/pages\/1426\/revisions"}],"predecessor-version":[{"id":1901,"href":"https:\/\/aprovacao.website\/oab\/wp-json\/wp\/v2\/pages\/1426\/revisions\/1901"}],"wp:attachment":[{"href":"https:\/\/aprovacao.website\/oab\/wp-json\/wp\/v2\/media?parent=1426"}],"curies":[{"name":"wp","href":"https:\/\/api.w.org\/{rel}","templated":true}]}}