{"id":1421,"date":"2023-07-12T15:50:45","date_gmt":"2023-07-12T18:50:45","guid":{"rendered":"http:\/\/15.229.165.18\/?page_id=1421"},"modified":"2023-07-21T13:23:00","modified_gmt":"2023-07-21T16:23:00","slug":"provas-digitais-online","status":"publish","type":"page","link":"https:\/\/aprovacao.website\/oab\/provas-digitais-online\/","title":{"rendered":"PROVAS DIGITAIS ONLINE"},"content":{"rendered":"\n  <div class=\"banner has-hover hide-for-medium\" id=\"banner-2139908457\">\n          <div class=\"banner-inner fill\">\n        <div class=\"banner-bg fill\" >\n            <img loading=\"lazy\" decoding=\"async\" width=\"1620\" height=\"250\" src=\"https:\/\/aprovacao.website\/oab\/wp-content\/uploads\/2023\/07\/OAB-SP-marketplace-header-3-categorias-1.png\" class=\"bg attachment-original size-original\" alt=\"\" \/>                                    \n                    <\/div>\n\t\t\n        <div class=\"banner-layers container\">\n            <div class=\"fill banner-link\"><\/div>            \n   <div id=\"text-box-1150109870\" class=\"text-box banner-layer x50 md-x0 lg-x0 y100 md-y50 lg-y50 res-text\">\n                                <div class=\"text-box-content text dark\">\n              \n              <div class=\"text-inner text-left\">\n                  \n<h3><strong>PROVAS DIGITAIS ONLINE<\/strong><\/h3>\n              <\/div>\n           <\/div>\n                            \n<style>\n#text-box-1150109870 .text-box-content {\n  background-color: rgba(84, 84, 84, 0);\n  border-radius: 23px;\n  font-size: 152%;\n}\n#text-box-1150109870 .text-inner {\n  padding: 40px 26px 41px 27px;\n}\n#text-box-1150109870 {\n  width: 100%;\n}\n@media (min-width:550px) {\n  #text-box-1150109870 {\n    width: 60%;\n  }\n  #text-box-1150109870 .text-box-content {\n    font-size: 100%;\n  }\n}\n<\/style>\n    <\/div>\n \n        <\/div>\n      <\/div>\n\n            \n<style>\n#banner-2139908457 {\n  padding-top: 605px;\n}\n#banner-2139908457 .banner-bg img {\n  object-position: 87% 80%;\n}\n@media (min-width:550px) {\n  #banner-2139908457 {\n    padding-top: 200px;\n  }\n}\n<\/style>\n  <\/div>\n\n\n\n\t<section class=\"section\" id=\"section_1608557851\">\n\t\t<div class=\"section-bg fill\" >\n\t\t\t\t\t\t\t\t\t\n\t\t\t\n\n\t\t<\/div>\n\n\t\t\n\n\t\t<div class=\"section-content relative\">\n\t\t\t\n\t<div id=\"gap-1173895092\" class=\"gap-element clearfix\" style=\"display:block; height:auto;\">\n\t\t\n<style>\n#gap-1173895092 {\n  padding-top: 30px;\n}\n<\/style>\n\t<\/div>\n\t\n<div class=\"row\"  id=\"row-575613066\">\n\n\t<div id=\"col-261639520\" class=\"col medium-6 small-12 large-6\"  >\n\t\t\t\t<div class=\"col-inner\"  >\n\t\t\t\n\t\t\t\n<p><strong>O QUE \u00c9 E PARA QUE SERVE<\/strong><\/p>\n<p style=\"font-weight: 400;\">Provas Digitais Online s\u00e3o elementos de evid\u00eancia que se originam ou est\u00e3o associados ao ambiente digital. No contexto da Era da Informa\u00e7\u00e3o, marcada pelos avan\u00e7os em ci\u00eancia, tecnologia e a prolifera\u00e7\u00e3o de ciberespa\u00e7os, as provas digitais tornaram-se ferramentas significativas na busca pela verdade dentro do processo judicial. Elas podem ser usadas para demonstrar um fato que ocorreu no meio digital ou para corroborar outros elementos probat\u00f3rios. Isso inclui conte\u00fados como e-mails, mensagens de aplicativos, v\u00eddeos, c\u00f3pias de bases de dados e softwares, bem como rastros digitais, como informa\u00e7\u00f5es de localiza\u00e7\u00e3o e logs de IP.<\/p>\n<p style=\"font-weight: 400;\">Al\u00e9m disso, as provas digitais tamb\u00e9m podem ser produzidas a partir de registros em sistemas de dados de empresas, ferramentas de geoprocessamento, postagens em redes sociais e biometria. Importante ressaltar que, no contexto jur\u00eddico, a admissibilidade das provas digitais requer a observa\u00e7\u00e3o de crit\u00e9rios legais, incluindo a forma como s\u00e3o coletadas e a preserva\u00e7\u00e3o da cadeia de cust\u00f3dia, que permite a verifica\u00e7\u00e3o da autenticidade e integridade das informa\u00e7\u00f5es apresentadas como prova.<\/p>\n\t\t<\/div>\n\t\t\t\t\t<\/div>\n\n\t\n\n\t<div id=\"col-1702189596\" class=\"col medium-6 small-12 large-6\"  >\n\t\t\t\t<div class=\"col-inner\"  >\n\t\t\t\n\t\t\t\n<p><strong>RESULTADOS ESPERADOS<\/strong><\/p>\n<p style=\"font-weight: 400;\">Com o uso adequado de Provas Digitais Online, espera-se alcan\u00e7ar os seguintes benef\u00edcios:<\/p>\n<ul>\n<li style=\"font-weight: 400;\">Maior precis\u00e3o: acesso a informa\u00e7\u00f5es detalhadas e dados precisos, contribuindo para um julgamento mais acurado;<\/li>\n<li style=\"font-weight: 400;\">Agilidade processual: a disponibilidade de provas digitais pode acelerar o processo de tomada de decis\u00f5es, tornando os procedimentos judiciais mais eficientes;<\/li>\n<li style=\"font-weight: 400;\">Amplia\u00e7\u00e3o das fontes de evid\u00eancia: com a inclus\u00e3o de dados digitais, h\u00e1 uma ampla gama de fontes de evid\u00eancia que podem ser utilizadas para fortalecer um caso;<\/li>\n<li style=\"font-weight: 400;\">Redu\u00e7\u00e3o de custos: a coleta e an\u00e1lise de provas digitais pode ser menos onerosa em compara\u00e7\u00e3o com m\u00e9todos tradicionais;<\/li>\n<li style=\"font-weight: 400;\">Combate a fraudes e il\u00edcitos: a possibilidade de rastrear e verificar informa\u00e7\u00f5es digitais \u00e9 fundamental para investigar e combater fraudes e outros atos il\u00edcitos;<\/li>\n<li style=\"font-weight: 400;\">Preserva\u00e7\u00e3o de evid\u00eancias: as provas digitais podem ser armazenadas de forma segura e duradoura, facilitando o acesso quando necess\u00e1rio.<\/li>\n<\/ul>\n\t\t<\/div>\n\t\t\t\t\t<\/div>\n\n\t\n<\/div>\n\t\t<\/div>\n\n\t\t\n<style>\n#section_1608557851 {\n  padding-top: 0px;\n  padding-bottom: 0px;\n  min-height: 0px;\n}\n<\/style>\n\t<\/section>\n\t\n\n<div class=\"container section-title-container\" ><h1 class=\"section-title section-title-center\"><b><\/b><span class=\"section-title-main\" >Empresas<\/span><b><\/b><\/h1><\/div>\n\n  \n    <div class=\"row large-columns-3 medium-columns-1 small-columns-1 has-shadow row-box-shadow-1\" >\n  <div class=\"col post-item\" >\n\t\t\t<div class=\"col-inner\">\n\t\t\t\t<div class=\"box box-bounce box-text-bottom box-blog-post has-hover\">\n            \t\t\t\t\t<div class=\"box-image\" >\n  \t\t\t\t\t\t<div class=\"image-cover\" style=\"padding-top:56.25%;\">\n\t\t\t\t\t\t\t<a href=\"https:\/\/aprovacao.website\/oab\/verifact\/\" class=\"plain\" aria-label=\"VERIFACT\">\n\t\t\t\t\t\t\t\t<img loading=\"lazy\" decoding=\"async\" width=\"300\" height=\"213\" src=\"https:\/\/aprovacao.website\/oab\/wp-content\/uploads\/2023\/07\/Verifact_comBG-300x213.png\" class=\"attachment-medium size-medium wp-post-image\" alt=\"\" srcset=\"https:\/\/aprovacao.website\/oab\/wp-content\/uploads\/2023\/07\/Verifact_comBG-300x213.png 300w, https:\/\/aprovacao.website\/oab\/wp-content\/uploads\/2023\/07\/Verifact_comBG.png 484w\" sizes=\"auto, (max-width: 300px) 100vw, 300px\" \/>\t\t\t\t\t\t\t<\/a>\n  \t\t\t\t\t\t\t  \t\t\t\t\t\t\t  \t\t\t\t\t\t<\/div>\n  \t\t\t\t\t\t  \t\t\t\t\t<\/div>\n          \t\t\t\t\t<div class=\"box-text text-left\" >\n\t\t\t\t\t<div class=\"box-text-inner blog-post-inner\">\n\n\t\t\t\t\t\n\t\t\t\t\t\t\t\t\t\t<h5 class=\"post-title is-large \">\n\t\t\t\t\t\t<a href=\"https:\/\/aprovacao.website\/oab\/verifact\/\" class=\"plain\">VERIFACT<\/a>\n\t\t\t\t\t<\/h5>\n\t\t\t\t\t\t\t\t\t\t<div class=\"is-divider\"><\/div>\n\t\t\t\t\t\t\t\t\t\t<p class=\"from_the_blog_excerpt \">\n\t\t\t\t\t\tA Verifact \u00e9 um meio de coleta de provas online, que oferece uma alternativa \u00e0[+]\t\t\t\t\t<\/p>\n\t\t\t\t\t                    \n\t\t\t\t\t\n\t\t\t\t\t\n\t\t\t\t\t<\/div>\n\t\t\t\t\t<\/div>\n\t\t\t\t\t\t\t\t\t<\/div>\n\t\t\t<\/div>\n\t\t<\/div><\/div>\n","protected":false},"excerpt":{"rendered":"","protected":false},"author":1,"featured_media":0,"parent":0,"menu_order":0,"comment_status":"closed","ping_status":"closed","template":"page-blank.php","meta":{"footnotes":""},"class_list":["post-1421","page","type-page","status-publish","hentry"],"_links":{"self":[{"href":"https:\/\/aprovacao.website\/oab\/wp-json\/wp\/v2\/pages\/1421","targetHints":{"allow":["GET"]}}],"collection":[{"href":"https:\/\/aprovacao.website\/oab\/wp-json\/wp\/v2\/pages"}],"about":[{"href":"https:\/\/aprovacao.website\/oab\/wp-json\/wp\/v2\/types\/page"}],"author":[{"embeddable":true,"href":"https:\/\/aprovacao.website\/oab\/wp-json\/wp\/v2\/users\/1"}],"replies":[{"embeddable":true,"href":"https:\/\/aprovacao.website\/oab\/wp-json\/wp\/v2\/comments?post=1421"}],"version-history":[{"count":6,"href":"https:\/\/aprovacao.website\/oab\/wp-json\/wp\/v2\/pages\/1421\/revisions"}],"predecessor-version":[{"id":1900,"href":"https:\/\/aprovacao.website\/oab\/wp-json\/wp\/v2\/pages\/1421\/revisions\/1900"}],"wp:attachment":[{"href":"https:\/\/aprovacao.website\/oab\/wp-json\/wp\/v2\/media?parent=1421"}],"curies":[{"name":"wp","href":"https:\/\/api.w.org\/{rel}","templated":true}]}}