{"id":1402,"date":"2023-07-10T17:29:18","date_gmt":"2023-07-10T20:29:18","guid":{"rendered":"http:\/\/15.229.165.18\/?page_id=1402"},"modified":"2023-07-21T13:22:05","modified_gmt":"2023-07-21T16:22:05","slug":"legalfintech","status":"publish","type":"page","link":"https:\/\/aprovacao.website\/oab\/legalfintech\/","title":{"rendered":"LEGALFINTECH"},"content":{"rendered":"\n  <div class=\"banner has-hover hide-for-medium\" id=\"banner-1170098716\">\n          <div class=\"banner-inner fill\">\n        <div class=\"banner-bg fill\" >\n            <img loading=\"lazy\" decoding=\"async\" width=\"1620\" height=\"250\" src=\"https:\/\/aprovacao.website\/oab\/wp-content\/uploads\/2023\/07\/OAB-SP-marketplace-header-3-categorias-1.png\" class=\"bg attachment-original size-original\" alt=\"\" \/>                                    \n                    <\/div>\n\t\t\n        <div class=\"banner-layers container\">\n            <div class=\"fill banner-link\"><\/div>            \n   <div id=\"text-box-1167104321\" class=\"text-box banner-layer x50 md-x0 lg-x0 y100 md-y50 lg-y50 res-text\">\n                                <div class=\"text-box-content text dark\">\n              \n              <div class=\"text-inner text-left\">\n                  \n<h3><strong>LEGALFINTECH<\/strong><\/h3>\n              <\/div>\n           <\/div>\n                            \n<style>\n#text-box-1167104321 .text-box-content {\n  background-color: rgba(84, 84, 84, 0);\n  border-radius: 23px;\n  font-size: 152%;\n}\n#text-box-1167104321 .text-inner {\n  padding: 40px 26px 41px 27px;\n}\n#text-box-1167104321 {\n  width: 100%;\n}\n@media (min-width:550px) {\n  #text-box-1167104321 {\n    width: 60%;\n  }\n  #text-box-1167104321 .text-box-content {\n    font-size: 100%;\n  }\n}\n<\/style>\n    <\/div>\n \n        <\/div>\n      <\/div>\n\n            \n<style>\n#banner-1170098716 {\n  padding-top: 605px;\n}\n#banner-1170098716 .banner-bg img {\n  object-position: 87% 80%;\n}\n@media (min-width:550px) {\n  #banner-1170098716 {\n    padding-top: 200px;\n  }\n}\n<\/style>\n  <\/div>\n\n\n\n\t<section class=\"section\" id=\"section_1003796231\">\n\t\t<div class=\"section-bg fill\" >\n\t\t\t\t\t\t\t\t\t\n\t\t\t\n\n\t\t<\/div>\n\n\t\t\n\n\t\t<div class=\"section-content relative\">\n\t\t\t\n\t<div id=\"gap-831204668\" class=\"gap-element clearfix\" style=\"display:block; height:auto;\">\n\t\t\n<style>\n#gap-831204668 {\n  padding-top: 30px;\n}\n<\/style>\n\t<\/div>\n\t\n<div class=\"row\"  id=\"row-1228622341\">\n\n\t<div id=\"col-232377750\" class=\"col medium-6 small-12 large-6\"  >\n\t\t\t\t<div class=\"col-inner\"  >\n\t\t\t\n\t\t\t\n<p><strong>O QUE \u00c9 E PARA QUE SERVE<\/strong><\/p>\n<p style=\"font-weight: 400;\">LegalFintech \u00e9 uma categoria emergente que combina o dom\u00ednio jur\u00eddico com as inova\u00e7\u00f5es financeiras, especialmente atrav\u00e9s da tecnologia blockchain. As empresas de LegalFintech est\u00e3o na intersec\u00e7\u00e3o entre advocacia e setor financeiro, onde utilizam contratos inteligentes (Smart contracts) para tokeniza\u00e7\u00e3o de ativos. Os advogados desempenham um papel essencial neste ecossistema ao conferir seguran\u00e7a jur\u00eddica ao processo de tokeniza\u00e7\u00e3o.<\/p>\n<p style=\"font-weight: 400;\">A tokeniza\u00e7\u00e3o, por sua vez, \u00e9 o processo de convers\u00e3o de direitos de um ativo em um token digital em uma determinada rede blockchain. Isso significa que qualquer bem ou direito, seja imobili\u00e1rio, commodities ou t\u00edtulos, pode ser representado digitalmente e ter suas transa\u00e7\u00f5es efetuadas em uma plataforma digital. Os advogados trabalham para garantir que os tokens estejam em conformidade com as regulamenta\u00e7\u00f5es, e que os contratos inteligentes usados para automatizar a execu\u00e7\u00e3o dos termos de um contrato sejam juridicamente s\u00f3lidos.<\/p>\n\t\t<\/div>\n\t\t\t\t\t<\/div>\n\n\t\n\n\t<div id=\"col-1151247170\" class=\"col medium-6 small-12 large-6\"  >\n\t\t\t\t<div class=\"col-inner\"  >\n\t\t\t\n\t\t\t\n<p><strong>RESULTADOS ESPERADOS<\/strong><\/p>\n<p style=\"font-weight: 400;\">A implementa\u00e7\u00e3o da tecnologia LegalFintech pode gerar diversos resultados positivos para empresas e investidores. Entre os benef\u00edcios esperados, destacam-se:<\/p>\n<ul>\n<li style=\"font-weight: 400;\">Efici\u00eancia nas transa\u00e7\u00f5es: a tokeniza\u00e7\u00e3o facilita transa\u00e7\u00f5es mais r\u00e1pidas e eficientes, eliminando intermedi\u00e1rios e reduzindo custos e tempo;<\/li>\n<li style=\"font-weight: 400;\">Seguran\u00e7a e transpar\u00eancia: gra\u00e7as \u00e0 natureza imut\u00e1vel da blockchain, os registros de transa\u00e7\u00f5es s\u00e3o seguros e transparentes, aumentando a confian\u00e7a dos investidores;<\/li>\n<li style=\"font-weight: 400;\">Conformidade regulat\u00f3ria: a assessoria jur\u00eddica na estrutura\u00e7\u00e3o dos tokens garante que estejam alinhados com as regulamenta\u00e7\u00f5es, minimizando riscos legais;<\/li>\n<li style=\"font-weight: 400;\">Acesso democr\u00e1tico ao mercado de capitais: a tokeniza\u00e7\u00e3o permite que um maior n\u00famero de pessoas participe do mercado de capitais, tornando o investimento mais acess\u00edvel.<\/li>\n<\/ul>\n\t\t<\/div>\n\t\t\t\t\t<\/div>\n\n\t\n<\/div>\n\t\t<\/div>\n\n\t\t\n<style>\n#section_1003796231 {\n  padding-top: 0px;\n  padding-bottom: 0px;\n  min-height: 0px;\n}\n<\/style>\n\t<\/section>\n\t\n\n<div class=\"container section-title-container\" ><h1 class=\"section-title section-title-center\"><b><\/b><span class=\"section-title-main\" >Empresas<\/span><b><\/b><\/h1><\/div>\n\n  \n    <div class=\"row large-columns-3 medium-columns-1 small-columns-1 has-shadow row-box-shadow-1\" >\n  <div class=\"col post-item\" >\n\t\t\t<div class=\"col-inner\">\n\t\t\t\t<div class=\"box box-bounce box-text-bottom box-blog-post has-hover\">\n            \t\t\t\t\t<div class=\"box-image\" >\n  \t\t\t\t\t\t<div class=\"image-cover\" style=\"padding-top:56.25%;\">\n\t\t\t\t\t\t\t<a href=\"https:\/\/aprovacao.website\/oab\/juscash\/\" class=\"plain\" aria-label=\"JusCash\">\n\t\t\t\t\t\t\t\t<img loading=\"lazy\" decoding=\"async\" width=\"300\" height=\"300\" src=\"https:\/\/aprovacao.website\/oab\/wp-content\/uploads\/2024\/06\/Design-sem-nome-300x300.png\" class=\"attachment-medium size-medium wp-post-image\" alt=\"\" srcset=\"https:\/\/aprovacao.website\/oab\/wp-content\/uploads\/2024\/06\/Design-sem-nome-300x300.png 300w, https:\/\/aprovacao.website\/oab\/wp-content\/uploads\/2024\/06\/Design-sem-nome-1024x1024.png 1024w, https:\/\/aprovacao.website\/oab\/wp-content\/uploads\/2024\/06\/Design-sem-nome-150x150.png 150w, https:\/\/aprovacao.website\/oab\/wp-content\/uploads\/2024\/06\/Design-sem-nome-768x768.png 768w, https:\/\/aprovacao.website\/oab\/wp-content\/uploads\/2024\/06\/Design-sem-nome.png 1080w\" sizes=\"auto, (max-width: 300px) 100vw, 300px\" \/>\t\t\t\t\t\t\t<\/a>\n  \t\t\t\t\t\t\t  \t\t\t\t\t\t\t  \t\t\t\t\t\t<\/div>\n  \t\t\t\t\t\t  \t\t\t\t\t<\/div>\n          \t\t\t\t\t<div class=\"box-text text-left\" >\n\t\t\t\t\t<div class=\"box-text-inner blog-post-inner\">\n\n\t\t\t\t\t\n\t\t\t\t\t\t\t\t\t\t<h5 class=\"post-title is-large \">\n\t\t\t\t\t\t<a href=\"https:\/\/aprovacao.website\/oab\/juscash\/\" class=\"plain\">JusCash<\/a>\n\t\t\t\t\t<\/h5>\n\t\t\t\t\t\t\t\t\t\t<div class=\"is-divider\"><\/div>\n\t\t\t\t\t\t\t\t\t\t<p class=\"from_the_blog_excerpt \">\n\t\t\t\t\t\tSomos a JusCash A JusCash impulsiona a vida financeira dos advogados com a antecipa\u00e7\u00e3o de[+]\t\t\t\t\t<\/p>\n\t\t\t\t\t                    \n\t\t\t\t\t\n\t\t\t\t\t\n\t\t\t\t\t<\/div>\n\t\t\t\t\t<\/div>\n\t\t\t\t\t\t\t\t\t<\/div>\n\t\t\t<\/div>\n\t\t<\/div><div class=\"col post-item\" >\n\t\t\t<div class=\"col-inner\">\n\t\t\t\t<div class=\"box box-bounce box-text-bottom box-blog-post has-hover\">\n            \t\t\t\t\t<div class=\"box-image\" >\n  \t\t\t\t\t\t<div class=\"image-cover\" style=\"padding-top:56.25%;\">\n\t\t\t\t\t\t\t<a href=\"https:\/\/aprovacao.website\/oab\/just-tec\/\" class=\"plain\" aria-label=\"JUST TEC\">\n\t\t\t\t\t\t\t\t<img loading=\"lazy\" decoding=\"async\" width=\"300\" height=\"300\" src=\"https:\/\/aprovacao.website\/oab\/wp-content\/uploads\/2024\/05\/Design-sem-nome-300x300.png\" class=\"attachment-medium size-medium wp-post-image\" alt=\"\" srcset=\"https:\/\/aprovacao.website\/oab\/wp-content\/uploads\/2024\/05\/Design-sem-nome-300x300.png 300w, https:\/\/aprovacao.website\/oab\/wp-content\/uploads\/2024\/05\/Design-sem-nome-1024x1024.png 1024w, https:\/\/aprovacao.website\/oab\/wp-content\/uploads\/2024\/05\/Design-sem-nome-150x150.png 150w, https:\/\/aprovacao.website\/oab\/wp-content\/uploads\/2024\/05\/Design-sem-nome-768x768.png 768w, https:\/\/aprovacao.website\/oab\/wp-content\/uploads\/2024\/05\/Design-sem-nome.png 1080w\" sizes=\"auto, (max-width: 300px) 100vw, 300px\" \/>\t\t\t\t\t\t\t<\/a>\n  \t\t\t\t\t\t\t  \t\t\t\t\t\t\t  \t\t\t\t\t\t<\/div>\n  \t\t\t\t\t\t  \t\t\t\t\t<\/div>\n          \t\t\t\t\t<div class=\"box-text text-left\" >\n\t\t\t\t\t<div class=\"box-text-inner blog-post-inner\">\n\n\t\t\t\t\t\n\t\t\t\t\t\t\t\t\t\t<h5 class=\"post-title is-large \">\n\t\t\t\t\t\t<a href=\"https:\/\/aprovacao.website\/oab\/just-tec\/\" class=\"plain\">JUST TEC<\/a>\n\t\t\t\t\t<\/h5>\n\t\t\t\t\t\t\t\t\t\t<div class=\"is-divider\"><\/div>\n\t\t\t\t\t\t\t\t\t\t<p class=\"from_the_blog_excerpt \">\n\t\t\t\t\t\tA JustTec \u00e9 uma lawtech brasileira especializada na compra e antecipa\u00e7\u00e3o de cr\u00e9ditos judiciais Trabalhistas,[+]\t\t\t\t\t<\/p>\n\t\t\t\t\t                    \n\t\t\t\t\t\n\t\t\t\t\t\n\t\t\t\t\t<\/div>\n\t\t\t\t\t<\/div>\n\t\t\t\t\t\t\t\t\t<\/div>\n\t\t\t<\/div>\n\t\t<\/div><div class=\"col post-item\" >\n\t\t\t<div class=\"col-inner\">\n\t\t\t\t<div class=\"box box-bounce box-text-bottom box-blog-post has-hover\">\n            \t\t\t\t\t<div class=\"box-image\" >\n  \t\t\t\t\t\t<div class=\"image-cover\" style=\"padding-top:56.25%;\">\n\t\t\t\t\t\t\t<a href=\"https:\/\/aprovacao.website\/oab\/trustt-digital\/\" class=\"plain\" aria-label=\"TRUSTT DIGITAL\">\n\t\t\t\t\t\t\t\t<img loading=\"lazy\" decoding=\"async\" width=\"300\" height=\"213\" src=\"https:\/\/aprovacao.website\/oab\/wp-content\/uploads\/2023\/07\/Trustt-Digital-SA_comBG-300x213.png\" class=\"attachment-medium size-medium wp-post-image\" alt=\"\" srcset=\"https:\/\/aprovacao.website\/oab\/wp-content\/uploads\/2023\/07\/Trustt-Digital-SA_comBG-300x213.png 300w, https:\/\/aprovacao.website\/oab\/wp-content\/uploads\/2023\/07\/Trustt-Digital-SA_comBG.png 484w\" sizes=\"auto, (max-width: 300px) 100vw, 300px\" \/>\t\t\t\t\t\t\t<\/a>\n  \t\t\t\t\t\t\t  \t\t\t\t\t\t\t  \t\t\t\t\t\t<\/div>\n  \t\t\t\t\t\t  \t\t\t\t\t<\/div>\n          \t\t\t\t\t<div class=\"box-text text-left\" >\n\t\t\t\t\t<div class=\"box-text-inner blog-post-inner\">\n\n\t\t\t\t\t\n\t\t\t\t\t\t\t\t\t\t<h5 class=\"post-title is-large \">\n\t\t\t\t\t\t<a href=\"https:\/\/aprovacao.website\/oab\/trustt-digital\/\" class=\"plain\">TRUSTT DIGITAL<\/a>\n\t\t\t\t\t<\/h5>\n\t\t\t\t\t\t\t\t\t\t<div class=\"is-divider\"><\/div>\n\t\t\t\t\t\t\t\t\t\t<p class=\"from_the_blog_excerpt \">\n\t\t\t\t\t\tA Trustt \u00e9 uma empresa especializada em tecnologia e consultoria jur\u00eddica, focada na tokeniza\u00e7\u00e3o de[+]\t\t\t\t\t<\/p>\n\t\t\t\t\t                    \n\t\t\t\t\t\n\t\t\t\t\t\n\t\t\t\t\t<\/div>\n\t\t\t\t\t<\/div>\n\t\t\t\t\t\t\t\t\t<\/div>\n\t\t\t<\/div>\n\t\t<\/div><div class=\"col post-item\" >\n\t\t\t<div class=\"col-inner\">\n\t\t\t\t<div class=\"box box-bounce box-text-bottom box-blog-post has-hover\">\n            \t\t\t\t\t<div class=\"box-image\" >\n  \t\t\t\t\t\t<div class=\"image-cover\" style=\"padding-top:56.25%;\">\n\t\t\t\t\t\t\t<a href=\"https:\/\/aprovacao.website\/oab\/e-conciliador\/\" class=\"plain\" aria-label=\"E-CONCILIADOR\">\n\t\t\t\t\t\t\t\t<img loading=\"lazy\" decoding=\"async\" width=\"300\" height=\"213\" src=\"https:\/\/aprovacao.website\/oab\/wp-content\/uploads\/2023\/07\/eConciliador_COMBG-300x213.png\" class=\"attachment-medium size-medium wp-post-image\" alt=\"\" srcset=\"https:\/\/aprovacao.website\/oab\/wp-content\/uploads\/2023\/07\/eConciliador_COMBG-300x213.png 300w, https:\/\/aprovacao.website\/oab\/wp-content\/uploads\/2023\/07\/eConciliador_COMBG.png 484w\" sizes=\"auto, (max-width: 300px) 100vw, 300px\" \/>\t\t\t\t\t\t\t<\/a>\n  \t\t\t\t\t\t\t  \t\t\t\t\t\t\t  \t\t\t\t\t\t<\/div>\n  \t\t\t\t\t\t  \t\t\t\t\t<\/div>\n          \t\t\t\t\t<div class=\"box-text text-left\" >\n\t\t\t\t\t<div class=\"box-text-inner blog-post-inner\">\n\n\t\t\t\t\t\n\t\t\t\t\t\t\t\t\t\t<h5 class=\"post-title is-large \">\n\t\t\t\t\t\t<a href=\"https:\/\/aprovacao.website\/oab\/e-conciliador\/\" class=\"plain\">E-CONCILIADOR<\/a>\n\t\t\t\t\t<\/h5>\n\t\t\t\t\t\t\t\t\t\t<div class=\"is-divider\"><\/div>\n\t\t\t\t\t\t\t\t\t\t<p class=\"from_the_blog_excerpt \">\n\t\t\t\t\t\tA eConciliador, da Kohn Consultoria, \u00e9 uma plataforma de resolu\u00e7\u00e3o de disputas online, lan\u00e7ada em[+]\t\t\t\t\t<\/p>\n\t\t\t\t\t                    \n\t\t\t\t\t\n\t\t\t\t\t\n\t\t\t\t\t<\/div>\n\t\t\t\t\t<\/div>\n\t\t\t\t\t\t\t\t\t<\/div>\n\t\t\t<\/div>\n\t\t<\/div><\/div>\n","protected":false},"excerpt":{"rendered":"","protected":false},"author":1,"featured_media":0,"parent":0,"menu_order":0,"comment_status":"closed","ping_status":"closed","template":"page-blank.php","meta":{"footnotes":""},"class_list":["post-1402","page","type-page","status-publish","hentry"],"_links":{"self":[{"href":"https:\/\/aprovacao.website\/oab\/wp-json\/wp\/v2\/pages\/1402","targetHints":{"allow":["GET"]}}],"collection":[{"href":"https:\/\/aprovacao.website\/oab\/wp-json\/wp\/v2\/pages"}],"about":[{"href":"https:\/\/aprovacao.website\/oab\/wp-json\/wp\/v2\/types\/page"}],"author":[{"embeddable":true,"href":"https:\/\/aprovacao.website\/oab\/wp-json\/wp\/v2\/users\/1"}],"replies":[{"embeddable":true,"href":"https:\/\/aprovacao.website\/oab\/wp-json\/wp\/v2\/comments?post=1402"}],"version-history":[{"count":8,"href":"https:\/\/aprovacao.website\/oab\/wp-json\/wp\/v2\/pages\/1402\/revisions"}],"predecessor-version":[{"id":1899,"href":"https:\/\/aprovacao.website\/oab\/wp-json\/wp\/v2\/pages\/1402\/revisions\/1899"}],"wp:attachment":[{"href":"https:\/\/aprovacao.website\/oab\/wp-json\/wp\/v2\/media?parent=1402"}],"curies":[{"name":"wp","href":"https:\/\/api.w.org\/{rel}","templated":true}]}}