{"id":1391,"date":"2023-07-10T00:16:09","date_gmt":"2023-07-10T03:16:09","guid":{"rendered":"http:\/\/15.229.165.18\/?page_id=1391"},"modified":"2023-07-25T16:02:29","modified_gmt":"2023-07-25T19:02:29","slug":"cadastre-se","status":"publish","type":"page","link":"https:\/\/aprovacao.website\/oab\/cadastre-se\/","title":{"rendered":"Cadastre-se"},"content":{"rendered":"\n  <div class=\"banner has-hover hide-for-medium\" id=\"banner-758244948\">\n          <div class=\"banner-inner fill\">\n        <div class=\"banner-bg fill\" >\n            <img loading=\"lazy\" decoding=\"async\" width=\"1620\" height=\"250\" src=\"https:\/\/aprovacao.website\/oab\/wp-content\/uploads\/2023\/07\/OAB-SP-marketplace-header-4-cadastro.png\" class=\"bg attachment-original size-original\" alt=\"\" \/>                                    \n                    <\/div>\n\t\t\n        <div class=\"banner-layers container\">\n            <div class=\"fill banner-link\"><\/div>            \n   <div id=\"text-box-563552769\" class=\"text-box banner-layer x50 md-x0 lg-x0 y100 md-y50 lg-y50 res-text\">\n                                <div class=\"text-box-content text dark\">\n              \n              <div class=\"text-inner text-left\">\n                  \n<h3><strong>CADASTRE SUA <br \/>LAWTECH<\/strong><\/h3>\n              <\/div>\n           <\/div>\n                            \n<style>\n#text-box-563552769 .text-box-content {\n  background-color: rgba(84, 84, 84, 0);\n  border-radius: 23px;\n  font-size: 152%;\n}\n#text-box-563552769 .text-inner {\n  padding: 40px 26px 41px 27px;\n}\n#text-box-563552769 {\n  width: 100%;\n}\n@media (min-width:550px) {\n  #text-box-563552769 {\n    width: 60%;\n  }\n  #text-box-563552769 .text-box-content {\n    font-size: 100%;\n  }\n}\n<\/style>\n    <\/div>\n \n        <\/div>\n      <\/div>\n\n            \n<style>\n#banner-758244948 {\n  padding-top: 605px;\n}\n#banner-758244948 .banner-bg img {\n  object-position: 87% 80%;\n}\n@media (min-width:550px) {\n  #banner-758244948 {\n    padding-top: 200px;\n  }\n}\n<\/style>\n  <\/div>\n\n\n\n  <div class=\"banner has-hover\" id=\"banner-571052843\">\n          <div class=\"banner-inner fill\">\n        <div class=\"banner-bg fill\" >\n                                                \n                    <\/div>\n\t\t\n        <div class=\"banner-layers container\">\n            <div class=\"fill banner-link\"><\/div>            \n   <div id=\"text-box-913561966\" class=\"text-box banner-layer x50 md-x50 lg-x50 y50 md-y50 lg-y50 res-text\">\n                                <div class=\"text-box-content text dark\">\n              \n              <div class=\"text-inner text-center\">\n                  \n\t<div id=\"text-3854504147\" class=\"text\">\n\t\t\n<h3>Voc\u00ea \u00e9 uma Lawtech? Participe!<\/h3>\n\t\t\n<style>\n#text-3854504147 {\n  color: rgb(0, 0, 0);\n}\n#text-3854504147 > * {\n  color: rgb(0, 0, 0);\n}\n<\/style>\n\t<\/div>\n\t\n              <\/div>\n           <\/div>\n                            \n<style>\n#text-box-913561966 {\n  width: 60%;\n}\n#text-box-913561966 .text-box-content {\n  font-size: 100%;\n}\n<\/style>\n    <\/div>\n \n        <\/div>\n      <\/div>\n\n            \n<style>\n#banner-571052843 {\n  padding-top: 120px;\n  background-color: rgb(231, 231, 231);\n}\n<\/style>\n  <\/div>\n\n\n\n\t<section class=\"section\" id=\"section_127761955\">\n\t\t<div class=\"section-bg fill\" >\n\t\t\t\t\t\t\t\t\t\n\t\t\t\n\n\t\t<\/div>\n\n\t\t\n\n\t\t<div class=\"section-content relative\">\n\t\t\t\n<div class=\"row\"  id=\"row-1482430295\">\n\n\t<div id=\"col-168126263\" class=\"col medium-4 small-12 large-4\"  >\n\t\t\t\t<div class=\"col-inner dark\" style=\"background-color:rgb(37, 56, 132);\" >\n\t\t\t\n\t\t\t\n\t<div id=\"text-738249369\" class=\"text\">\n\t\t\n<p>\u00a0<\/p>\n<p style=\"text-align: center;\"><span style=\"font-size: 140%;\"><strong>1<\/strong><\/span><\/p>\n<p style=\"text-align: center;\"><span style=\"font-weight: 400;\">Participe do Marketplace de Lawtechs OAB SP.<\/span><\/p>\n<p style=\"text-align: center;\"><span style=\"font-weight: 400;\">Conhe\u00e7a as categorias.<\/span><\/p>\n<p>\u00a0<\/p>\n\t\t\n<style>\n#text-738249369 {\n  text-align: left;\n}\n<\/style>\n\t<\/div>\n\t\n\t\t<\/div>\n\t\t\t\t\n<style>\n#col-168126263 > .col-inner {\n  padding: 0 10px 0px 10px;\n  border-radius: 10px;\n}\n<\/style>\n\t<\/div>\n\n\t\n\n\t<div id=\"col-1015165840\" class=\"col medium-4 small-12 large-4\"  >\n\t\t\t\t<div class=\"col-inner dark\" style=\"background-color:rgb(37, 56, 132);\" >\n\t\t\t\n\t\t\t\n\t<div id=\"text-2052403396\" class=\"text\">\n\t\t\n<p>\u00a0<\/p>\n<p style=\"text-align: center;\"><span style=\"font-size: 140%;\"><strong>2<\/strong><\/span><\/p>\n<p style=\"text-align: center;\">Aceita\u00e7\u00e3o, valida\u00e7\u00e3o e descredenciamento.<\/p>\n<p style=\"text-align: center;\">Conhe\u00e7a os crit\u00e9rios.<\/p>\n<p>\u00a0<\/p>\n\t\t\n<style>\n#text-2052403396 {\n  text-align: left;\n}\n<\/style>\n\t<\/div>\n\t\n\t\t<\/div>\n\t\t\t\t\n<style>\n#col-1015165840 > .col-inner {\n  padding: 0 10px 0px 10px;\n  border-radius: 10px;\n}\n<\/style>\n\t<\/div>\n\n\t\n\n\t<div id=\"col-1952492071\" class=\"col medium-4 small-12 large-4\"  >\n\t\t\t\t<div class=\"col-inner dark\" style=\"background-color:rgb(37, 56, 132);\" >\n\t\t\t\n\t\t\t\n\t<div id=\"text-1523193749\" class=\"text\">\n\t\t\n<p>\u00a0<\/p>\n<p style=\"text-align: center;\"><span style=\"font-size: 140%;\"><strong>3<\/strong><\/span><\/p>\n<p style=\"text-align: center;\"><span style=\"font-weight: 400;\">Formul\u00e1rio com quest\u00f5es sobre sua empresa.<\/span><\/p>\n<p style=\"text-align: center;\">Descreva seu neg\u00f3cio.<\/p>\n<p>\u00a0<\/p>\n\t\t\n<style>\n#text-1523193749 {\n  text-align: left;\n}\n<\/style>\n\t<\/div>\n\t\n\t\t<\/div>\n\t\t\t\t\n<style>\n#col-1952492071 > .col-inner {\n  padding: 0 10px 0px 10px;\n  border-radius: 10px;\n}\n<\/style>\n\t<\/div>\n\n\t\n<\/div>\n\t\t<\/div>\n\n\t\t\n<style>\n#section_127761955 {\n  padding-top: 0px;\n  padding-bottom: 0px;\n  min-height: 0px;\n  background-color: rgb(231, 231, 231);\n}\n<\/style>\n\t<\/section>\n\t\n\n\t<section class=\"section\" id=\"section_843177198\">\n\t\t<div class=\"section-bg fill\" >\n\t\t\t\t\t\t\t\t\t\n\t\t\t\n\n\t\t<\/div>\n\n\t\t\n\n\t\t<div class=\"section-content relative\">\n\t\t\t\n\t<div id=\"gap-1632540073\" class=\"gap-element clearfix\" style=\"display:block; height:auto;\">\n\t\t\n<style>\n#gap-1632540073 {\n  padding-top: 30px;\n}\n<\/style>\n\t<\/div>\n\t\n<div class=\"row\"  id=\"row-368325450\">\n\n\t<div id=\"col-1940154219\" class=\"col small-12 large-12\"  >\n\t\t\t\t<div class=\"col-inner\"  >\n\t\t\t\n\t\t\t\n<h1><strong>1 &#8211; Participe do Marketplace de Lawtechs OAB SP. <\/strong><strong>Conhe\u00e7a as categorias.<\/strong><\/h1>\n<div>\n<p><span style=\"font-weight: 400;\">A OAB SP convida as empresas de tecnologia jur\u00eddica a se cadastrarem no Marketplace de Lawtechs OAB SP, plataforma acess\u00edvel a todos os advogados credenciados pela entidade. \u00c9 imprescind\u00edvel que as empresas participantes identifiquem em qual(is) categoria(s) de servi\u00e7os se enquadram de acordo com a listagem da OAB SP. Se os servi\u00e7os oferecidos n\u00e3o se ajustarem a nenhuma das categorias existentes, \u00e9 necess\u00e1rio descrever os servi\u00e7os inovadores apresentados. Salienta-se que todas as empresas candidatas passar\u00e3o por uma avalia\u00e7\u00e3o meticulosa conduzida por uma Comiss\u00e3o da OAB SP, cujas decis\u00f5es s\u00e3o finais e irrevog\u00e1veis quanto \u00e0 aprova\u00e7\u00e3o e ou exclus\u00e3o.<\/span><span style=\"font-weight: 400;\">\u00a0<\/span><\/p>\n<p><span style=\"font-weight: 400;\"><strong>1) Analytics e Jurimetria:<\/strong> Plataformas de an\u00e1lise e compila\u00e7\u00e3o de dados e jurimetria.<\/span><\/p>\n<p><span style=\"font-weight: 400;\"><strong>2) Automa\u00e7\u00e3o e Gest\u00e3o de Documentos:<\/strong> Softwares de automa\u00e7\u00e3o de documentos jur\u00eddicos e gest\u00e3o do ciclo de vida de contratos e processos.<\/span><\/p>\n<p><span style=\"font-weight: 400;\"><strong>3) Compliance:<\/strong> Empresas que oferecem o conjunto de disciplinas para fazer cumprir as normas legais e pol\u00edticas estabelecidas para as atividades da institui\u00e7\u00e3o.<\/span><\/p>\n<p><span style=\"font-weight: 400;\"><strong>4) Conte\u00fado Jur\u00eddico, Educa\u00e7\u00e3o e Consultoria:<\/strong> Portais de informa\u00e7\u00e3o, legisla\u00e7\u00e3o, not\u00edcias e demais empresas de consultoria com servi\u00e7os desde seguran\u00e7a de informa\u00e7\u00e3o a assessoria tecnol\u00f3gico.<\/span><\/p>\n<p><span style=\"font-weight: 400;\"><strong>5) Extra\u00e7\u00e3o e Monitoramento de Dados P\u00fablicos:\u00a0<\/strong> \u00a0 Monitoramento e gest\u00e3o de informa\u00e7\u00f5es p\u00fablicas como publica\u00e7\u00f5es, andamentos processuais, legisla\u00e7\u00e3o e documentos cartor\u00e1rios.<\/span><\/p>\n<p><span style=\"font-weight: 400;\"><strong>6) Gest\u00e3o de Escrit\u00f3rios e Departamentos Jur\u00eddicos:<\/strong> Solu\u00e7\u00f5es de gest\u00e3o de informa\u00e7\u00f5es para escrit\u00f3rios e departamentos jur\u00eddicos.<\/span><\/p>\n<p><span style=\"font-weight: 400;\"><strong>7) IA \u2013 Setor P\u00fablico<\/strong>: Solu\u00e7\u00f5es de Intelig\u00eancia Artificial para tribunais e poder p\u00fablico.<\/span><\/p>\n<p><span style=\"font-weight: 400;\"><strong>8) Redes de Profissionais:<\/strong> Redes de conex\u00e3o entre profissionais do direito, que permitem a pessoas e empresas encontrarem advogados em todo o Brasil.<\/span><\/p>\n<p><span style=\"font-weight: 400;\"><strong>9) Regtech:<\/strong> Solu\u00e7\u00f5es tecnol\u00f3gicas para resolver problemas gerados pelas exig\u00eancias de regulamenta\u00e7\u00e3o.<\/span><\/p>\n<p><span style=\"font-weight: 400;\"><strong>10) Resolu\u00e7\u00e3o de Conflitos Online:<\/strong> Empresas dedicadas \u00e0 resolu\u00e7\u00e3o online de conflitos por formas alternativas ao processo judicial como media\u00e7\u00e3o, arbitragem e negocia\u00e7\u00e3o de acordos.<\/span><\/p>\n<p><span style=\"font-weight: 400;\"><strong>11) Taxtech:<\/strong> Plataformas que oferecem tecnologias e solu\u00e7\u00f5es para todos os seus desafios tribut\u00e1rios.<\/span><\/p>\n<p><span style=\"font-weight: 400;\"><strong>12) Civic Tech:<\/strong> Tecnologia para melhorar o relacionamento entre pessoas e institui\u00e7\u00f5es, dando mais voz para participar das decis\u00f5es ou melhorar a presta\u00e7\u00e3o de servi\u00e7os.<\/span><\/p>\n<p><span style=\"font-weight: 400;\"><strong>13) Real Estate Tech:<\/strong> Aplica\u00e7\u00e3o da tecnologia da informa\u00e7\u00e3o por meio de plataformas voltadas ao mercado imobili\u00e1rio e cartor\u00e1rio.<\/span><\/p>\n<p><span style=\"font-weight: 400;\"><strong>14) Marketing Jur\u00eddico:<\/strong> \u00c9 a promo\u00e7\u00e3o \u00e9tica de servi\u00e7os legais por meio de estrat\u00e9gias de comunica\u00e7\u00e3o e relacionamento com o p\u00fablico.<\/span><\/p>\n<p><span style=\"font-weight: 400;\"><strong>15) Legalfintech:<\/strong> Integre inova\u00e7\u00e3o financeira e prote\u00e7\u00e3o legal com tokeniza\u00e7\u00e3o de ativos respaldada por blockchain<\/span><\/p>\n<p><span style=\"font-weight: 400;\"><strong>16) Provas Digitais Online:<\/strong> Explore o impacto que evid\u00eancias digitais podem ter na constru\u00e7\u00e3o de um caso s\u00f3lido<\/span><\/p>\n<p><span style=\"font-weight: 400;\"><strong>17) Penaltech:<\/strong> Agilize e aprimore c\u00e1lculos de execu\u00e7\u00e3o penal, gerencie informa\u00e7\u00f5es com efic\u00e1cia e conquiste a confian\u00e7a dos clientes<\/span><\/p>\n<p><span style=\"font-weight: 400;\"><strong>18) Tradu\u00e7\u00e3o Jur\u00eddica com IA:<\/strong> Maximize a precis\u00e3o e economize tempo! Utilize as plataformas para obter tradu\u00e7\u00f5es jur\u00eddicas instant\u00e2neas<\/span><\/p>\n<\/div>\n\t\t<\/div>\n\t\t\t\t\t<\/div>\n\n\t\n<\/div>\n<div class=\"row\"  id=\"row-375693055\">\n\n\t<div id=\"col-601394117\" class=\"col small-12 large-12\"  >\n\t\t\t\t<div class=\"col-inner\"  >\n\t\t\t\n\t\t\t\n<h1><strong>2 \u2013 Crit\u00e9rios para aceita\u00e7\u00e3o, valida\u00e7\u00e3o e descredenciamento<\/strong>\u00a0<\/h1>\n<div>\n<p><span style=\"font-weight: 400;\">A fim de estabelecer crit\u00e9rios de aceita\u00e7\u00e3o, valida\u00e7\u00e3o e descredenciamento das empresas no Marketplace de Lawtechs da OAB SP, considerando as normativas da Comiss\u00e3o Interna da entidade, podem ser adotados os seguintes crit\u00e9rios:<\/span><\/p>\n<p><span style=\"font-weight: 400;\"><strong>Credenciamento pela OAB SP:<\/strong> A OAB SP ser\u00e1 respons\u00e1vel pelo processo de credenciamento das empresas de forma soberana, levando em considera\u00e7\u00e3o a adequa\u00e7\u00e3o das solu\u00e7\u00f5es oferecidas ao mercado jur\u00eddico, bem como a reputa\u00e7\u00e3o e a credibilidade das empresas.<\/span><\/p>\n<p><span style=\"font-weight: 400;\"><strong>Manuten\u00e7\u00e3o de alto padr\u00e3o de servi\u00e7os:<\/strong> As empresas credenciadas devem manter um alto padr\u00e3o de servi\u00e7os para os associados da OAB SP. Isso pode envolver a avalia\u00e7\u00e3o cont\u00ednua da qualidade dos servi\u00e7os, o atendimento satisfat\u00f3rio das demandas dos usu\u00e1rios e a resolu\u00e7\u00e3o adequada de eventuais problemas ou reclama\u00e7\u00f5es.<\/span><\/p>\n<p><span style=\"font-weight: 400;\"><strong>Avalia\u00e7\u00e3o pelos associados:<\/strong> A aprecia\u00e7\u00e3o negativa de um fornecedor pelos associados da OAB SP poder\u00e1 ser considerada como crit\u00e9rio para o descredenciamento do Marketplace. A percep\u00e7\u00e3o dos usu\u00e1rios em rela\u00e7\u00e3o \u00e0 qualidade dos servi\u00e7os fornecidos pelas empresas ser\u00e1 levada em conta na decis\u00e3o de manter ou eliminar um fornecedor do Marketplace.<\/span><\/p>\n<p><span style=\"font-weight: 400;\"><strong>Autodeclara\u00e7\u00e3o e zelo pela fidelidade:<\/strong> As empresas proponentes devem apresentar material de apresenta\u00e7\u00e3o autodeclarat\u00f3rio que confirme suas compet\u00eancias em rela\u00e7\u00e3o aos servi\u00e7os prestados. \u00c9 esperado que as empresas zelem pela fidelidade das informa\u00e7\u00f5es fornecidas, garantindo que elas correspondam \u00e0 realidade de seus produtos e servi\u00e7os.<\/span><\/p>\n<p><span style=\"font-weight: 400;\">Esses crit\u00e9rios visam garantir a sele\u00e7\u00e3o de empresas confi\u00e1veis e competentes para o Marketplace de Lawtechs da OAB SP, bem como assegurar a satisfa\u00e7\u00e3o e a qualidade dos servi\u00e7os oferecidos aos associados. A Comiss\u00e3o Interna da OAB SP ser\u00e1 respons\u00e1vel por estabelecer e aplicar esses crit\u00e9rios de forma consistente e transparente.<\/span><\/p>\n<\/div>\n\t\t<\/div>\n\t\t\t\t\t<\/div>\n\n\t\n<\/div>\n<div class=\"row\"  id=\"row-433509790\">\n\n\t<div id=\"col-2079843275\" class=\"col small-12 large-12\"  >\n\t\t\t\t<div class=\"col-inner\"  >\n\t\t\t\n\t\t\t\n<h1><strong>3 \u2013 Formul\u00e1rio com quest\u00f5es sobre sua empresa. N\u00e3o se esque\u00e7a de fazer uma descri\u00e7\u00e3o da sua empresa<\/strong><\/h1>\n<p>Para melhor avaliar as empresas e fornecer informa\u00e7\u00f5es claras e objetivas aos nossos usu\u00e1rios, solicitamos que respondam \u00e0s seguintes quest\u00f5es abaixo. Todas as informa\u00e7\u00f5es fornecidas devem ser verdadeiras e precisas. A empresa tamb\u00e9m dever\u00e1 encaminhar uma descri\u00e7\u00e3o de suas qualifica\u00e7\u00f5es e servi\u00e7os com 500 a 1.000 caracteres com espa\u00e7os. Caso a empresa seja aprovada, essa descri\u00e7\u00e3o ser\u00e1 utilizada como base para sua apresenta\u00e7\u00e3o no Marketplace, que poder\u00e1 ter seu texto editado a crit\u00e9rio da OAB SP. Junto com o formul\u00e1rio devidamente preenchido, dever\u00e1 ser encaminhada a logomarca da empresa na forma de arquivo vetorial.<\/p>\n<p><span style=\"font-weight: 400;\">*As empresas postulantes dever\u00e3o ser enquadradas em alguma das categorias de servi\u00e7os (ver item 1, acima). Caso a empresa n\u00e3o esteja enquadrada em alguma delas, a OAB SP determinar\u00e1 como ser\u00e1 feita a inser\u00e7\u00e3o no Marketplace.<\/span><\/p>\n<div class=\"row row-large row-dashed\"  id=\"row-488985052\">\n\n\t<div id=\"col-1612739850\" class=\"col medium-2 small-12 large-2\"  >\n\t\t\t\t<div class=\"col-inner\"  >\n\t\t\t\n\t\t\t\n\t\t<\/div>\n\t\t\t\t\t<\/div>\n\n\t\n\n\t<div id=\"col-1414767607\" class=\"col medium-8 small-12 large-8\"  >\n\t\t\t\t<div class=\"col-inner\" style=\"background-color:rgb(246, 246, 246);\" >\n\t\t\t\n\t\t\t\n\n<div class=\"wpcf7 no-js\" id=\"wpcf7-f1432-o1\" lang=\"pt-BR\" dir=\"ltr\" data-wpcf7-id=\"1432\">\n<div class=\"screen-reader-response\"><p role=\"status\" aria-live=\"polite\" aria-atomic=\"true\"><\/p> <ul><\/ul><\/div>\n<form action=\"\/oab\/wp-json\/wp\/v2\/pages\/1391#wpcf7-f1432-o1\" method=\"post\" class=\"wpcf7-form init\" aria-label=\"Formul\u00e1rios de contato\" enctype=\"multipart\/form-data\" novalidate=\"novalidate\" data-status=\"init\">\n<fieldset class=\"hidden-fields-container\"><input type=\"hidden\" name=\"_wpcf7\" value=\"1432\" \/><input type=\"hidden\" name=\"_wpcf7_version\" value=\"6.1.5\" \/><input type=\"hidden\" name=\"_wpcf7_locale\" value=\"pt_BR\" \/><input type=\"hidden\" name=\"_wpcf7_unit_tag\" value=\"wpcf7-f1432-o1\" \/><input type=\"hidden\" name=\"_wpcf7_container_post\" value=\"0\" \/><input type=\"hidden\" name=\"_wpcf7_posted_data_hash\" value=\"\" \/>\n<\/fieldset>\n<p><label> a) Qual \u00e9 o nome da sua empresa, nome fantasia e h\u00e1 quanto tempo ela est\u00e1 no mercado? <\/label><br \/>\n<span class=\"wpcf7-form-control-wrap\" data-name=\"textnomea-761\"><input size=\"40\" maxlength=\"400\" class=\"wpcf7-form-control wpcf7-text wpcf7-validates-as-required\" aria-required=\"true\" aria-invalid=\"false\" value=\"Nome, nome fantasia e tempo de atua\u00e7\u00e3o\" type=\"text\" name=\"textnomea-761\" \/><\/span>\n<\/p>\n<p><label> b) Qual \u00e9 a especialidade da sua empresa em termos de servi\u00e7os jur\u00eddicos?<\/label><br \/>\n<span class=\"wpcf7-form-control-wrap\" data-name=\"textespec-761\"><input size=\"40\" maxlength=\"400\" class=\"wpcf7-form-control wpcf7-text wpcf7-validates-as-required\" aria-required=\"true\" aria-invalid=\"false\" value=\"Especialidade\" type=\"text\" name=\"textespec-761\" \/><\/span>\n<\/p>\n<p><label> c) Os servi\u00e7os jur\u00eddicos oferecidos podem se enquadrar em alguma das categorias abaixo (ver item 1)? Se n\u00e3o, qual \u00e9 a categoria? Descreva de forma sucinta os servi\u00e7os (m\u00e1ximo de 180 caracteres com espa\u00e7os).<\/label><br \/>\n<span class=\"wpcf7-form-control-wrap\" data-name=\"Categ-600\"><select class=\"wpcf7-form-control wpcf7-select\" aria-invalid=\"false\" name=\"Categ-600\"><option value=\"ANALYTICS E JURIMETRIA\">ANALYTICS E JURIMETRIA<\/option><option value=\"AUTOMA\u00c7\u00c3O E GEST\u00c3O DE DOCUMENTOS\">AUTOMA\u00c7\u00c3O E GEST\u00c3O DE DOCUMENTOS<\/option><option value=\"CIVIC TECH\">CIVIC TECH<\/option><option value=\"COMPLIANCE\">COMPLIANCE<\/option><option value=\"CONTE\u00daDO JUR\u00cdDICO, EDUCA\u00c7\u00c3O E CONSULTORIA\">CONTE\u00daDO JUR\u00cdDICO, EDUCA\u00c7\u00c3O E CONSULTORIA<\/option><option value=\"EXTRA\u00c7\u00c3O E MONITORAMENTO DE DADOS P\u00daBLICOS\">EXTRA\u00c7\u00c3O E MONITORAMENTO DE DADOS P\u00daBLICOS<\/option><option value=\"GEST\u00c3O DE ESCRIT\u00d3RIOS E DEPARTAMENTOS JUR\u00cdDICOS\">GEST\u00c3O DE ESCRIT\u00d3RIOS E DEPARTAMENTOS JUR\u00cdDICOS<\/option><option value=\"IA \u2013 SETOR P\u00daBLICO\">IA \u2013 SETOR P\u00daBLICO<\/option><option value=\"LEGALFINTECH\">LEGALFINTECH<\/option><option value=\"MARKETING JUR\u00cdDICO\">MARKETING JUR\u00cdDICO<\/option><option value=\"PENALTECH\">PENALTECH<\/option><option value=\"PROVAS DIGITAIS ONLINE\">PROVAS DIGITAIS ONLINE<\/option><option value=\"REAL ESTATE TECH\">REAL ESTATE TECH<\/option><option value=\"REDES DE PROFISSIONAIS\">REDES DE PROFISSIONAIS<\/option><option value=\"REGTECH\">REGTECH<\/option><option value=\"RESOLU\u00c7\u00c3O DE CONFLITOS ONLINE\">RESOLU\u00c7\u00c3O DE CONFLITOS ONLINE<\/option><option value=\"TAXTECH\">TAXTECH<\/option><option value=\"TRADU\u00c7\u00c3O JUR\u00cdDICA COM IA\">TRADU\u00c7\u00c3O JUR\u00cdDICA COM IA<\/option><\/select><\/span><br \/>\n<span class=\"wpcf7-form-control-wrap\" data-name=\"categper-101\"><input size=\"40\" maxlength=\"400\" class=\"wpcf7-form-control wpcf7-text\" aria-invalid=\"false\" value=\"Digite a categoria\" type=\"text\" name=\"categper-101\" \/><\/span>\n<\/p>\n<p><span class=\"wpcf7-form-control-wrap\" data-name=\"textarea-401\"><textarea cols=\"40\" rows=\"10\" maxlength=\"2000\" class=\"wpcf7-form-control wpcf7-textarea wpcf7-validates-as-required\" aria-required=\"true\" aria-invalid=\"false\" name=\"textarea-401\">Descreva sua empresa com o m\u00ednimo de 500 caracteres e o m\u00e1ximo 1000<\/textarea><\/span>\n<\/p>\n<p><label> d) Qual \u00e9 o n\u00edvel de experi\u00eancia da empresa em rela\u00e7\u00e3o aos servi\u00e7os que oferecem?<\/label><br \/>\n<span class=\"wpcf7-form-control-wrap\" data-name=\"textd-224\"><input size=\"40\" maxlength=\"400\" class=\"wpcf7-form-control wpcf7-text\" aria-invalid=\"false\" value=\"Descreva\" type=\"text\" name=\"textd-224\" \/><\/span>\n<\/p>\n<p><label> e) Quais s\u00e3o as suas refer\u00eancias, hist\u00f3rico de projetos conclu\u00eddos e rela\u00e7\u00e3o de clientes da \u00e1rea jur\u00eddica?<\/label><br \/>\n<span class=\"wpcf7-form-control-wrap\" data-name=\"texte-224\"><input size=\"40\" maxlength=\"400\" class=\"wpcf7-form-control wpcf7-text\" aria-invalid=\"false\" value=\"Descreva\" type=\"text\" name=\"texte-224\" \/><\/span>\n<\/p>\n<p><label> f) Quais s\u00e3o as suas pol\u00edticas e procedimentos de seguran\u00e7a de dados?<\/label><br \/>\n<span class=\"wpcf7-form-control-wrap\" data-name=\"textf-224\"><input size=\"40\" maxlength=\"400\" class=\"wpcf7-form-control wpcf7-text\" aria-invalid=\"false\" value=\"Descreva\" type=\"text\" name=\"textf-224\" \/><\/span>\n<\/p>\n<p><label> g) Elabore uma descri\u00e7\u00e3o concisa e clara de sua empresa, abrangendo especialidade, infraestrutura e exemplos de clientes atendidos. Limite-se a 500 a 1.000 caracteres com espa\u00e7os. <\/label><br \/>\n<span class=\"wpcf7-form-control-wrap\" data-name=\"textarea-390\"><textarea cols=\"40\" rows=\"10\" maxlength=\"2000\" class=\"wpcf7-form-control wpcf7-textarea wpcf7-validates-as-required\" aria-required=\"true\" aria-invalid=\"false\" name=\"textarea-390\">Descreva sua empresa com o m\u00ednimo de 500 caracteres e o m\u00e1ximo 1000<\/textarea><\/span>\n<\/p>\n<p><label> h) Informe quais s\u00e3o os dados para o contato do usu\u00e1rio do Marketplace com a sua empresa: e-mail, telefone de contato e website.<\/label><br \/>\n<span class=\"wpcf7-form-control-wrap\" data-name=\"textf-224\"><input size=\"40\" maxlength=\"400\" class=\"wpcf7-form-control wpcf7-text\" aria-invalid=\"false\" value=\"Descreva\" type=\"text\" name=\"textf-224\" \/><\/span>\n<\/p>\n<p><label> i) Fa\u00e7a o upload do logo da empresa em boa resolu\u00e7\u00e3o:<\/label><br \/>\n<span class=\"wpcf7-form-control-wrap\" data-name=\"file-979\"><input size=\"40\" class=\"wpcf7-form-control wpcf7-file\" accept=\".jpg,.jpeg,.png\" aria-invalid=\"false\" type=\"file\" name=\"file-979\" \/><\/span>\n<\/p>\n<p><input class=\"wpcf7-form-control wpcf7-submit has-spinner\" type=\"submit\" value=\"Enviar para OAB SP\" \/>\n<\/p><p style=\"display: none !important;\" class=\"akismet-fields-container\" data-prefix=\"_wpcf7_ak_\"><label>&#916;<textarea name=\"_wpcf7_ak_hp_textarea\" cols=\"45\" rows=\"8\" maxlength=\"100\"><\/textarea><\/label><input type=\"hidden\" id=\"ak_js_1\" name=\"_wpcf7_ak_js\" value=\"220\"\/><script>document.getElementById( \"ak_js_1\" ).setAttribute( \"value\", ( new Date() ).getTime() );<\/script><\/p><div class=\"wpcf7-form-control-wrap maspik-field\">\n                <label for=\"full-name-maspik-hp\" class=\"wpcf7-form-control-label\">Leave this field empty<\/label>\n                <input size=\"1\" type=\"text\" autocomplete=\"off\" aria-hidden=\"true\" tabindex=\"-1\" aria-label=\"Leave this field empty\" name=\"full-name-maspik-hp\" id=\"full-name-maspik-hp\" class=\"wpcf7-form-control wpcf7-text\" placeholder=\"Leave this field empty\">\n            <\/div><div class=\"wpcf7-response-output\" aria-hidden=\"true\"><\/div>\n<\/form>\n<\/div>\n\n\t\t<\/div>\n\t\t\t\t\t<\/div>\n\n\t\n<\/div>\n\t\t<\/div>\n\t\t\t\t\t<\/div>\n\n\t\n<\/div>\n\t\t<\/div>\n\n\t\t\n<style>\n#section_843177198 {\n  padding-top: 0px;\n  padding-bottom: 0px;\n  min-height: 0px;\n}\n<\/style>\n\t<\/section>\n\t\n\n","protected":false},"excerpt":{"rendered":"","protected":false},"author":1,"featured_media":0,"parent":0,"menu_order":0,"comment_status":"closed","ping_status":"closed","template":"page-blank.php","meta":{"footnotes":""},"class_list":["post-1391","page","type-page","status-publish","hentry"],"_links":{"self":[{"href":"https:\/\/aprovacao.website\/oab\/wp-json\/wp\/v2\/pages\/1391","targetHints":{"allow":["GET"]}}],"collection":[{"href":"https:\/\/aprovacao.website\/oab\/wp-json\/wp\/v2\/pages"}],"about":[{"href":"https:\/\/aprovacao.website\/oab\/wp-json\/wp\/v2\/types\/page"}],"author":[{"embeddable":true,"href":"https:\/\/aprovacao.website\/oab\/wp-json\/wp\/v2\/users\/1"}],"replies":[{"embeddable":true,"href":"https:\/\/aprovacao.website\/oab\/wp-json\/wp\/v2\/comments?post=1391"}],"version-history":[{"count":12,"href":"https:\/\/aprovacao.website\/oab\/wp-json\/wp\/v2\/pages\/1391\/revisions"}],"predecessor-version":[{"id":1949,"href":"https:\/\/aprovacao.website\/oab\/wp-json\/wp\/v2\/pages\/1391\/revisions\/1949"}],"wp:attachment":[{"href":"https:\/\/aprovacao.website\/oab\/wp-json\/wp\/v2\/media?parent=1391"}],"curies":[{"name":"wp","href":"https:\/\/api.w.org\/{rel}","templated":true}]}}