{"id":814,"date":"2018-05-03T15:17:53","date_gmt":"2018-05-03T15:17:53","guid":{"rendered":"http:\/\/wpoffice\/enfold-lawyer\/?page_id=814"},"modified":"2021-03-25T10:28:45","modified_gmt":"2021-03-25T13:28:45","slug":"nosso-time","status":"publish","type":"page","link":"https:\/\/aprovacao.website\/novoaprado\/sobre\/nosso-time\/","title":{"rendered":"Nosso time"},"content":{"rendered":"<div id='av_section_1'  class='avia-section main_color avia-section-default avia-no-border-styling  avia-full-stretch av-section-color-overlay-active avia-bg-style-scroll  avia-builder-el-0  el_before_av_section  avia-builder-el-first   av-minimum-height av-minimum-height-custom  container_wrap fullsize' style='background-repeat: no-repeat; background-image: url(https:\/\/aprovacao.website\/novoaprado\/wp-content\/uploads\/2018\/05\/hero-skyscraper.jpg);background-attachment: scroll; background-position: center center;  '  data-section-bg-repeat='stretch'><div class='av-section-color-overlay-wrap'><div class='av-section-color-overlay' style='opacity: 0.6; background-color: #975647; '><\/div><div class='container' style='height:230px'><main  role=\"main\" itemprop=\"mainContentOfPage\"  class='template-page content  av-content-full alpha units'><div class='post-entry post-entry-type-page post-entry-814'><div class='entry-content-wrapper clearfix'>\n<div class=\"flex_column av_one_full  av-animated-generic left-to-right  flex_column_div av-zero-column-padding first  avia-builder-el-1  avia-builder-el-no-sibling  \" style='margin-top:0px; margin-bottom:0px; border-radius:0px; '><div  style='padding-bottom:0px; margin:0 0 0 0; color:#ffffff;font-size:5vw;' class='av-special-heading av-special-heading-h2 custom-color-heading blockquote modern-quote modern-centered  avia-builder-el-2  avia-builder-el-no-sibling  av-inherit-size '><h2 class='av-special-heading-tag '  itemprop=\"headline\"  >Nosso time<\/h2><div class='special-heading-border'><div class='special-heading-inner-border' style='border-color:#ffffff'><\/div><\/div><\/div><\/div>\n\n<\/div><\/div><\/main><!-- close content main element --><\/div><\/div><\/div><div id='av_section_2'  class='avia-section main_color avia-section-huge avia-no-border-styling  avia-bg-style-scroll  avia-builder-el-3  el_after_av_section  el_before_av_section   container_wrap fullsize' style=' '  ><div class='container' ><div class='template-page content  av-content-full alpha units'><div class='post-entry post-entry-type-page post-entry-814'><div class='entry-content-wrapper clearfix'>\n<div class=\"flex_column av_one_half  av-animated-generic left-to-right  flex_column_div av-zero-column-padding first  avia-builder-el-4  el_before_av_one_half  avia-builder-el-first  \" style='margin-top:0px; margin-bottom:0px; border-radius:3px; '><p><div  style='padding-bottom:10px; margin-top:15; ' class='av-special-heading av-special-heading-h2  blockquote modern-quote  avia-builder-el-5  el_before_av_textblock  avia-builder-el-first  '><h2 class='av-special-heading-tag '  itemprop=\"headline\"  >Nosso time<\/h2><div class='special-heading-border'><div class='special-heading-inner-border' ><\/div><\/div><\/div><br \/>\n<section class=\"av_textblock_section \"  itemscope=\"itemscope\" itemtype=\"https:\/\/schema.org\/CreativeWork\" ><div class='avia_textblock  '   itemprop=\"text\" ><p>Nossa equipe jur\u00eddica empresarial oferece servi\u00e7os completos e estrat\u00e9gicos para franqueadoras e varejistas. Nosso time \u00e9 experiente, assertivo e coeso.<\/p>\n<\/div><\/section><\/p><\/div><div class=\"flex_column av_one_half  av-animated-generic left-to-right  flex_column_div av-zero-column-padding   avia-builder-el-7  el_after_av_one_half  el_before_av_hr  \" style='margin-top:0px; margin-bottom:0px; border-radius:3px; '><p><div  style='padding-bottom:10px; margin-top:15; ' class='av-special-heading av-special-heading-h2  blockquote modern-quote  avia-builder-el-8  el_before_av_textblock  avia-builder-el-first  '><h2 class='av-special-heading-tag '  itemprop=\"headline\"  >Fa\u00e7a parte<\/h2><div class='special-heading-border'><div class='special-heading-inner-border' ><\/div><\/div><\/div><br \/>\n<section class=\"av_textblock_section \"  itemscope=\"itemscope\" itemtype=\"https:\/\/schema.org\/CreativeWork\" ><div class='avia_textblock  '   itemprop=\"text\" ><p>Estamos em constante evolu\u00e7\u00e3o, nosso time cresce junto com nossa carteira de clientes. Venha fazer parte da <strong>NovoaPrado. <\/strong>Envie seu curr\u00edculo<strong> aqui<\/strong><\/p>\n<\/div><\/section><\/p><\/div><div  style=' margin-top:50px; margin-bottom:0px;'  class='hr hr-custom hr-center hr-icon-yes   avia-builder-el-10  el_after_av_one_half  avia-builder-el-last '><span class='hr-inner  inner-border-av-border-thin' style=' width:50px; border-color:#d3d3d3; max-width:45%;' ><span class='hr-inner-style'><\/span><\/span><span class='av-seperator-icon' style='color:#072f4c;' aria-hidden='true' data-av_icon='' data-av_iconfont='justice'><\/span><span class='hr-inner  inner-border-av-border-thin' style=' width:50px; border-color:#d3d3d3; max-width:45%;' ><span class='hr-inner-style'><\/span><\/span><\/div>\n\n<\/div><\/div><\/div><!-- close content main div --><\/div><\/div><div id='av_section_3'  class='avia-section main_color avia-section-default avia-no-border-styling  avia-bg-style-scroll  avia-builder-el-11  el_after_av_section  el_before_av_section   container_wrap fullsize' style='background-color: #54312b;  '  ><div class='container' ><div class='template-page content  av-content-full alpha units'><div class='post-entry post-entry-type-page post-entry-814'><div class='entry-content-wrapper clearfix'>\n<div class=\"flex_column av_two_fifth  av-animated-generic left-to-right  flex_column_div av-zero-column-padding first  avia-builder-el-12  el_before_av_three_fifth  avia-builder-el-first  \" style='margin-top:0px; margin-bottom:0px; border-radius:3px; '><div  class='avia-image-container  av-styling-    avia-builder-el-13  avia-builder-el-no-sibling  avia-align-center '  itemprop=\"image\" itemscope=\"itemscope\" itemtype=\"https:\/\/schema.org\/ImageObject\"  ><div class='avia-image-container-inner'><div class='avia-image-overlay-wrap'><img decoding=\"async\" class='wp-image-1337 avia-img-lazy-loading-not-1337 avia_image' src=\"https:\/\/aprovacao.website\/novoaprado\/wp-content\/uploads\/2021\/03\/1-300x300.jpg\" alt='' title='1' height=\"300\" width=\"300\"  itemprop=\"thumbnailUrl\" srcset=\"https:\/\/aprovacao.website\/novoaprado\/wp-content\/uploads\/2021\/03\/1-300x300.jpg 300w, https:\/\/aprovacao.website\/novoaprado\/wp-content\/uploads\/2021\/03\/1-1030x1030.jpg 1030w, https:\/\/aprovacao.website\/novoaprado\/wp-content\/uploads\/2021\/03\/1-80x80.jpg 80w, https:\/\/aprovacao.website\/novoaprado\/wp-content\/uploads\/2021\/03\/1-768x768.jpg 768w, https:\/\/aprovacao.website\/novoaprado\/wp-content\/uploads\/2021\/03\/1-36x36.jpg 36w, https:\/\/aprovacao.website\/novoaprado\/wp-content\/uploads\/2021\/03\/1-180x180.jpg 180w, https:\/\/aprovacao.website\/novoaprado\/wp-content\/uploads\/2021\/03\/1-705x705.jpg 705w, https:\/\/aprovacao.website\/novoaprado\/wp-content\/uploads\/2021\/03\/1.jpg 1080w\" sizes=\"(max-width: 300px) 100vw, 300px\" \/><\/div><\/div><\/div><\/div><div class=\"flex_column av_three_fifth  av-animated-generic left-to-right  flex_column_div av-zero-column-padding   avia-builder-el-14  el_after_av_two_fifth  avia-builder-el-last  \" style='margin-top:0px; margin-bottom:0px; border-radius:3px; '><p><div  style='padding-bottom:10px; color:#ffffff;font-size:30px;' class='av-special-heading av-special-heading-h3 custom-color-heading blockquote modern-quote  avia-builder-el-15  el_before_av_textblock  avia-builder-el-first  av-inherit-size '><h3 class='av-special-heading-tag '  itemprop=\"headline\"  >CAROLINE VERDOT DE OLIM KERRY<\/h3><div class ='av-subheading av-subheading_below av_custom_color ' style='font-size:15px;'><p>Advogada<\/p>\n<\/div><div class='special-heading-border'><div class='special-heading-inner-border' style='border-color:#ffffff'><\/div><\/div><\/div><br \/>\n<section class=\"av_textblock_section \"  itemscope=\"itemscope\" itemtype=\"https:\/\/schema.org\/CreativeWork\" ><div class='avia_textblock  av_inherit_color '  style='color:#ffffff; '  itemprop=\"text\" ><p>Formada em Direito pela Faculdades Metropolitanas Unidas (FMU) em S\u00e3o Paulo, p\u00f3s-graduada em Direito Contratual pela Pontif\u00edcia Universidade Cat\u00f3lica de S\u00e3o Paulo \u2013 COGEAE. Coordenadora Jur\u00eddica e atua na \u00e1rea de consultoria e contratos com especialidade em varejo, franchising e direito civil.<\/p>\n<\/div><\/section><\/p><\/div>\n\n<\/div><\/div><\/div><!-- close content main div --><\/div><\/div><div id='av_section_4'  class='avia-section main_color avia-section-default avia-no-border-styling  avia-bg-style-scroll  avia-builder-el-17  el_after_av_section  el_before_av_section   container_wrap fullsize' style=' '  ><div class='container' ><div class='template-page content  av-content-full alpha units'><div class='post-entry post-entry-type-page post-entry-814'><div class='entry-content-wrapper clearfix'>\n<div class=\"flex_column av_two_fifth  av-animated-generic left-to-right  flex_column_div av-zero-column-padding first  avia-builder-el-18  el_before_av_three_fifth  avia-builder-el-first  \" style='margin-top:0px; margin-bottom:0px; border-radius:3px; '><div  class='avia-image-container  av-styling-    avia-builder-el-19  avia-builder-el-no-sibling  avia-align-center '  itemprop=\"image\" itemscope=\"itemscope\" itemtype=\"https:\/\/schema.org\/ImageObject\"  ><div class='avia-image-container-inner'><div class='avia-image-overlay-wrap'><img decoding=\"async\" class='wp-image-1340 avia-img-lazy-loading-not-1340 avia_image' src=\"https:\/\/aprovacao.website\/novoaprado\/wp-content\/uploads\/2021\/03\/4-300x300.jpg\" alt='' title='4' height=\"300\" width=\"300\"  itemprop=\"thumbnailUrl\" srcset=\"https:\/\/aprovacao.website\/novoaprado\/wp-content\/uploads\/2021\/03\/4-300x300.jpg 300w, https:\/\/aprovacao.website\/novoaprado\/wp-content\/uploads\/2021\/03\/4-1030x1030.jpg 1030w, https:\/\/aprovacao.website\/novoaprado\/wp-content\/uploads\/2021\/03\/4-80x80.jpg 80w, https:\/\/aprovacao.website\/novoaprado\/wp-content\/uploads\/2021\/03\/4-768x768.jpg 768w, https:\/\/aprovacao.website\/novoaprado\/wp-content\/uploads\/2021\/03\/4-36x36.jpg 36w, https:\/\/aprovacao.website\/novoaprado\/wp-content\/uploads\/2021\/03\/4-180x180.jpg 180w, https:\/\/aprovacao.website\/novoaprado\/wp-content\/uploads\/2021\/03\/4-705x705.jpg 705w, https:\/\/aprovacao.website\/novoaprado\/wp-content\/uploads\/2021\/03\/4.jpg 1080w\" sizes=\"(max-width: 300px) 100vw, 300px\" \/><\/div><\/div><\/div><\/div><div class=\"flex_column av_three_fifth  av-animated-generic left-to-right  flex_column_div av-zero-column-padding   avia-builder-el-20  el_after_av_two_fifth  avia-builder-el-last  \" style='margin-top:0px; margin-bottom:0px; border-radius:3px; '><p><div  style='padding-bottom:10px; font-size:30px;' class='av-special-heading av-special-heading-h3 custom-color-heading blockquote modern-quote  avia-builder-el-21  el_before_av_textblock  avia-builder-el-first  av-inherit-size '><h3 class='av-special-heading-tag '  itemprop=\"headline\"  >LARAH GOTTO FELIX<\/h3><div class ='av-subheading av-subheading_below  ' style='font-size:15px;'><p>Advogada<\/p>\n<\/div><div class='special-heading-border'><div class='special-heading-inner-border' ><\/div><\/div><\/div><br \/>\n<section class=\"av_textblock_section \"  itemscope=\"itemscope\" itemtype=\"https:\/\/schema.org\/CreativeWork\" ><div class='avia_textblock  av_inherit_color '   itemprop=\"text\" ><p>Graduada em 2012 pela Universidade Presbiterana Mackenzie. Cursando P\u00f3s Gradua\u00e7\u00e3o em Propriedade Intelectual, Entretenimento e M\u00eddia pela Escola Superior da Advocacia da OAB\/SP. Larga atua\u00e7\u00e3o consultiva nas \u00e1reas de Contratos, Propriedade Intelectual e Fashion Law.<\/p>\n<p><strong>Idiomas:<\/strong> Ingl\u00eas, Espanhol e Italiano<\/p>\n<\/div><\/section><\/p><\/div><\/div><\/div><\/div><!-- close content main div --><\/div><\/div><div id='av_section_5'  class='avia-section main_color avia-section-default avia-no-border-styling  avia-bg-style-scroll  avia-builder-el-23  el_after_av_section  el_before_av_section   container_wrap fullsize' style='background-color: #54312b;  '  ><div class='container' ><div class='template-page content  av-content-full alpha units'><div class='post-entry post-entry-type-page post-entry-814'><div class='entry-content-wrapper clearfix'>\n<div class=\"flex_column av_two_fifth  av-animated-generic left-to-right  flex_column_div av-zero-column-padding first  avia-builder-el-24  el_before_av_three_fifth  avia-builder-el-first  \" style='margin-top:0px; margin-bottom:0px; border-radius:3px; '><div  class='avia-image-container  av-styling-    avia-builder-el-25  avia-builder-el-no-sibling  avia-align-center '  itemprop=\"image\" itemscope=\"itemscope\" itemtype=\"https:\/\/schema.org\/ImageObject\"  ><div class='avia-image-container-inner'><div class='avia-image-overlay-wrap'><img decoding=\"async\" class='wp-image-1342 avia-img-lazy-loading-not-1342 avia_image' src=\"https:\/\/aprovacao.website\/novoaprado\/wp-content\/uploads\/2021\/03\/6-300x300.jpg\" alt='' title='6' height=\"300\" width=\"300\"  itemprop=\"thumbnailUrl\" srcset=\"https:\/\/aprovacao.website\/novoaprado\/wp-content\/uploads\/2021\/03\/6-300x300.jpg 300w, https:\/\/aprovacao.website\/novoaprado\/wp-content\/uploads\/2021\/03\/6-1030x1030.jpg 1030w, https:\/\/aprovacao.website\/novoaprado\/wp-content\/uploads\/2021\/03\/6-80x80.jpg 80w, https:\/\/aprovacao.website\/novoaprado\/wp-content\/uploads\/2021\/03\/6-768x768.jpg 768w, https:\/\/aprovacao.website\/novoaprado\/wp-content\/uploads\/2021\/03\/6-36x36.jpg 36w, https:\/\/aprovacao.website\/novoaprado\/wp-content\/uploads\/2021\/03\/6-180x180.jpg 180w, https:\/\/aprovacao.website\/novoaprado\/wp-content\/uploads\/2021\/03\/6-705x705.jpg 705w, https:\/\/aprovacao.website\/novoaprado\/wp-content\/uploads\/2021\/03\/6.jpg 1080w\" sizes=\"(max-width: 300px) 100vw, 300px\" \/><\/div><\/div><\/div><\/div><div class=\"flex_column av_three_fifth  av-animated-generic left-to-right  flex_column_div av-zero-column-padding   avia-builder-el-26  el_after_av_two_fifth  avia-builder-el-last  \" style='margin-top:0px; margin-bottom:0px; border-radius:3px; '><p><div  style='padding-bottom:10px; color:#ffffff;font-size:30px;' class='av-special-heading av-special-heading-h3 custom-color-heading blockquote modern-quote  avia-builder-el-27  el_before_av_textblock  avia-builder-el-first  av-inherit-size '><h3 class='av-special-heading-tag '  itemprop=\"headline\"  >GABRIELA MOLLO<\/h3><div class ='av-subheading av-subheading_below av_custom_color ' style='font-size:15px;'><p>Advogada<\/p>\n<\/div><div class='special-heading-border'><div class='special-heading-inner-border' style='border-color:#ffffff'><\/div><\/div><\/div><br \/>\n<section class=\"av_textblock_section \"  itemscope=\"itemscope\" itemtype=\"https:\/\/schema.org\/CreativeWork\" ><div class='avia_textblock  av_inherit_color '  style='color:#ffffff; '  itemprop=\"text\" ><p>Formada em Direito pela Pontif\u00edcia Universidade Cat\u00f3lica de S\u00e3o Paulo e p\u00f3s graduanda em Fashion Law na Universidade Presbiteriana Mackenzie.<\/p>\n<p>Advogada e atua na \u00e1rea de consultoria e contratos com especialidade em varejo, franchising e direito civil.<\/p>\n<\/div><\/section><\/p><\/div>\n<\/p>\n<\/div><\/div><\/div><!-- close content main div --><\/div><\/div><div id='av_section_6'  class='avia-section main_color avia-section-default avia-no-border-styling  avia-bg-style-scroll  avia-builder-el-29  el_after_av_section  el_before_av_section   container_wrap fullsize' style=' '  ><div class='container' ><div class='template-page content  av-content-full alpha units'><div class='post-entry post-entry-type-page post-entry-814'><div class='entry-content-wrapper clearfix'>\n<div class=\"flex_column av_two_fifth  av-animated-generic left-to-right  flex_column_div av-zero-column-padding first  avia-builder-el-30  el_before_av_three_fifth  avia-builder-el-first  \" style='margin-top:0px; margin-bottom:0px; border-radius:3px; '><div  class='avia-image-container  av-styling-    avia-builder-el-31  avia-builder-el-no-sibling  avia-align-center '  itemprop=\"image\" itemscope=\"itemscope\" itemtype=\"https:\/\/schema.org\/ImageObject\"  ><div class='avia-image-container-inner'><div class='avia-image-overlay-wrap'><img decoding=\"async\" class='wp-image-1343 avia-img-lazy-loading-not-1343 avia_image' src=\"https:\/\/aprovacao.website\/novoaprado\/wp-content\/uploads\/2021\/03\/7-300x300.jpg\" alt='' title='7' height=\"300\" width=\"300\"  itemprop=\"thumbnailUrl\" srcset=\"https:\/\/aprovacao.website\/novoaprado\/wp-content\/uploads\/2021\/03\/7-300x300.jpg 300w, https:\/\/aprovacao.website\/novoaprado\/wp-content\/uploads\/2021\/03\/7-1030x1030.jpg 1030w, https:\/\/aprovacao.website\/novoaprado\/wp-content\/uploads\/2021\/03\/7-80x80.jpg 80w, https:\/\/aprovacao.website\/novoaprado\/wp-content\/uploads\/2021\/03\/7-768x768.jpg 768w, https:\/\/aprovacao.website\/novoaprado\/wp-content\/uploads\/2021\/03\/7-36x36.jpg 36w, https:\/\/aprovacao.website\/novoaprado\/wp-content\/uploads\/2021\/03\/7-180x180.jpg 180w, https:\/\/aprovacao.website\/novoaprado\/wp-content\/uploads\/2021\/03\/7-705x705.jpg 705w, https:\/\/aprovacao.website\/novoaprado\/wp-content\/uploads\/2021\/03\/7.jpg 1080w\" sizes=\"(max-width: 300px) 100vw, 300px\" \/><\/div><\/div><\/div><\/div><div class=\"flex_column av_three_fifth  av-animated-generic left-to-right  flex_column_div av-zero-column-padding   avia-builder-el-32  el_after_av_two_fifth  avia-builder-el-last  \" style='margin-top:0px; margin-bottom:0px; border-radius:3px; '><p><div  style='padding-bottom:10px; font-size:30px;' class='av-special-heading av-special-heading-h3  blockquote modern-quote  avia-builder-el-33  el_before_av_textblock  avia-builder-el-first  av-inherit-size '><h3 class='av-special-heading-tag '  itemprop=\"headline\"  >THAMARA DE CARVALHO FLORIANO<\/h3><div class ='av-subheading av-subheading_below  ' style='font-size:15px;'><p>Advogada<\/p>\n<\/div><div class='special-heading-border'><div class='special-heading-inner-border' ><\/div><\/div><\/div><br \/>\n<section class=\"av_textblock_section \"  itemscope=\"itemscope\" itemtype=\"https:\/\/schema.org\/CreativeWork\" ><div class='avia_textblock  av_inherit_color '   itemprop=\"text\" ><p>Formada em Direito pela Universidade Cruzeiro do Sul \u2013 Campus An\u00e1lia Franco.<\/p>\n<p>Assistente Jur\u00eddico na \u00e1rea de consultoria e contratos com especialidade em varejo, franchising e direito civil.<\/p>\n<\/div><\/section><\/p><\/div>\n\n<\/div><\/div><\/div><!-- close content main div --><\/div><\/div><div id='av_section_7'  class='avia-section main_color avia-section-default avia-no-border-styling  avia-bg-style-scroll  avia-builder-el-35  el_after_av_section  el_before_av_section   container_wrap fullsize' style='background-color: #54312b;  '  ><div class='container' ><div class='template-page content  av-content-full alpha units'><div class='post-entry post-entry-type-page post-entry-814'><div class='entry-content-wrapper clearfix'>\n<div class=\"flex_column av_two_fifth  av-animated-generic left-to-right  flex_column_div av-zero-column-padding first  avia-builder-el-36  el_before_av_three_fifth  avia-builder-el-first  \" style='margin-top:0px; margin-bottom:0px; border-radius:3px; '><div  class='avia-image-container  av-styling-    avia-builder-el-37  avia-builder-el-no-sibling  avia-align-center '  itemprop=\"image\" itemscope=\"itemscope\" itemtype=\"https:\/\/schema.org\/ImageObject\"  ><div class='avia-image-container-inner'><div class='avia-image-overlay-wrap'><img decoding=\"async\" class='wp-image-1380 avia-img-lazy-loading-not-1380 avia_image' src=\"https:\/\/aprovacao.website\/novoaprado\/wp-content\/uploads\/2021\/03\/Design-sem-nome-1-300x300.jpg\" alt='' title='Design sem nome (1)' height=\"300\" width=\"300\"  itemprop=\"thumbnailUrl\" srcset=\"https:\/\/aprovacao.website\/novoaprado\/wp-content\/uploads\/2021\/03\/Design-sem-nome-1-300x300.jpg 300w, https:\/\/aprovacao.website\/novoaprado\/wp-content\/uploads\/2021\/03\/Design-sem-nome-1-1030x1030.jpg 1030w, https:\/\/aprovacao.website\/novoaprado\/wp-content\/uploads\/2021\/03\/Design-sem-nome-1-80x80.jpg 80w, https:\/\/aprovacao.website\/novoaprado\/wp-content\/uploads\/2021\/03\/Design-sem-nome-1-768x768.jpg 768w, https:\/\/aprovacao.website\/novoaprado\/wp-content\/uploads\/2021\/03\/Design-sem-nome-1-36x36.jpg 36w, https:\/\/aprovacao.website\/novoaprado\/wp-content\/uploads\/2021\/03\/Design-sem-nome-1-180x180.jpg 180w, https:\/\/aprovacao.website\/novoaprado\/wp-content\/uploads\/2021\/03\/Design-sem-nome-1-705x705.jpg 705w, https:\/\/aprovacao.website\/novoaprado\/wp-content\/uploads\/2021\/03\/Design-sem-nome-1.jpg 1080w\" sizes=\"(max-width: 300px) 100vw, 300px\" \/><\/div><\/div><\/div><\/div><div class=\"flex_column av_three_fifth  av-animated-generic left-to-right  flex_column_div av-zero-column-padding   avia-builder-el-38  el_after_av_two_fifth  avia-builder-el-last  \" style='margin-top:0px; margin-bottom:0px; border-radius:3px; '><p><div  style='padding-bottom:10px; color:#ffffff;font-size:30px;' class='av-special-heading av-special-heading-h3 custom-color-heading blockquote modern-quote  avia-builder-el-39  el_before_av_textblock  avia-builder-el-first  av-inherit-size '><h3 class='av-special-heading-tag '  itemprop=\"headline\"  >GL\u00d3RIA STEFANY FONSECA DE OLIVEIRA <\/h3><div class ='av-subheading av-subheading_below av_custom_color ' style='font-size:15px;'><p>Advogada<\/p>\n<\/div><div class='special-heading-border'><div class='special-heading-inner-border' style='border-color:#ffffff'><\/div><\/div><\/div><br \/>\n<section class=\"av_textblock_section \"  itemscope=\"itemscope\" itemtype=\"https:\/\/schema.org\/CreativeWork\" ><div class='avia_textblock  av_inherit_color '  style='color:#ffffff; '  itemprop=\"text\" ><p>Formada em Direito pela Universidade (UNIP) em S\u00e3o Paulo e atua na \u00e1rea de contencioso c\u00edvel, com especialidade em varejo, franchising e direito civil.<\/p>\n<\/div><\/section><\/p><\/div>\n\n<\/div><\/div><\/div><!-- close content main div --><\/div><\/div><div id='av_section_8'  class='avia-section main_color avia-section-default avia-no-border-styling  avia-bg-style-scroll  avia-builder-el-41  el_after_av_section  avia-builder-el-last   container_wrap fullsize' style=' '  ><div class='container' ><div class='template-page content  av-content-full alpha units'><div class='post-entry post-entry-type-page post-entry-814'><div class='entry-content-wrapper clearfix'>\n<div class=\"flex_column av_two_fifth  av-animated-generic left-to-right  flex_column_div av-zero-column-padding first  avia-builder-el-42  el_before_av_three_fifth  avia-builder-el-first  \" style='margin-top:0px; margin-bottom:0px; border-radius:3px; '><div  class='avia-image-container  av-styling-    avia-builder-el-43  avia-builder-el-no-sibling  avia-align-center '  itemprop=\"image\" itemscope=\"itemscope\" itemtype=\"https:\/\/schema.org\/ImageObject\"  ><div class='avia-image-container-inner'><div class='avia-image-overlay-wrap'><img decoding=\"async\" class='wp-image-1445 avia-img-lazy-loading-not-1445 avia_image' src=\"https:\/\/aprovacao.website\/novoaprado\/wp-content\/uploads\/2021\/03\/Design-sem-nome-2-300x300.jpg\" alt='' title='Design sem nome' height=\"300\" width=\"300\"  itemprop=\"thumbnailUrl\" srcset=\"https:\/\/aprovacao.website\/novoaprado\/wp-content\/uploads\/2021\/03\/Design-sem-nome-2-300x300.jpg 300w, https:\/\/aprovacao.website\/novoaprado\/wp-content\/uploads\/2021\/03\/Design-sem-nome-2-1030x1030.jpg 1030w, https:\/\/aprovacao.website\/novoaprado\/wp-content\/uploads\/2021\/03\/Design-sem-nome-2-80x80.jpg 80w, https:\/\/aprovacao.website\/novoaprado\/wp-content\/uploads\/2021\/03\/Design-sem-nome-2-768x768.jpg 768w, https:\/\/aprovacao.website\/novoaprado\/wp-content\/uploads\/2021\/03\/Design-sem-nome-2-36x36.jpg 36w, https:\/\/aprovacao.website\/novoaprado\/wp-content\/uploads\/2021\/03\/Design-sem-nome-2-180x180.jpg 180w, https:\/\/aprovacao.website\/novoaprado\/wp-content\/uploads\/2021\/03\/Design-sem-nome-2-705x705.jpg 705w, https:\/\/aprovacao.website\/novoaprado\/wp-content\/uploads\/2021\/03\/Design-sem-nome-2.jpg 1080w\" sizes=\"(max-width: 300px) 100vw, 300px\" \/><\/div><\/div><\/div><\/div><div class=\"flex_column av_three_fifth  av-animated-generic left-to-right  flex_column_div av-zero-column-padding   avia-builder-el-44  el_after_av_two_fifth  avia-builder-el-last  \" style='margin-top:0px; margin-bottom:0px; border-radius:3px; '><p><div  style='padding-bottom:10px; font-size:30px;' class='av-special-heading av-special-heading-h3  blockquote modern-quote  avia-builder-el-45  el_before_av_textblock  avia-builder-el-first  av-inherit-size '><h3 class='av-special-heading-tag '  itemprop=\"headline\"  >ALINE ROSSI BERKELMANS<\/h3><div class ='av-subheading av-subheading_below  ' style='font-size:15px;'><p>Advogada<\/p>\n<\/div><div class='special-heading-border'><div class='special-heading-inner-border' ><\/div><\/div><\/div><br \/>\n<section class=\"av_textblock_section \"  itemscope=\"itemscope\" itemtype=\"https:\/\/schema.org\/CreativeWork\" ><div class='avia_textblock  av_inherit_color '   itemprop=\"text\" ><p>Formada em Direito pela Universidade Paulista (UNIP) em S\u00e3o Paulo e atua na \u00e1rea de consultoria e contratos com especialidade em varejo, franchising e direito civil.<\/p>\n<\/div><\/section><\/p><\/div>\n\n","protected":false},"excerpt":{"rendered":"","protected":false},"author":1,"featured_media":852,"parent":154,"menu_order":0,"comment_status":"closed","ping_status":"closed","template":"","meta":{"footnotes":""},"class_list":["post-814","page","type-page","status-publish","has-post-thumbnail","hentry"],"_links":{"self":[{"href":"https:\/\/aprovacao.website\/novoaprado\/wp-json\/wp\/v2\/pages\/814","targetHints":{"allow":["GET"]}}],"collection":[{"href":"https:\/\/aprovacao.website\/novoaprado\/wp-json\/wp\/v2\/pages"}],"about":[{"href":"https:\/\/aprovacao.website\/novoaprado\/wp-json\/wp\/v2\/types\/page"}],"author":[{"embeddable":true,"href":"https:\/\/aprovacao.website\/novoaprado\/wp-json\/wp\/v2\/users\/1"}],"replies":[{"embeddable":true,"href":"https:\/\/aprovacao.website\/novoaprado\/wp-json\/wp\/v2\/comments?post=814"}],"version-history":[{"count":19,"href":"https:\/\/aprovacao.website\/novoaprado\/wp-json\/wp\/v2\/pages\/814\/revisions"}],"predecessor-version":[{"id":1510,"href":"https:\/\/aprovacao.website\/novoaprado\/wp-json\/wp\/v2\/pages\/814\/revisions\/1510"}],"up":[{"embeddable":true,"href":"https:\/\/aprovacao.website\/novoaprado\/wp-json\/wp\/v2\/pages\/154"}],"wp:featuredmedia":[{"embeddable":true,"href":"https:\/\/aprovacao.website\/novoaprado\/wp-json\/wp\/v2\/media\/852"}],"wp:attachment":[{"href":"https:\/\/aprovacao.website\/novoaprado\/wp-json\/wp\/v2\/media?parent=814"}],"curies":[{"name":"wp","href":"https:\/\/api.w.org\/{rel}","templated":true}]}}