{"id":344,"date":"2018-04-03T07:06:47","date_gmt":"2018-04-03T07:06:47","guid":{"rendered":"http:\/\/wp\/portfolio-light\/?page_id=344"},"modified":"2021-03-23T15:09:32","modified_gmt":"2021-03-23T18:09:32","slug":"noticias","status":"publish","type":"page","link":"https:\/\/aprovacao.website\/novoaprado\/noticias\/","title":{"rendered":"Not\u00edcias"},"content":{"rendered":"<div id='av_section_1'  class='avia-section main_color avia-section-default avia-no-border-styling  avia-full-stretch av-section-color-overlay-active avia-bg-style-scroll  avia-builder-el-0  el_before_av_section  avia-builder-el-first   av-minimum-height av-minimum-height-custom  container_wrap fullsize' style='background-repeat: no-repeat; background-image: url(https:\/\/aprovacao.website\/novoaprado\/wp-content\/uploads\/2018\/05\/hero-blurred.jpg);background-attachment: scroll; background-position: center center;  '  data-section-bg-repeat='stretch'><div class='av-section-color-overlay-wrap'><div class='av-section-color-overlay' style='opacity: 0.6; background-color: #54312b; '><\/div><div class='container' style='height:230px'><main  role=\"main\" itemprop=\"mainContentOfPage\"  class='template-page content  av-content-full alpha units'><div class='post-entry post-entry-type-page post-entry-344'><div class='entry-content-wrapper clearfix'>\n<div class=\"flex_column av_one_full  av-animated-generic left-to-right  flex_column_div av-zero-column-padding first  avia-builder-el-1  avia-builder-el-no-sibling  \" style='margin-top:0px; margin-bottom:0px; border-radius:0px; '><div  style='padding-bottom:0px; margin:0 0 0 0; color:#ffffff;font-size:5vw;' class='av-special-heading av-special-heading-h2 custom-color-heading blockquote modern-quote modern-centered  avia-builder-el-2  avia-builder-el-no-sibling  av-inherit-size '><h2 class='av-special-heading-tag '  itemprop=\"headline\"  >Not\u00edcias<\/h2><div class='special-heading-border'><div class='special-heading-inner-border' style='border-color:#ffffff'><\/div><\/div><\/div><\/div><\/div><\/div><\/main><!-- close content main element --><\/div><\/div><\/div><div id='av_section_2'  class='avia-section main_color avia-section-huge avia-no-shadow  avia-bg-style-scroll  avia-builder-el-3  el_after_av_section  avia-builder-el-last   container_wrap fullsize' style=' '  ><div class='container' ><div class='template-page content  av-content-full alpha units'><div class='post-entry post-entry-type-page post-entry-344'><div class='entry-content-wrapper clearfix'>\n<div class=\"flex_column av_one_full  av-animated-generic fade-in  flex_column_div av-zero-column-padding first  avia-builder-el-4  avia-builder-el-no-sibling  \" style='margin-top:0px; margin-bottom:0px; border-radius:0px; '><div id='av-masonry-1' class='av-masonry  noHover av-fixed-size av-large-gap av-hover-overlay-active av-masonry-animation-active av-masonry-col-4 av-caption-always av-caption-style-  av-orientation-portrait-large  '  ><div class='av-masonry-container isotope av-js-disabled ' ><div class='av-masonry-entry isotope-item av-masonry-item-no-image '><\/div><a href=\"https:\/\/aprovacao.website\/novoaprado\/2021\/03\/09\/perdas-e-ganhos-das-franquias-na-pandemia-2\/\"  id='av-masonry-1-item-1148' data-av-masonry-item='1148' class='av-masonry-entry isotope-item post-1148 post type-post status-publish format-standard has-post-thumbnail hentry category-gestao-de-varejo-e-franchising  av-masonry-item-with-image' title=\"15\"  itemscope=\"itemscope\" itemtype=\"https:\/\/schema.org\/CreativeWork\" ><div class='av-inner-masonry-sizer'><\/div><figure class='av-inner-masonry main_color'><div class=\"av-masonry-outerimage-container\"><div class=\"av-masonry-image-container\" style=\"background-image: url(https:\/\/aprovacao.website\/novoaprado\/wp-content\/uploads\/2021\/03\/15-705x348.png);\" title=\"15\" ><\/div><\/div><figcaption class='av-inner-masonry-content site-background'><div class='av-inner-masonry-content-pos'><div class='av-inner-masonry-content-pos-content'><div class='avia-arrow'><\/div><h3 class='av-masonry-entry-title entry-title '  itemprop=\"headline\" >Perdas e ganhos das franquias na pandemia<\/h3><div class='av-masonry-entry-content entry-content'  itemprop=\"text\" >Reading Time: 5 minutes<br \/>\r\nPor Melitha Novoa Prado*<br \/>\r\n<br \/>\r\nCom boa\u2026<\/div><span class='av-masonry-date meta-color updated'>mar\u00e7o 9, 2021<\/span><span class=\"av-masonry-text-sep text-sep-author\">\/<\/span><span class='av-masonry-author meta-color author'><span class='fn'>por Patricia<\/span><\/span><\/div><\/div><\/figcaption><\/figure><\/a><!--end av-masonry entry--><a href=\"https:\/\/aprovacao.website\/novoaprado\/2021\/03\/09\/por-que-a-nova-lei-de-franquias-exige-mais-transparencia-na-relacao-entre-franqueador-e-franqueados\/\"  id='av-masonry-1-item-1142' data-av-masonry-item='1142' class='av-masonry-entry isotope-item post-1142 post type-post status-publish format-standard has-post-thumbnail hentry category-aspectos-legais-de-varejo-e-franchising  av-masonry-item-with-image' title=\"13\"  itemscope=\"itemscope\" itemtype=\"https:\/\/schema.org\/CreativeWork\" ><div class='av-inner-masonry-sizer'><\/div><figure class='av-inner-masonry main_color'><div class=\"av-masonry-outerimage-container\"><div class=\"av-masonry-image-container\" style=\"background-image: url(https:\/\/aprovacao.website\/novoaprado\/wp-content\/uploads\/2021\/03\/13-705x350.png);\" title=\"13\" ><\/div><\/div><figcaption class='av-inner-masonry-content site-background'><div class='av-inner-masonry-content-pos'><div class='av-inner-masonry-content-pos-content'><div class='avia-arrow'><\/div><h3 class='av-masonry-entry-title entry-title '  itemprop=\"headline\" >Por que a nova lei de franquias exige mais transpar\u00eancia na rela\u00e7\u00e3o entre franqueador e franqueados<\/h3><div class='av-masonry-entry-content entry-content'  itemprop=\"text\" >Reading Time: 3 minutes<br \/>\r\n<br \/>\r\nAp\u00f3s 25 anos, a lei de franchishing\u2026<\/div><span class='av-masonry-date meta-color updated'>mar\u00e7o 9, 2021<\/span><span class=\"av-masonry-text-sep text-sep-author\">\/<\/span><span class='av-masonry-author meta-color author'><span class='fn'>por Patricia<\/span><\/span><\/div><\/div><\/figcaption><\/figure><\/a><!--end av-masonry entry--><a href=\"https:\/\/aprovacao.website\/novoaprado\/2021\/03\/09\/repasse-da-unidade-franqueada-nao-pode-ser-decisao-unilateral-do-franqueado\/\"  id='av-masonry-1-item-1151' data-av-masonry-item='1151' class='av-masonry-entry isotope-item post-1151 post type-post status-publish format-standard has-post-thumbnail hentry category-gestao-de-varejo-e-franchising  av-masonry-item-with-image' title=\"16\"  itemscope=\"itemscope\" itemtype=\"https:\/\/schema.org\/CreativeWork\" ><div class='av-inner-masonry-sizer'><\/div><figure class='av-inner-masonry main_color'><div class=\"av-masonry-outerimage-container\"><div class=\"av-masonry-image-container\" style=\"background-image: url(https:\/\/aprovacao.website\/novoaprado\/wp-content\/uploads\/2021\/03\/16-705x345.png);\" title=\"16\" ><\/div><\/div><figcaption class='av-inner-masonry-content site-background'><div class='av-inner-masonry-content-pos'><div class='av-inner-masonry-content-pos-content'><div class='avia-arrow'><\/div><h3 class='av-masonry-entry-title entry-title '  itemprop=\"headline\" >Repasse da unidade franqueada n\u00e3o pode ser decis\u00e3o unilateral do franqueado<\/h3><div class='av-masonry-entry-content entry-content'  itemprop=\"text\" >Reading Time: 3 minutes<br \/>\r\n<br \/>\r\nCansado de operar a franquia, que\u2026<\/div><span class='av-masonry-date meta-color updated'>mar\u00e7o 9, 2021<\/span><span class=\"av-masonry-text-sep text-sep-author\">\/<\/span><span class='av-masonry-author meta-color author'><span class='fn'>por Patricia<\/span><\/span><\/div><\/div><\/figcaption><\/figure><\/a><!--end av-masonry entry--><a href=\"https:\/\/aprovacao.website\/novoaprado\/2021\/03\/09\/conheca-as-vantagens-de-se-tornar-um-franqueador\/\"  id='av-masonry-1-item-1154' data-av-masonry-item='1154' class='av-masonry-entry isotope-item post-1154 post type-post status-publish format-standard has-post-thumbnail hentry category-gestao-de-varejo-e-franchising  av-masonry-item-with-image' title=\"17\"  itemscope=\"itemscope\" itemtype=\"https:\/\/schema.org\/CreativeWork\" ><div class='av-inner-masonry-sizer'><\/div><figure class='av-inner-masonry main_color'><div class=\"av-masonry-outerimage-container\"><div class=\"av-masonry-image-container\" style=\"background-image: url(https:\/\/aprovacao.website\/novoaprado\/wp-content\/uploads\/2021\/03\/17-705x343.png);\" title=\"17\" ><\/div><\/div><figcaption class='av-inner-masonry-content site-background'><div class='av-inner-masonry-content-pos'><div class='av-inner-masonry-content-pos-content'><div class='avia-arrow'><\/div><h3 class='av-masonry-entry-title entry-title '  itemprop=\"headline\" >Conhe\u00e7a as vantagens de se tornar um franqueador<\/h3><div class='av-masonry-entry-content entry-content'  itemprop=\"text\" >Reading Time: 4 minutes<br \/>\r\n<br \/>\r\nFranquear uma marca costuma ser um\u2026<\/div><span class='av-masonry-date meta-color updated'>mar\u00e7o 9, 2021<\/span><span class=\"av-masonry-text-sep text-sep-author\">\/<\/span><span class='av-masonry-author meta-color author'><span class='fn'>por Patricia<\/span><\/span><\/div><\/div><\/figcaption><\/figure><\/a><!--end av-masonry entry--><a href=\"https:\/\/aprovacao.website\/novoaprado\/2021\/03\/09\/saiba-como-melhorar-o-relacionamento-de-sua-rede-de-franquias\/\"  id='av-masonry-1-item-1157' data-av-masonry-item='1157' class='av-masonry-entry isotope-item post-1157 post type-post status-publish format-standard has-post-thumbnail hentry category-gestao-de-varejo-e-franchising  av-masonry-item-with-image' title=\"18\"  itemscope=\"itemscope\" itemtype=\"https:\/\/schema.org\/CreativeWork\" ><div class='av-inner-masonry-sizer'><\/div><figure class='av-inner-masonry main_color'><div class=\"av-masonry-outerimage-container\"><div class=\"av-masonry-image-container\" style=\"background-image: url(https:\/\/aprovacao.website\/novoaprado\/wp-content\/uploads\/2021\/03\/18-705x348.png);\" title=\"18\" ><\/div><\/div><figcaption class='av-inner-masonry-content site-background'><div class='av-inner-masonry-content-pos'><div class='av-inner-masonry-content-pos-content'><div class='avia-arrow'><\/div><h3 class='av-masonry-entry-title entry-title '  itemprop=\"headline\" >Saiba como melhorar o relacionamento de sua rede de franquias!<\/h3><div class='av-masonry-entry-content entry-content'  itemprop=\"text\" >Reading Time: 4 minutes<br \/>\r\n<br \/>\r\nO sucesso de um empreendimento de\u2026<\/div><span class='av-masonry-date meta-color updated'>mar\u00e7o 9, 2021<\/span><span class=\"av-masonry-text-sep text-sep-author\">\/<\/span><span class='av-masonry-author meta-color author'><span class='fn'>por Patricia<\/span><\/span><\/div><\/div><\/figcaption><\/figure><\/a><!--end av-masonry entry--><a href=\"https:\/\/aprovacao.website\/novoaprado\/2021\/03\/09\/conselho-de-franqueados-o-que-e-e-como-funciona\/\"  id='av-masonry-1-item-1166' data-av-masonry-item='1166' class='av-masonry-entry isotope-item post-1166 post type-post status-publish format-standard has-post-thumbnail hentry category-gestao-de-varejo-e-franchising  av-masonry-item-with-image' title=\"21\"  itemscope=\"itemscope\" itemtype=\"https:\/\/schema.org\/CreativeWork\" ><div class='av-inner-masonry-sizer'><\/div><figure class='av-inner-masonry main_color'><div class=\"av-masonry-outerimage-container\"><div class=\"av-masonry-image-container\" style=\"background-image: url(https:\/\/aprovacao.website\/novoaprado\/wp-content\/uploads\/2021\/03\/21-705x349.png);\" title=\"21\" ><\/div><\/div><figcaption class='av-inner-masonry-content site-background'><div class='av-inner-masonry-content-pos'><div class='av-inner-masonry-content-pos-content'><div class='avia-arrow'><\/div><h3 class='av-masonry-entry-title entry-title '  itemprop=\"headline\" >Conselho de franqueados: o que \u00e9 e como funciona<\/h3><div class='av-masonry-entry-content entry-content'  itemprop=\"text\" >Reading Time: 4 minutes<br \/>\r\n<br \/>\r\nO franqueado \u00e9 aquele que est\u00e1 na\u2026<\/div><span class='av-masonry-date meta-color updated'>mar\u00e7o 9, 2021<\/span><span class=\"av-masonry-text-sep text-sep-author\">\/<\/span><span class='av-masonry-author meta-color author'><span class='fn'>por Patricia<\/span><\/span><\/div><\/div><\/figcaption><\/figure><\/a><!--end av-masonry entry--><a href=\"https:\/\/aprovacao.website\/novoaprado\/2021\/03\/09\/como-as-novas-tecnologias-ajudam-o-franchising\/\"  id='av-masonry-1-item-1163' data-av-masonry-item='1163' class='av-masonry-entry isotope-item post-1163 post type-post status-publish format-standard has-post-thumbnail hentry category-gestao-de-varejo-e-franchising  av-masonry-item-with-image' title=\"20\"  itemscope=\"itemscope\" itemtype=\"https:\/\/schema.org\/CreativeWork\" ><div class='av-inner-masonry-sizer'><\/div><figure class='av-inner-masonry main_color'><div class=\"av-masonry-outerimage-container\"><div class=\"av-masonry-image-container\" style=\"background-image: url(https:\/\/aprovacao.website\/novoaprado\/wp-content\/uploads\/2021\/03\/20-705x346.png);\" title=\"20\" ><\/div><\/div><figcaption class='av-inner-masonry-content site-background'><div class='av-inner-masonry-content-pos'><div class='av-inner-masonry-content-pos-content'><div class='avia-arrow'><\/div><h3 class='av-masonry-entry-title entry-title '  itemprop=\"headline\" >Como as novas tecnologias ajudam o Franchising?<\/h3><div class='av-masonry-entry-content entry-content'  itemprop=\"text\" >Reading Time: 2 minutes<br \/>\r\n<br \/>\r\nH\u00e1 poucos anos, as marcas mais valiosas\u2026<\/div><span class='av-masonry-date meta-color updated'>mar\u00e7o 9, 2021<\/span><span class=\"av-masonry-text-sep text-sep-author\">\/<\/span><span class='av-masonry-author meta-color author'><span class='fn'>por Patricia<\/span><\/span><\/div><\/div><\/figcaption><\/figure><\/a><!--end av-masonry entry--><a href=\"https:\/\/aprovacao.website\/novoaprado\/2021\/03\/09\/como-fazer-seu-negocio-crescer-franquear-e-uma-opcao\/\"  id='av-masonry-1-item-1160' data-av-masonry-item='1160' class='av-masonry-entry isotope-item post-1160 post type-post status-publish format-standard has-post-thumbnail hentry category-gestao-de-varejo-e-franchising  av-masonry-item-with-image' title=\"19\"  itemscope=\"itemscope\" itemtype=\"https:\/\/schema.org\/CreativeWork\" ><div class='av-inner-masonry-sizer'><\/div><figure class='av-inner-masonry main_color'><div class=\"av-masonry-outerimage-container\"><div class=\"av-masonry-image-container\" style=\"background-image: url(https:\/\/aprovacao.website\/novoaprado\/wp-content\/uploads\/2021\/03\/19-705x349.png);\" title=\"19\" ><\/div><\/div><figcaption class='av-inner-masonry-content site-background'><div class='av-inner-masonry-content-pos'><div class='av-inner-masonry-content-pos-content'><div class='avia-arrow'><\/div><h3 class='av-masonry-entry-title entry-title '  itemprop=\"headline\" >Como fazer seu neg\u00f3cio crescer: franquear \u00e9 uma op\u00e7\u00e3o?<\/h3><div class='av-masonry-entry-content entry-content'  itemprop=\"text\" >Reading Time: 3 minutes<br \/>\r\n<br \/>\r\nA d\u00favida de todo empreendedor \u00e9\u2026<\/div><span class='av-masonry-date meta-color updated'>mar\u00e7o 9, 2021<\/span><span class=\"av-masonry-text-sep text-sep-author\">\/<\/span><span class='av-masonry-author meta-color author'><span class='fn'>por Patricia<\/span><\/span><\/div><\/div><\/figcaption><\/figure><\/a><!--end av-masonry entry--><\/div><div class='av-masonry-pagination av-masonry-pagination-pagination'><nav class='pagination'><span class='pagination-meta'>P\u00e1gina 1 de 6<\/span><span class='current'>1<\/span><a href='https:\/\/aprovacao.website\/novoaprado\/wp-json\/wp\/v2\/pages\/344\/page\/2\/' class='inactive next_page' >2<\/a><a href='https:\/\/aprovacao.website\/novoaprado\/wp-json\/wp\/v2\/pages\/344\/page\/3\/' class='inactive' >3<\/a><a href='https:\/\/aprovacao.website\/novoaprado\/wp-json\/wp\/v2\/pages\/344\/page\/2\/'>&rsaquo;<\/a><a href='https:\/\/aprovacao.website\/novoaprado\/wp-json\/wp\/v2\/pages\/344\/page\/6\/'>&raquo;<\/a><\/nav>\n<\/div><\/div><\/div>\n<\/p>\n","protected":false},"excerpt":{"rendered":"","protected":false},"author":1,"featured_media":1102,"parent":0,"menu_order":0,"comment_status":"closed","ping_status":"closed","template":"","meta":{"footnotes":""},"class_list":["post-344","page","type-page","status-publish","has-post-thumbnail","hentry"],"_links":{"self":[{"href":"https:\/\/aprovacao.website\/novoaprado\/wp-json\/wp\/v2\/pages\/344","targetHints":{"allow":["GET"]}}],"collection":[{"href":"https:\/\/aprovacao.website\/novoaprado\/wp-json\/wp\/v2\/pages"}],"about":[{"href":"https:\/\/aprovacao.website\/novoaprado\/wp-json\/wp\/v2\/types\/page"}],"author":[{"embeddable":true,"href":"https:\/\/aprovacao.website\/novoaprado\/wp-json\/wp\/v2\/users\/1"}],"replies":[{"embeddable":true,"href":"https:\/\/aprovacao.website\/novoaprado\/wp-json\/wp\/v2\/comments?post=344"}],"version-history":[{"count":4,"href":"https:\/\/aprovacao.website\/novoaprado\/wp-json\/wp\/v2\/pages\/344\/revisions"}],"predecessor-version":[{"id":1463,"href":"https:\/\/aprovacao.website\/novoaprado\/wp-json\/wp\/v2\/pages\/344\/revisions\/1463"}],"wp:featuredmedia":[{"embeddable":true,"href":"https:\/\/aprovacao.website\/novoaprado\/wp-json\/wp\/v2\/media\/1102"}],"wp:attachment":[{"href":"https:\/\/aprovacao.website\/novoaprado\/wp-json\/wp\/v2\/media?parent=344"}],"curies":[{"name":"wp","href":"https:\/\/api.w.org\/{rel}","templated":true}]}}