{"id":154,"date":"2015-07-16T09:12:44","date_gmt":"2015-07-16T09:12:44","guid":{"rendered":"http:\/\/test.kriesi.at\/minimal-portfolio\/?page_id=154"},"modified":"2021-03-25T10:25:27","modified_gmt":"2021-03-25T13:25:27","slug":"sobre","status":"publish","type":"page","link":"https:\/\/aprovacao.website\/novoaprado\/sobre\/","title":{"rendered":"Sobre"},"content":{"rendered":"<div id='av_section_1'  class='avia-section main_color avia-section-default avia-no-border-styling  avia-full-stretch av-section-color-overlay-active avia-bg-style-scroll  avia-builder-el-0  el_before_av_section  avia-builder-el-first   av-minimum-height av-minimum-height-custom  container_wrap fullsize' style='background-repeat: no-repeat; background-image: url(https:\/\/aprovacao.website\/novoaprado\/wp-content\/uploads\/2018\/05\/hero-skyscraper.jpg);background-attachment: scroll; background-position: center center;  '  data-section-bg-repeat='stretch'><div class='av-section-color-overlay-wrap'><div class='av-section-color-overlay' style='opacity: 0.6; background-color: #a85742; '><\/div><div class='container' style='height:230px'><main  role=\"main\" itemprop=\"mainContentOfPage\"  class='template-page content  av-content-full alpha units'><div class='post-entry post-entry-type-page post-entry-154'><div class='entry-content-wrapper clearfix'>\n<div class=\"flex_column av_one_full  av-animated-generic left-to-right  flex_column_div av-zero-column-padding first  avia-builder-el-1  avia-builder-el-no-sibling  \" style='margin-top:0px; margin-bottom:0px; border-radius:0px; '><div  style='padding-bottom:0px; margin:0 0 0 0; color:#ffffff;font-size:4vw;' class='av-special-heading av-special-heading-h2 custom-color-heading blockquote modern-quote modern-centered  avia-builder-el-2  avia-builder-el-no-sibling  av-inherit-size '><h2 class='av-special-heading-tag '  itemprop=\"headline\"  >EQUIPE<\/h2><div class='special-heading-border'><div class='special-heading-inner-border' style='border-color:#ffffff'><\/div><\/div><\/div><\/div>\n\n<\/div><\/div><\/main><!-- close content main element --><\/div><\/div><\/div><div id='av_section_2'  class='avia-section main_color avia-section-small avia-no-border-styling  av-section-color-overlay-active avia-bg-style-scroll  avia-builder-el-3  el_after_av_section  el_before_av_section   container_wrap fullsize' style=' '  ><div class='av-section-color-overlay-wrap'><div class='av-section-color-overlay' style='opacity: 0.7; '><\/div><div class='container' ><div class='template-page content  av-content-full alpha units'><div class='post-entry post-entry-type-page post-entry-154'><div class='entry-content-wrapper clearfix'>\n<div class='flex_column_table av-equal-height-column-flextable -flextable' style='margin-top:0px; margin-bottom:0px; '><div class=\"flex_column av_one_half  av-animated-generic left-to-right  flex_column_table_cell av-equal-height-column av-align-middle first  avia-builder-el-4  el_before_av_one_half  avia-builder-el-first  \" style='padding:40px; '><div  class='avia-image-container  av-styling-    avia-builder-el-5  avia-builder-el-no-sibling  avia-align-center '  itemprop=\"image\" itemscope=\"itemscope\" itemtype=\"https:\/\/schema.org\/ImageObject\"  ><div class='avia-image-container-inner'><div class='avia-image-overlay-wrap'><img decoding=\"async\" class='wp-image-892 avia-img-lazy-loading-not-892 avia_image' src=\"https:\/\/aprovacao.website\/novoaprado\/wp-content\/uploads\/2021\/02\/Melitha.png\" alt='' title='Melitha' height=\"864\" width=\"588\"  itemprop=\"thumbnailUrl\" srcset=\"https:\/\/aprovacao.website\/novoaprado\/wp-content\/uploads\/2021\/02\/Melitha.png 588w, https:\/\/aprovacao.website\/novoaprado\/wp-content\/uploads\/2021\/02\/Melitha-204x300.png 204w, https:\/\/aprovacao.website\/novoaprado\/wp-content\/uploads\/2021\/02\/Melitha-480x705.png 480w\" sizes=\"(max-width: 588px) 100vw, 588px\" \/><\/div><\/div><\/div><\/div><div class='av-flex-placeholder'><\/div><div class=\"flex_column av_one_half  av-animated-generic left-to-right  flex_column_table_cell av-equal-height-column av-align-middle   avia-builder-el-6  el_after_av_one_half  avia-builder-el-last  \" style='padding:40px; '><p><div  style='padding-bottom:10px; margin-top:25; color:#a85742;' class='av-special-heading av-special-heading-h2 custom-color-heading blockquote modern-quote  avia-builder-el-7  el_before_av_textblock  avia-builder-el-first  '><h2 class='av-special-heading-tag '  itemprop=\"headline\"  >MELITHA NOVOA PRADO<\/h2><div class ='av-subheading av-subheading_below av_custom_color ' style='font-size:15px;'><p>S\u00d3CIA-FUNDADORA<\/p>\n<\/div><div class='special-heading-border'><div class='special-heading-inner-border' style='border-color:#a85742'><\/div><\/div><\/div><br \/>\n<section class=\"av_textblock_section \"  itemscope=\"itemscope\" itemtype=\"https:\/\/schema.org\/CreativeWork\" ><div class='avia_textblock  av_inherit_color '   itemprop=\"text\" ><p>Formada em Direito pela Pontif\u00edcia Universidade Cat\u00f3lica-PUC, com MBA em Gest\u00e3o em Varejo para Franquia na FIA. <strong>S\u00f3cia Fundadora da Novoa Prado<\/strong> Advogados desde 1990.<\/p>\n<p><strong>Especializada em<\/strong> <strong>Varejo e <a href=\"https:\/\/aprovacao.website\/novoaprado\/areas-de-atuacao\/\">Franchising<\/a><\/strong>, com foco em resolu\u00e7\u00e3o de conflitos por m\u00e9todos n\u00e3o adversariais. Capacitada em <strong>Negocia\u00e7\u00e3o, Media\u00e7\u00e3o e Arbitragem<\/strong> junto ao IMAB \u2013 Instituto de Media\u00e7\u00e3o e Arbitragem e GVLAW.<\/p>\n<p><strong>Volunt\u00e1ria e Instrutora<\/strong> credenciada da <strong>ABF<\/strong> e da <strong>FIA-MBA<\/strong> em Gest\u00e3o de Franquias. <strong>Diretora Jur\u00eddica<\/strong> do RDI &#8211; <strong>Retail Design Institute.<\/strong> Diretora Jur\u00eddica do <strong>Instituto Albuquerque<\/strong>. Consultora Volunt\u00e1ria do Instituto Endeavor e Associa\u00e7\u00e3o Obras do Ber\u00e7o. Membro do CBAR &#8211; Comit\u00ea Brasileiro de Arbitragem. <strong>Mediadora<\/strong> junto \u00e0 C\u00e2mara de Media\u00e7\u00e3o da <strong>ABPI &#8211; Associa\u00e7\u00e3o Brasileira da Propriedade Intelectual<\/strong>. \u00c1rbitra junto ao IMAB. <strong>Autora<\/strong> das obras <strong>\u201c<a href=\"https:\/\/aprovacao.website\/novoaprado\/livros\/\">Franchising na Alegria e na Tristeza<\/a>\u201d<\/strong> e <strong>\u201c<a href=\"https:\/\/aprovacao.website\/novoaprado\/livros\/\">Franchising na Real<\/a>\u201d<\/strong>.<\/p>\n<\/div><\/section><\/p><\/div><\/div><!--close column table wrapper. Autoclose: 1 -->\n\n<\/div><\/div><\/div><!-- close content main div --><\/div><\/div><\/div><div id='av_section_3'  class='avia-section main_color avia-section-no-padding avia-no-border-styling  av-section-color-overlay-active avia-bg-style-scroll  avia-builder-el-9  el_after_av_section  el_before_av_section   container_wrap fullsize' style=' '  ><div class='av-section-color-overlay-wrap'><div class='av-section-color-overlay' style='opacity: 0.7; '><\/div><div class='container' ><div class='template-page content  av-content-full alpha units'><div class='post-entry post-entry-type-page post-entry-154'><div class='entry-content-wrapper clearfix'>\n<div class='flex_column_table av-equal-height-column-flextable -flextable' style='margin-top:0px; margin-bottom:0px; '><div class=\"flex_column av_one_half  av-animated-generic left-to-right  flex_column_table_cell av-equal-height-column av-align-middle first  avia-builder-el-10  el_before_av_one_half  avia-builder-el-first  \" style='padding:40px; '><p><div  style='padding-bottom:10px; margin-top:25; color:#a85742;' class='av-special-heading av-special-heading-h2 custom-color-heading blockquote modern-quote modern-right  avia-builder-el-11  el_before_av_textblock  avia-builder-el-first  '><h2 class='av-special-heading-tag '  itemprop=\"headline\"  >THAIS MAYUMI KURITA MONEGAGLIA<\/h2><div class ='av-subheading av-subheading_below av_custom_color ' style='font-size:15px;'><p>S\u00d3CIA<\/p>\n<\/div><div class='special-heading-border'><div class='special-heading-inner-border' style='border-color:#a85742'><\/div><\/div><\/div><br \/>\n<section class=\"av_textblock_section \"  itemscope=\"itemscope\" itemtype=\"https:\/\/schema.org\/CreativeWork\" ><div class='avia_textblock  av_inherit_color '   itemprop=\"text\" ><p><strong>Formou-se pela Faculdade<\/strong> de Direito pela Universidade Presbiteriana <strong>Mackenzie,<\/strong> em 2001. Possui p\u00f3s-gradua\u00e7\u00e3o em <strong>Direito Comercial<\/strong> pela mesma institui\u00e7\u00e3o (2007).<\/p>\n<p>Tamb\u00e9m especializou-se em<strong> consultoria jur\u00eddica preventiva<\/strong>, no \u00e2mbito empresarial, particularmente nas \u00e1reas de <a href=\"https:\/\/aprovacao.website\/novoaprado\/areas-de-atuacao\/\" target=\"_blank\" rel=\"noopener\">varejo e franchising<\/a>.<\/p>\n<p>Atualmente \u00e9 <strong>Diretora Jur\u00eddica<\/strong> da ONG Deixe Viver, entidade associativa de fins n\u00e3o econ\u00f4micos, voltada para prote\u00e7\u00e3o da vida animal e educa\u00e7\u00e3o \u00e0 posse respons\u00e1vel. \u00c9 instrutora Credenciada da ABF &#8211; Associa\u00e7\u00e3o Brasileira de <strong>Franchising<\/strong>.<\/p>\n<\/div><\/section><\/p><\/div><div class='av-flex-placeholder'><\/div><div class=\"flex_column av_one_half  av-animated-generic left-to-right  flex_column_table_cell av-equal-height-column av-align-middle   avia-builder-el-13  el_after_av_one_half  avia-builder-el-last  \" style='padding:40px; '><div  class='avia-image-container  av-styling-    avia-builder-el-14  avia-builder-el-no-sibling  avia-align-center '  itemprop=\"image\" itemscope=\"itemscope\" itemtype=\"https:\/\/schema.org\/ImageObject\"  ><div class='avia-image-container-inner'><div class='avia-image-overlay-wrap'><img decoding=\"async\" class='wp-image-908 avia-img-lazy-loading-not-908 avia_image' src=\"https:\/\/aprovacao.website\/novoaprado\/wp-content\/uploads\/2021\/02\/thais.png\" alt='' title='thais' height=\"864\" width=\"588\"  itemprop=\"thumbnailUrl\" srcset=\"https:\/\/aprovacao.website\/novoaprado\/wp-content\/uploads\/2021\/02\/thais.png 588w, https:\/\/aprovacao.website\/novoaprado\/wp-content\/uploads\/2021\/02\/thais-204x300.png 204w, https:\/\/aprovacao.website\/novoaprado\/wp-content\/uploads\/2021\/02\/thais-480x705.png 480w\" sizes=\"(max-width: 588px) 100vw, 588px\" \/><\/div><\/div><\/div><\/div><\/div><!--close column table wrapper. Autoclose: 1 -->\n\n<\/div><\/div><\/div><!-- close content main div --><\/div><\/div><\/div><div id='av_section_4'  class='avia-section main_color avia-section-default avia-no-border-styling  av-section-color-overlay-active avia-bg-style-scroll  avia-builder-el-15  el_after_av_section  avia-builder-el-last   container_wrap fullsize' style='background-color: #f7f7f7;  '  ><div class='av-section-color-overlay-wrap'><div class='av-section-color-overlay' style='opacity: 0.7; '><\/div><div class='container' ><div class='template-page content  av-content-full alpha units'><div class='post-entry post-entry-type-page post-entry-154'><div class='entry-content-wrapper clearfix'>\n<div  style='padding-bottom:10px; margin-top:25; color:#a85742;' class='av-special-heading av-special-heading-h2 custom-color-heading blockquote modern-quote  avia-builder-el-16  el_before_av_one_third  avia-builder-el-first  '><h2 class='av-special-heading-tag '  itemprop=\"headline\"  >Equipe jur\u00eddica empresarial<\/h2><div class='special-heading-border'><div class='special-heading-inner-border' style='border-color:#a85742'><\/div><\/div><\/div>\n<div class='flex_column_table av-equal-height-column-flextable -flextable' style='margin-top:0px; margin-bottom:0px; '><div class=\"flex_column av_one_third  av-animated-generic left-to-right  no_margin flex_column_table_cell av-equal-height-column av-align-middle first  avia-builder-el-17  el_after_av_heading  el_before_av_one_third  \" style='padding:40px; '><section class=\"av_textblock_section \"  itemscope=\"itemscope\" itemtype=\"https:\/\/schema.org\/CreativeWork\" ><div class='avia_textblock  av_inherit_color '   itemprop=\"text\" ><p><img loading=\"lazy\" decoding=\"async\" class=\"alignnone wp-image-1337 size-medium\" src=\"https:\/\/aprovacao.website\/novoaprado\/wp-content\/uploads\/2021\/03\/1-300x300.jpg\" alt=\"\" width=\"300\" height=\"300\" srcset=\"https:\/\/aprovacao.website\/novoaprado\/wp-content\/uploads\/2021\/03\/1-300x300.jpg 300w, https:\/\/aprovacao.website\/novoaprado\/wp-content\/uploads\/2021\/03\/1-1030x1030.jpg 1030w, https:\/\/aprovacao.website\/novoaprado\/wp-content\/uploads\/2021\/03\/1-80x80.jpg 80w, https:\/\/aprovacao.website\/novoaprado\/wp-content\/uploads\/2021\/03\/1-768x768.jpg 768w, https:\/\/aprovacao.website\/novoaprado\/wp-content\/uploads\/2021\/03\/1-36x36.jpg 36w, https:\/\/aprovacao.website\/novoaprado\/wp-content\/uploads\/2021\/03\/1-180x180.jpg 180w, https:\/\/aprovacao.website\/novoaprado\/wp-content\/uploads\/2021\/03\/1-705x705.jpg 705w, https:\/\/aprovacao.website\/novoaprado\/wp-content\/uploads\/2021\/03\/1.jpg 1080w\" sizes=\"auto, (max-width: 300px) 100vw, 300px\" \/><\/p>\n<p><strong>CAROLINE VERDOT DE OLIM KERRY<\/strong><\/p>\n<\/div><\/section><\/div><div class=\"flex_column av_one_third  av-animated-generic left-to-right  no_margin flex_column_table_cell av-equal-height-column av-align-middle   avia-builder-el-19  el_after_av_one_third  el_before_av_one_third  \" style='padding:40px; '><section class=\"av_textblock_section \"  itemscope=\"itemscope\" itemtype=\"https:\/\/schema.org\/CreativeWork\" ><div class='avia_textblock  av_inherit_color '   itemprop=\"text\" ><p><img loading=\"lazy\" decoding=\"async\" class=\"alignnone size-medium wp-image-1340\" src=\"https:\/\/aprovacao.website\/novoaprado\/wp-content\/uploads\/2021\/03\/4-300x300.jpg\" alt=\"\" width=\"300\" height=\"300\" srcset=\"https:\/\/aprovacao.website\/novoaprado\/wp-content\/uploads\/2021\/03\/4-300x300.jpg 300w, https:\/\/aprovacao.website\/novoaprado\/wp-content\/uploads\/2021\/03\/4-1030x1030.jpg 1030w, https:\/\/aprovacao.website\/novoaprado\/wp-content\/uploads\/2021\/03\/4-80x80.jpg 80w, https:\/\/aprovacao.website\/novoaprado\/wp-content\/uploads\/2021\/03\/4-768x768.jpg 768w, https:\/\/aprovacao.website\/novoaprado\/wp-content\/uploads\/2021\/03\/4-36x36.jpg 36w, https:\/\/aprovacao.website\/novoaprado\/wp-content\/uploads\/2021\/03\/4-180x180.jpg 180w, https:\/\/aprovacao.website\/novoaprado\/wp-content\/uploads\/2021\/03\/4-705x705.jpg 705w, https:\/\/aprovacao.website\/novoaprado\/wp-content\/uploads\/2021\/03\/4.jpg 1080w\" sizes=\"auto, (max-width: 300px) 100vw, 300px\" \/><\/p>\n<p><strong>LARAH GOTTO<br \/>\nFELIX<\/strong><\/p>\n<\/div><\/section><\/div><div class=\"flex_column av_one_third  av-animated-generic left-to-right  no_margin flex_column_table_cell av-equal-height-column av-align-middle   avia-builder-el-21  el_after_av_one_third  el_before_av_one_third  \" style='padding:40px; '><section class=\"av_textblock_section \"  itemscope=\"itemscope\" itemtype=\"https:\/\/schema.org\/CreativeWork\" ><div class='avia_textblock  av_inherit_color '   itemprop=\"text\" ><p><img loading=\"lazy\" decoding=\"async\" class=\"size-medium wp-image-1343\" src=\"https:\/\/aprovacao.website\/novoaprado\/wp-content\/uploads\/2021\/03\/7-300x300.jpg\" alt=\"\" width=\"300\" height=\"300\" srcset=\"https:\/\/aprovacao.website\/novoaprado\/wp-content\/uploads\/2021\/03\/7-300x300.jpg 300w, https:\/\/aprovacao.website\/novoaprado\/wp-content\/uploads\/2021\/03\/7-1030x1030.jpg 1030w, https:\/\/aprovacao.website\/novoaprado\/wp-content\/uploads\/2021\/03\/7-80x80.jpg 80w, https:\/\/aprovacao.website\/novoaprado\/wp-content\/uploads\/2021\/03\/7-768x768.jpg 768w, https:\/\/aprovacao.website\/novoaprado\/wp-content\/uploads\/2021\/03\/7-36x36.jpg 36w, https:\/\/aprovacao.website\/novoaprado\/wp-content\/uploads\/2021\/03\/7-180x180.jpg 180w, https:\/\/aprovacao.website\/novoaprado\/wp-content\/uploads\/2021\/03\/7-705x705.jpg 705w, https:\/\/aprovacao.website\/novoaprado\/wp-content\/uploads\/2021\/03\/7.jpg 1080w\" sizes=\"auto, (max-width: 300px) 100vw, 300px\" \/><\/p>\n<p><strong>THAMARA DE CARVALHO FLORIANO<\/strong><\/p>\n<\/div><\/section><\/div><\/div><!--close column table wrapper. Autoclose: 1 --><div class='flex_column_table av-equal-height-column-flextable -flextable' style='margin-top:0px; margin-bottom:0px; '><div class=\"flex_column av_one_third  av-animated-generic left-to-right  no_margin flex_column_table_cell av-equal-height-column av-align-middle first  avia-builder-el-23  el_after_av_one_third  el_before_av_one_third  column-top-margin\" style='padding:40px; '><section class=\"av_textblock_section \"  itemscope=\"itemscope\" itemtype=\"https:\/\/schema.org\/CreativeWork\" ><div class='avia_textblock  av_inherit_color '   itemprop=\"text\" ><p><img loading=\"lazy\" decoding=\"async\" class=\"size-medium wp-image-1342\" src=\"https:\/\/aprovacao.website\/novoaprado\/wp-content\/uploads\/2021\/03\/6-300x300.jpg\" alt=\"\" width=\"300\" height=\"300\" srcset=\"https:\/\/aprovacao.website\/novoaprado\/wp-content\/uploads\/2021\/03\/6-300x300.jpg 300w, https:\/\/aprovacao.website\/novoaprado\/wp-content\/uploads\/2021\/03\/6-1030x1030.jpg 1030w, https:\/\/aprovacao.website\/novoaprado\/wp-content\/uploads\/2021\/03\/6-80x80.jpg 80w, https:\/\/aprovacao.website\/novoaprado\/wp-content\/uploads\/2021\/03\/6-768x768.jpg 768w, https:\/\/aprovacao.website\/novoaprado\/wp-content\/uploads\/2021\/03\/6-36x36.jpg 36w, https:\/\/aprovacao.website\/novoaprado\/wp-content\/uploads\/2021\/03\/6-180x180.jpg 180w, https:\/\/aprovacao.website\/novoaprado\/wp-content\/uploads\/2021\/03\/6-705x705.jpg 705w, https:\/\/aprovacao.website\/novoaprado\/wp-content\/uploads\/2021\/03\/6.jpg 1080w\" sizes=\"auto, (max-width: 300px) 100vw, 300px\" \/><\/p>\n<p><strong>GABRIELA PRIMO C. N. MOLLO<\/strong><\/p>\n<\/div><\/section><\/div><div class=\"flex_column av_one_third  av-animated-generic left-to-right  no_margin flex_column_table_cell av-equal-height-column av-align-middle   avia-builder-el-25  el_after_av_one_third  el_before_av_one_third  column-top-margin\" style='padding:40px; '><section class=\"av_textblock_section \"  itemscope=\"itemscope\" itemtype=\"https:\/\/schema.org\/CreativeWork\" ><div class='avia_textblock  av_inherit_color '   itemprop=\"text\" ><p><img loading=\"lazy\" decoding=\"async\" class=\"alignnone wp-image-1380 size-medium\" src=\"https:\/\/aprovacao.website\/novoaprado\/wp-content\/uploads\/2021\/03\/Design-sem-nome-1-300x300.jpg\" alt=\"\" width=\"300\" height=\"300\" srcset=\"https:\/\/aprovacao.website\/novoaprado\/wp-content\/uploads\/2021\/03\/Design-sem-nome-1-300x300.jpg 300w, https:\/\/aprovacao.website\/novoaprado\/wp-content\/uploads\/2021\/03\/Design-sem-nome-1-1030x1030.jpg 1030w, https:\/\/aprovacao.website\/novoaprado\/wp-content\/uploads\/2021\/03\/Design-sem-nome-1-80x80.jpg 80w, https:\/\/aprovacao.website\/novoaprado\/wp-content\/uploads\/2021\/03\/Design-sem-nome-1-768x768.jpg 768w, https:\/\/aprovacao.website\/novoaprado\/wp-content\/uploads\/2021\/03\/Design-sem-nome-1-36x36.jpg 36w, https:\/\/aprovacao.website\/novoaprado\/wp-content\/uploads\/2021\/03\/Design-sem-nome-1-180x180.jpg 180w, https:\/\/aprovacao.website\/novoaprado\/wp-content\/uploads\/2021\/03\/Design-sem-nome-1-705x705.jpg 705w, https:\/\/aprovacao.website\/novoaprado\/wp-content\/uploads\/2021\/03\/Design-sem-nome-1.jpg 1080w\" sizes=\"auto, (max-width: 300px) 100vw, 300px\" \/><\/p>\n<p><strong>GL\u00d3RIA STEFANY FONSECA DE OLIVEIRA <\/strong><\/p>\n<\/div><\/section><\/div><div class=\"flex_column av_one_third  av-animated-generic left-to-right  no_margin flex_column_table_cell av-equal-height-column av-align-middle   avia-builder-el-27  el_after_av_one_third  el_before_av_button  column-top-margin\" style='padding:40px; '><section class=\"av_textblock_section \"  itemscope=\"itemscope\" itemtype=\"https:\/\/schema.org\/CreativeWork\" ><div class='avia_textblock  av_inherit_color '   itemprop=\"text\" ><p><img loading=\"lazy\" decoding=\"async\" class=\"alignnone wp-image-1445 size-medium\" src=\"https:\/\/aprovacao.website\/novoaprado\/wp-content\/uploads\/2021\/03\/Design-sem-nome-2-300x300.jpg\" alt=\"\" width=\"300\" height=\"300\" srcset=\"https:\/\/aprovacao.website\/novoaprado\/wp-content\/uploads\/2021\/03\/Design-sem-nome-2-300x300.jpg 300w, https:\/\/aprovacao.website\/novoaprado\/wp-content\/uploads\/2021\/03\/Design-sem-nome-2-1030x1030.jpg 1030w, https:\/\/aprovacao.website\/novoaprado\/wp-content\/uploads\/2021\/03\/Design-sem-nome-2-80x80.jpg 80w, https:\/\/aprovacao.website\/novoaprado\/wp-content\/uploads\/2021\/03\/Design-sem-nome-2-768x768.jpg 768w, https:\/\/aprovacao.website\/novoaprado\/wp-content\/uploads\/2021\/03\/Design-sem-nome-2-36x36.jpg 36w, https:\/\/aprovacao.website\/novoaprado\/wp-content\/uploads\/2021\/03\/Design-sem-nome-2-180x180.jpg 180w, https:\/\/aprovacao.website\/novoaprado\/wp-content\/uploads\/2021\/03\/Design-sem-nome-2-705x705.jpg 705w, https:\/\/aprovacao.website\/novoaprado\/wp-content\/uploads\/2021\/03\/Design-sem-nome-2.jpg 1080w\" sizes=\"auto, (max-width: 300px) 100vw, 300px\" \/><\/p>\n<p><strong>ALINE ROSSI<br \/>\nBERKELMANS <\/strong><\/p>\n<\/div><\/section><\/div><\/div><!--close column table wrapper. Autoclose: 1 --><div  class='avia-button-wrap avia-button-center  avia-builder-el-29  el_after_av_one_third  avia-builder-el-last ' ><a href='https:\/\/aprovacao.website\/novoaprado\/sobre\/nosso-time\/'  class='avia-button  avia-color-theme-color   avia-icon_select-no avia-size-small avia-position-center '   ><span class='avia_iconbox_title' >CONHE\u00c7A NOSSO TIME<\/span><\/a><\/div>\n\n","protected":false},"excerpt":{"rendered":"","protected":false},"author":1,"featured_media":1424,"parent":0,"menu_order":0,"comment_status":"open","ping_status":"closed","template":"","meta":{"footnotes":""},"class_list":["post-154","page","type-page","status-publish","has-post-thumbnail","hentry"],"_links":{"self":[{"href":"https:\/\/aprovacao.website\/novoaprado\/wp-json\/wp\/v2\/pages\/154","targetHints":{"allow":["GET"]}}],"collection":[{"href":"https:\/\/aprovacao.website\/novoaprado\/wp-json\/wp\/v2\/pages"}],"about":[{"href":"https:\/\/aprovacao.website\/novoaprado\/wp-json\/wp\/v2\/types\/page"}],"author":[{"embeddable":true,"href":"https:\/\/aprovacao.website\/novoaprado\/wp-json\/wp\/v2\/users\/1"}],"replies":[{"embeddable":true,"href":"https:\/\/aprovacao.website\/novoaprado\/wp-json\/wp\/v2\/comments?post=154"}],"version-history":[{"count":46,"href":"https:\/\/aprovacao.website\/novoaprado\/wp-json\/wp\/v2\/pages\/154\/revisions"}],"predecessor-version":[{"id":1506,"href":"https:\/\/aprovacao.website\/novoaprado\/wp-json\/wp\/v2\/pages\/154\/revisions\/1506"}],"wp:featuredmedia":[{"embeddable":true,"href":"https:\/\/aprovacao.website\/novoaprado\/wp-json\/wp\/v2\/media\/1424"}],"wp:attachment":[{"href":"https:\/\/aprovacao.website\/novoaprado\/wp-json\/wp\/v2\/media?parent=154"}],"curies":[{"name":"wp","href":"https:\/\/api.w.org\/{rel}","templated":true}]}}