{"id":1021,"date":"2021-03-03T17:30:36","date_gmt":"2021-03-03T17:30:36","guid":{"rendered":"https:\/\/aprovacao.website\/novoaprado\/?page_id=1021"},"modified":"2021-03-25T10:20:59","modified_gmt":"2021-03-25T13:20:59","slug":"livros","status":"publish","type":"page","link":"https:\/\/aprovacao.website\/novoaprado\/livros\/","title":{"rendered":"Livros"},"content":{"rendered":"<div id='av_section_1'  class='avia-section main_color avia-section-default avia-no-border-styling  avia-full-stretch av-section-color-overlay-active avia-bg-style-scroll  avia-builder-el-0  el_before_av_section  avia-builder-el-first   av-minimum-height av-minimum-height-custom  container_wrap fullsize' style='background-repeat: no-repeat; background-image: url(https:\/\/aprovacao.website\/novoaprado\/wp-content\/uploads\/2018\/05\/hero-skyscraper.jpg);background-attachment: scroll; background-position: center center;  '  data-section-bg-repeat='stretch'><div class='av-section-color-overlay-wrap'><div class='av-section-color-overlay' style='opacity: 0.6; background-color: #a85742; '><\/div><div class='container' style='height:230px'><main  role=\"main\" itemprop=\"mainContentOfPage\"  class='template-page content  av-content-full alpha units'><div class='post-entry post-entry-type-page post-entry-1021'><div class='entry-content-wrapper clearfix'>\n<div class=\"flex_column av_one_full  av-animated-generic left-to-right  flex_column_div av-zero-column-padding first  avia-builder-el-1  avia-builder-el-no-sibling  \" style='margin-top:0px; margin-bottom:0px; border-radius:0px; '><div  style='padding-bottom:0px; margin:0 0 0 0; color:#ffffff;font-size:4vw;' class='av-special-heading av-special-heading-h2 custom-color-heading blockquote modern-quote modern-centered  avia-builder-el-2  avia-builder-el-no-sibling  av-inherit-size '><h2 class='av-special-heading-tag '  itemprop=\"headline\"  >LIVROS<\/h2><div class='special-heading-border'><div class='special-heading-inner-border' style='border-color:#ffffff'><\/div><\/div><\/div><\/div>\n\n<\/div><\/div><\/main><!-- close content main element --><\/div><\/div><\/div><div id='av_section_2'  class='avia-section main_color avia-section-small avia-no-border-styling  av-section-color-overlay-active avia-bg-style-scroll  avia-builder-el-3  el_after_av_section  avia-builder-el-last   container_wrap fullsize' style=' '  ><div class='av-section-color-overlay-wrap'><div class='av-section-color-overlay' style='opacity: 0.7; '><\/div><div class='container' ><div class='template-page content  av-content-full alpha units'><div class='post-entry post-entry-type-page post-entry-1021'><div class='entry-content-wrapper clearfix'>\n<div class='flex_column_table av-equal-height-column-flextable -flextable' style='margin-top:0px; margin-bottom:0px; '><div class=\"flex_column av_one_third  av-animated-generic left-to-right  flex_column_table_cell av-equal-height-column av-align-middle first  avia-builder-el-4  el_before_av_one_third  avia-builder-el-first  \" style='padding:40px; '><p><div  class='avia-image-container  av-styling-    avia-builder-el-5  el_before_av_heading  avia-builder-el-first  avia-align-center '  itemprop=\"image\" itemscope=\"itemscope\" itemtype=\"https:\/\/schema.org\/ImageObject\"  ><div class='avia-image-container-inner'><div class='avia-image-overlay-wrap'><img decoding=\"async\" class='wp-image-1502 avia-img-lazy-loading-not-1502 avia_image' src=\"https:\/\/aprovacao.website\/novoaprado\/wp-content\/uploads\/2021\/03\/livro.jpg\" alt='' title='livro' height=\"300\" width=\"210\"  itemprop=\"thumbnailUrl\"  \/><\/div><\/div><\/div><br \/>\n<div  style='padding-bottom:10px; margin-top:25; color:#a85742;' class='av-special-heading av-special-heading-h3 custom-color-heading blockquote modern-quote  avia-builder-el-6  el_after_av_image  el_before_av_button  '><h3 class='av-special-heading-tag '  itemprop=\"headline\"  >Franchising na alegria e na tristeza<\/h3><div class ='av-subheading av-subheading_below av_custom_color ' style='font-size:15px;'><p>ASPECTOS LEGAIS SOBRE FRANCHISING<\/p>\n<\/div><div class='special-heading-border'><div class='special-heading-inner-border' style='border-color:#a85742'><\/div><\/div><\/div><br \/>\n<div  class='avia-button-wrap avia-button-left  avia-builder-el-7  el_after_av_heading  avia-builder-el-last ' ><a href='http:\/\/www.novoaprado.com.br\/wp-content\/uploads\/franchising101_adaptacao_livro_digital_101_sd2-1.pdf'  class='avia-button  avia-color-theme-color   avia-icon_select-no avia-size-medium avia-position-left '   ><span class='avia_iconbox_title' >BAIXE GR\u00c1TIS<\/span><\/a><\/div><\/p><\/div><div class='av-flex-placeholder'><\/div><div class=\"flex_column av_one_third  av-animated-generic left-to-right  flex_column_table_cell av-equal-height-column av-align-middle   avia-builder-el-8  el_after_av_one_third  el_before_av_one_third  \" style='padding:40px; '><p><div  class='avia-image-container  av-styling-    avia-builder-el-9  el_before_av_heading  avia-builder-el-first  avia-align-center '  itemprop=\"image\" itemscope=\"itemscope\" itemtype=\"https:\/\/schema.org\/ImageObject\"  ><div class='avia-image-container-inner'><div class='avia-image-overlay-wrap'><img decoding=\"async\" class='wp-image-1287 avia-img-lazy-loading-not-1287 avia_image' src=\"https:\/\/aprovacao.website\/novoaprado\/wp-content\/uploads\/2021\/03\/Franchising-na-real-melitha-novoa-prado-212x300.jpg\" alt='' title='Franchising-na-real-melitha-novoa-prado' height=\"300\" width=\"212\"  itemprop=\"thumbnailUrl\" srcset=\"https:\/\/aprovacao.website\/novoaprado\/wp-content\/uploads\/2021\/03\/Franchising-na-real-melitha-novoa-prado-212x300.jpg 212w, https:\/\/aprovacao.website\/novoaprado\/wp-content\/uploads\/2021\/03\/Franchising-na-real-melitha-novoa-prado.jpg 282w\" sizes=\"(max-width: 212px) 100vw, 212px\" \/><\/div><\/div><\/div><br \/>\n<div  style='padding-bottom:10px; margin-top:25; color:#a85742;' class='av-special-heading av-special-heading-h3 custom-color-heading blockquote modern-quote  avia-builder-el-10  el_after_av_image  el_before_av_button  '><h3 class='av-special-heading-tag '  itemprop=\"headline\"  >Franchising na real<\/h3><div class ='av-subheading av-subheading_below av_custom_color ' style='font-size:15px;'><p>QUEST\u00d5ES JUR\u00cdDICAS DO NEG\u00d3CIO<\/p>\n<\/div><div class='special-heading-border'><div class='special-heading-inner-border' style='border-color:#a85742'><\/div><\/div><\/div><br \/>\n<div  class='avia-button-wrap avia-button-left  avia-builder-el-11  el_after_av_heading  avia-builder-el-last ' ><a href='https:\/\/www.amazon.com.br\/Franchising-Real-Melitha-Novoa-Prado\/dp\/8590832619'  class='avia-button  avia-color-theme-color   avia-icon_select-no avia-size-medium avia-position-left '   ><span class='avia_iconbox_title' >COMPRE ON LINE<\/span><\/a><\/div><\/p><\/div><div class='av-flex-placeholder'><\/div><div class=\"flex_column av_one_third  av-animated-generic left-to-right  flex_column_table_cell av-equal-height-column av-align-middle   avia-builder-el-12  el_after_av_one_third  avia-builder-el-last  \" style='padding:40px; '><p><div  class='avia-image-container  av-styling-    avia-builder-el-13  el_before_av_heading  avia-builder-el-first  avia-align-center '  itemprop=\"image\" itemscope=\"itemscope\" itemtype=\"https:\/\/schema.org\/ImageObject\"  ><div class='avia-image-container-inner'><div class='avia-image-overlay-wrap'><img decoding=\"async\" class='wp-image-1024 avia-img-lazy-loading-not-1024 avia_image' src=\"https:\/\/aprovacao.website\/novoaprado\/wp-content\/uploads\/2021\/03\/NOVOA_BoockMEdiacaoEmpresaria-210x300.png\" alt='' title='NOVOA_BoockMEdiacaoEmpresaria' height=\"300\" width=\"210\"  itemprop=\"thumbnailUrl\" srcset=\"https:\/\/aprovacao.website\/novoaprado\/wp-content\/uploads\/2021\/03\/NOVOA_BoockMEdiacaoEmpresaria-210x300.png 210w, https:\/\/aprovacao.website\/novoaprado\/wp-content\/uploads\/2021\/03\/NOVOA_BoockMEdiacaoEmpresaria.png 263w\" sizes=\"(max-width: 210px) 100vw, 210px\" \/><\/div><\/div><\/div><br \/>\n<div  style='padding-bottom:10px; margin-top:25; color:#a85742;' class='av-special-heading av-special-heading-h3 custom-color-heading blockquote modern-quote  avia-builder-el-14  el_after_av_image  el_before_av_button  '><h3 class='av-special-heading-tag '  itemprop=\"headline\"  >Media\u00e7\u00e3o empresarial<\/h3><div class ='av-subheading av-subheading_below av_custom_color ' style='font-size:15px;'><p>ASPECTOS LEGAIS E PR\u00c1TICOS DA MEDIA\u00c7\u00c3O EMPRESARIAL<\/p>\n<\/div><div class='special-heading-border'><div class='special-heading-inner-border' style='border-color:#a85742'><\/div><\/div><\/div><br \/>\n<div  class='avia-button-wrap avia-button-left  avia-builder-el-15  el_after_av_heading  avia-builder-el-last ' ><a href='https:\/\/www.amazon.com.br\/Media%C3%A7%C3%A3o-empresarial-Adolfo-Braga-Neto-ebook\/dp\/B08BBQNK4M'  class='avia-button  avia-color-theme-color   avia-icon_select-no avia-size-medium avia-position-left '   ><span class='avia_iconbox_title' >COMPRAR ON LINE<\/span><\/a><\/div><\/p><\/div><\/div><!--close column table wrapper. Autoclose: 1 -->\n","protected":false},"excerpt":{"rendered":"","protected":false},"author":1,"featured_media":1023,"parent":0,"menu_order":0,"comment_status":"open","ping_status":"closed","template":"","meta":{"footnotes":""},"class_list":["post-1021","page","type-page","status-publish","has-post-thumbnail","hentry"],"_links":{"self":[{"href":"https:\/\/aprovacao.website\/novoaprado\/wp-json\/wp\/v2\/pages\/1021","targetHints":{"allow":["GET"]}}],"collection":[{"href":"https:\/\/aprovacao.website\/novoaprado\/wp-json\/wp\/v2\/pages"}],"about":[{"href":"https:\/\/aprovacao.website\/novoaprado\/wp-json\/wp\/v2\/types\/page"}],"author":[{"embeddable":true,"href":"https:\/\/aprovacao.website\/novoaprado\/wp-json\/wp\/v2\/users\/1"}],"replies":[{"embeddable":true,"href":"https:\/\/aprovacao.website\/novoaprado\/wp-json\/wp\/v2\/comments?post=1021"}],"version-history":[{"count":5,"href":"https:\/\/aprovacao.website\/novoaprado\/wp-json\/wp\/v2\/pages\/1021\/revisions"}],"predecessor-version":[{"id":1501,"href":"https:\/\/aprovacao.website\/novoaprado\/wp-json\/wp\/v2\/pages\/1021\/revisions\/1501"}],"wp:featuredmedia":[{"embeddable":true,"href":"https:\/\/aprovacao.website\/novoaprado\/wp-json\/wp\/v2\/media\/1023"}],"wp:attachment":[{"href":"https:\/\/aprovacao.website\/novoaprado\/wp-json\/wp\/v2\/media?parent=1021"}],"curies":[{"name":"wp","href":"https:\/\/api.w.org\/{rel}","templated":true}]}}