{"id":99,"date":"2013-08-06T20:13:19","date_gmt":"2013-08-06T20:13:19","guid":{"rendered":"http:\/\/localhost:8888\/test\/?page_id=17"},"modified":"2023-07-25T19:39:18","modified_gmt":"2023-07-25T19:39:18","slug":"classic-shop","status":"publish","type":"page","link":"https:\/\/aprovacao.website\/modus\/","title":{"rendered":"Home"},"content":{"rendered":"<div class=\"slider-wrapper relative\" id=\"slider-1034285761\" >\n    <div class=\"slider slider-nav-circle slider-nav-large slider-nav-dark slider-style-normal\"\n        data-flickity-options='{\n            \"cellAlign\": \"center\",\n            \"imagesLoaded\": true,\n            \"lazyLoad\": 1,\n            \"freeScroll\": false,\n            \"wrapAround\": true,\n            \"autoPlay\": 6000,\n            \"pauseAutoPlayOnHover\" : true,\n            \"prevNextButtons\": true,\n            \"contain\" : true,\n            \"adaptiveHeight\" : true,\n            \"dragThreshold\" : 10,\n            \"percentPosition\": true,\n            \"pageDots\": false,\n            \"rightToLeft\": false,\n            \"draggable\": true,\n            \"selectedAttraction\": 0.1,\n            \"parallax\" : 5,\n            \"friction\": 0.6        }'\n        >\n        \n\n  <div class=\"banner has-hover\" id=\"banner-1766168667\">\n          <div class=\"banner-inner fill\">\n        <div class=\"banner-bg fill\" >\n            <div class=\"bg fill bg-fill \"><\/div>\n                        <div class=\"overlay\"><\/div>            \n                    <\/div>\n        <div class=\"banner-layers container\">\n            <div class=\"fill banner-link\"><\/div>            \n   <div id=\"text-box-1835523626\" class=\"text-box banner-layer text-box-circle x95 md-x95 lg-x95 y50 md-y50 lg-y50 res-text\">\n                     <div data-animate=\"flipInY\">           <div class=\"text dark\">\n              \n              <div class=\"text-inner text-center\">\n                  \n<div class=\"is-divider divider clearfix\" style=\"margin-top:3px;margin-bottom:3px;\"><\/div>\n<h1 class=\"h-large uppercase\" style=\"text-align: center;\"><span style=\"font-size: 160%; color: #615f5f;\"><strong>modus<\/strong><\/span><\/h1>\n<h2 class=\"font_0\" style=\"text-align: center;\"><span class=\"color_11\" style=\"color: #615f5f;\">Centro de Forma\u00e7\u00e3o e<br \/>Aperfei\u00e7oamento de Vigilantes<\/span><\/h2>\n<div class=\"is-divider divider clearfix\" ><\/div>\n<a href=\"#\" target=\"_self\" class=\"button primary\"  >\n    <span>Cursos<\/span>\n  <\/a>\n\n<a href=\"#\" target=\"_self\" class=\"button primary\"  >\n    <span>contato<\/span>\n  <\/a>\n\n              <\/div>\n           <\/div>\n       <\/div>                     \n<style scope=\"scope\">\n\n#text-box-1835523626 .text {\n  background-color: rgb(249, 242, 242);\n  font-size: 68%;\n}\n#text-box-1835523626 {\n  width: 100%;\n}\n\n\n@media (min-width:550px) {\n\n  #text-box-1835523626 {\n    width: 43%;\n  }\n\n}\n<\/style>\n    <\/div>\n \n        <\/div>\n      <\/div>\n\n            \n<style scope=\"scope\">\n\n#banner-1766168667 {\n  padding-top: 500px;\n}\n#banner-1766168667 .bg.bg-loaded {\n  background-image: url(https:\/\/aprovacao.website\/modus\/wp-content\/uploads\/2023\/04\/3-711x400.jpg);\n}\n#banner-1766168667 .overlay {\n  background-color: rgba(0, 0, 0, 0.21);\n}\n#banner-1766168667 .bg {\n  background-position: 90% 7%;\n}\n<\/style>\n  <\/div>\n\n\n\n  <div class=\"banner has-hover\" id=\"banner-249448733\">\n          <div class=\"banner-inner fill\">\n        <div class=\"banner-bg fill\" >\n            <div class=\"bg fill bg-fill \"><\/div>\n                                    \n                    <\/div>\n        <div class=\"banner-layers container\">\n            <div class=\"fill banner-link\"><\/div>            \n   <div id=\"text-box-203177246\" class=\"text-box banner-layer text-box-circle x95 md-x95 lg-x95 y50 md-y50 lg-y50 res-text\">\n                                <div class=\"text dark\">\n              \n              <div class=\"text-inner text-center\">\n                  \n<h2 class=\"uppercase\" style=\"text-align: center;\"><span style=\"color: #003366;\"><strong>Forma\u00e7\u00e3o<br \/>de Vigilantes<\/strong><\/span><\/h2>\n<h5 style=\"text-align: center;\"><span style=\"color: #003366; font-size: 170%;\">Profissionalizante para atuar<br \/>no segmento de seguran\u00e7a patrimonial<br \/><span style=\"color: #808080;\"><strong><span style=\"font-size: 80%;\">Modus- Centro &#8211; Esta\u00e7\u00e3o Arm\u00eania.<\/span><\/strong><\/span><br \/><span style=\"color: #808080;\"><strong><span style=\"font-size: 80%;\">Pr\u00f3xima turma dia 24\/04\/2023<\/span><\/strong><span style=\"font-size: 80%;\"><br \/><\/span><span style=\"font-size: 75%;\">*Com 2 certificados. Curso extracurricular incluso.<\/span><\/span><\/span><\/h5>\n<a data-animate=\"fadeInUp\" class=\"button success is-xlarge\"  style=\"border-radius:22px;\">\n    <span>Inscreva-se<\/span>\n  <i class=\"icon-checkmark\" ><\/i><\/a>\n\n              <\/div>\n           <\/div>\n                            \n<style scope=\"scope\">\n\n#text-box-203177246 .text {\n  background-color: rgba(255, 255, 255, 0.83);\n  font-size: 79%;\n}\n#text-box-203177246 {\n  width: 47%;\n}\n<\/style>\n    <\/div>\n \n        <\/div>\n      <\/div>\n\n            \n<style scope=\"scope\">\n\n#banner-249448733 {\n  padding-top: 500px;\n}\n#banner-249448733 .bg.bg-loaded {\n  background-image: url(https:\/\/aprovacao.website\/modus\/wp-content\/uploads\/2023\/04\/9-1400x788.jpg);\n}\n<\/style>\n  <\/div>\n\n\n     <\/div>\n\n     <div class=\"loading-spin dark large centered\"><\/div>\n\n     <style scope=\"scope\">\n             <\/style>\n<\/div>\n\n\n<div class=\"container section-title-container\" ><h3 class=\"section-title section-title-center\"><b><\/b><span class=\"section-title-main\" >nossos cursos e treinamentos<\/span><b><\/b><\/h3><\/div>\n\t<div id=\"gap-1786964308\" class=\"gap-element clearfix\" style=\"display:block; height:auto;\">\n\t\t\n<style scope=\"scope\">\n\n#gap-1786964308 {\n  padding-top: 40px;\n}\n<\/style>\n\t<\/div>\n\t\n<div class=\"row row-divided\"  id=\"row-908914699\">\n\n\t<div class=\"col medium-4 large-4\"  >\n\t\t<div class=\"col-inner\"  >\n\t\t\t\n\t\t\t\n\n\t\t<div class=\"icon-box featured-box icon-box-center text-center\"  style=\"margin:0px 0px 0px 0px;\">\n\t\t\t\t\t<div class=\"icon-box-img has-icon-bg\" style=\"width: 114px\">\n\t\t\t\t<div class=\"icon\">\n\t\t\t\t\t<div class=\"icon-inner\" style=\"border-width:1px;color:rgb(0, 63, 127);\">\n\t\t\t\t\t\t<img loading=\"lazy\" decoding=\"async\" width=\"300\" height=\"300\" src=\"https:\/\/aprovacao.website\/modus\/wp-content\/uploads\/2023\/03\/2-1.png\" class=\"attachment-medium size-medium\" alt=\"\" srcset=\"https:\/\/aprovacao.website\/modus\/wp-content\/uploads\/2023\/03\/2-1.png 300w, https:\/\/aprovacao.website\/modus\/wp-content\/uploads\/2023\/03\/2-1-280x280.png 280w\" sizes=\"auto, (max-width: 300px) 100vw, 300px\" \/>\t\t\t\t\t<\/div>\n\t\t\t\t<\/div>\n\t\t\t<\/div>\n\t\t\t\t<div class=\"icon-box-text last-reset\">\n\t\t\t<h5 class=\"uppercase\">Cursos Regulares<\/h5>\t\t\t\t\t\t\n\t<div id=\"gap-168231504\" class=\"gap-element clearfix\" style=\"display:block; height:auto;\">\n\t\t\n<style scope=\"scope\">\n\n#gap-168231504 {\n  padding-top: 30px;\n}\n<\/style>\n\t<\/div>\n\t\n<a href=\"https:\/\/aprovacao.website\/modus\/cursos\/\" target=\"_self\" class=\"button primary\"  style=\"border-radius:10px;\">\n    <span>Saiba mais<\/span>\n  <\/a>\n\n\t\t<\/div>\n\t<\/div>\n\t\n\t\n\t\t<\/div>\n\t<\/div>\n\n\t\n\n\t<div class=\"col medium-4 large-4\"  >\n\t\t<div class=\"col-inner\"  >\n\t\t\t\n\t\t\t\n\n\t\t<div class=\"icon-box featured-box icon-box-center text-center\"  style=\"margin:0px 0px 0px 0px;\">\n\t\t\t\t\t<div class=\"icon-box-img has-icon-bg\" style=\"width: 114px\">\n\t\t\t\t<div class=\"icon\">\n\t\t\t\t\t<div class=\"icon-inner\" style=\"border-width:1px;color:rgb(0, 63, 127);\">\n\t\t\t\t\t\t<img loading=\"lazy\" decoding=\"async\" width=\"300\" height=\"300\" src=\"https:\/\/aprovacao.website\/modus\/wp-content\/uploads\/2023\/03\/3-1.png\" class=\"attachment-medium size-medium\" alt=\"\" srcset=\"https:\/\/aprovacao.website\/modus\/wp-content\/uploads\/2023\/03\/3-1.png 300w, https:\/\/aprovacao.website\/modus\/wp-content\/uploads\/2023\/03\/3-1-280x280.png 280w\" sizes=\"auto, (max-width: 300px) 100vw, 300px\" \/>\t\t\t\t\t<\/div>\n\t\t\t\t<\/div>\n\t\t\t<\/div>\n\t\t\t\t<div class=\"icon-box-text last-reset\">\n\t\t\t<h5 class=\"uppercase\">Cursos de Extens\u00e3o<\/h5>\t\t\t\t\t\t\n\t<div id=\"gap-2007891270\" class=\"gap-element clearfix\" style=\"display:block; height:auto;\">\n\t\t\n<style scope=\"scope\">\n\n#gap-2007891270 {\n  padding-top: 30px;\n}\n<\/style>\n\t<\/div>\n\t\n<a href=\"https:\/\/aprovacao.website\/modus\/cursos\/\" target=\"_self\" class=\"button primary\"  style=\"border-radius:10px;\">\n    <span>Saiba mais<\/span>\n  <\/a>\n\n\t\t<\/div>\n\t<\/div>\n\t\n\t\n\t\t<\/div>\n\t<\/div>\n\n\t\n\n\t<div class=\"col medium-4 large-4\"  >\n\t\t<div class=\"col-inner\"  >\n\t\t\t\n\t\t\t\n\n\t\t<div class=\"icon-box featured-box icon-box-center text-center\"  style=\"margin:0px 0px 0px 0px;\">\n\t\t\t\t\t<div class=\"icon-box-img has-icon-bg\" style=\"width: 114px\">\n\t\t\t\t<div class=\"icon\">\n\t\t\t\t\t<div class=\"icon-inner\" style=\"border-width:1px;color:rgb(0, 63, 127);\">\n\t\t\t\t\t\t<img loading=\"lazy\" decoding=\"async\" width=\"300\" height=\"300\" src=\"https:\/\/aprovacao.website\/modus\/wp-content\/uploads\/2023\/03\/1-1.png\" class=\"attachment-medium size-medium\" alt=\"\" srcset=\"https:\/\/aprovacao.website\/modus\/wp-content\/uploads\/2023\/03\/1-1.png 300w, https:\/\/aprovacao.website\/modus\/wp-content\/uploads\/2023\/03\/1-1-280x280.png 280w\" sizes=\"auto, (max-width: 300px) 100vw, 300px\" \/>\t\t\t\t\t<\/div>\n\t\t\t\t<\/div>\n\t\t\t<\/div>\n\t\t\t\t<div class=\"icon-box-text last-reset\">\n\t\t\t<h5 class=\"uppercase\">Cursos Extracurriculares<\/h5>\t\t\t\t\t\t\n\t<div id=\"gap-1287161812\" class=\"gap-element clearfix\" style=\"display:block; height:auto;\">\n\t\t\n<style scope=\"scope\">\n\n#gap-1287161812 {\n  padding-top: 30px;\n}\n<\/style>\n\t<\/div>\n\t\n<a href=\"https:\/\/aprovacao.website\/modus\/cursos\/\" target=\"_self\" class=\"button primary\"  style=\"border-radius:10px;\">\n    <span>Saiba mais<\/span>\n  <\/a>\n\n\t\t<\/div>\n\t<\/div>\n\t\n\t\n\t\t<\/div>\n\t<\/div>\n\n\t\n\n<style scope=\"scope\">\n\n<\/style>\n<\/div>\n\t<div id=\"gap-1776546793\" class=\"gap-element clearfix\" style=\"display:block; height:auto;\">\n\t\t\n<style scope=\"scope\">\n\n#gap-1776546793 {\n  padding-top: 40px;\n}\n<\/style>\n\t<\/div>\n\t\n<div class=\"slider-wrapper relative\" id=\"slider-406477350\" >\n    <div class=\"slider slider-nav-circle slider-nav-large slider-nav-light slider-style-normal\"\n        data-flickity-options='{\n            \"cellAlign\": \"center\",\n            \"imagesLoaded\": true,\n            \"lazyLoad\": 1,\n            \"freeScroll\": false,\n            \"wrapAround\": true,\n            \"autoPlay\": 2000,\n            \"pauseAutoPlayOnHover\" : true,\n            \"prevNextButtons\": true,\n            \"contain\" : true,\n            \"adaptiveHeight\" : true,\n            \"dragThreshold\" : 10,\n            \"percentPosition\": true,\n            \"pageDots\": true,\n            \"rightToLeft\": false,\n            \"draggable\": true,\n            \"selectedAttraction\": 0.1,\n            \"parallax\" : 0,\n            \"friction\": 0.6        }'\n        >\n        \n\n  <div class=\"banner has-hover has-parallax\" id=\"banner-1074469622\">\n          <div class=\"banner-inner fill\">\n        <div class=\"banner-bg fill\" data-parallax=\"-1\" data-parallax-container=\".banner\" data-parallax-background>\n            <div class=\"bg fill bg-fill \"><\/div>\n                        <div class=\"overlay\"><\/div>            \n                    <\/div>\n        <div class=\"banner-layers container\">\n            <div class=\"fill banner-link\"><\/div>            \n   <div id=\"text-box-1018093431\" class=\"text-box banner-layer x50 md-x50 lg-x50 y50 md-y50 lg-y50 res-text\">\n                                <div class=\"text dark\">\n              \n              <div class=\"text-inner text-center\">\n                  \n<h2 class=\"font_8\"><span style=\"color: #615f5f;\">Curso de Forma\u00e7\u00e3o de Vigilantes<\/span><\/h2>\n<div id=\"Cntnr0-t4s\" class=\"MmP6go Cntnr0-t4s wixui-box\">\n<div class=\"\" data-mesh-id=\"Cntnr0-t4sinlineContent\" data-testid=\"inline-content\">\n<div data-mesh-id=\"Cntnr0-t4sinlineContent-gridContainer\" data-testid=\"mesh-container-content\">\n<div id=\"WRchTxtz-xm7\" class=\"BaOVQ8 tz5f0K WRchTxtz-xm7 wixui-text\" data-testid=\"richTextElement\">\n<p class=\"font_8\"><span style=\"color: #615f5f;\">Torne-se um profissional da \u00e1rea de seguran\u00e7a!<\/span><\/p>\n<\/div>\n<\/div>\n<\/div>\n<\/div>\n<a class=\"button primary is-outline\"  style=\"border-radius:10px;\">\n    <span>Matr\u00edculas abertas!<\/span>\n  <\/a>\n\n              <\/div>\n           <\/div>\n                            \n<style scope=\"scope\">\n\n#text-box-1018093431 {\n  width: 80%;\n}\n#text-box-1018093431 .text {\n  font-size: 100%;\n}\n<\/style>\n    <\/div>\n \n        <\/div>\n      <\/div>\n\n            \n<style scope=\"scope\">\n\n#banner-1074469622 {\n  padding-top: 300px;\n}\n#banner-1074469622 .bg.bg-loaded {\n  background-image: url(https:\/\/aprovacao.website\/modus\/wp-content\/uploads\/2016\/08\/dummy-2.jpg);\n}\n#banner-1074469622 .overlay {\n  background-color: rgb(220, 216, 207);\n}\n<\/style>\n  <\/div>\n\n\n     <\/div>\n\n     <div class=\"loading-spin dark large centered\"><\/div>\n\n     <style scope=\"scope\">\n             <\/style>\n<\/div>\n\n\n\t<section class=\"section\" id=\"section_6428968\">\n\t\t<div class=\"bg section-bg fill bg-fill  bg-loaded\" >\n\n\t\t\t\n\t\t\t\n\t\t\t\n\n\t\t<\/div>\n\n\t\t<div class=\"section-content relative\">\n\t\t\t\n<div class=\"container section-title-container\" ><h3 class=\"section-title section-title-center\"><b><\/b><span class=\"section-title-main\" >\u00daltimas not\u00edcias<\/span><b><\/b><\/h3><\/div>\n\n  \n    <div class=\"row large-columns-4 medium-columns-3 small-columns-1 slider row-slider slider-nav-reveal\"  data-flickity-options='{\"imagesLoaded\": true, \"groupCells\": \"100%\", \"dragThreshold\" : 5, \"cellAlign\": \"left\",\"wrapAround\": true,\"prevNextButtons\": true,\"percentPosition\": true,\"pageDots\": false, \"rightToLeft\": false, \"autoPlay\" : false}'>\n\n  \t\t<div class=\"col post-item\" >\n\t\t\t<div class=\"col-inner\">\n\t\t\t<a href=\"https:\/\/aprovacao.website\/modus\/2015\/11\/19\/perigo-analista-diz-que-para-cada-empresa-regular-ha-6-clandestinas\/\" class=\"plain\">\n\t\t\t\t<div class=\"box box-push box-text-bottom box-blog-post has-hover\">\n            \t\t\t\t\t<div class=\"box-image\" >\n  \t\t\t\t\t\t<div class=\"image-cover\" style=\"padding-top:70%;\">\n  \t\t\t\t\t\t\t<img loading=\"lazy\" decoding=\"async\" width=\"711\" height=\"400\" src=\"https:\/\/aprovacao.website\/modus\/wp-content\/uploads\/2015\/11\/1-711x400.jpg\" class=\"attachment-medium size-medium wp-post-image\" alt=\"\" srcset=\"https:\/\/aprovacao.website\/modus\/wp-content\/uploads\/2015\/11\/1-711x400.jpg 711w, https:\/\/aprovacao.website\/modus\/wp-content\/uploads\/2015\/11\/1-1400x788.jpg 1400w, https:\/\/aprovacao.website\/modus\/wp-content\/uploads\/2015\/11\/1-768x432.jpg 768w, https:\/\/aprovacao.website\/modus\/wp-content\/uploads\/2015\/11\/1-1536x864.jpg 1536w, https:\/\/aprovacao.website\/modus\/wp-content\/uploads\/2015\/11\/1.jpg 1920w\" sizes=\"auto, (max-width: 711px) 100vw, 711px\" \/>  \t\t\t\t\t\t\t  \t\t\t\t\t\t\t  \t\t\t\t\t\t<\/div>\n  \t\t\t\t\t\t  \t\t\t\t\t<\/div>\n          \t\t\t\t\t<div class=\"box-text text-center\" >\n\t\t\t\t\t<div class=\"box-text-inner blog-post-inner\">\n\n\t\t\t\t\t\n\t\t\t\t\t\t\t\t\t\t<h5 class=\"post-title is-large \">PERIGO. Analista diz que para cada empresa regular h\u00e1 6 clandestinas<\/h5>\n\t\t\t\t\t\t\t\t\t\t<div class=\"is-divider\"><\/div>\n\t\t\t\t\t                    \n\t\t\t\t\t\n\t\t\t\t\t\n\t\t\t\t\t<\/div>\n\t\t\t\t\t<\/div>\n\t\t\t\t\t\t\t\t\t<\/div>\n\t\t\t\t<\/a>\n\t\t\t<\/div>\n\t\t<\/div>\n\t\t<div class=\"col post-item\" >\n\t\t\t<div class=\"col-inner\">\n\t\t\t<a href=\"https:\/\/aprovacao.website\/modus\/2015\/10\/13\/o-preparo-dos-segurancas-em-situacoes-de-emergencia\/\" class=\"plain\">\n\t\t\t\t<div class=\"box box-push box-text-bottom box-blog-post has-hover\">\n            \t\t\t\t\t<div class=\"box-image\" >\n  \t\t\t\t\t\t<div class=\"image-cover\" style=\"padding-top:70%;\">\n  \t\t\t\t\t\t\t<img loading=\"lazy\" decoding=\"async\" width=\"711\" height=\"400\" src=\"https:\/\/aprovacao.website\/modus\/wp-content\/uploads\/2015\/10\/3-711x400.jpg\" class=\"attachment-medium size-medium wp-post-image\" alt=\"\" srcset=\"https:\/\/aprovacao.website\/modus\/wp-content\/uploads\/2015\/10\/3-711x400.jpg 711w, https:\/\/aprovacao.website\/modus\/wp-content\/uploads\/2015\/10\/3-1400x788.jpg 1400w, https:\/\/aprovacao.website\/modus\/wp-content\/uploads\/2015\/10\/3-768x432.jpg 768w, https:\/\/aprovacao.website\/modus\/wp-content\/uploads\/2015\/10\/3-1536x864.jpg 1536w, https:\/\/aprovacao.website\/modus\/wp-content\/uploads\/2015\/10\/3.jpg 1920w\" sizes=\"auto, (max-width: 711px) 100vw, 711px\" \/>  \t\t\t\t\t\t\t  \t\t\t\t\t\t\t  \t\t\t\t\t\t<\/div>\n  \t\t\t\t\t\t  \t\t\t\t\t<\/div>\n          \t\t\t\t\t<div class=\"box-text text-center\" >\n\t\t\t\t\t<div class=\"box-text-inner blog-post-inner\">\n\n\t\t\t\t\t\n\t\t\t\t\t\t\t\t\t\t<h5 class=\"post-title is-large \">O preparo dos seguran\u00e7as em situa\u00e7\u00f5es de emerg\u00eancia<\/h5>\n\t\t\t\t\t\t\t\t\t\t<div class=\"is-divider\"><\/div>\n\t\t\t\t\t                    \n\t\t\t\t\t\n\t\t\t\t\t\n\t\t\t\t\t<\/div>\n\t\t\t\t\t<\/div>\n\t\t\t\t\t\t\t\t\t<\/div>\n\t\t\t\t<\/a>\n\t\t\t<\/div>\n\t\t<\/div>\n\t\t<div class=\"col post-item\" >\n\t\t\t<div class=\"col-inner\">\n\t\t\t<a href=\"https:\/\/aprovacao.website\/modus\/2015\/10\/13\/modus-apresentacao-unidade-jabaquara\/\" class=\"plain\">\n\t\t\t\t<div class=\"box box-push box-text-bottom box-blog-post has-hover\">\n            \t\t\t\t\t<div class=\"box-image\" >\n  \t\t\t\t\t\t<div class=\"image-cover\" style=\"padding-top:70%;\">\n  \t\t\t\t\t\t\t<img loading=\"lazy\" decoding=\"async\" width=\"711\" height=\"400\" src=\"https:\/\/aprovacao.website\/modus\/wp-content\/uploads\/2015\/10\/11-711x400.jpg\" class=\"attachment-medium size-medium wp-post-image\" alt=\"\" srcset=\"https:\/\/aprovacao.website\/modus\/wp-content\/uploads\/2015\/10\/11-711x400.jpg 711w, https:\/\/aprovacao.website\/modus\/wp-content\/uploads\/2015\/10\/11-1400x788.jpg 1400w, https:\/\/aprovacao.website\/modus\/wp-content\/uploads\/2015\/10\/11-768x432.jpg 768w, https:\/\/aprovacao.website\/modus\/wp-content\/uploads\/2015\/10\/11-1536x864.jpg 1536w, https:\/\/aprovacao.website\/modus\/wp-content\/uploads\/2015\/10\/11.jpg 1920w\" sizes=\"auto, (max-width: 711px) 100vw, 711px\" \/>  \t\t\t\t\t\t\t  \t\t\t\t\t\t\t  \t\t\t\t\t\t<\/div>\n  \t\t\t\t\t\t  \t\t\t\t\t<\/div>\n          \t\t\t\t\t<div class=\"box-text text-center\" >\n\t\t\t\t\t<div class=\"box-text-inner blog-post-inner\">\n\n\t\t\t\t\t\n\t\t\t\t\t\t\t\t\t\t<h5 class=\"post-title is-large \">MODUS &#8211; Apresenta\u00e7\u00e3o Unidade Jabaquara<\/h5>\n\t\t\t\t\t\t\t\t\t\t<div class=\"is-divider\"><\/div>\n\t\t\t\t\t                    \n\t\t\t\t\t\n\t\t\t\t\t\n\t\t\t\t\t<\/div>\n\t\t\t\t\t<\/div>\n\t\t\t\t\t\t\t\t\t<\/div>\n\t\t\t\t<\/a>\n\t\t\t<\/div>\n\t\t<\/div>\n\t\t<div class=\"col post-item\" >\n\t\t\t<div class=\"col-inner\">\n\t\t\t<a href=\"https:\/\/aprovacao.website\/modus\/2014\/01\/01\/a-video-blog-post\/\" class=\"plain\">\n\t\t\t\t<div class=\"box box-push box-text-bottom box-blog-post has-hover\">\n            \t\t\t\t\t<div class=\"box-image\" >\n  \t\t\t\t\t\t<div class=\"image-cover\" style=\"padding-top:70%;\">\n  \t\t\t\t\t\t\t<img loading=\"lazy\" decoding=\"async\" width=\"711\" height=\"400\" src=\"https:\/\/aprovacao.website\/modus\/wp-content\/uploads\/2014\/01\/14-711x400.jpg\" class=\"attachment-medium size-medium wp-post-image\" alt=\"\" srcset=\"https:\/\/aprovacao.website\/modus\/wp-content\/uploads\/2014\/01\/14-711x400.jpg 711w, https:\/\/aprovacao.website\/modus\/wp-content\/uploads\/2014\/01\/14-1400x788.jpg 1400w, https:\/\/aprovacao.website\/modus\/wp-content\/uploads\/2014\/01\/14-768x432.jpg 768w, https:\/\/aprovacao.website\/modus\/wp-content\/uploads\/2014\/01\/14-1536x864.jpg 1536w, https:\/\/aprovacao.website\/modus\/wp-content\/uploads\/2014\/01\/14.jpg 1920w\" sizes=\"auto, (max-width: 711px) 100vw, 711px\" \/>  \t\t\t\t\t\t\t  \t\t\t\t\t\t\t  \t\t\t\t\t\t<\/div>\n  \t\t\t\t\t\t  \t\t\t\t\t<\/div>\n          \t\t\t\t\t<div class=\"box-text text-center\" >\n\t\t\t\t\t<div class=\"box-text-inner blog-post-inner\">\n\n\t\t\t\t\t\n\t\t\t\t\t\t\t\t\t\t<h5 class=\"post-title is-large \">Medidas de Seguran\u00e7a para Pandemia do COVID-19<\/h5>\n\t\t\t\t\t\t\t\t\t\t<div class=\"is-divider\"><\/div>\n\t\t\t\t\t                    \n\t\t\t\t\t\n\t\t\t\t\t\n\t\t\t\t\t<\/div>\n\t\t\t\t\t<\/div>\n\t\t\t\t\t\t\t\t\t<\/div>\n\t\t\t\t<\/a>\n\t\t\t<\/div>\n\t\t<\/div>\n<\/div>\n\t\t<\/div>\n\n\t\t\n<style scope=\"scope\">\n\n#section_6428968 {\n  padding-top: 30px;\n  padding-bottom: 30px;\n  background-color: rgb(255,255,255);\n}\n<\/style>\n\t<\/section>\n\t\n","protected":false},"excerpt":{"rendered":"","protected":false},"author":1,"featured_media":17,"parent":90,"menu_order":1,"comment_status":"closed","ping_status":"closed","template":"page-blank.php","meta":{"footnotes":""},"class_list":["post-99","page","type-page","status-publish","has-post-thumbnail","hentry"],"_links":{"self":[{"href":"https:\/\/aprovacao.website\/modus\/wp-json\/wp\/v2\/pages\/99","targetHints":{"allow":["GET"]}}],"collection":[{"href":"https:\/\/aprovacao.website\/modus\/wp-json\/wp\/v2\/pages"}],"about":[{"href":"https:\/\/aprovacao.website\/modus\/wp-json\/wp\/v2\/types\/page"}],"author":[{"embeddable":true,"href":"https:\/\/aprovacao.website\/modus\/wp-json\/wp\/v2\/users\/1"}],"replies":[{"embeddable":true,"href":"https:\/\/aprovacao.website\/modus\/wp-json\/wp\/v2\/comments?post=99"}],"version-history":[{"count":21,"href":"https:\/\/aprovacao.website\/modus\/wp-json\/wp\/v2\/pages\/99\/revisions"}],"predecessor-version":[{"id":481,"href":"https:\/\/aprovacao.website\/modus\/wp-json\/wp\/v2\/pages\/99\/revisions\/481"}],"up":[{"embeddable":true,"href":"https:\/\/aprovacao.website\/modus\/wp-json\/wp\/v2\/pages\/90"}],"wp:featuredmedia":[{"embeddable":true,"href":"https:\/\/aprovacao.website\/modus\/wp-json\/wp\/v2\/media\/17"}],"wp:attachment":[{"href":"https:\/\/aprovacao.website\/modus\/wp-json\/wp\/v2\/media?parent=99"}],"curies":[{"name":"wp","href":"https:\/\/api.w.org\/{rel}","templated":true}]}}