{"id":361,"date":"2023-03-23T14:25:54","date_gmt":"2023-03-23T14:25:54","guid":{"rendered":"https:\/\/aprovacao.website\/modus\/?page_id=361"},"modified":"2023-06-16T20:20:20","modified_gmt":"2023-06-16T20:20:20","slug":"unidades","status":"publish","type":"page","link":"https:\/\/aprovacao.website\/modus\/unidades\/","title":{"rendered":"Unidades"},"content":{"rendered":"\n\t<section class=\"section\" id=\"section_1289490095\">\n\t\t<div class=\"bg section-bg fill bg-fill  bg-loaded\" >\n\n\t\t\t\n\t\t\t\n\t\t\t\n\n\t\t<\/div>\n\n\t\t<div class=\"section-content relative\">\n\t\t\t\n<div class=\"row\"  id=\"row-661112603\">\n\n\t<div class=\"col small-12 large-12\"  >\n\t\t<div class=\"col-inner\"  >\n\t\t\t\n\t\t\t\n<p><img loading=\"lazy\" decoding=\"async\" class=\"size-medium wp-image-438 alignleft\" src=\"https:\/\/aprovacao.website\/modus\/wp-content\/uploads\/2023\/06\/mapa-550x400.jpg\" alt=\"\" width=\"550\" height=\"400\" srcset=\"https:\/\/aprovacao.website\/modus\/wp-content\/uploads\/2023\/06\/mapa-550x400.jpg 550w, https:\/\/aprovacao.website\/modus\/wp-content\/uploads\/2023\/06\/mapa.jpg 688w\" sizes=\"auto, (max-width: 550px) 100vw, 550px\" \/><\/p>\n<p>\u00a0<\/p>\n<p><b>Matriz: CENTRO<br \/><\/b>Rua Dr. Rodrigo de Barros, 355, Bom Retiro<\/p>\n<p><b>Filial: JABAQUARA;<br \/><\/b>Rua dos Grumixamas, 36, Jabaquara<\/p>\n<p><b>Filial: GUARULHOS.<br \/><\/b>Rua S\u00e3o Domingos, 54, Centro<\/p>\n\t\t<\/div>\n\t<\/div>\n\n\t\n<\/div>\n\t\t<\/div>\n\n\t\t\n<style scope=\"scope\">\n\n#section_1289490095 {\n  padding-top: 30px;\n  padding-bottom: 30px;\n}\n<\/style>\n\t<\/section>\n\t\n\t<section class=\"section\" id=\"section_1377719487\">\n\t\t<div class=\"bg section-bg fill bg-fill  bg-loaded\" >\n\n\t\t\t\n\t\t\t\n\t\t\t\n\n\t\t<\/div>\n\n\t\t<div class=\"section-content relative\">\n\t\t\t\n<div class=\"row\"  id=\"row-231182216\">\n\n\t<div class=\"col medium-4 small-12 large-4\"  >\n\t\t<div class=\"col-inner\"  >\n\t\t\t\n\t\t\t\n<h3 class=\"font_4\"><strong>MODUS JABAQUARA<\/strong><img loading=\"lazy\" decoding=\"async\" class=\"alignnone size-medium wp-image-367\" src=\"https:\/\/aprovacao.website\/modus\/wp-content\/uploads\/2023\/03\/2-400x400.png\" alt=\"\" width=\"400\" height=\"400\" srcset=\"https:\/\/aprovacao.website\/modus\/wp-content\/uploads\/2023\/03\/2-400x400.png 400w, https:\/\/aprovacao.website\/modus\/wp-content\/uploads\/2023\/03\/2-800x800.png 800w, https:\/\/aprovacao.website\/modus\/wp-content\/uploads\/2023\/03\/2-280x280.png 280w, https:\/\/aprovacao.website\/modus\/wp-content\/uploads\/2023\/03\/2-768x768.png 768w, https:\/\/aprovacao.website\/modus\/wp-content\/uploads\/2023\/03\/2.png 1024w\" sizes=\"auto, (max-width: 400px) 100vw, 400px\" \/><\/h3>\n\t\t<\/div>\n\t<\/div>\n\n\t\n\n\t<div class=\"col medium-4 small-12 large-4\"  >\n\t\t<div class=\"col-inner\"  >\n\t\t\t\n\t\t\t\n<h3 class=\"font_4\"><strong>MODUS <\/strong><strong>GUARULHOS<\/strong><img loading=\"lazy\" decoding=\"async\" class=\"alignnone size-medium wp-image-368\" src=\"https:\/\/aprovacao.website\/modus\/wp-content\/uploads\/2023\/03\/1-400x400.png\" alt=\"\" width=\"400\" height=\"400\" srcset=\"https:\/\/aprovacao.website\/modus\/wp-content\/uploads\/2023\/03\/1-400x400.png 400w, https:\/\/aprovacao.website\/modus\/wp-content\/uploads\/2023\/03\/1-800x800.png 800w, https:\/\/aprovacao.website\/modus\/wp-content\/uploads\/2023\/03\/1-280x280.png 280w, https:\/\/aprovacao.website\/modus\/wp-content\/uploads\/2023\/03\/1-768x768.png 768w, https:\/\/aprovacao.website\/modus\/wp-content\/uploads\/2023\/03\/1.png 1024w\" sizes=\"auto, (max-width: 400px) 100vw, 400px\" \/><\/h3>\n\t\t<\/div>\n\t<\/div>\n\n\t\n\n\t<div class=\"col medium-4 small-12 large-4\"  >\n\t\t<div class=\"col-inner\"  >\n\t\t\t\n\t\t\t\n<h3 class=\"font_4\"><strong>MODUS <\/strong><strong>CENTRO (LUZ)<br \/><img loading=\"lazy\" decoding=\"async\" class=\"alignnone size-medium wp-image-369\" src=\"https:\/\/aprovacao.website\/modus\/wp-content\/uploads\/2023\/03\/3-400x400.png\" alt=\"\" width=\"400\" height=\"400\" srcset=\"https:\/\/aprovacao.website\/modus\/wp-content\/uploads\/2023\/03\/3-400x400.png 400w, https:\/\/aprovacao.website\/modus\/wp-content\/uploads\/2023\/03\/3-800x800.png 800w, https:\/\/aprovacao.website\/modus\/wp-content\/uploads\/2023\/03\/3-280x280.png 280w, https:\/\/aprovacao.website\/modus\/wp-content\/uploads\/2023\/03\/3-768x768.png 768w, https:\/\/aprovacao.website\/modus\/wp-content\/uploads\/2023\/03\/3.png 1024w\" sizes=\"auto, (max-width: 400px) 100vw, 400px\" \/><\/strong><\/h3>\n\t\t<\/div>\n\t<\/div>\n\n\t\n<\/div>\n\t\t<\/div>\n\n\t\t\n<style scope=\"scope\">\n\n#section_1377719487 {\n  padding-top: 0px;\n  padding-bottom: 0px;\n}\n<\/style>\n\t<\/section>\n\t\n\t<section class=\"section\" id=\"section_1490322003\">\n\t\t<div class=\"bg section-bg fill bg-fill  bg-loaded\" >\n\n\t\t\t\n\t\t\t\n\t\t\t\n\n\t\t<\/div>\n\n\t\t<div class=\"section-content relative\">\n\t\t\t\n<div class=\"row\"  id=\"row-2005276385\">\n\n\t<div class=\"col medium-6 small-12 large-6\"  >\n\t\t<div class=\"col-inner\"  >\n\t\t\t\n\t\t\t\n\t<div id=\"gap-1433963208\" class=\"gap-element clearfix\" style=\"display:block; height:auto;\">\n\t\t\n<style scope=\"scope\">\n\n#gap-1433963208 {\n  padding-top: 50px;\n}\n<\/style>\n\t<\/div>\n\t\n<p><img loading=\"lazy\" decoding=\"async\" class=\"wp-image-437 size-full aligncenter\" src=\"https:\/\/aprovacao.website\/modus\/wp-content\/uploads\/2023\/06\/Apresentacao-Modus-2.jpg\" alt=\"\" width=\"1020\" height=\"720\" srcset=\"https:\/\/aprovacao.website\/modus\/wp-content\/uploads\/2023\/06\/Apresentacao-Modus-2.jpg 1020w, https:\/\/aprovacao.website\/modus\/wp-content\/uploads\/2023\/06\/Apresentacao-Modus-2-567x400.jpg 567w, https:\/\/aprovacao.website\/modus\/wp-content\/uploads\/2023\/06\/Apresentacao-Modus-2-768x542.jpg 768w\" sizes=\"auto, (max-width: 1020px) 100vw, 1020px\" \/><\/p>\n\t\t<\/div>\n\t<\/div>\n\n\t\n\n\t<div class=\"col medium-6 small-12 large-6\"  >\n\t\t<div class=\"col-inner\"  >\n\t\t\t\n\t\t\t\n<div id=\"hzyvpgqa\" class=\"BaOVQ8 tz5f0K hzyvpgqa wixui-rich-text\" data-testid=\"richTextElement\">\n<h3 class=\"font_8\"><strong>Instala\u00e7\u00f5es e Suporte<\/strong><\/h3>\n<p class=\"font_8\">Nos mesmos padr\u00f5es da nossa matriz, visando o conforto e o bem estar de nossos clientes:<\/p>\n<\/div>\n<div id=\"hzyvpgqb\" class=\"BaOVQ8 tz5f0K hzyvpgqb wixui-rich-text\" data-testid=\"richTextElement\">\n<p>&#8211; Sistema de ventila\u00e7\u00e3o adequado para o ambiente;<br \/>&#8211; Cortinas para controle da luminosidade;<br \/>&#8211; Cadeiras estofadas;<br \/>&#8211; Data Show para exibi\u00e7\u00e3o do conte\u00fado do treinamento;<br \/>&#8211; Quadro branco;<br \/>&#8211; Ambiente com simula\u00e7\u00e3o de uma Central de Seguran\u00e7a;<br \/>&#8211; 6 Salas de Aulas;<br \/>&#8211; Sala para instru\u00e7\u00f5es de defesa pessoal e condicionamento f\u00edsico;<br \/>&#8211; Stand de Tiro;<br \/>&#8211; Refeit\u00f3rio<\/p>\n<\/div>\n\t\t<\/div>\n\t<\/div>\n\n\t\n<\/div>\n\t\t<\/div>\n\n\t\t\n<style scope=\"scope\">\n\n#section_1490322003 {\n  padding-top: 30px;\n  padding-bottom: 30px;\n}\n<\/style>\n\t<\/section>\n\t\n","protected":false},"excerpt":{"rendered":"","protected":false},"author":1,"featured_media":0,"parent":0,"menu_order":0,"comment_status":"closed","ping_status":"closed","template":"","meta":{"footnotes":""},"class_list":["post-361","page","type-page","status-publish","hentry"],"_links":{"self":[{"href":"https:\/\/aprovacao.website\/modus\/wp-json\/wp\/v2\/pages\/361","targetHints":{"allow":["GET"]}}],"collection":[{"href":"https:\/\/aprovacao.website\/modus\/wp-json\/wp\/v2\/pages"}],"about":[{"href":"https:\/\/aprovacao.website\/modus\/wp-json\/wp\/v2\/types\/page"}],"author":[{"embeddable":true,"href":"https:\/\/aprovacao.website\/modus\/wp-json\/wp\/v2\/users\/1"}],"replies":[{"embeddable":true,"href":"https:\/\/aprovacao.website\/modus\/wp-json\/wp\/v2\/comments?post=361"}],"version-history":[{"count":6,"href":"https:\/\/aprovacao.website\/modus\/wp-json\/wp\/v2\/pages\/361\/revisions"}],"predecessor-version":[{"id":439,"href":"https:\/\/aprovacao.website\/modus\/wp-json\/wp\/v2\/pages\/361\/revisions\/439"}],"wp:attachment":[{"href":"https:\/\/aprovacao.website\/modus\/wp-json\/wp\/v2\/media?parent=361"}],"curies":[{"name":"wp","href":"https:\/\/api.w.org\/{rel}","templated":true}]}}