{"id":91,"date":"2013-08-11T19:06:15","date_gmt":"2013-08-11T22:06:15","guid":{"rendered":"http:\/\/localhost:8888\/test\/?page_id=520"},"modified":"2023-04-27T10:58:06","modified_gmt":"2023-04-27T13:58:06","slug":"sobre","status":"publish","type":"page","link":"https:\/\/aprovacao.website\/metaljet\/sobre\/","title":{"rendered":"Sobre"},"content":{"rendered":"\n  <div class=\"banner has-hover has-parallax\" id=\"banner-1256848525\">\n          <div class=\"banner-inner fill\">\n        <div class=\"banner-bg fill\" data-parallax=\"-3\" data-parallax-container=\".banner\" data-parallax-background>\n            <div class=\"bg fill bg-fill \"><\/div>\n                        <div class=\"overlay\"><\/div>            \n                    <\/div>\n        <div class=\"banner-layers container\">\n            <div class=\"fill banner-link\"><\/div>            \n   <div id=\"text-box-277660028\" class=\"text-box banner-layer x50 md-x50 lg-x50 y90 md-y90 lg-y90 res-text\">\n                                <div class=\"text dark\">\n              \n              <div class=\"text-inner text-center\">\n                  \n<h1 class=\"lead\">Sobre a MetalJet<\/h1>\n<p>Somos a \u00fanica empresa que fabrica equipamentos de metaliza\u00e7\u00e3o por arco el\u00e9trico no Brasil, oferecendo modelos diferentes, al\u00e9m de comercializarmos equipamentos de metaliza\u00e7\u00e3o que trabalham com gases e pe\u00e7as para aplica\u00e7\u00e3o de camadas cer\u00e2micas.<\/p>\n              <\/div>\n           <\/div>\n                            \n<style scope=\"scope\">\n\n#text-box-277660028 {\n  width: 60%;\n}\n#text-box-277660028 .text {\n  font-size: 100%;\n}\n<\/style>\n    <\/div>\n \n        <\/div>\n      <\/div>\n\n            \n<style scope=\"scope\">\n\n#banner-1256848525 {\n  padding-top: 344px;\n}\n#banner-1256848525 .bg.bg-loaded {\n  background-image: url(https:\/\/aprovacao.website\/metaljet\/wp-content\/uploads\/2023\/03\/Metalizacao-por-aspersao-1200x800.jpeg);\n}\n#banner-1256848525 .overlay {\n  background-color: rgba(0, 0, 0, 0.49);\n}\n<\/style>\n  <\/div>\n\n\n<div class=\"row\"  id=\"row-1372638226\">\n\n\t<div class=\"col hide-for-medium medium-2 small-12 large-2\"  >\n\t\t<div class=\"col-inner\"  >\n\t\t\t\n\t\t\t\n\t\t<\/div>\n\t<\/div>\n\n\t\n\n\t<div class=\"col medium-8 small-12 large-8\"  >\n\t\t<div class=\"col-inner\"  >\n\t\t\t\n\t\t\t\n<p style=\"text-align: justify;\">A\u00a0<strong>Metaljet<\/strong>\u00a0foi fundada em 2013 com o intuito de atender as necessidades crescentes do mercado no que se refere \u00e0 modalidade de presta\u00e7\u00e3o de servi\u00e7os de consultoria, treinamentos operacionais, e oferecer uma gama de equipamentos para metaliza\u00e7\u00e3o de alta qualidade para atender cada uma das necessidades de aplica\u00e7\u00e3o de revestimentos, sejam para prote\u00e7\u00e3o contra corros\u00e3o, desgaste, fric\u00e7\u00e3o, temperatura, etc. Atuamos tamb\u00e9m com a\u00a0manuten\u00e7\u00e3o especifica de equipamentos de diversas marcas.<\/p>\n<p style=\"text-align: justify;\">H\u00e1 mais de 40 anos no mercado, o senhor <strong>Osvaldo Cosentino<\/strong>, desenvolve trabalhos\u00a0na \u00e1rea de engenharia de superf\u00edcies e metalizado por proje\u00e7\u00e3o o que garante aos nossos clientes a melhor assist\u00eancia\u00a0t\u00e9cnica, manuten\u00e7\u00e3o de seus equipamentos e assessoria\u00a0em novas aplica\u00e7\u00f5es.<\/p>\n<p style=\"text-align: justify;\">A\u00a0Metaljet\u00a0atua nas \u00e1reas de <strong>RET\u00cdFICA, GR\u00c1FICA, AGRICULTURA, CIMENTO, ENERGIA EL\u00c9TRICA, PETR\u00d3LEO<\/strong> dentre outras, com comprovado sucesso. Os profissionais da\u00a0Metaljet\u00a0s\u00e3o treinados para trabalhar dentro das maiores exig\u00eancias normativas Nacionais e Internacionais.<\/p>\n<p style=\"text-align: justify;\">Estamos em condi\u00e7\u00f5es de atender em todo o territ\u00f3rio nacional com prazos de entrega que atendam a necessidade do cliente.<\/p>\n<p style=\"text-align: justify;\">Temos profunda e s\u00f3lida experi\u00eancia em melhorias e upgrades de equipamentos novos ou existentes de acordo com as m\u00ednimas recomenda\u00e7\u00f5es normativas.<\/p>\n<p style=\"text-align: justify;\">Contamos com colaboradores altamente competentes e especializados nas \u00e1reas dedicadas, o que garante um servi\u00e7o altamente qualificado e continuamente atualizado nas tecnologias de avan\u00e7ado &#8220;know-how&#8221; e regulamentos vigentes &#8220;up-to-date&#8221;.<\/p>\n<div class=\"text-center\"><div class=\"is-divider divider clearfix\" ><\/div><\/div>\n\t\t<\/div>\n\t<\/div>\n\n\t\n<\/div>\n\t<section class=\"section\" id=\"section_2041261133\">\n\t\t<div class=\"bg section-bg fill bg-fill  bg-loaded\" >\n\n\t\t\t\n\t\t\t\n\t\t\t\n\n\t\t<\/div>\n\n\t\t<div class=\"section-content relative\">\n\t\t\t\n<div class=\"row\"  id=\"row-755236002\">\n\n\t<div class=\"col medium-4 small-12 large-4\"  >\n\t\t<div class=\"col-inner\"  >\n\t\t\t\n\t\t\t\n\n\t\t<div class=\"icon-box featured-box icon-box-center text-center\"  >\n\t\t\t\t\t<div class=\"icon-box-img\" style=\"width: 125px\">\n\t\t\t\t<div class=\"icon\">\n\t\t\t\t\t<div class=\"icon-inner\" >\n\t\t\t\t\t\t<img loading=\"lazy\" decoding=\"async\" width=\"400\" height=\"400\" src=\"https:\/\/aprovacao.website\/metaljet\/wp-content\/uploads\/2023\/03\/1-400x400.png\" class=\"attachment-medium size-medium\" alt=\"\" srcset=\"https:\/\/aprovacao.website\/metaljet\/wp-content\/uploads\/2023\/03\/1-400x400.png 400w, https:\/\/aprovacao.website\/metaljet\/wp-content\/uploads\/2023\/03\/1-280x280.png 280w, https:\/\/aprovacao.website\/metaljet\/wp-content\/uploads\/2023\/03\/1.png 500w\" sizes=\"auto, (max-width: 400px) 100vw, 400px\" \/>\t\t\t\t\t<\/div>\n\t\t\t\t<\/div>\n\t\t\t<\/div>\n\t\t\t\t<div class=\"icon-box-text last-reset\">\n\t\t\t\t\t\t\t\t\t\n<h3 style=\"text-align: center;\">Miss\u00e3o<\/h3>\n<p style=\"text-align: center;\">Temos como miss\u00e3o proporcionar ao cliente, equipamentos e servi\u00e7os de qualidade, visando sua satisfa\u00e7\u00e3o e almejando sua confian\u00e7a e a de nossos colaboradores.<\/p>\n\t\t<\/div>\n\t<\/div>\n\t\n\t\n\t\t<\/div>\n\t<\/div>\n\n\t\n\n\t<div class=\"col medium-4 small-12 large-4\"  >\n\t\t<div class=\"col-inner\"  >\n\t\t\t\n\t\t\t\n\n\t\t<div class=\"icon-box featured-box icon-box-center text-center\"  >\n\t\t\t\t\t<div class=\"icon-box-img\" style=\"width: 125px\">\n\t\t\t\t<div class=\"icon\">\n\t\t\t\t\t<div class=\"icon-inner\" >\n\t\t\t\t\t\t<img loading=\"lazy\" decoding=\"async\" width=\"400\" height=\"400\" src=\"https:\/\/aprovacao.website\/metaljet\/wp-content\/uploads\/2023\/03\/3-400x400.png\" class=\"attachment-medium size-medium\" alt=\"\" srcset=\"https:\/\/aprovacao.website\/metaljet\/wp-content\/uploads\/2023\/03\/3-400x400.png 400w, https:\/\/aprovacao.website\/metaljet\/wp-content\/uploads\/2023\/03\/3-280x280.png 280w, https:\/\/aprovacao.website\/metaljet\/wp-content\/uploads\/2023\/03\/3.png 500w\" sizes=\"auto, (max-width: 400px) 100vw, 400px\" \/>\t\t\t\t\t<\/div>\n\t\t\t\t<\/div>\n\t\t\t<\/div>\n\t\t\t\t<div class=\"icon-box-text last-reset\">\n\t\t\t\t\t\t\t\t\t\n<h3 style=\"text-align: center;\">Vis\u00e3o<\/h3>\n<p style=\"text-align: center;\">Ser empresa de refer\u00eancia, reconhecida como a melhor op\u00e7\u00e3o por clientes, fornecedores e parceiros, pela qualidade de nossos servi\u00e7os e relacionamento. Temos o objetivo de desenvolver solu\u00e7\u00f5es tecnol\u00f3gicas inovadoras e crescimento e reconhecimento cont\u00ednuo, nos trazendo maior visibilidade no mercado em que atuamos.<\/p>\n\t\t<\/div>\n\t<\/div>\n\t\n\t\n\t\t<\/div>\n\t<\/div>\n\n\t\n\n\t<div class=\"col medium-4 small-12 large-4\"  >\n\t\t<div class=\"col-inner\"  >\n\t\t\t\n\t\t\t\n\n\t\t<div class=\"icon-box featured-box icon-box-center text-center\"  >\n\t\t\t\t\t<div class=\"icon-box-img\" style=\"width: 125px\">\n\t\t\t\t<div class=\"icon\">\n\t\t\t\t\t<div class=\"icon-inner\" >\n\t\t\t\t\t\t<img loading=\"lazy\" decoding=\"async\" width=\"400\" height=\"400\" src=\"https:\/\/aprovacao.website\/metaljet\/wp-content\/uploads\/2023\/03\/2-400x400.png\" class=\"attachment-medium size-medium\" alt=\"\" srcset=\"https:\/\/aprovacao.website\/metaljet\/wp-content\/uploads\/2023\/03\/2-400x400.png 400w, https:\/\/aprovacao.website\/metaljet\/wp-content\/uploads\/2023\/03\/2-280x280.png 280w, https:\/\/aprovacao.website\/metaljet\/wp-content\/uploads\/2023\/03\/2.png 500w\" sizes=\"auto, (max-width: 400px) 100vw, 400px\" \/>\t\t\t\t\t<\/div>\n\t\t\t\t<\/div>\n\t\t\t<\/div>\n\t\t\t\t<div class=\"icon-box-text last-reset\">\n\t\t\t\t\t\t\t\t\t\n<h3 style=\"text-align: center;\">Valores<\/h3>\n<p>\u00c9tica nos neg\u00f3cios, Responsabilidade social, Relacionamento de confian\u00e7a clientes e fornecedores, Qualidade nos servi\u00e7os, Satisfa\u00e7\u00e3o dos clientes, Respeito ao meio ambiente, Crescimento sustent\u00e1vel, Valoriza\u00e7\u00e3o e respeito \u00e0s pessoas,Trabalho em equipe e respeito m\u00fatuo<\/p>\n\t\t<\/div>\n\t<\/div>\n\t\n\t\n\t\t<\/div>\n\t<\/div>\n\n\t\n<\/div>\n\t\t<\/div>\n\n\t\t\n<style scope=\"scope\">\n\n#section_2041261133 {\n  padding-top: 30px;\n  padding-bottom: 30px;\n  background-color: rgb(244, 244, 244);\n}\n<\/style>\n\t<\/section>\n\t\n","protected":false},"excerpt":{"rendered":"","protected":false},"author":1,"featured_media":17,"parent":0,"menu_order":0,"comment_status":"closed","ping_status":"closed","template":"page-transparent-header-light.php","meta":{"footnotes":""},"class_list":["post-91","page","type-page","status-publish","has-post-thumbnail","hentry"],"_links":{"self":[{"href":"https:\/\/aprovacao.website\/metaljet\/wp-json\/wp\/v2\/pages\/91","targetHints":{"allow":["GET"]}}],"collection":[{"href":"https:\/\/aprovacao.website\/metaljet\/wp-json\/wp\/v2\/pages"}],"about":[{"href":"https:\/\/aprovacao.website\/metaljet\/wp-json\/wp\/v2\/types\/page"}],"author":[{"embeddable":true,"href":"https:\/\/aprovacao.website\/metaljet\/wp-json\/wp\/v2\/users\/1"}],"replies":[{"embeddable":true,"href":"https:\/\/aprovacao.website\/metaljet\/wp-json\/wp\/v2\/comments?post=91"}],"version-history":[{"count":10,"href":"https:\/\/aprovacao.website\/metaljet\/wp-json\/wp\/v2\/pages\/91\/revisions"}],"predecessor-version":[{"id":366,"href":"https:\/\/aprovacao.website\/metaljet\/wp-json\/wp\/v2\/pages\/91\/revisions\/366"}],"wp:featuredmedia":[{"embeddable":true,"href":"https:\/\/aprovacao.website\/metaljet\/wp-json\/wp\/v2\/media\/17"}],"wp:attachment":[{"href":"https:\/\/aprovacao.website\/metaljet\/wp-json\/wp\/v2\/media?parent=91"}],"curies":[{"name":"wp","href":"https:\/\/api.w.org\/{rel}","templated":true}]}}