{"id":4572,"date":"2024-10-09T19:19:25","date_gmt":"2024-10-09T19:19:25","guid":{"rendered":"https:\/\/aprovacao.website\/logical\/?page_id=4572"},"modified":"2024-11-12T19:59:24","modified_gmt":"2024-11-12T19:59:24","slug":"contatos","status":"publish","type":"page","link":"https:\/\/aprovacao.website\/logical\/contatos\/","title":{"rendered":"Contatos"},"content":{"rendered":"\t<div id=\"gap-343905133\" class=\"gap-element clearfix\" style=\"display:block; height:auto;\">\n\t\t\n<style>\n#gap-343905133 {\n  padding-top: 100px;\n}\n<\/style>\n\t<\/div>\n\t\n\n\t<section class=\"section\" id=\"section_231742905\">\n\t\t<div class=\"bg section-bg fill bg-fill  bg-loaded\" >\n\n\t\t\t\n\t\t\t\n\t\t\t\n\n\t\t<\/div>\n\n\t\t\n\n\t\t<div class=\"section-content relative\">\n\t\t\t\n\t<div id=\"gap-1542604629\" class=\"gap-element clearfix\" style=\"display:block; height:auto;\">\n\t\t\n<style>\n#gap-1542604629 {\n  padding-top: 50px;\n}\n<\/style>\n\t<\/div>\n\t\n<span class=\"scroll-to\" data-label=\"Scroll to: #form\" data-bullet=\"false\" data-link=\"#form\" data-title=\"form\" ><a name=\"form\"><\/a><\/span>\n<div class=\"container section-title-container\" ><h3 class=\"section-title section-title-center\"><b><\/b><span class=\"section-title-main\" >Entre em contato<\/span><b><\/b><\/h3><\/div>\n\t\t<\/div>\n\n\t\t\n<style>\n#section_231742905 {\n  padding-top: 0px;\n  padding-bottom: 0px;\n  background-color: rgb(255, 255, 255);\n}\n<\/style>\n\t<\/section>\n\t\n\n\t<section class=\"section\" id=\"section_1760453316\">\n\t\t<div class=\"bg section-bg fill bg-fill  bg-loaded\" >\n\n\t\t\t\n\t\t\t\n\t\t\t\n\n\t\t<\/div>\n\n\t\t\n\n\t\t<div class=\"section-content relative\">\n\t\t\t\n<div class=\"row row-collapse\"  id=\"row-1969607955\">\n\n\t<div id=\"col-1850417407\" class=\"col col-text-banner medium-6 small-12 large-6\"  >\n\t\t\t\t<div class=\"col-inner\"  >\n\t\t\t\n\t\t\t\n\n  <div class=\"banner has-hover\" id=\"banner-1003263671\">\n          <div class=\"banner-inner fill\">\n        <div class=\"banner-bg fill\" >\n            <div class=\"bg fill bg-fill \"><\/div>\n                        <div class=\"overlay\"><\/div>            \n                    <\/div>\n\t\t\n        <div class=\"banner-layers container\">\n            <div class=\"fill banner-link\"><\/div>            \n   <div id=\"text-box-186909943\" class=\"text-box banner-layer box-text-banner x50 md-x50 lg-x50 y95 md-y20 lg-y90 res-text\">\n                                <div class=\"text-box-content text dark\">\n              \n              <div class=\"text-inner text-center\">\n                  \n<div class=\"row align-center\"  id=\"row-252468584\">\n\n\t<div id=\"col-1264444350\" class=\"col col-text-banner small-12 large-12\"  >\n\t\t\t\t<div class=\"col-inner\"  >\n\t\t\t\n\t\t\t\n\t<div id=\"gap-1421366285\" class=\"gap-element clearfix\" style=\"display:block; height:auto;\">\n\t\t\n<style>\n#gap-1421366285 {\n  padding-top: 16px;\n}\n<\/style>\n\t<\/div>\n\t\n<h6>contatos<\/h6>\n<div class=\"is-divider divider clearfix\" style=\"margin-top:0.3em;margin-bottom:0.3em;max-width:69px;height:2px;background-color:rgb(255, 188, 60);\"><\/div>\n\t<div id=\"gap-2046574847\" class=\"gap-element clearfix\" style=\"display:block; height:auto;\">\n\t\t\n<style>\n#gap-2046574847 {\n  padding-top: 14px;\n}\n<\/style>\n\t<\/div>\n\t\n\t<div id=\"text-742998823\" class=\"text\">\n\t\t\n<h3>Dimensionamos precisamente a melhor solu\u00e7\u00e3o para sua empresa<\/h3>\n\t\t\n<style>\n#text-742998823 {\n  font-size: 0.85rem;\n  line-height: 1;\n}\n<\/style>\n\t<\/div>\n\t\n<a rel=\"noopener noreferrer\" href=\"#form\" target=\"_blank\" class=\"button primary is-xxlarge\"  style=\"border-radius:5px;padding:7px 16px 7px 16px;\">\n  <i class=\"icon-envelop\" aria-hidden=\"true\" ><\/i>  <span>Entre em contato<\/span>\n  <\/a>\n\n\t<div id=\"gap-228968512\" class=\"gap-element clearfix\" style=\"display:block; height:auto;\">\n\t\t\n<style>\n#gap-228968512 {\n  padding-top: 10px;\n}\n<\/style>\n\t<\/div>\n\t\n\t\t<\/div>\n\t\t\t\t\n<style>\n#col-1264444350 > .col-inner {\n  padding: 0px 18px 0px 18px;\n}\n<\/style>\n\t<\/div>\n\n\t\n<\/div>\n              <\/div>\n           <\/div>\n                            \n<style>\n#text-box-186909943 .text-box-content {\n  background-color: rgba(0, 0, 0, 0.471);\n  border-radius: 30px;\n  font-size: 66%;\n}\n#text-box-186909943 .text-inner {\n  padding: 0px 20px 0px 20px;\n}\n#text-box-186909943 {\n  width: 100%;\n}\n@media (min-width:550px) {\n  #text-box-186909943 {\n    width: 88%;\n  }\n}\n<\/style>\n    <\/div>\n \n        <\/div>\n      <\/div>\n\n            \n<style>\n#banner-1003263671 {\n  padding-top: 99.99%;\n  background-color: rgb(255, 255, 255);\n}\n#banner-1003263671 .bg.bg-loaded {\n  background-image: url(https:\/\/aprovacao.website\/logical\/wp-content\/uploads\/2024\/11\/imagem-contato.png);\n}\n#banner-1003263671 .overlay {\n  background-color: rgba(255, 255, 255, 0);\n}\n#banner-1003263671 .bg {\n  background-position: 69% 0%;\n}\n@media (min-width:550px) {\n  #banner-1003263671 {\n    padding-top: 126.08%;\n  }\n}\n<\/style>\n  <\/div>\n\n\n\t\t<\/div>\n\t\t\t\t\n<style>\n#col-1850417407 > .col-inner {\n  padding: 0px 18px 0px 18px;\n}\n<\/style>\n\t<\/div>\n\n\t\n\n\t<div id=\"col-1188602519\" class=\"col medium-6 small-12 large-6\"  >\n\t\t\t\t<div class=\"col-inner\"  >\n\t\t\t\n\t\t\t\n<p>Utilize o formul\u00e1rio para detalhar sua demanda por contrata\u00e7\u00e3o. Para um atendimento mais \u00e1gil, utilize o bot\u00e3o do WhatsApp e fale diretamente com nossa um membro especializado na nossa equipe.\u00a0<\/p>\n\n<div class=\"wpcf7 no-js\" id=\"wpcf7-f404-o1\" lang=\"pt-BR\" dir=\"ltr\" data-wpcf7-id=\"404\">\n<div class=\"screen-reader-response\"><p role=\"status\" aria-live=\"polite\" aria-atomic=\"true\"><\/p> <ul><\/ul><\/div>\n<form action=\"\/logical\/wp-json\/wp\/v2\/pages\/4572#wpcf7-f404-o1\" method=\"post\" class=\"wpcf7-form init\" aria-label=\"Formul\u00e1rios de contato\" novalidate=\"novalidate\" data-status=\"init\">\n<fieldset class=\"hidden-fields-container\"><input type=\"hidden\" name=\"_wpcf7\" value=\"404\" \/><input type=\"hidden\" name=\"_wpcf7_version\" value=\"6.1.5\" \/><input type=\"hidden\" name=\"_wpcf7_locale\" value=\"pt_BR\" \/><input type=\"hidden\" name=\"_wpcf7_unit_tag\" value=\"wpcf7-f404-o1\" \/><input type=\"hidden\" name=\"_wpcf7_container_post\" value=\"0\" \/><input type=\"hidden\" name=\"_wpcf7_posted_data_hash\" value=\"\" \/>\n<\/fieldset>\n<p><label> Nome<br \/>\n<span class=\"wpcf7-form-control-wrap\" data-name=\"nome\"><input size=\"40\" maxlength=\"400\" class=\"wpcf7-form-control wpcf7-text wpcf7-validates-as-required\" aria-required=\"true\" aria-invalid=\"false\" placeholder=\"Nome\" value=\"\" type=\"text\" name=\"nome\" \/><\/span> <\/label>\n<\/p>\n<p><label>Email Corporativo<br \/>\n<span class=\"wpcf7-form-control-wrap\" data-name=\"email\"><input size=\"40\" maxlength=\"400\" class=\"wpcf7-form-control wpcf7-email wpcf7-validates-as-required wpcf7-text wpcf7-validates-as-email\" aria-required=\"true\" aria-invalid=\"false\" placeholder=\"E-mail\" value=\"\" type=\"email\" name=\"email\" \/><\/span><\/label>\n<\/p>\n<p><label> Telefone com DDD<br \/>\n<span class=\"wpcf7-form-control-wrap\" data-name=\"telefone\"><input size=\"40\" maxlength=\"400\" class=\"wpcf7-form-control wpcf7-text wpcf7-validates-as-required\" aria-required=\"true\" aria-invalid=\"false\" placeholder=\"Telefone\" value=\"\" type=\"text\" name=\"telefone\" \/><\/span> <\/label>\n<\/p>\n<p><label> Cargo<br \/>\n<span class=\"wpcf7-form-control-wrap\" data-name=\"cargo\"><input size=\"40\" maxlength=\"400\" class=\"wpcf7-form-control wpcf7-text\" aria-invalid=\"false\" placeholder=\"Cargo\" value=\"\" type=\"text\" name=\"cargo\" \/><\/span><\/label>\n<\/p>\n<p><label> Mensagem<br \/>\n<span class=\"wpcf7-form-control-wrap\" data-name=\"textarea-632\"><textarea cols=\"40\" rows=\"10\" maxlength=\"2000\" class=\"wpcf7-form-control wpcf7-textarea\" aria-invalid=\"false\" name=\"textarea-632\"><\/textarea><\/span><\/label>\n<\/p>\n<p><span class=\"wpcf7-form-control-wrap\" data-name=\"opt-in\"><span class=\"wpcf7-form-control wpcf7-acceptance optional\"><span class=\"wpcf7-list-item\"><label><input type=\"checkbox\" name=\"opt-in\" value=\"1\" aria-invalid=\"false\" \/><span class=\"wpcf7-list-item-label\">Ao aceitar, eu concordo que poderei ser conectado pela Logical Minds para assuntos profissionais<\/span><\/label><\/span><\/span><\/span>\n<\/p>\n<p><input class=\"wpcf7-form-control wpcf7-submit has-spinner\" type=\"submit\" value=\"Enviar\" \/>\n<\/p><div class=\"wpcf7-response-output\" aria-hidden=\"true\"><\/div>\n<\/form>\n<\/div>\n\n\t\t<\/div>\n\t\t\t\t\t<\/div>\n\n\t\n<\/div>\n\t\t<\/div>\n\n\t\t\n<style>\n#section_1760453316 {\n  padding-top: 30px;\n  padding-bottom: 30px;\n}\n<\/style>\n\t<\/section>\n\t\n","protected":false},"excerpt":{"rendered":"","protected":false},"author":1,"featured_media":0,"parent":0,"menu_order":0,"comment_status":"closed","ping_status":"closed","template":"page-transparent-header-light.php","meta":{"footnotes":""},"class_list":["post-4572","page","type-page","status-publish","hentry"],"yoast_head":"<!-- This site is optimized with the Yoast SEO Premium plugin v19.1 (Yoast SEO v27.4) - https:\/\/yoast.com\/product\/yoast-seo-premium-wordpress\/ -->\n<title>Logical Minds Desenvolvimento e Aloca\u00e7\u00e3o de Profissionais de TI<\/title>\n<meta name=\"description\" content=\"A Logical Minds possui a expertise necess\u00e1ria para selecionar a melhor equipe de TI para seus projetos de sistemas. Consulte-nos.\" \/>\n<meta name=\"robots\" content=\"index, follow, max-snippet:-1, max-image-preview:large, max-video-preview:-1\" \/>\n<link rel=\"canonical\" href=\"https:\/\/aprovacao.website\/logical\/contatos\/\" \/>\n<meta property=\"og:locale\" content=\"pt_BR\" \/>\n<meta property=\"og:type\" content=\"article\" \/>\n<meta property=\"og:title\" content=\"Contatos\" \/>\n<meta property=\"og:description\" content=\"A Logical Minds possui a expertise necess\u00e1ria para selecionar a melhor equipe de TI para seus projetos de sistemas. Consulte-nos.\" \/>\n<meta property=\"og:url\" content=\"https:\/\/aprovacao.website\/logical\/contatos\/\" \/>\n<meta property=\"og:site_name\" content=\"Logical Minds\" \/>\n<meta property=\"article:publisher\" content=\"https:\/\/www.facebook.com\/logicalmindsbrasil\" \/>\n<meta property=\"article:modified_time\" content=\"2024-11-12T19:59:24+00:00\" \/>\n<meta property=\"og:image\" content=\"https:\/\/aprovacao.website\/logical\/wp-content\/uploads\/2016\/10\/cropped-Logical-Minds-0004.Site-institucional-Logo-Header_20161005-02.png\" \/>\n\t<meta property=\"og:image:width\" content=\"512\" \/>\n\t<meta property=\"og:image:height\" content=\"512\" \/>\n\t<meta property=\"og:image:type\" content=\"image\/png\" \/>\n<meta name=\"twitter:card\" content=\"summary_large_image\" \/>\n<script type=\"application\/ld+json\" class=\"yoast-schema-graph\">{\"@context\":\"https:\\\/\\\/schema.org\",\"@graph\":[{\"@type\":\"WebPage\",\"@id\":\"https:\\\/\\\/aprovacao.website\\\/logical\\\/contatos\\\/\",\"url\":\"https:\\\/\\\/aprovacao.website\\\/logical\\\/contatos\\\/\",\"name\":\"Logical Minds Desenvolvimento e Aloca\u00e7\u00e3o de Profissionais de TI\",\"isPartOf\":{\"@id\":\"https:\\\/\\\/aprovacao.website\\\/logical\\\/#website\"},\"datePublished\":\"2024-10-09T19:19:25+00:00\",\"dateModified\":\"2024-11-12T19:59:24+00:00\",\"description\":\"A Logical Minds possui a expertise necess\u00e1ria para selecionar a melhor equipe de TI para seus projetos de sistemas. Consulte-nos.\",\"breadcrumb\":{\"@id\":\"https:\\\/\\\/aprovacao.website\\\/logical\\\/contatos\\\/#breadcrumb\"},\"inLanguage\":\"pt-BR\",\"potentialAction\":[{\"@type\":\"ReadAction\",\"target\":[\"https:\\\/\\\/aprovacao.website\\\/logical\\\/contatos\\\/\"]}]},{\"@type\":\"BreadcrumbList\",\"@id\":\"https:\\\/\\\/aprovacao.website\\\/logical\\\/contatos\\\/#breadcrumb\",\"itemListElement\":[{\"@type\":\"ListItem\",\"position\":1,\"name\":\"In\u00edcio\",\"item\":\"https:\\\/\\\/aprovacao.website\\\/logical\\\/\"},{\"@type\":\"ListItem\",\"position\":2,\"name\":\"Contatos\"}]},{\"@type\":\"WebSite\",\"@id\":\"https:\\\/\\\/aprovacao.website\\\/logical\\\/#website\",\"url\":\"https:\\\/\\\/aprovacao.website\\\/logical\\\/\",\"name\":\"Logical Minds\",\"description\":\"Empresas: Recrutamos e alocamos profissionais de TI conforme a sua necessidade. Profissionais: Encontramos as melhores oportunidades de carreira em TI\",\"publisher\":{\"@id\":\"https:\\\/\\\/aprovacao.website\\\/logical\\\/#organization\"},\"potentialAction\":[{\"@type\":\"SearchAction\",\"target\":{\"@type\":\"EntryPoint\",\"urlTemplate\":\"https:\\\/\\\/aprovacao.website\\\/logical\\\/?s={search_term_string}\"},\"query-input\":{\"@type\":\"PropertyValueSpecification\",\"valueRequired\":true,\"valueName\":\"search_term_string\"}}],\"inLanguage\":\"pt-BR\"},{\"@type\":\"Organization\",\"@id\":\"https:\\\/\\\/aprovacao.website\\\/logical\\\/#organization\",\"name\":\"Logical Minds\",\"url\":\"https:\\\/\\\/aprovacao.website\\\/logical\\\/\",\"logo\":{\"@type\":\"ImageObject\",\"inLanguage\":\"pt-BR\",\"@id\":\"https:\\\/\\\/aprovacao.website\\\/logical\\\/#\\\/schema\\\/logo\\\/image\\\/\",\"url\":\"https:\\\/\\\/aprovacao.website\\\/logical\\\/wp-content\\\/uploads\\\/2016\\\/10\\\/cropped-Logical-Minds-0004.Site-institucional-Logo-Header_20161005-02.png\",\"contentUrl\":\"https:\\\/\\\/aprovacao.website\\\/logical\\\/wp-content\\\/uploads\\\/2016\\\/10\\\/cropped-Logical-Minds-0004.Site-institucional-Logo-Header_20161005-02.png\",\"width\":512,\"height\":512,\"caption\":\"Logical Minds\"},\"image\":{\"@id\":\"https:\\\/\\\/aprovacao.website\\\/logical\\\/#\\\/schema\\\/logo\\\/image\\\/\"},\"sameAs\":[\"https:\\\/\\\/www.facebook.com\\\/logicalmindsbrasil\",\"https:\\\/\\\/www.instagram.com\\\/logicalminds.it\\\/\",\"https:\\\/\\\/www.linkedin.com\\\/company\\\/logical-minds\\\/\",\"https:\\\/\\\/www.youtube.com\\\/@logicalminds3292\"]}]}<\/script>\n<!-- \/ Yoast SEO Premium plugin. -->","yoast_head_json":{"title":"Logical Minds Desenvolvimento e Aloca\u00e7\u00e3o de Profissionais de TI","description":"A Logical Minds possui a expertise necess\u00e1ria para selecionar a melhor equipe de TI para seus projetos de sistemas. Consulte-nos.","robots":{"index":"index","follow":"follow","max-snippet":"max-snippet:-1","max-image-preview":"max-image-preview:large","max-video-preview":"max-video-preview:-1"},"canonical":"https:\/\/aprovacao.website\/logical\/contatos\/","og_locale":"pt_BR","og_type":"article","og_title":"Contatos","og_description":"A Logical Minds possui a expertise necess\u00e1ria para selecionar a melhor equipe de TI para seus projetos de sistemas. Consulte-nos.","og_url":"https:\/\/aprovacao.website\/logical\/contatos\/","og_site_name":"Logical Minds","article_publisher":"https:\/\/www.facebook.com\/logicalmindsbrasil","article_modified_time":"2024-11-12T19:59:24+00:00","og_image":[{"width":512,"height":512,"url":"https:\/\/aprovacao.website\/logical\/wp-content\/uploads\/2016\/10\/cropped-Logical-Minds-0004.Site-institucional-Logo-Header_20161005-02.png","type":"image\/png"}],"twitter_card":"summary_large_image","schema":{"@context":"https:\/\/schema.org","@graph":[{"@type":"WebPage","@id":"https:\/\/aprovacao.website\/logical\/contatos\/","url":"https:\/\/aprovacao.website\/logical\/contatos\/","name":"Logical Minds Desenvolvimento e Aloca\u00e7\u00e3o de Profissionais de TI","isPartOf":{"@id":"https:\/\/aprovacao.website\/logical\/#website"},"datePublished":"2024-10-09T19:19:25+00:00","dateModified":"2024-11-12T19:59:24+00:00","description":"A Logical Minds possui a expertise necess\u00e1ria para selecionar a melhor equipe de TI para seus projetos de sistemas. Consulte-nos.","breadcrumb":{"@id":"https:\/\/aprovacao.website\/logical\/contatos\/#breadcrumb"},"inLanguage":"pt-BR","potentialAction":[{"@type":"ReadAction","target":["https:\/\/aprovacao.website\/logical\/contatos\/"]}]},{"@type":"BreadcrumbList","@id":"https:\/\/aprovacao.website\/logical\/contatos\/#breadcrumb","itemListElement":[{"@type":"ListItem","position":1,"name":"In\u00edcio","item":"https:\/\/aprovacao.website\/logical\/"},{"@type":"ListItem","position":2,"name":"Contatos"}]},{"@type":"WebSite","@id":"https:\/\/aprovacao.website\/logical\/#website","url":"https:\/\/aprovacao.website\/logical\/","name":"Logical Minds","description":"Empresas: Recrutamos e alocamos profissionais de TI conforme a sua necessidade. Profissionais: Encontramos as melhores oportunidades de carreira em TI","publisher":{"@id":"https:\/\/aprovacao.website\/logical\/#organization"},"potentialAction":[{"@type":"SearchAction","target":{"@type":"EntryPoint","urlTemplate":"https:\/\/aprovacao.website\/logical\/?s={search_term_string}"},"query-input":{"@type":"PropertyValueSpecification","valueRequired":true,"valueName":"search_term_string"}}],"inLanguage":"pt-BR"},{"@type":"Organization","@id":"https:\/\/aprovacao.website\/logical\/#organization","name":"Logical Minds","url":"https:\/\/aprovacao.website\/logical\/","logo":{"@type":"ImageObject","inLanguage":"pt-BR","@id":"https:\/\/aprovacao.website\/logical\/#\/schema\/logo\/image\/","url":"https:\/\/aprovacao.website\/logical\/wp-content\/uploads\/2016\/10\/cropped-Logical-Minds-0004.Site-institucional-Logo-Header_20161005-02.png","contentUrl":"https:\/\/aprovacao.website\/logical\/wp-content\/uploads\/2016\/10\/cropped-Logical-Minds-0004.Site-institucional-Logo-Header_20161005-02.png","width":512,"height":512,"caption":"Logical Minds"},"image":{"@id":"https:\/\/aprovacao.website\/logical\/#\/schema\/logo\/image\/"},"sameAs":["https:\/\/www.facebook.com\/logicalmindsbrasil","https:\/\/www.instagram.com\/logicalminds.it\/","https:\/\/www.linkedin.com\/company\/logical-minds\/","https:\/\/www.youtube.com\/@logicalminds3292"]}]}},"_links":{"self":[{"href":"https:\/\/aprovacao.website\/logical\/wp-json\/wp\/v2\/pages\/4572","targetHints":{"allow":["GET"]}}],"collection":[{"href":"https:\/\/aprovacao.website\/logical\/wp-json\/wp\/v2\/pages"}],"about":[{"href":"https:\/\/aprovacao.website\/logical\/wp-json\/wp\/v2\/types\/page"}],"author":[{"embeddable":true,"href":"https:\/\/aprovacao.website\/logical\/wp-json\/wp\/v2\/users\/1"}],"replies":[{"embeddable":true,"href":"https:\/\/aprovacao.website\/logical\/wp-json\/wp\/v2\/comments?post=4572"}],"version-history":[{"count":15,"href":"https:\/\/aprovacao.website\/logical\/wp-json\/wp\/v2\/pages\/4572\/revisions"}],"predecessor-version":[{"id":4780,"href":"https:\/\/aprovacao.website\/logical\/wp-json\/wp\/v2\/pages\/4572\/revisions\/4780"}],"wp:attachment":[{"href":"https:\/\/aprovacao.website\/logical\/wp-json\/wp\/v2\/media?parent=4572"}],"curies":[{"name":"wp","href":"https:\/\/api.w.org\/{rel}","templated":true}]}}