{"id":153,"date":"2025-11-21T15:30:05","date_gmt":"2025-11-21T18:30:05","guid":{"rendered":"https:\/\/aprovacao.website\/liberta\/?page_id=153"},"modified":"2025-11-21T17:46:05","modified_gmt":"2025-11-21T20:46:05","slug":"convenios-e-empresas","status":"publish","type":"page","link":"https:\/\/aprovacao.website\/liberta\/convenios-e-empresas\/","title":{"rendered":"Conv\u00eanios e Empresas"},"content":{"rendered":"<div class=\"slider-wrapper relative\" id=\"slider-1138477703\" >\n    <div class=\"slider slider-nav-circle slider-nav-large slider-nav-light slider-style-normal\"\n        data-flickity-options='{\n            \"cellAlign\": \"center\",\n            \"imagesLoaded\": true,\n            \"lazyLoad\": 1,\n            \"freeScroll\": false,\n            \"wrapAround\": true,\n            \"autoPlay\": 6000,\n            \"pauseAutoPlayOnHover\" : true,\n            \"prevNextButtons\": true,\n            \"contain\" : true,\n            \"adaptiveHeight\" : true,\n            \"dragThreshold\" : 10,\n            \"percentPosition\": true,\n            \"pageDots\": true,\n            \"rightToLeft\": false,\n            \"draggable\": true,\n            \"selectedAttraction\": 0.1,\n            \"parallax\" : 0,\n            \"friction\": 0.6        }'\n        >\n        \n\n  <div class=\"banner has-hover has-slide-effect slide-zoom-out\" id=\"banner-1804752455\">\n          <div class=\"banner-inner fill\">\n        <div class=\"banner-bg fill\" >\n            <div class=\"bg fill bg-fill \"><\/div>\n                        <div class=\"overlay\"><\/div>            \n                    <\/div>\n\t\t\n        <div class=\"banner-layers container\">\n            <div class=\"fill banner-link\"><\/div>            \n   <div id=\"text-box-1176403740\" class=\"text-box banner-layer x50 md-x50 lg-x50 y50 md-y95 lg-y95 res-text\">\n              <div data-parallax=\"-1\" data-parallax-fade=\"true\">       <div data-animate=\"bounceIn\">           <div class=\"text-box-content text dark\">\n              \n              <div class=\"text-inner text-center\">\n                  \n<h2 class=\"uppercase\" style=\"text-align: center;\"><span style=\"font-size: 100%;\"><strong>Conv\u00eanios e <span style=\"color: #99cc00;\">Empresas<\/span><\/strong><\/span><\/h2>\n<h4 class=\"lead uppercase\" style=\"text-align: center;\"><span style=\"font-size: 80%;\">\u00a0<\/span><\/h4>\n              <\/div>\n           <\/div>\n       <\/div>       <\/div>              \n<style>\n#text-box-1176403740 {\n  width: 80%;\n}\n#text-box-1176403740 .text-box-content {\n  font-size: 100%;\n}\n@media (min-width:550px) {\n  #text-box-1176403740 {\n    width: 67%;\n  }\n}\n<\/style>\n    <\/div>\n \n        <\/div>\n      <\/div>\n\n            \n<style>\n#banner-1804752455 {\n  padding-top: 20%;\n}\n#banner-1804752455 .bg.bg-loaded {\n  background-image: url(https:\/\/aprovacao.website\/liberta\/wp-content\/uploads\/2025\/11\/convenios-empresas.png);\n}\n#banner-1804752455 .overlay {\n  background-color: rgba(0, 0, 0, 0.31);\n}\n#banner-1804752455 .bg {\n  background-position: 65% 68%;\n}\n<\/style>\n  <\/div>\n\n\n     <\/div>\n\n     <div class=\"loading-spin dark large centered\"><\/div>\n\n\t<\/div>\n\n\n<div class=\"row\"  id=\"row-276291283\">\n\n\t<div id=\"col-1583190349\" class=\"col small-12 large-12\"  >\n\t\t\t\t<div class=\"col-inner\"  >\n\t\t\t\n\t\t\t\n<h2>A import\u00e2ncia\u00a0de<strong> <span style=\"color: #99cc00;\">grandes parcerias<\/span><\/strong><\/h2>\n<div class=\"row\">\n<div class=\"col-md-12\">\n<p class=\"tall\">N\u00f3s da\u00a0<strong><span style=\"color: #99cc00;\">Cl\u00ednica Libert\u00e0<\/span>\u00a0<\/strong>acreditamos que grandes parcerias s\u00e3o essenciais para proporcionar um cuidado de excel\u00eancia. Trabalhar ao lado de operadoras de sa\u00fade comprometidas com o bem-estar dos pacientes nos permite ampliar o alcance e a qualidade dos nossos servi\u00e7os. Mais do que isso, entendemos as necessidades das empresas de sa\u00fade e estamos prontos para oferecer solu\u00e7\u00f5es que beneficiem tanto os pacientes quanto as operadoras.<\/p>\n<\/div>\n<\/div>\n\t\t<\/div>\n\t\t\t\t\t<\/div>\n\n\t\n<\/div>\n\t<section class=\"section\" id=\"section_984436796\">\n\t\t<div class=\"bg section-bg fill bg-fill  bg-loaded\" >\n\n\t\t\t\n\t\t\t\n\t\t\t\n\n\t\t<\/div>\n\n\t\t\n\n\t\t<div class=\"section-content relative\">\n\t\t\t\n<div class=\"row\"  id=\"row-790071003\">\n\n\t<div id=\"col-361080194\" class=\"col medium-4 small-12 large-4\"  >\n\t\t\t\t<div class=\"col-inner\"  >\n\t\t\t\n\t\t\t\n\t<div class=\"img has-hover x md-x lg-x y md-y lg-y\" id=\"image_987536910\">\n\t\t\t\t\t\t\t\t<div class=\"img-inner dark\" >\n\t\t\t<img loading=\"lazy\" decoding=\"async\" width=\"390\" height=\"73\" src=\"https:\/\/aprovacao.website\/liberta\/wp-content\/uploads\/2025\/11\/Unimed-lkiberta.png\" class=\"attachment-large size-large\" alt=\"Unimed-liberta\" srcset=\"https:\/\/aprovacao.website\/liberta\/wp-content\/uploads\/2025\/11\/Unimed-lkiberta.png 390w, https:\/\/aprovacao.website\/liberta\/wp-content\/uploads\/2025\/11\/Unimed-lkiberta-300x56.png 300w\" sizes=\"auto, (max-width: 390px) 100vw, 390px\" \/>\t\t\t\t\t\t\n\t\t\t\t\t<\/div>\n\t\t\t\t\t\t\t\t\n<style>\n#image_987536910 {\n  width: 100%;\n}\n<\/style>\n\t<\/div>\n\t\n\t\t<\/div>\n\t\t\t\t\t<\/div>\n\n\t\n\n\t<div id=\"col-2021598258\" class=\"col medium-4 small-12 large-4\"  >\n\t\t\t\t<div class=\"col-inner\"  >\n\t\t\t\n\t\t\t\n\t<div class=\"img has-hover x md-x lg-x y md-y lg-y\" id=\"image_1689464253\">\n\t\t\t\t\t\t\t\t<div class=\"img-inner dark\" >\n\t\t\t<img loading=\"lazy\" decoding=\"async\" width=\"390\" height=\"73\" src=\"https:\/\/aprovacao.website\/liberta\/wp-content\/uploads\/2025\/11\/Brades-liberta.png\" class=\"attachment-large size-large\" alt=\"Bradesco-liberta\" srcset=\"https:\/\/aprovacao.website\/liberta\/wp-content\/uploads\/2025\/11\/Brades-liberta.png 390w, https:\/\/aprovacao.website\/liberta\/wp-content\/uploads\/2025\/11\/Brades-liberta-300x56.png 300w\" sizes=\"auto, (max-width: 390px) 100vw, 390px\" \/>\t\t\t\t\t\t\n\t\t\t\t\t<\/div>\n\t\t\t\t\t\t\t\t\n<style>\n#image_1689464253 {\n  width: 100%;\n}\n<\/style>\n\t<\/div>\n\t\n\t\t<\/div>\n\t\t\t\t\t<\/div>\n\n\t\n\n\t<div id=\"col-1256980993\" class=\"col medium-4 small-12 large-4\"  >\n\t\t\t\t<div class=\"col-inner\"  >\n\t\t\t\n\t\t\t\n\t<div class=\"img has-hover x md-x lg-x y md-y lg-y\" id=\"image_1264089896\">\n\t\t\t\t\t\t\t\t<div class=\"img-inner dark\" >\n\t\t\t<img loading=\"lazy\" decoding=\"async\" width=\"390\" height=\"73\" src=\"https:\/\/aprovacao.website\/liberta\/wp-content\/uploads\/2025\/11\/Amil-liberta.png\" class=\"attachment-large size-large\" alt=\"\" srcset=\"https:\/\/aprovacao.website\/liberta\/wp-content\/uploads\/2025\/11\/Amil-liberta.png 390w, https:\/\/aprovacao.website\/liberta\/wp-content\/uploads\/2025\/11\/Amil-liberta-300x56.png 300w\" sizes=\"auto, (max-width: 390px) 100vw, 390px\" \/>\t\t\t\t\t\t\n\t\t\t\t\t<\/div>\n\t\t\t\t\t\t\t\t\n<style>\n#image_1264089896 {\n  width: 100%;\n}\n<\/style>\n\t<\/div>\n\t\n\t\t<\/div>\n\t\t\t\t\t<\/div>\n\n\t\n<\/div>\n\t\t<\/div>\n\n\t\t\n<style>\n#section_984436796 {\n  padding-top: 30px;\n  padding-bottom: 30px;\n}\n<\/style>\n\t<\/section>\n\t\n\t<section class=\"section\" id=\"section_1327519031\">\n\t\t<div class=\"bg section-bg fill bg-fill  bg-loaded\" >\n\n\t\t\t\n\t\t\t\n\t\t\t\n\n\t\t<\/div>\n\n\t\t\n\n\t\t<div class=\"section-content relative\">\n\t\t\t\n<div class=\"row\"  id=\"row-128474043\">\n\n\t<div id=\"col-1823225488\" class=\"col medium-4 small-12 large-4\"  >\n\t\t\t\t<div class=\"col-inner\"  >\n\t\t\t\n\t\t\t\n\t<div class=\"img has-hover x md-x lg-x y md-y lg-y\" id=\"image_933639097\">\n\t\t\t\t\t\t\t\t<div class=\"img-inner dark\" >\n\t\t\t<img loading=\"lazy\" decoding=\"async\" width=\"390\" height=\"73\" src=\"https:\/\/aprovacao.website\/liberta\/wp-content\/uploads\/2025\/11\/vidatop-liberta.png\" class=\"attachment-large size-large\" alt=\"vidatop-liberta\" srcset=\"https:\/\/aprovacao.website\/liberta\/wp-content\/uploads\/2025\/11\/vidatop-liberta.png 390w, https:\/\/aprovacao.website\/liberta\/wp-content\/uploads\/2025\/11\/vidatop-liberta-300x56.png 300w\" sizes=\"auto, (max-width: 390px) 100vw, 390px\" \/>\t\t\t\t\t\t\n\t\t\t\t\t<\/div>\n\t\t\t\t\t\t\t\t\n<style>\n#image_933639097 {\n  width: 100%;\n}\n<\/style>\n\t<\/div>\n\t\n\t\t<\/div>\n\t\t\t\t\t<\/div>\n\n\t\n\n\t<div id=\"col-693404514\" class=\"col medium-4 small-12 large-4\"  >\n\t\t\t\t<div class=\"col-inner\"  >\n\t\t\t\n\t\t\t\n\t<div class=\"img has-hover x md-x lg-x y md-y lg-y\" id=\"image_1457375662\">\n\t\t\t\t\t\t\t\t<div class=\"img-inner dark\" >\n\t\t\t<img loading=\"lazy\" decoding=\"async\" width=\"390\" height=\"73\" src=\"https:\/\/aprovacao.website\/liberta\/wp-content\/uploads\/2025\/11\/frei-galvao-liberta.png\" class=\"attachment-large size-large\" alt=\"frei-galvao-liberta\" srcset=\"https:\/\/aprovacao.website\/liberta\/wp-content\/uploads\/2025\/11\/frei-galvao-liberta.png 390w, https:\/\/aprovacao.website\/liberta\/wp-content\/uploads\/2025\/11\/frei-galvao-liberta-300x56.png 300w\" sizes=\"auto, (max-width: 390px) 100vw, 390px\" \/>\t\t\t\t\t\t\n\t\t\t\t\t<\/div>\n\t\t\t\t\t\t\t\t\n<style>\n#image_1457375662 {\n  width: 100%;\n}\n<\/style>\n\t<\/div>\n\t\n\t\t<\/div>\n\t\t\t\t\t<\/div>\n\n\t\n\n\t<div id=\"col-1083928696\" class=\"col medium-4 small-12 large-4\"  >\n\t\t\t\t<div class=\"col-inner\"  >\n\t\t\t\n\t\t\t\n<div class=\"uxb-no-content uxb-image\">Upload Image...<\/div>\n\t\t<\/div>\n\t\t\t\t\t<\/div>\n\n\t\n<\/div>\n\t\t<\/div>\n\n\t\t\n<style>\n#section_1327519031 {\n  padding-top: 30px;\n  padding-bottom: 30px;\n}\n<\/style>\n\t<\/section>\n\t\n\t<section class=\"section\" id=\"section_1239935845\">\n\t\t<div class=\"bg section-bg fill bg-fill  bg-loaded\" >\n\n\t\t\t\n\t\t\t<div class=\"section-bg-overlay absolute fill\"><\/div>\n\t\t\t\n\t<div class=\"is-border\"\n\t\tstyle=\"border-color:rgb(235, 235, 235);border-width:1px 0px 0px 0px;\">\n\t<\/div>\n\n\t\t<\/div>\n\n\t\t\n\n\t\t<div class=\"section-content relative\">\n\t\t\t\n<div class=\"row row-large align-middle align-center\"  id=\"row-1680815746\">\n\n\t<div id=\"col-1764838749\" class=\"col medium-6 small-12 large-6\"  >\n\t\t\t\t<div class=\"col-inner text-center dark\"  >\n\t\t\t\n\t\t\t\n\t<div id=\"text-509404756\" class=\"text\">\n\t\t\n<div class=\"col-md-6\">\n<div class=\"feature-box\">\n<div class=\"feature-box-info\">\n<h2><strong>Processo\u00a0de <span style=\"color: #99cc00;\">credenciamento<\/span><\/strong><\/h2>\n<p class=\"mt-xlg\"><span style=\"color: #99cc00;\"><strong>Contato Inicial:<\/strong><\/span><br \/>Entre em contato com nossa equipe de relacionamento para iniciar o processo de credenciamento. Estamos dispon\u00edveis pelo telefone (14) 3269-4350 ou e-mail contato@clinicaliberta.com.br.<\/p>\n<p><span style=\"color: #99cc00;\"><strong>Documenta\u00e7\u00e3o e Visita T\u00e9cnica:<\/strong><\/span><br \/>Fornecemos toda a documenta\u00e7\u00e3o necess\u00e1ria e estamos dispon\u00edveis para visitas t\u00e9cnicas \u00e0s nossas instala\u00e7\u00f5es, onde voc\u00ea poder\u00e1 conhecer de perto nossa estrutura e equipe.<\/p>\n<p><span style=\"color: #99cc00;\"><strong>Parceria e Integra\u00e7\u00e3o:<\/strong><\/span><br \/>Trabalhamos em conjunto para integrar nossos servi\u00e7os aos planos de sa\u00fade, oferecendo suporte completo e informa\u00e7\u00f5es detalhadas sobre os tratamentos e servi\u00e7os dispon\u00edveis.<\/p>\n<p><span style=\"color: #99cc00;\"><strong>Nosso Compromisso com a Parceria<\/strong><\/span><\/p>\n<p>Valorizamos profundamente as\u00a0<strong>parcerias s\u00f3lidas<\/strong>\u00a0com operadoras de sa\u00fade. Estamos comprometidos em oferecer um atendimento de excel\u00eancia, sempre atentos \u00e0s necessidades das empresas de sa\u00fade e focados no bem-estar cont\u00ednuo dos pacientes.<\/p>\n<\/div>\n<\/div>\n<\/div>\n\t\t\n<style>\n#text-509404756 {\n  line-height: 1.3;\n  text-align: left;\n}\n<\/style>\n\t<\/div>\n\t\n\t\t<\/div>\n\t\t\t\t\t<\/div>\n\n\t\n\n\t<div id=\"col-606571696\" class=\"col medium-6 small-12 large-6\"  data-animate=\"flipInY\">\n\t\t\t\t<div class=\"col-inner text-left box-shadow-2 box-shadow-5-hover\" style=\"background-color:rgb(255, 255, 255);\" >\n\t\t\t\n\t\t\t\n\t<div class=\"img has-hover x md-x lg-x y md-y lg-y\" id=\"image_1556528372\">\n\t\t<a class=\"image-lightbox lightbox-gallery\" title=\"\" href=\"https:\/\/aprovacao.website\/liberta\/wp-content\/uploads\/2025\/11\/Aceitamos-convenios.jpg\">\t\t\t\t<div data-animate=\"fadeInUp\">\t\t<div class=\"img-inner image-grayscale box-shadow-3 dark\" >\n\t\t\t<img loading=\"lazy\" decoding=\"async\" width=\"577\" height=\"733\" src=\"https:\/\/aprovacao.website\/liberta\/wp-content\/uploads\/2025\/11\/Aceitamos-convenios.jpg\" class=\"attachment-original size-original\" alt=\"Aceitamos-convenios\" srcset=\"https:\/\/aprovacao.website\/liberta\/wp-content\/uploads\/2025\/11\/Aceitamos-convenios.jpg 577w, https:\/\/aprovacao.website\/liberta\/wp-content\/uploads\/2025\/11\/Aceitamos-convenios-236x300.jpg 236w\" sizes=\"auto, (max-width: 577px) 100vw, 577px\" \/>\t\t\t\t\t\t\n\t\t\t\t\t<\/div>\n\t\t<\/div>\t\t\t\t<\/a>\t\t\n<style>\n#image_1556528372 {\n  width: 100%;\n}\n<\/style>\n\t<\/div>\n\t\n\t\t<\/div>\n\t\t\t\t\n<style>\n#col-606571696 > .col-inner {\n  padding: 15px 15px 15px 15px;\n}\n<\/style>\n\t<\/div>\n\n\t\n<\/div>\n\t\t<\/div>\n\n\t\t\n<style>\n#section_1239935845 {\n  padding-top: 59px;\n  padding-bottom: 59px;\n  min-height: 300px;\n  background-color: rgb(171, 171, 171);\n}\n#section_1239935845 .section-bg-overlay {\n  background-color: rgba(0, 0, 0, 0.5);\n}\n<\/style>\n\t<\/section>\n\t\n\n  <div class=\"banner has-hover has-parallax\" id=\"banner-1563153577\">\n          <div class=\"banner-inner fill\">\n        <div class=\"banner-bg fill\" data-parallax=\"-3\" data-parallax-container=\".banner\" data-parallax-background>\n            <div class=\"bg fill bg-fill \"><\/div>\n                                    \n                    <\/div>\n\t\t\n        <div class=\"banner-layers container\">\n            <div class=\"fill banner-link\"><\/div>            \n   <div id=\"text-box-2030424844\" class=\"text-box banner-layer x50 md-x50 lg-x50 y50 md-y50 lg-y50 res-text\">\n                     <div data-animate=\"fadeInRight\">           <div class=\"text-box-content text dark\">\n              \n              <div class=\"text-inner text-center\">\n                  \n\t<div id=\"gap-2021802158\" class=\"gap-element clearfix\" style=\"display:block; height:auto;\">\n\t\t\n<style>\n#gap-2021802158 {\n  padding-top: 30px;\n}\n<\/style>\n\t<\/div>\n\t\n\t<div id=\"text-1974532318\" class=\"text\">\n\t\t\n<h3 class=\"uppercase\"><strong>cadastre-se e receba nossos informativos<\/strong><\/h3>\n<p>Dicas de sa\u00fade mental enovidades sobre nossa empresa\u00a0<\/p>\n<p>\u00a0<\/p>\n\t\t\n<style>\n#text-1974532318 {\n  line-height: 1;\n}\n<\/style>\n\t<\/div>\n\t\n\n<div class=\"wpcf7 no-js\" id=\"wpcf7-f166-o1\" lang=\"pt-BR\" dir=\"ltr\" data-wpcf7-id=\"166\">\n<div class=\"screen-reader-response\"><p role=\"status\" aria-live=\"polite\" aria-atomic=\"true\"><\/p> <ul><\/ul><\/div>\n<form action=\"\/liberta\/wp-json\/wp\/v2\/pages\/153#wpcf7-f166-o1\" method=\"post\" class=\"wpcf7-form init\" aria-label=\"Formul\u00e1rios de contato\" novalidate=\"novalidate\" data-status=\"init\">\n<fieldset class=\"hidden-fields-container\"><input type=\"hidden\" name=\"_wpcf7\" value=\"166\" \/><input type=\"hidden\" name=\"_wpcf7_version\" value=\"6.1.4\" \/><input type=\"hidden\" name=\"_wpcf7_locale\" value=\"pt_BR\" \/><input type=\"hidden\" name=\"_wpcf7_unit_tag\" value=\"wpcf7-f166-o1\" \/><input type=\"hidden\" name=\"_wpcf7_container_post\" value=\"0\" \/><input type=\"hidden\" name=\"_wpcf7_posted_data_hash\" value=\"\" \/>\n<\/fieldset>\n<div class=\"flex-row form-flat medium-flex-wrap\">\n\t<div class=\"flex-col flex-grow\">\n\t\t<p><span class=\"wpcf7-form-control-wrap\" data-name=\"your-email\"><input size=\"40\" maxlength=\"400\" class=\"wpcf7-form-control wpcf7-email wpcf7-validates-as-required wpcf7-text wpcf7-validates-as-email\" aria-required=\"true\" aria-invalid=\"false\" placeholder=\"Seu E-mail (*)\" value=\"\" type=\"email\" name=\"your-email\" \/><\/span>\n\t\t<\/p>\n\t<\/div>\n\t<div class=\"flex-col ml-half\">\n\t\t<p><input class=\"wpcf7-form-control wpcf7-submit has-spinner button\" type=\"submit\" value=\"Assinar\" \/>\n\t\t<\/p>\n\t<\/div>\n<\/div><div class=\"wpcf7-response-output\" aria-hidden=\"true\"><\/div>\n<\/form>\n<\/div>\n\n              <\/div>\n           <\/div>\n       <\/div>                     \n<style>\n#text-box-2030424844 {\n  width: 79%;\n}\n#text-box-2030424844 .text-box-content {\n  font-size: 158%;\n}\n@media (min-width:550px) {\n  #text-box-2030424844 {\n    width: 86%;\n  }\n  #text-box-2030424844 .text-box-content {\n    font-size: 100%;\n  }\n}\n<\/style>\n    <\/div>\n \n        <\/div>\n      <\/div>\n\n            \n<style>\n#banner-1563153577 {\n  padding-top: 226px;\n  background-color: #7a9c59;\n}\n#banner-1563153577 .bg.bg-loaded {\n  background-image: 8093;\n}\n#banner-1563153577 .bg {\n  background-position: 72% 78%;\n}\n<\/style>\n  <\/div>\n\n\n","protected":false},"excerpt":{"rendered":"","protected":false},"author":1,"featured_media":0,"parent":0,"menu_order":0,"comment_status":"closed","ping_status":"closed","template":"page-transparent-header-light.php","meta":{"footnotes":""},"class_list":["post-153","page","type-page","status-publish","hentry"],"_links":{"self":[{"href":"https:\/\/aprovacao.website\/liberta\/wp-json\/wp\/v2\/pages\/153","targetHints":{"allow":["GET"]}}],"collection":[{"href":"https:\/\/aprovacao.website\/liberta\/wp-json\/wp\/v2\/pages"}],"about":[{"href":"https:\/\/aprovacao.website\/liberta\/wp-json\/wp\/v2\/types\/page"}],"author":[{"embeddable":true,"href":"https:\/\/aprovacao.website\/liberta\/wp-json\/wp\/v2\/users\/1"}],"replies":[{"embeddable":true,"href":"https:\/\/aprovacao.website\/liberta\/wp-json\/wp\/v2\/comments?post=153"}],"version-history":[{"count":5,"href":"https:\/\/aprovacao.website\/liberta\/wp-json\/wp\/v2\/pages\/153\/revisions"}],"predecessor-version":[{"id":189,"href":"https:\/\/aprovacao.website\/liberta\/wp-json\/wp\/v2\/pages\/153\/revisions\/189"}],"wp:attachment":[{"href":"https:\/\/aprovacao.website\/liberta\/wp-json\/wp\/v2\/media?parent=153"}],"curies":[{"name":"wp","href":"https:\/\/api.w.org\/{rel}","templated":true}]}}