{"id":143,"date":"2025-11-21T14:34:46","date_gmt":"2025-11-21T17:34:46","guid":{"rendered":"https:\/\/aprovacao.website\/liberta\/?page_id=143"},"modified":"2025-11-21T17:45:12","modified_gmt":"2025-11-21T20:45:12","slug":"sou-psiquiatra","status":"publish","type":"page","link":"https:\/\/aprovacao.website\/liberta\/sou-psiquiatra\/","title":{"rendered":"Sou Psiquiatra"},"content":{"rendered":"<div class=\"slider-wrapper relative\" id=\"slider-913499944\" >\n    <div class=\"slider slider-nav-circle slider-nav-large slider-nav-light slider-style-normal\"\n        data-flickity-options='{\n            \"cellAlign\": \"center\",\n            \"imagesLoaded\": true,\n            \"lazyLoad\": 1,\n            \"freeScroll\": false,\n            \"wrapAround\": true,\n            \"autoPlay\": 6000,\n            \"pauseAutoPlayOnHover\" : true,\n            \"prevNextButtons\": true,\n            \"contain\" : true,\n            \"adaptiveHeight\" : true,\n            \"dragThreshold\" : 10,\n            \"percentPosition\": true,\n            \"pageDots\": true,\n            \"rightToLeft\": false,\n            \"draggable\": true,\n            \"selectedAttraction\": 0.1,\n            \"parallax\" : 0,\n            \"friction\": 0.6        }'\n        >\n        \n\n  <div class=\"banner has-hover has-slide-effect slide-zoom-out\" id=\"banner-2004256945\">\n          <div class=\"banner-inner fill\">\n        <div class=\"banner-bg fill\" >\n            <div class=\"bg fill bg-fill \"><\/div>\n                        <div class=\"overlay\"><\/div>            \n                    <\/div>\n\t\t\n        <div class=\"banner-layers container\">\n            <div class=\"fill banner-link\"><\/div>            \n   <div id=\"text-box-835058355\" class=\"text-box banner-layer x50 md-x50 lg-x50 y50 md-y95 lg-y95 res-text\">\n              <div data-parallax=\"-1\" data-parallax-fade=\"true\">       <div data-animate=\"bounceIn\">           <div class=\"text-box-content text dark\">\n              \n              <div class=\"text-inner text-center\">\n                  \n<h2 class=\"uppercase\" style=\"text-align: center;\"><span style=\"font-size: 100%;\"><strong>Sou m\u00e9dico<\/strong><\/span><\/h2>\n<h4 class=\"lead uppercase\" style=\"text-align: center;\"><span style=\"font-size: 80%;\">\u00a0<\/span><\/h4>\n              <\/div>\n           <\/div>\n       <\/div>       <\/div>              \n<style>\n#text-box-835058355 {\n  width: 80%;\n}\n#text-box-835058355 .text-box-content {\n  font-size: 100%;\n}\n@media (min-width:550px) {\n  #text-box-835058355 {\n    width: 52%;\n  }\n}\n<\/style>\n    <\/div>\n \n        <\/div>\n      <\/div>\n\n            \n<style>\n#banner-2004256945 {\n  padding-top: 20%;\n}\n#banner-2004256945 .bg.bg-loaded {\n  background-image: url(https:\/\/aprovacao.website\/liberta\/wp-content\/uploads\/2025\/11\/internac\u0327a\u0303o-psiquiatrica.jpg);\n}\n#banner-2004256945 .overlay {\n  background-color: rgba(0, 0, 0, 0.31);\n}\n#banner-2004256945 .bg {\n  background-position: 65% 68%;\n}\n<\/style>\n  <\/div>\n\n\n     <\/div>\n\n     <div class=\"loading-spin dark large centered\"><\/div>\n\n\t<\/div>\n\n\n<div class=\"row\"  id=\"row-1605776831\">\n\n\t<div id=\"col-1162780496\" class=\"col small-12 large-12\"  >\n\t\t\t\t<div class=\"col-inner\"  >\n\t\t\t\n\t\t\t\n<h2 class=\"word-rotator-title mb-sm\" style=\"text-align: left;\"><span style=\"font-size: 90%;\"><strong>M\u00c9DICO, CONTE COM NOSSO <span style=\"color: #99cc00;\">APOIO <\/span><\/strong>PARA O MELHOR CUIDADO COM SEUS PACIENTES<\/span><\/h2>\n<p>Na <span style=\"color: #99cc00;\">Cl\u00ednica Libert\u00e0<\/span> valorizamos a colabora\u00e7\u00e3o e a parceria com m\u00e9dicos e outros profissionais de sa\u00fade. Nosso objetivo \u00e9 garantir que cada paciente receba um tratamento cont\u00ednuo e integral, do in\u00edcio ao fim do processo de interna\u00e7\u00e3o. Confira como podemos te ajudar abaixo!<\/p>\n\t\t<\/div>\n\t\t\t\t\t<\/div>\n\n\t\n<\/div>\n\t<section class=\"section\" id=\"section_1329391039\">\n\t\t<div class=\"bg section-bg fill bg-fill  bg-loaded\" >\n\n\t\t\t\n\t\t\t<div class=\"section-bg-overlay absolute fill\"><\/div>\n\t\t\t\n\t<div class=\"is-border\"\n\t\tstyle=\"border-color:rgb(235, 235, 235);border-width:1px 0px 0px 0px;\">\n\t<\/div>\n\n\t\t<\/div>\n\n\t\t\n\n\t\t<div class=\"section-content relative\">\n\t\t\t\n<div class=\"row row-large align-middle align-center\"  id=\"row-1531854613\">\n\n\t<div id=\"col-1207192524\" class=\"col medium-6 small-12 large-6\"  >\n\t\t\t\t<div class=\"col-inner text-center dark\"  >\n\t\t\t\n\t\t\t\n\t<div id=\"text-2920465896\" class=\"text\">\n\t\t\n<div class=\"col-md-6\">\n<div class=\"feature-box\">\n<div class=\"feature-box-info\">\n<h3 class=\"heading-primary mb-xs\"><span style=\"color: #99cc00;\">Tratamento Especializado e Personalizado:<\/span><\/h3>\n<p>Oferecemos tratamentos especializados para todos os tipos de interna\u00e7\u00e3o psiqui\u00e1trica, depend\u00eancia qu\u00edmica e geriatria, com um plano de tratamento personalizado para cada paciente.<\/p>\n<\/div>\n<\/div>\n<\/div>\n<div class=\"col-md-6\">\n<div class=\"feature-box\">\n<div class=\"feature-box-info\">\n<h3 class=\"heading-primary mb-xs\"><span style=\"color: #99cc00;\">Continuidade do Cuidado:<\/span><\/h3>\n<p>Ap\u00f3s a alta, garantimos que o paciente continue recebendo acompanhamento e suporte, trabalhando em estreita colabora\u00e7\u00e3o com o m\u00e9dico que fez a indica\u00e7\u00e3o para assegurar a continuidade do tratamento.<\/p>\n<\/div>\n<\/div>\n<\/div>\n<div class=\"col-md-6\">\n<div class=\"feature-box\">\n<div class=\"feature-box-info\">\n<h3 class=\"heading-primary mb-xs\"><span style=\"color: #99cc00;\">Comunica\u00e7\u00e3o Aberta:<\/span><\/h3>\n<p>Mantemos uma comunica\u00e7\u00e3o aberta e transparente com os m\u00e9dicos indicantes, proporcionando atualiza\u00e7\u00f5es regulares sobre o progresso do paciente e envolvendo-os em decis\u00f5es importantes sobre o tratamento.<\/p>\n<\/div>\n<\/div>\n<\/div>\n<div class=\"col-md-6\">\n<div class=\"feature-box\">\n<div class=\"feature-box-info\">\n<h3 class=\"heading-primary mb-xs\"><span style=\"color: #99cc00;\">Facilidade e Agilidade no Processo de Indica\u00e7\u00e3o:<\/span><\/h3>\n<p>Oferecemos um processo de indica\u00e7\u00e3o simplificado e \u00e1gil, com um formul\u00e1rio online ou um contato direto com nossa equipe de admiss\u00e3o para facilitar a entrada do paciente na cl\u00ednica.<\/p>\n<\/div>\n<\/div>\n<\/div>\n\t\t\n<style>\n#text-2920465896 {\n  line-height: 1.3;\n  text-align: left;\n}\n<\/style>\n\t<\/div>\n\t\n\t\t<\/div>\n\t\t\t\t\t<\/div>\n\n\t\n\n\t<div id=\"col-1697415549\" class=\"col medium-6 small-12 large-6\"  data-animate=\"flipInY\">\n\t\t\t\t<div class=\"col-inner text-left box-shadow-2 box-shadow-5-hover\" style=\"background-color:rgb(255, 255, 255);\" >\n\t\t\t\n\t\t\t\n\t<div class=\"img has-hover x md-x lg-x y md-y lg-y\" id=\"image_1354863887\">\n\t\t<a class=\"image-lightbox lightbox-gallery\" title=\"\" href=\"https:\/\/aprovacao.website\/liberta\/wp-content\/uploads\/2025\/11\/avaliac\u0327a\u0303o-psiquiatrica.jpg\">\t\t\t\t<div data-animate=\"fadeInUp\">\t\t<div class=\"img-inner image-grayscale box-shadow-3 dark\" >\n\t\t\t<img loading=\"lazy\" decoding=\"async\" width=\"500\" height=\"500\" src=\"https:\/\/aprovacao.website\/liberta\/wp-content\/uploads\/2025\/11\/avaliac\u0327a\u0303o-psiquiatrica.jpg\" class=\"attachment-original size-original\" alt=\"avaliac\u0327a\u0303o-psiquiatrica\" srcset=\"https:\/\/aprovacao.website\/liberta\/wp-content\/uploads\/2025\/11\/avaliac\u0327a\u0303o-psiquiatrica.jpg 500w, https:\/\/aprovacao.website\/liberta\/wp-content\/uploads\/2025\/11\/avaliac\u0327a\u0303o-psiquiatrica-300x300.jpg 300w, https:\/\/aprovacao.website\/liberta\/wp-content\/uploads\/2025\/11\/avaliac\u0327a\u0303o-psiquiatrica-150x150.jpg 150w\" sizes=\"auto, (max-width: 500px) 100vw, 500px\" \/>\t\t\t\t\t\t\n\t\t\t\t\t<\/div>\n\t\t<\/div>\t\t\t\t<\/a>\t\t\n<style>\n#image_1354863887 {\n  width: 100%;\n}\n<\/style>\n\t<\/div>\n\t\n\t\t<\/div>\n\t\t\t\t\n<style>\n#col-1697415549 > .col-inner {\n  padding: 15px 15px 15px 15px;\n}\n<\/style>\n\t<\/div>\n\n\t\n<\/div>\n\t\t<\/div>\n\n\t\t\n<style>\n#section_1329391039 {\n  padding-top: 59px;\n  padding-bottom: 59px;\n  min-height: 300px;\n  background-color: rgb(171, 171, 171);\n}\n#section_1329391039 .section-bg-overlay {\n  background-color: rgba(0, 0, 0, 0.5);\n}\n<\/style>\n\t<\/section>\n\t\n\t<div id=\"gap-1430339324\" class=\"gap-element clearfix\" style=\"display:block; height:auto;\">\n\t\t\n<style>\n#gap-1430339324 {\n  padding-top: 30px;\n}\n<\/style>\n\t<\/div>\n\t\n<div class=\"row\"  id=\"row-1715129169\">\n\n\t<div id=\"col-1546797530\" class=\"col small-12 large-12\"  >\n\t\t\t\t<div class=\"col-inner\"  >\n\t\t\t\n\t\t\t\n<div class=\"row\"  id=\"row-2051336065\">\n\n\t<div id=\"col-312465208\" class=\"col medium-8 small-12 large-8\"  >\n\t\t\t\t<div class=\"col-inner\"  >\n\t\t\t\n\t\t\t\n<h2 class=\"mb-lg\"><strong>Como indicar<\/strong>\u00a0<span style=\"color: #99cc00;\"><strong>um paciente<\/strong><\/span><\/h2>\n<p class=\"\">Entre em contato com nossa equipe de admiss\u00e3o pelo telefone (14) 3269-4350 ou e-mail no contato@clinicaliberta.com.br para discutir as necessidades espec\u00edficas do paciente.\u00a0<a class=\"btn-flat btn-xs\" href=\"https:\/\/api.whatsapp.com\/send?phone=551432694350\">Conversar via WhatsApp.\u00a0<i class=\"fa fa-arrow-right\"><\/i><\/a><\/p>\n<h2><strong>Nosso <span style=\"color: #99cc00;\">compromisso:<\/span><\/strong><\/p>\n<\/h2>\n<p>Na Libert\u00e0 acreditamos que a parceria com outros profissionais de sa\u00fade \u00e9 fundamental para proporcionar o melhor cuidado poss\u00edvel. Estamos comprometidos em trabalhar junto com voc\u00ea para assegurar que seus pacientes recebam o suporte necess\u00e1rio durante e ap\u00f3s a interna\u00e7\u00e3o, promovendo uma recupera\u00e7\u00e3o completa e duradoura.<\/p>\n\t\t<\/div>\n\t\t\t\t\t<\/div>\n\n\t\n\n\t<div id=\"col-1104777933\" class=\"col medium-4 small-12 large-4\"  >\n\t\t\t\t<div class=\"col-inner\"  >\n\t\t\t\n\t\t\t\n\t<div class=\"img has-hover x md-x lg-x y md-y lg-y\" id=\"image_1303185373\">\n\t\t\t\t\t\t\t\t<div class=\"img-inner dark\" >\n\t\t\t<img loading=\"lazy\" decoding=\"async\" width=\"640\" height=\"606\" src=\"https:\/\/aprovacao.website\/liberta\/wp-content\/uploads\/2025\/11\/Como-indicar-um-paciente.jpg\" class=\"attachment-large size-large\" alt=\"Como indicar um paciente\" srcset=\"https:\/\/aprovacao.website\/liberta\/wp-content\/uploads\/2025\/11\/Como-indicar-um-paciente.jpg 640w, https:\/\/aprovacao.website\/liberta\/wp-content\/uploads\/2025\/11\/Como-indicar-um-paciente-300x284.jpg 300w\" sizes=\"auto, (max-width: 640px) 100vw, 640px\" \/>\t\t\t\t\t\t\n\t\t\t\t\t<\/div>\n\t\t\t\t\t\t\t\t\n<style>\n#image_1303185373 {\n  width: 100%;\n}\n<\/style>\n\t<\/div>\n\t\n\t\t<\/div>\n\t\t\t\t\t<\/div>\n\n\t\n<\/div>\n\t\t<\/div>\n\t\t\t\t\t<\/div>\n\n\t\n<\/div>\n\n  <div class=\"banner has-hover has-parallax\" id=\"banner-1804966129\">\n          <div class=\"banner-inner fill\">\n        <div class=\"banner-bg fill\" data-parallax=\"-3\" data-parallax-container=\".banner\" data-parallax-background>\n            <div class=\"bg fill bg-fill \"><\/div>\n                                    \n                    <\/div>\n\t\t\n        <div class=\"banner-layers container\">\n            <div class=\"fill banner-link\"><\/div>            \n   <div id=\"text-box-1358776954\" class=\"text-box banner-layer x50 md-x50 lg-x50 y50 md-y50 lg-y50 res-text\">\n                     <div data-animate=\"fadeInRight\">           <div class=\"text-box-content text dark\">\n              \n              <div class=\"text-inner text-center\">\n                  \n\t<div id=\"gap-1027932039\" class=\"gap-element clearfix\" style=\"display:block; height:auto;\">\n\t\t\n<style>\n#gap-1027932039 {\n  padding-top: 30px;\n}\n<\/style>\n\t<\/div>\n\t\n\t<div id=\"text-3534248438\" class=\"text\">\n\t\t\n<h3 class=\"uppercase\"><strong>cadastre-se e receba nossos informativos<\/strong><\/h3>\n<p>Dicas de sa\u00fade mental enovidades sobre nossa empresa\u00a0<\/p>\n<p>\u00a0<\/p>\n\t\t\n<style>\n#text-3534248438 {\n  line-height: 1;\n}\n<\/style>\n\t<\/div>\n\t\n\n<div class=\"wpcf7 no-js\" id=\"wpcf7-f166-o1\" lang=\"pt-BR\" dir=\"ltr\" data-wpcf7-id=\"166\">\n<div class=\"screen-reader-response\"><p role=\"status\" aria-live=\"polite\" aria-atomic=\"true\"><\/p> <ul><\/ul><\/div>\n<form action=\"\/liberta\/wp-json\/wp\/v2\/pages\/143#wpcf7-f166-o1\" method=\"post\" class=\"wpcf7-form init\" aria-label=\"Formul\u00e1rios de contato\" novalidate=\"novalidate\" data-status=\"init\">\n<fieldset class=\"hidden-fields-container\"><input type=\"hidden\" name=\"_wpcf7\" value=\"166\" \/><input type=\"hidden\" name=\"_wpcf7_version\" value=\"6.1.4\" \/><input type=\"hidden\" name=\"_wpcf7_locale\" value=\"pt_BR\" \/><input type=\"hidden\" name=\"_wpcf7_unit_tag\" value=\"wpcf7-f166-o1\" \/><input type=\"hidden\" name=\"_wpcf7_container_post\" value=\"0\" \/><input type=\"hidden\" name=\"_wpcf7_posted_data_hash\" value=\"\" \/>\n<\/fieldset>\n<div class=\"flex-row form-flat medium-flex-wrap\">\n\t<div class=\"flex-col flex-grow\">\n\t\t<p><span class=\"wpcf7-form-control-wrap\" data-name=\"your-email\"><input size=\"40\" maxlength=\"400\" class=\"wpcf7-form-control wpcf7-email wpcf7-validates-as-required wpcf7-text wpcf7-validates-as-email\" aria-required=\"true\" aria-invalid=\"false\" placeholder=\"Seu E-mail (*)\" value=\"\" type=\"email\" name=\"your-email\" \/><\/span>\n\t\t<\/p>\n\t<\/div>\n\t<div class=\"flex-col ml-half\">\n\t\t<p><input class=\"wpcf7-form-control wpcf7-submit has-spinner button\" type=\"submit\" value=\"Assinar\" \/>\n\t\t<\/p>\n\t<\/div>\n<\/div><div class=\"wpcf7-response-output\" aria-hidden=\"true\"><\/div>\n<\/form>\n<\/div>\n\n              <\/div>\n           <\/div>\n       <\/div>                     \n<style>\n#text-box-1358776954 {\n  width: 79%;\n}\n#text-box-1358776954 .text-box-content {\n  font-size: 158%;\n}\n@media (min-width:550px) {\n  #text-box-1358776954 {\n    width: 86%;\n  }\n  #text-box-1358776954 .text-box-content {\n    font-size: 100%;\n  }\n}\n<\/style>\n    <\/div>\n \n        <\/div>\n      <\/div>\n\n            \n<style>\n#banner-1804966129 {\n  padding-top: 226px;\n  background-color: #7a9c59;\n}\n#banner-1804966129 .bg.bg-loaded {\n  background-image: 8093;\n}\n#banner-1804966129 .bg {\n  background-position: 72% 78%;\n}\n<\/style>\n  <\/div>\n\n\n","protected":false},"excerpt":{"rendered":"","protected":false},"author":1,"featured_media":0,"parent":0,"menu_order":0,"comment_status":"closed","ping_status":"closed","template":"page-transparent-header-light.php","meta":{"footnotes":""},"class_list":["post-143","page","type-page","status-publish","hentry"],"_links":{"self":[{"href":"https:\/\/aprovacao.website\/liberta\/wp-json\/wp\/v2\/pages\/143","targetHints":{"allow":["GET"]}}],"collection":[{"href":"https:\/\/aprovacao.website\/liberta\/wp-json\/wp\/v2\/pages"}],"about":[{"href":"https:\/\/aprovacao.website\/liberta\/wp-json\/wp\/v2\/types\/page"}],"author":[{"embeddable":true,"href":"https:\/\/aprovacao.website\/liberta\/wp-json\/wp\/v2\/users\/1"}],"replies":[{"embeddable":true,"href":"https:\/\/aprovacao.website\/liberta\/wp-json\/wp\/v2\/comments?post=143"}],"version-history":[{"count":6,"href":"https:\/\/aprovacao.website\/liberta\/wp-json\/wp\/v2\/pages\/143\/revisions"}],"predecessor-version":[{"id":188,"href":"https:\/\/aprovacao.website\/liberta\/wp-json\/wp\/v2\/pages\/143\/revisions\/188"}],"wp:attachment":[{"href":"https:\/\/aprovacao.website\/liberta\/wp-json\/wp\/v2\/media?parent=143"}],"curies":[{"name":"wp","href":"https:\/\/api.w.org\/{rel}","templated":true}]}}