{"id":16,"date":"2022-09-05T14:44:23","date_gmt":"2022-09-05T14:44:23","guid":{"rendered":"https:\/\/aprovacao.website\/kne\/?page_id=16"},"modified":"2022-09-14T07:00:30","modified_gmt":"2022-09-14T07:00:30","slug":"contato","status":"publish","type":"page","link":"https:\/\/aprovacao.website\/kne\/contato\/","title":{"rendered":"Contato"},"content":{"rendered":"\n  <div class=\"banner has-hover gray has-parallax\" id=\"banner-540988642\">\n          <div class=\"banner-inner fill\">\n        <div class=\"banner-bg fill\" data-parallax=\"-6\" data-parallax-container=\".banner\" data-parallax-background>\n            <div class=\"bg fill bg-fill \"><\/div>\n                        <div class=\"overlay\"><\/div>            \n                    <\/div>\n\t\t\n        <div class=\"banner-layers container\">\n            <div class=\"fill banner-link\"><\/div>            \n   <div id=\"text-box-1923690119\" class=\"text-box banner-layer x50 md-x85 lg-x85 y80 md-y50 lg-y50 res-text\">\n                                <div class=\"text-box-content text dark\">\n              \n              <div class=\"text-inner text-center\">\n                  \n              <\/div>\n           <\/div>\n                            \n<style>\n#text-box-1923690119 {\n  margin: 0px -10px 0px 0px;\n  width: 88%;\n}\n#text-box-1923690119 .text-box-content {\n  font-size: 100%;\n}\n@media (min-width:550px) {\n  #text-box-1923690119 {\n    width: 38%;\n  }\n}\n<\/style>\n    <\/div>\n \n        <\/div>\n      <\/div>\n\n            \n<style>\n#banner-540988642 {\n  padding-top: 279px;\n}\n#banner-540988642 .bg.bg-loaded {\n  background-image: url(https:\/\/aprovacao.website\/kne\/wp-content\/uploads\/2022\/09\/abstract-creative-background-with-light-bulb-2021-08-26-16-33-05-utc-1-scaled.jpeg);\n}\n#banner-540988642 .overlay {\n  background-color: rgba(224, 216, 76, 0);\n}\n#banner-540988642 .bg {\n  background-position: 0% 61%;\n}\n#banner-540988642 .ux-shape-divider--top svg {\n  height: 150px;\n  --divider-top-width: 100%;\n}\n#banner-540988642 .ux-shape-divider--bottom svg {\n  height: 150px;\n  --divider-width: 100%;\n}\n<\/style>\n  <\/div>\n\n\n\t<section class=\"section\" id=\"section_1477288934\">\n\t\t<div class=\"bg section-bg fill bg-fill  bg-loaded\" >\n\n\t\t\t\n\t\t\t\n\t\t\t\n\n\t\t<\/div>\n\n\t\t\n\n\t\t<div class=\"section-content relative\">\n\t\t\t\n<div class=\"row row-large row-full-width align-center\"  id=\"row-1328381260\">\n\n\t<div id=\"col-560994242\" class=\"col medium-3 small-12 large-3\"  >\n\t\t\t\t<div class=\"col-inner\"  >\n\t\t\t\n\t\t\t\n\t<div id=\"text-2946682824\" class=\"text\">\n\t\t\n<h1><span style=\"font-size: 180%;\"><strong>Fale Conosco agora!<\/strong><\/span><\/h1>\n<h1 style=\"text-align: left;\">Os nossos servi\u00e7os t\u00eam por objetivo assessorar nossos clientes na defesa ativa e passiva de seus direitos nessa \u00e1rea! Estamos aqui para te ajudar, fale conosco agora.<\/h1>\n\t\t\n<style>\n#text-2946682824 {\n  line-height: 2.5;\n}\n<\/style>\n\t<\/div>\n\t\n<div class=\"is-divider divider clearfix\" style=\"max-width:327px;background-color:rgb(224, 216, 76);\"><\/div>\n\t\t<\/div>\n\t\t\t\t\n<style>\n#col-560994242 > .col-inner {\n  padding: 31px 19px 13px 9px;\n}\n<\/style>\n\t<\/div>\n\n\t\n\n\t<div id=\"col-589494727\" class=\"col medium-4 small-12 large-4\"  >\n\t\t\t\t<div class=\"col-inner text-center\" style=\"background-color:rgb(241, 241, 241);\" >\n\t\t\t\n\t\t\t\n<div class=\"row align-center\"  id=\"row-1577856194\">\n\n\t<div id=\"col-938121856\" class=\"col medium-11 small-11 large-11\"  >\n\t\t\t\t<div class=\"col-inner text-left\"  >\n\t\t\t\n\t\t\t\n<div role=\"form\" class=\"wpcf7\" id=\"wpcf7-f51-o1\" lang=\"pt-BR\" dir=\"ltr\">\n<div class=\"screen-reader-response\"><p role=\"status\" aria-live=\"polite\" aria-atomic=\"true\"><\/p> <ul><\/ul><\/div>\n<form action=\"\/kne\/wp-json\/wp\/v2\/pages\/16#wpcf7-f51-o1\" method=\"post\" class=\"wpcf7-form init\" novalidate=\"novalidate\" data-status=\"init\">\n<div style=\"display: none;\">\n<input type=\"hidden\" name=\"_wpcf7\" value=\"51\" \/>\n<input type=\"hidden\" name=\"_wpcf7_version\" value=\"5.6.3\" \/>\n<input type=\"hidden\" name=\"_wpcf7_locale\" value=\"pt_BR\" \/>\n<input type=\"hidden\" name=\"_wpcf7_unit_tag\" value=\"wpcf7-f51-o1\" \/>\n<input type=\"hidden\" name=\"_wpcf7_container_post\" value=\"0\" \/>\n<input type=\"hidden\" name=\"_wpcf7_posted_data_hash\" value=\"\" \/>\n<\/div>\n<p><label> Seu nome<br \/>\n    <span class=\"wpcf7-form-control-wrap\" data-name=\"your-name\"><input type=\"text\" name=\"your-name\" value=\"\" size=\"40\" class=\"wpcf7-form-control wpcf7-text wpcf7-validates-as-required\" aria-required=\"true\" aria-invalid=\"false\" \/><\/span> <\/label><\/p>\n<p><label> Seu e-mail<br \/>\n    <span class=\"wpcf7-form-control-wrap\" data-name=\"your-email\"><input type=\"email\" name=\"your-email\" value=\"\" size=\"40\" class=\"wpcf7-form-control wpcf7-text wpcf7-email wpcf7-validates-as-required wpcf7-validates-as-email\" aria-required=\"true\" aria-invalid=\"false\" \/><\/span> <\/label><\/p>\n<p><label> Assunto<br \/>\n    <span class=\"wpcf7-form-control-wrap\" data-name=\"your-subject\"><input type=\"text\" name=\"your-subject\" value=\"\" size=\"40\" class=\"wpcf7-form-control wpcf7-text wpcf7-validates-as-required\" aria-required=\"true\" aria-invalid=\"false\" \/><\/span> <\/label><\/p>\n<p><label> Sua mensagem (opcional)<br \/>\n    <span class=\"wpcf7-form-control-wrap\" data-name=\"your-message\"><textarea name=\"your-message\" cols=\"40\" rows=\"10\" class=\"wpcf7-form-control wpcf7-textarea\" aria-invalid=\"false\"><\/textarea><\/span> <\/label><\/p>\n<p><input type=\"submit\" value=\"Enviar\" class=\"wpcf7-form-control has-spinner wpcf7-submit\" \/><\/p>\n<div class=\"wpcf7-response-output\" aria-hidden=\"true\"><\/div><\/form><\/div>\n\t\t<\/div>\n\t\t\t\t\t<\/div>\n\n\t\n<\/div>\n\t\t<\/div>\n\t\t\t\t\n<style>\n#col-589494727 > .col-inner {\n  padding: 17px 0px 74px 0px;\n  margin: -35px 0px 32px 0px;\n  border-radius: 16px;\n}\n@media (min-width:550px) {\n  #col-589494727 > .col-inner {\n    padding: 80px 0px 74px 0px;\n    margin: -157px 0px 32px 0px;\n  }\n}\n<\/style>\n\t<\/div>\n\n\t\n<\/div>\n\t<div id=\"gap-988511395\" class=\"gap-element clearfix\" style=\"display:block; height:auto;\">\n\t\t\n<style>\n#gap-988511395 {\n  padding-top: 173px;\n}\n<\/style>\n\t<\/div>\n\t\n<div class=\"row row-full-width align-center\"  id=\"row-1130410221\">\n\n\t<div id=\"col-4715296\" class=\"col medium-3 small-12 large-3\"  >\n\t\t\t\t<div class=\"col-inner text-center\" style=\"background-color:#e0d84c;\" >\n\t\t\t\n\t\t\t\n\t<div id=\"text-490207753\" class=\"text\">\n\t\t\n<h1 class=\"uppercase\" style=\"text-align: left;\"><strong>nossa localiza\u00e7\u00e3o<\/strong><\/h1>\n<p style=\"text-align: left;\"><span style=\"font-weight: 400; font-size: 110%;\">Avenida Paulista, 37 \u2013 4\u00ba andar\u00a0 <\/span><\/p>\n<p style=\"text-align: left;\"><span style=\"font-weight: 400; font-size: 110%;\">CEP: 01311-902 \u2013 Bela Vista\u00a0<\/span><\/p>\n<p style=\"text-align: left;\"><span style=\"font-weight: 400; font-size: 110%;\">S\u00e3o Paulo &#8211; SP <\/span><\/p>\n<p style=\"text-align: left;\">\u00a0<\/p>\n<p style=\"text-align: left;\">\u00a0<\/p>\n<h3 style=\"text-align: left;\"><span style=\"font-weight: 400;\">Tel: 55 (11) 3105-5249<\/span><\/h3>\n\t\t\n<style>\n#text-490207753 {\n  font-size: 0.9rem;\n  line-height: 0.75;\n  text-align: center;\n  color: rgb(0,0,0);\n}\n#text-490207753 > * {\n  color: rgb(0,0,0);\n}\n@media (min-width:550px) {\n  #text-490207753 {\n    font-size: 1.05rem;\n  }\n}\n<\/style>\n\t<\/div>\n\t\n\t\t<\/div>\n\t\t\t\t\n<style>\n#col-4715296 > .col-inner {\n  padding: 26px 19px 19px 19px;\n  margin: 0px 0px 0px 0;\n  border-radius: 16px;\n}\n@media (min-width:550px) {\n  #col-4715296 > .col-inner {\n    padding: 55px 16px 55px 34px;\n    margin: 110px 0px 0px 40px;\n  }\n}\n<\/style>\n\t<\/div>\n\n\t\n\n\t<div id=\"col-2007795595\" class=\"col medium-7 small-12 large-7\"  >\n\t\t\t\t<div class=\"col-inner box-shadow-4\"  >\n\t\t\t\n\t\t\t\n<p><iframe src=\"https:\/\/www.google.com\/maps\/embed?pb=!1m18!1m12!1m3!1d3656.922214810521!2d-46.64689368255615!3d-23.571237!2m3!1f0!2f0!3f0!3m2!1i1024!2i768!4f13.1!3m3!1m2!1s0x94ce5855246ba451%3A0x34a463af33b860d6!2sKne%20Advogados!5e0!3m2!1spt-BR!2sbr!4v1662513781858!5m2!1spt-BR!2sbr\" width=\"2000\" height=\"550\" style=\"border:0;\" allowfullscreen=\"\" loading=\"lazy\" referrerpolicy=\"no-referrer-when-downgrade\"><\/iframe><\/p>\n\t\t<\/div>\n\t\t\t\t\n<style>\n#col-2007795595 > .col-inner {\n  padding: 0px 0px 0px 0px;\n  margin: 0px 0px -73px 0px;\n}\n<\/style>\n\t<\/div>\n\n\t\n<\/div>\n\t\t<\/div>\n\n\t\t\n<style>\n#section_1477288934 {\n  padding-top: 29px;\n  padding-bottom: 29px;\n  min-height: 300px;\n  background-color: rgb(255, 255, 255);\n}\n#section_1477288934 .ux-shape-divider--top svg {\n  height: 150px;\n  --divider-top-width: 100%;\n}\n#section_1477288934 .ux-shape-divider--bottom svg {\n  height: 150px;\n  --divider-width: 100%;\n}\n@media (min-width:550px) {\n  #section_1477288934 {\n    padding-top: 60px;\n    padding-bottom: 60px;\n  }\n}\n<\/style>\n\t<\/section>\n\t\n","protected":false},"excerpt":{"rendered":"","protected":false},"author":1,"featured_media":0,"parent":0,"menu_order":0,"comment_status":"closed","ping_status":"closed","template":"page-blank.php","meta":{"footnotes":""},"class_list":["post-16","page","type-page","status-publish","hentry"],"_links":{"self":[{"href":"https:\/\/aprovacao.website\/kne\/wp-json\/wp\/v2\/pages\/16","targetHints":{"allow":["GET"]}}],"collection":[{"href":"https:\/\/aprovacao.website\/kne\/wp-json\/wp\/v2\/pages"}],"about":[{"href":"https:\/\/aprovacao.website\/kne\/wp-json\/wp\/v2\/types\/page"}],"author":[{"embeddable":true,"href":"https:\/\/aprovacao.website\/kne\/wp-json\/wp\/v2\/users\/1"}],"replies":[{"embeddable":true,"href":"https:\/\/aprovacao.website\/kne\/wp-json\/wp\/v2\/comments?post=16"}],"version-history":[{"count":81,"href":"https:\/\/aprovacao.website\/kne\/wp-json\/wp\/v2\/pages\/16\/revisions"}],"predecessor-version":[{"id":1080,"href":"https:\/\/aprovacao.website\/kne\/wp-json\/wp\/v2\/pages\/16\/revisions\/1080"}],"wp:attachment":[{"href":"https:\/\/aprovacao.website\/kne\/wp-json\/wp\/v2\/media?parent=16"}],"curies":[{"name":"wp","href":"https:\/\/api.w.org\/{rel}","templated":true}]}}