{"id":15,"date":"2016-04-05T12:45:08","date_gmt":"2016-04-05T12:45:08","guid":{"rendered":"https:\/\/aprovacao.website\/ibrachina\/about-us\/"},"modified":"2021-10-04T00:33:18","modified_gmt":"2021-10-04T00:33:18","slug":"historia","status":"publish","type":"page","link":"https:\/\/aprovacao.website\/ibrachina\/historia\/","title":{"rendered":"Hist\u00f3ria"},"content":{"rendered":"<p>[vc_row full_width=&#8221;stretch_row&#8221;][vc_column]<div class=\"columns_wrap sc_columns columns_nofluid autoheight sc_columns_count_2 margin_top_medium margin_bottom_null\"><div class=\"column-1_2 sc_column_item sc_column_item_1 odd first\"><h2 class=\"sc_title sc_title_regular\">Uma paix\u00e3o que nos une!<\/h2>[vc_column_text]<span style=\"font-weight: 400;\">O Ibrachina Futebol Clube nasceu do esp\u00edrito empreendedor do empres\u00e1rio Henrique Law e \u00e9 o bra\u00e7o esportivo do Instituto S\u00f3cio Cultural Brasil China, entidade de autoridade m\u00e1xima na integra\u00e7ao cultural entre Brasil e China e outros pa\u00edses de l\u00edngua portuguesa. <\/span><span style=\"font-weight: 400;\"><br \/>\n<\/span><span style=\"font-weight: 400;\"><br \/>\n<\/span><span style=\"font-weight: 400;\">No futebol, ao Ibrachina mant\u00e9m intensa atividae forma\u00e7ao de atletas de base com equipes nas categorias Sub-20, Sub-17 e Sub-15 que iniciaram disputando competi\u00e7\u00f5es da Associa\u00e7\u00e3o Paulista de Futebol e Paulista Cup.<\/span><\/p>\n<p><span style=\"font-weight: 400;\">Em 2021 a Federa\u00e7\u00e3o Paulista de Futebol (FPF) confirmou o Ibrachina Futebol Clube, da capital paulista como o mais novo afiliado da nova modalidade de filia\u00e7\u00e3o especial de base.<\/span><\/p>\n<p><span style=\"font-weight: 400;\">O clube \u00e9 a nova paix\u00e3o do bairro da Mo\u00f3ca e conta uma Arena poliesportiva ultramoderna com campo oficial homologado pela Fifa.<\/span><\/p>\n<p>&nbsp;<\/p>\n<p><b>Arena Ibrachina<\/b><span style=\"font-weight: 400;\"> &#8211; <\/span><span style=\"font-weight: 400;\">A Ibrachina Arena \u00e9 um espa\u00e7o esportivo, educacional e de entretenimento localizado no bairro da Mooca e sedia os jogos de todas as categorias Ibrachina F.C. Idealizado pelo Instituto Sociocultural Brasil\/China &#8211; Ibrachina, o projeto promove o desenvolvimento humano baseado em tr\u00eas pilares: esporte, educa\u00e7\u00e3o e cultura.<\/span><\/p>\n<p><span style=\"font-weight: 400;\">Seus 12.000 m2 integram um moderno complexo multiuso para a realiza\u00e7\u00e3o de eventos esportivos, sociais e culturais. Em um espa\u00e7o amplo e bem localizado, oferecemos a infraestrutura completa para a pr\u00e1tica do futebol, servi\u00e7os de loca\u00e7\u00e3o nas modalidades society, campo, futsal e escolinha de futebol para crian\u00e7as e jovens.<\/span><\/p>\n<p>[\/vc_column_text][vc_empty_space height=&#8221;2em&#8221;]<\/div><div class=\"column-1_2 sc_column_item sc_column_item_2 player even\"><div class=\"sc_column_item_inner\" style=\"background-image:url(http:\/\/1509);background-repeat:no-repeat;background-size:cover;\">[vc_single_image image=&#8221;139&#8243; img_size=&#8221;full&#8221;]<\/div><\/div><\/div>[\/vc_column][\/vc_row][vc_row full_width=&#8221;stretch_row_content_no_spaces&#8221; inverse=&#8221;yes&#8221; css=&#8221;.vc_custom_1632328076710{background-image: url(https:\/\/aprovacao.website\/ibrachina\/wp-content\/uploads\/2021\/09\/Ibrachina-FC-42.jpg?id=152) !important;}&#8221;][vc_column]<div class=\"sc_content content_wrap margin_top_large margin_bottom_large\">[vc_empty_space height=&#8221;2em&#8221;]<div class=\"sc_section sc_section_block  aligncenter\"><div class=\"sc_section_inner\"><div class=\"sc_section_content_wrap\"><span class=\"sc_icon icon-arrow margin_top_large\" style=\"display:block;font-size:90px; line-height: 1em;\"><\/span><\/div><\/div><\/div>[vc_empty_space height=&#8221;0.5em&#8221;]<div id=\"about_video\" class=\"sc_popup mfp-with-anim mfp-hide\"><video class=\"sc_video\" src=\"https:\/\/youtube.com\/embed\/rktVBbsXT1I\" width=\"\" height=\"\" data-width=\"\" data-height=\"\" data-ratio=\"16:9\" poster=\"https:\/\/i1.ytimg.com\/vi\/rktVBbsXT1I\/0.jpg\" data-image=\"https:\/\/i1.ytimg.com\/vi\/rktVBbsXT1I\/0.jpg\" autoplay=\"autoplay\" controls=\"controls\" loop=\"loop\"><\/video><\/div><div id=\"sc_call_to_action_1966101971\" class=\"sc_call_to_action sc_call_to_action_style_1 sc_call_to_action_align_center margin_top_tiny margin_bottom_medium\" style=\"width:100%;\"><div class=\"sc_call_to_action_info\"><h6 class=\"sc_call_to_action_subtitle sc_item_subtitle\">A galeria de gols dos times do Ibrachina F.C.<\/h6><h2 class=\"sc_call_to_action_title sc_item_title\">Goleria<\/h2><div class=\"sc_call_to_action_descr sc_item_descr\">Grandes sonhos nascem da base, dos sonhos, da ousadia. O futuro come\u00e7a no Ibrachina F.C.<\/div><\/div><\/div><div class=\"sc_section sc_section_block margin_bottom_large aligncenter\"><div class=\"sc_section_inner\"><div class=\"sc_section_content_wrap\"><a href=\"#about_video\" class=\"sc_button sc_button_square sc_button_style_border sc_button_size_large sc_popup_link\">View Video<\/a><\/div><\/div><\/div>[vc_empty_space height=&#8221;2.4em&#8221;]<\/div>[\/vc_column][\/vc_row][vc_row full_width=&#8221;stretch_row_content_no_spaces&#8221;][vc_column][vc_masonry_media_grid element_width=&#8221;2&#8243; grid_id=&#8221;vc_gid:1633307581532-a2e62497-7dff-10&#8243; include=&#8221;145,146,147,148,149,154&#8243;][\/vc_column][\/vc_row][vc_row][vc_column][vc_empty_space height=&#8221;3.6em&#8221;]<h2 class=\"sc_title sc_title_regular sc_align_center\" style=\"text-align:center;\">Parceiros<\/h2>[vc_empty_space height=&#8221;1.95em&#8221;][vc_masonry_media_grid gap=&#8221;15&#8243; grid_id=&#8221;vc_gid:1633307581536-b5de3155-dae2-6&#8243; include=&#8221;191,192,193&#8243;][vc_empty_space height=&#8221;6.4em&#8221;][\/vc_column][\/vc_row][vc_row full_width=&#8221;stretch_row_content_no_spaces&#8221; inverse=&#8221;&#8221;][vc_column]<div id=\"sc_googlemap_1084196477\" class=\"sc_googlemap\" style=\"width:100%;height:400px;\" data-zoom=\"14\" data-style=\"greyscale\"><iframe src=\"https:\/\/maps.google.com\/maps?t=m&output=embed&iwloc=near&z=14&q=R.+Borges+de+Figueiredo%2C+1247-1359+-+Mooca%2C+S%C3%A3o+Paulo+-+SP%2C+03110-001\" scrolling=\"no\" marginheight=\"0\" marginwidth=\"0\" frameborder=\"0\" aria-label=\"\"><\/iframe><\/div>[\/vc_column][\/vc_row]<\/p>\n","protected":false},"excerpt":{"rendered":"<p>[vc_row full_width=&#8221;stretch_row&#8221;][vc_column][\/vc_column][\/vc_row][vc_row full_width=&#8221;stretch_row_content_no_spaces&#8221; inverse=&#8221;yes&#8221; css=&#8221;.vc_custom_1632328076710{background-image: url(https:\/\/aprovacao.website\/ibrachina\/wp-content\/uploads\/2021\/09\/Ibrachina-FC-42.jpg?id=152) !important;}&#8221;][vc_column][\/vc_column][\/vc_row][vc_row full_width=&#8221;stretch_row_content_no_spaces&#8221;][vc_column][vc_masonry_media_grid element_width=&#8221;2&#8243; grid_id=&#8221;vc_gid:1633307581532-a2e62497-7dff-10&#8243; include=&#8221;145,146,147,148,149,154&#8243;][\/vc_column][\/vc_row][vc_row][vc_column][vc_empty_space height=&#8221;3.6em&#8221;][vc_empty_space height=&#8221;1.95em&#8221;][vc_masonry_media_grid gap=&#8221;15&#8243; grid_id=&#8221;vc_gid:1633307581536-b5de3155-dae2-6&#8243; include=&#8221;191,192,193&#8243;][vc_empty_space height=&#8221;6.4em&#8221;][\/vc_column][\/vc_row][vc_row full_width=&#8221;stretch_row_content_no_spaces&#8221; inverse=&#8221;&#8221;][vc_column][\/vc_column][\/vc_row]<\/p>\n","protected":false},"author":1,"featured_media":0,"parent":0,"menu_order":0,"comment_status":"closed","ping_status":"closed","template":"","meta":{"footnotes":""},"class_list":["post-15","page","type-page","status-publish","hentry"],"_links":{"self":[{"href":"https:\/\/aprovacao.website\/ibrachina\/wp-json\/wp\/v2\/pages\/15","targetHints":{"allow":["GET"]}}],"collection":[{"href":"https:\/\/aprovacao.website\/ibrachina\/wp-json\/wp\/v2\/pages"}],"about":[{"href":"https:\/\/aprovacao.website\/ibrachina\/wp-json\/wp\/v2\/types\/page"}],"author":[{"embeddable":true,"href":"https:\/\/aprovacao.website\/ibrachina\/wp-json\/wp\/v2\/users\/1"}],"replies":[{"embeddable":true,"href":"https:\/\/aprovacao.website\/ibrachina\/wp-json\/wp\/v2\/comments?post=15"}],"version-history":[{"count":14,"href":"https:\/\/aprovacao.website\/ibrachina\/wp-json\/wp\/v2\/pages\/15\/revisions"}],"predecessor-version":[{"id":271,"href":"https:\/\/aprovacao.website\/ibrachina\/wp-json\/wp\/v2\/pages\/15\/revisions\/271"}],"wp:attachment":[{"href":"https:\/\/aprovacao.website\/ibrachina\/wp-json\/wp\/v2\/media?parent=15"}],"curies":[{"name":"wp","href":"https:\/\/api.w.org\/{rel}","templated":true}]}}