{"id":12,"date":"2016-04-05T12:44:26","date_gmt":"2016-04-05T12:44:26","guid":{"rendered":"https:\/\/aprovacao.website\/ibrachina\/home\/"},"modified":"2021-10-04T00:14:34","modified_gmt":"2021-10-04T00:14:34","slug":"home","status":"publish","type":"page","link":"https:\/\/aprovacao.website\/ibrachina\/","title":{"rendered":"Home"},"content":{"rendered":"<p>[vc_row][vc_column][vc_empty_space height=&#8221;2em&#8221;]<div class=\"columns_wrap sc_columns columns_nofluid sc_columns_count_3 margin_top_large margin_bottom_large\"><div class=\"column-1_3 sc_column_item sc_column_item_1 odd first\" data-animation=\"animated fadeInUp normal\"><figure class=\"sc_image  sc_image_shape_square\" style=\"width:241px;height:676px;\"><img decoding=\"async\" src=\"https:\/\/aprovacao.website\/ibrachina\/wp-content\/uploads\/2021\/09\/jogador3-1-241x676.png\" alt=\"\" \/><\/figure><\/div><div class=\"column-2_3 sc_column_item sc_column_item_2 even span_2\" data-animation=\"animated fadeInUp normal\"><div id=\"sc_blogger_259482962\" class=\"sc_blogger layout_date template_date  sc_blogger_vertical\"><div id=\"sc_blogger_259482962_scroll\" class=\"sc_scroll sc_scroll_vertical sc_slider_noresize swiper-slider-container scroll-container\" style=\"height:230px;\"><div class=\"sc_scroll_wrapper swiper-wrapper\"><div class=\"sc_scroll_slide swiper-slide\">\t\t\n\t\t<div class=\"post_item sc_blogger_item\n\t\t\t\"\n\t\t\t>\n\t\t\t<div class=\"sc_blogger_date\">\n\t\t\t\t<span class=\"day_month\">22.09<\/span>\n\t\t\t\t<span class=\"year\">2021<\/span>\n\t\t\t<\/div>\n\n\t\t\t<div class=\"post_content\">\n\t\t\t\t<h6 class=\"post_title sc_title sc_blogger_title\">\n\t\t\t\t\t<a href=\"https:\/\/aprovacao.website\/ibrachina\/parabens-aos-nossos-jogadores\/\">\t\t\t\t\tCor\u00ednthians e Ibrachina jogam nesta quinta\t\t\t\t\t<\/a>\t\t\t\t<\/h6>\n\t\t\t\t\n\t\t\t\t\t\n\t\t\t\t\t\t\t\t<div class=\"post_info\">\n\t\t\t\t\t<span class=\"post_info_item post_info_posted_by\">by <a href=\"https:\/\/aprovacao.website\/ibrachina\/author\/admin\/\" class=\"post_info_author\">admin<\/a><\/span>\n\t\t\t\t<\/div>\n\n                                <div class=\"post_descr\">\n                Estamos s\u00f3 come\u00e7ando mas para n\u00f3s j\u00e1 uma cl\u00e1ssico.\u00a0 Nesta quinta-feira (06), o Cor\u00ednthians recebe o Ibrachina FC, na Fazendinha, \u00e0s 15h, pelo Paulist\u00e3o sub. \u00a0 Ambos os times v\u00eam de derrota. O...            <\/div>\n        \n\t\t\t<\/div>\t<!-- \/.post_content -->\n\t\t\n\t\t<\/div>\t\t<!-- \/.post_item -->\n\n\t\t\t\t\n\t\t<div class=\"post_item sc_blogger_item\n\t\t\t\"\n\t\t\t>\n\t\t\t<div class=\"sc_blogger_date\">\n\t\t\t\t<span class=\"day_month\">22.09<\/span>\n\t\t\t\t<span class=\"year\">2021<\/span>\n\t\t\t<\/div>\n\n\t\t\t<div class=\"post_content\">\n\t\t\t\t<h6 class=\"post_title sc_title sc_blogger_title\">\n\t\t\t\t\t<a href=\"https:\/\/aprovacao.website\/ibrachina\/taca-liga-academy-edicao-ibrachina-arena-2\/\">\t\t\t\t\tDestaque no Ibrachina Arena\t\t\t\t\t<\/a>\t\t\t\t<\/h6>\n\t\t\t\t\n\t\t\t\t\t\n\t\t\t\t\t\t\t\t<div class=\"post_info\">\n\t\t\t\t\t<span class=\"post_info_item post_info_posted_by\">by <a href=\"https:\/\/aprovacao.website\/ibrachina\/author\/admin\/\" class=\"post_info_author\">admin<\/a><\/span>\n\t\t\t\t<\/div>\n\n                                <div class=\"post_descr\">\n                <p>Moleque luta at\u00e9 o fim, mas \u00e9 superado pelo Ibrachina. Ibrachina 4 X 3 Juventus Ricardo Filipinho @alevianna13 \/C.A.Juventus<\/p>            <\/div>\n        \n\t\t\t<\/div>\t<!-- \/.post_content -->\n\t\t\n\t\t<\/div>\t\t<!-- \/.post_item -->\n\n\t\t\t\t\n\t\t<div class=\"post_item sc_blogger_item\n\t\t\t\"\n\t\t\t>\n\t\t\t<div class=\"sc_blogger_date\">\n\t\t\t\t<span class=\"day_month\">27.08<\/span>\n\t\t\t\t<span class=\"year\">2021<\/span>\n\t\t\t<\/div>\n\n\t\t\t<div class=\"post_content\">\n\t\t\t\t<h6 class=\"post_title sc_title sc_blogger_title\">\n\t\t\t\t\t<a href=\"https:\/\/aprovacao.website\/ibrachina\/taca-liga-academy-edicao-ibrachina-arena\/\">\t\t\t\t\tTa\u00e7a Liga Academy edi\u00e7\u00e3o Ibrachina Arena\t\t\t\t\t<\/a>\t\t\t\t<\/h6>\n\t\t\t\t\n\t\t\t\t\t\n\t\t\t\t\t\t\t\t<div class=\"post_info\">\n\t\t\t\t\t<span class=\"post_info_item post_info_posted_by\">by <a href=\"https:\/\/aprovacao.website\/ibrachina\/author\/admin\/\" class=\"post_info_author\">admin<\/a><\/span>\n\t\t\t\t<\/div>\n\n                                <div class=\"post_descr\">\n                Na \u00faltima sexta feira 27\/08 foi finalizada a fase de grupo da Ta\u00e7a Liga Academy edi\u00e7\u00e3o Ibrachina Arena, ap\u00f3s grandes jogos e muitos gols assim ficaram decididos as semifinais ouro e prata na...            <\/div>\n        \n\t\t\t<\/div>\t<!-- \/.post_content -->\n\t\t\n\t\t<\/div>\t\t<!-- \/.post_item -->\n\n\t\t<\/div><\/div><div id=\"sc_blogger_259482962_scroll_bar\" class=\"sc_scroll_bar sc_scroll_bar_vertical sc_blogger_259482962_scroll_bar\"><\/div><\/div><\/div><\/div><\/div>[vc_empty_space height=&#8221;1em&#8221;][\/vc_column][\/vc_row][vc_row full_width=&#8221;stretch_row&#8221; inverse=&#8221;yes&#8221; css=&#8221;.vc_custom_1461315027294{background-color: #ffa800 !important;}&#8221;][vc_column][vc_empty_space height=&#8221;4.1em&#8221;]<div class=\"columns_wrap sc_columns columns_nofluid sc_columns_count_3 margin_top_medium margin_bottom_medium\"><div class=\"column-1_3 sc_column_item sc_column_item_1 home_column_3 odd first\" data-animation=\"animated fadeInUp normal\"><h2 class=\"sc_title sc_title_underline margin_top_null margin_bottom_null\" style=\"color:#ffffff;font-size:50px;\">Destaques<\/h2><div id=\"sc_blogger_1568354574\" class=\"sc_blogger layout_accordion template_accordion sc_accordion sc_blogger_vertical no_description\">\t\t<div class=\"post_item sc_blogger_item sc_accordion_item\">\n\t\t\t\n\t\t\t<h5 class=\"post_title sc_title sc_blogger_title sc_accordion_title\"><span class=\"sc_accordion_icon sc_accordion_icon_closed icon-plus\"><\/span><span class=\"sc_accordion_icon sc_accordion_icon_opened icon-minus\"><\/span>Cor\u00ednthians e Ibrachina jogam nesta quinta<\/h5>\n\t\t\t\n\t\t\t<div class=\"post_content sc_accordion_content\">\n\t\t\t\t\t\t\t\t\t<div class=\"post_descr\">\n\t\t\t\t\t<p>Estamos s\u00f3 come\u00e7ando mas para n\u00f3s j\u00e1 uma cl\u00e1ssico.\u00a0 Nesta quinta-feira (06), o Cor\u00ednthians recebe o Ibrachina FC, na Fazendinha, \u00e0s 15h, pelo Paulist\u00e3o sub. \u00a0 Ambos os times v\u00eam de derrota. O Cor\u00ednthians ocupa a lideran\u00e7a do grupo 6 e o Ibrachina est\u00e1 na terceira posi\u00e7\u00e3o.\u00a0 Um joga\u00e7o para ningu\u00e9m botar defeito! \u00a0<\/p>\t\t\t\t\t<\/div>\n\t\t\t\t\t<a href=\"https:\/\/aprovacao.website\/ibrachina\/parabens-aos-nossos-jogadores\/\" class=\"sc_button sc_button_square sc_button_style_filled sc_button_size_small\">READ MORE<\/a>\t\t\t\n\t\t\t<\/div>\t<!-- \/.post_content -->\n\n\t\t<\/div>\t\t<!-- \/.post_item -->\n\n\t\t\t\t<div class=\"post_item sc_blogger_item sc_accordion_item sc_blogger_item_last\">\n\t\t\t\n\t\t\t<h5 class=\"post_title sc_title sc_blogger_title sc_accordion_title\"><span class=\"sc_accordion_icon sc_accordion_icon_closed icon-plus\"><\/span><span class=\"sc_accordion_icon sc_accordion_icon_opened icon-minus\"><\/span>Destaque no Ibrachina Arena<\/h5>\n\t\t\t\n\t\t\t<div class=\"post_content sc_accordion_content\">\n\t\t\t\t\t\t\t\t\t<div class=\"post_descr\">\n\t\t\t\t\t<p>Moleque luta at\u00e9 o fim, mas \u00e9 superado pelo Ibrachina. Ibrachina 4 X 3 Juventus Ricardo Filipinho @alevianna13 \/C.A.Juventus<\/p>\t\t\t\t\t<\/div>\n\t\t\t\t\t<a href=\"https:\/\/aprovacao.website\/ibrachina\/taca-liga-academy-edicao-ibrachina-arena-2\/\" class=\"sc_button sc_button_square sc_button_style_filled sc_button_size_small\">READ MORE<\/a>\t\t\t\n\t\t\t<\/div>\t<!-- \/.post_content -->\n\n\t\t<\/div>\t\t<!-- \/.post_item -->\n\n\t\t<\/div>[vc_empty_space height=&#8221;1em&#8221;]<\/div><div class=\"column-1_3 sc_column_item sc_column_item_2 home_column_2 even\" data-animation=\"animated fadeInUp normal\"><div class=\"sc_section sc_section_block \" style=\"background-color:#ffffff;\"><div class=\"sc_section_inner\"><div class=\"sc_section_overlay\" style=\"\"><div class=\"sc_section_content padding_on\" style=\"\"><div class=\"sc_section_content_wrap\">[vc_empty_space height=&#8221;0.8em&#8221;]<h4 class=\"sc_title sc_title_regular margin_top_null margin_bottom_null\">Gols da Rodada<\/h4><div class=\"sc_table margin_top_null\" style=\"width:100%;\"><\/p>\n<table>\n<tbody>\n<tr class=\"no_head\">\n<td>1 <figure class=\"sc_image  sc_image_shape_square\"><img decoding=\"async\" src=\"\/wp-content\/uploads\/2016\/04\/team1.png\" alt=\"\" \/><\/figure> Rafael<\/td>\n<td>42<\/td>\n<td>\u00a0Gols<\/td>\n<\/tr>\n<tr>\n<td>2 <figure class=\"sc_image  sc_image_shape_square\"><img decoding=\"async\" src=\"\/wp-content\/uploads\/2016\/04\/team2.png\" alt=\"\" \/><\/figure> Sonekka<\/td>\n<td>38<\/td>\n<td>\u00a0Gols<\/td>\n<\/tr>\n<tr>\n<td>3 <figure class=\"sc_image  sc_image_shape_square\"><img decoding=\"async\" src=\"\/wp-content\/uploads\/2016\/04\/team3.png\" alt=\"\" \/><\/figure> Z\u00e9 Carlos<\/td>\n<td>36<\/td>\n<td>\u00a0Gols<\/td>\n<\/tr>\n<tr>\n<td>4 <figure class=\"sc_image  sc_image_shape_square\"><img decoding=\"async\" src=\"\/wp-content\/uploads\/2016\/04\/team4.png\" alt=\"\" \/><\/figure> Vlado<\/td>\n<td>36<\/td>\n<td>\u00a0Gols<\/td>\n<\/tr>\n<tr>\n<td>5 <figure class=\"sc_image  sc_image_shape_square\"><img decoding=\"async\" src=\"\/wp-content\/uploads\/2016\/04\/team5.png\" alt=\"\" \/><\/figure> Z\u00e9Edu<\/td>\n<td>34<\/td>\n<td>\u00a0Gols<\/td>\n<\/tr>\n<tr>\n<td>6 <figure class=\"sc_image  sc_image_shape_square\"><img decoding=\"async\" src=\"\/wp-content\/uploads\/2016\/04\/team6.png\" alt=\"\" \/><\/figure> Paulinho<\/td>\n<td>33<\/td>\n<td>\u00a0Gols<\/td>\n<\/tr>\n<tr>\n<td><\/td>\n<td><\/td>\n<td><\/td>\n<\/tr>\n<tr>\n<td><\/td>\n<td><\/td>\n<td><\/td>\n<\/tr>\n<\/tbody>\n<\/table>\n<p><\/div><\/div><\/div><\/div><\/div><\/div><a href=\"http:\/\/soccerclub.axiomthemes.com\/league-table\/\" class=\"sc_button sc_button_square sc_button_style_filled sc_button_size_large aligncenter\">Ver a tabela completa<\/a><\/div><div class=\"column-1_3 sc_column_item sc_column_item_3 home_column_3 odd\" data-animation=\"animated fadeInUp normal\"><h2 class=\"sc_title sc_title_underline margin_top_null margin_bottom_null\" style=\"color:#ffffff;font-size:50px;\">Hist\u00f3ria do Time<\/h2>[vc_empty_space height=&#8221;1em&#8221;][vc_column_text]<span style=\"font-weight: 400;\">No futebol, o Ibrachina mant\u00e9m intensa atividade na forma\u00e7ao de atletas de base com equipes nas categorias Sub-20, Sub-17 e Sub-15 que iniciaram disputando competi\u00e7\u00f5es da Associa\u00e7\u00e3o Paulista de Futebol e Paulista Cup.<\/span><\/p>\n<p>[\/vc_column_text]<a href=\"\/historia\/\" class=\"sc_button sc_button_square sc_button_style_border sc_button_size_large aligncenter margin_top_medium margin_bottom_large\">Mais<\/a><\/div><\/div>[vc_empty_space height=&#8221;1.2em&#8221;][\/vc_column][\/vc_row][vc_row full_width=&#8221;stretch_row&#8221; css=&#8221;.vc_custom_1461312728566{background-color: #f8f8f8 !important;}&#8221;][vc_column][vc_empty_space height=&#8221;3.1em&#8221;]<div class=\"sc_content content_wrap\"><div id=\"sc_team_2064061617_wrap\" class=\"sc_team_wrap\"><div id=\"sc_team_2064061617\" class=\"sc_team sc_team_style_team-3 1 margin_top_medium margin_bottom_medium\" style=\"width:100%;\" data-animation=\"animated fadeInUp normal\"><h2 class=\"sc_team_title sc_item_title sc_item_title_wo_desc\">Jogadores Ibrachina<\/h2><div class=\"sc_slider_swiper swiper-slider-container sc_slider_nopagination sc_slider_controls sc_slider_controls_bottom\" data-interval=\"8634\" data-slides-per-view=\"3\" data-slides-min-width=\"250\"><div class=\"slides swiper-wrapper\"><div class=\"swiper-slide\" data-style=\"width:100%;\" style=\"width:100%;\">\t\t\t<div id=\"sc_team_2064061617_1\"\t\t\t\tclass=\"sc_team_item sc_team_item_1 odd first\"\n\t\t\t\t>\n\t\t\t\t<div class=\"sc_team_item_avatar\"><img loading=\"lazy\" decoding=\"async\" class=\"wp-post-image\" width=\"370\" height=\"370\" alt=\"Henrique\" src=\"https:\/\/aprovacao.website\/ibrachina\/wp-content\/uploads\/2021\/09\/henrique-370x370.jpeg\">\n\t\t\t\t\t<div class=\"sc_team_item_hover\">\n\n\n                            <div class=\"sc_team_number\"><\/div>\n\n\t\t\t\t\t\t<div class=\"sc_team_item_socials\"><div class=\"sc_socials sc_socials_type_icons sc_socials_shape_square sc_socials_size_small\"><div class=\"sc_socials_item\"><a href=\"https:\/\/www.facebook.com\/ibrachinafc\" target=\"_blank\" class=\"social_icons social_facebook\"><span class=\"icon-facebook\"><\/span><\/a><\/div><div class=\"sc_socials_item\"><a href=\"https:\/\/www.youtube.com\/channel\/UCIQWRwaldw6yXOilAw-dnNw\" target=\"_blank\" class=\"social_icons social_youtube\"><span class=\"icon-youtube\"><\/span><\/a><\/div><div class=\"sc_socials_item\"><a href=\"https:\/\/instagram.com\/ibrachinafc\" target=\"_blank\" class=\"social_icons social_blank\"><span class=\"icon-blank\"><\/span><\/a><\/div><\/div><\/div>\n\n\t\t\t\t\t<\/div>\n\t\t\t\t<\/div>\n\t\t\t\t<div class=\"sc_team_item_info\">\n\t\t\t\t\t<h5 class=\"sc_team_item_title\"><a href=\"https:\/\/aprovacao.website\/ibrachina\/team\/henrique\/\">Henrique<\/a><\/h5>\n\t\t\t\t\t<div class=\"sc_team_item_position\"><\/div>\n\t\t\t\t<\/div>\n\t\t\t<\/div>\n\t\t<\/div><div class=\"swiper-slide\" data-style=\"width:100%;\" style=\"width:100%;\">\t\t\t<div id=\"sc_team_2064061617_2\"\t\t\t\tclass=\"sc_team_item sc_team_item_2 even\"\n\t\t\t\t>\n\t\t\t\t<div class=\"sc_team_item_avatar\"><img loading=\"lazy\" decoding=\"async\" class=\"wp-post-image\" width=\"370\" height=\"370\" alt=\"Kevin\" src=\"https:\/\/aprovacao.website\/ibrachina\/wp-content\/uploads\/2021\/09\/kevin-370x370.jpeg\">\n\t\t\t\t\t<div class=\"sc_team_item_hover\">\n\n\n                            <div class=\"sc_team_number\"><\/div>\n\n\t\t\t\t\t\t<div class=\"sc_team_item_socials\"><div class=\"sc_socials sc_socials_type_icons sc_socials_shape_square sc_socials_size_small\"><div class=\"sc_socials_item\"><a href=\"https:\/\/www.facebook.com\/ibrachinafc\" target=\"_blank\" class=\"social_icons social_facebook\"><span class=\"icon-facebook\"><\/span><\/a><\/div><div class=\"sc_socials_item\"><a href=\"https:\/\/www.youtube.com\/channel\/UCIQWRwaldw6yXOilAw-dnNw\" target=\"_blank\" class=\"social_icons social_youtube\"><span class=\"icon-youtube\"><\/span><\/a><\/div><div class=\"sc_socials_item\"><a href=\"https:\/\/instagram.com\/ibrachinafc\" target=\"_blank\" class=\"social_icons social_blank\"><span class=\"icon-blank\"><\/span><\/a><\/div><\/div><\/div>\n\n\t\t\t\t\t<\/div>\n\t\t\t\t<\/div>\n\t\t\t\t<div class=\"sc_team_item_info\">\n\t\t\t\t\t<h5 class=\"sc_team_item_title\"><a href=\"https:\/\/aprovacao.website\/ibrachina\/team\/kevin\/\">Kevin<\/a><\/h5>\n\t\t\t\t\t<div class=\"sc_team_item_position\"><\/div>\n\t\t\t\t<\/div>\n\t\t\t<\/div>\n\t\t<\/div><div class=\"swiper-slide\" data-style=\"width:100%;\" style=\"width:100%;\">\t\t\t<div id=\"sc_team_2064061617_3\"\t\t\t\tclass=\"sc_team_item sc_team_item_3 odd\"\n\t\t\t\t>\n\t\t\t\t<div class=\"sc_team_item_avatar\"><img loading=\"lazy\" decoding=\"async\" class=\"wp-post-image\" width=\"370\" height=\"370\" alt=\"Ryan\" src=\"https:\/\/aprovacao.website\/ibrachina\/wp-content\/uploads\/2021\/09\/ryan_-370x370.jpeg\">\n\t\t\t\t\t<div class=\"sc_team_item_hover\">\n\n\n                            <div class=\"sc_team_number\"><\/div>\n\n\t\t\t\t\t\t<div class=\"sc_team_item_socials\"><div class=\"sc_socials sc_socials_type_icons sc_socials_shape_square sc_socials_size_small\"><div class=\"sc_socials_item\"><a href=\"https:\/\/www.facebook.com\/ibrachinafc\" target=\"_blank\" class=\"social_icons social_facebook\"><span class=\"icon-facebook\"><\/span><\/a><\/div><div class=\"sc_socials_item\"><a href=\"https:\/\/www.youtube.com\/channel\/UCIQWRwaldw6yXOilAw-dnNw\" target=\"_blank\" class=\"social_icons social_youtube\"><span class=\"icon-youtube\"><\/span><\/a><\/div><div class=\"sc_socials_item\"><a href=\"https:\/\/instagram.com\/ibrachinafc\" target=\"_blank\" class=\"social_icons social_blank\"><span class=\"icon-blank\"><\/span><\/a><\/div><\/div><\/div>\n\n\t\t\t\t\t<\/div>\n\t\t\t\t<\/div>\n\t\t\t\t<div class=\"sc_team_item_info\">\n\t\t\t\t\t<h5 class=\"sc_team_item_title\"><a href=\"https:\/\/aprovacao.website\/ibrachina\/team\/ryan\/\">Ryan<\/a><\/h5>\n\t\t\t\t\t<div class=\"sc_team_item_position\"><\/div>\n\t\t\t\t<\/div>\n\t\t\t<\/div>\n\t\t<\/div><div class=\"swiper-slide\" data-style=\"width:100%;\" style=\"width:100%;\">\t\t\t<div id=\"sc_team_2064061617_4\"\t\t\t\tclass=\"sc_team_item sc_team_item_4 even\"\n\t\t\t\t>\n\t\t\t\t<div class=\"sc_team_item_avatar\"><img loading=\"lazy\" decoding=\"async\" class=\"wp-post-image\" width=\"370\" height=\"370\" alt=\"Caio de Lucca\" src=\"https:\/\/aprovacao.website\/ibrachina\/wp-content\/uploads\/2021\/09\/caio_de-lucca-370x370.jpeg\">\n\t\t\t\t\t<div class=\"sc_team_item_hover\">\n\n\n                            <div class=\"sc_team_number\"><\/div>\n\n\t\t\t\t\t\t<div class=\"sc_team_item_socials\"><div class=\"sc_socials sc_socials_type_icons sc_socials_shape_square sc_socials_size_small\"><div class=\"sc_socials_item\"><a href=\"https:\/\/www.facebook.com\/ibrachinafc\" target=\"_blank\" class=\"social_icons social_facebook\"><span class=\"icon-facebook\"><\/span><\/a><\/div><div class=\"sc_socials_item\"><a href=\"https:\/\/www.youtube.com\/channel\/UCIQWRwaldw6yXOilAw-dnNw\" target=\"_blank\" class=\"social_icons social_youtube\"><span class=\"icon-youtube\"><\/span><\/a><\/div><div class=\"sc_socials_item\"><a href=\"https:\/\/instagram.com\/ibrachinafc\" target=\"_blank\" class=\"social_icons social_blank\"><span class=\"icon-blank\"><\/span><\/a><\/div><\/div><\/div>\n\n\t\t\t\t\t<\/div>\n\t\t\t\t<\/div>\n\t\t\t\t<div class=\"sc_team_item_info\">\n\t\t\t\t\t<h5 class=\"sc_team_item_title\"><a href=\"https:\/\/aprovacao.website\/ibrachina\/team\/caio-de-lucca\/\">Caio de Lucca<\/a><\/h5>\n\t\t\t\t\t<div class=\"sc_team_item_position\"><\/div>\n\t\t\t\t<\/div>\n\t\t\t<\/div>\n\t\t<\/div><div class=\"swiper-slide\" data-style=\"width:100%;\" style=\"width:100%;\">\t\t\t<div id=\"sc_team_2064061617_5\"\t\t\t\tclass=\"sc_team_item sc_team_item_5 odd\"\n\t\t\t\t>\n\t\t\t\t<div class=\"sc_team_item_avatar\"><img loading=\"lazy\" decoding=\"async\" class=\"wp-post-image\" width=\"370\" height=\"370\" alt=\"Matheus Maicon\" src=\"https:\/\/aprovacao.website\/ibrachina\/wp-content\/uploads\/2021\/09\/matheus_maicon-370x370.jpeg\">\n\t\t\t\t\t<div class=\"sc_team_item_hover\">\n\n\n                            <div class=\"sc_team_number\"><\/div>\n\n\t\t\t\t\t\t<div class=\"sc_team_item_socials\"><div class=\"sc_socials sc_socials_type_icons sc_socials_shape_square sc_socials_size_small\"><div class=\"sc_socials_item\"><a href=\"https:\/\/www.facebook.com\/ibrachinafc\" target=\"_blank\" class=\"social_icons social_facebook\"><span class=\"icon-facebook\"><\/span><\/a><\/div><div class=\"sc_socials_item\"><a href=\"https:\/\/www.youtube.com\/channel\/UCIQWRwaldw6yXOilAw-dnNw\" target=\"_blank\" class=\"social_icons social_youtube\"><span class=\"icon-youtube\"><\/span><\/a><\/div><div class=\"sc_socials_item\"><a href=\"https:\/\/instagram.com\/ibrachinafc\" target=\"_blank\" class=\"social_icons social_blank\"><span class=\"icon-blank\"><\/span><\/a><\/div><\/div><\/div>\n\n\t\t\t\t\t<\/div>\n\t\t\t\t<\/div>\n\t\t\t\t<div class=\"sc_team_item_info\">\n\t\t\t\t\t<h5 class=\"sc_team_item_title\"><a href=\"https:\/\/aprovacao.website\/ibrachina\/team\/matheus-maicon\/\">Matheus Maicon<\/a><\/h5>\n\t\t\t\t\t<div class=\"sc_team_item_position\"><\/div>\n\t\t\t\t<\/div>\n\t\t\t<\/div>\n\t\t<\/div><div class=\"swiper-slide\" data-style=\"width:100%;\" style=\"width:100%;\">\t\t\t<div id=\"sc_team_2064061617_6\"\t\t\t\tclass=\"sc_team_item sc_team_item_6 even\"\n\t\t\t\t>\n\t\t\t\t<div class=\"sc_team_item_avatar\"><img loading=\"lazy\" decoding=\"async\" class=\"wp-post-image\" width=\"370\" height=\"370\" alt=\"Leonardo Vianna\" src=\"https:\/\/aprovacao.website\/ibrachina\/wp-content\/uploads\/2021\/09\/leonardo_vianna-370x370.jpeg\">\n\t\t\t\t\t<div class=\"sc_team_item_hover\">\n\n\n                            <div class=\"sc_team_number\"><\/div>\n\n\t\t\t\t\t\t<div class=\"sc_team_item_socials\"><div class=\"sc_socials sc_socials_type_icons sc_socials_shape_square sc_socials_size_small\"><div class=\"sc_socials_item\"><a href=\"https:\/\/www.facebook.com\/ibrachinafc\" target=\"_blank\" class=\"social_icons social_facebook\"><span class=\"icon-facebook\"><\/span><\/a><\/div><div class=\"sc_socials_item\"><a href=\"https:\/\/www.youtube.com\/channel\/UCIQWRwaldw6yXOilAw-dnNw\" target=\"_blank\" class=\"social_icons social_youtube\"><span class=\"icon-youtube\"><\/span><\/a><\/div><div class=\"sc_socials_item\"><a href=\"https:\/\/instagram.com\/ibrachinafc\" target=\"_blank\" class=\"social_icons social_blank\"><span class=\"icon-blank\"><\/span><\/a><\/div><\/div><\/div>\n\n\t\t\t\t\t<\/div>\n\t\t\t\t<\/div>\n\t\t\t\t<div class=\"sc_team_item_info\">\n\t\t\t\t\t<h5 class=\"sc_team_item_title\"><a href=\"https:\/\/aprovacao.website\/ibrachina\/team\/leonardo-vianna\/\">Leonardo Vianna<\/a><\/h5>\n\t\t\t\t\t<div class=\"sc_team_item_position\"><\/div>\n\t\t\t\t<\/div>\n\t\t\t<\/div>\n\t\t<\/div><\/div><div class=\"sc_slider_controls_wrap\"><a class=\"sc_slider_prev\" href=\"#\"><\/a><a class=\"sc_slider_next\" href=\"#\"><\/a><\/div><div class=\"sc_slider_pagination_wrap\"><\/div><\/div><\/div><!-- \/.sc_team --><\/div><!-- \/.sc_team_wrap --><\/div>[vc_empty_space height=&#8221;1em&#8221;][\/vc_column][\/vc_row][vc_row full_width=&#8221;stretch_row_content_no_spaces&#8221; inverse=&#8221;yes&#8221; css=&#8221;.vc_custom_1633306344201{background-image: url(https:\/\/aprovacao.website\/ibrachina\/wp-content\/uploads\/2021\/10\/Background-ibrachina.jpg?id=241) !important;}&#8221;][vc_column]<div class=\"sc_section\" style=\"background-image:url(http:\/\/1536);background-repeat:no-repeat;background-size:cover;\"><div class=\"sc_section_inner\"><div class=\"sc_section_overlay\" style=\"\"><div class=\"sc_section_content padding_on\" style=\"\"><div class=\"sc_section_content_wrap\"><div class=\"sc_content content_wrap margin_top_large margin_bottom_large\">[vc_empty_space height=&#8221;0.1em&#8221;]<div class=\"sc_section sc_section_block  aligncenter\" data-animation=\"animated fadeInUp normal\"><div class=\"sc_section_inner\"><div class=\"sc_section_content_wrap\"><\/div><\/div><\/div><div id=\"sc_call_to_action_1645687570\" class=\"sc_call_to_action sc_call_to_action_style_1 sc_call_to_action_align_center margin_top_medium margin_bottom_medium\" data-animation=\"animated fadeInUp normal\" style=\"width:100%;\"><div class=\"sc_call_to_action_info\"><h6 class=\"sc_call_to_action_subtitle sc_item_subtitle\">Categorias de base Sub-20, Sub-17 e Sub-15<\/h6><h2 class=\"sc_call_to_action_title sc_item_title\">Ibrachina Futebol Clube<\/h2><div class=\"sc_call_to_action_descr sc_item_descr\">Fa\u00e7a parte do nosso time e seja um vencedor<\/div><\/div><\/div>[vc_empty_space height=&#8221;4em&#8221;]<\/div><\/div><\/div><\/div><\/div><\/div>[\/vc_column][\/vc_row][vc_row full_width=&#8221;stretch_row_content_no_spaces&#8221; css=&#8221;.vc_custom_1460652721543{background-color: #f8f8f8 !important;}&#8221;][vc_column][vc_empty_space height=&#8221;4em&#8221;]<div class=\"sc_section sc_section_block \" data-animation=\"animated fadeInUp normal\"><div class=\"sc_section_inner\"><h2 class=\"sc_section_title sc_item_title\">Cliques da Rodada<\/h2><div class=\"sc_section_content_wrap\">[vc_masonry_media_grid element_width=&#8221;3&#8243; grid_id=&#8221;vc_gid:1633306359298-9ae297de-2806-3&#8243; include=&#8221;142,164,130,131,163,165,133,140,134,135,159,136,139,143,144,160,161,162,166,167,168,169&#8243;]<\/div><\/div><\/div>[vc_empty_space height=&#8221;4em&#8221;][\/vc_column][\/vc_row][vc_row][vc_column][vc_empty_space height=&#8221;3.5em&#8221;]<h2 class=\"sc_title sc_title_regular sc_align_center\" style=\"text-align:center;\" data-animation=\"animated fadeInUp normal\">Nossos parceiros<\/h2>[vc_empty_space height=&#8221;2em&#8221;][vc_masonry_media_grid gap=&#8221;20&#8243; grid_id=&#8221;vc_gid:1633306359301-29cfb220-57eb-7&#8243; include=&#8221;193,192,191&#8243;][vc_empty_space height=&#8221;2em&#8221;][\/vc_column][\/vc_row]<\/p>\n","protected":false},"excerpt":{"rendered":"<p>[vc_row][vc_column][vc_empty_space height=&#8221;2em&#8221;][vc_empty_space height=&#8221;1em&#8221;][\/vc_column][\/vc_row][vc_row full_width=&#8221;stretch_row&#8221; inverse=&#8221;yes&#8221; css=&#8221;.vc_custom_1461315027294{background-color: #ffa800 !important;}&#8221;][vc_column][vc_empty_space height=&#8221;4.1em&#8221;][vc_empty_space height=&#8221;1.2em&#8221;][\/vc_column][\/vc_row][vc_row full_width=&#8221;stretch_row&#8221; css=&#8221;.vc_custom_1461312728566{background-color: #f8f8f8 !important;}&#8221;][vc_column][vc_empty_space height=&#8221;3.1em&#8221;][vc_empty_space height=&#8221;1em&#8221;][\/vc_column][\/vc_row][vc_row full_width=&#8221;stretch_row_content_no_spaces&#8221; inverse=&#8221;yes&#8221; css=&#8221;.vc_custom_1633306344201{background-image: url(https:\/\/aprovacao.website\/ibrachina\/wp-content\/uploads\/2021\/10\/Background-ibrachina.jpg?id=241) !important;}&#8221;][vc_column][\/vc_column][\/vc_row][vc_row full_width=&#8221;stretch_row_content_no_spaces&#8221; css=&#8221;.vc_custom_1460652721543{background-color: #f8f8f8 !important;}&#8221;][vc_column][vc_empty_space height=&#8221;4em&#8221;][vc_empty_space height=&#8221;4em&#8221;][\/vc_column][\/vc_row][vc_row][vc_column][vc_empty_space height=&#8221;3.5em&#8221;][vc_empty_space height=&#8221;2em&#8221;][vc_masonry_media_grid gap=&#8221;20&#8243; grid_id=&#8221;vc_gid:1633306359301-29cfb220-57eb-7&#8243; include=&#8221;193,192,191&#8243;][vc_empty_space height=&#8221;2em&#8221;][\/vc_column][\/vc_row]<\/p>\n","protected":false},"author":1,"featured_media":0,"parent":0,"menu_order":0,"comment_status":"closed","ping_status":"closed","template":"","meta":{"footnotes":""},"class_list":["post-12","page","type-page","status-publish","hentry"],"_links":{"self":[{"href":"https:\/\/aprovacao.website\/ibrachina\/wp-json\/wp\/v2\/pages\/12","targetHints":{"allow":["GET"]}}],"collection":[{"href":"https:\/\/aprovacao.website\/ibrachina\/wp-json\/wp\/v2\/pages"}],"about":[{"href":"https:\/\/aprovacao.website\/ibrachina\/wp-json\/wp\/v2\/types\/page"}],"author":[{"embeddable":true,"href":"https:\/\/aprovacao.website\/ibrachina\/wp-json\/wp\/v2\/users\/1"}],"replies":[{"embeddable":true,"href":"https:\/\/aprovacao.website\/ibrachina\/wp-json\/wp\/v2\/comments?post=12"}],"version-history":[{"count":29,"href":"https:\/\/aprovacao.website\/ibrachina\/wp-json\/wp\/v2\/pages\/12\/revisions"}],"predecessor-version":[{"id":244,"href":"https:\/\/aprovacao.website\/ibrachina\/wp-json\/wp\/v2\/pages\/12\/revisions\/244"}],"wp:attachment":[{"href":"https:\/\/aprovacao.website\/ibrachina\/wp-json\/wp\/v2\/media?parent=12"}],"curies":[{"name":"wp","href":"https:\/\/api.w.org\/{rel}","templated":true}]}}