{"id":12921,"date":"2025-05-23T15:00:59","date_gmt":"2025-05-23T18:00:59","guid":{"rendered":"https:\/\/aprovacao.website\/guerra\/?page_id=12921"},"modified":"2025-05-23T15:00:59","modified_gmt":"2025-05-23T18:00:59","slug":"locacao","status":"publish","type":"page","link":"https:\/\/aprovacao.website\/guerra\/locacao\/","title":{"rendered":"Loca\u00e7\u00e3o"},"content":{"rendered":"\n\t<section class=\"section\" id=\"section_883771562\">\n\t\t<div class=\"section-bg fill\" >\n\t\t\t\t\t\t\t\t\t<div class=\"section-bg-overlay absolute fill\"><\/div>\n\t\t\t\n\n\t\t<\/div>\n\n\t\t\n\n\t\t<div class=\"section-content relative\">\n\t\t\t\n<div class=\"row\"  id=\"row-2079509927\">\n\n\t<div id=\"col-1410043277\" class=\"col small-12 large-12\"  >\n\t\t\t\t<div class=\"col-inner\"  >\n\t\t\t\n\t\t\t\n\t<div id=\"gap-1634336957\" class=\"gap-element clearfix\" style=\"display:block; height:auto;\">\n\t\t\n<style>\n#gap-1634336957 {\n  padding-top: 50px;\n}\n<\/style>\n\t<\/div>\n\t\n<div class=\"container section-title-container\" ><h1 class=\"section-title section-title-center\"><b><\/b><span class=\"section-title-main\" style=\"color:rgb(255, 255, 255);\">Loca\u00e7\u00e3o de Ve\u00edculos<\/span><b><\/b><\/h1><\/div>\n\t\t<\/div>\n\t\t\t\t\t<\/div>\n\n\t\n<\/div>\n\t\t<\/div>\n\n\t\t\n<style>\n#section_883771562 {\n  padding-top: 30px;\n  padding-bottom: 30px;\n  background-color: #17234e;\n}\n#section_883771562 .section-bg-overlay {\n  background-color: rgba(0,0,0,.5);\n}\n#section_883771562 .section-bg img {\n  object-position: 21% 11%;\n}\n<\/style>\n\t<\/section>\n\t\n\n\t<section class=\"section\" id=\"section_1937282787\">\n\t\t<div class=\"section-bg fill\" >\n\t\t\t\t\t\t\t\t\t\n\t\t\t\n\n\t\t<\/div>\n\n\t\t\n\n\t\t<div class=\"section-content relative\">\n\t\t\t\n<div class=\"row\"  id=\"row-772098380\">\n\n\t<div id=\"col-450388707\" class=\"col small-12 large-12\"  >\n\t\t\t\t<div class=\"col-inner\"  >\n\t\t\t\n\t\t\t\n<h2 style=\"text-align: center;\">P\u00e1gina em constru\u00e7\u00e3o<\/h2>\n<p style=\"text-align: center;\">Servi\u00e7o a ser disponibilizado em Breve<\/p>\n\t\t<\/div>\n\t\t\t\t\t<\/div>\n\n\t\n<\/div>\n<div class=\"text-center\"><div class=\"is-divider divider clearfix\" style=\"max-width:900px;height:1px;background-color:rgb(246, 214, 5);\"><\/div><\/div>\n\t\t<\/div>\n\n\t\t\n<style>\n#section_1937282787 {\n  padding-top: 30px;\n  padding-bottom: 30px;\n}\n<\/style>\n\t<\/section>\n\t\n","protected":false},"excerpt":{"rendered":"","protected":false},"author":1,"featured_media":0,"parent":0,"menu_order":0,"comment_status":"closed","ping_status":"closed","template":"page-blank.php","meta":{"footnotes":""},"class_list":["post-12921","page","type-page","status-publish","hentry"],"_links":{"self":[{"href":"https:\/\/aprovacao.website\/guerra\/wp-json\/wp\/v2\/pages\/12921","targetHints":{"allow":["GET"]}}],"collection":[{"href":"https:\/\/aprovacao.website\/guerra\/wp-json\/wp\/v2\/pages"}],"about":[{"href":"https:\/\/aprovacao.website\/guerra\/wp-json\/wp\/v2\/types\/page"}],"author":[{"embeddable":true,"href":"https:\/\/aprovacao.website\/guerra\/wp-json\/wp\/v2\/users\/1"}],"replies":[{"embeddable":true,"href":"https:\/\/aprovacao.website\/guerra\/wp-json\/wp\/v2\/comments?post=12921"}],"version-history":[{"count":2,"href":"https:\/\/aprovacao.website\/guerra\/wp-json\/wp\/v2\/pages\/12921\/revisions"}],"predecessor-version":[{"id":12923,"href":"https:\/\/aprovacao.website\/guerra\/wp-json\/wp\/v2\/pages\/12921\/revisions\/12923"}],"wp:attachment":[{"href":"https:\/\/aprovacao.website\/guerra\/wp-json\/wp\/v2\/media?parent=12921"}],"curies":[{"name":"wp","href":"https:\/\/api.w.org\/{rel}","templated":true}]}}