{"id":12893,"date":"2025-05-19T17:00:49","date_gmt":"2025-05-19T20:00:49","guid":{"rendered":"https:\/\/aprovacao.website\/guerra\/?page_id=12893"},"modified":"2025-05-21T13:37:19","modified_gmt":"2025-05-21T16:37:19","slug":"semi-novos-2","status":"publish","type":"page","link":"https:\/\/aprovacao.website\/guerra\/semi-novos-2\/","title":{"rendered":"Semi-novos"},"content":{"rendered":"\n\t<section class=\"section\" id=\"section_2083566847\">\n\t\t<div class=\"section-bg fill\" >\n\t\t\t\t\t\t\t\t\t<div class=\"section-bg-overlay absolute fill\"><\/div>\n\t\t\t\n\n\t\t<\/div>\n\n\t\t\n\n\t\t<div class=\"section-content relative\">\n\t\t\t\n<div class=\"row\"  id=\"row-1578115099\">\n\n\t<div id=\"col-1485375988\" class=\"col small-12 large-12\"  >\n\t\t\t\t<div class=\"col-inner\"  >\n\t\t\t\n\t\t\t\n\t<div id=\"gap-1020720789\" class=\"gap-element clearfix\" style=\"display:block; height:auto;\">\n\t\t\n<style>\n#gap-1020720789 {\n  padding-top: 50px;\n}\n<\/style>\n\t<\/div>\n\t\n<div class=\"container section-title-container\" ><h1 class=\"section-title section-title-center\"><b><\/b><span class=\"section-title-main\" style=\"color:rgb(255, 255, 255);\">Seminovos<\/span><b><\/b><\/h1><\/div>\n\t\t<\/div>\n\t\t\t\t\t<\/div>\n\n\t\n<\/div>\n\t\t<\/div>\n\n\t\t\n<style>\n#section_2083566847 {\n  padding-top: 30px;\n  padding-bottom: 30px;\n  background-color: #17234e;\n}\n#section_2083566847 .section-bg-overlay {\n  background-color: rgba(0,0,0,.5);\n}\n#section_2083566847 .section-bg img {\n  object-position: 21% 11%;\n}\n<\/style>\n\t<\/section>\n\t\n\n\t<section class=\"section\" id=\"section_1365172472\">\n\t\t<div class=\"section-bg fill\" >\n\t\t\t\t\t\t\t\t\t\n\t\t\t\n\n\t\t<\/div>\n\n\t\t\n\n\t\t<div class=\"section-content relative\">\n\t\t\t\n<div class=\"row\"  id=\"row-1000759446\">\n\n\t<div id=\"col-185150180\" class=\"col medium-6 small-12 large-6\"  >\n\t\t\t\t<div class=\"col-inner text-center\"  >\n\t\t\t\n\t<div class=\"is-border\"\n\t\tstyle=\"border-color:rgb(130, 128, 128);border-width:1px 1px 1px 1px;\">\n\t<\/div>\n\t\t\t\n\t<div class=\"box has-hover   has-hover box-text-bottom\" >\n\n\t\t<div class=\"box-image\" style=\"width:60%;\">\n\t\t\t\t\t\t<div class=\"\" >\n\t\t\t\t<img loading=\"lazy\" decoding=\"async\" width=\"518\" height=\"630\" src=\"https:\/\/aprovacao.website\/guerra\/wp-content\/uploads\/2025\/05\/Screenshot-2025-05-16-at-11.44.23.png\" class=\"attachment- size-\" alt=\"\" srcset=\"https:\/\/aprovacao.website\/guerra\/wp-content\/uploads\/2025\/05\/Screenshot-2025-05-16-at-11.44.23.png 518w, https:\/\/aprovacao.website\/guerra\/wp-content\/uploads\/2025\/05\/Screenshot-2025-05-16-at-11.44.23-247x300.png 247w\" sizes=\"auto, (max-width: 518px) 100vw, 518px\" \/>\t\t\t\t\t\t\t\t\t\t\t<\/div>\n\t\t\t\t\t<\/div>\n\n\t\t<div class=\"box-text text-center\" >\n\t\t\t<div class=\"box-text-inner\">\n\t\t\t\t\n<h1 class=\"entry-title is-xlarge uppercase\">VOLVO FH460 Globetrotter 6\u00d72 Autom\u00e1tico<\/h1>\n\t\t\t<\/div>\n\t\t<\/div>\n\t<\/div>\n\t\n<div class=\"row\"  id=\"row-2033003622\">\n\n\t<div id=\"col-468522953\" class=\"col medium-3 small-6 large-3\"  >\n\t\t\t\t<div class=\"col-inner text-center\"  >\n\t\t\t\n\t\t\t\n\n\t\t<div class=\"icon-box featured-box icon-box-top text-left\"  >\n\t\t\t\t\t<div class=\"icon-box-img\" style=\"width: 60px\">\n\t\t\t\t<div class=\"icon\">\n\t\t\t\t\t<div class=\"icon-inner\" >\n\t\t\t\t\t\t<img loading=\"lazy\" decoding=\"async\" width=\"200\" height=\"200\" src=\"https:\/\/aprovacao.website\/guerra\/wp-content\/uploads\/2025\/05\/1.png\" class=\"attachment-medium size-medium\" alt=\"\" srcset=\"https:\/\/aprovacao.website\/guerra\/wp-content\/uploads\/2025\/05\/1.png 200w, https:\/\/aprovacao.website\/guerra\/wp-content\/uploads\/2025\/05\/1-150x150.png 150w\" sizes=\"auto, (max-width: 200px) 100vw, 200px\" \/>\t\t\t\t\t<\/div>\n\t\t\t\t<\/div>\n\t\t\t<\/div>\n\t\t\t\t<div class=\"icon-box-text last-reset\">\n\t\t\t\t\t\t\t\t\t\n\t<div id=\"text-274678548\" class=\"text\">\n\t\t\n<p><span style=\"font-size: 75%;\">522.000 km<\/span><\/p>\n\t\t\n<style>\n#text-274678548 {\n  text-align: center;\n}\n<\/style>\n\t<\/div>\n\t\n\t\t<\/div>\n\t<\/div>\n\t\n\t\n\t\t<\/div>\n\t\t\t\t\t<\/div>\n\n\t\n\n\t<div id=\"col-1910118146\" class=\"col medium-3 small-6 large-3\"  >\n\t\t\t\t<div class=\"col-inner text-center\"  >\n\t\t\t\n\t\t\t\n\n\t\t<div class=\"icon-box featured-box icon-box-top text-left\"  >\n\t\t\t\t\t<div class=\"icon-box-img\" style=\"width: 60px\">\n\t\t\t\t<div class=\"icon\">\n\t\t\t\t\t<div class=\"icon-inner\" >\n\t\t\t\t\t\t<img loading=\"lazy\" decoding=\"async\" width=\"200\" height=\"200\" src=\"https:\/\/aprovacao.website\/guerra\/wp-content\/uploads\/2025\/05\/2.png\" class=\"attachment-medium size-medium\" alt=\"\" srcset=\"https:\/\/aprovacao.website\/guerra\/wp-content\/uploads\/2025\/05\/2.png 200w, https:\/\/aprovacao.website\/guerra\/wp-content\/uploads\/2025\/05\/2-150x150.png 150w\" sizes=\"auto, (max-width: 200px) 100vw, 200px\" \/>\t\t\t\t\t<\/div>\n\t\t\t\t<\/div>\n\t\t\t<\/div>\n\t\t\t\t<div class=\"icon-box-text last-reset\">\n\t\t\t\t\t\t\t\t\t\n\t<div id=\"text-2212131633\" class=\"text\">\n\t\t\n<p><span style=\"font-size: 75%;\">Diesel<\/span><\/p>\n\t\t\n<style>\n#text-2212131633 {\n  text-align: center;\n}\n<\/style>\n\t<\/div>\n\t\n\t\t<\/div>\n\t<\/div>\n\t\n\t\n\t\t<\/div>\n\t\t\t\t\t<\/div>\n\n\t\n\n\t<div id=\"col-543105368\" class=\"col medium-3 small-6 large-3\"  >\n\t\t\t\t<div class=\"col-inner text-center\"  >\n\t\t\t\n\t\t\t\n\n\t\t<div class=\"icon-box featured-box icon-box-top text-left\"  >\n\t\t\t\t\t<div class=\"icon-box-img\" style=\"width: 60px\">\n\t\t\t\t<div class=\"icon\">\n\t\t\t\t\t<div class=\"icon-inner\" >\n\t\t\t\t\t\t<img loading=\"lazy\" decoding=\"async\" width=\"200\" height=\"200\" src=\"https:\/\/aprovacao.website\/guerra\/wp-content\/uploads\/2025\/05\/3.png\" class=\"attachment-medium size-medium\" alt=\"\" srcset=\"https:\/\/aprovacao.website\/guerra\/wp-content\/uploads\/2025\/05\/3.png 200w, https:\/\/aprovacao.website\/guerra\/wp-content\/uploads\/2025\/05\/3-150x150.png 150w\" sizes=\"auto, (max-width: 200px) 100vw, 200px\" \/>\t\t\t\t\t<\/div>\n\t\t\t\t<\/div>\n\t\t\t<\/div>\n\t\t\t\t<div class=\"icon-box-text last-reset\">\n\t\t\t\t\t\t\t\t\t\n\t<div id=\"text-300565711\" class=\"text\">\n\t\t\n<p>2018\/2019<\/p>\n\t\t\n<style>\n#text-300565711 {\n  text-align: center;\n}\n<\/style>\n\t<\/div>\n\t\n\t\t<\/div>\n\t<\/div>\n\t\n\t\n\t\t<\/div>\n\t\t\t\t\t<\/div>\n\n\t\n\n\t<div id=\"col-2094856772\" class=\"col medium-3 small-6 large-3\"  >\n\t\t\t\t<div class=\"col-inner text-center\"  >\n\t\t\t\n\t\t\t\n\n\t\t<div class=\"icon-box featured-box icon-box-top text-left\"  >\n\t\t\t\t\t<div class=\"icon-box-img\" style=\"width: 60px\">\n\t\t\t\t<div class=\"icon\">\n\t\t\t\t\t<div class=\"icon-inner\" >\n\t\t\t\t\t\t<img loading=\"lazy\" decoding=\"async\" width=\"200\" height=\"200\" src=\"https:\/\/aprovacao.website\/guerra\/wp-content\/uploads\/2025\/05\/4.png\" class=\"attachment-medium size-medium\" alt=\"\" srcset=\"https:\/\/aprovacao.website\/guerra\/wp-content\/uploads\/2025\/05\/4.png 200w, https:\/\/aprovacao.website\/guerra\/wp-content\/uploads\/2025\/05\/4-150x150.png 150w\" sizes=\"auto, (max-width: 200px) 100vw, 200px\" \/>\t\t\t\t\t<\/div>\n\t\t\t\t<\/div>\n\t\t\t<\/div>\n\t\t\t\t<div class=\"icon-box-text last-reset\">\n\t\t\t\t\t\t\t\t\t\n\t<div id=\"text-1657297335\" class=\"text\">\n\t\t\n<p><span style=\"font-size: 75%;\">R$487.000,00<\/span><\/p>\n\t\t\n<style>\n#text-1657297335 {\n  text-align: center;\n}\n<\/style>\n\t<\/div>\n\t\n\t\t<\/div>\n\t<\/div>\n\t\n\t\n\t\t<\/div>\n\t\t\t\t\t<\/div>\n\n\t\n<\/div>\n<a href=\"https:\/\/aprovacao.website\/guerra\/contato\" class=\"button primary is-outline\"  style=\"border-radius:99px;\">\n\t\t<span>Mais informa\u00e7\u00f5es<\/span>\n\t<i class=\"icon-chat\" aria-hidden=\"true\" ><\/i><\/a>\n\n\t\t<\/div>\n\t\t\t\t\n<style>\n#col-185150180 > .col-inner {\n  margin: 0px 0px 0px 0px;\n}\n<\/style>\n\t<\/div>\n\n\t\n\n\t<div id=\"col-1489825529\" class=\"col medium-6 small-12 large-6\"  >\n\t\t\t\t<div class=\"col-inner\"  >\n\t\t\t\n\t\t\t\n<p class=\"\" data-start=\"108\" data-end=\"240\">Est\u00e1 procurando um caminh\u00e3o robusto, confi\u00e1vel e pronto pra rodar por muito mais? Ent\u00e3o d\u00e1 uma olhada nessa oportunidade imperd\u00edvel:<\/p>\n<p class=\"\" data-start=\"242\" data-end=\"431\">\ud83d\ude9b <strong data-start=\"245\" data-end=\"288\">VOLVO FH460 Globetrotter 6\u00d72 \u2013 Ano 2019<\/strong><br data-start=\"288\" data-end=\"291\" \/>\u2699\ufe0f <strong data-start=\"294\" data-end=\"330\">Motor Diesel \u2013 C\u00e2mbio Autom\u00e1tico<\/strong><br data-start=\"330\" data-end=\"333\" \/>\ud83d\udccd <strong data-start=\"336\" data-end=\"358\">522.000 km rodados<\/strong> \u2013 Revis\u00f5es em dia, tudo funcionando perfeitamente<br data-start=\"408\" data-end=\"411\" \/>\ud83d\udcb0 <strong data-start=\"414\" data-end=\"431\">R$ 487.000,00<\/strong><\/p>\n<p class=\"\" data-start=\"433\" data-end=\"721\">Esse FH460 \u00e9 perfeito pra quem busca alto desempenho com economia e seguran\u00e7a nas estradas. O modelo <strong data-start=\"534\" data-end=\"550\">Globetrotter<\/strong> oferece <strong data-start=\"559\" data-end=\"590\">conforto de sobra na cabine<\/strong>, ideal pra longas viagens, e o conjunto mec\u00e2nico da Volvo dispensa apresenta\u00e7\u00f5es: \u00e9 durabilidade e tecnologia pra rodar tranquilo.<\/p>\n<p class=\"\" data-start=\"723\" data-end=\"882\">N\u00e3o perca tempo \u2014 caminh\u00f5es assim, em \u00f3timo estado, <strong data-start=\"775\" data-end=\"793\">vendem r\u00e1pido!<\/strong> Entre em contato e agende uma visita. Seu pr\u00f3ximo parceiro de estrada est\u00e1 te esperando.<\/p>\n<p class=\"\" data-start=\"884\" data-end=\"932\">\ud83d\udcde Fale agora e garanta esse gigante da estrada!<\/p>\n\t\t<\/div>\n\t\t\t\t\t<\/div>\n\n\t\n<\/div>\n<div class=\"text-center\"><div class=\"is-divider divider clearfix\" style=\"max-width:900px;height:1px;background-color:rgb(246, 214, 5);\"><\/div><\/div>\n\t\t<\/div>\n\n\t\t\n<style>\n#section_1365172472 {\n  padding-top: 30px;\n  padding-bottom: 30px;\n}\n<\/style>\n\t<\/section>\n\t\n","protected":false},"excerpt":{"rendered":"","protected":false},"author":1,"featured_media":0,"parent":0,"menu_order":0,"comment_status":"closed","ping_status":"closed","template":"page-blank.php","meta":{"footnotes":""},"class_list":["post-12893","page","type-page","status-publish","hentry"],"_links":{"self":[{"href":"https:\/\/aprovacao.website\/guerra\/wp-json\/wp\/v2\/pages\/12893","targetHints":{"allow":["GET"]}}],"collection":[{"href":"https:\/\/aprovacao.website\/guerra\/wp-json\/wp\/v2\/pages"}],"about":[{"href":"https:\/\/aprovacao.website\/guerra\/wp-json\/wp\/v2\/types\/page"}],"author":[{"embeddable":true,"href":"https:\/\/aprovacao.website\/guerra\/wp-json\/wp\/v2\/users\/1"}],"replies":[{"embeddable":true,"href":"https:\/\/aprovacao.website\/guerra\/wp-json\/wp\/v2\/comments?post=12893"}],"version-history":[{"count":5,"href":"https:\/\/aprovacao.website\/guerra\/wp-json\/wp\/v2\/pages\/12893\/revisions"}],"predecessor-version":[{"id":12916,"href":"https:\/\/aprovacao.website\/guerra\/wp-json\/wp\/v2\/pages\/12893\/revisions\/12916"}],"wp:attachment":[{"href":"https:\/\/aprovacao.website\/guerra\/wp-json\/wp\/v2\/media?parent=12893"}],"curies":[{"name":"wp","href":"https:\/\/api.w.org\/{rel}","templated":true}]}}