{"id":11939,"date":"2024-12-03T17:22:55","date_gmt":"2024-12-03T20:22:55","guid":{"rendered":"https:\/\/aprovacao.website\/guerra\/?page_id=11939"},"modified":"2025-05-17T10:35:25","modified_gmt":"2025-05-17T13:35:25","slug":"blog","status":"publish","type":"page","link":"https:\/\/aprovacao.website\/guerra\/blog\/","title":{"rendered":"Blog"},"content":{"rendered":"\n\t<section class=\"section dark\" id=\"section_1169296305\">\n\t\t<div class=\"section-bg fill\" >\n\t\t\t\t\t\t\t\t\t<div class=\"section-bg-overlay absolute fill\"><\/div>\n\t\t\t\n\n\t\t<\/div>\n\n\t\t\n\n\t\t<div class=\"section-content relative\">\n\t\t\t\n<div class=\"row\"  id=\"row-1104906691\">\n\n\t<div id=\"col-330999264\" class=\"col small-12 large-12\"  >\n\t\t\t\t<div class=\"col-inner\"  >\n\t\t\t\n\t\t\t\n\t<div id=\"gap-301565022\" class=\"gap-element clearfix\" style=\"display:block; height:auto;\">\n\t\t\n<style>\n#gap-301565022 {\n  padding-top: 50px;\n}\n<\/style>\n\t<\/div>\n\t\n<div class=\"container section-title-container\" ><h1 class=\"section-title section-title-center\"><b><\/b><span class=\"section-title-main\" style=\"color:rgb(255, 255, 255);\">Not\u00edcias e comunicados<\/span><b><\/b><\/h1><\/div>\n\t\t<\/div>\n\t\t\t\t\t<\/div>\n\n\t\n<\/div>\n\t\t<\/div>\n\n\t\t\n<style>\n#section_1169296305 {\n  padding-top: 30px;\n  padding-bottom: 30px;\n}\n#section_1169296305 .section-bg-overlay {\n  background-color: #192b52;\n}\n#section_1169296305 .section-bg img {\n  object-position: 98% 98%;\n}\n<\/style>\n\t<\/section>\n\t\n\n\t<section class=\"section\" id=\"section_780516374\">\n\t\t<div class=\"section-bg fill\" >\n\t\t\t\t\t\t\t\t\t\n\t\t\t\n\n\t\t<\/div>\n\n\t\t\n\n\t\t<div class=\"section-content relative\">\n\t\t\t\n\n  \n    <div class=\"row large-columns-3 medium-columns- small-columns-1 row-full-width has-shadow row-box-shadow-1\" >\n  <div class=\"col post-item\" >\n\t\t\t<div class=\"col-inner\">\n\t\t\t\t<div class=\"box box-push box-text-bottom box-blog-post has-hover\">\n            \t\t\t\t\t<div class=\"box-image\" >\n  \t\t\t\t\t\t<div class=\"image-cover\" style=\"padding-top:56%;\">\n\t\t\t\t\t\t\t<a href=\"https:\/\/aprovacao.website\/guerra\/uma-oportunidade-real-para-voce-motorista\/\" class=\"plain\" aria-label=\"Uma Oportunidade Real Para Voc\u00ea, Motorista!\">\n\t\t\t\t\t\t\t\t<img loading=\"lazy\" decoding=\"async\" width=\"300\" height=\"169\" src=\"https:\/\/aprovacao.website\/guerra\/wp-content\/uploads\/2025\/05\/Caminhoneiro-300x169.jpg\" class=\"attachment-medium size-medium wp-post-image\" alt=\"Emprego caminhoneiro\" srcset=\"https:\/\/aprovacao.website\/guerra\/wp-content\/uploads\/2025\/05\/Caminhoneiro-300x169.jpg 300w, https:\/\/aprovacao.website\/guerra\/wp-content\/uploads\/2025\/05\/Caminhoneiro-1024x576.jpg 1024w, https:\/\/aprovacao.website\/guerra\/wp-content\/uploads\/2025\/05\/Caminhoneiro-768x432.jpg 768w, https:\/\/aprovacao.website\/guerra\/wp-content\/uploads\/2025\/05\/Caminhoneiro-1536x864.jpg 1536w, https:\/\/aprovacao.website\/guerra\/wp-content\/uploads\/2025\/05\/Caminhoneiro.jpg 1920w\" sizes=\"auto, (max-width: 300px) 100vw, 300px\" \/>\t\t\t\t\t\t\t<\/a>\n  \t\t\t\t\t\t\t  \t\t\t\t\t\t\t  \t\t\t\t\t\t<\/div>\n  \t\t\t\t\t\t  \t\t\t\t\t<\/div>\n          \t\t\t\t\t<div class=\"box-text text-center is-xsmall\" >\n\t\t\t\t\t<div class=\"box-text-inner blog-post-inner\">\n\n\t\t\t\t\t\n\t\t\t\t\t\t\t\t\t\t<h5 class=\"post-title is-small \">\n\t\t\t\t\t\t<a href=\"https:\/\/aprovacao.website\/guerra\/uma-oportunidade-real-para-voce-motorista\/\" class=\"plain\">Uma Oportunidade Real Para Voc\u00ea, Motorista!<\/a>\n\t\t\t\t\t<\/h5>\n\t\t\t\t\t\t\t\t\t\t<div class=\"is-divider\"><\/div>\n\t\t\t\t\t\t\t\t\t\t<p class=\"from_the_blog_excerpt \">\n\t\t\t\t\t\tPrezado motorista, Se voc\u00ea est\u00e1 em busca de uma nova oportunidade profissional, chegou a hora [...]\t\t\t\t\t<\/p>\n\t\t\t\t\t                    \n\t\t\t\t\t\t\t\t\t\t\t<a href=\"https:\/\/aprovacao.website\/guerra\/uma-oportunidade-real-para-voce-motorista\/\" class=\"button  is-outline is-small mb-0\">\n\t\t\t\t\t\t\tleia mais...\t\t\t\t\t\t<\/a>\n\t\t\t\t\t\n\t\t\t\t\t\n\t\t\t\t\t<\/div>\n\t\t\t\t\t<\/div>\n\t\t\t\t\t\t\t\t\t\t\t\t\t\t\t\t<div class=\"badge absolute top post-date badge-circle\">\n\t\t\t\t\t\t\t<div class=\"badge-inner\">\n\t\t\t\t\t\t\t\t<span class=\"post-date-day\">17<\/span><br>\n\t\t\t\t\t\t\t\t<span class=\"post-date-month is-xsmall\">maio<\/span>\n\t\t\t\t\t\t\t<\/div>\n\t\t\t\t\t\t<\/div>\n\t\t\t\t\t\t\t\t\t<\/div>\n\t\t\t<\/div>\n\t\t<\/div><div class=\"col post-item\" >\n\t\t\t<div class=\"col-inner\">\n\t\t\t\t<div class=\"box box-push box-text-bottom box-blog-post has-hover\">\n            \t\t\t\t\t<div class=\"box-image\" >\n  \t\t\t\t\t\t<div class=\"image-cover\" style=\"padding-top:56%;\">\n\t\t\t\t\t\t\t<a href=\"https:\/\/aprovacao.website\/guerra\/o-que-e-ibs-na-reforma-tributaria-entenda-a-nova-era-da-tributacao-no-brasil\/\" class=\"plain\" aria-label=\"O Que \u00c9 IBS na Reforma Tribut\u00e1ria? Entenda a Nova Era da Tributa\u00e7\u00e3o no Brasil\">\n\t\t\t\t\t\t\t\t<img loading=\"lazy\" decoding=\"async\" width=\"300\" height=\"182\" src=\"https:\/\/aprovacao.website\/guerra\/wp-content\/uploads\/2025\/05\/REFORMA-TRIBUTA\u0301RIA-300x182.jpg\" class=\"attachment-medium size-medium wp-post-image\" alt=\"IBS na Reforma tributaria\" srcset=\"https:\/\/aprovacao.website\/guerra\/wp-content\/uploads\/2025\/05\/REFORMA-TRIBUTA\u0301RIA-300x182.jpg 300w, https:\/\/aprovacao.website\/guerra\/wp-content\/uploads\/2025\/05\/REFORMA-TRIBUTA\u0301RIA.jpg 340w\" sizes=\"auto, (max-width: 300px) 100vw, 300px\" \/>\t\t\t\t\t\t\t<\/a>\n  \t\t\t\t\t\t\t  \t\t\t\t\t\t\t  \t\t\t\t\t\t<\/div>\n  \t\t\t\t\t\t  \t\t\t\t\t<\/div>\n          \t\t\t\t\t<div class=\"box-text text-center is-xsmall\" >\n\t\t\t\t\t<div class=\"box-text-inner blog-post-inner\">\n\n\t\t\t\t\t\n\t\t\t\t\t\t\t\t\t\t<h5 class=\"post-title is-small \">\n\t\t\t\t\t\t<a href=\"https:\/\/aprovacao.website\/guerra\/o-que-e-ibs-na-reforma-tributaria-entenda-a-nova-era-da-tributacao-no-brasil\/\" class=\"plain\">O Que \u00c9 IBS na Reforma Tribut\u00e1ria? Entenda a Nova Era da Tributa\u00e7\u00e3o no Brasil<\/a>\n\t\t\t\t\t<\/h5>\n\t\t\t\t\t\t\t\t\t\t<div class=\"is-divider\"><\/div>\n\t\t\t\t\t\t\t\t\t\t<p class=\"from_the_blog_excerpt \">\n\t\t\t\t\t\tSe voc\u00ea j\u00e1 se confundiu com tantos impostos no Brasil, n\u00e3o est\u00e1 sozinho. ICMS, ISS, [...]\t\t\t\t\t<\/p>\n\t\t\t\t\t                    \n\t\t\t\t\t\t\t\t\t\t\t<a href=\"https:\/\/aprovacao.website\/guerra\/o-que-e-ibs-na-reforma-tributaria-entenda-a-nova-era-da-tributacao-no-brasil\/\" class=\"button  is-outline is-small mb-0\">\n\t\t\t\t\t\t\tleia mais...\t\t\t\t\t\t<\/a>\n\t\t\t\t\t\n\t\t\t\t\t\n\t\t\t\t\t<\/div>\n\t\t\t\t\t<\/div>\n\t\t\t\t\t\t\t\t\t\t\t\t\t\t\t\t<div class=\"badge absolute top post-date badge-circle\">\n\t\t\t\t\t\t\t<div class=\"badge-inner\">\n\t\t\t\t\t\t\t\t<span class=\"post-date-day\">16<\/span><br>\n\t\t\t\t\t\t\t\t<span class=\"post-date-month is-xsmall\">maio<\/span>\n\t\t\t\t\t\t\t<\/div>\n\t\t\t\t\t\t<\/div>\n\t\t\t\t\t\t\t\t\t<\/div>\n\t\t\t<\/div>\n\t\t<\/div><div class=\"col post-item\" >\n\t\t\t<div class=\"col-inner\">\n\t\t\t\t<div class=\"box box-push box-text-bottom box-blog-post has-hover\">\n            \t\t\t\t\t<div class=\"box-image\" >\n  \t\t\t\t\t\t<div class=\"image-cover\" style=\"padding-top:56%;\">\n\t\t\t\t\t\t\t<a href=\"https:\/\/aprovacao.website\/guerra\/alerta-a-guerra-logistica-ltda-esta-sendo-alvo-de-golpes-usando-o-nome-da-empresa\/\" class=\"plain\" aria-label=\"Alerta: A Guerra Log\u00edstica Est\u00e1 Sendo Alvo de Golpes Usando o Nome da Empresa\">\n\t\t\t\t\t\t\t\t<img loading=\"lazy\" decoding=\"async\" width=\"300\" height=\"169\" src=\"https:\/\/aprovacao.website\/guerra\/wp-content\/uploads\/2025\/05\/BLOG-Alerta-de-fraude-guerra-300x169.jpg\" class=\"attachment-medium size-medium wp-post-image\" alt=\"BLOG-Alerta de fraude-guerra\" srcset=\"https:\/\/aprovacao.website\/guerra\/wp-content\/uploads\/2025\/05\/BLOG-Alerta-de-fraude-guerra-300x169.jpg 300w, https:\/\/aprovacao.website\/guerra\/wp-content\/uploads\/2025\/05\/BLOG-Alerta-de-fraude-guerra-1024x576.jpg 1024w, https:\/\/aprovacao.website\/guerra\/wp-content\/uploads\/2025\/05\/BLOG-Alerta-de-fraude-guerra-768x432.jpg 768w, https:\/\/aprovacao.website\/guerra\/wp-content\/uploads\/2025\/05\/BLOG-Alerta-de-fraude-guerra-1536x864.jpg 1536w, https:\/\/aprovacao.website\/guerra\/wp-content\/uploads\/2025\/05\/BLOG-Alerta-de-fraude-guerra.jpg 1920w\" sizes=\"auto, (max-width: 300px) 100vw, 300px\" \/>\t\t\t\t\t\t\t<\/a>\n  \t\t\t\t\t\t\t  \t\t\t\t\t\t\t  \t\t\t\t\t\t<\/div>\n  \t\t\t\t\t\t  \t\t\t\t\t<\/div>\n          \t\t\t\t\t<div class=\"box-text text-center is-xsmall\" >\n\t\t\t\t\t<div class=\"box-text-inner blog-post-inner\">\n\n\t\t\t\t\t\n\t\t\t\t\t\t\t\t\t\t<h5 class=\"post-title is-small \">\n\t\t\t\t\t\t<a href=\"https:\/\/aprovacao.website\/guerra\/alerta-a-guerra-logistica-ltda-esta-sendo-alvo-de-golpes-usando-o-nome-da-empresa\/\" class=\"plain\">Alerta: A Guerra Log\u00edstica Est\u00e1 Sendo Alvo de Golpes Usando o Nome da Empresa<\/a>\n\t\t\t\t\t<\/h5>\n\t\t\t\t\t\t\t\t\t\t<div class=\"is-divider\"><\/div>\n\t\t\t\t\t\t\t\t\t\t<p class=\"from_the_blog_excerpt \">\n\t\t\t\t\t\t\t\t\t\t\t<\/p>\n\t\t\t\t\t                    \n\t\t\t\t\t\t\t\t\t\t\t<a href=\"https:\/\/aprovacao.website\/guerra\/alerta-a-guerra-logistica-ltda-esta-sendo-alvo-de-golpes-usando-o-nome-da-empresa\/\" class=\"button  is-outline is-small mb-0\">\n\t\t\t\t\t\t\tleia mais...\t\t\t\t\t\t<\/a>\n\t\t\t\t\t\n\t\t\t\t\t\n\t\t\t\t\t<\/div>\n\t\t\t\t\t<\/div>\n\t\t\t\t\t\t\t\t\t\t\t\t\t\t\t\t<div class=\"badge absolute top post-date badge-circle\">\n\t\t\t\t\t\t\t<div class=\"badge-inner\">\n\t\t\t\t\t\t\t\t<span class=\"post-date-day\">16<\/span><br>\n\t\t\t\t\t\t\t\t<span class=\"post-date-month is-xsmall\">maio<\/span>\n\t\t\t\t\t\t\t<\/div>\n\t\t\t\t\t\t<\/div>\n\t\t\t\t\t\t\t\t\t<\/div>\n\t\t\t<\/div>\n\t\t<\/div><\/div>\n\t\t<\/div>\n\n\t\t\n<style>\n#section_780516374 {\n  padding-top: 30px;\n  padding-bottom: 30px;\n}\n<\/style>\n\t<\/section>\n\t\n","protected":false},"excerpt":{"rendered":"","protected":false},"author":1,"featured_media":0,"parent":0,"menu_order":0,"comment_status":"closed","ping_status":"closed","template":"page-blank.php","meta":{"footnotes":""},"class_list":["post-11939","page","type-page","status-publish","hentry"],"_links":{"self":[{"href":"https:\/\/aprovacao.website\/guerra\/wp-json\/wp\/v2\/pages\/11939","targetHints":{"allow":["GET"]}}],"collection":[{"href":"https:\/\/aprovacao.website\/guerra\/wp-json\/wp\/v2\/pages"}],"about":[{"href":"https:\/\/aprovacao.website\/guerra\/wp-json\/wp\/v2\/types\/page"}],"author":[{"embeddable":true,"href":"https:\/\/aprovacao.website\/guerra\/wp-json\/wp\/v2\/users\/1"}],"replies":[{"embeddable":true,"href":"https:\/\/aprovacao.website\/guerra\/wp-json\/wp\/v2\/comments?post=11939"}],"version-history":[{"count":6,"href":"https:\/\/aprovacao.website\/guerra\/wp-json\/wp\/v2\/pages\/11939\/revisions"}],"predecessor-version":[{"id":12887,"href":"https:\/\/aprovacao.website\/guerra\/wp-json\/wp\/v2\/pages\/11939\/revisions\/12887"}],"wp:attachment":[{"href":"https:\/\/aprovacao.website\/guerra\/wp-json\/wp\/v2\/media?parent=11939"}],"curies":[{"name":"wp","href":"https:\/\/api.w.org\/{rel}","templated":true}]}}