{"id":4198,"date":"2023-10-09T22:16:42","date_gmt":"2023-10-10T01:16:42","guid":{"rendered":"https:\/\/aprovacao.website\/frk\/?page_id=4198"},"modified":"2023-10-10T15:25:29","modified_gmt":"2023-10-10T18:25:29","slug":"e-books","status":"publish","type":"page","link":"https:\/\/aprovacao.website\/frk\/e-books\/","title":{"rendered":"E-books"},"content":{"rendered":"  <div id=\"page-header-116740778\" class=\"page-header-wrapper\">\n  <div class=\"page-title dark featured-title\">\n\n        <div class=\"page-title-bg\">\n      <div class=\"title-bg fill bg-fill\"\n        data-parallax-container=\".page-title\"\n        data-parallax-background\n        data-parallax=\"-\">\n      <\/div>\n      <div class=\"title-overlay fill\"><\/div>\n    <\/div>\n    \n    <div class=\"page-title-inner container align-bottom flex-row medium-flex-wrap\" >\n              <div class=\"title-wrapper uppercase flex-col text-left medium-text-center\">\n          <h1 class=\"entry-title mb-0\">\n            e-books          <\/h1>\n        <\/div>\n                    <div class=\"title-content flex-col flex-right text-right medium-text-center\">\n        <div class=\"title-breadcrumbs pb-half pt-half\"><\/div>      <\/div>\n    <\/div>\n\n     \n<style>\n#page-header-116740778 .page-title-inner {\n  min-height: 120px;\n}\n#page-header-116740778 .title-bg {\n  background-image: url(https:\/\/aprovacao.website\/frk\/wp-content\/uploads\/2023\/09\/FRK_SOMOSFRK_linha-imagem-superior.jpg);\n}\n<\/style>\n  <\/div>\n    <\/div>\n  \n\t<section class=\"section\" id=\"section_1599605527\">\n\t\t<div class=\"bg section-bg fill bg-fill  bg-loaded\" >\n\n\t\t\t\n\t\t\t\n\t\t\t\n\n\t\t<\/div>\n\n\t\t\n\n\t\t<div class=\"section-content relative\">\n\t\t\t\n<div class=\"row\"  id=\"row-301848158\">\n\n\t<div id=\"col-13400995\" class=\"col medium-6 small-12 large-6\"  >\n\t\t\t\t<div class=\"col-inner text-left\"  >\n\t\t\t\n\t\t\t\n\t<div id=\"gap-1010695656\" class=\"gap-element clearfix\" style=\"display:block; height:auto;\">\n\t\t\n<style>\n#gap-1010695656 {\n  padding-top: 70px;\n}\n<\/style>\n\t<\/div>\n\t\n\t\t<\/div>\n\t\t\t\t\t<\/div>\n\n\t\n<\/div>\n<div class=\"row\"  id=\"row-1764809752\">\n\n\t<div id=\"col-310290489\" class=\"col medium-1 small-12 large-1\"  >\n\t\t\t\t<div class=\"col-inner text-left\"  >\n\t\t\t\n\t\t\t\n\t<div id=\"gap-851104575\" class=\"gap-element clearfix\" style=\"display:block; height:auto;\">\n\t\t\n<style>\n#gap-851104575 {\n  padding-top: 55px;\n}\n<\/style>\n\t<\/div>\n\t\n\t\t<\/div>\n\t\t\t\t\t<\/div>\n\n\t\n\n\t<div id=\"col-55964307\" class=\"col medium-5 small-12 large-5\"  >\n\t\t\t\t<div class=\"col-inner text-left\"  >\n\t\t\t\n\t\t\t\n\n\t\t<div class=\"icon-box featured-box icon-box-top text-left\"  >\n\t\t\t\t\t<div class=\"icon-box-img\" style=\"width: 600px\">\n\t\t\t\t<div class=\"icon\">\n\t\t\t\t\t<div class=\"icon-inner\" >\n\t\t\t\t\t\t<img loading=\"lazy\" decoding=\"async\" width=\"300\" height=\"213\" src=\"https:\/\/aprovacao.website\/frk\/wp-content\/uploads\/2023\/10\/ebook-idoso-300x213.jpg\" class=\"attachment-medium size-medium\" alt=\"\" srcset=\"https:\/\/aprovacao.website\/frk\/wp-content\/uploads\/2023\/10\/ebook-idoso-300x213.jpg 300w, https:\/\/aprovacao.website\/frk\/wp-content\/uploads\/2023\/10\/ebook-idoso.jpg 747w\" sizes=\"auto, (max-width: 300px) 100vw, 300px\" \/>\t\t\t\t\t<\/div>\n\t\t\t\t<\/div>\n\t\t\t<\/div>\n\t\t\t\t<div class=\"icon-box-text last-reset\">\n\t\t\t\t\t\t\t\t\t\n<h2>Baixe gratuitamente o Guia FRK \u2013 Direitos do Idoso<\/h2>\n<div class=\"vc-hoverbox-wrapper  vc-hoverbox-shape--square vc-hoverbox-align--center vc-hoverbox-direction--default vc-hoverbox-width--100\">\n<div class=\"vc-hoverbox\">\n<div class=\"vc-hoverbox-inner\">\n<div class=\"vc-hoverbox-block vc-hoverbox-back\">\n<div class=\"vc-hoverbox-block-inner vc-hoverbox-back-inner\">\n<p>Uma abordagem clara sobre a conduta do idoso e seus direitos diante do avan\u00e7ar da idade<\/p>\n<\/div>\n<\/div>\n<\/div>\n<\/div>\n<\/div>\n\t\t<\/div>\n\t<\/div>\n\t\n\t\n\t<div id=\"gap-1396098057\" class=\"gap-element clearfix\" style=\"display:block; height:auto;\">\n\t\t\n<style>\n#gap-1396098057 {\n  padding-top: 40px;\n}\n<\/style>\n\t<\/div>\n\t\n<a rel=\"noopener noreferrer\" href=\"https:\/\/aprovacao.website\/frk\/baixe-gratuitamente-guia-frk-direitos-idoso\/\" target=\"_blank\" class=\"button primary\"  style=\"border-radius:99px;\">\n    <span>baixar gratuitamente<\/span>\n  <\/a>\n\n\t\t<\/div>\n\t\t\t\t\t<\/div>\n\n\t\n\n\t<div id=\"col-943849981\" class=\"col medium-5 small-12 large-5\"  >\n\t\t\t\t<div class=\"col-inner text-left\"  >\n\t\t\t\n\t\t\t\n\n\t\t<div class=\"icon-box featured-box icon-box-top text-left\"  >\n\t\t\t\t\t<div class=\"icon-box-img\" style=\"width: 600px\">\n\t\t\t\t<div class=\"icon\">\n\t\t\t\t\t<div class=\"icon-inner\" >\n\t\t\t\t\t\t<img loading=\"lazy\" decoding=\"async\" width=\"300\" height=\"213\" src=\"https:\/\/aprovacao.website\/frk\/wp-content\/uploads\/2023\/10\/ebook-divorcio-300x213.jpg\" class=\"attachment-medium size-medium\" alt=\"\" srcset=\"https:\/\/aprovacao.website\/frk\/wp-content\/uploads\/2023\/10\/ebook-divorcio-300x213.jpg 300w, https:\/\/aprovacao.website\/frk\/wp-content\/uploads\/2023\/10\/ebook-divorcio.jpg 747w\" sizes=\"auto, (max-width: 300px) 100vw, 300px\" \/>\t\t\t\t\t<\/div>\n\t\t\t\t<\/div>\n\t\t\t<\/div>\n\t\t\t\t<div class=\"icon-box-text last-reset\">\n\t\t\t\t\t\t\t\t\t\n<h2>Baixe gratuitamente o Guia FRK \u2013 Guia do div\u00f3rcio<\/h2>\n<div class=\"vc-hoverbox-wrapper  vc-hoverbox-shape--square vc-hoverbox-align--center vc-hoverbox-direction--default vc-hoverbox-width--100\">\n<div class=\"vc-hoverbox\">\n<div class=\"vc-hoverbox-inner\">\n<div class=\"vc-hoverbox-block vc-hoverbox-back\">\n<div class=\"vc-hoverbox-block-inner vc-hoverbox-back-inner\">\n<div class=\"wpb_column vc_column_container vc_col-sm-6\">\n<div class=\"vc_column-inner vc_custom_1635382151379\">\n<div class=\"wpb_wrapper\">\n<div class=\"vc-hoverbox-wrapper  vc-hoverbox-shape--square vc-hoverbox-align--center vc-hoverbox-direction--default vc-hoverbox-width--100\">\n<div class=\"vc-hoverbox\">\n<div class=\"vc-hoverbox-inner\">\n<div class=\"vc-hoverbox-block vc-hoverbox-back\">\n<div class=\"vc-hoverbox-block-inner vc-hoverbox-back-inner\">\n<p>Todos os detalhes que voc\u00ea precisa saber sobre o div\u00f3rcio do ponto de vista jur\u00eddico.<\/p>\n<\/div>\n<\/div>\n<\/div>\n<\/div>\n<\/div>\n<\/div>\n<\/div>\n<\/div>\n<\/div>\n<\/div>\n<\/div>\n<\/div>\n<\/div>\n\t\t<\/div>\n\t<\/div>\n\t\n\t\n\t<div id=\"gap-1830836634\" class=\"gap-element clearfix\" style=\"display:block; height:auto;\">\n\t\t\n<style>\n#gap-1830836634 {\n  padding-top: 40px;\n}\n<\/style>\n\t<\/div>\n\t\n<a rel=\"noopener noreferrer\" href=\"https:\/\/aprovacao.website\/frk\/baixe-gratuitamente-guia-frk-divorcio\/\" target=\"_blank\" class=\"button primary\"  style=\"border-radius:99px;\">\n    <span>baixar gratuitamente<\/span>\n  <\/a>\n\n\t\t<\/div>\n\t\t\t\t\t<\/div>\n\n\t\n<\/div>\n\t<div id=\"gap-649515204\" class=\"gap-element clearfix\" style=\"display:block; height:auto;\">\n\t\t\n<style>\n#gap-649515204 {\n  padding-top: 30px;\n}\n<\/style>\n\t<\/div>\n\t\n<div class=\"row\"  id=\"row-1762031106\">\n\n\t<div id=\"col-52075988\" class=\"col medium-1 small-12 large-1\"  >\n\t\t\t\t<div class=\"col-inner text-left\"  >\n\t\t\t\n\t\t\t\n\t<div id=\"gap-16909419\" class=\"gap-element clearfix\" style=\"display:block; height:auto;\">\n\t\t\n<style>\n#gap-16909419 {\n  padding-top: 55px;\n}\n<\/style>\n\t<\/div>\n\t\n\t\t<\/div>\n\t\t\t\t\t<\/div>\n\n\t\n\n\t<div id=\"col-1071405176\" class=\"col medium-5 small-12 large-5\"  >\n\t\t\t\t<div class=\"col-inner text-left\"  >\n\t\t\t\n\t\t\t\n\n\t\t<div class=\"icon-box featured-box icon-box-top text-left\"  >\n\t\t\t\t\t<div class=\"icon-box-img\" style=\"width: 600px\">\n\t\t\t\t<div class=\"icon\">\n\t\t\t\t\t<div class=\"icon-inner\" >\n\t\t\t\t\t\t<img loading=\"lazy\" decoding=\"async\" width=\"300\" height=\"213\" src=\"https:\/\/aprovacao.website\/frk\/wp-content\/uploads\/2023\/10\/ebook-imovel-300x213.jpg\" class=\"attachment-medium size-medium\" alt=\"\" srcset=\"https:\/\/aprovacao.website\/frk\/wp-content\/uploads\/2023\/10\/ebook-imovel-300x213.jpg 300w, https:\/\/aprovacao.website\/frk\/wp-content\/uploads\/2023\/10\/ebook-imovel.jpg 747w\" sizes=\"auto, (max-width: 300px) 100vw, 300px\" \/>\t\t\t\t\t<\/div>\n\t\t\t\t<\/div>\n\t\t\t<\/div>\n\t\t\t\t<div class=\"icon-box-text last-reset\">\n\t\t\t\t\t\t\t\t\t\n<h2>Baixe o guia com as 10 dicas ao comprar seu\u00a0 im\u00f3vel\u00a0<\/h2>\n<p>Uma guia com dicas pr\u00e1ticas para para n\u00e3o se arrepender ao adquirir im\u00f3veis.<\/p>\n\t\t<\/div>\n\t<\/div>\n\t\n\t\n\t<div id=\"gap-334448888\" class=\"gap-element clearfix\" style=\"display:block; height:auto;\">\n\t\t\n<style>\n#gap-334448888 {\n  padding-top: 40px;\n}\n<\/style>\n\t<\/div>\n\t\n<a rel=\"noopener noreferrer\" href=\"https:\/\/aprovacao.website\/frk\/baixe-gratuitamente-o-guia-frk-vai-comprar-um-imovel\/\" target=\"_blank\" class=\"button primary\"  style=\"border-radius:99px;\">\n    <span>baixar gratuitamente<\/span>\n  <\/a>\n\n\t\t<\/div>\n\t\t\t\t\t<\/div>\n\n\t\n\n\t<div id=\"col-410580018\" class=\"col medium-5 small-12 large-5\"  >\n\t\t\t\t<div class=\"col-inner text-left\"  >\n\t\t\t\n\t\t\t\n\n\t\t<div class=\"icon-box featured-box icon-box-top text-left\"  >\n\t\t\t\t\t<div class=\"icon-box-img\" style=\"width: 600px\">\n\t\t\t\t<div class=\"icon\">\n\t\t\t\t\t<div class=\"icon-inner\" >\n\t\t\t\t\t\t<img loading=\"lazy\" decoding=\"async\" width=\"300\" height=\"213\" src=\"https:\/\/aprovacao.website\/frk\/wp-content\/uploads\/2023\/10\/ebook-inventario-300x213.jpg\" class=\"attachment-medium size-medium\" alt=\"\" srcset=\"https:\/\/aprovacao.website\/frk\/wp-content\/uploads\/2023\/10\/ebook-inventario-300x213.jpg 300w, https:\/\/aprovacao.website\/frk\/wp-content\/uploads\/2023\/10\/ebook-inventario.jpg 747w\" sizes=\"auto, (max-width: 300px) 100vw, 300px\" \/>\t\t\t\t\t<\/div>\n\t\t\t\t<\/div>\n\t\t\t<\/div>\n\t\t\t\t<div class=\"icon-box-text last-reset\">\n\t\t\t\t\t\t\t\t\t\n<h2>Baixe gratuitamente o Guia FRK \u2013 Guia do Invent\u00e1rio<\/h2>\n<div class=\"vc-hoverbox-wrapper  vc-hoverbox-shape--square vc-hoverbox-align--center vc-hoverbox-direction--default vc-hoverbox-width--100\">\n<div class=\"vc-hoverbox\">\n<div class=\"vc-hoverbox-inner\">\n<div class=\"vc-hoverbox-block vc-hoverbox-back\">\n<div class=\"vc-hoverbox-block-inner vc-hoverbox-back-inner\">\n<div class=\"vc-hoverbox-wrapper  vc-hoverbox-shape--square vc-hoverbox-align--center vc-hoverbox-direction--default vc-hoverbox-width--100\">\n<div class=\"vc-hoverbox\">\n<div class=\"vc-hoverbox-inner\">\n<div class=\"vc-hoverbox-block vc-hoverbox-back\">\n<div class=\"vc-hoverbox-block-inner vc-hoverbox-back-inner\">\n<p>Um guia da FRK Advogados para facilitar a transi\u00e7\u00e3o de bens a herdeiros.<\/p>\n<\/div>\n<\/div>\n<\/div>\n<\/div>\n<\/div>\n<\/div>\n<\/div>\n<\/div>\n<\/div>\n<\/div>\n\t\t<\/div>\n\t<\/div>\n\t\n\t\n\t<div id=\"gap-13976231\" class=\"gap-element clearfix\" style=\"display:block; height:auto;\">\n\t\t\n<style>\n#gap-13976231 {\n  padding-top: 40px;\n}\n<\/style>\n\t<\/div>\n\t\n<a rel=\"noopener noreferrer\" href=\"https:\/\/aprovacao.website\/frk\/baixe-gratuitamente-o-guia-frk-guia-inventario\/\" target=\"_blank\" class=\"button primary\"  style=\"border-radius:99px;\">\n    <span>baixar gratuitamente<\/span>\n  <\/a>\n\n\t\t<\/div>\n\t\t\t\t\t<\/div>\n\n\t\n<\/div>\n\t\t<\/div>\n\n\t\t\n<style>\n#section_1599605527 {\n  padding-top: 0px;\n  padding-bottom: 0px;\n}\n#section_1599605527 .ux-shape-divider--top svg {\n  height: 150px;\n  --divider-top-width: 100%;\n}\n#section_1599605527 .ux-shape-divider--bottom svg {\n  height: 150px;\n  --divider-width: 100%;\n}\n<\/style>\n\t<\/section>\n\t\n","protected":false},"excerpt":{"rendered":"","protected":false},"author":12,"featured_media":0,"parent":0,"menu_order":0,"comment_status":"closed","ping_status":"closed","template":"page-blank.php","meta":{"footnotes":""},"class_list":["post-4198","page","type-page","status-publish","hentry"],"_links":{"self":[{"href":"https:\/\/aprovacao.website\/frk\/wp-json\/wp\/v2\/pages\/4198","targetHints":{"allow":["GET"]}}],"collection":[{"href":"https:\/\/aprovacao.website\/frk\/wp-json\/wp\/v2\/pages"}],"about":[{"href":"https:\/\/aprovacao.website\/frk\/wp-json\/wp\/v2\/types\/page"}],"author":[{"embeddable":true,"href":"https:\/\/aprovacao.website\/frk\/wp-json\/wp\/v2\/users\/12"}],"replies":[{"embeddable":true,"href":"https:\/\/aprovacao.website\/frk\/wp-json\/wp\/v2\/comments?post=4198"}],"version-history":[{"count":5,"href":"https:\/\/aprovacao.website\/frk\/wp-json\/wp\/v2\/pages\/4198\/revisions"}],"predecessor-version":[{"id":4248,"href":"https:\/\/aprovacao.website\/frk\/wp-json\/wp\/v2\/pages\/4198\/revisions\/4248"}],"wp:attachment":[{"href":"https:\/\/aprovacao.website\/frk\/wp-json\/wp\/v2\/media?parent=4198"}],"curies":[{"name":"wp","href":"https:\/\/api.w.org\/{rel}","templated":true}]}}