{"id":4138,"date":"2023-10-03T15:23:00","date_gmt":"2023-10-03T18:23:00","guid":{"rendered":"https:\/\/aprovacao.website\/frk\/?page_id=4138"},"modified":"2023-10-10T14:19:10","modified_gmt":"2023-10-10T17:19:10","slug":"direito-civil","status":"publish","type":"page","link":"https:\/\/aprovacao.website\/frk\/areas-de-atuacao\/direito-civil\/","title":{"rendered":"DIREITO CIVIL"},"content":{"rendered":"  <div id=\"page-header-1750496902\" class=\"page-header-wrapper\">\n  <div class=\"page-title dark featured-title\">\n\n        <div class=\"page-title-bg\">\n      <div class=\"title-bg fill bg-fill\"\n        data-parallax-container=\".page-title\"\n        data-parallax-background\n        data-parallax=\"-\">\n      <\/div>\n      <div class=\"title-overlay fill\"><\/div>\n    <\/div>\n    \n    <div class=\"page-title-inner container align-bottom flex-row medium-flex-wrap\" >\n              <div class=\"title-wrapper flex-col text-left medium-text-center\">\n          <h1 class=\"entry-title mb-0\">\n            \u00c1REAS DE ATUA\u00c7\u00c3O          <\/h1>\n        <\/div>\n                    <div class=\"title-content flex-col flex-right text-right medium-text-center\">\n        <div class=\"title-breadcrumbs pb-half pt-half\"><\/div>      <\/div>\n    <\/div>\n\n     \n<style>\n#page-header-1750496902 .page-title-inner {\n  min-height: 120px;\n}\n#page-header-1750496902 .title-bg {\n  background-image: url(https:\/\/aprovacao.website\/frk\/wp-content\/uploads\/2023\/10\/FRK_ATUACAO_linha-imagem-superior.jpg);\n}\n<\/style>\n  <\/div>\n    <\/div>\n  \n\t<section class=\"section\" id=\"section_403921805\">\n\t\t<div class=\"bg section-bg fill bg-fill  bg-loaded\" >\n\n\t\t\t\n\t\t\t\n\t\t\t\n\n\t\t<\/div>\n\n\t\t\n\n\t\t<div class=\"section-content relative\">\n\t\t\t\n\t<div id=\"gap-347138719\" class=\"gap-element clearfix\" style=\"display:block; height:auto;\">\n\t\t\n<style>\n#gap-347138719 {\n  padding-top: 70px;\n}\n<\/style>\n\t<\/div>\n\t\n<div class=\"row\"  id=\"row-1502747977\">\n\n\t<div id=\"col-1649269218\" class=\"col medium-2 small-12 large-2\"  >\n\t\t\t\t<div class=\"col-inner text-left\"  >\n\t\t\t\n\t\t\t\n\t<div id=\"gap-1930246355\" class=\"gap-element clearfix\" style=\"display:block; height:auto;\">\n\t\t\n<style>\n#gap-1930246355 {\n  padding-top: 55px;\n}\n<\/style>\n\t<\/div>\n\t\n\t\t<\/div>\n\t\t\t\t\t<\/div>\n\n\t\n\n\t<div id=\"col-1696954722\" class=\"col medium-8 small-12 large-8\"  >\n\t\t\t\t<div class=\"col-inner text-left\"  >\n\t\t\t\n\t\t\t\n<h2><strong><img loading=\"lazy\" decoding=\"async\" class=\"alignnone size-thumbnail wp-image-4163\" src=\"https:\/\/aprovacao.website\/frk\/wp-content\/uploads\/2023\/10\/FRK_ATUACAO_icone_direito-civil-80x80.png\" alt=\"\" width=\"80\" height=\"80\" srcset=\"https:\/\/aprovacao.website\/frk\/wp-content\/uploads\/2023\/10\/FRK_ATUACAO_icone_direito-civil-80x80.png 80w, https:\/\/aprovacao.website\/frk\/wp-content\/uploads\/2023\/10\/FRK_ATUACAO_icone_direito-civil.png 174w\" sizes=\"auto, (max-width: 80px) 100vw, 80px\" \/> <span style=\"font-size: 25.92px; color: #333333;\">DIREITO CIVIL<\/span><\/strong><\/h2>\n<p style=\"text-align: justify;\">O direito possui muitas ramifica\u00e7\u00f5es. Assim como a \u00e1rea m\u00e9dica possui especialidades \u2013 a cardiologia, a neurologia, a ortopedia, etc. \u2013, o mesmo acontece com o direito, cujos profissionais acabam se especializando em variadas \u00e1reas. O direito civil \u00e9 uma delas. De certo modo, o \u201ccivilista\u201d se equipara ao m\u00e9dico que \u00e9 \u201ccl\u00ednico geral\u201d. Dizemos isso porque o direito civil constitui uma \u201cbase\u201d para as demais ramifica\u00e7\u00f5es, motivo pelo qual \u00e9 a \u00fanica \u00e1rea estudada nos cinco anos do curso de gradua\u00e7\u00e3o em direito. \u00c9 o que possui maior abrang\u00eancia, ao mesmo tempo em que trata dos assuntos mais corriqueiros do dia-a-dia das pessoas, como os envolvendo a propriedade de bens; contratos ou at\u00e9 rela\u00e7\u00f5es de cr\u00e9dito e d\u00e9bito.<\/p>\n<h3 style=\"text-align: justify;\">Consultoria na elabora\u00e7\u00e3o de contratos<\/h3>\n<p style=\"text-align: justify;\">Auxiliamos o cliente na elabora\u00e7\u00e3o de contrato de compra e venda de im\u00f3veis, procurando cerc\u00e1-lo das garantias necess\u00e1rias para que seja efetivamente respeitado. Esse trabalho consiste n\u00e3o s\u00f3 na elabora\u00e7\u00e3o do contrato em si, mas tamb\u00e9m numa an\u00e1lise de risco do neg\u00f3cio, feita por meio de levantamento de dados cadastrais dos envolvidos. Tamb\u00e9m possu\u00edmos grande expertise em outros contratos, como o de loca\u00e7\u00e3o comercial ou residencial. Neste ponto, tem grande import\u00e2ncia a constitui\u00e7\u00e3o de garantias adequadas, a fim de assegurar o efetivo cumprimento das obriga\u00e7\u00f5es assumidas pelas partes contratantes.<\/p>\n<h3 style=\"text-align: justify;\">A\u00e7\u00f5es indenizat\u00f3rias (danos materiais e morais)<\/h3>\n<p style=\"text-align: justify;\">Temos larga experi\u00eancia em a\u00e7\u00f5es judiciais em que se discute a repara\u00e7\u00e3o de preju\u00edzos materiais ou morais sofridos pela parte, como, por exemplo, os que ocorrem em acidentes de tr\u00e2nsito. Tamb\u00e9m s\u00e3o comuns danos decorrentes de m\u00e1 presta\u00e7\u00e3o de servi\u00e7os de sa\u00fade, por falha m\u00e9dica, o que pode trazer danos provis\u00f3rios ou permanentes, danos est\u00e9ticos ou at\u00e9 mesmo a morte. A\u00e7\u00f5es judiciais em que esses assuntos s\u00e3o discutidos costumam ser bastante complexos, tendo em vista que normalmente exigem a realiza\u00e7\u00e3o de per\u00edcia.<\/p>\n<h3 style=\"text-align: justify;\">Cobran\u00e7as em geral<\/h3>\n<p style=\"text-align: justify;\">Voc\u00ea tem problemas para receber seu cr\u00e9dito? Ou est\u00e1 sofrendo alguma cobran\u00e7a injusta? J\u00e1 consultou um advogado para tratar do assunto? (Pelo devedor:) Muitas vezes um devedor apenas precisa criar um cen\u00e1rio mais favor\u00e1vel \u00e0 negocia\u00e7\u00e3o de seu d\u00e9bito. Existem formas de estimular posturas mais flex\u00edveis junto ao credor. (Pelo credor:) \u00c9 importante conhecer as manobras mais comuns, utilizadas por devedores contumazes, para ocultarem seu patrim\u00f4nio, com vistas a n\u00e3o pagar o que devem. Existem maneiras de contorn\u00e1-las.<\/p>\n<h3 style=\"text-align: justify;\">A\u00e7\u00f5es envolvendo seguro-sa\u00fade e conv\u00eanios m\u00e9dicos<\/h3>\n<p style=\"text-align: justify;\">Voc\u00ea tem d\u00favidas sobre o reajuste de seu plano de sa\u00fade? Saibam que existem regras a serem seguidas pela seguradora para o reajuste. Sua seguradora est\u00e1 negando cobertura para algum tratamento m\u00e9dico? Em alguns casos, \u00e9 poss\u00edvel entrar com a\u00e7\u00e3o judicial para for\u00e7ar a seguradora a prestar o servi\u00e7o para o qual se nega. Houve cancelamento arbitr\u00e1rio do contrato? Em alguns casos, esse cancelamento ocorre sem que tenham sido seguidas as formalidades previstas em lei, n\u00e3o sendo, portanto, v\u00e1lido.<\/p>\n<h3 style=\"text-align: justify;\">Direito Imobili\u00e1rio<\/h3>\n<p style=\"text-align: justify;\">Os neg\u00f3cios e atos envolvendo im\u00f3veis s\u00e3o os mais variados. Al\u00e9m da compra e venda ou loca\u00e7\u00e3o, esse ramo do direito tamb\u00e9m abrange, por exemplo, as a\u00e7\u00f5es de usucapi\u00e3o, de reintegra\u00e7\u00e3o de posse, retifica\u00e7\u00e3o de \u00e1rea, etc\u2026<\/p>\n\t\t<\/div>\n\t\t\t\t\t<\/div>\n\n\t\n<\/div>\n\t\t<\/div>\n\n\t\t\n<style>\n#section_403921805 {\n  padding-top: 0px;\n  padding-bottom: 0px;\n}\n#section_403921805 .ux-shape-divider--top svg {\n  height: 150px;\n  --divider-top-width: 100%;\n}\n#section_403921805 .ux-shape-divider--bottom svg {\n  height: 150px;\n  --divider-width: 100%;\n}\n<\/style>\n\t<\/section>\n\t\n\t<section class=\"section\" id=\"section_1078618033\">\n\t\t<div class=\"bg section-bg fill bg-fill  bg-loaded\" >\n\n\t\t\t\n\t\t\t\n\t\t\t\n\n\t\t<\/div>\n\n\t\t\n\n\t\t<div class=\"section-content relative\">\n\t\t\t\n<div class=\"row align-middle align-center\"  id=\"row-204877763\">\n\n\t<div id=\"col-1355967616\" class=\"col medium-10 small-12 large-10\"  >\n\t\t\t\t<div class=\"col-inner\"  >\n\t\t\t\n\t\t\t\n<div class=\"row\"  id=\"row-1779719076\">\n\n\t<div id=\"col-1427701923\" class=\"col medium-2 small-12 large-2\"  data-animate=\"fadeInUp\">\n\t\t\t\t<div class=\"col-inner\"  >\n\t\t\t\n\t\t\t\n\n\t<a class=\"plain\" href=\"https:\/\/aprovacao.website\/frk\/areas-de-atuacao\/advocacia-de-tribunal\/\"  >\t<div class=\"icon-box featured-box icon-box-center text-center is-small\"  style=\"margin:px px px px;\">\n\t\t\t\t\t<div class=\"icon-box-img\" style=\"width: 145px\">\n\t\t\t\t<div class=\"icon\">\n\t\t\t\t\t<div class=\"icon-inner\" style=\"color:rgb(143, 143, 143);\">\n\t\t\t\t\t\t<img loading=\"lazy\" decoding=\"async\" width=\"175\" height=\"175\" src=\"https:\/\/aprovacao.website\/frk\/wp-content\/uploads\/2023\/10\/FRK_ATUACAO_icone_direito-tribunal.png\" class=\"attachment-medium size-medium\" alt=\"\" srcset=\"https:\/\/aprovacao.website\/frk\/wp-content\/uploads\/2023\/10\/FRK_ATUACAO_icone_direito-tribunal.png 175w, https:\/\/aprovacao.website\/frk\/wp-content\/uploads\/2023\/10\/FRK_ATUACAO_icone_direito-tribunal-80x80.png 80w\" sizes=\"auto, (max-width: 175px) 100vw, 175px\" \/>\t\t\t\t\t<\/div>\n\t\t\t\t<\/div>\n\t\t\t<\/div>\n\t\t\t\t<div class=\"icon-box-text last-reset\">\n\t\t\t<h5 class=\"uppercase\">Advocacia de Tribunal<\/h5>\t\t\t\t\t\t\n\t<div id=\"gap-334997247\" class=\"gap-element clearfix\" style=\"display:block; height:auto;\">\n\t\t\n<style>\n#gap-334997247 {\n  padding-top: 30px;\n}\n<\/style>\n\t<\/div>\n\t\n\t\t<\/div>\n\t<\/div>\n\t<\/a>\n\t\n\t\t<\/div>\n\t\t\t\t\t<\/div>\n\n\t\n\n\t<div id=\"col-1421189285\" class=\"col medium-2 small-12 large-2\"  data-animate=\"fadeInUp\">\n\t\t\t\t<div class=\"col-inner\"  >\n\t\t\t\n\t\t\t\n\n\t<a class=\"plain\" href=\"https:\/\/aprovacao.website\/frk\/areas-de-atuacao\/direito-empresarial\/\"  >\t<div class=\"icon-box featured-box icon-box-center text-center is-small\"  style=\"margin:px px px px;\">\n\t\t\t\t\t<div class=\"icon-box-img\" style=\"width: 145px\">\n\t\t\t\t<div class=\"icon\">\n\t\t\t\t\t<div class=\"icon-inner\" style=\"color:rgb(143, 143, 143);\">\n\t\t\t\t\t\t<img loading=\"lazy\" decoding=\"async\" width=\"174\" height=\"174\" src=\"https:\/\/aprovacao.website\/frk\/wp-content\/uploads\/2023\/09\/FRK_HOME_icone_direito-empresarial.png\" class=\"attachment-medium size-medium\" alt=\"\" srcset=\"https:\/\/aprovacao.website\/frk\/wp-content\/uploads\/2023\/09\/FRK_HOME_icone_direito-empresarial.png 174w, https:\/\/aprovacao.website\/frk\/wp-content\/uploads\/2023\/09\/FRK_HOME_icone_direito-empresarial-80x80.png 80w\" sizes=\"auto, (max-width: 174px) 100vw, 174px\" \/>\t\t\t\t\t<\/div>\n\t\t\t\t<\/div>\n\t\t\t<\/div>\n\t\t\t\t<div class=\"icon-box-text last-reset\">\n\t\t\t<h5 class=\"uppercase\">Direito Empresarial<\/h5>\t\t\t\t\t\t\n\t<div id=\"gap-1608655450\" class=\"gap-element clearfix\" style=\"display:block; height:auto;\">\n\t\t\n<style>\n#gap-1608655450 {\n  padding-top: 30px;\n}\n<\/style>\n\t<\/div>\n\t\n\t\t<\/div>\n\t<\/div>\n\t<\/a>\n\t\n\t\t<\/div>\n\t\t\t\t\t<\/div>\n\n\t\n\n\t<div id=\"col-1055220668\" class=\"col medium-2 small-12 large-2\"  data-animate=\"fadeInUp\">\n\t\t\t\t<div class=\"col-inner\"  >\n\t\t\t\n\t\t\t\n\n\t<a class=\"plain\" href=\"https:\/\/aprovacao.website\/frk\/areas-de-atuacao\/direito-imobiliario\/\"  >\t<div class=\"icon-box featured-box icon-box-center text-center is-small\"  style=\"margin:px px px px;\">\n\t\t\t\t\t<div class=\"icon-box-img\" style=\"width: 145px\">\n\t\t\t\t<div class=\"icon\">\n\t\t\t\t\t<div class=\"icon-inner\" style=\"color:rgb(143, 143, 143);\">\n\t\t\t\t\t\t<img loading=\"lazy\" decoding=\"async\" width=\"174\" height=\"174\" src=\"https:\/\/aprovacao.website\/frk\/wp-content\/uploads\/2023\/09\/FRK_HOME_icone_direito-imobiliario.png\" class=\"attachment-medium size-medium\" alt=\"\" srcset=\"https:\/\/aprovacao.website\/frk\/wp-content\/uploads\/2023\/09\/FRK_HOME_icone_direito-imobiliario.png 174w, https:\/\/aprovacao.website\/frk\/wp-content\/uploads\/2023\/09\/FRK_HOME_icone_direito-imobiliario-80x80.png 80w\" sizes=\"auto, (max-width: 174px) 100vw, 174px\" \/>\t\t\t\t\t<\/div>\n\t\t\t\t<\/div>\n\t\t\t<\/div>\n\t\t\t\t<div class=\"icon-box-text last-reset\">\n\t\t\t<h5 class=\"uppercase\">direito imobili\u00e1rio<\/h5>\t\t\t\t\t\t\n\t<div id=\"gap-1690780625\" class=\"gap-element clearfix\" style=\"display:block; height:auto;\">\n\t\t\n<style>\n#gap-1690780625 {\n  padding-top: 30px;\n}\n<\/style>\n\t<\/div>\n\t\n\t\t<\/div>\n\t<\/div>\n\t<\/a>\n\t\n\t\t<\/div>\n\t\t\t\t\t<\/div>\n\n\t\n\n\t<div id=\"col-335627634\" class=\"col medium-2 small-12 large-2\"  data-animate=\"fadeInUp\">\n\t\t\t\t<div class=\"col-inner\"  >\n\t\t\t\n\t\t\t\n\n\t<a class=\"plain\" href=\"https:\/\/aprovacao.website\/frk\/areas-de-atuacao\/direito-das-sucessoes\/\"  >\t<div class=\"icon-box featured-box icon-box-center text-center is-small\"  style=\"margin:px px px px;\">\n\t\t\t\t\t<div class=\"icon-box-img\" style=\"width: 145px\">\n\t\t\t\t<div class=\"icon\">\n\t\t\t\t\t<div class=\"icon-inner\" style=\"color:rgb(143, 143, 143);\">\n\t\t\t\t\t\t<img loading=\"lazy\" decoding=\"async\" width=\"174\" height=\"174\" src=\"https:\/\/aprovacao.website\/frk\/wp-content\/uploads\/2023\/09\/FRK_HOME_icone_direito-sucessoes.png\" class=\"attachment-medium size-medium\" alt=\"\" srcset=\"https:\/\/aprovacao.website\/frk\/wp-content\/uploads\/2023\/09\/FRK_HOME_icone_direito-sucessoes.png 174w, https:\/\/aprovacao.website\/frk\/wp-content\/uploads\/2023\/09\/FRK_HOME_icone_direito-sucessoes-80x80.png 80w\" sizes=\"auto, (max-width: 174px) 100vw, 174px\" \/>\t\t\t\t\t<\/div>\n\t\t\t\t<\/div>\n\t\t\t<\/div>\n\t\t\t\t<div class=\"icon-box-text last-reset\">\n\t\t\t<h5 class=\"uppercase\">direito das sucess\u00f5es<\/h5>\t\t\t\t\t\t\n\t<div id=\"gap-1445957221\" class=\"gap-element clearfix\" style=\"display:block; height:auto;\">\n\t\t\n<style>\n#gap-1445957221 {\n  padding-top: 30px;\n}\n<\/style>\n\t<\/div>\n\t\n\t\t<\/div>\n\t<\/div>\n\t<\/a>\n\t\n\t\t<\/div>\n\t\t\t\t\t<\/div>\n\n\t\n\n\t<div id=\"col-881730477\" class=\"col medium-2 small-12 large-2\"  data-animate=\"fadeInUp\">\n\t\t\t\t<div class=\"col-inner\"  >\n\t\t\t\n\t\t\t\n\n\t<a class=\"plain\" href=\"https:\/\/aprovacao.website\/frk\/areas-de-atuacao\/direito-de-familia\/\"  >\t<div class=\"icon-box featured-box icon-box-center text-center is-small\"  style=\"margin:px px px px;\">\n\t\t\t\t\t<div class=\"icon-box-img\" style=\"width: 145px\">\n\t\t\t\t<div class=\"icon\">\n\t\t\t\t\t<div class=\"icon-inner\" style=\"color:rgb(143, 143, 143);\">\n\t\t\t\t\t\t<img loading=\"lazy\" decoding=\"async\" width=\"174\" height=\"174\" src=\"https:\/\/aprovacao.website\/frk\/wp-content\/uploads\/2023\/09\/FRK_HOME_icone_direito-familia.png\" class=\"attachment-medium size-medium\" alt=\"\" srcset=\"https:\/\/aprovacao.website\/frk\/wp-content\/uploads\/2023\/09\/FRK_HOME_icone_direito-familia.png 174w, https:\/\/aprovacao.website\/frk\/wp-content\/uploads\/2023\/09\/FRK_HOME_icone_direito-familia-80x80.png 80w\" sizes=\"auto, (max-width: 174px) 100vw, 174px\" \/>\t\t\t\t\t<\/div>\n\t\t\t\t<\/div>\n\t\t\t<\/div>\n\t\t\t\t<div class=\"icon-box-text last-reset\">\n\t\t\t<h5 class=\"uppercase\">direito de fam\u00edlia<\/h5>\t\t\t\t\t\t\n\t<div id=\"gap-625348844\" class=\"gap-element clearfix\" style=\"display:block; height:auto;\">\n\t\t\n<style>\n#gap-625348844 {\n  padding-top: 30px;\n}\n<\/style>\n\t<\/div>\n\t\n\t\t<\/div>\n\t<\/div>\n\t<\/a>\n\t\n\t\t<\/div>\n\t\t\t\t\t<\/div>\n\n\t\n\n\t<div id=\"col-249922435\" class=\"col medium-2 small-12 large-2\"  data-animate=\"fadeInUp\">\n\t\t\t\t<div class=\"col-inner\"  >\n\t\t\t\n\t\t\t\n\n\t<a class=\"plain\" href=\"https:\/\/aprovacao.website\/frk\/areas-de-atuacao\/mediacao\/\"  >\t<div class=\"icon-box featured-box icon-box-center text-center is-small\"  style=\"margin:px px px px;\">\n\t\t\t\t\t<div class=\"icon-box-img\" style=\"width: 145px\">\n\t\t\t\t<div class=\"icon\">\n\t\t\t\t\t<div class=\"icon-inner\" style=\"color:rgb(143, 143, 143);\">\n\t\t\t\t\t\t<img loading=\"lazy\" decoding=\"async\" width=\"174\" height=\"174\" src=\"https:\/\/aprovacao.website\/frk\/wp-content\/uploads\/2023\/10\/FRK_ATUACAO_icone_mediacao.png\" class=\"attachment-medium size-medium\" alt=\"\" srcset=\"https:\/\/aprovacao.website\/frk\/wp-content\/uploads\/2023\/10\/FRK_ATUACAO_icone_mediacao.png 174w, https:\/\/aprovacao.website\/frk\/wp-content\/uploads\/2023\/10\/FRK_ATUACAO_icone_mediacao-80x80.png 80w\" sizes=\"auto, (max-width: 174px) 100vw, 174px\" \/>\t\t\t\t\t<\/div>\n\t\t\t\t<\/div>\n\t\t\t<\/div>\n\t\t\t\t<div class=\"icon-box-text last-reset\">\n\t\t\t<h5 class=\"uppercase\">media\u00e7\u00e3o<\/h5>\t\t\t\t\t\t\n\t<div id=\"gap-1942107648\" class=\"gap-element clearfix\" style=\"display:block; height:auto;\">\n\t\t\n<style>\n#gap-1942107648 {\n  padding-top: 30px;\n}\n<\/style>\n\t<\/div>\n\t\n\t\t<\/div>\n\t<\/div>\n\t<\/a>\n\t\n\t\t<\/div>\n\t\t\t\t\t<\/div>\n\n\t\n<\/div>\n\t\t<\/div>\n\t\t\t\t\t<\/div>\n\n\t\n\n<style>\n#row-204877763 > .col > .col-inner {\n  padding: 0px 0px 0px 0px;\n}\n<\/style>\n<\/div>\n\t\t<\/div>\n\n\t\t\n<style>\n#section_1078618033 {\n  padding-top: 0px;\n  padding-bottom: 0px;\n}\n#section_1078618033 .ux-shape-divider--top svg {\n  height: 150px;\n  --divider-top-width: 100%;\n}\n#section_1078618033 .ux-shape-divider--bottom svg {\n  height: 150px;\n  --divider-width: 100%;\n}\n<\/style>\n\t<\/section>\n\t\n","protected":false},"excerpt":{"rendered":"","protected":false},"author":12,"featured_media":2559,"parent":3006,"menu_order":0,"comment_status":"closed","ping_status":"closed","template":"page-blank.php","meta":{"footnotes":""},"class_list":["post-4138","page","type-page","status-publish","has-post-thumbnail","hentry"],"_links":{"self":[{"href":"https:\/\/aprovacao.website\/frk\/wp-json\/wp\/v2\/pages\/4138","targetHints":{"allow":["GET"]}}],"collection":[{"href":"https:\/\/aprovacao.website\/frk\/wp-json\/wp\/v2\/pages"}],"about":[{"href":"https:\/\/aprovacao.website\/frk\/wp-json\/wp\/v2\/types\/page"}],"author":[{"embeddable":true,"href":"https:\/\/aprovacao.website\/frk\/wp-json\/wp\/v2\/users\/12"}],"replies":[{"embeddable":true,"href":"https:\/\/aprovacao.website\/frk\/wp-json\/wp\/v2\/comments?post=4138"}],"version-history":[{"count":5,"href":"https:\/\/aprovacao.website\/frk\/wp-json\/wp\/v2\/pages\/4138\/revisions"}],"predecessor-version":[{"id":4219,"href":"https:\/\/aprovacao.website\/frk\/wp-json\/wp\/v2\/pages\/4138\/revisions\/4219"}],"up":[{"embeddable":true,"href":"https:\/\/aprovacao.website\/frk\/wp-json\/wp\/v2\/pages\/3006"}],"wp:featuredmedia":[{"embeddable":true,"href":"https:\/\/aprovacao.website\/frk\/wp-json\/wp\/v2\/media\/2559"}],"wp:attachment":[{"href":"https:\/\/aprovacao.website\/frk\/wp-json\/wp\/v2\/media?parent=4138"}],"curies":[{"name":"wp","href":"https:\/\/api.w.org\/{rel}","templated":true}]}}