{"id":4134,"date":"2023-10-03T15:22:18","date_gmt":"2023-10-03T18:22:18","guid":{"rendered":"https:\/\/aprovacao.website\/frk\/?page_id=4134"},"modified":"2023-10-10T14:20:54","modified_gmt":"2023-10-10T17:20:54","slug":"direito-das-sucessoes","status":"publish","type":"page","link":"https:\/\/aprovacao.website\/frk\/areas-de-atuacao\/direito-das-sucessoes\/","title":{"rendered":"DIREITO DAS SUCESS\u00d5ES"},"content":{"rendered":"  <div id=\"page-header-2077005787\" class=\"page-header-wrapper\">\n  <div class=\"page-title dark featured-title\">\n\n        <div class=\"page-title-bg\">\n      <div class=\"title-bg fill bg-fill\"\n        data-parallax-container=\".page-title\"\n        data-parallax-background\n        data-parallax=\"-\">\n      <\/div>\n      <div class=\"title-overlay fill\"><\/div>\n    <\/div>\n    \n    <div class=\"page-title-inner container align-bottom flex-row medium-flex-wrap\" >\n              <div class=\"title-wrapper flex-col text-left medium-text-center\">\n          <h1 class=\"entry-title mb-0\">\n            \u00c1REAS DE ATUA\u00c7\u00c3O          <\/h1>\n        <\/div>\n                    <div class=\"title-content flex-col flex-right text-right medium-text-center\">\n        <div class=\"title-breadcrumbs pb-half pt-half\"><\/div>      <\/div>\n    <\/div>\n\n     \n<style>\n#page-header-2077005787 .page-title-inner {\n  min-height: 120px;\n}\n#page-header-2077005787 .title-bg {\n  background-image: url(https:\/\/aprovacao.website\/frk\/wp-content\/uploads\/2023\/10\/FRK_ATUACAO_linha-imagem-superior.jpg);\n}\n<\/style>\n  <\/div>\n    <\/div>\n  \n\t<section class=\"section\" id=\"section_1391799461\">\n\t\t<div class=\"bg section-bg fill bg-fill  bg-loaded\" >\n\n\t\t\t\n\t\t\t\n\t\t\t\n\n\t\t<\/div>\n\n\t\t\n\n\t\t<div class=\"section-content relative\">\n\t\t\t\n\t<div id=\"gap-262853775\" class=\"gap-element clearfix\" style=\"display:block; height:auto;\">\n\t\t\n<style>\n#gap-262853775 {\n  padding-top: 70px;\n}\n<\/style>\n\t<\/div>\n\t\n<div class=\"row\"  id=\"row-130427696\">\n\n\t<div id=\"col-292386392\" class=\"col medium-2 small-12 large-2\"  >\n\t\t\t\t<div class=\"col-inner text-left\"  >\n\t\t\t\n\t\t\t\n\t<div id=\"gap-345977902\" class=\"gap-element clearfix\" style=\"display:block; height:auto;\">\n\t\t\n<style>\n#gap-345977902 {\n  padding-top: 55px;\n}\n<\/style>\n\t<\/div>\n\t\n\t\t<\/div>\n\t\t\t\t\t<\/div>\n\n\t\n\n\t<div id=\"col-1528152758\" class=\"col medium-8 small-12 large-8\"  >\n\t\t\t\t<div class=\"col-inner text-left\"  >\n\t\t\t\n\t\t\t\n<h1><strong><img loading=\"lazy\" decoding=\"async\" class=\"alignnone size-thumbnail wp-image-4166\" src=\"https:\/\/aprovacao.website\/frk\/wp-content\/uploads\/2023\/10\/FRK_ATUACAO_icone_direito-sucessoes-80x80.png\" alt=\"\" width=\"80\" height=\"80\" srcset=\"https:\/\/aprovacao.website\/frk\/wp-content\/uploads\/2023\/10\/FRK_ATUACAO_icone_direito-sucessoes-80x80.png 80w, https:\/\/aprovacao.website\/frk\/wp-content\/uploads\/2023\/10\/FRK_ATUACAO_icone_direito-sucessoes.png 174w\" sizes=\"auto, (max-width: 80px) 100vw, 80px\" \/> DIREITO DAS SUCESS\u00d5ES<\/strong><\/h1>\n<div id=\"after_section_1\" class=\"main_color av_default_container_wrap container_wrap sidebar_right\">\n<div class=\"container av-section-cont-open\">\n<div class=\"template-page content av-content-small alpha units\">\n<div class=\"post-entry post-entry-type-page post-entry-2665\">\n<div class=\"entry-content-wrapper clearfix\">\n<section class=\"av_textblock_section \">\n<div class=\"avia_textblock \" style=\"text-align: justify;\"><span style=\"color: #555555;\">O Direito das Sucess\u00f5es \u00e9 o ramo do Direito Civil que trata da destina\u00e7\u00e3o do patrim\u00f4nio de uma pessoa, ap\u00f3s o seu falecimento. Com a morte, os bens existentes s\u00e3o transmitidos para os herdeiros dessa pessoa. Se o falecido possu\u00eda d\u00edvidas, precisam ser pagas, mas esse pagamento deve ser feito com o uso do patrim\u00f4nio deixado por ele. Isso significa que os herdeiros do falecido apenas recebem, na verdade, o \u201csaldo\u201d do patrim\u00f4nio deixado pelo falecido. D\u00favida comum: E se as d\u00edvidas forem maiores do que esse patrim\u00f4nio, os herdeiros ter\u00e3o de responder por elas? N\u00e3o. Ningu\u00e9m herda d\u00edvidas. A an\u00e1lise disso tudo \u00e9 feita num procedimento que recebe o nome de \u201cinvent\u00e1rio\u201d e, \u00e0s vezes, envolve quest\u00f5es bastante complexas, sendo necess\u00e1rio contar com o aux\u00edlio de profissionais da \u00e1rea.<\/span><\/div>\n<div style=\"text-align: justify;\">\u00a0<\/div>\n<div style=\"text-align: justify;\"><strong><span style=\"font-size: 20.16px;\">Invent\u00e1rio<\/span><\/strong><\/div>\n<\/section>\n<\/div>\n<\/div>\n<\/div>\n<\/div>\n<\/div>\n<p style=\"text-align: justify;\">Quando algu\u00e9m falece e deixa bens, \u00e9 preciso fazer um \u201cinvent\u00e1rio\u201d. A lei prev\u00ea prazo de 60 dias para providenciar sua abertura, tamb\u00e9m havendo prazo para sua finaliza\u00e7\u00e3o. O que significa isso? Nada mais do que um procedimento em que se apura: (a) bens deixados pelo falecido; (b) eventual exist\u00eancia de d\u00edvidas; (c) quem s\u00e3o os herdeiros; (d) c\u00e1lculo do imposto incidente sobre a heran\u00e7a, etc.. Os custos variam de acordo com a complexidade do procedimento, mas costumam seguir uma propor\u00e7\u00e3o do valor do patrim\u00f4nio. Os bens deixados pelo falecido apenas podem ser transferidos para seus herdeiros ao final do processamento do invent\u00e1rio. At\u00e9 que isso seja feito, esses bens permanecem em nome do falecido.<\/p>\n<p style=\"text-align: justify;\">Existem v\u00e1rias maneiras de fazer um invent\u00e1rio: (a) por meio de a\u00e7\u00e3o judicial; (b) por meio de escritura p\u00fablica, feita em cart\u00f3rio; (c) por meio de sess\u00e3o conciliat\u00f3ria em CEJUSC (Centro Judici\u00e1rio de Solu\u00e7\u00e3o de Conflitos). Cada modalidade possui caracter\u00edsticas pr\u00f3prias quanto \u00e0 complexidade, dura\u00e7\u00e3o, custo. Um bom profissional saber\u00e1 indicar a mais adequada para cada caso.<\/p>\n<p style=\"text-align: justify;\">Havendo mais de um herdeiro, o patrim\u00f4nio do falecido precisa ser dividido entre eles. Essa divis\u00e3o recebe o nome de \u201cpartilha\u201d. Dentre outras coisas, o procedimento de invent\u00e1rio serve para realizar a partilha.<\/p>\n<h3 style=\"text-align: justify;\"><strong>Testamento<\/strong><\/h3>\n<p style=\"text-align: justify;\">Testamento \u00e9 o modo de algu\u00e9m expressar sua vontade ap\u00f3s a morte. Basicamente, existem tr\u00eas tipos, sendo o mais seguro aquele feito em cart\u00f3rio. Diferentemente do que muitas pessoas pensam, o testamento n\u00e3o serve apenas para dispor sobre patrim\u00f4nio. \u00c9 poss\u00edvel us\u00e1-lo para nomear um tutor para os filhos menores, ou at\u00e9 mesmo para reconhecer algum filho que n\u00e3o tenha sido registrado. Contudo, \u00e9 mesmo mais comum us\u00e1-lo para interferir na destina\u00e7\u00e3o do patrim\u00f4nio.<\/p>\n<p style=\"text-align: justify;\">O testamento apenas produz efeitos ap\u00f3s a morte do testador e, at\u00e9 que isso ocorra, pode ser por ele alterado ou revogado.<\/p>\n<p style=\"text-align: justify;\">D\u00favida comum: Posso testar meu patrim\u00f4nio para quem eu quiser? Depende. Pela lei brasileira, se voc\u00ea, por exemplo, possui filhos, estar\u00e1 obrigado a reservar 50% de seu patrim\u00f4nio para eles. Mas poder\u00e1 dispor do restante em benef\u00edcio de quem voc\u00ea desejar.<\/p>\n\t\t<\/div>\n\t\t\t\t\t<\/div>\n\n\t\n<\/div>\n\t\t<\/div>\n\n\t\t\n<style>\n#section_1391799461 {\n  padding-top: 0px;\n  padding-bottom: 0px;\n}\n#section_1391799461 .ux-shape-divider--top svg {\n  height: 150px;\n  --divider-top-width: 100%;\n}\n#section_1391799461 .ux-shape-divider--bottom svg {\n  height: 150px;\n  --divider-width: 100%;\n}\n<\/style>\n\t<\/section>\n\t\n\t<section class=\"section\" id=\"section_636607980\">\n\t\t<div class=\"bg section-bg fill bg-fill  bg-loaded\" >\n\n\t\t\t\n\t\t\t\n\t\t\t\n\n\t\t<\/div>\n\n\t\t\n\n\t\t<div class=\"section-content relative\">\n\t\t\t\n<div class=\"row align-middle align-center\"  id=\"row-1705574354\">\n\n\t<div id=\"col-1262403797\" class=\"col medium-10 small-12 large-10\"  >\n\t\t\t\t<div class=\"col-inner\"  >\n\t\t\t\n\t\t\t\n<div class=\"row\"  id=\"row-1335627437\">\n\n\t<div id=\"col-1216111632\" class=\"col medium-2 small-12 large-2\"  data-animate=\"fadeInUp\">\n\t\t\t\t<div class=\"col-inner\"  >\n\t\t\t\n\t\t\t\n\n\t<a class=\"plain\" href=\"https:\/\/aprovacao.website\/frk\/areas-de-atuacao\/advocacia-de-tribunal\/\"  >\t<div class=\"icon-box featured-box icon-box-center text-center is-small\"  style=\"margin:px px px px;\">\n\t\t\t\t\t<div class=\"icon-box-img\" style=\"width: 145px\">\n\t\t\t\t<div class=\"icon\">\n\t\t\t\t\t<div class=\"icon-inner\" style=\"color:rgb(143, 143, 143);\">\n\t\t\t\t\t\t<img loading=\"lazy\" decoding=\"async\" width=\"175\" height=\"175\" src=\"https:\/\/aprovacao.website\/frk\/wp-content\/uploads\/2023\/10\/FRK_ATUACAO_icone_direito-tribunal.png\" class=\"attachment-medium size-medium\" alt=\"\" srcset=\"https:\/\/aprovacao.website\/frk\/wp-content\/uploads\/2023\/10\/FRK_ATUACAO_icone_direito-tribunal.png 175w, https:\/\/aprovacao.website\/frk\/wp-content\/uploads\/2023\/10\/FRK_ATUACAO_icone_direito-tribunal-80x80.png 80w\" sizes=\"auto, (max-width: 175px) 100vw, 175px\" \/>\t\t\t\t\t<\/div>\n\t\t\t\t<\/div>\n\t\t\t<\/div>\n\t\t\t\t<div class=\"icon-box-text last-reset\">\n\t\t\t<h5 class=\"uppercase\">Advocacia de Tribunal<\/h5>\t\t\t\t\t\t\n\t<div id=\"gap-2116173962\" class=\"gap-element clearfix\" style=\"display:block; height:auto;\">\n\t\t\n<style>\n#gap-2116173962 {\n  padding-top: 30px;\n}\n<\/style>\n\t<\/div>\n\t\n\t\t<\/div>\n\t<\/div>\n\t<\/a>\n\t\n\t\t<\/div>\n\t\t\t\t\t<\/div>\n\n\t\n\n\t<div id=\"col-160701111\" class=\"col medium-2 small-12 large-2\"  data-animate=\"fadeInUp\">\n\t\t\t\t<div class=\"col-inner\"  >\n\t\t\t\n\t\t\t\n\n\t<a class=\"plain\" href=\"https:\/\/aprovacao.website\/frk\/areas-de-atuacao\/direito-empresarial\/\"  >\t<div class=\"icon-box featured-box icon-box-center text-center is-small\"  style=\"margin:px px px px;\">\n\t\t\t\t\t<div class=\"icon-box-img\" style=\"width: 145px\">\n\t\t\t\t<div class=\"icon\">\n\t\t\t\t\t<div class=\"icon-inner\" style=\"color:rgb(143, 143, 143);\">\n\t\t\t\t\t\t<img loading=\"lazy\" decoding=\"async\" width=\"174\" height=\"174\" src=\"https:\/\/aprovacao.website\/frk\/wp-content\/uploads\/2023\/09\/FRK_HOME_icone_direito-empresarial.png\" class=\"attachment-medium size-medium\" alt=\"\" srcset=\"https:\/\/aprovacao.website\/frk\/wp-content\/uploads\/2023\/09\/FRK_HOME_icone_direito-empresarial.png 174w, https:\/\/aprovacao.website\/frk\/wp-content\/uploads\/2023\/09\/FRK_HOME_icone_direito-empresarial-80x80.png 80w\" sizes=\"auto, (max-width: 174px) 100vw, 174px\" \/>\t\t\t\t\t<\/div>\n\t\t\t\t<\/div>\n\t\t\t<\/div>\n\t\t\t\t<div class=\"icon-box-text last-reset\">\n\t\t\t<h5 class=\"uppercase\">Direito Empresarial<\/h5>\t\t\t\t\t\t\n\t<div id=\"gap-1467660310\" class=\"gap-element clearfix\" style=\"display:block; height:auto;\">\n\t\t\n<style>\n#gap-1467660310 {\n  padding-top: 30px;\n}\n<\/style>\n\t<\/div>\n\t\n\t\t<\/div>\n\t<\/div>\n\t<\/a>\n\t\n\t\t<\/div>\n\t\t\t\t\t<\/div>\n\n\t\n\n\t<div id=\"col-1352548928\" class=\"col medium-2 small-12 large-2\"  data-animate=\"fadeInUp\">\n\t\t\t\t<div class=\"col-inner\"  >\n\t\t\t\n\t\t\t\n\n\t<a class=\"plain\" href=\"https:\/\/aprovacao.website\/frk\/areas-de-atuacao\/direito-imobiliario\/\"  >\t<div class=\"icon-box featured-box icon-box-center text-center is-small\"  style=\"margin:px px px px;\">\n\t\t\t\t\t<div class=\"icon-box-img\" style=\"width: 145px\">\n\t\t\t\t<div class=\"icon\">\n\t\t\t\t\t<div class=\"icon-inner\" style=\"color:rgb(143, 143, 143);\">\n\t\t\t\t\t\t<img loading=\"lazy\" decoding=\"async\" width=\"174\" height=\"174\" src=\"https:\/\/aprovacao.website\/frk\/wp-content\/uploads\/2023\/09\/FRK_HOME_icone_direito-imobiliario.png\" class=\"attachment-medium size-medium\" alt=\"\" srcset=\"https:\/\/aprovacao.website\/frk\/wp-content\/uploads\/2023\/09\/FRK_HOME_icone_direito-imobiliario.png 174w, https:\/\/aprovacao.website\/frk\/wp-content\/uploads\/2023\/09\/FRK_HOME_icone_direito-imobiliario-80x80.png 80w\" sizes=\"auto, (max-width: 174px) 100vw, 174px\" \/>\t\t\t\t\t<\/div>\n\t\t\t\t<\/div>\n\t\t\t<\/div>\n\t\t\t\t<div class=\"icon-box-text last-reset\">\n\t\t\t<h5 class=\"uppercase\">direito imobili\u00e1rio<\/h5>\t\t\t\t\t\t\n\t<div id=\"gap-750159683\" class=\"gap-element clearfix\" style=\"display:block; height:auto;\">\n\t\t\n<style>\n#gap-750159683 {\n  padding-top: 30px;\n}\n<\/style>\n\t<\/div>\n\t\n\t\t<\/div>\n\t<\/div>\n\t<\/a>\n\t\n\t\t<\/div>\n\t\t\t\t\t<\/div>\n\n\t\n\n\t<div id=\"col-207455094\" class=\"col medium-2 small-12 large-2\"  data-animate=\"fadeInUp\">\n\t\t\t\t<div class=\"col-inner\"  >\n\t\t\t\n\t\t\t\n\n\t<a class=\"plain\" href=\"https:\/\/aprovacao.website\/frk\/areas-de-atuacao\/direito-de-familia\/\"  >\t<div class=\"icon-box featured-box icon-box-center text-center is-small\"  style=\"margin:px px px px;\">\n\t\t\t\t\t<div class=\"icon-box-img\" style=\"width: 145px\">\n\t\t\t\t<div class=\"icon\">\n\t\t\t\t\t<div class=\"icon-inner\" style=\"color:rgb(143, 143, 143);\">\n\t\t\t\t\t\t<img loading=\"lazy\" decoding=\"async\" width=\"174\" height=\"174\" src=\"https:\/\/aprovacao.website\/frk\/wp-content\/uploads\/2023\/09\/FRK_HOME_icone_direito-familia.png\" class=\"attachment-medium size-medium\" alt=\"\" srcset=\"https:\/\/aprovacao.website\/frk\/wp-content\/uploads\/2023\/09\/FRK_HOME_icone_direito-familia.png 174w, https:\/\/aprovacao.website\/frk\/wp-content\/uploads\/2023\/09\/FRK_HOME_icone_direito-familia-80x80.png 80w\" sizes=\"auto, (max-width: 174px) 100vw, 174px\" \/>\t\t\t\t\t<\/div>\n\t\t\t\t<\/div>\n\t\t\t<\/div>\n\t\t\t\t<div class=\"icon-box-text last-reset\">\n\t\t\t<h5 class=\"uppercase\">direito de fam\u00edlia<\/h5>\t\t\t\t\t\t\n\t<div id=\"gap-998198580\" class=\"gap-element clearfix\" style=\"display:block; height:auto;\">\n\t\t\n<style>\n#gap-998198580 {\n  padding-top: 30px;\n}\n<\/style>\n\t<\/div>\n\t\n\t\t<\/div>\n\t<\/div>\n\t<\/a>\n\t\n\t\t<\/div>\n\t\t\t\t\t<\/div>\n\n\t\n\n\t<div id=\"col-1289551856\" class=\"col medium-2 small-12 large-2\"  data-animate=\"fadeInUp\">\n\t\t\t\t<div class=\"col-inner\"  >\n\t\t\t\n\t\t\t\n\n\t<a class=\"plain\" href=\"https:\/\/aprovacao.website\/frk\/areas-de-atuacao\/direito-civil\/\"  >\t<div class=\"icon-box featured-box icon-box-center text-center is-small\"  style=\"margin:px px px px;\">\n\t\t\t\t\t<div class=\"icon-box-img\" style=\"width: 145px\">\n\t\t\t\t<div class=\"icon\">\n\t\t\t\t\t<div class=\"icon-inner\" style=\"color:rgb(143, 143, 143);\">\n\t\t\t\t\t\t<img loading=\"lazy\" decoding=\"async\" width=\"174\" height=\"174\" src=\"https:\/\/aprovacao.website\/frk\/wp-content\/uploads\/2023\/09\/FRK_HOME_icone_direito-civil.png\" class=\"attachment-medium size-medium\" alt=\"\" srcset=\"https:\/\/aprovacao.website\/frk\/wp-content\/uploads\/2023\/09\/FRK_HOME_icone_direito-civil.png 174w, https:\/\/aprovacao.website\/frk\/wp-content\/uploads\/2023\/09\/FRK_HOME_icone_direito-civil-80x80.png 80w\" sizes=\"auto, (max-width: 174px) 100vw, 174px\" \/>\t\t\t\t\t<\/div>\n\t\t\t\t<\/div>\n\t\t\t<\/div>\n\t\t\t\t<div class=\"icon-box-text last-reset\">\n\t\t\t<h5 class=\"uppercase\">direito civil<\/h5>\t\t\t\t\t\t\n\t<div id=\"gap-1358853638\" class=\"gap-element clearfix\" style=\"display:block; height:auto;\">\n\t\t\n<style>\n#gap-1358853638 {\n  padding-top: 30px;\n}\n<\/style>\n\t<\/div>\n\t\n\t\t<\/div>\n\t<\/div>\n\t<\/a>\n\t\n\t\t<\/div>\n\t\t\t\t\t<\/div>\n\n\t\n\n\t<div id=\"col-1647896460\" class=\"col medium-2 small-12 large-2\"  data-animate=\"fadeInUp\">\n\t\t\t\t<div class=\"col-inner\"  >\n\t\t\t\n\t\t\t\n\n\t<a class=\"plain\" href=\"https:\/\/aprovacao.website\/frk\/areas-de-atuacao\/mediacao\/\"  >\t<div class=\"icon-box featured-box icon-box-center text-center is-small\"  style=\"margin:px px px px;\">\n\t\t\t\t\t<div class=\"icon-box-img\" style=\"width: 145px\">\n\t\t\t\t<div class=\"icon\">\n\t\t\t\t\t<div class=\"icon-inner\" style=\"color:rgb(143, 143, 143);\">\n\t\t\t\t\t\t<img loading=\"lazy\" decoding=\"async\" width=\"174\" height=\"174\" src=\"https:\/\/aprovacao.website\/frk\/wp-content\/uploads\/2023\/10\/FRK_ATUACAO_icone_mediacao.png\" class=\"attachment-medium size-medium\" alt=\"\" srcset=\"https:\/\/aprovacao.website\/frk\/wp-content\/uploads\/2023\/10\/FRK_ATUACAO_icone_mediacao.png 174w, https:\/\/aprovacao.website\/frk\/wp-content\/uploads\/2023\/10\/FRK_ATUACAO_icone_mediacao-80x80.png 80w\" sizes=\"auto, (max-width: 174px) 100vw, 174px\" \/>\t\t\t\t\t<\/div>\n\t\t\t\t<\/div>\n\t\t\t<\/div>\n\t\t\t\t<div class=\"icon-box-text last-reset\">\n\t\t\t<h5 class=\"uppercase\">media\u00e7\u00e3o<\/h5>\t\t\t\t\t\t\n\t<div id=\"gap-1875275964\" class=\"gap-element clearfix\" style=\"display:block; height:auto;\">\n\t\t\n<style>\n#gap-1875275964 {\n  padding-top: 30px;\n}\n<\/style>\n\t<\/div>\n\t\n\t\t<\/div>\n\t<\/div>\n\t<\/a>\n\t\n\t\t<\/div>\n\t\t\t\t\t<\/div>\n\n\t\n<\/div>\n\t\t<\/div>\n\t\t\t\t\t<\/div>\n\n\t\n\n<style>\n#row-1705574354 > .col > .col-inner {\n  padding: 0px 0px 0px 0px;\n}\n<\/style>\n<\/div>\n\t\t<\/div>\n\n\t\t\n<style>\n#section_636607980 {\n  padding-top: 0px;\n  padding-bottom: 0px;\n}\n#section_636607980 .ux-shape-divider--top svg {\n  height: 150px;\n  --divider-top-width: 100%;\n}\n#section_636607980 .ux-shape-divider--bottom svg {\n  height: 150px;\n  --divider-width: 100%;\n}\n<\/style>\n\t<\/section>\n\t\n","protected":false},"excerpt":{"rendered":"","protected":false},"author":12,"featured_media":2564,"parent":3006,"menu_order":0,"comment_status":"closed","ping_status":"closed","template":"page-blank.php","meta":{"footnotes":""},"class_list":["post-4134","page","type-page","status-publish","has-post-thumbnail","hentry"],"_links":{"self":[{"href":"https:\/\/aprovacao.website\/frk\/wp-json\/wp\/v2\/pages\/4134","targetHints":{"allow":["GET"]}}],"collection":[{"href":"https:\/\/aprovacao.website\/frk\/wp-json\/wp\/v2\/pages"}],"about":[{"href":"https:\/\/aprovacao.website\/frk\/wp-json\/wp\/v2\/types\/page"}],"author":[{"embeddable":true,"href":"https:\/\/aprovacao.website\/frk\/wp-json\/wp\/v2\/users\/12"}],"replies":[{"embeddable":true,"href":"https:\/\/aprovacao.website\/frk\/wp-json\/wp\/v2\/comments?post=4134"}],"version-history":[{"count":4,"href":"https:\/\/aprovacao.website\/frk\/wp-json\/wp\/v2\/pages\/4134\/revisions"}],"predecessor-version":[{"id":4222,"href":"https:\/\/aprovacao.website\/frk\/wp-json\/wp\/v2\/pages\/4134\/revisions\/4222"}],"up":[{"embeddable":true,"href":"https:\/\/aprovacao.website\/frk\/wp-json\/wp\/v2\/pages\/3006"}],"wp:featuredmedia":[{"embeddable":true,"href":"https:\/\/aprovacao.website\/frk\/wp-json\/wp\/v2\/media\/2564"}],"wp:attachment":[{"href":"https:\/\/aprovacao.website\/frk\/wp-json\/wp\/v2\/media?parent=4134"}],"curies":[{"name":"wp","href":"https:\/\/api.w.org\/{rel}","templated":true}]}}