{"id":4128,"date":"2023-10-03T15:20:28","date_gmt":"2023-10-03T18:20:28","guid":{"rendered":"https:\/\/aprovacao.website\/frk\/?page_id=4128"},"modified":"2023-10-10T14:23:50","modified_gmt":"2023-10-10T17:23:50","slug":"advocacia-de-tribunal","status":"publish","type":"page","link":"https:\/\/aprovacao.website\/frk\/areas-de-atuacao\/advocacia-de-tribunal\/","title":{"rendered":"ADVOCACIA DE TRIBUNAL"},"content":{"rendered":"  <div id=\"page-header-228638333\" class=\"page-header-wrapper\">\n  <div class=\"page-title dark featured-title\">\n\n        <div class=\"page-title-bg\">\n      <div class=\"title-bg fill bg-fill\"\n        data-parallax-container=\".page-title\"\n        data-parallax-background\n        data-parallax=\"-\">\n      <\/div>\n      <div class=\"title-overlay fill\"><\/div>\n    <\/div>\n    \n    <div class=\"page-title-inner container align-bottom flex-row medium-flex-wrap\" >\n              <div class=\"title-wrapper flex-col text-left medium-text-center\">\n          <h1 class=\"entry-title mb-0\">\n            \u00c1REAS DE ATUA\u00c7\u00c3O          <\/h1>\n        <\/div>\n                    <div class=\"title-content flex-col flex-right text-right medium-text-center\">\n        <div class=\"title-breadcrumbs pb-half pt-half\"><\/div>      <\/div>\n    <\/div>\n\n     \n<style>\n#page-header-228638333 .page-title-inner {\n  min-height: 120px;\n}\n#page-header-228638333 .title-bg {\n  background-image: url(https:\/\/aprovacao.website\/frk\/wp-content\/uploads\/2023\/10\/FRK_ATUACAO_linha-imagem-superior.jpg);\n}\n<\/style>\n  <\/div>\n    <\/div>\n  \n\t<section class=\"section\" id=\"section_718876299\">\n\t\t<div class=\"bg section-bg fill bg-fill  bg-loaded\" >\n\n\t\t\t\n\t\t\t\n\t\t\t\n\n\t\t<\/div>\n\n\t\t\n\n\t\t<div class=\"section-content relative\">\n\t\t\t\n\t<div id=\"gap-1235109641\" class=\"gap-element clearfix\" style=\"display:block; height:auto;\">\n\t\t\n<style>\n#gap-1235109641 {\n  padding-top: 70px;\n}\n<\/style>\n\t<\/div>\n\t\n<div class=\"row\"  id=\"row-2004524408\">\n\n\t<div id=\"col-1796338735\" class=\"col medium-2 small-12 large-2\"  >\n\t\t\t\t<div class=\"col-inner text-left\"  >\n\t\t\t\n\t\t\t\n\t<div id=\"gap-233419921\" class=\"gap-element clearfix\" style=\"display:block; height:auto;\">\n\t\t\n<style>\n#gap-233419921 {\n  padding-top: 55px;\n}\n<\/style>\n\t<\/div>\n\t\n\t\t<\/div>\n\t\t\t\t\t<\/div>\n\n\t\n\n\t<div id=\"col-1294801347\" class=\"col medium-8 small-12 large-8\"  >\n\t\t\t\t<div class=\"col-inner text-left\"  >\n\t\t\t\n\t\t\t\n<h1><img loading=\"lazy\" decoding=\"async\" class=\"alignnone size-thumbnail wp-image-4174\" src=\"https:\/\/aprovacao.website\/frk\/wp-content\/uploads\/2023\/10\/FRK_ATUACAO_icone_direito-tribunal-1-80x80.png\" alt=\"\" width=\"80\" height=\"80\" srcset=\"https:\/\/aprovacao.website\/frk\/wp-content\/uploads\/2023\/10\/FRK_ATUACAO_icone_direito-tribunal-1-80x80.png 80w, https:\/\/aprovacao.website\/frk\/wp-content\/uploads\/2023\/10\/FRK_ATUACAO_icone_direito-tribunal-1.png 175w\" sizes=\"auto, (max-width: 80px) 100vw, 80px\" \/> <span style=\"font-size: 25.92px; color: #333333;\">ADVOCACIA DE TRIBUNAL<\/span><\/h1>\n<div id=\"after_section_1\" class=\"main_color av_default_container_wrap container_wrap sidebar_right\">\n<div class=\"container av-section-cont-open\">\n<div class=\"template-page content av-content-small alpha units\">\n<div class=\"post-entry post-entry-type-page post-entry-2697\">\n<div class=\"entry-content-wrapper clearfix\">\n<section class=\"av_textblock_section \">\n<div class=\"avia_textblock \" style=\"text-align: justify;\"><span style=\"color: #555555;\">Raramente um conflito judicial termina com um julgamento de primeira inst\u00e2ncia. Qualquer que seja o teor da senten\u00e7a, o normal \u00e9 levar o caso para o tribunal de justi\u00e7a. E h\u00e1 casos em que todos os envolvidos apelam, tamanho o descontentamento gerado pela decis\u00e3o monocr\u00e1tica. Busca-se, assim, uma reforma por meio de decis\u00e3o colegiada. Essa batalha n\u00e3o termina, necessariamente, em segunda inst\u00e2ncia pois, ap\u00f3s mais este julgamento, permanece aberta a via recursal para as inst\u00e2ncias extraordin\u00e1rias. Contudo, a experi\u00eancia ensina que, em regra, por ser muito estreito o caminho at\u00e9 Bras\u00edlia, o que prevalece \u00e9 a decis\u00e3o proferida pelos tribunais de justi\u00e7a. Isso equivale a dizer que \u00e9 a\u00ed que se ganha ou se perde a demanda. Logo, do ponto de vista estrat\u00e9gico, o momento em que o caso chega \u00e0 segunda inst\u00e2ncia \u00e9 aquele em que conv\u00e9m concentrar maiores esfor\u00e7os na tentativa de buscar o resultado almejado.<\/span><\/div>\n<div style=\"text-align: justify;\">\u00a0<\/div>\n<\/section>\n<\/div>\n<\/div>\n<\/div>\n<\/div>\n<\/div>\n<p style=\"text-align: justify;\">Nosso escrit\u00f3rio possui grande expertise em atuar nessa fase do processo, que exige medidas espec\u00edficas, destinadas a chamar a aten\u00e7\u00e3o para \u201cpontos fortes\u201d da tese que se julga apta a manter ou reformar a senten\u00e7a.<\/p>\n\t\t<\/div>\n\t\t\t\t\t<\/div>\n\n\t\n<\/div>\n\t\t<\/div>\n\n\t\t\n<style>\n#section_718876299 {\n  padding-top: 0px;\n  padding-bottom: 0px;\n}\n#section_718876299 .ux-shape-divider--top svg {\n  height: 150px;\n  --divider-top-width: 100%;\n}\n#section_718876299 .ux-shape-divider--bottom svg {\n  height: 150px;\n  --divider-width: 100%;\n}\n<\/style>\n\t<\/section>\n\t\n\t<section class=\"section\" id=\"section_2033895658\">\n\t\t<div class=\"bg section-bg fill bg-fill  bg-loaded\" >\n\n\t\t\t\n\t\t\t\n\t\t\t\n\n\t\t<\/div>\n\n\t\t\n\n\t\t<div class=\"section-content relative\">\n\t\t\t\n<div class=\"row align-middle align-center\"  id=\"row-81475336\">\n\n\t<div id=\"col-440775418\" class=\"col medium-10 small-12 large-10\"  >\n\t\t\t\t<div class=\"col-inner\"  >\n\t\t\t\n\t\t\t\n<div class=\"row\"  id=\"row-767394985\">\n\n\t<div id=\"col-540317200\" class=\"col medium-2 small-12 large-2\"  data-animate=\"fadeInUp\">\n\t\t\t\t<div class=\"col-inner\"  >\n\t\t\t\n\t\t\t\n\n\t<a class=\"plain\" href=\"https:\/\/aprovacao.website\/frk\/areas-de-atuacao\/direito-empresarial\/\"  >\t<div class=\"icon-box featured-box icon-box-center text-center is-small\"  style=\"margin:px px px px;\">\n\t\t\t\t\t<div class=\"icon-box-img\" style=\"width: 145px\">\n\t\t\t\t<div class=\"icon\">\n\t\t\t\t\t<div class=\"icon-inner\" style=\"color:rgb(143, 143, 143);\">\n\t\t\t\t\t\t<img loading=\"lazy\" decoding=\"async\" width=\"174\" height=\"174\" src=\"https:\/\/aprovacao.website\/frk\/wp-content\/uploads\/2023\/09\/FRK_HOME_icone_direito-empresarial.png\" class=\"attachment-medium size-medium\" alt=\"\" srcset=\"https:\/\/aprovacao.website\/frk\/wp-content\/uploads\/2023\/09\/FRK_HOME_icone_direito-empresarial.png 174w, https:\/\/aprovacao.website\/frk\/wp-content\/uploads\/2023\/09\/FRK_HOME_icone_direito-empresarial-80x80.png 80w\" sizes=\"auto, (max-width: 174px) 100vw, 174px\" \/>\t\t\t\t\t<\/div>\n\t\t\t\t<\/div>\n\t\t\t<\/div>\n\t\t\t\t<div class=\"icon-box-text last-reset\">\n\t\t\t<h5 class=\"uppercase\">Direito Empresarial<\/h5>\t\t\t\t\t\t\n\t<div id=\"gap-633716419\" class=\"gap-element clearfix\" style=\"display:block; height:auto;\">\n\t\t\n<style>\n#gap-633716419 {\n  padding-top: 30px;\n}\n<\/style>\n\t<\/div>\n\t\n\t\t<\/div>\n\t<\/div>\n\t<\/a>\n\t\n\t\t<\/div>\n\t\t\t\t\t<\/div>\n\n\t\n\n\t<div id=\"col-1974774759\" class=\"col medium-2 small-12 large-2\"  data-animate=\"fadeInUp\">\n\t\t\t\t<div class=\"col-inner\"  >\n\t\t\t\n\t\t\t\n\n\t<a class=\"plain\" href=\"https:\/\/aprovacao.website\/frk\/areas-de-atuacao\/direito-imobiliario\/\"  >\t<div class=\"icon-box featured-box icon-box-center text-center is-small\"  style=\"margin:px px px px;\">\n\t\t\t\t\t<div class=\"icon-box-img\" style=\"width: 145px\">\n\t\t\t\t<div class=\"icon\">\n\t\t\t\t\t<div class=\"icon-inner\" style=\"color:rgb(143, 143, 143);\">\n\t\t\t\t\t\t<img loading=\"lazy\" decoding=\"async\" width=\"174\" height=\"174\" src=\"https:\/\/aprovacao.website\/frk\/wp-content\/uploads\/2023\/09\/FRK_HOME_icone_direito-imobiliario.png\" class=\"attachment-medium size-medium\" alt=\"\" srcset=\"https:\/\/aprovacao.website\/frk\/wp-content\/uploads\/2023\/09\/FRK_HOME_icone_direito-imobiliario.png 174w, https:\/\/aprovacao.website\/frk\/wp-content\/uploads\/2023\/09\/FRK_HOME_icone_direito-imobiliario-80x80.png 80w\" sizes=\"auto, (max-width: 174px) 100vw, 174px\" \/>\t\t\t\t\t<\/div>\n\t\t\t\t<\/div>\n\t\t\t<\/div>\n\t\t\t\t<div class=\"icon-box-text last-reset\">\n\t\t\t<h5 class=\"uppercase\">direito imobili\u00e1rio<\/h5>\t\t\t\t\t\t\n\t<div id=\"gap-467693709\" class=\"gap-element clearfix\" style=\"display:block; height:auto;\">\n\t\t\n<style>\n#gap-467693709 {\n  padding-top: 30px;\n}\n<\/style>\n\t<\/div>\n\t\n\t\t<\/div>\n\t<\/div>\n\t<\/a>\n\t\n\t\t<\/div>\n\t\t\t\t\t<\/div>\n\n\t\n\n\t<div id=\"col-810465175\" class=\"col medium-2 small-12 large-2\"  data-animate=\"fadeInUp\">\n\t\t\t\t<div class=\"col-inner\"  >\n\t\t\t\n\t\t\t\n\n\t<a class=\"plain\" href=\"https:\/\/aprovacao.website\/frk\/areas-de-atuacao\/direito-das-sucessoes\/\"  >\t<div class=\"icon-box featured-box icon-box-center text-center is-small\"  style=\"margin:px px px px;\">\n\t\t\t\t\t<div class=\"icon-box-img\" style=\"width: 145px\">\n\t\t\t\t<div class=\"icon\">\n\t\t\t\t\t<div class=\"icon-inner\" style=\"color:rgb(143, 143, 143);\">\n\t\t\t\t\t\t<img loading=\"lazy\" decoding=\"async\" width=\"174\" height=\"174\" src=\"https:\/\/aprovacao.website\/frk\/wp-content\/uploads\/2023\/09\/FRK_HOME_icone_direito-sucessoes.png\" class=\"attachment-medium size-medium\" alt=\"\" srcset=\"https:\/\/aprovacao.website\/frk\/wp-content\/uploads\/2023\/09\/FRK_HOME_icone_direito-sucessoes.png 174w, https:\/\/aprovacao.website\/frk\/wp-content\/uploads\/2023\/09\/FRK_HOME_icone_direito-sucessoes-80x80.png 80w\" sizes=\"auto, (max-width: 174px) 100vw, 174px\" \/>\t\t\t\t\t<\/div>\n\t\t\t\t<\/div>\n\t\t\t<\/div>\n\t\t\t\t<div class=\"icon-box-text last-reset\">\n\t\t\t<h5 class=\"uppercase\">direito das sucess\u00f5es<\/h5>\t\t\t\t\t\t\n\t<div id=\"gap-92653157\" class=\"gap-element clearfix\" style=\"display:block; height:auto;\">\n\t\t\n<style>\n#gap-92653157 {\n  padding-top: 30px;\n}\n<\/style>\n\t<\/div>\n\t\n\t\t<\/div>\n\t<\/div>\n\t<\/a>\n\t\n\t\t<\/div>\n\t\t\t\t\t<\/div>\n\n\t\n\n\t<div id=\"col-2069907113\" class=\"col medium-2 small-12 large-2\"  data-animate=\"fadeInUp\">\n\t\t\t\t<div class=\"col-inner\"  >\n\t\t\t\n\t\t\t\n\n\t<a class=\"plain\" href=\"https:\/\/aprovacao.website\/frk\/areas-de-atuacao\/direito-de-familia\/\"  >\t<div class=\"icon-box featured-box icon-box-center text-center is-small\"  style=\"margin:px px px px;\">\n\t\t\t\t\t<div class=\"icon-box-img\" style=\"width: 145px\">\n\t\t\t\t<div class=\"icon\">\n\t\t\t\t\t<div class=\"icon-inner\" style=\"color:rgb(143, 143, 143);\">\n\t\t\t\t\t\t<img loading=\"lazy\" decoding=\"async\" width=\"174\" height=\"174\" src=\"https:\/\/aprovacao.website\/frk\/wp-content\/uploads\/2023\/09\/FRK_HOME_icone_direito-familia.png\" class=\"attachment-medium size-medium\" alt=\"\" srcset=\"https:\/\/aprovacao.website\/frk\/wp-content\/uploads\/2023\/09\/FRK_HOME_icone_direito-familia.png 174w, https:\/\/aprovacao.website\/frk\/wp-content\/uploads\/2023\/09\/FRK_HOME_icone_direito-familia-80x80.png 80w\" sizes=\"auto, (max-width: 174px) 100vw, 174px\" \/>\t\t\t\t\t<\/div>\n\t\t\t\t<\/div>\n\t\t\t<\/div>\n\t\t\t\t<div class=\"icon-box-text last-reset\">\n\t\t\t<h5 class=\"uppercase\">direito de fam\u00edlia<\/h5>\t\t\t\t\t\t\n\t<div id=\"gap-1606767144\" class=\"gap-element clearfix\" style=\"display:block; height:auto;\">\n\t\t\n<style>\n#gap-1606767144 {\n  padding-top: 30px;\n}\n<\/style>\n\t<\/div>\n\t\n\t\t<\/div>\n\t<\/div>\n\t<\/a>\n\t\n\t\t<\/div>\n\t\t\t\t\t<\/div>\n\n\t\n\n\t<div id=\"col-1687074888\" class=\"col medium-2 small-12 large-2\"  data-animate=\"fadeInUp\">\n\t\t\t\t<div class=\"col-inner\"  >\n\t\t\t\n\t\t\t\n\n\t<a class=\"plain\" href=\"https:\/\/aprovacao.website\/frk\/areas-de-atuacao\/direito-civil\/\"  >\t<div class=\"icon-box featured-box icon-box-center text-center is-small\"  style=\"margin:px px px px;\">\n\t\t\t\t\t<div class=\"icon-box-img\" style=\"width: 145px\">\n\t\t\t\t<div class=\"icon\">\n\t\t\t\t\t<div class=\"icon-inner\" style=\"color:rgb(143, 143, 143);\">\n\t\t\t\t\t\t<img loading=\"lazy\" decoding=\"async\" width=\"174\" height=\"174\" src=\"https:\/\/aprovacao.website\/frk\/wp-content\/uploads\/2023\/09\/FRK_HOME_icone_direito-civil.png\" class=\"attachment-medium size-medium\" alt=\"\" srcset=\"https:\/\/aprovacao.website\/frk\/wp-content\/uploads\/2023\/09\/FRK_HOME_icone_direito-civil.png 174w, https:\/\/aprovacao.website\/frk\/wp-content\/uploads\/2023\/09\/FRK_HOME_icone_direito-civil-80x80.png 80w\" sizes=\"auto, (max-width: 174px) 100vw, 174px\" \/>\t\t\t\t\t<\/div>\n\t\t\t\t<\/div>\n\t\t\t<\/div>\n\t\t\t\t<div class=\"icon-box-text last-reset\">\n\t\t\t<h5 class=\"uppercase\">direito civil<\/h5>\t\t\t\t\t\t\n\t<div id=\"gap-2103449045\" class=\"gap-element clearfix\" style=\"display:block; height:auto;\">\n\t\t\n<style>\n#gap-2103449045 {\n  padding-top: 30px;\n}\n<\/style>\n\t<\/div>\n\t\n\t\t<\/div>\n\t<\/div>\n\t<\/a>\n\t\n\t\t<\/div>\n\t\t\t\t\t<\/div>\n\n\t\n\n\t<div id=\"col-102384963\" class=\"col medium-2 small-12 large-2\"  data-animate=\"fadeInUp\">\n\t\t\t\t<div class=\"col-inner\"  >\n\t\t\t\n\t\t\t\n\n\t<a class=\"plain\" href=\"https:\/\/aprovacao.website\/frk\/areas-de-atuacao\/mediacao\/\"  >\t<div class=\"icon-box featured-box icon-box-center text-center is-small\"  style=\"margin:px px px px;\">\n\t\t\t\t\t<div class=\"icon-box-img\" style=\"width: 145px\">\n\t\t\t\t<div class=\"icon\">\n\t\t\t\t\t<div class=\"icon-inner\" style=\"color:rgb(143, 143, 143);\">\n\t\t\t\t\t\t<img loading=\"lazy\" decoding=\"async\" width=\"174\" height=\"174\" src=\"https:\/\/aprovacao.website\/frk\/wp-content\/uploads\/2023\/10\/FRK_ATUACAO_icone_mediacao.png\" class=\"attachment-medium size-medium\" alt=\"\" srcset=\"https:\/\/aprovacao.website\/frk\/wp-content\/uploads\/2023\/10\/FRK_ATUACAO_icone_mediacao.png 174w, https:\/\/aprovacao.website\/frk\/wp-content\/uploads\/2023\/10\/FRK_ATUACAO_icone_mediacao-80x80.png 80w\" sizes=\"auto, (max-width: 174px) 100vw, 174px\" \/>\t\t\t\t\t<\/div>\n\t\t\t\t<\/div>\n\t\t\t<\/div>\n\t\t\t\t<div class=\"icon-box-text last-reset\">\n\t\t\t<h5 class=\"uppercase\">media\u00e7\u00e3o<\/h5>\t\t\t\t\t\t\n\t<div id=\"gap-270513363\" class=\"gap-element clearfix\" style=\"display:block; height:auto;\">\n\t\t\n<style>\n#gap-270513363 {\n  padding-top: 30px;\n}\n<\/style>\n\t<\/div>\n\t\n\t\t<\/div>\n\t<\/div>\n\t<\/a>\n\t\n\t\t<\/div>\n\t\t\t\t\t<\/div>\n\n\t\n<\/div>\n\t\t<\/div>\n\t\t\t\t\t<\/div>\n\n\t\n\n<style>\n#row-81475336 > .col > .col-inner {\n  padding: 0px 0px 0px 0px;\n}\n<\/style>\n<\/div>\n\t\t<\/div>\n\n\t\t\n<style>\n#section_2033895658 {\n  padding-top: 0px;\n  padding-bottom: 0px;\n}\n#section_2033895658 .ux-shape-divider--top svg {\n  height: 150px;\n  --divider-top-width: 100%;\n}\n#section_2033895658 .ux-shape-divider--bottom svg {\n  height: 150px;\n  --divider-width: 100%;\n}\n<\/style>\n\t<\/section>\n\t\n","protected":false},"excerpt":{"rendered":"","protected":false},"author":12,"featured_media":2375,"parent":3006,"menu_order":0,"comment_status":"closed","ping_status":"closed","template":"page-blank.php","meta":{"footnotes":""},"class_list":["post-4128","page","type-page","status-publish","has-post-thumbnail","hentry"],"_links":{"self":[{"href":"https:\/\/aprovacao.website\/frk\/wp-json\/wp\/v2\/pages\/4128","targetHints":{"allow":["GET"]}}],"collection":[{"href":"https:\/\/aprovacao.website\/frk\/wp-json\/wp\/v2\/pages"}],"about":[{"href":"https:\/\/aprovacao.website\/frk\/wp-json\/wp\/v2\/types\/page"}],"author":[{"embeddable":true,"href":"https:\/\/aprovacao.website\/frk\/wp-json\/wp\/v2\/users\/12"}],"replies":[{"embeddable":true,"href":"https:\/\/aprovacao.website\/frk\/wp-json\/wp\/v2\/comments?post=4128"}],"version-history":[{"count":4,"href":"https:\/\/aprovacao.website\/frk\/wp-json\/wp\/v2\/pages\/4128\/revisions"}],"predecessor-version":[{"id":4226,"href":"https:\/\/aprovacao.website\/frk\/wp-json\/wp\/v2\/pages\/4128\/revisions\/4226"}],"up":[{"embeddable":true,"href":"https:\/\/aprovacao.website\/frk\/wp-json\/wp\/v2\/pages\/3006"}],"wp:featuredmedia":[{"embeddable":true,"href":"https:\/\/aprovacao.website\/frk\/wp-json\/wp\/v2\/media\/2375"}],"wp:attachment":[{"href":"https:\/\/aprovacao.website\/frk\/wp-json\/wp\/v2\/media?parent=4128"}],"curies":[{"name":"wp","href":"https:\/\/api.w.org\/{rel}","templated":true}]}}