{"id":4113,"date":"2023-10-03T14:47:03","date_gmt":"2023-10-03T17:47:03","guid":{"rendered":"https:\/\/aprovacao.website\/frk\/?page_id=4113"},"modified":"2023-10-10T14:26:57","modified_gmt":"2023-10-10T17:26:57","slug":"mediacao","status":"publish","type":"page","link":"https:\/\/aprovacao.website\/frk\/areas-de-atuacao\/mediacao\/","title":{"rendered":"MEDIA\u00c7\u00c3O"},"content":{"rendered":"  <div id=\"page-header-43250869\" class=\"page-header-wrapper\">\n  <div class=\"page-title dark featured-title\">\n\n        <div class=\"page-title-bg\">\n      <div class=\"title-bg fill bg-fill\"\n        data-parallax-container=\".page-title\"\n        data-parallax-background\n        data-parallax=\"-\">\n      <\/div>\n      <div class=\"title-overlay fill\"><\/div>\n    <\/div>\n    \n    <div class=\"page-title-inner container align-bottom flex-row medium-flex-wrap\" >\n              <div class=\"title-wrapper flex-col text-left medium-text-center\">\n          <h1 class=\"entry-title mb-0\">\n            \u00c1REAS DE ATUA\u00c7\u00c3O          <\/h1>\n        <\/div>\n                    <div class=\"title-content flex-col flex-right text-right medium-text-center\">\n        <div class=\"title-breadcrumbs pb-half pt-half\"><\/div>      <\/div>\n    <\/div>\n\n     \n<style>\n#page-header-43250869 .page-title-inner {\n  min-height: 120px;\n}\n#page-header-43250869 .title-bg {\n  background-image: url(https:\/\/aprovacao.website\/frk\/wp-content\/uploads\/2023\/10\/FRK_ATUACAO_linha-imagem-superior.jpg);\n}\n<\/style>\n  <\/div>\n    <\/div>\n  \n\t<section class=\"section\" id=\"section_809846818\">\n\t\t<div class=\"bg section-bg fill bg-fill  bg-loaded\" >\n\n\t\t\t\n\t\t\t\n\t\t\t\n\n\t\t<\/div>\n\n\t\t\n\n\t\t<div class=\"section-content relative\">\n\t\t\t\n\t<div id=\"gap-2144315791\" class=\"gap-element clearfix\" style=\"display:block; height:auto;\">\n\t\t\n<style>\n#gap-2144315791 {\n  padding-top: 70px;\n}\n<\/style>\n\t<\/div>\n\t\n<div class=\"row\"  id=\"row-775132057\">\n\n\t<div id=\"col-846227995\" class=\"col medium-2 small-12 large-2\"  >\n\t\t\t\t<div class=\"col-inner text-left\"  >\n\t\t\t\n\t\t\t\n\t<div id=\"gap-1116532576\" class=\"gap-element clearfix\" style=\"display:block; height:auto;\">\n\t\t\n<style>\n#gap-1116532576 {\n  padding-top: 55px;\n}\n<\/style>\n\t<\/div>\n\t\n\t\t<\/div>\n\t\t\t\t\t<\/div>\n\n\t\n\n\t<div id=\"col-405905893\" class=\"col medium-8 small-12 large-8\"  >\n\t\t\t\t<div class=\"col-inner text-left\"  >\n\t\t\t\n\t\t\t\n<div class=\"flex_column av-yzv0m-a83822640c6c641f44f065acc7ce1ca9 av_one_half avia-builder-el-3 el_after_av_heading el_before_av_one_half first flex_column_div \">\n<section class=\"av_textblock_section \">\n<div class=\"avia_textblock \">\n<section class=\"av_textblock_section \">\n<div class=\"avia_textblock \">\n<h1><img loading=\"lazy\" decoding=\"async\" class=\"wp-image-4115 alignnone\" src=\"https:\/\/aprovacao.website\/frk\/wp-content\/uploads\/2023\/10\/FRK_ATUACAO_icone_mediacao-80x80.png\" alt=\"\" width=\"80\" height=\"80\" srcset=\"https:\/\/aprovacao.website\/frk\/wp-content\/uploads\/2023\/10\/FRK_ATUACAO_icone_mediacao-80x80.png 80w, https:\/\/aprovacao.website\/frk\/wp-content\/uploads\/2023\/10\/FRK_ATUACAO_icone_mediacao.png 174w\" sizes=\"auto, (max-width: 80px) 100vw, 80px\" \/> \u00a0<strong>MEDIA\u00c7\u00c3O<\/strong><\/h1>\n<p style=\"text-align: justify;\">O advento da Lei no 13.140\/2015 e do novo C\u00f3digo de Processo Civil demostram que o sistema jur\u00eddico vem incorporando novos mecanismos para solu\u00e7\u00e3o de conflitos. Neste sentido, pode-se afirmar que a media\u00e7\u00e3o est\u00e1 ganhando cada vez mais import\u00e2ncia. Ela opera sobre conflitos decorrentes de rela\u00e7\u00f5es continuadas. A utiliza\u00e7\u00e3o das t\u00e9cnicas de media\u00e7\u00e3o nessas \u00e1reas destina-se a solucionar as quest\u00f5es trazidas pelos envolvidos, cujas rela\u00e7\u00f5es tendem a se perpetuar no tempo, havendo, portanto, import\u00e2ncia na preserva\u00e7\u00e3o ou no resgate de v\u00ednculos.<\/p>\n<p style=\"text-align: justify;\">Nosso escrit\u00f3rio disp\u00f5e de profissionais com s\u00f3lida forma\u00e7\u00e3o para presta\u00e7\u00e3o de servi\u00e7os nesta \u00e1rea.<\/p>\n<\/div>\n<\/section>\n<article class=\"iconbox iconbox_left_content av-ku5pyamp-b55d493610ac091e987e21508b70f79f avia-builder-el-3 el_after_av_textblock el_before_av_icon_box \">\n<div class=\"iconbox_icon heading-color\" aria-hidden=\"true\" data-av_icon=\"\ue82a\" data-av_iconfont=\"entypo-fontello\"><\/div>\n<div class=\"iconbox_content\">\n<header class=\"entry-content-header\">\n<h3 class=\"iconbox_content_title \">Media\u00e7\u00e3o em Direito de Fam\u00edlia e das Sucess\u00f5es<\/h3>\n<\/header>\n<div class=\"iconbox_content_container \">\n<p>Voc\u00ea quer resolver os problemas de sua fam\u00edlia por meio do di\u00e1logo? O conciliador recebe as pessoas da fam\u00edlia para uma conversa, momento em que podem tratar dos assuntos mais delicados, como div\u00f3rcio, pens\u00e3o, guarda, visita (conviv\u00eancia), divis\u00e3o de bens, dentre outros. O uso das t\u00e9cnicas de media\u00e7\u00e3o favorece o contato entre os envolvidos, aumentando as chances n\u00e3o s\u00f3 de se alcan\u00e7ar uma solu\u00e7\u00e3o amig\u00e1vel (acordo), como tamb\u00e9m de preserva\u00e7\u00e3o dos v\u00ednculos.<\/p>\n<\/div>\n<\/div>\n<footer class=\"entry-footer\"><\/footer>\n<\/article>\n<article class=\"iconbox iconbox_left_content av-ku5q805f-82aeb2ab948b7ab1560bb5e82304b4ec avia-builder-el-4 el_after_av_icon_box el_before_av_icon_box \">\n<div class=\"iconbox_icon heading-color\" aria-hidden=\"true\" data-av_icon=\"\ue851\" data-av_iconfont=\"entypo-fontello\"><\/div>\n<div class=\"iconbox_content\">\n<header class=\"entry-content-header\">\n<h3 class=\"iconbox_content_title \">Media\u00e7\u00e3o empresarial<\/h3>\n<\/header>\n<div class=\"iconbox_content_container \">\n<p>Empresas podem ter problemas internos entre s\u00f3cios e colaboradores; podem ter problemas externos, ou seja, com fornecedores e parceiros comerciais. Tudo isso pode ser trabalhado e resolvido de maneira mais adequada com a assessoria de um bom conciliador. A atua\u00e7\u00e3o do conciliar ajuda a resolver os problemas de forma mais r\u00e1pida e menos desgastante, sendo a melhor alternativa para todos os envolvidos, cujo relacionamento acaba sendo preservado.<\/p>\n<\/div>\n<\/div>\n<footer class=\"entry-footer\"><\/footer>\n<\/article>\n<article class=\"iconbox iconbox_left_content av-ku5q78cb-8ba69a176f7d25022a6938b93aa6c0c3 avia-builder-el-5 el_after_av_icon_box el_before_av_section avia-builder-el-last \">\n<div class=\"iconbox_icon heading-color\" style=\"text-align: justify;\" aria-hidden=\"true\" data-av_icon=\"\ue83c\" data-av_iconfont=\"entypo-fontello\"><\/div>\n<div class=\"iconbox_content\">\n<header class=\"entry-content-header\">\n<h3 class=\"iconbox_content_title \">Media\u00e7\u00e3o na \u00e1rea de cr\u00e9ditos \/ d\u00e9bitos<\/h3>\n<\/header>\n<div class=\"iconbox_content_container \">\n<p style=\"text-align: justify;\">Se voc\u00ea tem d\u00edvidas para pagar e\/ou valores a receber, sabia que isso pode ser negociado com o aux\u00edlio de um conciliador? Com coopera\u00e7\u00e3o e vontade de ambas as partes, a negocia\u00e7\u00e3o pode dar certo. Um recebe, o outro paga e a quest\u00e3o fica resolvida sem maiores desgastes ou custos.<\/p>\n<\/div>\n<\/div>\n<\/article>\n<\/div>\n<\/section>\n<\/div>\n\t\t<\/div>\n\t\t\t\t\t<\/div>\n\n\t\n<\/div>\n\t\t<\/div>\n\n\t\t\n<style>\n#section_809846818 {\n  padding-top: 0px;\n  padding-bottom: 0px;\n}\n#section_809846818 .ux-shape-divider--top svg {\n  height: 150px;\n  --divider-top-width: 100%;\n}\n#section_809846818 .ux-shape-divider--bottom svg {\n  height: 150px;\n  --divider-width: 100%;\n}\n<\/style>\n\t<\/section>\n\t\n\t<section class=\"section\" id=\"section_134983682\">\n\t\t<div class=\"bg section-bg fill bg-fill  bg-loaded\" >\n\n\t\t\t\n\t\t\t\n\t\t\t\n\n\t\t<\/div>\n\n\t\t\n\n\t\t<div class=\"section-content relative\">\n\t\t\t\n<div class=\"row align-middle align-center\"  id=\"row-764669827\">\n\n\t<div id=\"col-1482350539\" class=\"col medium-10 small-12 large-10\"  >\n\t\t\t\t<div class=\"col-inner\"  >\n\t\t\t\n\t\t\t\n<div class=\"row\"  id=\"row-1737109852\">\n\n\t<div id=\"col-642567460\" class=\"col medium-2 small-12 large-2\"  data-animate=\"fadeInUp\">\n\t\t\t\t<div class=\"col-inner\"  >\n\t\t\t\n\t\t\t\n\n\t<a class=\"plain\" href=\"https:\/\/aprovacao.website\/frk\/areas-de-atuacao\/advocacia-de-tribunal\/\"  >\t<div class=\"icon-box featured-box icon-box-center text-center is-small\"  style=\"margin:px px px px;\">\n\t\t\t\t\t<div class=\"icon-box-img\" style=\"width: 145px\">\n\t\t\t\t<div class=\"icon\">\n\t\t\t\t\t<div class=\"icon-inner\" style=\"color:rgb(143, 143, 143);\">\n\t\t\t\t\t\t<img loading=\"lazy\" decoding=\"async\" width=\"175\" height=\"175\" src=\"https:\/\/aprovacao.website\/frk\/wp-content\/uploads\/2023\/10\/FRK_ATUACAO_icone_direito-tribunal.png\" class=\"attachment-medium size-medium\" alt=\"\" srcset=\"https:\/\/aprovacao.website\/frk\/wp-content\/uploads\/2023\/10\/FRK_ATUACAO_icone_direito-tribunal.png 175w, https:\/\/aprovacao.website\/frk\/wp-content\/uploads\/2023\/10\/FRK_ATUACAO_icone_direito-tribunal-80x80.png 80w\" sizes=\"auto, (max-width: 175px) 100vw, 175px\" \/>\t\t\t\t\t<\/div>\n\t\t\t\t<\/div>\n\t\t\t<\/div>\n\t\t\t\t<div class=\"icon-box-text last-reset\">\n\t\t\t<h5 class=\"uppercase\">Advocacia de Tribunal<\/h5>\t\t\t\t\t\t\n\t\t<\/div>\n\t<\/div>\n\t<\/a>\n\t\n\t\t<\/div>\n\t\t\t\t\t<\/div>\n\n\t\n\n\t<div id=\"col-2135416644\" class=\"col medium-2 small-12 large-2\"  data-animate=\"fadeInUp\">\n\t\t\t\t<div class=\"col-inner\"  >\n\t\t\t\n\t\t\t\n\n\t<a class=\"plain\" href=\"https:\/\/aprovacao.website\/frk\/areas-de-atuacao\/direito-empresarial\/\"  >\t<div class=\"icon-box featured-box icon-box-center text-center is-small\"  style=\"margin:px px px px;\">\n\t\t\t\t\t<div class=\"icon-box-img\" style=\"width: 145px\">\n\t\t\t\t<div class=\"icon\">\n\t\t\t\t\t<div class=\"icon-inner\" style=\"color:rgb(143, 143, 143);\">\n\t\t\t\t\t\t<img loading=\"lazy\" decoding=\"async\" width=\"174\" height=\"174\" src=\"https:\/\/aprovacao.website\/frk\/wp-content\/uploads\/2023\/09\/FRK_HOME_icone_direito-empresarial.png\" class=\"attachment-medium size-medium\" alt=\"\" srcset=\"https:\/\/aprovacao.website\/frk\/wp-content\/uploads\/2023\/09\/FRK_HOME_icone_direito-empresarial.png 174w, https:\/\/aprovacao.website\/frk\/wp-content\/uploads\/2023\/09\/FRK_HOME_icone_direito-empresarial-80x80.png 80w\" sizes=\"auto, (max-width: 174px) 100vw, 174px\" \/>\t\t\t\t\t<\/div>\n\t\t\t\t<\/div>\n\t\t\t<\/div>\n\t\t\t\t<div class=\"icon-box-text last-reset\">\n\t\t\t<h5 class=\"uppercase\">Direito Empresarial<\/h5>\t\t\t\t\t\t\n\t<div id=\"gap-1844168127\" class=\"gap-element clearfix\" style=\"display:block; height:auto;\">\n\t\t\n<style>\n#gap-1844168127 {\n  padding-top: 30px;\n}\n<\/style>\n\t<\/div>\n\t\n\t\t<\/div>\n\t<\/div>\n\t<\/a>\n\t\n\t\t<\/div>\n\t\t\t\t\t<\/div>\n\n\t\n\n\t<div id=\"col-505380806\" class=\"col medium-2 small-12 large-2\"  data-animate=\"fadeInUp\">\n\t\t\t\t<div class=\"col-inner\"  >\n\t\t\t\n\t\t\t\n\n\t<a class=\"plain\" href=\"https:\/\/aprovacao.website\/frk\/areas-de-atuacao\/direito-imobiliario\/\"  >\t<div class=\"icon-box featured-box icon-box-center text-center is-small\"  style=\"margin:px px px px;\">\n\t\t\t\t\t<div class=\"icon-box-img\" style=\"width: 145px\">\n\t\t\t\t<div class=\"icon\">\n\t\t\t\t\t<div class=\"icon-inner\" style=\"color:rgb(143, 143, 143);\">\n\t\t\t\t\t\t<img loading=\"lazy\" decoding=\"async\" width=\"174\" height=\"174\" src=\"https:\/\/aprovacao.website\/frk\/wp-content\/uploads\/2023\/09\/FRK_HOME_icone_direito-imobiliario.png\" class=\"attachment-medium size-medium\" alt=\"\" srcset=\"https:\/\/aprovacao.website\/frk\/wp-content\/uploads\/2023\/09\/FRK_HOME_icone_direito-imobiliario.png 174w, https:\/\/aprovacao.website\/frk\/wp-content\/uploads\/2023\/09\/FRK_HOME_icone_direito-imobiliario-80x80.png 80w\" sizes=\"auto, (max-width: 174px) 100vw, 174px\" \/>\t\t\t\t\t<\/div>\n\t\t\t\t<\/div>\n\t\t\t<\/div>\n\t\t\t\t<div class=\"icon-box-text last-reset\">\n\t\t\t<h5 class=\"uppercase\">direito imobili\u00e1rio<\/h5>\t\t\t\t\t\t\n\t<div id=\"gap-2094907373\" class=\"gap-element clearfix\" style=\"display:block; height:auto;\">\n\t\t\n<style>\n#gap-2094907373 {\n  padding-top: 30px;\n}\n<\/style>\n\t<\/div>\n\t\n\t\t<\/div>\n\t<\/div>\n\t<\/a>\n\t\n\t\t<\/div>\n\t\t\t\t\t<\/div>\n\n\t\n\n\t<div id=\"col-1318642135\" class=\"col medium-2 small-12 large-2\"  data-animate=\"fadeInUp\">\n\t\t\t\t<div class=\"col-inner\"  >\n\t\t\t\n\t\t\t\n\n\t<a class=\"plain\" href=\"https:\/\/aprovacao.website\/frk\/areas-de-atuacao\/direito-das-sucessoes\/\"  >\t<div class=\"icon-box featured-box icon-box-center text-center is-small\"  style=\"margin:px px px px;\">\n\t\t\t\t\t<div class=\"icon-box-img\" style=\"width: 145px\">\n\t\t\t\t<div class=\"icon\">\n\t\t\t\t\t<div class=\"icon-inner\" style=\"color:rgb(143, 143, 143);\">\n\t\t\t\t\t\t<img loading=\"lazy\" decoding=\"async\" width=\"174\" height=\"174\" src=\"https:\/\/aprovacao.website\/frk\/wp-content\/uploads\/2023\/09\/FRK_HOME_icone_direito-sucessoes.png\" class=\"attachment-medium size-medium\" alt=\"\" srcset=\"https:\/\/aprovacao.website\/frk\/wp-content\/uploads\/2023\/09\/FRK_HOME_icone_direito-sucessoes.png 174w, https:\/\/aprovacao.website\/frk\/wp-content\/uploads\/2023\/09\/FRK_HOME_icone_direito-sucessoes-80x80.png 80w\" sizes=\"auto, (max-width: 174px) 100vw, 174px\" \/>\t\t\t\t\t<\/div>\n\t\t\t\t<\/div>\n\t\t\t<\/div>\n\t\t\t\t<div class=\"icon-box-text last-reset\">\n\t\t\t<h5 class=\"uppercase\">direito das sucess\u00f5es<\/h5>\t\t\t\t\t\t\n\t<div id=\"gap-1708687349\" class=\"gap-element clearfix\" style=\"display:block; height:auto;\">\n\t\t\n<style>\n#gap-1708687349 {\n  padding-top: 30px;\n}\n<\/style>\n\t<\/div>\n\t\n\t\t<\/div>\n\t<\/div>\n\t<\/a>\n\t\n\t\t<\/div>\n\t\t\t\t\t<\/div>\n\n\t\n\n\t<div id=\"col-355709887\" class=\"col medium-2 small-12 large-2\"  data-animate=\"fadeInUp\">\n\t\t\t\t<div class=\"col-inner\"  >\n\t\t\t\n\t\t\t\n\n\t<a class=\"plain\" href=\"https:\/\/aprovacao.website\/frk\/areas-de-atuacao\/direito-de-familia\/\"  >\t<div class=\"icon-box featured-box icon-box-center text-center is-small\"  style=\"margin:px px px px;\">\n\t\t\t\t\t<div class=\"icon-box-img\" style=\"width: 145px\">\n\t\t\t\t<div class=\"icon\">\n\t\t\t\t\t<div class=\"icon-inner\" style=\"color:rgb(143, 143, 143);\">\n\t\t\t\t\t\t<img loading=\"lazy\" decoding=\"async\" width=\"174\" height=\"174\" src=\"https:\/\/aprovacao.website\/frk\/wp-content\/uploads\/2023\/09\/FRK_HOME_icone_direito-familia.png\" class=\"attachment-medium size-medium\" alt=\"\" srcset=\"https:\/\/aprovacao.website\/frk\/wp-content\/uploads\/2023\/09\/FRK_HOME_icone_direito-familia.png 174w, https:\/\/aprovacao.website\/frk\/wp-content\/uploads\/2023\/09\/FRK_HOME_icone_direito-familia-80x80.png 80w\" sizes=\"auto, (max-width: 174px) 100vw, 174px\" \/>\t\t\t\t\t<\/div>\n\t\t\t\t<\/div>\n\t\t\t<\/div>\n\t\t\t\t<div class=\"icon-box-text last-reset\">\n\t\t\t<h5 class=\"uppercase\">direito de fam\u00edlia<\/h5>\t\t\t\t\t\t\n\t<div id=\"gap-133925331\" class=\"gap-element clearfix\" style=\"display:block; height:auto;\">\n\t\t\n<style>\n#gap-133925331 {\n  padding-top: 30px;\n}\n<\/style>\n\t<\/div>\n\t\n\t\t<\/div>\n\t<\/div>\n\t<\/a>\n\t\n\t\t<\/div>\n\t\t\t\t\t<\/div>\n\n\t\n\n\t<div id=\"col-577807471\" class=\"col medium-2 small-12 large-2\"  data-animate=\"fadeInUp\">\n\t\t\t\t<div class=\"col-inner\"  >\n\t\t\t\n\t\t\t\n\n\t<a class=\"plain\" href=\"https:\/\/aprovacao.website\/frk\/areas-de-atuacao\/direito-civil\/\"  >\t<div class=\"icon-box featured-box icon-box-center text-center is-small\"  style=\"margin:px px px px;\">\n\t\t\t\t\t<div class=\"icon-box-img\" style=\"width: 145px\">\n\t\t\t\t<div class=\"icon\">\n\t\t\t\t\t<div class=\"icon-inner\" style=\"color:rgb(143, 143, 143);\">\n\t\t\t\t\t\t<img loading=\"lazy\" decoding=\"async\" width=\"174\" height=\"174\" src=\"https:\/\/aprovacao.website\/frk\/wp-content\/uploads\/2023\/09\/FRK_HOME_icone_direito-civil.png\" class=\"attachment-medium size-medium\" alt=\"\" srcset=\"https:\/\/aprovacao.website\/frk\/wp-content\/uploads\/2023\/09\/FRK_HOME_icone_direito-civil.png 174w, https:\/\/aprovacao.website\/frk\/wp-content\/uploads\/2023\/09\/FRK_HOME_icone_direito-civil-80x80.png 80w\" sizes=\"auto, (max-width: 174px) 100vw, 174px\" \/>\t\t\t\t\t<\/div>\n\t\t\t\t<\/div>\n\t\t\t<\/div>\n\t\t\t\t<div class=\"icon-box-text last-reset\">\n\t\t\t<h5 class=\"uppercase\">direito civil<\/h5>\t\t\t\t\t\t\n\t<div id=\"gap-19636411\" class=\"gap-element clearfix\" style=\"display:block; height:auto;\">\n\t\t\n<style>\n#gap-19636411 {\n  padding-top: 30px;\n}\n<\/style>\n\t<\/div>\n\t\n\t\t<\/div>\n\t<\/div>\n\t<\/a>\n\t\n\t\t<\/div>\n\t\t\t\t\t<\/div>\n\n\t\n<\/div>\n\t\t<\/div>\n\t\t\t\t\t<\/div>\n\n\t\n\n<style>\n#row-764669827 > .col > .col-inner {\n  padding: 0px 0px 0px 0px;\n}\n<\/style>\n<\/div>\n\t\t<\/div>\n\n\t\t\n<style>\n#section_134983682 {\n  padding-top: 0px;\n  padding-bottom: 0px;\n}\n#section_134983682 .ux-shape-divider--top svg {\n  height: 150px;\n  --divider-top-width: 100%;\n}\n#section_134983682 .ux-shape-divider--bottom svg {\n  height: 150px;\n  --divider-width: 100%;\n}\n<\/style>\n\t<\/section>\n\t\n","protected":false},"excerpt":{"rendered":"","protected":false},"author":12,"featured_media":2563,"parent":3006,"menu_order":0,"comment_status":"closed","ping_status":"closed","template":"page-blank.php","meta":{"footnotes":""},"class_list":["post-4113","page","type-page","status-publish","has-post-thumbnail","hentry"],"_links":{"self":[{"href":"https:\/\/aprovacao.website\/frk\/wp-json\/wp\/v2\/pages\/4113","targetHints":{"allow":["GET"]}}],"collection":[{"href":"https:\/\/aprovacao.website\/frk\/wp-json\/wp\/v2\/pages"}],"about":[{"href":"https:\/\/aprovacao.website\/frk\/wp-json\/wp\/v2\/types\/page"}],"author":[{"embeddable":true,"href":"https:\/\/aprovacao.website\/frk\/wp-json\/wp\/v2\/users\/12"}],"replies":[{"embeddable":true,"href":"https:\/\/aprovacao.website\/frk\/wp-json\/wp\/v2\/comments?post=4113"}],"version-history":[{"count":11,"href":"https:\/\/aprovacao.website\/frk\/wp-json\/wp\/v2\/pages\/4113\/revisions"}],"predecessor-version":[{"id":4228,"href":"https:\/\/aprovacao.website\/frk\/wp-json\/wp\/v2\/pages\/4113\/revisions\/4228"}],"up":[{"embeddable":true,"href":"https:\/\/aprovacao.website\/frk\/wp-json\/wp\/v2\/pages\/3006"}],"wp:featuredmedia":[{"embeddable":true,"href":"https:\/\/aprovacao.website\/frk\/wp-json\/wp\/v2\/media\/2563"}],"wp:attachment":[{"href":"https:\/\/aprovacao.website\/frk\/wp-json\/wp\/v2\/media?parent=4113"}],"curies":[{"name":"wp","href":"https:\/\/api.w.org\/{rel}","templated":true}]}}