{"id":3006,"date":"2021-11-18T01:11:16","date_gmt":"2021-11-18T04:11:16","guid":{"rendered":"https:\/\/aprovacao.website\/frk\/?page_id=3006"},"modified":"2023-10-09T19:43:47","modified_gmt":"2023-10-09T22:43:47","slug":"areas-de-atuacao","status":"publish","type":"page","link":"https:\/\/aprovacao.website\/frk\/areas-de-atuacao\/","title":{"rendered":"\u00c1reas de Atua\u00e7\u00e3o"},"content":{"rendered":"  <div id=\"page-header-24000997\" class=\"page-header-wrapper\">\n  <div class=\"page-title dark featured-title\">\n\n        <div class=\"page-title-bg\">\n      <div class=\"title-bg fill bg-fill\"\n        data-parallax-container=\".page-title\"\n        data-parallax-background\n        data-parallax=\"-\">\n      <\/div>\n      <div class=\"title-overlay fill\"><\/div>\n    <\/div>\n    \n    <div class=\"page-title-inner container align-bottom flex-row medium-flex-wrap\" >\n              <div class=\"title-wrapper flex-col text-left medium-text-center\">\n          <h1 class=\"entry-title mb-0\">\n            \u00c1REAS DE ATUA\u00c7\u00c3O          <\/h1>\n        <\/div>\n                    <div class=\"title-content flex-col flex-right text-right medium-text-center\">\n        <div class=\"title-breadcrumbs pb-half pt-half\"><\/div>      <\/div>\n    <\/div>\n\n     \n<style>\n#page-header-24000997 .page-title-inner {\n  min-height: 120px;\n}\n#page-header-24000997 .title-bg {\n  background-image: url(https:\/\/aprovacao.website\/frk\/wp-content\/uploads\/2023\/10\/FRK_ATUACAO_linha-imagem-superior.jpg);\n}\n<\/style>\n  <\/div>\n    <\/div>\n  \n\t<section class=\"section\" id=\"section_1166274162\">\n\t\t<div class=\"bg section-bg fill bg-fill  bg-loaded\" >\n\n\t\t\t\n\t\t\t\n\t\t\t\n\n\t\t<\/div>\n\n\t\t\n\n\t\t<div class=\"section-content relative\">\n\t\t\t\n\t<div id=\"gap-767823555\" class=\"gap-element clearfix\" style=\"display:block; height:auto;\">\n\t\t\n<style>\n#gap-767823555 {\n  padding-top: 66px;\n}\n<\/style>\n\t<\/div>\n\t\n<div class=\"row\"  id=\"row-752283427\">\n\n\t<div id=\"col-540399799\" class=\"col small-12 large-12\"  >\n\t\t\t\t<div class=\"col-inner text-left\"  >\n\t\t\t\n\t\t\t\n<p>A equipe dedicada do<strong>\u00a0FRK Advogados<\/strong> \u00e9 especializada em uma ampla gama de \u00e1reas de pr\u00e1tica. Dentro das \u00e1reas legais atendidas pelos nossos profissionais, temos o conhecimento e a experi\u00eancia para fornecer orienta\u00e7\u00e3o e representa\u00e7\u00e3o excepcionais &#8211; nosso escrit\u00f3rio \u00e9 abrangente em uma vasta gama de assuntos que requerem assist\u00eancia jur\u00eddica. Com um hist\u00f3rico comprovado de sucesso, estamos prontos para navegar pelas complexidades do cen\u00e1rio jur\u00eddico em nome dos nossos clientes.<\/p>\n\t\t<\/div>\n\t\t\t\t\t<\/div>\n\n\t\n<\/div>\n<div class=\"row align-middle align-center\"  id=\"row-1659830028\">\n\n\t<div id=\"col-1253072352\" class=\"col medium-3 small-12 large-3\"  data-animate=\"fadeInUp\">\n\t\t\t\t<div class=\"col-inner\"  >\n\t\t\t\n\t\t\t\n\n\t<a class=\"plain\" href=\"https:\/\/aprovacao.website\/frk\/areas-de-atuacao\/advocacia-de-tribunal\/\"  >\t<div class=\"icon-box featured-box icon-box-center text-center is-large\"  style=\"margin:px px px px;\">\n\t\t\t\t\t<div class=\"icon-box-img\" style=\"width: 145px\">\n\t\t\t\t<div class=\"icon\">\n\t\t\t\t\t<div class=\"icon-inner\" style=\"color:rgb(143, 143, 143);\">\n\t\t\t\t\t\t<img loading=\"lazy\" decoding=\"async\" width=\"175\" height=\"175\" src=\"https:\/\/aprovacao.website\/frk\/wp-content\/uploads\/2023\/10\/FRK_ATUACAO_icone_direito-tribunal.png\" class=\"attachment-medium size-medium\" alt=\"\" srcset=\"https:\/\/aprovacao.website\/frk\/wp-content\/uploads\/2023\/10\/FRK_ATUACAO_icone_direito-tribunal.png 175w, https:\/\/aprovacao.website\/frk\/wp-content\/uploads\/2023\/10\/FRK_ATUACAO_icone_direito-tribunal-80x80.png 80w\" sizes=\"auto, (max-width: 175px) 100vw, 175px\" \/>\t\t\t\t\t<\/div>\n\t\t\t\t<\/div>\n\t\t\t<\/div>\n\t\t\t\t<div class=\"icon-box-text last-reset\">\n\t\t\t<h5 class=\"uppercase\">Advocacia de Tribunal<\/h5>\t\t\t\t\t\t\n\t<div id=\"gap-223446561\" class=\"gap-element clearfix\" style=\"display:block; height:auto;\">\n\t\t\n<style>\n#gap-223446561 {\n  padding-top: 30px;\n}\n<\/style>\n\t<\/div>\n\t\n\t\t<\/div>\n\t<\/div>\n\t<\/a>\n\t\n\t\t<\/div>\n\t\t\t\t\t<\/div>\n\n\t\n\n\t<div id=\"col-1296354618\" class=\"col medium-3 small-12 large-3\"  data-animate=\"fadeInUp\">\n\t\t\t\t<div class=\"col-inner\"  >\n\t\t\t\n\t\t\t\n\n\t<a class=\"plain\" href=\"https:\/\/aprovacao.website\/frk\/areas-de-atuacao\/mediacao\/\"  >\t<div class=\"icon-box featured-box icon-box-center text-center is-large\"  style=\"margin:px px px px;\">\n\t\t\t\t\t<div class=\"icon-box-img\" style=\"width: 145px\">\n\t\t\t\t<div class=\"icon\">\n\t\t\t\t\t<div class=\"icon-inner\" style=\"color:rgb(143, 143, 143);\">\n\t\t\t\t\t\t<img loading=\"lazy\" decoding=\"async\" width=\"174\" height=\"174\" src=\"https:\/\/aprovacao.website\/frk\/wp-content\/uploads\/2023\/09\/FRK_HOME_icone_mediacao.png\" class=\"attachment-medium size-medium\" alt=\"\" srcset=\"https:\/\/aprovacao.website\/frk\/wp-content\/uploads\/2023\/09\/FRK_HOME_icone_mediacao.png 174w, https:\/\/aprovacao.website\/frk\/wp-content\/uploads\/2023\/09\/FRK_HOME_icone_mediacao-80x80.png 80w\" sizes=\"auto, (max-width: 174px) 100vw, 174px\" \/>\t\t\t\t\t<\/div>\n\t\t\t\t<\/div>\n\t\t\t<\/div>\n\t\t\t\t<div class=\"icon-box-text last-reset\">\n\t\t\t<h5 class=\"uppercase\">media\u00e7\u00e3o<\/h5>\t\t\t\t\t\t\n\t<div id=\"gap-175568987\" class=\"gap-element clearfix\" style=\"display:block; height:auto;\">\n\t\t\n<style>\n#gap-175568987 {\n  padding-top: 30px;\n}\n<\/style>\n\t<\/div>\n\t\n\t\t<\/div>\n\t<\/div>\n\t<\/a>\n\t\n\t\t<\/div>\n\t\t\t\t\t<\/div>\n\n\t\n\n\t<div id=\"col-326075646\" class=\"col medium-3 small-12 large-3\"  data-animate=\"fadeInUp\">\n\t\t\t\t<div class=\"col-inner\"  >\n\t\t\t\n\t\t\t\n\n\t<a class=\"plain\" href=\"https:\/\/aprovacao.website\/frk\/areas-de-atuacao\/direito-empresarial\/\"  >\t<div class=\"icon-box featured-box icon-box-center text-center is-large\"  style=\"margin:px px px px;\">\n\t\t\t\t\t<div class=\"icon-box-img\" style=\"width: 145px\">\n\t\t\t\t<div class=\"icon\">\n\t\t\t\t\t<div class=\"icon-inner\" style=\"color:rgb(143, 143, 143);\">\n\t\t\t\t\t\t<img loading=\"lazy\" decoding=\"async\" width=\"174\" height=\"174\" src=\"https:\/\/aprovacao.website\/frk\/wp-content\/uploads\/2023\/09\/FRK_HOME_icone_direito-empresarial.png\" class=\"attachment-medium size-medium\" alt=\"\" srcset=\"https:\/\/aprovacao.website\/frk\/wp-content\/uploads\/2023\/09\/FRK_HOME_icone_direito-empresarial.png 174w, https:\/\/aprovacao.website\/frk\/wp-content\/uploads\/2023\/09\/FRK_HOME_icone_direito-empresarial-80x80.png 80w\" sizes=\"auto, (max-width: 174px) 100vw, 174px\" \/>\t\t\t\t\t<\/div>\n\t\t\t\t<\/div>\n\t\t\t<\/div>\n\t\t\t\t<div class=\"icon-box-text last-reset\">\n\t\t\t<h5 class=\"uppercase\">Direito Empresarial<\/h5>\t\t\t\t\t\t\n\t<div id=\"gap-426352129\" class=\"gap-element clearfix\" style=\"display:block; height:auto;\">\n\t\t\n<style>\n#gap-426352129 {\n  padding-top: 30px;\n}\n<\/style>\n\t<\/div>\n\t\n\t\t<\/div>\n\t<\/div>\n\t<\/a>\n\t\n\t\t<\/div>\n\t\t\t\t\t<\/div>\n\n\t\n\n\t<div id=\"col-731173558\" class=\"col medium-3 small-12 large-3\"  data-animate=\"fadeInUp\">\n\t\t\t\t<div class=\"col-inner\"  >\n\t\t\t\n\t\t\t\n\n\t<a class=\"plain\" href=\"https:\/\/aprovacao.website\/frk\/areas-de-atuacao\/direito-imobiliario\/\"  >\t<div class=\"icon-box featured-box icon-box-center text-center is-large\"  style=\"margin:px px px px;\">\n\t\t\t\t\t<div class=\"icon-box-img\" style=\"width: 145px\">\n\t\t\t\t<div class=\"icon\">\n\t\t\t\t\t<div class=\"icon-inner\" style=\"color:rgb(143, 143, 143);\">\n\t\t\t\t\t\t<img loading=\"lazy\" decoding=\"async\" width=\"174\" height=\"174\" src=\"https:\/\/aprovacao.website\/frk\/wp-content\/uploads\/2023\/09\/FRK_HOME_icone_direito-imobiliario.png\" class=\"attachment-medium size-medium\" alt=\"\" srcset=\"https:\/\/aprovacao.website\/frk\/wp-content\/uploads\/2023\/09\/FRK_HOME_icone_direito-imobiliario.png 174w, https:\/\/aprovacao.website\/frk\/wp-content\/uploads\/2023\/09\/FRK_HOME_icone_direito-imobiliario-80x80.png 80w\" sizes=\"auto, (max-width: 174px) 100vw, 174px\" \/>\t\t\t\t\t<\/div>\n\t\t\t\t<\/div>\n\t\t\t<\/div>\n\t\t\t\t<div class=\"icon-box-text last-reset\">\n\t\t\t<h5 class=\"uppercase\">direito imobili\u00e1rio<\/h5>\t\t\t\t\t\t\n\t<div id=\"gap-1456896495\" class=\"gap-element clearfix\" style=\"display:block; height:auto;\">\n\t\t\n<style>\n#gap-1456896495 {\n  padding-top: 30px;\n}\n<\/style>\n\t<\/div>\n\t\n\t\t<\/div>\n\t<\/div>\n\t<\/a>\n\t\n\t\t<\/div>\n\t\t\t\t\t<\/div>\n\n\t\n\n\t<div id=\"col-1641379688\" class=\"col medium-3 small-12 large-3\"  data-animate=\"fadeInUp\">\n\t\t\t\t<div class=\"col-inner\"  >\n\t\t\t\n\t\t\t\n\n\t<a class=\"plain\" href=\"https:\/\/aprovacao.website\/frk\/areas-de-atuacao\/direito-das-sucessoes\/\"  >\t<div class=\"icon-box featured-box icon-box-center text-center is-large\"  style=\"margin:px px px px;\">\n\t\t\t\t\t<div class=\"icon-box-img\" style=\"width: 145px\">\n\t\t\t\t<div class=\"icon\">\n\t\t\t\t\t<div class=\"icon-inner\" style=\"color:rgb(143, 143, 143);\">\n\t\t\t\t\t\t<img loading=\"lazy\" decoding=\"async\" width=\"174\" height=\"174\" src=\"https:\/\/aprovacao.website\/frk\/wp-content\/uploads\/2023\/09\/FRK_HOME_icone_direito-sucessoes.png\" class=\"attachment-medium size-medium\" alt=\"\" srcset=\"https:\/\/aprovacao.website\/frk\/wp-content\/uploads\/2023\/09\/FRK_HOME_icone_direito-sucessoes.png 174w, https:\/\/aprovacao.website\/frk\/wp-content\/uploads\/2023\/09\/FRK_HOME_icone_direito-sucessoes-80x80.png 80w\" sizes=\"auto, (max-width: 174px) 100vw, 174px\" \/>\t\t\t\t\t<\/div>\n\t\t\t\t<\/div>\n\t\t\t<\/div>\n\t\t\t\t<div class=\"icon-box-text last-reset\">\n\t\t\t<h5 class=\"uppercase\">direito das sucess\u00f5es<\/h5>\t\t\t\t\t\t\n\t<div id=\"gap-805940189\" class=\"gap-element clearfix\" style=\"display:block; height:auto;\">\n\t\t\n<style>\n#gap-805940189 {\n  padding-top: 30px;\n}\n<\/style>\n\t<\/div>\n\t\n\t\t<\/div>\n\t<\/div>\n\t<\/a>\n\t\n\t\t<\/div>\n\t\t\t\t\t<\/div>\n\n\t\n\n\t<div id=\"col-1044477291\" class=\"col medium-3 small-12 large-3\"  data-animate=\"fadeInUp\">\n\t\t\t\t<div class=\"col-inner\"  >\n\t\t\t\n\t\t\t\n\n\t<a class=\"plain\" href=\"https:\/\/aprovacao.website\/frk\/areas-de-atuacao\/direito-de-familia\/\"  >\t<div class=\"icon-box featured-box icon-box-center text-center is-large\"  style=\"margin:px px px px;\">\n\t\t\t\t\t<div class=\"icon-box-img\" style=\"width: 145px\">\n\t\t\t\t<div class=\"icon\">\n\t\t\t\t\t<div class=\"icon-inner\" style=\"color:rgb(143, 143, 143);\">\n\t\t\t\t\t\t<img loading=\"lazy\" decoding=\"async\" width=\"174\" height=\"174\" src=\"https:\/\/aprovacao.website\/frk\/wp-content\/uploads\/2023\/09\/FRK_HOME_icone_direito-familia.png\" class=\"attachment-medium size-medium\" alt=\"\" srcset=\"https:\/\/aprovacao.website\/frk\/wp-content\/uploads\/2023\/09\/FRK_HOME_icone_direito-familia.png 174w, https:\/\/aprovacao.website\/frk\/wp-content\/uploads\/2023\/09\/FRK_HOME_icone_direito-familia-80x80.png 80w\" sizes=\"auto, (max-width: 174px) 100vw, 174px\" \/>\t\t\t\t\t<\/div>\n\t\t\t\t<\/div>\n\t\t\t<\/div>\n\t\t\t\t<div class=\"icon-box-text last-reset\">\n\t\t\t<h5 class=\"uppercase\">direito de fam\u00edlia<\/h5>\t\t\t\t\t\t\n\t<div id=\"gap-892974184\" class=\"gap-element clearfix\" style=\"display:block; height:auto;\">\n\t\t\n<style>\n#gap-892974184 {\n  padding-top: 30px;\n}\n<\/style>\n\t<\/div>\n\t\n\t\t<\/div>\n\t<\/div>\n\t<\/a>\n\t\n\t\t<\/div>\n\t\t\t\t\t<\/div>\n\n\t\n\n\t<div id=\"col-1807471223\" class=\"col medium-3 small-12 large-3\"  data-animate=\"fadeInUp\">\n\t\t\t\t<div class=\"col-inner\"  >\n\t\t\t\n\t\t\t\n\n\t<a class=\"plain\" href=\"https:\/\/aprovacao.website\/frk\/areas-de-atuacao\/direito-civil\/\"  >\t<div class=\"icon-box featured-box icon-box-center text-center is-large\"  style=\"margin:px px px px;\">\n\t\t\t\t\t<div class=\"icon-box-img\" style=\"width: 145px\">\n\t\t\t\t<div class=\"icon\">\n\t\t\t\t\t<div class=\"icon-inner\" style=\"color:rgb(143, 143, 143);\">\n\t\t\t\t\t\t<img loading=\"lazy\" decoding=\"async\" width=\"174\" height=\"174\" src=\"https:\/\/aprovacao.website\/frk\/wp-content\/uploads\/2023\/09\/FRK_HOME_icone_direito-civil.png\" class=\"attachment-medium size-medium\" alt=\"\" srcset=\"https:\/\/aprovacao.website\/frk\/wp-content\/uploads\/2023\/09\/FRK_HOME_icone_direito-civil.png 174w, https:\/\/aprovacao.website\/frk\/wp-content\/uploads\/2023\/09\/FRK_HOME_icone_direito-civil-80x80.png 80w\" sizes=\"auto, (max-width: 174px) 100vw, 174px\" \/>\t\t\t\t\t<\/div>\n\t\t\t\t<\/div>\n\t\t\t<\/div>\n\t\t\t\t<div class=\"icon-box-text last-reset\">\n\t\t\t<h5 class=\"uppercase\">direito civil<\/h5>\t\t\t\t\t\t\n\t<div id=\"gap-1915403030\" class=\"gap-element clearfix\" style=\"display:block; height:auto;\">\n\t\t\n<style>\n#gap-1915403030 {\n  padding-top: 30px;\n}\n<\/style>\n\t<\/div>\n\t\n\t\t<\/div>\n\t<\/div>\n\t<\/a>\n\t\n\t\t<\/div>\n\t\t\t\t\t<\/div>\n\n\t\n\n<style>\n#row-1659830028 > .col > .col-inner {\n  padding: 0px 0px 0px 0px;\n}\n<\/style>\n<\/div>\n\t\t<\/div>\n\n\t\t\n<style>\n#section_1166274162 {\n  padding-top: 0px;\n  padding-bottom: 0px;\n}\n#section_1166274162 .ux-shape-divider--top svg {\n  height: 150px;\n  --divider-top-width: 100%;\n}\n#section_1166274162 .ux-shape-divider--bottom svg {\n  height: 150px;\n  --divider-width: 100%;\n}\n<\/style>\n\t<\/section>\n\t\n","protected":false},"excerpt":{"rendered":"","protected":false},"author":12,"featured_media":2698,"parent":0,"menu_order":0,"comment_status":"closed","ping_status":"closed","template":"page-blank.php","meta":{"footnotes":""},"class_list":["post-3006","page","type-page","status-publish","has-post-thumbnail","hentry"],"_links":{"self":[{"href":"https:\/\/aprovacao.website\/frk\/wp-json\/wp\/v2\/pages\/3006","targetHints":{"allow":["GET"]}}],"collection":[{"href":"https:\/\/aprovacao.website\/frk\/wp-json\/wp\/v2\/pages"}],"about":[{"href":"https:\/\/aprovacao.website\/frk\/wp-json\/wp\/v2\/types\/page"}],"author":[{"embeddable":true,"href":"https:\/\/aprovacao.website\/frk\/wp-json\/wp\/v2\/users\/12"}],"replies":[{"embeddable":true,"href":"https:\/\/aprovacao.website\/frk\/wp-json\/wp\/v2\/comments?post=3006"}],"version-history":[{"count":13,"href":"https:\/\/aprovacao.website\/frk\/wp-json\/wp\/v2\/pages\/3006\/revisions"}],"predecessor-version":[{"id":4191,"href":"https:\/\/aprovacao.website\/frk\/wp-json\/wp\/v2\/pages\/3006\/revisions\/4191"}],"wp:featuredmedia":[{"embeddable":true,"href":"https:\/\/aprovacao.website\/frk\/wp-json\/wp\/v2\/media\/2698"}],"wp:attachment":[{"href":"https:\/\/aprovacao.website\/frk\/wp-json\/wp\/v2\/media?parent=3006"}],"curies":[{"name":"wp","href":"https:\/\/api.w.org\/{rel}","templated":true}]}}